{"id":316,"date":"2020-09-24T11:27:19","date_gmt":"2020-09-24T11:27:19","guid":{"rendered":"https:\/\/www.alquera.com\/productos\/?page_id=316"},"modified":"2021-11-27T09:50:29","modified_gmt":"2021-11-27T09:50:29","slug":"filtros-agua","status":"publish","type":"page","link":"https:\/\/www.alquera.com\/de\/carbon-activo-en-polvo\/filtros-agua\/","title":{"rendered":"Aktivkohle-Wasserfilter"},"content":{"rendered":"<p><span id=\"Filtros_para_aire.2C_gas_comprimido_y_purificar_el_agua\" class=\"mw-headline\"><\/span>Filtration durch <a href=\"https:\/\/www.alquera.com\/de\/carbon-activo-en-polvo\/\">Aktivkohle<\/a> ist eines der am h\u00e4ufigsten eingesetzten Verfahren in der Wasseraufbereitung. Aktivkohle ist ein Material, das Verunreinigungen wie organische Stoffe entfernt, Ger\u00fcche beseitigt und den Geschmack des Trinkwassers verbessert.<\/p>\n<h3>DURCH AKTIVKOHLE ENTFERNTE STOFFE<\/h3>\n<p>Aktivkohle-Wasserfilter werden sehr effektiv zur Entfernung von sch\u00e4dlichen Chemikalien eingesetzt.  Aktivkohle wird zur Entfernung von Verunreinigungen und giftigen Stoffen bei der Wasseraufbereitung eingesetzt. Einige der Stoffe, die mit Aktivkohle entfernt werden, sind:<\/p>\n<ul type=\"circle\">\n<li>Unpolare Stoffe wie z. B.:\n<ul>\n<li>Mineral\u00f6l<\/li>\n<li>BTEX. Benzol, Toluol, Ethylbenzol und Xylol sind fl\u00fcchtige Verbindungen in Erd\u00f6lprodukten wie Benzin.<\/li>\n<li>Polyaromatische Kohlenwasserstoffe (PACs) - wie Benzol und Derivate. Benzol ist eine chemische Substanz, die als aromatisch bezeichnet wird. Es handelt sich um ein hochgiftiges Produkt, das als krebserregend und mit schwerwiegenden gesundheitlichen Folgen bekannt ist.<\/li>\n<li>(Chlorid) Phenol. Phenole sind Stoffe mit charakteristischem Geruch, die in Wasser wenig und in Alkohol oder Ether sehr gut l\u00f6slich sind.   Einige werden als Desinfektionsmittel verwendet, andere werden in der Natur gebildet, z. B. Tyrosin.<\/li>\n<\/ul>\n<\/li>\n<\/ul>\n<ul>\n<li>Adsorption von halogenierten Substanzen: I, Br, Cl, H und F. Halogene sind Elemente der Gruppe 17 des Periodensystems. Halogensalze sind z. B. Chloride, Jodide, Fluoride und Bromide.<\/li>\n<li>Ger\u00fcche und Geschm\u00e4cker. Erzeugt durch die oben genannten Chemikalien.<\/li>\n<li>Hefe<\/li>\n<li>Verschiedene Fermentationsprodukte<\/li>\n<\/ul>\n<h3>PRODUKTE, DIE NICHT DURCH AKTIVKOHLE ENTFERNT WERDEN<\/h3>\n<p>Der Aktivkohlefilter h\u00e4lt nicht alle sch\u00e4dlichen Schwermetalle und Nitrate zur\u00fcck. Es ist wichtig, den Filter zu den vom Hersteller angegebenen Zeiten zu wechseln, da die Aktivkohle sonst ihre Wirkung verliert.<\/p>\n<h2>HAUSHALTSWASSERFILTER<\/h2>\n<p>Ein Aktivkohlefilter f\u00fcr den Hausgebrauch kann sehr n\u00fctzlich sein, um Verunreinigungen zu entfernen und das Wasser zu reinigen. Besonders geeignet f\u00fcr die Entfernung von Chlor und Kalk, wenn beide Elemente ein Problem darstellen. Es gibt verschiedene Filter, von kleinen Filtern, die direkt am Wasserhahn installiert werden, bis hin zu gr\u00f6\u00dferen Filtern f\u00fcr die Wasseraufbereitung im Haus.<\/p>\n<p>Aktivkohlefilter, die am Ende des Wasserhahns platziert werden, sind aufgrund der geringen Menge an Aktivkohle, die sie enthalten, weniger leistungsf\u00e4hig als solche, die unter dem Waschbecken oder der Sp\u00fcle angebracht werden. Au\u00dferdem wird empfohlen, die Aktivkohlefilter doppelt so oft zu ersetzen wie vom Hersteller empfohlen. Filter, die \"warnen\", wenn es Zeit ist, den Filter zu wechseln, sind ungenau, und die S\u00e4ttigung und die daraus resultierende Verunreinigung des Wassers kann lange vor der Warnung eintreten.<\/p>\n<p>In jedem Fall ist es ratsam, sich vor dem Kauf eines Aktivkohlefilters dar\u00fcber klar zu werden, warum man ihn kauft und was man mit dem Filter erreichen will.<\/p>\n<h2>WASSERFILTER WASSERAUFBEREITUNG<\/h2>\n<p>Aktivkohle-Wasserfilter werden nicht nur im h\u00e4uslichen Bereich, sondern auch im industriellen Bereich zur Wasserfiltration eingesetzt.<\/p>\n<p>Aktivkohlefilter sind sehr wirksam bei der Entfernung verschiedener sch\u00e4dlicher Chemikalien. Zu diesen Chemikalien geh\u00f6ren Chlor, Benzol, Radon, Tri-Halogen-Methan-Verbindungen, fl\u00fcchtige organische Chemikalien wie Pestizide und Herbizide und Hunderte anderer vom Menschen hergestellter Chemikalien, die mit dem Leitungswasser in Kontakt kommen k\u00f6nnen, wenn es durch das System flie\u00dft.<\/p>\n<p>Die Bauform der Aktivkohlefilter ist ein- oder zweistufig, wobei die Aktivkohle das Filtermedium ist. Die g\u00e4ngigsten Konstruktionen verwenden ein- oder zweistufige Filter, bei denen Aktivkohle als Filtermedium eingesetzt wird.<\/p>\n<p>Auf industrieller Ebene w\u00fcrde die ben\u00f6tigte Menge an Aktivkohle etwa 1 bis 3 Kubikfu\u00df Aktivkohle f\u00fcr die Behandlung von 1 Million Liter Wasser betragen. Diese Daten beziehen sich auf Konzentrationen von freiem Chlor unter 1 ppm.<\/p>\n<p>Der saure Charakter und die Temperatur beeinflussen das Verhalten des Aktivkohlefilters. Die Aktivkohle verbessert sich bei niedrigerem pH-Wert (h\u00f6herer S\u00e4uregehalt) und niedrigerer Wassertemperatur.<\/p>\n<p>Die Lebensdauer eines Aktivkohlefilters sollte vom Hersteller angegeben werden, kann aber etwa zwischen 2500 und 4000 Litern Wasser variieren. Es gibt mehrere Faktoren, die sich direkt auf die Lebensdauer des Filters auswirken, wie die Gr\u00f6\u00dfe der Poren und die Gr\u00f6\u00dfe der zu filternden Partikel.<\/p>\n<h3 class=\"widget-title\">Kaufen <\/h3><div><div class=\"woocommerce\"><ul class=\"products columns-4\">\n<li class=\"desktop-align-left tablet-align-left mobile-align-left ast-product-gallery-layout-horizontal-slider ast-magnify-disabled ast-product-single-variable ast-product-tabs-layout-horizontal ast-qv-on-image product type-product post-495 status-publish first instock product_cat-productos-experimentos product_cat-productos has-post-thumbnail taxable shipping-taxable purchasable product-type-variable has-default-attributes\">\n\t<a href=\"https:\/\/www.alquera.com\/de\/permanganato-de-potasio\/\" class=\"woocommerce-LoopProduct-link woocommerce-loop-product__link\"><img loading=\"lazy\" decoding=\"async\" width=\"300\" height=\"300\" src=\"https:\/\/www.alquera.com\/wp-content\/uploads\/2016\/01\/permanganato-200g-foto-nueva-300x300.png\" class=\"attachment-woocommerce_thumbnail size-woocommerce_thumbnail\" alt=\"permanganato 200g\" srcset=\"https:\/\/www.alquera.com\/wp-content\/uploads\/2016\/01\/permanganato-200g-foto-nueva-300x300.png 300w, https:\/\/www.alquera.com\/wp-content\/uploads\/2016\/01\/permanganato-200g-foto-nueva-150x150.png 150w, https:\/\/www.alquera.com\/wp-content\/uploads\/2016\/01\/permanganato-200g-foto-nueva-12x12.png 12w, https:\/\/www.alquera.com\/wp-content\/uploads\/2016\/01\/permanganato-200g-foto-nueva-100x100.png 100w\" sizes=\"auto, (max-width: 300px) 100vw, 300px\" \/><h2 class=\"woocommerce-loop-product__title\">Kaliumpermanganat<\/h2><div class=\"review-rating\"><div class=\"star-rating\"><span style=\"width:100%\" data-no-translation=\"\" data-trp-gettext=\"\">Bewertet mit <strong class=\"rating\">5.00<\/strong> von 5<\/span><\/div><\/div>\n<\/a><a href=\"https:\/\/www.alquera.com\/de\/permanganato-de-potasio\/\" aria-describedby=\"woocommerce_loop_add_to_cart_link_describedby_495\" data-quantity=\"1\" class=\"button product_type_variable add_to_cart_button\" data-product_id=\"495\" data-product_sku=\"AL100111\" aria-label=\"W\u00e4hle Optionen f\u00fcr \u201ePermanganato de Potasio\u201c\" rel=\"nofollow\" data-no-translation=\"\" data-trp-gettext=\"\" data-no-translation-aria-label=\"\">Ausf\u00fchrung w\u00e4hlen<\/a>\t<span id=\"woocommerce_loop_add_to_cart_link_describedby_495\" class=\"screen-reader-text\">\n\t\tDieses Produkt weist mehrere Varianten auf. Die Optionen k\u00f6nnen auf der Produktseite gew\u00e4hlt werden\t<\/span>\n<\/li>\n<\/ul>\n<\/div><\/div>\n<p class=\"widget-title\">Mehr lesen<\/p><a href=\"https:\/\/www.alquera.com\/de\/carbon-activo-en-polvo\/\">Aktivkohle<\/a>\n<!-- Page-list plugin v.5.9 wordpress.org\/plugins\/page-list\/ -->\n<ul class=\"page-list siblings-page-list\">\n<li class=\"page_item page-item-313 menu-item\"><a href=\"https:\/\/www.alquera.com\/de\/carbon-activo-en-polvo\/acuarios\/\" class=\"menu-link\">Aktivkohle in Aquarien<\/a><\/li>\n<li class=\"page_item page-item-306 menu-item\"><a href=\"https:\/\/www.alquera.com\/de\/carbon-activo-en-polvo\/que-es-carbon-activo\/\" class=\"menu-link\">Aktivkohle. Anwendungen und Einsatzm\u00f6glichkeiten<\/a><\/li>\n<li class=\"page_item page-item-316 menu-item\"><a href=\"https:\/\/www.alquera.com\/de\/carbon-activo-en-polvo\/filtros-agua\/\" class=\"menu-link\">Aktivkohle-Wasserfilter<\/a><\/li>\n<li class=\"page_item page-item-321 menu-item\"><a href=\"https:\/\/www.alquera.com\/de\/carbon-activo-en-polvo\/filtros-aire\/\" class=\"menu-link\">Aktivkohle-Luftfilter<\/a><\/li>\n\n<\/ul>","protected":false},"excerpt":{"rendered":"<p>La filtraci\u00f3n a trav\u00e9s de carb\u00f3n activo es uno de los procesos utilizados comunmente en el tratamiento de agua. El carb\u00f3n activo es un material que elimina los contaminantes como la materia org\u00e1nica, y elimina los olores y se consigue que el agua potable tenga un mejor sabor. SUSTANCIAS ELIMINADAS CON EL CARB\u00d3N ACTIVO Los [&hellip;]<\/p>\n","protected":false},"author":1,"featured_media":0,"parent":32604,"menu_order":0,"comment_status":"open","ping_status":"closed","template":"","meta":{"_acf_changed":false,"site-sidebar-layout":"default","site-content-layout":"default","ast-site-content-layout":"default","site-content-style":"default","site-sidebar-style":"default","ast-global-header-display":"","ast-banner-title-visibility":"","ast-main-header-display":"","ast-hfb-above-header-display":"","ast-hfb-below-header-display":"","ast-hfb-mobile-header-display":"","site-post-title":"","ast-breadcrumbs-content":"","ast-featured-img":"","footer-sml-layout":"","ast-disable-related-posts":"","theme-transparent-header-meta":"default","adv-header-id-meta":"","stick-header-meta":"default","header-above-stick-meta":"","header-main-stick-meta":"","header-below-stick-meta":"","astra-migrate-meta-layouts":"default","ast-page-background-enabled":"default","ast-page-background-meta":{"desktop":{"background-color":"var(--ast-global-color-4)","background-image":"","background-repeat":"repeat","background-position":"center center","background-size":"auto","background-attachment":"scroll","background-type":"","background-media":"","overlay-type":"","overlay-color":"","overlay-opacity":"","overlay-gradient":""},"tablet":{"background-color":"","background-image":"","background-repeat":"repeat","background-position":"center center","background-size":"auto","background-attachment":"scroll","background-type":"","background-media":"","overlay-type":"","overlay-color":"","overlay-opacity":"","overlay-gradient":""},"mobile":{"background-color":"","background-image":"","background-repeat":"repeat","background-position":"center center","background-size":"auto","background-attachment":"scroll","background-type":"","background-media":"","overlay-type":"","overlay-color":"","overlay-opacity":"","overlay-gradient":""}},"ast-content-background-meta":{"desktop":{"background-color":"var(--ast-global-color-5)","background-image":"","background-repeat":"repeat","background-position":"center center","background-size":"auto","background-attachment":"scroll","background-type":"","background-media":"","overlay-type":"","overlay-color":"","overlay-opacity":"","overlay-gradient":""},"tablet":{"background-color":"var(--ast-global-color-5)","background-image":"","background-repeat":"repeat","background-position":"center center","background-size":"auto","background-attachment":"scroll","background-type":"","background-media":"","overlay-type":"","overlay-color":"","overlay-opacity":"","overlay-gradient":""},"mobile":{"background-color":"var(--ast-global-color-5)","background-image":"","background-repeat":"repeat","background-position":"center center","background-size":"auto","background-attachment":"scroll","background-type":"","background-media":"","overlay-type":"","overlay-color":"","overlay-opacity":"","overlay-gradient":""}},"footnotes":""},"class_list":["post-316","page","type-page","status-publish","hentry"],"acf":[],"yoast_head":"<!-- This site is optimized with the Yoast SEO Premium plugin v27.1 (Yoast SEO v27.1.1) - https:\/\/yoast.com\/product\/yoast-seo-premium-wordpress\/ -->\n<title>Filtros de Agua de Carb\u00f3n Activo - Alquera.com<\/title>\n<meta name=\"robots\" content=\"index, follow, max-snippet:-1, max-image-preview:large, max-video-preview:-1\" \/>\n<link rel=\"canonical\" href=\"https:\/\/www.alquera.com\/de\/carbon-activo-en-polvo\/filtros-agua\/\" \/>\n<meta property=\"og:locale\" content=\"de_DE\" \/>\n<meta property=\"og:type\" content=\"article\" \/>\n<meta property=\"og:title\" content=\"Filtros de Agua de Carb\u00f3n Activo\" \/>\n<meta property=\"og:description\" content=\"La filtraci\u00f3n a trav\u00e9s de carb\u00f3n activo es uno de los procesos utilizados comunmente en el tratamiento de agua. El carb\u00f3n activo es un material que elimina los contaminantes como la materia org\u00e1nica, y elimina los olores y se consigue que el agua potable tenga un mejor sabor. SUSTANCIAS ELIMINADAS CON EL CARB\u00d3N ACTIVO Los [&hellip;]\" \/>\n<meta property=\"og:url\" content=\"https:\/\/www.alquera.com\/de\/carbon-activo-en-polvo\/filtros-agua\/\" \/>\n<meta property=\"og:site_name\" content=\"Alquera.com\" \/>\n<meta property=\"article:publisher\" content=\"https:\/\/www.facebook.com\/alqueraciencia\" \/>\n<meta property=\"article:modified_time\" content=\"2021-11-27T09:50:29+00:00\" \/>\n<meta name=\"twitter:card\" content=\"summary_large_image\" \/>\n<meta name=\"twitter:label1\" content=\"Gesch\u00e4tzte Lesezeit\" \/>\n\t<meta name=\"twitter:data1\" content=\"4\u00a0Minuten\" \/>\n<script type=\"application\/ld+json\" class=\"yoast-schema-graph\">{\"@context\":\"https:\/\/schema.org\",\"@graph\":[{\"@type\":\"WebPage\",\"@id\":\"https:\/\/www.alquera.com\/carbon-activo-en-polvo\/filtros-agua\/\",\"url\":\"https:\/\/www.alquera.com\/carbon-activo-en-polvo\/filtros-agua\/\",\"name\":\"Filtros de Agua de Carb\u00f3n Activo - Alquera.com\",\"isPartOf\":{\"@id\":\"https:\/\/www.alquera.com\/en\/#website\"},\"datePublished\":\"2020-09-24T11:27:19+00:00\",\"dateModified\":\"2021-11-27T09:50:29+00:00\",\"breadcrumb\":{\"@id\":\"https:\/\/www.alquera.com\/carbon-activo-en-polvo\/filtros-agua\/#breadcrumb\"},\"inLanguage\":\"de\",\"potentialAction\":[{\"@type\":\"ReadAction\",\"target\":[\"https:\/\/www.alquera.com\/carbon-activo-en-polvo\/filtros-agua\/\"]}]},{\"@type\":\"BreadcrumbList\",\"@id\":\"https:\/\/www.alquera.com\/carbon-activo-en-polvo\/filtros-agua\/#breadcrumb\",\"itemListElement\":[{\"@type\":\"ListItem\",\"position\":1,\"name\":\"Inicio\",\"item\":\"https:\/\/www.alquera.com\/\"},{\"@type\":\"ListItem\",\"position\":2,\"name\":\"Carb\u00f3n Activo\",\"item\":\"https:\/\/www.alquera.com\/carbon-activo-en-polvo\/\"},{\"@type\":\"ListItem\",\"position\":3,\"name\":\"Filtros de Agua de Carb\u00f3n Activo\"}]},{\"@type\":\"WebSite\",\"@id\":\"https:\/\/www.alquera.com\/en\/#website\",\"url\":\"https:\/\/www.alquera.com\/en\/\",\"name\":\"Alquera.com\",\"description\":\"Tienda Online Productos Qu\u00edmicos y Material de Laboratorio\",\"publisher\":{\"@id\":\"https:\/\/www.alquera.com\/en\/#organization\"},\"potentialAction\":[{\"@type\":\"SearchAction\",\"target\":{\"@type\":\"EntryPoint\",\"urlTemplate\":\"https:\/\/www.alquera.com\/en\/?s={search_term_string}\"},\"query-input\":{\"@type\":\"PropertyValueSpecification\",\"valueRequired\":true,\"valueName\":\"search_term_string\"}}],\"inLanguage\":\"de\"},{\"@type\":\"Organization\",\"@id\":\"https:\/\/www.alquera.com\/en\/#organization\",\"name\":\"ALQUERA CIENCIA SL\",\"url\":\"https:\/\/www.alquera.com\/en\/\",\"logo\":{\"@type\":\"ImageObject\",\"inLanguage\":\"de\",\"@id\":\"https:\/\/www.alquera.com\/en\/#\/schema\/logo\/image\/\",\"url\":\"https:\/\/www.alquera.com\/wp-content\/uploads\/2020\/11\/logo_300_ancho.png\",\"contentUrl\":\"https:\/\/www.alquera.com\/wp-content\/uploads\/2020\/11\/logo_300_ancho.png\",\"width\":300,\"height\":86,\"caption\":\"ALQUERA CIENCIA SL\"},\"image\":{\"@id\":\"https:\/\/www.alquera.com\/en\/#\/schema\/logo\/image\/\"},\"sameAs\":[\"https:\/\/www.facebook.com\/alqueraciencia\",\"https:\/\/www.instagram.com\/alquera_ciencia\/\",\"https:\/\/www.youtube.com\/c\/alquera\"]}]}<\/script>\n<!-- \/ Yoast SEO Premium plugin. -->","yoast_head_json":{"title":"Aktivkohle-Wasserfilter - Alquera.com","robots":{"index":"index","follow":"follow","max-snippet":"max-snippet:-1","max-image-preview":"max-image-preview:large","max-video-preview":"max-video-preview:-1"},"canonical":"https:\/\/www.alquera.com\/de\/carbon-activo-en-polvo\/filtros-agua\/","og_locale":"de_DE","og_type":"article","og_title":"Filtros de Agua de Carb\u00f3n Activo","og_description":"La filtraci\u00f3n a trav\u00e9s de carb\u00f3n activo es uno de los procesos utilizados comunmente en el tratamiento de agua. El carb\u00f3n activo es un material que elimina los contaminantes como la materia org\u00e1nica, y elimina los olores y se consigue que el agua potable tenga un mejor sabor. SUSTANCIAS ELIMINADAS CON EL CARB\u00d3N ACTIVO Los [&hellip;]","og_url":"https:\/\/www.alquera.com\/de\/carbon-activo-en-polvo\/filtros-agua\/","og_site_name":"Alquera.com","article_publisher":"https:\/\/www.facebook.com\/alqueraciencia","article_modified_time":"2021-11-27T09:50:29+00:00","twitter_card":"summary_large_image","twitter_misc":{"Gesch\u00e4tzte Lesezeit":"4\u00a0Minuten"},"schema":{"@context":"https:\/\/schema.org","@graph":[{"@type":"WebPage","@id":"https:\/\/www.alquera.com\/carbon-activo-en-polvo\/filtros-agua\/","url":"https:\/\/www.alquera.com\/carbon-activo-en-polvo\/filtros-agua\/","name":"Aktivkohle-Wasserfilter - Alquera.com","isPartOf":{"@id":"https:\/\/www.alquera.com\/en\/#website"},"datePublished":"2020-09-24T11:27:19+00:00","dateModified":"2021-11-27T09:50:29+00:00","breadcrumb":{"@id":"https:\/\/www.alquera.com\/carbon-activo-en-polvo\/filtros-agua\/#breadcrumb"},"inLanguage":"de","potentialAction":[{"@type":"ReadAction","target":["https:\/\/www.alquera.com\/carbon-activo-en-polvo\/filtros-agua\/"]}]},{"@type":"BreadcrumbList","@id":"https:\/\/www.alquera.com\/carbon-activo-en-polvo\/filtros-agua\/#breadcrumb","itemListElement":[{"@type":"ListItem","position":1,"name":"Inicio","item":"https:\/\/www.alquera.com\/"},{"@type":"ListItem","position":2,"name":"Carb\u00f3n Activo","item":"https:\/\/www.alquera.com\/carbon-activo-en-polvo\/"},{"@type":"ListItem","position":3,"name":"Filtros de Agua de Carb\u00f3n Activo"}]},{"@type":"WebSite","@id":"https:\/\/www.alquera.com\/en\/#website","url":"https:\/\/www.alquera.com\/en\/","name":"Alquera.com","description":"Online Shop Chemische Produkte und Laborger\u00e4te","publisher":{"@id":"https:\/\/www.alquera.com\/en\/#organization"},"potentialAction":[{"@type":"SearchAction","target":{"@type":"EntryPoint","urlTemplate":"https:\/\/www.alquera.com\/en\/?s={search_term_string}"},"query-input":{"@type":"PropertyValueSpecification","valueRequired":true,"valueName":"search_term_string"}}],"inLanguage":"de"},{"@type":"Organization","@id":"https:\/\/www.alquera.com\/en\/#organization","name":"ALQUERA CIENCIA SL","url":"https:\/\/www.alquera.com\/en\/","logo":{"@type":"ImageObject","inLanguage":"de","@id":"https:\/\/www.alquera.com\/en\/#\/schema\/logo\/image\/","url":"https:\/\/www.alquera.com\/wp-content\/uploads\/2020\/11\/logo_300_ancho.png","contentUrl":"https:\/\/www.alquera.com\/wp-content\/uploads\/2020\/11\/logo_300_ancho.png","width":300,"height":86,"caption":"ALQUERA CIENCIA SL"},"image":{"@id":"https:\/\/www.alquera.com\/en\/#\/schema\/logo\/image\/"},"sameAs":["https:\/\/www.facebook.com\/alqueraciencia","https:\/\/www.instagram.com\/alquera_ciencia\/","https:\/\/www.youtube.com\/c\/alquera"]}]}},"_links":{"self":[{"href":"https:\/\/www.alquera.com\/de\/wp-json\/wp\/v2\/pages\/316","targetHints":{"allow":["GET"]}}],"collection":[{"href":"https:\/\/www.alquera.com\/de\/wp-json\/wp\/v2\/pages"}],"about":[{"href":"https:\/\/www.alquera.com\/de\/wp-json\/wp\/v2\/types\/page"}],"author":[{"embeddable":true,"href":"https:\/\/www.alquera.com\/de\/wp-json\/wp\/v2\/users\/1"}],"replies":[{"embeddable":true,"href":"https:\/\/www.alquera.com\/de\/wp-json\/wp\/v2\/comments?post=316"}],"version-history":[{"count":3,"href":"https:\/\/www.alquera.com\/de\/wp-json\/wp\/v2\/pages\/316\/revisions"}],"predecessor-version":[{"id":36212,"href":"https:\/\/www.alquera.com\/de\/wp-json\/wp\/v2\/pages\/316\/revisions\/36212"}],"up":[{"embeddable":true,"href":"https:\/\/www.alquera.com\/de\/wp-json\/wp\/v2\/pages\/32604"}],"wp:attachment":[{"href":"https:\/\/www.alquera.com\/de\/wp-json\/wp\/v2\/media?parent=316"}],"curies":[{"name":"wp","href":"https:\/\/api.w.org\/{rel}","templated":true}]}}