{"id":32517,"date":"2020-12-31T10:55:52","date_gmt":"2020-12-31T10:55:52","guid":{"rendered":"https:\/\/www.alquera.com\/?page_id=32517"},"modified":"2026-03-14T15:59:18","modified_gmt":"2026-03-14T15:59:18","slug":"productos-quimicos","status":"publish","type":"page","link":"https:\/\/www.alquera.com\/de\/productos-quimicos\/","title":{"rendered":"Alle Produkte"},"content":{"rendered":"<p>Encuentra en Alquera un amplio cat\u00e1logo de productos qu\u00edmicos. Puedes encontrar el producto qu\u00edmico que buscas, navegando aqu\u00ed abajo a trav\u00e9s del nombre. Encontrar\u00e1s diferentes formatos. Realiza la compra directamente online siguiendo los pasos que se indican. Los env\u00edos se realizan en 24\/48h de recibir el pedido. Para cualquier duda sobre el funcionamiento de Alquera escr\u00edbenos a info@alquera.com o a trav\u00e9s de alguno de los <a href=\"https:\/\/www.alquera.com\/de\/contactenos\/\">medios de contacto<\/a>. Puedes buscar tambi\u00e9n todos los productos a trav\u00e9s del <a href=\"https:\/\/www.alquera.com\/de\/msds\/\">CAS, MSDS, Ficha T\u00e9cnica<\/a>.<\/p>\n<div class=\"rte3\">\n<div class=\"gloslistrow\">\n<div class=\"gloslist\">\n<p class=\"glostitle\">A<\/p>\n<ul class=\"gloslista\">\n<li><a href=\"https:\/\/www.alquera.com\/de\/acetato-de-sodio\/\">Natriumacetat<\/a><\/li>\n<li><a href=\"https:\/\/www.alquera.com\/de\/acido-citrico\/\">Zitronens\u00e4ure<\/a><\/li>\n<li><a href=\"https:\/\/www.alquera.com\/de\/acido-oxalico\/\">Oxals\u00e4ure<\/a><\/li>\n<li><a href=\"https:\/\/www.alquera.com\/de\/acido-fosforico\/\">Phosphors\u00e4ure<\/a><\/li>\n<li><a href=\"https:\/\/www.alquera.com\/de\/alcohol-isopropilico\/\">Isopropylalkohol<\/a><\/li>\n<li><a href=\"https:\/\/www.alquera.com\/de\/alcohol-polivinilico\/\">Polyvinylalkohol<\/a><\/li>\n<li><a href=\"https:\/\/www.alquera.com\/de\/alumbre-en-polvo\/\">Alaun-Pulver<\/a><\/li>\n<li><a href=\"https:\/\/www.alquera.com\/de\/azufre-micronizado-tecnico\/\">Mikronisiertes Schwefelpulver<\/a><\/li>\n<li><a href=\"https:\/\/www.alquera.com\/de\/azul-de-metileno\/\">Methylenblau-Pulver<\/a><\/li>\n<li><a href=\"https:\/\/www.alquera.com\/de\/azul-de-metileno-1\/\">Methylenblau 1%\/\/ Methylenblau 1%\/<\/a><\/li>\n<li><a href=\"https:\/\/www.alquera.com\/de\/azul-de-bromotimol-solucion-004\/\">Azul de Bromotimol 0,04%<\/a><\/li>\n<\/ul>\n<\/div>\n<div class=\"gloslist\">\n<p class=\"glostitle\">B<\/p>\n<ul class=\"gloslista\">\n<li><a href=\"https:\/\/www.alquera.com\/de\/bicarbonato-de-potasio\/\">Kaliumhydrogencarbonat<\/a><\/li>\n<li><a href=\"https:\/\/www.alquera.com\/de\/bicarbonato-de-sodio\/\">Natriumbikarbonat<\/a><\/li>\n<li><a href=\"https:\/\/www.alquera.com\/de\/bisulfito-de-sodio\/\">Natriumbisulfit fl\u00fcssig<\/a><\/li>\n<li><a href=\"https:\/\/www.alquera.com\/de\/bisulfato-de-sodio\/\">Natriumbisulfat<\/a><\/li>\n<li><a href=\"https:\/\/www.alquera.com\/de\/bolas-gel\/\">Gel-Kugeln<\/a><\/li>\n<li><a href=\"https:\/\/www.alquera.com\/de\/borax\/\">Borax<\/a><\/li>\n<li><a href=\"https:\/\/www.alquera.com\/de\/brilliant-blue-fcf-granular\/\">Brillantblau FCF<\/a><\/li>\n<\/ul>\n<\/div>\n<div class=\"gloslist\">\n<p class=\"glostitle\">C<\/p>\n<ul class=\"gloslista\">\n<li><a href=\"https:\/\/www.alquera.com\/de\/carbon-activo\/\">Aktivkohle (Korn, Pulver und Pellets)<\/a><\/li>\n<li><a href=\"https:\/\/www.alquera.com\/de\/carbonato-de-calcio\/\">Kalziumkarbonat<\/a><\/li>\n<li><a href=\"https:\/\/www.alquera.com\/de\/carbonato-potasio\/\">Kaliumkarbonat<\/a><\/li>\n<li><a href=\"https:\/\/www.alquera.com\/de\/carbonato-de-sodio\/\">Natriumkarbonat<\/a><\/li>\n<li><a href=\"https:\/\/www.alquera.com\/de\/chapas-de-hierro\/\">Eisenplatten<\/a><\/li>\n<li><a href=\"https:\/\/www.alquera.com\/de\/citrato-ferrico-amoniacal\/\">Ammoniumeisenzitrat<\/a><\/li>\n<li><a href=\"https:\/\/www.alquera.com\/de\/cloruro-de-calcio\/\">Kalziumchlorid<\/a><\/li>\n<li><a href=\"https:\/\/www.alquera.com\/de\/cloruro-de-magnesio\/\">Magensiumchlorid<\/a><\/li>\n<li><a href=\"https:\/\/www.alquera.com\/de\/cloruro-sodio\/\">Natriumchlorid<\/a><\/li>\n<li><a href=\"https:\/\/www.alquera.com\/de\/colorantes-alimentarios\/\">Lebensmittelfarben<\/a><\/li>\n<li><a href=\"https:\/\/www.alquera.com\/de\/colorantes-pigmentos\/\">Farbstoffe und Pigmente<\/a><\/li>\n<li><a href=\"https:\/\/www.alquera.com\/de\/cucharas-medidoras-de-plastico-10ml\/\">Messl\u00f6ffel Kunststoff<\/a><\/li>\n<\/ul>\n<\/div>\n<\/div>\n<div class=\"gloslistrow\">\n<div class=\"gloslist\">\n<p class=\"glostitle\">D-E<\/p>\n<ul class=\"gloslista\">\n<li><a href=\"https:\/\/www.alquera.com\/de\/desmoldeante-moldes-de-silicona\/\">Trennmittel<\/a><\/li>\n<li><a href=\"https:\/\/www.alquera.com\/de\/polidimetilsiloxano-dimeticona\/\">Dimethicon - Dimethylsiloxan<\/a><\/li>\n<li><a href=\"https:\/\/www.alquera.com\/de\/microespatula-cuchara-acero-inox-l-200-mm\/\">Borosilikat-Trichter<\/a><\/li>\n<li><a href=\"https:\/\/www.alquera.com\/de\/embudo-vidrio\/\">Laborspatel<\/a><\/li>\n<li><a href=\"https:\/\/www.alquera.com\/de\/quelato-de-hierro-eddha\/\">EDDHA 6% - Eisenchelat<\/a><\/li>\n<li><a href=\"https:\/\/www.alquera.com\/de\/edta-sal-disodica-001-mol\/\">EDTA Dinatriumsalz 0,01 mol\/l (0,01M) titrierte L\u00f6sung<\/a> (LAB)<\/li>\n<\/ul>\n<\/div>\n<div class=\"gloslist\">\n<p class=\"glostitle\">F<\/p>\n<ul class=\"gloslista\">\n<li><a href=\"https:\/\/www.alquera.com\/de\/ferricianuro-de-potasa-rojo\/\">Kaliumhexacyanoferrat Rot<\/a><\/li>\n<li><a href=\"https:\/\/www.alquera.com\/de\/fenoftaleina-02\/\">Fenoftale\u00edna al 0,02%en metanol<\/a><\/li>\n<li><a href=\"https:\/\/www.alquera.com\/de\/fluoresceina-sodica\/\">Fluorescein-Natrium-Pulver<\/a><\/li>\n<li><a href=\"https:\/\/www.alquera.com\/de\/fluoresceina-sodica-al-1\/\">Fluorescein-Natrium 1%<\/a><\/li>\n<li><a href=\"https:\/\/www.alquera.com\/de\/fosfato-monoamonico\/\">Monoammonium-Phosphat<\/a><\/li>\n<li><a href=\"https:\/\/www.alquera.com\/de\/fosfato-monopotasico\/\">Monokaliumphosphat<\/a><\/li>\n<\/ul>\n<\/div>\n<div class=\"gloslist\">\n<p class=\"glostitle\">G<\/p>\n<ul class=\"gloslista\">\n<li><a href=\"https:\/\/www.alquera.com\/de\/glicerina\/\">Glyzerin<\/a><\/li>\n<li><a href=\"https:\/\/www.alquera.com\/de\/gradilla-blanca-plastico-8-agujeros\/\">Wei\u00dfes Kunststoffregal 8 L\u00f6cher<\/a><\/li>\n<li><a href=\"https:\/\/www.alquera.com\/de\/goma-arabiga-en-polvo\/\">Gummi Arabicum Pulver<\/a><\/li>\n<\/ul>\n<\/div>\n<\/div>\n<div class=\"gloslistrow\">\n<div class=\"gloslist\">\n<p class=\"glostitle\">H<\/p>\n<ul class=\"gloslista\">\n<li><a href=\"https:\/\/www.alquera.com\/de\/hidrogel\/\">Hydrogel<\/a><\/li>\n<li><a href=\"https:\/\/www.alquera.com\/de\/hidroxido-de-potasio-1kg\/\">Kaliumhydroxid<\/a><\/li>\n<li><a href=\"https:\/\/www.alquera.com\/de\/hiposulfito-de-sodio\/\">Natriumhyposulfit<\/a><\/li>\n<li><a href=\"https:\/\/www.alquera.com\/de\/hidroxido-de-sodio\/\">Natriumhydroxid<\/a><\/li>\n<li>Eisen (<a href=\"https:\/\/www.alquera.com\/de\/chapas-de-hierro\/\">Abzeichen<\/a>, <a href=\"https:\/\/www.alquera.com\/de\/limaduras-de-hierro\/\">Anmeldungen<\/a>, <a href=\"https:\/\/www.alquera.com\/de\/polvos-de-hierro\/\">Staub<\/a>)<\/li>\n<\/ul>\n<\/div>\n<div class=\"gloslist\">\n<p class=\"glostitle\">I-J-K<\/p>\n<ul class=\"gloslista\">\n<li><a href=\"https:\/\/www.alquera.com\/de\/imanes-neodimio\/\">Neodym-Magnete<\/a><\/li>\n<li><a href=\"https:\/\/www.alquera.com\/de\/jarra-medidora-de-polipropileno\/\">Polypropylen-Gef\u00e4\u00df<\/a><\/li>\n<li><a href=\"https:\/\/www.alquera.com\/de\/jeringas-para-medicion-liquidos\/\">Fl\u00fcssigkeitsmessspritzen<\/a><\/li>\n<li><a href=\"https:\/\/www.alquera.com\/de\/kelamix-complex\/\">Kelamix<\/a><\/li>\n<li><a href=\"https:\/\/www.alquera.com\/de\/kit-escolar-electrico\/\">Elektrischer Schulbaukasten<\/a><\/li>\n<\/ul>\n<\/div>\n<div class=\"gloslistrow\">\n<div class=\"gloslist\">\n<p class=\"glostitle\">M<\/p>\n<ul>\n<li><a href=\"https:\/\/www.alquera.com\/de\/material-de-laboratorio\/\">Laborausr\u00fcstung<\/a><\/li>\n<li><a href=\"https:\/\/www.alquera.com\/de\/matraz-aforado\/\">Messkolben (mit Stopfen)<\/a><\/li>\n<li><a href=\"https:\/\/www.alquera.com\/de\/matraz-erlenmeyer-cuello-estrecho\/\">Erlenmeyerkolben<\/a><\/li>\n<li><a href=\"https:\/\/www.alquera.com\/de\/medidor-de-ph\/\">pH-Meter<\/a><\/li>\n<li><a href=\"https:\/\/www.alquera.com\/de\/medidor-de-tds-solidos-disueltos\/\">TDS - Messger\u00e4t f\u00fcr gel\u00f6ste Feststoffe<\/a><\/li>\n<li><a href=\"https:\/\/www.alquera.com\/de\/metabisulfito-de-sodio\/\">Natriummetabisulfit<\/a><\/li>\n<li><a href=\"https:\/\/www.alquera.com\/de\/micorrizas\/\">Mykorrhiza in Tablettenform<\/a><\/li>\n<li><a href=\"https:\/\/www.alquera.com\/de\/micorrizas-polvo\/\">Mykorrhiza-Pulver<\/a><\/li>\n<\/ul>\n<\/div>\n<div class=\"gloslist\">\n<p class=\"glostitle\">N<\/p>\n<ul class=\"gloslista\">\n<li><a href=\"https:\/\/www.alquera.com\/de\/negro-de-eriocromo\/\">Eriochrom Schwarz 1%<\/a> (LAB)<\/li>\n<li><a href=\"https:\/\/www.alquera.com\/de\/nieve-artificial\/\">K\u00fcnstlicher Schnee<\/a><\/li>\n<li><a href=\"https:\/\/www.alquera.com\/de\/nitrato-de-calcio\/\">Kalziumnitrat<\/a><\/li>\n<li><a href=\"https:\/\/www.alquera.com\/de\/nitrato-de-cobre\/\">Kupfernitrat<\/a><\/li>\n<li><a href=\"https:\/\/www.alquera.com\/de\/nitrato-de-hierro\/\">Eisennitrat<\/a><\/li>\n<li><a href=\"https:\/\/www.alquera.com\/de\/nitrato-de-plata\/\">Silbernitrat<\/a><\/li>\n<li><a href=\"https:\/\/www.alquera.com\/de\/nitrato-de-potasio\/\">Kaliumnitrat<\/a><\/li>\n<\/ul>\n<\/div>\n<div class=\"gloslist\">\n<p class=\"glostitle\">L<\/p>\n<ul class=\"gloslista\">\n<li><a href=\"https:\/\/www.alquera.com\/de\/limaduras-de-hierro\/\"> Eisenfeilsp\u00e4ne<\/a><\/li>\n<li><a href=\"https:\/\/www.alquera.com\/de\/linterna-luz-ultravioleta\/\"> Ultraviolett-Taschenlampe<\/a><\/li>\n<\/ul>\n<\/div>\n<\/div>\n<div class=\"gloslistrow\">\n<div class=\"gloslist\">\n<p class=\"glostitle\">O<\/p>\n<ul class=\"gloslista\">\n<li><a href=\"https:\/\/www.alquera.com\/de\/oxido-de-cerio\/\">Ceriumoxid<\/a><\/li>\n<li><a href=\"https:\/\/www.alquera.com\/de\/oxido-de-aluminio\/\">Aluminium-Oxid<\/a><\/li>\n<\/ul>\n<\/div>\n<div class=\"gloslist\">\n<p class=\"glostitle\">P<\/p>\n<ul class=\"gloslista\">\n<li><a href=\"https:\/\/www.alquera.com\/de\/parafina-para-velas\/\">Paraffinwachs f\u00fcr Kerzen<\/a><\/li>\n<li><a href=\"https:\/\/www.alquera.com\/de\/permanganato-de-potasio\/\">Kaliumpermanganat<\/a><\/li>\n<li><a href=\"https:\/\/www.alquera.com\/de\/peroxido-de-hidrogeno-30\/\">Per\u00f3xido de Hidrog\u00e9no 30%\u00a0<\/a><\/li>\n<li><a href=\"https:\/\/www.alquera.com\/de\/poliacrilamida\/\"> Anionisches Polyacrylamid<\/a><\/li>\n<li><a href=\"https:\/\/www.alquera.com\/de\/poliacrilamida-cationica\/\">Kationisches Polyacrylamid<\/a><\/li>\n<li><a href=\"https:\/\/www.alquera.com\/de\/poliacrilato-de-potasio\/\"> Kaliumpolyacrylat <\/a><\/li>\n<li><a href=\"https:\/\/www.alquera.com\/de\/poliacrilato-de-sodio\/\"> Natrium-Polyacrylat<\/a><\/li>\n<li><a href=\"https:\/\/www.alquera.com\/de\/polidimetilsiloxano-dimeticona\/\">Polydimethylsiloxan - Dimethicon<\/a><\/li>\n<li><a href=\"https:\/\/www.alquera.com\/de\/polvos-de-hierro\/\"> Eisen-Pulver<\/a><\/li>\n<li><a href=\"https:\/\/www.alquera.com\/de\/polvo-de-zinc\/\">Zink-Pulver<\/a><\/li>\n<\/ul>\n<\/div>\n<div class=\"gloslist\">\n<p class=\"glostitle\">Q<\/p>\n<ul>\n<li><a href=\"https:\/\/www.alquera.com\/de\/quelato-de-hierro-eddha\/\">Eisenchelat. EDDHA 6%<\/a><\/li>\n<\/ul>\n<\/div>\n<\/div>\n<div class=\"gloslistrow\">\n<div class=\"gloslist\">\n<p class=\"glostitle\">R<\/p>\n<ul class=\"gloslista\">\n<li><a href=\"https:\/\/www.alquera.com\/de\/rodamina-b\/\">Rhodamin<\/a><\/li>\n<\/ul>\n<\/div>\n<div class=\"gloslist\">\n<p class=\"glostitle\">S<\/p>\n<ul class=\"gloslista\">\n<li><a href=\"https:\/\/www.alquera.com\/de\/silicato-de-potasio\/\">Kaliumsilikat<\/a><\/li>\n<li><a href=\"https:\/\/www.alquera.com\/de\/silicato-de-sodio\/\">Natriumsilikat<\/a><\/li>\n<li><a href=\"https:\/\/www.alquera.com\/de\/silicona-para-moldes-catalizador\/\">Form Silicon + Katalysator<\/a><\/li>\n<li><a href=\"https:\/\/www.alquera.com\/de\/sulfato-de-aluminio\/\">Aluminiumsulfat<\/a><\/li>\n<li><a href=\"https:\/\/www.alquera.com\/de\/sulfato-de-calcio\/\">Kalzium-Sulfat<\/a><\/li>\n<li><a href=\"https:\/\/www.alquera.com\/de\/sulfato-de-cobre\/\">Kupfersulfat-Pulver<\/a><\/li>\n<li><a href=\"https:\/\/www.alquera.com\/de\/sulfato-de-cobre-piedra\/\">Stein Kupfersulfat<\/a><\/li>\n<li><a href=\"https:\/\/www.alquera.com\/de\/sulfato-de-hierro\/\">Eisensulfat<\/a><\/li>\n<li><a href=\"https:\/\/www.alquera.com\/de\/sulfato-magnesio\/\">Magnesium-Sulfat <\/a><\/li>\n<li><a href=\"https:\/\/www.alquera.com\/de\/sulfato-de-manganeso\/\">Mangansulfat <\/a><\/li>\n<li><a href=\"https:\/\/www.alquera.com\/de\/sulfato-de-potasio\/\">Kaliumsulfat<\/a><\/li>\n<li><a href=\"https:\/\/www.alquera.com\/de\/sulfato-de-sodio\/\">Natriumsulfat<\/a><\/li>\n<li><a href=\"https:\/\/www.alquera.com\/de\/sulfato-de-zinc\/\">Zinksulfat<\/a><\/li>\n<li><a href=\"https:\/\/www.alquera.com\/de\/sulfato-de-niquel\/\">Nickel-Sulfat <\/a><\/li>\n<\/ul>\n<\/div>\n<div class=\"gloslist\">\n<p class=\"glostitle\">T-U-V-V-Y<\/p>\n<ul class=\"gloslista\">\n<li><a href=\"https:\/\/www.alquera.com\/de\/termometro-de-varilla\/\">Stabthermometer<\/a><\/li>\n<li><a href=\"https:\/\/www.alquera.com\/de\/tierra-de-diatomeas\/\">Kieselgur<\/a><\/li>\n<li><a href=\"https:\/\/www.alquera.com\/de\/tripolifosfato-de-sodio\/\">Natriumtripolyphosphat<\/a><\/li>\n<li><a href=\"https:\/\/www.alquera.com\/de\/tubos-de-ensayo-de-vidrio\/\">Reagenzgl\u00e4ser<\/a><\/li>\n<li><a href=\"https:\/\/www.alquera.com\/de\/urea\/\">Harnstoff 46%N<\/a><\/li>\n<li><a href=\"https:\/\/www.alquera.com\/de\/vaselina-filante\/\">Vaseline Filante<\/a><\/li>\n<li><a href=\"https:\/\/www.alquera.com\/de\/vaso-de-precipitado\/\">Gef\u00e4llte Glasbecher<\/a><\/li>\n<li><a href=\"https:\/\/www.alquera.com\/de\/vaso-precipitados-polipropileno\/\">Polypropylen-F\u00e4llungsbecher<\/a><\/li>\n<li><a href=\"https:\/\/www.alquera.com\/de\/yoduro-de-potasio\/\">Kaliumjodid<\/a><\/li>\n<\/ul>\n<\/div>\n<\/div>\n<div class=\"clear\"><\/div>\n<\/div>\n<\/div>","protected":false},"excerpt":{"rendered":"<p>Encuentra en Alquera un amplio cat\u00e1logo de productos qu\u00edmicos. Puedes encontrar el producto qu\u00edmico que buscas, navegando aqu\u00ed abajo a trav\u00e9s del nombre. Encontrar\u00e1s diferentes formatos. Realiza la compra directamente online siguiendo los pasos que se indican. Los env\u00edos se realizan en 24\/48h de recibir el pedido. Para cualquier duda sobre el funcionamiento de Alquera [&hellip;]<\/p>\n","protected":false},"author":1,"featured_media":0,"parent":0,"menu_order":0,"comment_status":"closed","ping_status":"closed","template":"","meta":{"_acf_changed":false,"site-sidebar-layout":"left-sidebar","site-content-layout":"default","ast-site-content-layout":"default","site-content-style":"default","site-sidebar-style":"default","ast-global-header-display":"","ast-banner-title-visibility":"","ast-main-header-display":"","ast-hfb-above-header-display":"","ast-hfb-below-header-display":"","ast-hfb-mobile-header-display":"","site-post-title":"","ast-breadcrumbs-content":"","ast-featured-img":"","footer-sml-layout":"","ast-disable-related-posts":"","theme-transparent-header-meta":"default","adv-header-id-meta":"","stick-header-meta":"default","header-above-stick-meta":"","header-main-stick-meta":"","header-below-stick-meta":"","astra-migrate-meta-layouts":"set","ast-page-background-enabled":"default","ast-page-background-meta":{"desktop":{"background-color":"var(--ast-global-color-4)","background-image":"","background-repeat":"repeat","background-position":"center center","background-size":"auto","background-attachment":"scroll","background-type":"","background-media":"","overlay-type":"","overlay-color":"","overlay-opacity":"","overlay-gradient":""},"tablet":{"background-color":"","background-image":"","background-repeat":"repeat","background-position":"center center","background-size":"auto","background-attachment":"scroll","background-type":"","background-media":"","overlay-type":"","overlay-color":"","overlay-opacity":"","overlay-gradient":""},"mobile":{"background-color":"","background-image":"","background-repeat":"repeat","background-position":"center center","background-size":"auto","background-attachment":"scroll","background-type":"","background-media":"","overlay-type":"","overlay-color":"","overlay-opacity":"","overlay-gradient":""}},"ast-content-background-meta":{"desktop":{"background-color":"var(--ast-global-color-5)","background-image":"","background-repeat":"repeat","background-position":"center center","background-size":"auto","background-attachment":"scroll","background-type":"","background-media":"","overlay-type":"","overlay-color":"","overlay-opacity":"","overlay-gradient":""},"tablet":{"background-color":"var(--ast-global-color-5)","background-image":"","background-repeat":"repeat","background-position":"center center","background-size":"auto","background-attachment":"scroll","background-type":"","background-media":"","overlay-type":"","overlay-color":"","overlay-opacity":"","overlay-gradient":""},"mobile":{"background-color":"var(--ast-global-color-5)","background-image":"","background-repeat":"repeat","background-position":"center center","background-size":"auto","background-attachment":"scroll","background-type":"","background-media":"","overlay-type":"","overlay-color":"","overlay-opacity":"","overlay-gradient":""}},"footnotes":""},"class_list":["post-32517","page","type-page","status-publish","hentry"],"acf":[],"yoast_head":"<!-- This site is optimized with the Yoast SEO Premium plugin v27.1 (Yoast SEO v27.1.1) - https:\/\/yoast.com\/product\/yoast-seo-premium-wordpress\/ -->\n<title>Todos los Productos - Alquera.com<\/title>\n<meta name=\"robots\" content=\"index, follow, max-snippet:-1, max-image-preview:large, max-video-preview:-1\" \/>\n<link rel=\"canonical\" href=\"https:\/\/www.alquera.com\/de\/productos-quimicos\/\" \/>\n<meta property=\"og:locale\" content=\"de_DE\" \/>\n<meta property=\"og:type\" content=\"article\" \/>\n<meta property=\"og:title\" content=\"Todos los Productos\" \/>\n<meta property=\"og:description\" content=\"Encuentra en Alquera un amplio cat\u00e1logo de productos qu\u00edmicos. Puedes encontrar el producto qu\u00edmico que buscas, navegando aqu\u00ed abajo a trav\u00e9s del nombre. Encontrar\u00e1s diferentes formatos. Realiza la compra directamente online siguiendo los pasos que se indican. Los env\u00edos se realizan en 24\/48h de recibir el pedido. Para cualquier duda sobre el funcionamiento de Alquera [&hellip;]\" \/>\n<meta property=\"og:url\" content=\"https:\/\/www.alquera.com\/de\/productos-quimicos\/\" \/>\n<meta property=\"og:site_name\" content=\"Alquera.com\" \/>\n<meta property=\"article:publisher\" content=\"https:\/\/www.facebook.com\/alqueraciencia\" \/>\n<meta property=\"article:modified_time\" content=\"2026-03-14T15:59:18+00:00\" \/>\n<meta name=\"twitter:card\" content=\"summary_large_image\" \/>\n<meta name=\"twitter:label1\" content=\"Gesch\u00e4tzte Lesezeit\" \/>\n\t<meta name=\"twitter:data1\" content=\"2\u00a0Minuten\" \/>\n<script type=\"application\/ld+json\" class=\"yoast-schema-graph\">{\"@context\":\"https:\/\/schema.org\",\"@graph\":[{\"@type\":\"WebPage\",\"@id\":\"https:\/\/www.alquera.com\/productos-quimicos\/\",\"url\":\"https:\/\/www.alquera.com\/productos-quimicos\/\",\"name\":\"Todos los Productos - Alquera.com\",\"isPartOf\":{\"@id\":\"https:\/\/www.alquera.com\/en\/#website\"},\"datePublished\":\"2020-12-31T10:55:52+00:00\",\"dateModified\":\"2026-03-14T15:59:18+00:00\",\"breadcrumb\":{\"@id\":\"https:\/\/www.alquera.com\/productos-quimicos\/#breadcrumb\"},\"inLanguage\":\"de\",\"potentialAction\":[{\"@type\":\"ReadAction\",\"target\":[\"https:\/\/www.alquera.com\/productos-quimicos\/\"]}]},{\"@type\":\"BreadcrumbList\",\"@id\":\"https:\/\/www.alquera.com\/productos-quimicos\/#breadcrumb\",\"itemListElement\":[{\"@type\":\"ListItem\",\"position\":1,\"name\":\"Inicio\",\"item\":\"https:\/\/www.alquera.com\/\"},{\"@type\":\"ListItem\",\"position\":2,\"name\":\"Todos los Productos\"}]},{\"@type\":\"WebSite\",\"@id\":\"https:\/\/www.alquera.com\/en\/#website\",\"url\":\"https:\/\/www.alquera.com\/en\/\",\"name\":\"Alquera.com\",\"description\":\"Tienda Online Productos Qu\u00edmicos y Material de Laboratorio\",\"publisher\":{\"@id\":\"https:\/\/www.alquera.com\/en\/#organization\"},\"potentialAction\":[{\"@type\":\"SearchAction\",\"target\":{\"@type\":\"EntryPoint\",\"urlTemplate\":\"https:\/\/www.alquera.com\/en\/?s={search_term_string}\"},\"query-input\":{\"@type\":\"PropertyValueSpecification\",\"valueRequired\":true,\"valueName\":\"search_term_string\"}}],\"inLanguage\":\"de\"},{\"@type\":\"Organization\",\"@id\":\"https:\/\/www.alquera.com\/en\/#organization\",\"name\":\"ALQUERA CIENCIA SL\",\"url\":\"https:\/\/www.alquera.com\/en\/\",\"logo\":{\"@type\":\"ImageObject\",\"inLanguage\":\"de\",\"@id\":\"https:\/\/www.alquera.com\/en\/#\/schema\/logo\/image\/\",\"url\":\"https:\/\/www.alquera.com\/wp-content\/uploads\/2020\/11\/logo_300_ancho.png\",\"contentUrl\":\"https:\/\/www.alquera.com\/wp-content\/uploads\/2020\/11\/logo_300_ancho.png\",\"width\":300,\"height\":86,\"caption\":\"ALQUERA CIENCIA SL\"},\"image\":{\"@id\":\"https:\/\/www.alquera.com\/en\/#\/schema\/logo\/image\/\"},\"sameAs\":[\"https:\/\/www.facebook.com\/alqueraciencia\",\"https:\/\/www.instagram.com\/alquera_ciencia\/\",\"https:\/\/www.youtube.com\/c\/alquera\"]}]}<\/script>\n<!-- \/ Yoast SEO Premium plugin. -->","yoast_head_json":{"title":"Alle Produkte - Alquera.com","robots":{"index":"index","follow":"follow","max-snippet":"max-snippet:-1","max-image-preview":"max-image-preview:large","max-video-preview":"max-video-preview:-1"},"canonical":"https:\/\/www.alquera.com\/de\/productos-quimicos\/","og_locale":"de_DE","og_type":"article","og_title":"Todos los Productos","og_description":"Encuentra en Alquera un amplio cat\u00e1logo de productos qu\u00edmicos. Puedes encontrar el producto qu\u00edmico que buscas, navegando aqu\u00ed abajo a trav\u00e9s del nombre. Encontrar\u00e1s diferentes formatos. Realiza la compra directamente online siguiendo los pasos que se indican. Los env\u00edos se realizan en 24\/48h de recibir el pedido. Para cualquier duda sobre el funcionamiento de Alquera [&hellip;]","og_url":"https:\/\/www.alquera.com\/de\/productos-quimicos\/","og_site_name":"Alquera.com","article_publisher":"https:\/\/www.facebook.com\/alqueraciencia","article_modified_time":"2026-03-14T15:59:18+00:00","twitter_card":"summary_large_image","twitter_misc":{"Gesch\u00e4tzte Lesezeit":"2\u00a0Minuten"},"schema":{"@context":"https:\/\/schema.org","@graph":[{"@type":"WebPage","@id":"https:\/\/www.alquera.com\/productos-quimicos\/","url":"https:\/\/www.alquera.com\/productos-quimicos\/","name":"Alle Produkte - Alquera.com","isPartOf":{"@id":"https:\/\/www.alquera.com\/en\/#website"},"datePublished":"2020-12-31T10:55:52+00:00","dateModified":"2026-03-14T15:59:18+00:00","breadcrumb":{"@id":"https:\/\/www.alquera.com\/productos-quimicos\/#breadcrumb"},"inLanguage":"de","potentialAction":[{"@type":"ReadAction","target":["https:\/\/www.alquera.com\/productos-quimicos\/"]}]},{"@type":"BreadcrumbList","@id":"https:\/\/www.alquera.com\/productos-quimicos\/#breadcrumb","itemListElement":[{"@type":"ListItem","position":1,"name":"Inicio","item":"https:\/\/www.alquera.com\/"},{"@type":"ListItem","position":2,"name":"Todos los Productos"}]},{"@type":"WebSite","@id":"https:\/\/www.alquera.com\/en\/#website","url":"https:\/\/www.alquera.com\/en\/","name":"Alquera.com","description":"Online Shop Chemische Produkte und Laborger\u00e4te","publisher":{"@id":"https:\/\/www.alquera.com\/en\/#organization"},"potentialAction":[{"@type":"SearchAction","target":{"@type":"EntryPoint","urlTemplate":"https:\/\/www.alquera.com\/en\/?s={search_term_string}"},"query-input":{"@type":"PropertyValueSpecification","valueRequired":true,"valueName":"search_term_string"}}],"inLanguage":"de"},{"@type":"Organization","@id":"https:\/\/www.alquera.com\/en\/#organization","name":"ALQUERA CIENCIA SL","url":"https:\/\/www.alquera.com\/en\/","logo":{"@type":"ImageObject","inLanguage":"de","@id":"https:\/\/www.alquera.com\/en\/#\/schema\/logo\/image\/","url":"https:\/\/www.alquera.com\/wp-content\/uploads\/2020\/11\/logo_300_ancho.png","contentUrl":"https:\/\/www.alquera.com\/wp-content\/uploads\/2020\/11\/logo_300_ancho.png","width":300,"height":86,"caption":"ALQUERA CIENCIA SL"},"image":{"@id":"https:\/\/www.alquera.com\/en\/#\/schema\/logo\/image\/"},"sameAs":["https:\/\/www.facebook.com\/alqueraciencia","https:\/\/www.instagram.com\/alquera_ciencia\/","https:\/\/www.youtube.com\/c\/alquera"]}]}},"_links":{"self":[{"href":"https:\/\/www.alquera.com\/de\/wp-json\/wp\/v2\/pages\/32517","targetHints":{"allow":["GET"]}}],"collection":[{"href":"https:\/\/www.alquera.com\/de\/wp-json\/wp\/v2\/pages"}],"about":[{"href":"https:\/\/www.alquera.com\/de\/wp-json\/wp\/v2\/types\/page"}],"author":[{"embeddable":true,"href":"https:\/\/www.alquera.com\/de\/wp-json\/wp\/v2\/users\/1"}],"replies":[{"embeddable":true,"href":"https:\/\/www.alquera.com\/de\/wp-json\/wp\/v2\/comments?post=32517"}],"version-history":[{"count":97,"href":"https:\/\/www.alquera.com\/de\/wp-json\/wp\/v2\/pages\/32517\/revisions"}],"predecessor-version":[{"id":53504,"href":"https:\/\/www.alquera.com\/de\/wp-json\/wp\/v2\/pages\/32517\/revisions\/53504"}],"wp:attachment":[{"href":"https:\/\/www.alquera.com\/de\/wp-json\/wp\/v2\/media?parent=32517"}],"curies":[{"name":"wp","href":"https:\/\/api.w.org\/{rel}","templated":true}]}}