{"id":32937,"date":"2021-02-16T10:50:54","date_gmt":"2021-02-16T10:50:54","guid":{"rendered":"https:\/\/www.alquera.com\/?page_id=32937"},"modified":"2021-03-21T06:35:09","modified_gmt":"2021-03-21T06:35:09","slug":"tensioactivos","status":"publish","type":"page","link":"https:\/\/www.alquera.com\/de\/tensioactivos\/","title":{"rendered":"Tenside"},"content":{"rendered":"<p>Wenn Sie sich schon einmal die Inhaltsstoffe der meisten Reinigungsmittel im Supermarkt angesehen haben, werden Sie den Vermerk am Ende der Inhaltsstoffe bemerkt haben, wo es hei\u00dft. Tenside &lt;5%. Was sind Tenside? M\u00fcssen sie nicht angeben, welche Bestandteile diese Produkte haben?<\/p>\n<h2>DIE TENSIDE SIND. BEISPIELE<\/h2>\n<p>Ein Tensid ist ein Stoff, der die Kontaktfl\u00e4che zwischen zwei Phasen (z. B. zwei ineinander unl\u00f6sliche Fl\u00fcssigkeiten) durch die Oberfl\u00e4chenspannung beeinflusst. Tenside sind Stoffe, die es erm\u00f6glichen, zwei unl\u00f6sliche Produkte ineinander aufzul\u00f6sen.<\/p>\n<p>Tenside setzen sich aus einem hydrophoben oder hydrophoben Teil und einem hydrophilen oder wasserl\u00f6slichen Rest zusammen.<\/p>\n<p>Alle Tenside haben bis zu einem gewissen Grad netzende, dispergierende, entflockende, reinigende, emulgierende, suspendierende und l\u00f6sende Eigenschaften, aber im Allgemeinen dominiert eine dieser Eigenschaften gegen\u00fcber den anderen, was die Verwendung jedes Tensids f\u00fcr eine bestimmte Anwendung einschr\u00e4nkt.<\/p>\n<p>Die g\u00e4ngigsten Tenside sind Carboxylate, zu denen Carboxylatsalze (Seifen) wie Natriumstearat geh\u00f6ren.  Sie finden auch die <b>Natriumlaurylethersulfat .<\/b><\/p>\n<p>Kurz gesagt reichen Tenside von Seifen bis hin zu allen Komponenten, die zum Emulgieren (Mischen), L\u00f6slichmachen oder Dispergieren eines Produkts verwendet werden. Die meisten von ihnen sind die gef\u00fcrchteten \"Chemikalien\", die in praktisch allen Haushaltsprodukten enthalten sind und die in so genannten Bio-Produkten eher reduziert werden.<\/p>\n<p><em>Quelle: <a href=\"https:\/\/es.wikipedia.org\/wiki\/Tensoactivo\">Wikipedia Tenside<\/a>, <a href=\"https:\/\/en.wikipedia.org\/wiki\/Surfactant\">Tenside<\/a><\/em><\/p>\n<h2>LABELLING<\/h2>\n<p>Einer der wichtigsten Aspekte bei der Klassifizierung von Produkten, seien es Reinigungsmittel oder Chemikalien im Allgemeinen, ist die Kennzeichnung. Es gibt eine allgemeine europ\u00e4ische Verordnung \u00fcber die Kennzeichnung von chemischen Produkten. Alle Reinigungsmittel m\u00fcssen je nach ihrer Zusammensetzung mit Gefahrensymbolen und -s\u00e4tzen gekennzeichnet sein.<\/p>\n<p><a href=\"https:\/\/www.alquera.com\/de\/tensioactivos\/1272_2008-etiquetado-y-envasado-_-celex_32008r1272_es_txt\/\" rel=\"attachment wp-att-33394\">1272_2008 ETIKETTIERUNG UND VERPACKUNG _ CELEX_32008R1272_DE_TXT<\/a><\/p>","protected":false},"excerpt":{"rendered":"<p>Si te has fijado alguna vez en los componentes de la gran parte de productos de limpieza en el supermercado, te habr\u00e1s fijado la anotaci\u00f3n del final de los ingredientes donde dice. Tensioactivos &lt;5%. \u00bfQu\u00e9 son los tensioactivos? \u00bfNo est\u00e1n obligados a decir qu\u00e9 componentes tienen estos productos? QUE SON LOS TENSIOACTIVOS. EJEMPLOS Un tensioactivo [&hellip;]<\/p>\n","protected":false},"author":1,"featured_media":0,"parent":0,"menu_order":0,"comment_status":"closed","ping_status":"closed","template":"","meta":{"_acf_changed":false,"site-sidebar-layout":"default","site-content-layout":"","ast-site-content-layout":"default","site-content-style":"default","site-sidebar-style":"default","ast-global-header-display":"","ast-banner-title-visibility":"","ast-main-header-display":"","ast-hfb-above-header-display":"","ast-hfb-below-header-display":"","ast-hfb-mobile-header-display":"","site-post-title":"","ast-breadcrumbs-content":"","ast-featured-img":"","footer-sml-layout":"","ast-disable-related-posts":"","theme-transparent-header-meta":"","adv-header-id-meta":"","stick-header-meta":"","header-above-stick-meta":"","header-main-stick-meta":"","header-below-stick-meta":"","astra-migrate-meta-layouts":"default","ast-page-background-enabled":"default","ast-page-background-meta":{"desktop":{"background-color":"var(--ast-global-color-4)","background-image":"","background-repeat":"repeat","background-position":"center center","background-size":"auto","background-attachment":"scroll","background-type":"","background-media":"","overlay-type":"","overlay-color":"","overlay-opacity":"","overlay-gradient":""},"tablet":{"background-color":"","background-image":"","background-repeat":"repeat","background-position":"center center","background-size":"auto","background-attachment":"scroll","background-type":"","background-media":"","overlay-type":"","overlay-color":"","overlay-opacity":"","overlay-gradient":""},"mobile":{"background-color":"","background-image":"","background-repeat":"repeat","background-position":"center center","background-size":"auto","background-attachment":"scroll","background-type":"","background-media":"","overlay-type":"","overlay-color":"","overlay-opacity":"","overlay-gradient":""}},"ast-content-background-meta":{"desktop":{"background-color":"var(--ast-global-color-5)","background-image":"","background-repeat":"repeat","background-position":"center center","background-size":"auto","background-attachment":"scroll","background-type":"","background-media":"","overlay-type":"","overlay-color":"","overlay-opacity":"","overlay-gradient":""},"tablet":{"background-color":"var(--ast-global-color-5)","background-image":"","background-repeat":"repeat","background-position":"center center","background-size":"auto","background-attachment":"scroll","background-type":"","background-media":"","overlay-type":"","overlay-color":"","overlay-opacity":"","overlay-gradient":""},"mobile":{"background-color":"var(--ast-global-color-5)","background-image":"","background-repeat":"repeat","background-position":"center center","background-size":"auto","background-attachment":"scroll","background-type":"","background-media":"","overlay-type":"","overlay-color":"","overlay-opacity":"","overlay-gradient":""}},"footnotes":""},"class_list":["post-32937","page","type-page","status-publish","hentry"],"acf":[],"yoast_head":"<!-- This site is optimized with the Yoast SEO Premium plugin v27.1 (Yoast SEO v27.1.1) - https:\/\/yoast.com\/product\/yoast-seo-premium-wordpress\/ -->\n<title>Tensioactivos - Alquera.com<\/title>\n<meta name=\"description\" content=\"Los tensiactivos es el nombre con caracter general que agrupa a qu\u00edmicos que act\u00faan como principios activos en productos de limpieza.\" \/>\n<meta name=\"robots\" content=\"index, follow, max-snippet:-1, max-image-preview:large, max-video-preview:-1\" \/>\n<link rel=\"canonical\" href=\"https:\/\/www.alquera.com\/de\/tensioactivos\/\" \/>\n<meta property=\"og:locale\" content=\"de_DE\" \/>\n<meta property=\"og:type\" content=\"article\" \/>\n<meta property=\"og:title\" content=\"Tensioactivos\" \/>\n<meta property=\"og:description\" content=\"Los tensiactivos es el nombre con caracter general que agrupa a qu\u00edmicos que act\u00faan como principios activos en productos de limpieza.\" \/>\n<meta property=\"og:url\" content=\"https:\/\/www.alquera.com\/de\/tensioactivos\/\" \/>\n<meta property=\"og:site_name\" content=\"Alquera.com\" \/>\n<meta property=\"article:publisher\" content=\"https:\/\/www.facebook.com\/alqueraciencia\" \/>\n<meta property=\"article:modified_time\" content=\"2021-03-21T06:35:09+00:00\" \/>\n<meta name=\"twitter:card\" content=\"summary_large_image\" \/>\n<meta name=\"twitter:label1\" content=\"Gesch\u00e4tzte Lesezeit\" \/>\n\t<meta name=\"twitter:data1\" content=\"2\u00a0Minuten\" \/>\n<script type=\"application\/ld+json\" class=\"yoast-schema-graph\">{\"@context\":\"https:\/\/schema.org\",\"@graph\":[{\"@type\":\"WebPage\",\"@id\":\"https:\/\/www.alquera.com\/tensioactivos\/\",\"url\":\"https:\/\/www.alquera.com\/tensioactivos\/\",\"name\":\"Tensioactivos - Alquera.com\",\"isPartOf\":{\"@id\":\"https:\/\/www.alquera.com\/en\/#website\"},\"datePublished\":\"2021-02-16T10:50:54+00:00\",\"dateModified\":\"2021-03-21T06:35:09+00:00\",\"description\":\"Los tensiactivos es el nombre con caracter general que agrupa a qu\u00edmicos que act\u00faan como principios activos en productos de limpieza.\",\"breadcrumb\":{\"@id\":\"https:\/\/www.alquera.com\/tensioactivos\/#breadcrumb\"},\"inLanguage\":\"de\",\"potentialAction\":[{\"@type\":\"ReadAction\",\"target\":[\"https:\/\/www.alquera.com\/tensioactivos\/\"]}]},{\"@type\":\"BreadcrumbList\",\"@id\":\"https:\/\/www.alquera.com\/tensioactivos\/#breadcrumb\",\"itemListElement\":[{\"@type\":\"ListItem\",\"position\":1,\"name\":\"Inicio\",\"item\":\"https:\/\/www.alquera.com\/\"},{\"@type\":\"ListItem\",\"position\":2,\"name\":\"Tensioactivos\"}]},{\"@type\":\"WebSite\",\"@id\":\"https:\/\/www.alquera.com\/en\/#website\",\"url\":\"https:\/\/www.alquera.com\/en\/\",\"name\":\"Alquera.com\",\"description\":\"Tienda Online Productos Qu\u00edmicos y Material de Laboratorio\",\"publisher\":{\"@id\":\"https:\/\/www.alquera.com\/en\/#organization\"},\"potentialAction\":[{\"@type\":\"SearchAction\",\"target\":{\"@type\":\"EntryPoint\",\"urlTemplate\":\"https:\/\/www.alquera.com\/en\/?s={search_term_string}\"},\"query-input\":{\"@type\":\"PropertyValueSpecification\",\"valueRequired\":true,\"valueName\":\"search_term_string\"}}],\"inLanguage\":\"de\"},{\"@type\":\"Organization\",\"@id\":\"https:\/\/www.alquera.com\/en\/#organization\",\"name\":\"ALQUERA CIENCIA SL\",\"url\":\"https:\/\/www.alquera.com\/en\/\",\"logo\":{\"@type\":\"ImageObject\",\"inLanguage\":\"de\",\"@id\":\"https:\/\/www.alquera.com\/en\/#\/schema\/logo\/image\/\",\"url\":\"https:\/\/www.alquera.com\/wp-content\/uploads\/2020\/11\/logo_300_ancho.png\",\"contentUrl\":\"https:\/\/www.alquera.com\/wp-content\/uploads\/2020\/11\/logo_300_ancho.png\",\"width\":300,\"height\":86,\"caption\":\"ALQUERA CIENCIA SL\"},\"image\":{\"@id\":\"https:\/\/www.alquera.com\/en\/#\/schema\/logo\/image\/\"},\"sameAs\":[\"https:\/\/www.facebook.com\/alqueraciencia\",\"https:\/\/www.instagram.com\/alquera_ciencia\/\",\"https:\/\/www.youtube.com\/c\/alquera\"]}]}<\/script>\n<!-- \/ Yoast SEO Premium plugin. -->","yoast_head_json":{"title":"Tenside - Alquera.com","description":"Tenside ist die allgemeine Bezeichnung f\u00fcr Chemikalien, die als Wirkstoffe in Reinigungsmitteln fungieren.","robots":{"index":"index","follow":"follow","max-snippet":"max-snippet:-1","max-image-preview":"max-image-preview:large","max-video-preview":"max-video-preview:-1"},"canonical":"https:\/\/www.alquera.com\/de\/tensioactivos\/","og_locale":"de_DE","og_type":"article","og_title":"Tensioactivos","og_description":"Los tensiactivos es el nombre con caracter general que agrupa a qu\u00edmicos que act\u00faan como principios activos en productos de limpieza.","og_url":"https:\/\/www.alquera.com\/de\/tensioactivos\/","og_site_name":"Alquera.com","article_publisher":"https:\/\/www.facebook.com\/alqueraciencia","article_modified_time":"2021-03-21T06:35:09+00:00","twitter_card":"summary_large_image","twitter_misc":{"Gesch\u00e4tzte Lesezeit":"2\u00a0Minuten"},"schema":{"@context":"https:\/\/schema.org","@graph":[{"@type":"WebPage","@id":"https:\/\/www.alquera.com\/tensioactivos\/","url":"https:\/\/www.alquera.com\/tensioactivos\/","name":"Tenside - Alquera.com","isPartOf":{"@id":"https:\/\/www.alquera.com\/en\/#website"},"datePublished":"2021-02-16T10:50:54+00:00","dateModified":"2021-03-21T06:35:09+00:00","description":"Tenside ist die allgemeine Bezeichnung f\u00fcr Chemikalien, die als Wirkstoffe in Reinigungsmitteln fungieren.","breadcrumb":{"@id":"https:\/\/www.alquera.com\/tensioactivos\/#breadcrumb"},"inLanguage":"de","potentialAction":[{"@type":"ReadAction","target":["https:\/\/www.alquera.com\/tensioactivos\/"]}]},{"@type":"BreadcrumbList","@id":"https:\/\/www.alquera.com\/tensioactivos\/#breadcrumb","itemListElement":[{"@type":"ListItem","position":1,"name":"Inicio","item":"https:\/\/www.alquera.com\/"},{"@type":"ListItem","position":2,"name":"Tensioactivos"}]},{"@type":"WebSite","@id":"https:\/\/www.alquera.com\/en\/#website","url":"https:\/\/www.alquera.com\/en\/","name":"Alquera.com","description":"Online Shop Chemische Produkte und Laborger\u00e4te","publisher":{"@id":"https:\/\/www.alquera.com\/en\/#organization"},"potentialAction":[{"@type":"SearchAction","target":{"@type":"EntryPoint","urlTemplate":"https:\/\/www.alquera.com\/en\/?s={search_term_string}"},"query-input":{"@type":"PropertyValueSpecification","valueRequired":true,"valueName":"search_term_string"}}],"inLanguage":"de"},{"@type":"Organization","@id":"https:\/\/www.alquera.com\/en\/#organization","name":"ALQUERA CIENCIA SL","url":"https:\/\/www.alquera.com\/en\/","logo":{"@type":"ImageObject","inLanguage":"de","@id":"https:\/\/www.alquera.com\/en\/#\/schema\/logo\/image\/","url":"https:\/\/www.alquera.com\/wp-content\/uploads\/2020\/11\/logo_300_ancho.png","contentUrl":"https:\/\/www.alquera.com\/wp-content\/uploads\/2020\/11\/logo_300_ancho.png","width":300,"height":86,"caption":"ALQUERA CIENCIA SL"},"image":{"@id":"https:\/\/www.alquera.com\/en\/#\/schema\/logo\/image\/"},"sameAs":["https:\/\/www.facebook.com\/alqueraciencia","https:\/\/www.instagram.com\/alquera_ciencia\/","https:\/\/www.youtube.com\/c\/alquera"]}]}},"_links":{"self":[{"href":"https:\/\/www.alquera.com\/de\/wp-json\/wp\/v2\/pages\/32937","targetHints":{"allow":["GET"]}}],"collection":[{"href":"https:\/\/www.alquera.com\/de\/wp-json\/wp\/v2\/pages"}],"about":[{"href":"https:\/\/www.alquera.com\/de\/wp-json\/wp\/v2\/types\/page"}],"author":[{"embeddable":true,"href":"https:\/\/www.alquera.com\/de\/wp-json\/wp\/v2\/users\/1"}],"replies":[{"embeddable":true,"href":"https:\/\/www.alquera.com\/de\/wp-json\/wp\/v2\/comments?post=32937"}],"version-history":[{"count":4,"href":"https:\/\/www.alquera.com\/de\/wp-json\/wp\/v2\/pages\/32937\/revisions"}],"predecessor-version":[{"id":33396,"href":"https:\/\/www.alquera.com\/de\/wp-json\/wp\/v2\/pages\/32937\/revisions\/33396"}],"wp:attachment":[{"href":"https:\/\/www.alquera.com\/de\/wp-json\/wp\/v2\/media?parent=32937"}],"curies":[{"name":"wp","href":"https:\/\/api.w.org\/{rel}","templated":true}]}}