{"id":331,"date":"2020-09-24T13:33:10","date_gmt":"2020-09-24T13:33:10","guid":{"rendered":"https:\/\/www.alquera.com\/productos\/?page_id=331"},"modified":"2021-09-20T12:05:05","modified_gmt":"2021-09-20T12:05:05","slug":"fungicida","status":"publish","type":"page","link":"https:\/\/www.alquera.com\/de\/sulfato-de-cobre\/fungicida\/","title":{"rendered":"Kupfersulfat Fungizid"},"content":{"rendered":"<p>Das Fungizid Kupfersulfat wird im \u00f6kologischen Landbau aufgrund seiner desinfizierenden Wirkung (es t\u00f6tet Mikroorganismen ab) eingesetzt, da es die Entwicklung einer bestimmten Gruppe von Pilzen verhindert und heilt, die Pflanzen befallen und deren Absterben oder Ernteverluste verursachen k\u00f6nnen.<\/p>\n\n\n\n<h2 class=\"wp-block-heading\">Pilze, auf die Kupfersulfat als Fungizid wirkt<\/h2>\n\n\n\n<p>Als Fungizid wirkt es auf die verursachenden Pilze:<\/p>\n\n\n\n<p><p>Grauschimmel (<em>Botrytis cinerea<\/em>): Sie \u00e4u\u00dfert sich durch die Bildung einer braunen bis grauen watteartigen Masse und die F\u00e4ulnis von Bl\u00fcten, Fr\u00fcchten oder zarten Geweben. Dieser Pilz tritt auf: <strong>Erdbeere, Brokkoli, Vanille, Rosa, usw.<\/strong><\/p>\n<p><img loading=\"lazy\" decoding=\"async\" class=\"size-medium wp-image-32300 aligncenter\" src=\"https:\/\/www.alquera.com\/wp-content\/uploads\/2020\/12\/fresas_mohogris-300x226.png\" alt=\"Sulfato de Cobre Fungicida\" width=\"300\" height=\"226\" srcset=\"https:\/\/www.alquera.com\/wp-content\/uploads\/2020\/12\/fresas_mohogris-300x226.png 300w, https:\/\/www.alquera.com\/wp-content\/uploads\/2020\/12\/fresas_mohogris.png 516w\" sizes=\"auto, (max-width: 300px) 100vw, 300px\" \/><\/p><\/p>\n\n\n\n<p><p>Chupadera (<em>Rhizoctonia<\/em> spp.): Sie \u00e4u\u00dfert sich durch Besch\u00e4digung oder Verletzung des St\u00e4ngelansatzes (Hals der Pflanze) im zarten Stadium (erste Lebenswochen), wodurch der St\u00e4ngel bricht und die Pflanze abstirbt. Sie kommt vor in<strong> Bohnen, Chili, Spinat, Rote Beete, Mangold, usw.<\/strong><\/p>\n<p><img loading=\"lazy\" decoding=\"async\" class=\"size-medium wp-image-32301 aligncenter\" src=\"https:\/\/www.alquera.com\/wp-content\/uploads\/2020\/12\/Fungicida-300x191.png\" alt=\"sulfato de cobre como fungicida\" width=\"300\" height=\"191\" srcset=\"https:\/\/www.alquera.com\/wp-content\/uploads\/2020\/12\/Fungicida-300x191.png 300w, https:\/\/www.alquera.com\/wp-content\/uploads\/2020\/12\/Fungicida.png 519w\" sizes=\"auto, (max-width: 300px) 100vw, 300px\" \/><\/p>\n<p>&nbsp;<\/p><\/p>\n\n\n\n\n\n<h2 class=\"wp-block-heading\">Wie Kupfersulfat bei Pflanzen angewendet wird<\/h2>\n\n\n\n\n\n<p>Die Anwendung von Kupfersulfat bei Pflanzen ist sehr einfach, Sie ben\u00f6tigen nur die folgenden Materialien, wobei Sie Kupfersulfat vielleicht nicht zu Hause haben:<\/p>\n\n\n\n<h3 class=\"wp-block-heading\"><strong>Materialien<\/strong><\/h3>\n\n\n\n<ul class=\"wp-block-list\"><li>1 Liter Wasser<\/li><li>10 Gramm Kupfersulfat.&nbsp;<\/li><li>Ein L\u00f6ffel<\/li><li>1 Sprinkleranlage<\/li><\/ul>\n\n\n\n<h3 class=\"wp-block-heading\"><strong>Vorbereitung<\/strong><\/h3>\n\n\n\n<p>Das zu verwendende Verh\u00e4ltnis betr\u00e4gt 10 g Kupfersulfat pro Liter Wasser. Mischen Sie beide Elemente zusammen und r\u00fchren Sie, bis das Kupfersulfat vollst\u00e4ndig aufgel\u00f6st ist. Das Wasser hat eine blaue Farbe, die typisch f\u00fcr Kupfersulfat ist.<\/p>\n\n\n\n<h3 class=\"wp-block-heading\"><strong>Empfehlungen f\u00fcr die Anwendung<\/strong><\/h3>\n\n\n\n<p>Kupfersulfat sollte in sehr feinen Tr\u00f6pfchen mit einem Spr\u00fchger\u00e4t (manuell oder automatisch) ausgebracht werden. Es sollte sowohl auf den oberen als auch auf den unteren Teil der Bl\u00e4tter aufgetragen werden. In Anbaukulturen ist es ratsam, in Zeiten niedriger Temperaturen und hoher Luftfeuchtigkeit (Winter) zwei Anwendungen pro Woche vorzunehmen, da unter diesen Bedingungen die Bedingungen f\u00fcr die Entwicklung der oben genannten Pilze g\u00fcnstig sind.<\/p>\n\n\n\n<p><strong>Anwendung bei Salatpflanzen<\/strong><\/p>\n\n\n\n<p>Es gibt keine Probleme mit der Toxizit\u00e4t f\u00fcr Pflanzen, d. h. es f\u00fchrt nicht zum Welken oder Absterben der Pflanzen, es sei denn, die empfohlene Dosierung wird \u00fcberschritten oder die Umgebungstemperaturen sind hoch.<\/p>\n\n\n\n<p>Kupfersulfat wird manchmal in der <a href=\"https:\/\/www.alquera.com\/de\/sulfato-de-cobre\/caldo-bordeles-agricultura\/\">Br\u00fche Bordeles<\/a> zur Verwendung als Fungizid.<\/p>\n\n\n\n<p>Weitere Verwendungen von Kupfersulfat sind auch als <a href=\"https:\/\/www.alquera.com\/de\/sulfato-de-cobre\/piscinas\/\">Algizide in Schwimmb\u00e4dern<\/a> und als <a href=\"https:\/\/www.alquera.com\/de\/sulfato-de-cobre\/alimentacion-animal\/\">Erg\u00e4nzung von Tierfutter<\/a>.<\/p>\n\n\n\n<h3 class=\"widget-title\">Kaufen <\/h3><div><div class=\"woocommerce\"><ul class=\"products columns-4\">\n<li class=\"desktop-align-left tablet-align-left mobile-align-left ast-product-gallery-layout-horizontal-slider ast-magnify-disabled ast-product-single-variable ast-product-tabs-layout-horizontal ast-qv-on-image product type-product post-495 status-publish first instock product_cat-productos-experimentos product_cat-productos has-post-thumbnail taxable shipping-taxable purchasable product-type-variable has-default-attributes\">\n\t<a href=\"https:\/\/www.alquera.com\/de\/permanganato-de-potasio\/\" class=\"woocommerce-LoopProduct-link woocommerce-loop-product__link\"><img loading=\"lazy\" decoding=\"async\" width=\"300\" height=\"300\" src=\"https:\/\/www.alquera.com\/wp-content\/uploads\/2016\/01\/permanganato-200g-foto-nueva-300x300.png\" class=\"attachment-woocommerce_thumbnail size-woocommerce_thumbnail\" alt=\"permanganato 200g\" srcset=\"https:\/\/www.alquera.com\/wp-content\/uploads\/2016\/01\/permanganato-200g-foto-nueva-300x300.png 300w, https:\/\/www.alquera.com\/wp-content\/uploads\/2016\/01\/permanganato-200g-foto-nueva-150x150.png 150w, https:\/\/www.alquera.com\/wp-content\/uploads\/2016\/01\/permanganato-200g-foto-nueva-12x12.png 12w, https:\/\/www.alquera.com\/wp-content\/uploads\/2016\/01\/permanganato-200g-foto-nueva-100x100.png 100w\" sizes=\"auto, (max-width: 300px) 100vw, 300px\" \/><h2 class=\"woocommerce-loop-product__title\">Kaliumpermanganat<\/h2><div class=\"review-rating\"><div class=\"star-rating\"><span style=\"width:100%\" data-no-translation=\"\" data-trp-gettext=\"\">Bewertet mit <strong class=\"rating\">5.00<\/strong> von 5<\/span><\/div><\/div>\n<\/a><a href=\"https:\/\/www.alquera.com\/de\/permanganato-de-potasio\/\" aria-describedby=\"woocommerce_loop_add_to_cart_link_describedby_495\" data-quantity=\"1\" class=\"button product_type_variable add_to_cart_button\" data-product_id=\"495\" data-product_sku=\"AL100111\" aria-label=\"W\u00e4hle Optionen f\u00fcr \u201ePermanganato de Potasio\u201c\" rel=\"nofollow\" data-no-translation=\"\" data-trp-gettext=\"\" data-no-translation-aria-label=\"\">Ausf\u00fchrung w\u00e4hlen<\/a>\t<span id=\"woocommerce_loop_add_to_cart_link_describedby_495\" class=\"screen-reader-text\">\n\t\tDieses Produkt weist mehrere Varianten auf. Die Optionen k\u00f6nnen auf der Produktseite gew\u00e4hlt werden\t<\/span>\n<\/li>\n<\/ul>\n<\/div><\/div>\n\n\n\n<p class=\"widget-title\">Mehr lesen<\/p><a href=\"https:\/\/www.alquera.com\/de\/sulfato-de-cobre\/\">Kupfersulfat<\/a>\n<!-- Page-list plugin v.5.9 wordpress.org\/plugins\/page-list\/ -->\n<ul class=\"page-list siblings-page-list\">\n<li class=\"page_item page-item-9998 menu-item\"><a href=\"https:\/\/www.alquera.com\/de\/sulfato-de-cobre\/caldo-bordeles-agricultura\/\" class=\"menu-link\">Bordelaise-Br\u00fche<\/a><\/li>\n<li class=\"page_item page-item-9989 menu-item\"><a href=\"https:\/\/www.alquera.com\/de\/sulfato-de-cobre\/alimentacion-animal\/\" class=\"menu-link\">Kupfersulfat Tierfutter<\/a><\/li>\n<li class=\"page_item page-item-331 menu-item\"><a href=\"https:\/\/www.alquera.com\/de\/sulfato-de-cobre\/fungicida\/\" class=\"menu-link\">Kupfersulfat Fungizid<\/a><\/li>\n<li class=\"page_item page-item-9992 menu-item\"><a href=\"https:\/\/www.alquera.com\/de\/sulfato-de-cobre\/piscinas\/\" class=\"menu-link\">Kupfersulfat-Schwimmb\u00e4der<\/a><\/li>\n<li class=\"page_item page-item-324 menu-item\"><a href=\"https:\/\/www.alquera.com\/de\/sulfato-de-cobre\/usos\/\" class=\"menu-link\">Verwendet Kupfersulfat<\/a><\/li>\n\n<\/ul>","protected":false},"excerpt":{"rendered":"<p>El Sulfato de Cobre&nbsp;fungicida es utilizado en la agricultura ecol\u00f3gica gracias a su acci\u00f3n desinfectante (elimina microorganismos), ya que&nbsp;previene y cura el desarrollo de cierto grupo de hongos que atacan a las plantas y puede causar su muerte o p\u00e9rdida de la cosecha. Hongos sobre los que act\u00faa el Sulfato de Cobre Fungicida Como fungicida [&hellip;]<\/p>\n","protected":false},"author":1,"featured_media":0,"parent":32602,"menu_order":0,"comment_status":"open","ping_status":"closed","template":"","meta":{"_acf_changed":false,"site-sidebar-layout":"left-sidebar","site-content-layout":"default","ast-site-content-layout":"default","site-content-style":"default","site-sidebar-style":"default","ast-global-header-display":"","ast-banner-title-visibility":"","ast-main-header-display":"","ast-hfb-above-header-display":"","ast-hfb-below-header-display":"","ast-hfb-mobile-header-display":"","site-post-title":"","ast-breadcrumbs-content":"","ast-featured-img":"","footer-sml-layout":"","ast-disable-related-posts":"","theme-transparent-header-meta":"default","adv-header-id-meta":"","stick-header-meta":"default","header-above-stick-meta":"","header-main-stick-meta":"","header-below-stick-meta":"","astra-migrate-meta-layouts":"default","ast-page-background-enabled":"default","ast-page-background-meta":{"desktop":{"background-color":"var(--ast-global-color-4)","background-image":"","background-repeat":"repeat","background-position":"center center","background-size":"auto","background-attachment":"scroll","background-type":"","background-media":"","overlay-type":"","overlay-color":"","overlay-opacity":"","overlay-gradient":""},"tablet":{"background-color":"","background-image":"","background-repeat":"repeat","background-position":"center center","background-size":"auto","background-attachment":"scroll","background-type":"","background-media":"","overlay-type":"","overlay-color":"","overlay-opacity":"","overlay-gradient":""},"mobile":{"background-color":"","background-image":"","background-repeat":"repeat","background-position":"center center","background-size":"auto","background-attachment":"scroll","background-type":"","background-media":"","overlay-type":"","overlay-color":"","overlay-opacity":"","overlay-gradient":""}},"ast-content-background-meta":{"desktop":{"background-color":"var(--ast-global-color-5)","background-image":"","background-repeat":"repeat","background-position":"center center","background-size":"auto","background-attachment":"scroll","background-type":"","background-media":"","overlay-type":"","overlay-color":"","overlay-opacity":"","overlay-gradient":""},"tablet":{"background-color":"var(--ast-global-color-5)","background-image":"","background-repeat":"repeat","background-position":"center center","background-size":"auto","background-attachment":"scroll","background-type":"","background-media":"","overlay-type":"","overlay-color":"","overlay-opacity":"","overlay-gradient":""},"mobile":{"background-color":"var(--ast-global-color-5)","background-image":"","background-repeat":"repeat","background-position":"center center","background-size":"auto","background-attachment":"scroll","background-type":"","background-media":"","overlay-type":"","overlay-color":"","overlay-opacity":"","overlay-gradient":""}},"footnotes":""},"class_list":["post-331","page","type-page","status-publish","hentry"],"acf":[],"yoast_head":"<!-- This site is optimized with the Yoast SEO Premium plugin v27.1 (Yoast SEO v27.1.1) - https:\/\/yoast.com\/product\/yoast-seo-premium-wordpress\/ -->\n<title>Sulfato de Cobre Fungicida - Alquera.com<\/title>\n<meta name=\"robots\" content=\"index, follow, max-snippet:-1, max-image-preview:large, max-video-preview:-1\" \/>\n<link rel=\"canonical\" href=\"https:\/\/www.alquera.com\/de\/sulfato-de-cobre\/fungicida\/\" \/>\n<meta property=\"og:locale\" content=\"de_DE\" \/>\n<meta property=\"og:type\" content=\"article\" \/>\n<meta property=\"og:title\" content=\"Sulfato de Cobre Fungicida\" \/>\n<meta property=\"og:description\" content=\"El Sulfato de Cobre&nbsp;fungicida es utilizado en la agricultura ecol\u00f3gica gracias a su acci\u00f3n desinfectante (elimina microorganismos), ya que&nbsp;previene y cura el desarrollo de cierto grupo de hongos que atacan a las plantas y puede causar su muerte o p\u00e9rdida de la cosecha. Hongos sobre los que act\u00faa el Sulfato de Cobre Fungicida Como fungicida [&hellip;]\" \/>\n<meta property=\"og:url\" content=\"https:\/\/www.alquera.com\/de\/sulfato-de-cobre\/fungicida\/\" \/>\n<meta property=\"og:site_name\" content=\"Alquera.com\" \/>\n<meta property=\"article:publisher\" content=\"https:\/\/www.facebook.com\/alqueraciencia\" \/>\n<meta property=\"article:modified_time\" content=\"2021-09-20T12:05:05+00:00\" \/>\n<meta property=\"og:image\" content=\"https:\/\/www.alquera.com\/wp-content\/uploads\/2020\/12\/fresas_mohogris-300x226.png\" \/>\n<meta name=\"twitter:card\" content=\"summary_large_image\" \/>\n<meta name=\"twitter:label1\" content=\"Gesch\u00e4tzte Lesezeit\" \/>\n\t<meta name=\"twitter:data1\" content=\"3\u00a0Minuten\" \/>\n<script type=\"application\/ld+json\" class=\"yoast-schema-graph\">{\"@context\":\"https:\/\/schema.org\",\"@graph\":[{\"@type\":\"WebPage\",\"@id\":\"https:\/\/www.alquera.com\/sulfato-de-cobre\/fungicida\/\",\"url\":\"https:\/\/www.alquera.com\/sulfato-de-cobre\/fungicida\/\",\"name\":\"Sulfato de Cobre Fungicida - Alquera.com\",\"isPartOf\":{\"@id\":\"https:\/\/www.alquera.com\/en\/#website\"},\"primaryImageOfPage\":{\"@id\":\"https:\/\/www.alquera.com\/sulfato-de-cobre\/fungicida\/#primaryimage\"},\"image\":{\"@id\":\"https:\/\/www.alquera.com\/sulfato-de-cobre\/fungicida\/#primaryimage\"},\"thumbnailUrl\":\"https:\/\/www.alquera.com\/wp-content\/uploads\/2020\/12\/fresas_mohogris-300x226.png\",\"datePublished\":\"2020-09-24T13:33:10+00:00\",\"dateModified\":\"2021-09-20T12:05:05+00:00\",\"breadcrumb\":{\"@id\":\"https:\/\/www.alquera.com\/sulfato-de-cobre\/fungicida\/#breadcrumb\"},\"inLanguage\":\"de\",\"potentialAction\":[{\"@type\":\"ReadAction\",\"target\":[\"https:\/\/www.alquera.com\/sulfato-de-cobre\/fungicida\/\"]}]},{\"@type\":\"ImageObject\",\"inLanguage\":\"de\",\"@id\":\"https:\/\/www.alquera.com\/sulfato-de-cobre\/fungicida\/#primaryimage\",\"url\":\"https:\/\/www.alquera.com\/wp-content\/uploads\/2020\/12\/fresas_mohogris-300x226.png\",\"contentUrl\":\"https:\/\/www.alquera.com\/wp-content\/uploads\/2020\/12\/fresas_mohogris-300x226.png\"},{\"@type\":\"BreadcrumbList\",\"@id\":\"https:\/\/www.alquera.com\/sulfato-de-cobre\/fungicida\/#breadcrumb\",\"itemListElement\":[{\"@type\":\"ListItem\",\"position\":1,\"name\":\"Inicio\",\"item\":\"https:\/\/www.alquera.com\/\"},{\"@type\":\"ListItem\",\"position\":2,\"name\":\"Sulfato de Cobre\",\"item\":\"https:\/\/www.alquera.com\/sulfato-de-cobre\/\"},{\"@type\":\"ListItem\",\"position\":3,\"name\":\"Sulfato de Cobre Fungicida\"}]},{\"@type\":\"WebSite\",\"@id\":\"https:\/\/www.alquera.com\/en\/#website\",\"url\":\"https:\/\/www.alquera.com\/en\/\",\"name\":\"Alquera.com\",\"description\":\"Tienda Online Productos Qu\u00edmicos y Material de Laboratorio\",\"publisher\":{\"@id\":\"https:\/\/www.alquera.com\/en\/#organization\"},\"potentialAction\":[{\"@type\":\"SearchAction\",\"target\":{\"@type\":\"EntryPoint\",\"urlTemplate\":\"https:\/\/www.alquera.com\/en\/?s={search_term_string}\"},\"query-input\":{\"@type\":\"PropertyValueSpecification\",\"valueRequired\":true,\"valueName\":\"search_term_string\"}}],\"inLanguage\":\"de\"},{\"@type\":\"Organization\",\"@id\":\"https:\/\/www.alquera.com\/en\/#organization\",\"name\":\"ALQUERA CIENCIA SL\",\"url\":\"https:\/\/www.alquera.com\/en\/\",\"logo\":{\"@type\":\"ImageObject\",\"inLanguage\":\"de\",\"@id\":\"https:\/\/www.alquera.com\/en\/#\/schema\/logo\/image\/\",\"url\":\"https:\/\/www.alquera.com\/wp-content\/uploads\/2020\/11\/logo_300_ancho.png\",\"contentUrl\":\"https:\/\/www.alquera.com\/wp-content\/uploads\/2020\/11\/logo_300_ancho.png\",\"width\":300,\"height\":86,\"caption\":\"ALQUERA CIENCIA SL\"},\"image\":{\"@id\":\"https:\/\/www.alquera.com\/en\/#\/schema\/logo\/image\/\"},\"sameAs\":[\"https:\/\/www.facebook.com\/alqueraciencia\",\"https:\/\/www.instagram.com\/alquera_ciencia\/\",\"https:\/\/www.youtube.com\/c\/alquera\"]}]}<\/script>\n<!-- \/ Yoast SEO Premium plugin. -->","yoast_head_json":{"title":"Kupfersulfat-Fungizid - Alquera.com","robots":{"index":"index","follow":"follow","max-snippet":"max-snippet:-1","max-image-preview":"max-image-preview:large","max-video-preview":"max-video-preview:-1"},"canonical":"https:\/\/www.alquera.com\/de\/sulfato-de-cobre\/fungicida\/","og_locale":"de_DE","og_type":"article","og_title":"Sulfato de Cobre Fungicida","og_description":"El Sulfato de Cobre&nbsp;fungicida es utilizado en la agricultura ecol\u00f3gica gracias a su acci\u00f3n desinfectante (elimina microorganismos), ya que&nbsp;previene y cura el desarrollo de cierto grupo de hongos que atacan a las plantas y puede causar su muerte o p\u00e9rdida de la cosecha. Hongos sobre los que act\u00faa el Sulfato de Cobre Fungicida Como fungicida [&hellip;]","og_url":"https:\/\/www.alquera.com\/de\/sulfato-de-cobre\/fungicida\/","og_site_name":"Alquera.com","article_publisher":"https:\/\/www.facebook.com\/alqueraciencia","article_modified_time":"2021-09-20T12:05:05+00:00","og_image":[{"url":"https:\/\/www.alquera.com\/wp-content\/uploads\/2020\/12\/fresas_mohogris-300x226.png","type":"","width":"","height":""}],"twitter_card":"summary_large_image","twitter_misc":{"Gesch\u00e4tzte Lesezeit":"3\u00a0Minuten"},"schema":{"@context":"https:\/\/schema.org","@graph":[{"@type":"WebPage","@id":"https:\/\/www.alquera.com\/sulfato-de-cobre\/fungicida\/","url":"https:\/\/www.alquera.com\/sulfato-de-cobre\/fungicida\/","name":"Kupfersulfat-Fungizid - Alquera.com","isPartOf":{"@id":"https:\/\/www.alquera.com\/en\/#website"},"primaryImageOfPage":{"@id":"https:\/\/www.alquera.com\/sulfato-de-cobre\/fungicida\/#primaryimage"},"image":{"@id":"https:\/\/www.alquera.com\/sulfato-de-cobre\/fungicida\/#primaryimage"},"thumbnailUrl":"https:\/\/www.alquera.com\/wp-content\/uploads\/2020\/12\/fresas_mohogris-300x226.png","datePublished":"2020-09-24T13:33:10+00:00","dateModified":"2021-09-20T12:05:05+00:00","breadcrumb":{"@id":"https:\/\/www.alquera.com\/sulfato-de-cobre\/fungicida\/#breadcrumb"},"inLanguage":"de","potentialAction":[{"@type":"ReadAction","target":["https:\/\/www.alquera.com\/sulfato-de-cobre\/fungicida\/"]}]},{"@type":"ImageObject","inLanguage":"de","@id":"https:\/\/www.alquera.com\/sulfato-de-cobre\/fungicida\/#primaryimage","url":"https:\/\/www.alquera.com\/wp-content\/uploads\/2020\/12\/fresas_mohogris-300x226.png","contentUrl":"https:\/\/www.alquera.com\/wp-content\/uploads\/2020\/12\/fresas_mohogris-300x226.png"},{"@type":"BreadcrumbList","@id":"https:\/\/www.alquera.com\/sulfato-de-cobre\/fungicida\/#breadcrumb","itemListElement":[{"@type":"ListItem","position":1,"name":"Inicio","item":"https:\/\/www.alquera.com\/"},{"@type":"ListItem","position":2,"name":"Sulfato de Cobre","item":"https:\/\/www.alquera.com\/sulfato-de-cobre\/"},{"@type":"ListItem","position":3,"name":"Sulfato de Cobre Fungicida"}]},{"@type":"WebSite","@id":"https:\/\/www.alquera.com\/en\/#website","url":"https:\/\/www.alquera.com\/en\/","name":"Alquera.com","description":"Online Shop Chemische Produkte und Laborger\u00e4te","publisher":{"@id":"https:\/\/www.alquera.com\/en\/#organization"},"potentialAction":[{"@type":"SearchAction","target":{"@type":"EntryPoint","urlTemplate":"https:\/\/www.alquera.com\/en\/?s={search_term_string}"},"query-input":{"@type":"PropertyValueSpecification","valueRequired":true,"valueName":"search_term_string"}}],"inLanguage":"de"},{"@type":"Organization","@id":"https:\/\/www.alquera.com\/en\/#organization","name":"ALQUERA CIENCIA SL","url":"https:\/\/www.alquera.com\/en\/","logo":{"@type":"ImageObject","inLanguage":"de","@id":"https:\/\/www.alquera.com\/en\/#\/schema\/logo\/image\/","url":"https:\/\/www.alquera.com\/wp-content\/uploads\/2020\/11\/logo_300_ancho.png","contentUrl":"https:\/\/www.alquera.com\/wp-content\/uploads\/2020\/11\/logo_300_ancho.png","width":300,"height":86,"caption":"ALQUERA CIENCIA SL"},"image":{"@id":"https:\/\/www.alquera.com\/en\/#\/schema\/logo\/image\/"},"sameAs":["https:\/\/www.facebook.com\/alqueraciencia","https:\/\/www.instagram.com\/alquera_ciencia\/","https:\/\/www.youtube.com\/c\/alquera"]}]}},"_links":{"self":[{"href":"https:\/\/www.alquera.com\/de\/wp-json\/wp\/v2\/pages\/331","targetHints":{"allow":["GET"]}}],"collection":[{"href":"https:\/\/www.alquera.com\/de\/wp-json\/wp\/v2\/pages"}],"about":[{"href":"https:\/\/www.alquera.com\/de\/wp-json\/wp\/v2\/types\/page"}],"author":[{"embeddable":true,"href":"https:\/\/www.alquera.com\/de\/wp-json\/wp\/v2\/users\/1"}],"replies":[{"embeddable":true,"href":"https:\/\/www.alquera.com\/de\/wp-json\/wp\/v2\/comments?post=331"}],"version-history":[{"count":15,"href":"https:\/\/www.alquera.com\/de\/wp-json\/wp\/v2\/pages\/331\/revisions"}],"predecessor-version":[{"id":35144,"href":"https:\/\/www.alquera.com\/de\/wp-json\/wp\/v2\/pages\/331\/revisions\/35144"}],"up":[{"embeddable":true,"href":"https:\/\/www.alquera.com\/de\/wp-json\/wp\/v2\/pages\/32602"}],"wp:attachment":[{"href":"https:\/\/www.alquera.com\/de\/wp-json\/wp\/v2\/media?parent=331"}],"curies":[{"name":"wp","href":"https:\/\/api.w.org\/{rel}","templated":true}]}}