{"id":33262,"date":"2021-03-16T11:50:43","date_gmt":"2021-03-16T11:50:43","guid":{"rendered":"https:\/\/www.alquera.com\/?page_id=33262"},"modified":"2021-09-12T13:55:37","modified_gmt":"2021-09-12T13:55:37","slug":"piscinas","status":"publish","type":"page","link":"https:\/\/www.alquera.com\/de\/sulfato-de-aluminio\/piscinas\/","title":{"rendered":"Aluminiumsulfat in Schwimmb\u00e4dern"},"content":{"rendered":"<p>Die <a href=\"https:\/\/www.alquera.com\/de\/sulfato-de-aluminio\/\">Aluminiumsulfat<\/a>ist ein chemisches Produkt mit der Formel Al2(SO4)3. Es hat die Form eines wei\u00dfen, k\u00f6rnigen Pulvers. Eine seiner Hauptverwendungen ist die Verwendung als <strong>Flockungshilfsmittel<\/strong> bei der Behandlung von Algen in Schwimmb\u00e4dern. Ein Flockungsmittel ist ein Produkt, das im Wasser schwebende Partikel anzieht und sie ausf\u00e4llt, so dass sie durch Absaugen, Filtern oder Kehren entfernt werden k\u00f6nnen.<\/p>\n<p><a href=\"https:\/\/www.alquera.com\/de\/sulfato-de-aluminio\/piscinas\/untitled-design-4\/\" rel=\"attachment wp-att-33290\"><img loading=\"lazy\" decoding=\"async\" class=\"size-medium wp-image-33290 aligncenter\" src=\"https:\/\/www.alquera.com\/wp-content\/uploads\/2021\/03\/Untitled-design-4-300x300.png\" alt=\"\" width=\"300\" height=\"300\" srcset=\"https:\/\/www.alquera.com\/wp-content\/uploads\/2021\/03\/Untitled-design-4-300x300.png 300w, https:\/\/www.alquera.com\/wp-content\/uploads\/2021\/03\/Untitled-design-4-150x150.png 150w, https:\/\/www.alquera.com\/wp-content\/uploads\/2021\/03\/Untitled-design-4-768x768.png 768w, https:\/\/www.alquera.com\/wp-content\/uploads\/2021\/03\/Untitled-design-4-600x600.png 600w, https:\/\/www.alquera.com\/wp-content\/uploads\/2021\/03\/Untitled-design-4-100x100.png 100w, https:\/\/www.alquera.com\/wp-content\/uploads\/2021\/03\/Untitled-design-4.png 800w\" sizes=\"auto, (max-width: 300px) 100vw, 300px\" \/><\/a><\/p>\n<h2>VERFAHREN ZUR ENTFERNUNG VON PARTIKELN IN WASSER<\/h2>\n<p>Sowohl f\u00fcr die Vorbereitung des Schwimmbeckens im Sommer als auch f\u00fcr die t\u00e4gliche Pflege des Schwimmbeckens ist es notwendig, Algen, Mikroorganismen und Verunreinigungen, die sich im Wasser des Schwimmbeckens bilden, zu entfernen. Diese sind insbesondere an der Gr\u00fcnf\u00e4rbung des Beckens zu erkennen, die charakteristisch f\u00fcr eine Vermehrung der Algen im Becken ist.<\/p>\n<h2>ALGENENTFERNUNG BEI GR\u00dcNEM WASSER<\/h2>\n<p><a href=\"https:\/\/www.alquera.com\/de\/sulfato-de-cobre\/piscinas\/piscina-agua-algas\/\" rel=\"attachment wp-att-33242\"><img loading=\"lazy\" decoding=\"async\" class=\"aligncenter wp-image-33242 size-full\" src=\"https:\/\/www.alquera.com\/wp-content\/uploads\/2021\/03\/piscina-agua-ALGAS.png\" alt=\"Piscina con algas\" width=\"600\" height=\"300\" srcset=\"https:\/\/www.alquera.com\/wp-content\/uploads\/2021\/03\/piscina-agua-ALGAS.png 600w, https:\/\/www.alquera.com\/wp-content\/uploads\/2021\/03\/piscina-agua-ALGAS-300x150.png 300w\" sizes=\"auto, (max-width: 600px) 100vw, 600px\" \/><\/a><\/p>\n<p>Wenn das Wasser gr\u00fcn ist, bedeutet dies, dass sich Algen und Mikroorganismen im Wasser befinden. Die Entfernung von Algen und Mikroorganismen erfolgt durch eine <strong>Biozid<\/strong>die diese Mikroorganismen buchst\u00e4blich abt\u00f6ten w\u00fcrden, und eine <strong>Flockungshilfsmittel<\/strong> wodurch sie ausgef\u00e4llt und leicht entfernt werden k\u00f6nnen. Eines der am h\u00e4ufigsten verwendeten Biozide ist <a href=\"https:\/\/www.alquera.com\/de\/sulfato-de-cobre\/\">Kupfersulfat-Pentahydrat<\/a>. In diesem Abschnitt erfahren Sie, wie Sie Folgendes anwenden k\u00f6nnen <a href=\"https:\/\/www.alquera.com\/de\/sulfato-de-cobre\/piscinas\/\">Kupfersulfat in Schwimmb\u00e4dern<\/a>Wir fassen sie hier zusammen:<\/p>\n<ul>\n<li>Verteilen Sie das Kupfersulfat gem\u00e4\u00df der\u00a0<a href=\"https:\/\/www.alquera.com\/de\/sulfato-de-cobre\/piscinas\/\">ausreichende Dosis<\/a>\u00a0(die Dosierung von Kupfersulfat betr\u00e4gt: 10 Gramm pro m3 Wasser)<\/li>\n<li>Lassen Sie das Wasser 1-2 Stunden lang zirkulieren und lassen Sie es dann mehrere Stunden stehen.<\/li>\n<li>Am n\u00e4chsten Tag f\u00fcgen Sie <a href=\"https:\/\/www.alquera.com\/de\/sulfato-de-aluminio\/\">Aluminiumsulfat<\/a> das als Flockungsmittel wirkt. Das Aluminiumsulfat zieht die Feststoffteilchen an, die die Tr\u00fcbung des Wassers verursachen, und sie setzen sich am Boden des Beckens ab.<\/li>\n<li>Die\u00a0<strong>Aluminiumsulfat-Dosierung<\/strong>\u00a0in Wasser betr\u00e4gt 10 Gramm pro m3 Wasser. Es sollte in Wasser verd\u00fcnnt werden, bevor es in das Schwimmbecken gegossen wird, und sich gut aufl\u00f6sen. Angesichts der Gr\u00f6\u00dfe der Becken mit Hunderten von m3 Wasser wird das gel\u00f6ste Aluminiumsulfat rund um das Becken gesch\u00fcttet.<\/li>\n<li>Mindestens 2 Stunden stehen und wirken lassen.<\/li>\n<li>Reinigen Sie die Verunreinigungen, die sich auf dem Boden des Schwimmbeckens abgesetzt haben, mit einem Staubsauger.<\/li>\n<li>Lassen Sie das Wasser im Pool zirkulieren.<\/li>\n<li>Messen Sie den pH-Wert des Wassers und den Chlorgehalt, und \u00fcberpr\u00fcfen Sie, ob alle Werte stimmen.<\/li>\n<\/ul>\n<h2><span id=\"Agua_TurbiaAmarilla_o_Ennegrecida\">TR\u00dcBES\/GESCHW\u00c4RZTES WASSER<\/span><\/h2>\n<p><a href=\"https:\/\/www.alquera.com\/de\/sulfato-de-aluminio\/piscinas\/agua-muy-turbia\/\" rel=\"attachment wp-att-33292\"><img loading=\"lazy\" decoding=\"async\" class=\"aligncenter wp-image-33292 size-full\" src=\"https:\/\/www.alquera.com\/wp-content\/uploads\/2021\/03\/AGUA-MUY-TURBIA.jpg\" alt=\"AGUA MUY TURBIA\" width=\"450\" height=\"350\" srcset=\"https:\/\/www.alquera.com\/wp-content\/uploads\/2021\/03\/AGUA-MUY-TURBIA.jpg 450w, https:\/\/www.alquera.com\/wp-content\/uploads\/2021\/03\/AGUA-MUY-TURBIA-300x233.jpg 300w\" sizes=\"auto, (max-width: 450px) 100vw, 450px\" \/><\/a><\/p>\n<p>Wenn das Wasser gelblich oder schwarz gef\u00e4rbt ist, kann die Tr\u00fcbung auf einen \u00dcberschuss an Eisen oder organischem Mangan zur\u00fcckzuf\u00fchren sein. In diesem Fall sollte vor dem Auftragen des Flockungsmittels Folgendes angewendet werden <strong>chlorhaltiges Desinfektionsmittel.<\/strong><\/p>\n<ul>\n<li>10 gr. pro m\u00b3 granuliertes Chlor auftragen, diese Anwendung sollte nur einmal durchgef\u00fchrt werden.<\/li>\n<li>24 Stunden lang Wasserzirkulation anwenden.<\/li>\n<li>Rezirkulation stoppen<\/li>\n<li>10 gr. pro m\u00b3 Aluminiumsulfat hinzuf\u00fcgen. Die Zugabe von Aluminiumsulfat erfolgt, indem man es vorher in Wasser aufl\u00f6st. Es wird nach und nach rund um den Pool aufgetragen.<\/li>\n<li>Mindestens 2 Stunden warten, bis sich die Verunreinigungen auf dem Boden abgesetzt haben.<\/li>\n<li>Reinigen Sie den Boden mit einem Poolsauger von Verunreinigungen.<\/li>\n<li>Aktivieren Sie den Filter und den Wasserkreislauf.<\/li>\n<li>Messen Sie den pH-Wert des Wassers und den Chlorgehalt, und \u00fcberpr\u00fcfen Sie, ob alle Werte stimmen.<\/li>\n<\/ul>\n<h2><span id=\"Agua_Turbia\">LEICHT TR\u00dcBES WASSER<\/span><\/h2>\n<p>Wenn Sie nur gegen Tr\u00fcbungen im Schwimmbadwasser vorgehen wollen, dann geben Sie Aluminiumsulfat nur direkt ins Becken.<\/p>\n<ul>\n<li>10 gr. pro m\u00b3 Aluminiumsulfat hinzuf\u00fcgen. Die Zugabe von Aluminiumsulfat erfolgt, indem man es vorher in Wasser aufl\u00f6st. Es wird nach und nach rund um den Pool aufgetragen.<\/li>\n<li>Mindestens 2 Stunden warten, bis sich die Verunreinigungen auf dem Boden abgesetzt haben.<\/li>\n<li>Reinigen Sie den Boden mit einem Poolsauger von Verunreinigungen.<\/li>\n<li>Aktivieren Sie den Filter und den Wasserkreislauf.<\/li>\n<li>Messen Sie den pH-Wert des Wassers und den Chlorgehalt, und \u00fcberpr\u00fcfen Sie, ob alle Werte stimmen.<\/li>\n<\/ul>\n<p>Aluminiumsulfat wird auch verwendet, um\u00a0<a href=\"https:\/\/www.alquera.com\/de\/sulfato-de-aluminio\/potabilizacion-agua\/\">Wasseraufbereitung<\/a>.<\/p>\n<h2>QUELLEN UND ANWENDBARE DOKUMENTATION<\/h2>\n<ul>\n<li><a href=\"https:\/\/www.alquera.com\/de\/sulfato-de-cobre\/piscinas\/ntp_690\/\" rel=\"attachment wp-att-33230\">Leitfaden f\u00fcr die gute Praxis im Umgang mit chemischen Produkten in Schwimmb\u00e4dern.\u00a0<\/a><\/li>\n<li><a href=\"https:\/\/www.alquera.com\/de\/sulfato-de-cobre\/piscinas\/boe-a-2013-10580-consolidado\/\" rel=\"attachment wp-att-33231\">K\u00f6niglicher Erlass 742\/2013 vom 27. September, der die technisch-sanit\u00e4ren Kriterien f\u00fcr Schwimmb\u00e4der festlegt.<\/a><\/li>\n<li><a href=\"http:\/\/www.madrid.org\/cs\/Satellite?blobcol=urldata&amp;blobheader=application%2Fpdf&amp;blobheadername1=Content-Disposition&amp;blobheadervalue1=filename%3D3._MANUAL_PISCINAS_ENCARGADOS_MANTENIMIENTO_2010%5B1%5D.pdf&amp;blobkey=id&amp;blobtable=MungoBlobs&amp;blobwhere=1352885284227&amp;ssbinary=true\">Leitfaden f\u00fcr die Instandhaltung von Schwimmb\u00e4dern - Gesundheitsgemeinschaft von Madrid<\/a>.<\/li>\n<\/ul>\n<h3 class=\"widget-title\">Kaufen <\/h3><div><div class=\"woocommerce\"><ul class=\"products columns-4\">\n<li class=\"desktop-align-left tablet-align-left mobile-align-left ast-product-gallery-layout-horizontal-slider ast-magnify-disabled ast-product-single-variable ast-product-tabs-layout-horizontal ast-qv-on-image product type-product post-495 status-publish first instock product_cat-productos-experimentos product_cat-productos has-post-thumbnail taxable shipping-taxable purchasable product-type-variable has-default-attributes\">\n\t<a href=\"https:\/\/www.alquera.com\/de\/permanganato-de-potasio\/\" class=\"woocommerce-LoopProduct-link woocommerce-loop-product__link\"><img loading=\"lazy\" decoding=\"async\" width=\"300\" height=\"300\" src=\"https:\/\/www.alquera.com\/wp-content\/uploads\/2016\/01\/permanganato-200g-foto-nueva-300x300.png\" class=\"attachment-woocommerce_thumbnail size-woocommerce_thumbnail\" alt=\"permanganato 200g\" srcset=\"https:\/\/www.alquera.com\/wp-content\/uploads\/2016\/01\/permanganato-200g-foto-nueva-300x300.png 300w, https:\/\/www.alquera.com\/wp-content\/uploads\/2016\/01\/permanganato-200g-foto-nueva-150x150.png 150w, https:\/\/www.alquera.com\/wp-content\/uploads\/2016\/01\/permanganato-200g-foto-nueva-12x12.png 12w, https:\/\/www.alquera.com\/wp-content\/uploads\/2016\/01\/permanganato-200g-foto-nueva-100x100.png 100w\" sizes=\"auto, (max-width: 300px) 100vw, 300px\" \/><h2 class=\"woocommerce-loop-product__title\">Kaliumpermanganat<\/h2><div class=\"review-rating\"><div class=\"star-rating\"><span style=\"width:100%\" data-no-translation=\"\" data-trp-gettext=\"\">Bewertet mit <strong class=\"rating\">5.00<\/strong> von 5<\/span><\/div><\/div>\n<\/a><a href=\"https:\/\/www.alquera.com\/de\/permanganato-de-potasio\/\" aria-describedby=\"woocommerce_loop_add_to_cart_link_describedby_495\" data-quantity=\"1\" class=\"button product_type_variable add_to_cart_button\" data-product_id=\"495\" data-product_sku=\"AL100111\" aria-label=\"W\u00e4hle Optionen f\u00fcr \u201ePermanganato de Potasio\u201c\" rel=\"nofollow\" data-no-translation=\"\" data-trp-gettext=\"\" data-no-translation-aria-label=\"\">Ausf\u00fchrung w\u00e4hlen<\/a>\t<span id=\"woocommerce_loop_add_to_cart_link_describedby_495\" class=\"screen-reader-text\">\n\t\tDieses Produkt weist mehrere Varianten auf. Die Optionen k\u00f6nnen auf der Produktseite gew\u00e4hlt werden\t<\/span>\n<\/li>\n<\/ul>\n<\/div><\/div>\n<p class=\"widget-title\">Mehr lesen<\/p><a href=\"https:\/\/www.alquera.com\/de\/sulfato-de-aluminio\/\">Aluminiumsulfat<\/a>\n<!-- Page-list plugin v.5.9 wordpress.org\/plugins\/page-list\/ -->\n<ul class=\"page-list siblings-page-list\">\n<li class=\"page_item page-item-33262 menu-item\"><a href=\"https:\/\/www.alquera.com\/de\/sulfato-de-aluminio\/piscinas\/\" class=\"menu-link\">Aluminiumsulfat in Schwimmb\u00e4dern<\/a><\/li>\n<li class=\"page_item page-item-33267 menu-item\"><a href=\"https:\/\/www.alquera.com\/de\/sulfato-de-aluminio\/potabilizacion-agua\/\" class=\"menu-link\">Aluminiumsulfat zur Wasserstabilisierung<\/a><\/li>\n\n<\/ul>\n<p>&nbsp;<\/p>","protected":false},"excerpt":{"rendered":"<p>El Sulfato de Aluminio, es un producto qu\u00edmico de f\u00f3rmula Al2(SO4)3. Se presenta en forma de polvo granulado de color blanco. Uno de sus usos principales es como floculante en el tratamiento en las piscinas para algas. Un floculante es un producto que atrae part\u00edculas suspendidas en agua y las precipita, posibilitando de esta forma [&hellip;]<\/p>\n","protected":false},"author":1,"featured_media":0,"parent":33260,"menu_order":0,"comment_status":"closed","ping_status":"closed","template":"","meta":{"_acf_changed":false,"site-sidebar-layout":"default","site-content-layout":"","ast-site-content-layout":"default","site-content-style":"default","site-sidebar-style":"default","ast-global-header-display":"","ast-banner-title-visibility":"","ast-main-header-display":"","ast-hfb-above-header-display":"","ast-hfb-below-header-display":"","ast-hfb-mobile-header-display":"","site-post-title":"","ast-breadcrumbs-content":"","ast-featured-img":"","footer-sml-layout":"","ast-disable-related-posts":"","theme-transparent-header-meta":"","adv-header-id-meta":"","stick-header-meta":"","header-above-stick-meta":"","header-main-stick-meta":"","header-below-stick-meta":"","astra-migrate-meta-layouts":"default","ast-page-background-enabled":"default","ast-page-background-meta":{"desktop":{"background-color":"var(--ast-global-color-4)","background-image":"","background-repeat":"repeat","background-position":"center center","background-size":"auto","background-attachment":"scroll","background-type":"","background-media":"","overlay-type":"","overlay-color":"","overlay-opacity":"","overlay-gradient":""},"tablet":{"background-color":"","background-image":"","background-repeat":"repeat","background-position":"center center","background-size":"auto","background-attachment":"scroll","background-type":"","background-media":"","overlay-type":"","overlay-color":"","overlay-opacity":"","overlay-gradient":""},"mobile":{"background-color":"","background-image":"","background-repeat":"repeat","background-position":"center center","background-size":"auto","background-attachment":"scroll","background-type":"","background-media":"","overlay-type":"","overlay-color":"","overlay-opacity":"","overlay-gradient":""}},"ast-content-background-meta":{"desktop":{"background-color":"var(--ast-global-color-5)","background-image":"","background-repeat":"repeat","background-position":"center center","background-size":"auto","background-attachment":"scroll","background-type":"","background-media":"","overlay-type":"","overlay-color":"","overlay-opacity":"","overlay-gradient":""},"tablet":{"background-color":"var(--ast-global-color-5)","background-image":"","background-repeat":"repeat","background-position":"center center","background-size":"auto","background-attachment":"scroll","background-type":"","background-media":"","overlay-type":"","overlay-color":"","overlay-opacity":"","overlay-gradient":""},"mobile":{"background-color":"var(--ast-global-color-5)","background-image":"","background-repeat":"repeat","background-position":"center center","background-size":"auto","background-attachment":"scroll","background-type":"","background-media":"","overlay-type":"","overlay-color":"","overlay-opacity":"","overlay-gradient":""}},"footnotes":""},"class_list":["post-33262","page","type-page","status-publish","hentry"],"acf":[],"yoast_head":"<!-- This site is optimized with the Yoast SEO Premium plugin v27.1 (Yoast SEO v27.1.1) - https:\/\/yoast.com\/product\/yoast-seo-premium-wordpress\/ -->\n<title>Sulfato de Aluminio en Piscinas - Alquera.com<\/title>\n<meta name=\"robots\" content=\"index, follow, max-snippet:-1, max-image-preview:large, max-video-preview:-1\" \/>\n<link rel=\"canonical\" href=\"https:\/\/www.alquera.com\/de\/sulfato-de-aluminio\/piscinas\/\" \/>\n<meta property=\"og:locale\" content=\"de_DE\" \/>\n<meta property=\"og:type\" content=\"article\" \/>\n<meta property=\"og:title\" content=\"Sulfato de Aluminio en Piscinas\" \/>\n<meta property=\"og:description\" content=\"El Sulfato de Aluminio, es un producto qu\u00edmico de f\u00f3rmula Al2(SO4)3. Se presenta en forma de polvo granulado de color blanco. Uno de sus usos principales es como floculante en el tratamiento en las piscinas para algas. Un floculante es un producto que atrae part\u00edculas suspendidas en agua y las precipita, posibilitando de esta forma [&hellip;]\" \/>\n<meta property=\"og:url\" content=\"https:\/\/www.alquera.com\/de\/sulfato-de-aluminio\/piscinas\/\" \/>\n<meta property=\"og:site_name\" content=\"Alquera.com\" \/>\n<meta property=\"article:publisher\" content=\"https:\/\/www.facebook.com\/alqueraciencia\" \/>\n<meta property=\"article:modified_time\" content=\"2021-09-12T13:55:37+00:00\" \/>\n<meta property=\"og:image\" content=\"https:\/\/www.alquera.com\/wp-content\/uploads\/2021\/03\/Untitled-design-4-300x300.png\" \/>\n<meta name=\"twitter:card\" content=\"summary_large_image\" \/>\n<meta name=\"twitter:label1\" content=\"Gesch\u00e4tzte Lesezeit\" \/>\n\t<meta name=\"twitter:data1\" content=\"4\u00a0Minuten\" \/>\n<script type=\"application\/ld+json\" class=\"yoast-schema-graph\">{\"@context\":\"https:\/\/schema.org\",\"@graph\":[{\"@type\":\"WebPage\",\"@id\":\"https:\/\/www.alquera.com\/sulfato-de-aluminio\/piscinas\/\",\"url\":\"https:\/\/www.alquera.com\/sulfato-de-aluminio\/piscinas\/\",\"name\":\"Sulfato de Aluminio en Piscinas - Alquera.com\",\"isPartOf\":{\"@id\":\"https:\/\/www.alquera.com\/en\/#website\"},\"primaryImageOfPage\":{\"@id\":\"https:\/\/www.alquera.com\/sulfato-de-aluminio\/piscinas\/#primaryimage\"},\"image\":{\"@id\":\"https:\/\/www.alquera.com\/sulfato-de-aluminio\/piscinas\/#primaryimage\"},\"thumbnailUrl\":\"https:\/\/www.alquera.com\/wp-content\/uploads\/2021\/03\/Untitled-design-4-300x300.png\",\"datePublished\":\"2021-03-16T11:50:43+00:00\",\"dateModified\":\"2021-09-12T13:55:37+00:00\",\"breadcrumb\":{\"@id\":\"https:\/\/www.alquera.com\/sulfato-de-aluminio\/piscinas\/#breadcrumb\"},\"inLanguage\":\"de\",\"potentialAction\":[{\"@type\":\"ReadAction\",\"target\":[\"https:\/\/www.alquera.com\/sulfato-de-aluminio\/piscinas\/\"]}]},{\"@type\":\"ImageObject\",\"inLanguage\":\"de\",\"@id\":\"https:\/\/www.alquera.com\/sulfato-de-aluminio\/piscinas\/#primaryimage\",\"url\":\"https:\/\/www.alquera.com\/wp-content\/uploads\/2021\/03\/Untitled-design-4-300x300.png\",\"contentUrl\":\"https:\/\/www.alquera.com\/wp-content\/uploads\/2021\/03\/Untitled-design-4-300x300.png\"},{\"@type\":\"BreadcrumbList\",\"@id\":\"https:\/\/www.alquera.com\/sulfato-de-aluminio\/piscinas\/#breadcrumb\",\"itemListElement\":[{\"@type\":\"ListItem\",\"position\":1,\"name\":\"Inicio\",\"item\":\"https:\/\/www.alquera.com\/\"},{\"@type\":\"ListItem\",\"position\":2,\"name\":\"Sulfato de Aluminio\",\"item\":\"https:\/\/www.alquera.com\/sulfato-de-aluminio\/\"},{\"@type\":\"ListItem\",\"position\":3,\"name\":\"Sulfato de Aluminio en Piscinas\"}]},{\"@type\":\"WebSite\",\"@id\":\"https:\/\/www.alquera.com\/en\/#website\",\"url\":\"https:\/\/www.alquera.com\/en\/\",\"name\":\"Alquera.com\",\"description\":\"Tienda Online Productos Qu\u00edmicos y Material de Laboratorio\",\"publisher\":{\"@id\":\"https:\/\/www.alquera.com\/en\/#organization\"},\"potentialAction\":[{\"@type\":\"SearchAction\",\"target\":{\"@type\":\"EntryPoint\",\"urlTemplate\":\"https:\/\/www.alquera.com\/en\/?s={search_term_string}\"},\"query-input\":{\"@type\":\"PropertyValueSpecification\",\"valueRequired\":true,\"valueName\":\"search_term_string\"}}],\"inLanguage\":\"de\"},{\"@type\":\"Organization\",\"@id\":\"https:\/\/www.alquera.com\/en\/#organization\",\"name\":\"ALQUERA CIENCIA SL\",\"url\":\"https:\/\/www.alquera.com\/en\/\",\"logo\":{\"@type\":\"ImageObject\",\"inLanguage\":\"de\",\"@id\":\"https:\/\/www.alquera.com\/en\/#\/schema\/logo\/image\/\",\"url\":\"https:\/\/www.alquera.com\/wp-content\/uploads\/2020\/11\/logo_300_ancho.png\",\"contentUrl\":\"https:\/\/www.alquera.com\/wp-content\/uploads\/2020\/11\/logo_300_ancho.png\",\"width\":300,\"height\":86,\"caption\":\"ALQUERA CIENCIA SL\"},\"image\":{\"@id\":\"https:\/\/www.alquera.com\/en\/#\/schema\/logo\/image\/\"},\"sameAs\":[\"https:\/\/www.facebook.com\/alqueraciencia\",\"https:\/\/www.instagram.com\/alquera_ciencia\/\",\"https:\/\/www.youtube.com\/c\/alquera\"]}]}<\/script>\n<!-- \/ Yoast SEO Premium plugin. -->","yoast_head_json":{"title":"Aluminiumsulfat in Schwimmb\u00e4dern - Alquera.com","robots":{"index":"index","follow":"follow","max-snippet":"max-snippet:-1","max-image-preview":"max-image-preview:large","max-video-preview":"max-video-preview:-1"},"canonical":"https:\/\/www.alquera.com\/de\/sulfato-de-aluminio\/piscinas\/","og_locale":"de_DE","og_type":"article","og_title":"Sulfato de Aluminio en Piscinas","og_description":"El Sulfato de Aluminio, es un producto qu\u00edmico de f\u00f3rmula Al2(SO4)3. Se presenta en forma de polvo granulado de color blanco. Uno de sus usos principales es como floculante en el tratamiento en las piscinas para algas. Un floculante es un producto que atrae part\u00edculas suspendidas en agua y las precipita, posibilitando de esta forma [&hellip;]","og_url":"https:\/\/www.alquera.com\/de\/sulfato-de-aluminio\/piscinas\/","og_site_name":"Alquera.com","article_publisher":"https:\/\/www.facebook.com\/alqueraciencia","article_modified_time":"2021-09-12T13:55:37+00:00","og_image":[{"url":"https:\/\/www.alquera.com\/wp-content\/uploads\/2021\/03\/Untitled-design-4-300x300.png","type":"","width":"","height":""}],"twitter_card":"summary_large_image","twitter_misc":{"Gesch\u00e4tzte Lesezeit":"4\u00a0Minuten"},"schema":{"@context":"https:\/\/schema.org","@graph":[{"@type":"WebPage","@id":"https:\/\/www.alquera.com\/sulfato-de-aluminio\/piscinas\/","url":"https:\/\/www.alquera.com\/sulfato-de-aluminio\/piscinas\/","name":"Aluminiumsulfat in Schwimmb\u00e4dern - Alquera.com","isPartOf":{"@id":"https:\/\/www.alquera.com\/en\/#website"},"primaryImageOfPage":{"@id":"https:\/\/www.alquera.com\/sulfato-de-aluminio\/piscinas\/#primaryimage"},"image":{"@id":"https:\/\/www.alquera.com\/sulfato-de-aluminio\/piscinas\/#primaryimage"},"thumbnailUrl":"https:\/\/www.alquera.com\/wp-content\/uploads\/2021\/03\/Untitled-design-4-300x300.png","datePublished":"2021-03-16T11:50:43+00:00","dateModified":"2021-09-12T13:55:37+00:00","breadcrumb":{"@id":"https:\/\/www.alquera.com\/sulfato-de-aluminio\/piscinas\/#breadcrumb"},"inLanguage":"de","potentialAction":[{"@type":"ReadAction","target":["https:\/\/www.alquera.com\/sulfato-de-aluminio\/piscinas\/"]}]},{"@type":"ImageObject","inLanguage":"de","@id":"https:\/\/www.alquera.com\/sulfato-de-aluminio\/piscinas\/#primaryimage","url":"https:\/\/www.alquera.com\/wp-content\/uploads\/2021\/03\/Untitled-design-4-300x300.png","contentUrl":"https:\/\/www.alquera.com\/wp-content\/uploads\/2021\/03\/Untitled-design-4-300x300.png"},{"@type":"BreadcrumbList","@id":"https:\/\/www.alquera.com\/sulfato-de-aluminio\/piscinas\/#breadcrumb","itemListElement":[{"@type":"ListItem","position":1,"name":"Inicio","item":"https:\/\/www.alquera.com\/"},{"@type":"ListItem","position":2,"name":"Sulfato de Aluminio","item":"https:\/\/www.alquera.com\/sulfato-de-aluminio\/"},{"@type":"ListItem","position":3,"name":"Sulfato de Aluminio en Piscinas"}]},{"@type":"WebSite","@id":"https:\/\/www.alquera.com\/en\/#website","url":"https:\/\/www.alquera.com\/en\/","name":"Alquera.com","description":"Online Shop Chemische Produkte und Laborger\u00e4te","publisher":{"@id":"https:\/\/www.alquera.com\/en\/#organization"},"potentialAction":[{"@type":"SearchAction","target":{"@type":"EntryPoint","urlTemplate":"https:\/\/www.alquera.com\/en\/?s={search_term_string}"},"query-input":{"@type":"PropertyValueSpecification","valueRequired":true,"valueName":"search_term_string"}}],"inLanguage":"de"},{"@type":"Organization","@id":"https:\/\/www.alquera.com\/en\/#organization","name":"ALQUERA CIENCIA SL","url":"https:\/\/www.alquera.com\/en\/","logo":{"@type":"ImageObject","inLanguage":"de","@id":"https:\/\/www.alquera.com\/en\/#\/schema\/logo\/image\/","url":"https:\/\/www.alquera.com\/wp-content\/uploads\/2020\/11\/logo_300_ancho.png","contentUrl":"https:\/\/www.alquera.com\/wp-content\/uploads\/2020\/11\/logo_300_ancho.png","width":300,"height":86,"caption":"ALQUERA CIENCIA SL"},"image":{"@id":"https:\/\/www.alquera.com\/en\/#\/schema\/logo\/image\/"},"sameAs":["https:\/\/www.facebook.com\/alqueraciencia","https:\/\/www.instagram.com\/alquera_ciencia\/","https:\/\/www.youtube.com\/c\/alquera"]}]}},"_links":{"self":[{"href":"https:\/\/www.alquera.com\/de\/wp-json\/wp\/v2\/pages\/33262","targetHints":{"allow":["GET"]}}],"collection":[{"href":"https:\/\/www.alquera.com\/de\/wp-json\/wp\/v2\/pages"}],"about":[{"href":"https:\/\/www.alquera.com\/de\/wp-json\/wp\/v2\/types\/page"}],"author":[{"embeddable":true,"href":"https:\/\/www.alquera.com\/de\/wp-json\/wp\/v2\/users\/1"}],"replies":[{"embeddable":true,"href":"https:\/\/www.alquera.com\/de\/wp-json\/wp\/v2\/comments?post=33262"}],"version-history":[{"count":9,"href":"https:\/\/www.alquera.com\/de\/wp-json\/wp\/v2\/pages\/33262\/revisions"}],"predecessor-version":[{"id":33303,"href":"https:\/\/www.alquera.com\/de\/wp-json\/wp\/v2\/pages\/33262\/revisions\/33303"}],"up":[{"embeddable":true,"href":"https:\/\/www.alquera.com\/de\/wp-json\/wp\/v2\/pages\/33260"}],"wp:attachment":[{"href":"https:\/\/www.alquera.com\/de\/wp-json\/wp\/v2\/media?parent=33262"}],"curies":[{"name":"wp","href":"https:\/\/api.w.org\/{rel}","templated":true}]}}