{"id":33267,"date":"2021-03-16T11:51:49","date_gmt":"2021-03-16T11:51:49","guid":{"rendered":"https:\/\/www.alquera.com\/?page_id=33267"},"modified":"2021-09-12T13:56:17","modified_gmt":"2021-09-12T13:56:17","slug":"potabilizacion-agua","status":"publish","type":"page","link":"https:\/\/www.alquera.com\/de\/sulfato-de-aluminio\/potabilizacion-agua\/","title":{"rendered":"Aluminiumsulfat zur Wasserstabilisierung"},"content":{"rendered":"<p>Die\u00a0<a href=\"https:\/\/www.alquera.com\/de\/sulfato-de-aluminio\/\">Aluminiumsulfat<\/a>\u00a0ist ein chemisches Produkt, das bei der Aufbereitung von Trinkwasser weit verbreitet ist.<\/p>\n<p>Die Wasseraufbereitung ist ein komplexer Prozess mit verschiedenen Schritten, von der Reinheitsagglutination \u00fcber die Filtration bis zur Desinfektion. Um die Verunreinigungen zu binden, wird ein Flockungsmittel ben\u00f6tigt, d. h. ein Material, das die Verunreinigungen anziehen kann und sie dann auf den Boden des Beh\u00e4lters absinken l\u00e4sst.<\/p>\n<h2><span id=\"Sulfato_de_Aluminio_Floculante\">Aluminiumsulfat-Flockungshilfsmittel<\/span><\/h2>\n<div id=\"part394591\" class=\"P2\">\n<p>Flockungshilfsmittel sind Produkte oder Chemikalien, die Tr\u00fcbungen aus dem Wasser entfernen. Flockungsmittel binden Schwebstoffe im Wasser und bewirken, dass sie ausfallen. Metalle und Stoffe, die f\u00fcr den menschlichen Verzehr sch\u00e4dlich sind, werden ausgef\u00e4llt. Zum Beispiel Eisen, das dem Wasser einen charakteristischen unangenehmen Geschmack und ein r\u00f6tliches Aussehen verleiht.  Aluminiumsulfat ist ein h\u00e4ufig verwendetes Produkt als Flockungshilfsmittel.<\/p>\n<\/div>\n<div id=\"part396927\" class=\"P4\"><a href=\"https:\/\/www.alquera.com\/de\/sulfato-de-aluminio\/potabilizacion-agua\/attachment\/396927\/\" rel=\"attachment wp-att-33297\"><img loading=\"lazy\" decoding=\"async\" class=\"size-medium wp-image-33297 aligncenter\" src=\"https:\/\/www.alquera.com\/wp-content\/uploads\/2021\/03\/396927-300x225.jpeg\" alt=\"potabilizacion de agua\" width=\"300\" height=\"225\" srcset=\"https:\/\/www.alquera.com\/wp-content\/uploads\/2021\/03\/396927-300x225.jpeg 300w, https:\/\/www.alquera.com\/wp-content\/uploads\/2021\/03\/396927.jpeg 450w\" sizes=\"auto, (max-width: 300px) 100vw, 300px\" \/><\/a><\/div>\n<div class=\"P5\"><\/div>\n<p>In der Reinigungskette werden dem Strom im Kanal von der Pumpe zum Absetzbecken Flockungsmittel zugesetzt. In diesem Kanal wird das Wasser mit Flockungshilfsmitteln intensiv vermischt. Auf diese Weise bilden sich Flocken, die sich mit zunehmender Gr\u00f6\u00dfe auf dem Boden des Dekanters absetzen. Anschlie\u00dfend wird der geflockte Schlamm \u00fcber einen Trichter abgezogen.<br \/>\nAnschlie\u00dfend muss das Wasser gefiltert und desinfiziert werden, damit es f\u00fcr den menschlichen Konsum optimal geeignet ist.<br \/>\nDas Flockungsverfahren wird nicht nur zur Reinigung von Trinkwasser, sondern auch als Flockungsmittel f\u00fcr Schwimmb\u00e4der eingesetzt:\u00a0<a href=\"https:\/\/www.alquera.com\/de\/sulfato-de-aluminio\/piscinas\/\">Pool-Flockungsmittel<\/a>f\u00fcr ihre Zubereitung, damit sie zum Baden geeignet sind.<\/p>\n<div><\/div>\n<div><h3 class=\"widget-title\">Kaufen <\/h3><div><div class=\"woocommerce\"><ul class=\"products columns-4\">\n<li class=\"desktop-align-left tablet-align-left mobile-align-left ast-product-gallery-layout-horizontal-slider ast-magnify-disabled ast-product-single-variable ast-product-tabs-layout-horizontal ast-qv-on-image product type-product post-495 status-publish first instock product_cat-productos-experimentos product_cat-productos has-post-thumbnail taxable shipping-taxable purchasable product-type-variable has-default-attributes\">\n\t<a href=\"https:\/\/www.alquera.com\/de\/permanganato-de-potasio\/\" class=\"woocommerce-LoopProduct-link woocommerce-loop-product__link\"><img loading=\"lazy\" decoding=\"async\" width=\"300\" height=\"300\" src=\"https:\/\/www.alquera.com\/wp-content\/uploads\/2016\/01\/permanganato-200g-foto-nueva-300x300.png\" class=\"attachment-woocommerce_thumbnail size-woocommerce_thumbnail\" alt=\"permanganato 200g\" srcset=\"https:\/\/www.alquera.com\/wp-content\/uploads\/2016\/01\/permanganato-200g-foto-nueva-300x300.png 300w, https:\/\/www.alquera.com\/wp-content\/uploads\/2016\/01\/permanganato-200g-foto-nueva-150x150.png 150w, https:\/\/www.alquera.com\/wp-content\/uploads\/2016\/01\/permanganato-200g-foto-nueva-12x12.png 12w, https:\/\/www.alquera.com\/wp-content\/uploads\/2016\/01\/permanganato-200g-foto-nueva-100x100.png 100w\" sizes=\"auto, (max-width: 300px) 100vw, 300px\" \/><h2 class=\"woocommerce-loop-product__title\">Kaliumpermanganat<\/h2><div class=\"review-rating\"><div class=\"star-rating\"><span style=\"width:100%\" data-no-translation=\"\" data-trp-gettext=\"\">Bewertet mit <strong class=\"rating\">5.00<\/strong> von 5<\/span><\/div><\/div>\n<\/a><a href=\"https:\/\/www.alquera.com\/de\/permanganato-de-potasio\/\" aria-describedby=\"woocommerce_loop_add_to_cart_link_describedby_495\" data-quantity=\"1\" class=\"button product_type_variable add_to_cart_button\" data-product_id=\"495\" data-product_sku=\"AL100111\" aria-label=\"W\u00e4hle Optionen f\u00fcr \u201ePermanganato de Potasio\u201c\" rel=\"nofollow\" data-no-translation=\"\" data-trp-gettext=\"\" data-no-translation-aria-label=\"\">Ausf\u00fchrung w\u00e4hlen<\/a>\t<span id=\"woocommerce_loop_add_to_cart_link_describedby_495\" class=\"screen-reader-text\">\n\t\tDieses Produkt weist mehrere Varianten auf. Die Optionen k\u00f6nnen auf der Produktseite gew\u00e4hlt werden\t<\/span>\n<\/li>\n<\/ul>\n<\/div><\/div><\/div>\n<div><p class=\"widget-title\">Mehr lesen<\/p><a href=\"https:\/\/www.alquera.com\/de\/sulfato-de-aluminio\/\">Aluminiumsulfat<\/a>\n<!-- Page-list plugin v.5.9 wordpress.org\/plugins\/page-list\/ -->\n<ul class=\"page-list siblings-page-list\">\n<li class=\"page_item page-item-33262 menu-item\"><a href=\"https:\/\/www.alquera.com\/de\/sulfato-de-aluminio\/piscinas\/\" class=\"menu-link\">Aluminiumsulfat in Schwimmb\u00e4dern<\/a><\/li>\n<li class=\"page_item page-item-33267 menu-item\"><a href=\"https:\/\/www.alquera.com\/de\/sulfato-de-aluminio\/potabilizacion-agua\/\" class=\"menu-link\">Aluminiumsulfat zur Wasserstabilisierung<\/a><\/li>\n\n<\/ul><\/div>","protected":false},"excerpt":{"rendered":"<p>El\u00a0Sulfato de Aluminio\u00a0es un producto qu\u00edmico muy utilizado en los tratamientos para potabilizaci\u00f3n del agua. El proceso de potabilizaci\u00f3n del agua es un complejo proceso con diferentes pasos, desde aglutinamiento de purezas, filtrado de las mismas y su desinfecci\u00f3n. Para poder aglutinar las impurezas se necesita un floculante, es decir un material que sea capaz [&hellip;]<\/p>\n","protected":false},"author":1,"featured_media":0,"parent":33260,"menu_order":0,"comment_status":"closed","ping_status":"closed","template":"","meta":{"_acf_changed":false,"site-sidebar-layout":"default","site-content-layout":"","ast-site-content-layout":"default","site-content-style":"default","site-sidebar-style":"default","ast-global-header-display":"","ast-banner-title-visibility":"","ast-main-header-display":"","ast-hfb-above-header-display":"","ast-hfb-below-header-display":"","ast-hfb-mobile-header-display":"","site-post-title":"","ast-breadcrumbs-content":"","ast-featured-img":"","footer-sml-layout":"","ast-disable-related-posts":"","theme-transparent-header-meta":"","adv-header-id-meta":"","stick-header-meta":"","header-above-stick-meta":"","header-main-stick-meta":"","header-below-stick-meta":"","astra-migrate-meta-layouts":"default","ast-page-background-enabled":"default","ast-page-background-meta":{"desktop":{"background-color":"var(--ast-global-color-4)","background-image":"","background-repeat":"repeat","background-position":"center center","background-size":"auto","background-attachment":"scroll","background-type":"","background-media":"","overlay-type":"","overlay-color":"","overlay-opacity":"","overlay-gradient":""},"tablet":{"background-color":"","background-image":"","background-repeat":"repeat","background-position":"center center","background-size":"auto","background-attachment":"scroll","background-type":"","background-media":"","overlay-type":"","overlay-color":"","overlay-opacity":"","overlay-gradient":""},"mobile":{"background-color":"","background-image":"","background-repeat":"repeat","background-position":"center center","background-size":"auto","background-attachment":"scroll","background-type":"","background-media":"","overlay-type":"","overlay-color":"","overlay-opacity":"","overlay-gradient":""}},"ast-content-background-meta":{"desktop":{"background-color":"var(--ast-global-color-5)","background-image":"","background-repeat":"repeat","background-position":"center center","background-size":"auto","background-attachment":"scroll","background-type":"","background-media":"","overlay-type":"","overlay-color":"","overlay-opacity":"","overlay-gradient":""},"tablet":{"background-color":"var(--ast-global-color-5)","background-image":"","background-repeat":"repeat","background-position":"center center","background-size":"auto","background-attachment":"scroll","background-type":"","background-media":"","overlay-type":"","overlay-color":"","overlay-opacity":"","overlay-gradient":""},"mobile":{"background-color":"var(--ast-global-color-5)","background-image":"","background-repeat":"repeat","background-position":"center center","background-size":"auto","background-attachment":"scroll","background-type":"","background-media":"","overlay-type":"","overlay-color":"","overlay-opacity":"","overlay-gradient":""}},"footnotes":""},"class_list":["post-33267","page","type-page","status-publish","hentry"],"acf":[],"yoast_head":"<!-- This site is optimized with the Yoast SEO Premium plugin v27.1 (Yoast SEO v27.1.1) - https:\/\/yoast.com\/product\/yoast-seo-premium-wordpress\/ -->\n<title>Sulfato de Aluminio para Potabilizaci\u00f3n del Agua - Alquera.com<\/title>\n<meta name=\"description\" content=\"El sulfato de aluminio es un producto que se utiliza como floculante para potabilizaci\u00f3n de agua potable as\u00ed como en piscinas.\" \/>\n<meta name=\"robots\" content=\"index, follow, max-snippet:-1, max-image-preview:large, max-video-preview:-1\" \/>\n<link rel=\"canonical\" href=\"https:\/\/www.alquera.com\/de\/sulfato-de-aluminio\/potabilizacion-agua\/\" \/>\n<meta property=\"og:locale\" content=\"de_DE\" \/>\n<meta property=\"og:type\" content=\"article\" \/>\n<meta property=\"og:title\" content=\"Sulfato de Aluminio para Potabilizaci\u00f3n del Agua\" \/>\n<meta property=\"og:description\" content=\"El sulfato de aluminio es un producto que se utiliza como floculante para potabilizaci\u00f3n de agua potable as\u00ed como en piscinas.\" \/>\n<meta property=\"og:url\" content=\"https:\/\/www.alquera.com\/de\/sulfato-de-aluminio\/potabilizacion-agua\/\" \/>\n<meta property=\"og:site_name\" content=\"Alquera.com\" \/>\n<meta property=\"article:publisher\" content=\"https:\/\/www.facebook.com\/alqueraciencia\" \/>\n<meta property=\"article:modified_time\" content=\"2021-09-12T13:56:17+00:00\" \/>\n<meta property=\"og:image\" content=\"https:\/\/www.alquera.com\/wp-content\/uploads\/2021\/03\/396927-300x225.jpeg\" \/>\n<meta name=\"twitter:card\" content=\"summary_large_image\" \/>\n<meta name=\"twitter:label1\" content=\"Gesch\u00e4tzte Lesezeit\" \/>\n\t<meta name=\"twitter:data1\" content=\"1\u00a0Minute\" \/>\n<script type=\"application\/ld+json\" class=\"yoast-schema-graph\">{\"@context\":\"https:\/\/schema.org\",\"@graph\":[{\"@type\":\"WebPage\",\"@id\":\"https:\/\/www.alquera.com\/sulfato-de-aluminio\/potabilizacion-agua\/\",\"url\":\"https:\/\/www.alquera.com\/sulfato-de-aluminio\/potabilizacion-agua\/\",\"name\":\"Sulfato de Aluminio para Potabilizaci\u00f3n del Agua - Alquera.com\",\"isPartOf\":{\"@id\":\"https:\/\/www.alquera.com\/en\/#website\"},\"primaryImageOfPage\":{\"@id\":\"https:\/\/www.alquera.com\/sulfato-de-aluminio\/potabilizacion-agua\/#primaryimage\"},\"image\":{\"@id\":\"https:\/\/www.alquera.com\/sulfato-de-aluminio\/potabilizacion-agua\/#primaryimage\"},\"thumbnailUrl\":\"https:\/\/www.alquera.com\/wp-content\/uploads\/2021\/03\/396927-300x225.jpeg\",\"datePublished\":\"2021-03-16T11:51:49+00:00\",\"dateModified\":\"2021-09-12T13:56:17+00:00\",\"description\":\"El sulfato de aluminio es un producto que se utiliza como floculante para potabilizaci\u00f3n de agua potable as\u00ed como en piscinas.\",\"breadcrumb\":{\"@id\":\"https:\/\/www.alquera.com\/sulfato-de-aluminio\/potabilizacion-agua\/#breadcrumb\"},\"inLanguage\":\"de\",\"potentialAction\":[{\"@type\":\"ReadAction\",\"target\":[\"https:\/\/www.alquera.com\/sulfato-de-aluminio\/potabilizacion-agua\/\"]}]},{\"@type\":\"ImageObject\",\"inLanguage\":\"de\",\"@id\":\"https:\/\/www.alquera.com\/sulfato-de-aluminio\/potabilizacion-agua\/#primaryimage\",\"url\":\"https:\/\/www.alquera.com\/wp-content\/uploads\/2021\/03\/396927-300x225.jpeg\",\"contentUrl\":\"https:\/\/www.alquera.com\/wp-content\/uploads\/2021\/03\/396927-300x225.jpeg\"},{\"@type\":\"BreadcrumbList\",\"@id\":\"https:\/\/www.alquera.com\/sulfato-de-aluminio\/potabilizacion-agua\/#breadcrumb\",\"itemListElement\":[{\"@type\":\"ListItem\",\"position\":1,\"name\":\"Inicio\",\"item\":\"https:\/\/www.alquera.com\/\"},{\"@type\":\"ListItem\",\"position\":2,\"name\":\"Sulfato de Aluminio\",\"item\":\"https:\/\/www.alquera.com\/sulfato-de-aluminio\/\"},{\"@type\":\"ListItem\",\"position\":3,\"name\":\"Sulfato de Aluminio para Potabilizaci\u00f3n del Agua\"}]},{\"@type\":\"WebSite\",\"@id\":\"https:\/\/www.alquera.com\/en\/#website\",\"url\":\"https:\/\/www.alquera.com\/en\/\",\"name\":\"Alquera.com\",\"description\":\"Tienda Online Productos Qu\u00edmicos y Material de Laboratorio\",\"publisher\":{\"@id\":\"https:\/\/www.alquera.com\/en\/#organization\"},\"potentialAction\":[{\"@type\":\"SearchAction\",\"target\":{\"@type\":\"EntryPoint\",\"urlTemplate\":\"https:\/\/www.alquera.com\/en\/?s={search_term_string}\"},\"query-input\":{\"@type\":\"PropertyValueSpecification\",\"valueRequired\":true,\"valueName\":\"search_term_string\"}}],\"inLanguage\":\"de\"},{\"@type\":\"Organization\",\"@id\":\"https:\/\/www.alquera.com\/en\/#organization\",\"name\":\"ALQUERA CIENCIA SL\",\"url\":\"https:\/\/www.alquera.com\/en\/\",\"logo\":{\"@type\":\"ImageObject\",\"inLanguage\":\"de\",\"@id\":\"https:\/\/www.alquera.com\/en\/#\/schema\/logo\/image\/\",\"url\":\"https:\/\/www.alquera.com\/wp-content\/uploads\/2020\/11\/logo_300_ancho.png\",\"contentUrl\":\"https:\/\/www.alquera.com\/wp-content\/uploads\/2020\/11\/logo_300_ancho.png\",\"width\":300,\"height\":86,\"caption\":\"ALQUERA CIENCIA SL\"},\"image\":{\"@id\":\"https:\/\/www.alquera.com\/en\/#\/schema\/logo\/image\/\"},\"sameAs\":[\"https:\/\/www.facebook.com\/alqueraciencia\",\"https:\/\/www.instagram.com\/alquera_ciencia\/\",\"https:\/\/www.youtube.com\/c\/alquera\"]}]}<\/script>\n<!-- \/ Yoast SEO Premium plugin. -->","yoast_head_json":{"title":"Aluminiumsulfat f\u00fcr die Wasseraufbereitung - Alquera.com","description":"Aluminiumsulfat ist ein Produkt, das als Flockungsmittel bei der Trinkwasseraufbereitung und in Schwimmb\u00e4dern verwendet wird.","robots":{"index":"index","follow":"follow","max-snippet":"max-snippet:-1","max-image-preview":"max-image-preview:large","max-video-preview":"max-video-preview:-1"},"canonical":"https:\/\/www.alquera.com\/de\/sulfato-de-aluminio\/potabilizacion-agua\/","og_locale":"de_DE","og_type":"article","og_title":"Sulfato de Aluminio para Potabilizaci\u00f3n del Agua","og_description":"El sulfato de aluminio es un producto que se utiliza como floculante para potabilizaci\u00f3n de agua potable as\u00ed como en piscinas.","og_url":"https:\/\/www.alquera.com\/de\/sulfato-de-aluminio\/potabilizacion-agua\/","og_site_name":"Alquera.com","article_publisher":"https:\/\/www.facebook.com\/alqueraciencia","article_modified_time":"2021-09-12T13:56:17+00:00","og_image":[{"url":"https:\/\/www.alquera.com\/wp-content\/uploads\/2021\/03\/396927-300x225.jpeg","type":"","width":"","height":""}],"twitter_card":"summary_large_image","twitter_misc":{"Gesch\u00e4tzte Lesezeit":"1\u00a0Minute"},"schema":{"@context":"https:\/\/schema.org","@graph":[{"@type":"WebPage","@id":"https:\/\/www.alquera.com\/sulfato-de-aluminio\/potabilizacion-agua\/","url":"https:\/\/www.alquera.com\/sulfato-de-aluminio\/potabilizacion-agua\/","name":"Aluminiumsulfat f\u00fcr die Wasseraufbereitung - Alquera.com","isPartOf":{"@id":"https:\/\/www.alquera.com\/en\/#website"},"primaryImageOfPage":{"@id":"https:\/\/www.alquera.com\/sulfato-de-aluminio\/potabilizacion-agua\/#primaryimage"},"image":{"@id":"https:\/\/www.alquera.com\/sulfato-de-aluminio\/potabilizacion-agua\/#primaryimage"},"thumbnailUrl":"https:\/\/www.alquera.com\/wp-content\/uploads\/2021\/03\/396927-300x225.jpeg","datePublished":"2021-03-16T11:51:49+00:00","dateModified":"2021-09-12T13:56:17+00:00","description":"Aluminiumsulfat ist ein Produkt, das als Flockungsmittel bei der Trinkwasseraufbereitung und in Schwimmb\u00e4dern verwendet wird.","breadcrumb":{"@id":"https:\/\/www.alquera.com\/sulfato-de-aluminio\/potabilizacion-agua\/#breadcrumb"},"inLanguage":"de","potentialAction":[{"@type":"ReadAction","target":["https:\/\/www.alquera.com\/sulfato-de-aluminio\/potabilizacion-agua\/"]}]},{"@type":"ImageObject","inLanguage":"de","@id":"https:\/\/www.alquera.com\/sulfato-de-aluminio\/potabilizacion-agua\/#primaryimage","url":"https:\/\/www.alquera.com\/wp-content\/uploads\/2021\/03\/396927-300x225.jpeg","contentUrl":"https:\/\/www.alquera.com\/wp-content\/uploads\/2021\/03\/396927-300x225.jpeg"},{"@type":"BreadcrumbList","@id":"https:\/\/www.alquera.com\/sulfato-de-aluminio\/potabilizacion-agua\/#breadcrumb","itemListElement":[{"@type":"ListItem","position":1,"name":"Inicio","item":"https:\/\/www.alquera.com\/"},{"@type":"ListItem","position":2,"name":"Sulfato de Aluminio","item":"https:\/\/www.alquera.com\/sulfato-de-aluminio\/"},{"@type":"ListItem","position":3,"name":"Sulfato de Aluminio para Potabilizaci\u00f3n del Agua"}]},{"@type":"WebSite","@id":"https:\/\/www.alquera.com\/en\/#website","url":"https:\/\/www.alquera.com\/en\/","name":"Alquera.com","description":"Online Shop Chemische Produkte und Laborger\u00e4te","publisher":{"@id":"https:\/\/www.alquera.com\/en\/#organization"},"potentialAction":[{"@type":"SearchAction","target":{"@type":"EntryPoint","urlTemplate":"https:\/\/www.alquera.com\/en\/?s={search_term_string}"},"query-input":{"@type":"PropertyValueSpecification","valueRequired":true,"valueName":"search_term_string"}}],"inLanguage":"de"},{"@type":"Organization","@id":"https:\/\/www.alquera.com\/en\/#organization","name":"ALQUERA CIENCIA SL","url":"https:\/\/www.alquera.com\/en\/","logo":{"@type":"ImageObject","inLanguage":"de","@id":"https:\/\/www.alquera.com\/en\/#\/schema\/logo\/image\/","url":"https:\/\/www.alquera.com\/wp-content\/uploads\/2020\/11\/logo_300_ancho.png","contentUrl":"https:\/\/www.alquera.com\/wp-content\/uploads\/2020\/11\/logo_300_ancho.png","width":300,"height":86,"caption":"ALQUERA CIENCIA SL"},"image":{"@id":"https:\/\/www.alquera.com\/en\/#\/schema\/logo\/image\/"},"sameAs":["https:\/\/www.facebook.com\/alqueraciencia","https:\/\/www.instagram.com\/alquera_ciencia\/","https:\/\/www.youtube.com\/c\/alquera"]}]}},"_links":{"self":[{"href":"https:\/\/www.alquera.com\/de\/wp-json\/wp\/v2\/pages\/33267","targetHints":{"allow":["GET"]}}],"collection":[{"href":"https:\/\/www.alquera.com\/de\/wp-json\/wp\/v2\/pages"}],"about":[{"href":"https:\/\/www.alquera.com\/de\/wp-json\/wp\/v2\/types\/page"}],"author":[{"embeddable":true,"href":"https:\/\/www.alquera.com\/de\/wp-json\/wp\/v2\/users\/1"}],"replies":[{"embeddable":true,"href":"https:\/\/www.alquera.com\/de\/wp-json\/wp\/v2\/comments?post=33267"}],"version-history":[{"count":5,"href":"https:\/\/www.alquera.com\/de\/wp-json\/wp\/v2\/pages\/33267\/revisions"}],"predecessor-version":[{"id":33301,"href":"https:\/\/www.alquera.com\/de\/wp-json\/wp\/v2\/pages\/33267\/revisions\/33301"}],"up":[{"embeddable":true,"href":"https:\/\/www.alquera.com\/de\/wp-json\/wp\/v2\/pages\/33260"}],"wp:attachment":[{"href":"https:\/\/www.alquera.com\/de\/wp-json\/wp\/v2\/media?parent=33267"}],"curies":[{"name":"wp","href":"https:\/\/api.w.org\/{rel}","templated":true}]}}