{"id":33275,"date":"2021-03-16T12:51:23","date_gmt":"2021-03-16T12:51:23","guid":{"rendered":"https:\/\/www.alquera.com\/?page_id=33275"},"modified":"2021-09-12T13:46:10","modified_gmt":"2021-09-12T13:46:10","slug":"usos","status":"publish","type":"page","link":"https:\/\/www.alquera.com\/de\/acido-oxalico\/usos\/","title":{"rendered":"Verwendung von Oxals\u00e4ure"},"content":{"rendered":"<p>Die\u00a0<a href=\"https:\/\/www.alquera.com\/de\/acido-oxalico\/\"><strong>Oxals\u00e4ure<\/strong><\/a>\u00a0ist eine Carbons\u00e4ure mit der Formel H<sub>2<\/sub>C<sub>2<\/sub>O<sub>4<\/sub>\u00a0kann auch als HOOCCOOH bezeichnet werden, sie ist eine ges\u00e4ttigte organische S\u00e4ure mit normaler Kette, die als sehr stark gilt. Zu seinen wichtigsten Eigenschaften geh\u00f6rt, dass es in Alkohol und Wasser l\u00f6slich ist, in Wasser in dihydratisierter Form kristallisiert und die Formel C<sub>2<\/sub>H<sub>2<\/sub>O<sub>4<\/sub>.2H<sub>2<\/sub>O, sein Schmelzpunkt im hydratisierten Zustand liegt bei 101,5\u00a0<sup>0<\/sup>C. Bei Erhitzung zersetzt es sich und setzt dabei Kohlendioxid (CO<sub>2<\/sub>), Kohlenmonoxid (CO) und Wasser.<\/p>\n<p><a href=\"https:\/\/www.alquera.com\/de\/acido-oxalico\/usos\/acido-oxalico-2\/\" rel=\"attachment wp-att-33305\"><img loading=\"lazy\" decoding=\"async\" class=\"size-full wp-image-33305 aligncenter\" src=\"https:\/\/www.alquera.com\/wp-content\/uploads\/2021\/03\/ACIDO-OXALICO.png\" alt=\"usos \u00e1cido ox\u00e1lico\" width=\"300\" height=\"214\" \/><\/a><\/p>\n<p>Es kommt nat\u00fcrlich in Form von Kalzium- oder Kaliumoxalat in Wurzeln und Rhizomen vieler Pflanzen vor und ist in geringen Mengen in vielen Lebensmitteln wie Kakao, N\u00fcssen, Bohnen und auch in den Bl\u00e4ttern vieler Pflanzen wie Spinat, Petersilie, Mangold usw. enthalten ....<\/p>\n<p>Es gibt mehrere M\u00f6glichkeiten, Oxals\u00e4ure industriell herzustellen, eine davon ist die Oxidation von Kohlenhydraten wie St\u00e4rke, sie kann auch mit Kohlenmonoxid und Natriumhydroxid hergestellt werden, aber die am h\u00e4ufigsten industriell genutzte ist die erste mit zwei aufeinanderfolgenden Oxidationen unter Verwendung von Salpeters\u00e4ure und Luftsauerstoff, und die zweite aus Natriummethanoat.<\/p>\n<p>Seine wichtigsten physikalischen Eigenschaften sind: bitterer Geschmack, farbloser kristalliner Feststoff, teilweise l\u00f6slich in Wasser, Ethanol und L\u00f6sungsmitteln.<\/p>\n<h2>Verwendungen von Oxals\u00e4ure<\/h2>\n<p>Zu den wichtigsten Verwendungen und Anwendungen von\u00a0<b>Oxals\u00e4ure-Dihydrat<\/b>\u00a0sind:<\/p>\n<ul>\n<li>Behandlung von Metalloberfl\u00e4chen.<\/li>\n<li><a href=\"https:\/\/www.alquera.com\/de\/acido-oxalico\/quitar-oxido\/\">Entrosten von Metallen<\/a>insbesondere auf Chromteilen, die bei Fahrr\u00e4dern weit verbreitet sind.<\/li>\n<li>Im Bauwesen wird es verwendet f\u00fcr\u00a0<a href=\"https:\/\/www.alquera.com\/de\/acido-oxalico\/pulir-suelos\/\">B\u00f6den polieren<\/a>Marmor und anderen Oberfl\u00e4chen.<\/li>\n<li>In der Navigation, f\u00fcr <a href=\"https:\/\/www.alquera.com\/de\/acido-oxalico\/limpieza-fibra-vidrio\/\">Glasfaserreinigung<\/a>.<\/li>\n<li>Unter\u00a0<a href=\"https:\/\/www.alquera.com\/de\/acido-oxalico\/apicultura\/\">Imkerei<\/a>\u00a0t\u00f6tet die Varroamilbe aus, die Bienen bef\u00e4llt.<\/li>\n<li>Bleichen und Sch\u00fctzen von Textilien, Holz und Leder.<\/li>\n<li>Fixierung von Farbstoffen im Wollstoff.<\/li>\n<li>Herstellung von Kunststoffen.<\/li>\n<li>In der Gravimetrie wird es f\u00fcr die Ausf\u00e4llung von Silber, Gold, Kupfer, Quecksilber usw. verwendet.<\/li>\n<li>Als Reinigungsmittel f\u00fcr B\u00e4der, K\u00fcchen, Fliesen, B\u00f6den usw. in Haushalt und Industrie.<\/li>\n<li>In der W\u00e4scherei wird es zur Fleckenentfernung und zum Bleichen verwendet.<\/li>\n<\/ul>\n<h2>Physikalische\/chemische Eigenschaften<\/h2>\n<table>\n<tbody>\n<tr>\n<th class=\"cabecera qu\u00edmica\" colspan=\"3\">\n<div class=\"noprint\"><\/div>\n<div class=\"noprint\"><\/div>\n<p>OXALS\u00c4URE ODER ETHANDIS\u00c4URE<\/th>\n<\/tr>\n<tr>\n<th colspan=\"3\">CHEMISCHE FORMEL<\/th>\n<\/tr>\n<tr>\n<th scope=\"row\">HALBFERTIGE FORMEL<\/th>\n<td colspan=\"2\">HOOC-COOH<\/td>\n<\/tr>\n<tr>\n<th scope=\"row\">SUMMENFORMEL<\/th>\n<td colspan=\"2\">C<sub>2<\/sub>H<sub>2<\/sub>O<sub>4<\/sub><\/td>\n<\/tr>\n<tr>\n<th colspan=\"3\">IDENTIFIERS<\/th>\n<\/tr>\n<tr>\n<th scope=\"row\">CAS-NUMMER<\/th>\n<td colspan=\"2\">144-62-7<\/td>\n<\/tr>\n<tr>\n<th colspan=\"3\">PHYSIKALISCHE EIGENSCHAFTEN<\/th>\n<\/tr>\n<tr>\n<th scope=\"row\">APPEARANCE<\/th>\n<td colspan=\"2\">Wei\u00dfe Kristalle\/Staub<\/td>\n<\/tr>\n<tr>\n<th scope=\"row\">DICHTE<\/th>\n<td colspan=\"2\">1900 kg\/m<sup>3<\/sup>1,9 g\/cm<sup>3<\/sup><\/td>\n<\/tr>\n<tr>\n<th scope=\"row\">MOLAR MASS<\/th>\n<td colspan=\"2\">90,03 g\/mol<\/td>\n<\/tr>\n<tr>\n<th scope=\"row\">SCHMELZPUNKT<\/th>\n<td colspan=\"2\">374,65 K (102 \u00b0C)<\/td>\n<\/tr>\n<tr>\n<th scope=\"row\">KESSELPUNKT<\/th>\n<td colspan=\"2\">638,15 K (365 \u00b0C)<\/td>\n<\/tr>\n<tr>\n<th scope=\"row\">ZERSETZUNGSPUNKT<\/th>\n<td colspan=\"2\">462,65 K (190 \u00b0C)<\/td>\n<\/tr>\n<tr>\n<th colspan=\"3\">CHEMISCHE EIGENSCHAFTEN<\/th>\n<\/tr>\n<tr>\n<th scope=\"row\">S\u00c4URE<\/th>\n<td colspan=\"2\">1,19 pK<sub>a<\/sub><\/td>\n<\/tr>\n<tr>\n<th scope=\"row\">WASSERL\u00d6SLICHKEIT<\/th>\n<td colspan=\"2\">9,5 g\/100 mL (15 \u00b0C)<\/td>\n<\/tr>\n<tr>\n<th colspan=\"3\"><\/th>\n<\/tr>\n<\/tbody>\n<\/table>\n<p>&nbsp;<\/p>\n<h2>Vorsichtsma\u00dfnahmen f\u00fcr die Verwendung\u00a0<strong>von Oxals\u00e4ure-Dihydrat<\/strong><\/h2>\n<p>Obwohl die Verwendung sehr verbreitet ist, muss ber\u00fccksichtigt werden, dass es sich um eine S\u00e4ure handelt. Daher m\u00fcssen bei der Handhabung alle erforderlichen Vorsichtsma\u00dfnahmen getroffen werden, d. h. es m\u00fcssen stets Handschuhe getragen und jeglicher Kontakt mit dem Material vermieden werden. Es verursacht starke Reizungen im Mund, in der Speiser\u00f6hre, im Magen und sch\u00e4digt die Nieren, in hohen Dosen ist es t\u00f6dlich, weil es zu Nierenobstruktion und Kr\u00e4mpfen f\u00fchrt, es ist der Hauptbestandteil von Nierensteinen. Es wird leicht \u00fcber die Schleimh\u00e4ute und die Haut aufgenommen und verursacht Durchblutungsst\u00f6rungen und Nierensch\u00e4den. Er ist stark augenreizend und verursacht bei l\u00e4ngerem Kontakt irreversible Sch\u00e4den.<\/p>\n<h3 class=\"widget-title\">Kaufen <\/h3><div><div class=\"woocommerce\"><ul class=\"products columns-4\">\n<li class=\"desktop-align-left tablet-align-left mobile-align-left ast-product-gallery-layout-horizontal-slider ast-magnify-disabled ast-product-single-variable ast-product-tabs-layout-horizontal ast-qv-on-image product type-product post-495 status-publish first instock product_cat-productos-experimentos product_cat-productos has-post-thumbnail taxable shipping-taxable purchasable product-type-variable has-default-attributes\">\n\t<a href=\"https:\/\/www.alquera.com\/de\/permanganato-de-potasio\/\" class=\"woocommerce-LoopProduct-link woocommerce-loop-product__link\"><img loading=\"lazy\" decoding=\"async\" width=\"300\" height=\"300\" src=\"https:\/\/www.alquera.com\/wp-content\/uploads\/2016\/01\/permanganato-200g-foto-nueva-300x300.png\" class=\"attachment-woocommerce_thumbnail size-woocommerce_thumbnail\" alt=\"permanganato 200g\" srcset=\"https:\/\/www.alquera.com\/wp-content\/uploads\/2016\/01\/permanganato-200g-foto-nueva-300x300.png 300w, https:\/\/www.alquera.com\/wp-content\/uploads\/2016\/01\/permanganato-200g-foto-nueva-150x150.png 150w, https:\/\/www.alquera.com\/wp-content\/uploads\/2016\/01\/permanganato-200g-foto-nueva-12x12.png 12w, https:\/\/www.alquera.com\/wp-content\/uploads\/2016\/01\/permanganato-200g-foto-nueva-100x100.png 100w\" sizes=\"auto, (max-width: 300px) 100vw, 300px\" \/><h2 class=\"woocommerce-loop-product__title\">Kaliumpermanganat<\/h2><div class=\"review-rating\"><div class=\"star-rating\"><span style=\"width:100%\" data-no-translation=\"\" data-trp-gettext=\"\">Bewertet mit <strong class=\"rating\">5.00<\/strong> von 5<\/span><\/div><\/div>\n<\/a><a href=\"https:\/\/www.alquera.com\/de\/permanganato-de-potasio\/\" aria-describedby=\"woocommerce_loop_add_to_cart_link_describedby_495\" data-quantity=\"1\" class=\"button product_type_variable add_to_cart_button\" data-product_id=\"495\" data-product_sku=\"AL100111\" aria-label=\"W\u00e4hle Optionen f\u00fcr \u201ePermanganato de Potasio\u201c\" rel=\"nofollow\" data-no-translation=\"\" data-trp-gettext=\"\" data-no-translation-aria-label=\"\">Ausf\u00fchrung w\u00e4hlen<\/a>\t<span id=\"woocommerce_loop_add_to_cart_link_describedby_495\" class=\"screen-reader-text\">\n\t\tDieses Produkt weist mehrere Varianten auf. Die Optionen k\u00f6nnen auf der Produktseite gew\u00e4hlt werden\t<\/span>\n<\/li>\n<\/ul>\n<\/div><\/div>\n<p class=\"widget-title\">Mehr lesen<\/p><a href=\"https:\/\/www.alquera.com\/de\/acido-oxalico\/\">Oxals\u00e4ure<\/a>\n<!-- Page-list plugin v.5.9 wordpress.org\/plugins\/page-list\/ -->\n<ul class=\"page-list siblings-page-list\">\n<li class=\"page_item page-item-33282 menu-item\"><a href=\"https:\/\/www.alquera.com\/de\/acido-oxalico\/apicultura\/\" class=\"menu-link\">Oxals\u00e4ure in der Imkerei<\/a><\/li>\n<li class=\"page_item page-item-33336 menu-item\"><a href=\"https:\/\/www.alquera.com\/de\/acido-oxalico\/limpieza-fibra-vidrio\/\" class=\"menu-link\">Reinigung von Glasfasern<\/a><\/li>\n<li class=\"page_item page-item-33280 menu-item\"><a href=\"https:\/\/www.alquera.com\/de\/acido-oxalico\/pulir-suelos\/\" class=\"menu-link\">Polieren von B\u00f6den mit Oxals\u00e4ure<\/a><\/li>\n<li class=\"page_item page-item-33277 menu-item\"><a href=\"https:\/\/www.alquera.com\/de\/acido-oxalico\/quitar-oxido\/\" class=\"menu-link\">Oxals\u00e4ure-Rostentfernung<\/a><\/li>\n<li class=\"page_item page-item-33275 menu-item\"><a href=\"https:\/\/www.alquera.com\/de\/acido-oxalico\/usos\/\" class=\"menu-link\">Verwendung von Oxals\u00e4ure<\/a><\/li>\n\n<\/ul>","protected":false},"excerpt":{"rendered":"<p>El\u00a0acido ox\u00e1lico\u00a0es un acido carbox\u00edlico cuya f\u00f3rmula es H2C2O4\u00a0tambi\u00e9n se le puede describir como HOOCCOOH, es un \u00e1cido org\u00e1nico saturado, de cadena normal, considerado muy fuerte. Entre sus propiedades m\u00e1s importantes tenemos que es soluble en el alcohol y agua, cristaliza en el agua en forma dihidratada cuya f\u00f3rmula es C2H2O4.2H2O, su punto de fusi\u00f3n [&hellip;]<\/p>\n","protected":false},"author":1,"featured_media":0,"parent":33273,"menu_order":0,"comment_status":"closed","ping_status":"closed","template":"","meta":{"_acf_changed":false,"site-sidebar-layout":"default","site-content-layout":"","ast-site-content-layout":"default","site-content-style":"default","site-sidebar-style":"default","ast-global-header-display":"","ast-banner-title-visibility":"","ast-main-header-display":"","ast-hfb-above-header-display":"","ast-hfb-below-header-display":"","ast-hfb-mobile-header-display":"","site-post-title":"","ast-breadcrumbs-content":"","ast-featured-img":"","footer-sml-layout":"","ast-disable-related-posts":"","theme-transparent-header-meta":"","adv-header-id-meta":"","stick-header-meta":"","header-above-stick-meta":"","header-main-stick-meta":"","header-below-stick-meta":"","astra-migrate-meta-layouts":"default","ast-page-background-enabled":"default","ast-page-background-meta":{"desktop":{"background-color":"var(--ast-global-color-4)","background-image":"","background-repeat":"repeat","background-position":"center center","background-size":"auto","background-attachment":"scroll","background-type":"","background-media":"","overlay-type":"","overlay-color":"","overlay-opacity":"","overlay-gradient":""},"tablet":{"background-color":"","background-image":"","background-repeat":"repeat","background-position":"center center","background-size":"auto","background-attachment":"scroll","background-type":"","background-media":"","overlay-type":"","overlay-color":"","overlay-opacity":"","overlay-gradient":""},"mobile":{"background-color":"","background-image":"","background-repeat":"repeat","background-position":"center center","background-size":"auto","background-attachment":"scroll","background-type":"","background-media":"","overlay-type":"","overlay-color":"","overlay-opacity":"","overlay-gradient":""}},"ast-content-background-meta":{"desktop":{"background-color":"var(--ast-global-color-5)","background-image":"","background-repeat":"repeat","background-position":"center center","background-size":"auto","background-attachment":"scroll","background-type":"","background-media":"","overlay-type":"","overlay-color":"","overlay-opacity":"","overlay-gradient":""},"tablet":{"background-color":"var(--ast-global-color-5)","background-image":"","background-repeat":"repeat","background-position":"center center","background-size":"auto","background-attachment":"scroll","background-type":"","background-media":"","overlay-type":"","overlay-color":"","overlay-opacity":"","overlay-gradient":""},"mobile":{"background-color":"var(--ast-global-color-5)","background-image":"","background-repeat":"repeat","background-position":"center center","background-size":"auto","background-attachment":"scroll","background-type":"","background-media":"","overlay-type":"","overlay-color":"","overlay-opacity":"","overlay-gradient":""}},"footnotes":""},"class_list":["post-33275","page","type-page","status-publish","hentry"],"acf":[],"yoast_head":"<!-- This site is optimized with the Yoast SEO Premium plugin v27.1 (Yoast SEO v27.1.1) - https:\/\/yoast.com\/product\/yoast-seo-premium-wordpress\/ -->\n<title>Usos \u00c1cido Ox\u00e1lico - Alquera.com<\/title>\n<meta name=\"description\" content=\"Usos del \u00e1cido ox\u00e1lico, adem\u00e1s de los usos industriales tiene varias aplicaciones pr\u00e1cticas que te explicamos a continuaci\u00f3n.\" \/>\n<meta name=\"robots\" content=\"index, follow, max-snippet:-1, max-image-preview:large, max-video-preview:-1\" \/>\n<link rel=\"canonical\" href=\"https:\/\/www.alquera.com\/de\/acido-oxalico\/usos\/\" \/>\n<meta property=\"og:locale\" content=\"de_DE\" \/>\n<meta property=\"og:type\" content=\"article\" \/>\n<meta property=\"og:title\" content=\"Usos \u00c1cido Ox\u00e1lico\" \/>\n<meta property=\"og:description\" content=\"Usos del \u00e1cido ox\u00e1lico, adem\u00e1s de los usos industriales tiene varias aplicaciones pr\u00e1cticas que te explicamos a continuaci\u00f3n.\" \/>\n<meta property=\"og:url\" content=\"https:\/\/www.alquera.com\/de\/acido-oxalico\/usos\/\" \/>\n<meta property=\"og:site_name\" content=\"Alquera.com\" \/>\n<meta property=\"article:publisher\" content=\"https:\/\/www.facebook.com\/alqueraciencia\" \/>\n<meta property=\"article:modified_time\" content=\"2021-09-12T13:46:10+00:00\" \/>\n<meta property=\"og:image\" content=\"https:\/\/www.alquera.com\/wp-content\/uploads\/2021\/03\/ACIDO-OXALICO.png\" \/>\n<meta name=\"twitter:card\" content=\"summary_large_image\" \/>\n<meta name=\"twitter:label1\" content=\"Gesch\u00e4tzte Lesezeit\" \/>\n\t<meta name=\"twitter:data1\" content=\"3\u00a0Minuten\" \/>\n<script type=\"application\/ld+json\" class=\"yoast-schema-graph\">{\"@context\":\"https:\/\/schema.org\",\"@graph\":[{\"@type\":\"WebPage\",\"@id\":\"https:\/\/www.alquera.com\/acido-oxalico\/usos\/\",\"url\":\"https:\/\/www.alquera.com\/acido-oxalico\/usos\/\",\"name\":\"Usos \u00c1cido Ox\u00e1lico - Alquera.com\",\"isPartOf\":{\"@id\":\"https:\/\/www.alquera.com\/en\/#website\"},\"primaryImageOfPage\":{\"@id\":\"https:\/\/www.alquera.com\/acido-oxalico\/usos\/#primaryimage\"},\"image\":{\"@id\":\"https:\/\/www.alquera.com\/acido-oxalico\/usos\/#primaryimage\"},\"thumbnailUrl\":\"https:\/\/www.alquera.com\/wp-content\/uploads\/2021\/03\/ACIDO-OXALICO.png\",\"datePublished\":\"2021-03-16T12:51:23+00:00\",\"dateModified\":\"2021-09-12T13:46:10+00:00\",\"description\":\"Usos del \u00e1cido ox\u00e1lico, adem\u00e1s de los usos industriales tiene varias aplicaciones pr\u00e1cticas que te explicamos a continuaci\u00f3n.\",\"breadcrumb\":{\"@id\":\"https:\/\/www.alquera.com\/acido-oxalico\/usos\/#breadcrumb\"},\"inLanguage\":\"de\",\"potentialAction\":[{\"@type\":\"ReadAction\",\"target\":[\"https:\/\/www.alquera.com\/acido-oxalico\/usos\/\"]}]},{\"@type\":\"ImageObject\",\"inLanguage\":\"de\",\"@id\":\"https:\/\/www.alquera.com\/acido-oxalico\/usos\/#primaryimage\",\"url\":\"https:\/\/www.alquera.com\/wp-content\/uploads\/2021\/03\/ACIDO-OXALICO.png\",\"contentUrl\":\"https:\/\/www.alquera.com\/wp-content\/uploads\/2021\/03\/ACIDO-OXALICO.png\"},{\"@type\":\"BreadcrumbList\",\"@id\":\"https:\/\/www.alquera.com\/acido-oxalico\/usos\/#breadcrumb\",\"itemListElement\":[{\"@type\":\"ListItem\",\"position\":1,\"name\":\"Inicio\",\"item\":\"https:\/\/www.alquera.com\/\"},{\"@type\":\"ListItem\",\"position\":2,\"name\":\"Acido Ox\u00e1lico\",\"item\":\"https:\/\/www.alquera.com\/acido-oxalico\/\"},{\"@type\":\"ListItem\",\"position\":3,\"name\":\"Usos \u00c1cido Ox\u00e1lico\"}]},{\"@type\":\"WebSite\",\"@id\":\"https:\/\/www.alquera.com\/en\/#website\",\"url\":\"https:\/\/www.alquera.com\/en\/\",\"name\":\"Alquera.com\",\"description\":\"Tienda Online Productos Qu\u00edmicos y Material de Laboratorio\",\"publisher\":{\"@id\":\"https:\/\/www.alquera.com\/en\/#organization\"},\"potentialAction\":[{\"@type\":\"SearchAction\",\"target\":{\"@type\":\"EntryPoint\",\"urlTemplate\":\"https:\/\/www.alquera.com\/en\/?s={search_term_string}\"},\"query-input\":{\"@type\":\"PropertyValueSpecification\",\"valueRequired\":true,\"valueName\":\"search_term_string\"}}],\"inLanguage\":\"de\"},{\"@type\":\"Organization\",\"@id\":\"https:\/\/www.alquera.com\/en\/#organization\",\"name\":\"ALQUERA CIENCIA SL\",\"url\":\"https:\/\/www.alquera.com\/en\/\",\"logo\":{\"@type\":\"ImageObject\",\"inLanguage\":\"de\",\"@id\":\"https:\/\/www.alquera.com\/en\/#\/schema\/logo\/image\/\",\"url\":\"https:\/\/www.alquera.com\/wp-content\/uploads\/2020\/11\/logo_300_ancho.png\",\"contentUrl\":\"https:\/\/www.alquera.com\/wp-content\/uploads\/2020\/11\/logo_300_ancho.png\",\"width\":300,\"height\":86,\"caption\":\"ALQUERA CIENCIA SL\"},\"image\":{\"@id\":\"https:\/\/www.alquera.com\/en\/#\/schema\/logo\/image\/\"},\"sameAs\":[\"https:\/\/www.facebook.com\/alqueraciencia\",\"https:\/\/www.instagram.com\/alquera_ciencia\/\",\"https:\/\/www.youtube.com\/c\/alquera\"]}]}<\/script>\n<!-- \/ Yoast SEO Premium plugin. -->","yoast_head_json":{"title":"Verwendung von Oxals\u00e4ure - Alquera.com","description":"Neben ihrer industriellen Verwendung hat Oxals\u00e4ure mehrere praktische Anwendungen, die im Folgenden erl\u00e4utert werden.","robots":{"index":"index","follow":"follow","max-snippet":"max-snippet:-1","max-image-preview":"max-image-preview:large","max-video-preview":"max-video-preview:-1"},"canonical":"https:\/\/www.alquera.com\/de\/acido-oxalico\/usos\/","og_locale":"de_DE","og_type":"article","og_title":"Usos \u00c1cido Ox\u00e1lico","og_description":"Usos del \u00e1cido ox\u00e1lico, adem\u00e1s de los usos industriales tiene varias aplicaciones pr\u00e1cticas que te explicamos a continuaci\u00f3n.","og_url":"https:\/\/www.alquera.com\/de\/acido-oxalico\/usos\/","og_site_name":"Alquera.com","article_publisher":"https:\/\/www.facebook.com\/alqueraciencia","article_modified_time":"2021-09-12T13:46:10+00:00","og_image":[{"url":"https:\/\/www.alquera.com\/wp-content\/uploads\/2021\/03\/ACIDO-OXALICO.png","type":"","width":"","height":""}],"twitter_card":"summary_large_image","twitter_misc":{"Gesch\u00e4tzte Lesezeit":"3\u00a0Minuten"},"schema":{"@context":"https:\/\/schema.org","@graph":[{"@type":"WebPage","@id":"https:\/\/www.alquera.com\/acido-oxalico\/usos\/","url":"https:\/\/www.alquera.com\/acido-oxalico\/usos\/","name":"Verwendung von Oxals\u00e4ure - Alquera.com","isPartOf":{"@id":"https:\/\/www.alquera.com\/en\/#website"},"primaryImageOfPage":{"@id":"https:\/\/www.alquera.com\/acido-oxalico\/usos\/#primaryimage"},"image":{"@id":"https:\/\/www.alquera.com\/acido-oxalico\/usos\/#primaryimage"},"thumbnailUrl":"https:\/\/www.alquera.com\/wp-content\/uploads\/2021\/03\/ACIDO-OXALICO.png","datePublished":"2021-03-16T12:51:23+00:00","dateModified":"2021-09-12T13:46:10+00:00","description":"Neben ihrer industriellen Verwendung hat Oxals\u00e4ure mehrere praktische Anwendungen, die im Folgenden erl\u00e4utert werden.","breadcrumb":{"@id":"https:\/\/www.alquera.com\/acido-oxalico\/usos\/#breadcrumb"},"inLanguage":"de","potentialAction":[{"@type":"ReadAction","target":["https:\/\/www.alquera.com\/acido-oxalico\/usos\/"]}]},{"@type":"ImageObject","inLanguage":"de","@id":"https:\/\/www.alquera.com\/acido-oxalico\/usos\/#primaryimage","url":"https:\/\/www.alquera.com\/wp-content\/uploads\/2021\/03\/ACIDO-OXALICO.png","contentUrl":"https:\/\/www.alquera.com\/wp-content\/uploads\/2021\/03\/ACIDO-OXALICO.png"},{"@type":"BreadcrumbList","@id":"https:\/\/www.alquera.com\/acido-oxalico\/usos\/#breadcrumb","itemListElement":[{"@type":"ListItem","position":1,"name":"Inicio","item":"https:\/\/www.alquera.com\/"},{"@type":"ListItem","position":2,"name":"Acido Ox\u00e1lico","item":"https:\/\/www.alquera.com\/acido-oxalico\/"},{"@type":"ListItem","position":3,"name":"Usos \u00c1cido Ox\u00e1lico"}]},{"@type":"WebSite","@id":"https:\/\/www.alquera.com\/en\/#website","url":"https:\/\/www.alquera.com\/en\/","name":"Alquera.com","description":"Online Shop Chemische Produkte und Laborger\u00e4te","publisher":{"@id":"https:\/\/www.alquera.com\/en\/#organization"},"potentialAction":[{"@type":"SearchAction","target":{"@type":"EntryPoint","urlTemplate":"https:\/\/www.alquera.com\/en\/?s={search_term_string}"},"query-input":{"@type":"PropertyValueSpecification","valueRequired":true,"valueName":"search_term_string"}}],"inLanguage":"de"},{"@type":"Organization","@id":"https:\/\/www.alquera.com\/en\/#organization","name":"ALQUERA CIENCIA SL","url":"https:\/\/www.alquera.com\/en\/","logo":{"@type":"ImageObject","inLanguage":"de","@id":"https:\/\/www.alquera.com\/en\/#\/schema\/logo\/image\/","url":"https:\/\/www.alquera.com\/wp-content\/uploads\/2020\/11\/logo_300_ancho.png","contentUrl":"https:\/\/www.alquera.com\/wp-content\/uploads\/2020\/11\/logo_300_ancho.png","width":300,"height":86,"caption":"ALQUERA CIENCIA SL"},"image":{"@id":"https:\/\/www.alquera.com\/en\/#\/schema\/logo\/image\/"},"sameAs":["https:\/\/www.facebook.com\/alqueraciencia","https:\/\/www.instagram.com\/alquera_ciencia\/","https:\/\/www.youtube.com\/c\/alquera"]}]}},"_links":{"self":[{"href":"https:\/\/www.alquera.com\/de\/wp-json\/wp\/v2\/pages\/33275","targetHints":{"allow":["GET"]}}],"collection":[{"href":"https:\/\/www.alquera.com\/de\/wp-json\/wp\/v2\/pages"}],"about":[{"href":"https:\/\/www.alquera.com\/de\/wp-json\/wp\/v2\/types\/page"}],"author":[{"embeddable":true,"href":"https:\/\/www.alquera.com\/de\/wp-json\/wp\/v2\/users\/1"}],"replies":[{"embeddable":true,"href":"https:\/\/www.alquera.com\/de\/wp-json\/wp\/v2\/comments?post=33275"}],"version-history":[{"count":8,"href":"https:\/\/www.alquera.com\/de\/wp-json\/wp\/v2\/pages\/33275\/revisions"}],"predecessor-version":[{"id":33341,"href":"https:\/\/www.alquera.com\/de\/wp-json\/wp\/v2\/pages\/33275\/revisions\/33341"}],"up":[{"embeddable":true,"href":"https:\/\/www.alquera.com\/de\/wp-json\/wp\/v2\/pages\/33273"}],"wp:attachment":[{"href":"https:\/\/www.alquera.com\/de\/wp-json\/wp\/v2\/media?parent=33275"}],"curies":[{"name":"wp","href":"https:\/\/api.w.org\/{rel}","templated":true}]}}