{"id":33277,"date":"2021-03-16T12:49:52","date_gmt":"2021-03-16T12:49:52","guid":{"rendered":"https:\/\/www.alquera.com\/?page_id=33277"},"modified":"2021-09-12T13:44:52","modified_gmt":"2021-09-12T13:44:52","slug":"quitar-oxido","status":"publish","type":"page","link":"https:\/\/www.alquera.com\/de\/acido-oxalico\/quitar-oxido\/","title":{"rendered":"Oxals\u00e4ure-Rostentfernung"},"content":{"rendered":"<p>Eine der Anwendungen des\u00a0<a href=\"https:\/\/www.alquera.com\/de\/acido-oxalico\/\">Oxals\u00e4ure<\/a>\u00a0ist es, Rost von Metallteilen zu entfernen. Es eignet sich besonders f\u00fcr verchromte Stahlteile, wie z. B. Fahrradteile. Der Grund f\u00fcr die Verwendung bei verchromten Teilen ist, dass die Oxals\u00e4ure das Chrom nicht angreift, wie es bei anderen Metallreinigungsmitteln der Fall ist, die st\u00e4rkere S\u00e4uren wie Salzs\u00e4ure enthalten.<\/p>\n<div id=\"attachment_87\" class=\"wp-caption aligncenter\">\n<p><a href=\"https:\/\/www.alquera.com\/de\/acido-oxalico\/quitar-oxido\/piezas-oxidadas\/\" rel=\"attachment wp-att-33315\"><img loading=\"lazy\" decoding=\"async\" class=\"aligncenter wp-image-33315 size-full\" src=\"https:\/\/www.alquera.com\/wp-content\/uploads\/2021\/03\/piezas-oxidadas.png\" alt=\"quitar \u00f3xido \u00e1cido ox\u00e1lico\" width=\"600\" height=\"300\" srcset=\"https:\/\/www.alquera.com\/wp-content\/uploads\/2021\/03\/piezas-oxidadas.png 600w, https:\/\/www.alquera.com\/wp-content\/uploads\/2021\/03\/piezas-oxidadas-300x150.png 300w\" sizes=\"auto, (max-width: 600px) 100vw, 600px\" \/><\/a><\/p>\n<\/div>\n<h2><span id=\"Que_es_una_pieza_cromada\">Was ist ein verchromtes Teil?<\/span><\/h2>\n<p>Wir wollen sehen, wie man Rost mit Oxals\u00e4ure entfernt. Wie bereits erw\u00e4hnt, eignet sich diese Methode sehr gut f\u00fcr alle Metallteile und ist besonders bei verchromten Teilen n\u00fctzlich, da die Oxals\u00e4ure die Chromschicht respektiert, ohne sie anzugreifen.<\/p>\n<p>Ein verchromtes Metallteil ist ein St\u00fcck Stahl, das mit Chrom behandelt wurde, um ihm ein gl\u00e4nzenderes Aussehen zu verleihen. Sie hat eine \u00e4sthetische Wirkung auf Teile. Man kann es auf Besteck und Eisenwaren sehen. Auf diesem Bild sehen Sie Beispiele f\u00fcr verchromte Teile.<\/p>\n<div id=\"attachment_88\" class=\"wp-caption aligncenter\"><\/div>\n<p><a href=\"https:\/\/www.alquera.com\/de\/acido-oxalico\/quitar-oxido\/piezas-cromadas\/\" rel=\"attachment wp-att-33316\"><img loading=\"lazy\" decoding=\"async\" class=\"size-full wp-image-33316 aligncenter\" src=\"https:\/\/www.alquera.com\/wp-content\/uploads\/2021\/03\/piezas-cromadas.png\" alt=\"quitar \u00f3xido en piezas cromadas\" width=\"600\" height=\"300\" srcset=\"https:\/\/www.alquera.com\/wp-content\/uploads\/2021\/03\/piezas-cromadas.png 600w, https:\/\/www.alquera.com\/wp-content\/uploads\/2021\/03\/piezas-cromadas-300x150.png 300w\" sizes=\"auto, (max-width: 600px) 100vw, 600px\" \/><\/a><\/p>\n<h2><span id=\"Como_quitar_el_oxido_con_acido_oxalico\">Wie man Rost mit Oxals\u00e4ure entfernt<\/span><\/h2>\n<ol>\n<li>Reinigen Sie die zu rostenden Teile mit Wasser und Seife, um Staub und andere Partikel zu entfernen.<\/li>\n<li>Nehmen Sie Oxals\u00e4ure (in Pulverform) und verd\u00fcnnen Sie sie f\u00fcr ein paar Minuten. <strong>100 Gramm pro Liter Wasser<\/strong> in einer Sch\u00fcssel oder einem Eimer<\/li>\n<li>F\u00fchren Sie die oxidierten Teile ein. Je nach dem Grad der Oxidation m\u00fcssen Sie sie mehr oder weniger lange stehen lassen. Im Durchschnitt sollten 2-3 Stunden ausreichend sein.<\/li>\n<li>Nehmen Sie die Teile heraus und sp\u00fclen Sie sie gr\u00fcndlich mit Wasser ab, um den Rost zu entfernen.<\/li>\n<li>Trocknen Sie die Teile gr\u00fcndlich. Diese Trocknung ist wichtig, um zu verhindern, dass sie wieder rosten.<\/li>\n<li>Um die Lebensdauer zu verl\u00e4ngern, k\u00f6nnen Sie eine Schicht Fett oder Fettschmiermittel auftragen. Dadurch bleiben die Teile \u00fcber einen l\u00e4ngeren Zeitraum in gutem Zustand.<\/li>\n<\/ol>\n<p>Dieses Produkt wird insbesondere f\u00fcr Fahrradteile verwendet. Werfen wir einen Blick auf diesen speziellen Fall von Fahrradteilen.<\/p>\n<h2><strong>Wie man Fahrradrost entfernt<\/strong><\/h2>\n<p><strong>Materialien:<\/strong>\u00a0Sie ben\u00f6tigen 200 bis 300 Gramm\u00a0<a href=\"https:\/\/www.alquera.com\/de\/acido-oxalico\/\">Oxals\u00e4ure<\/a>400er-Schleifpapier, Stahlwolle 00, Werkzeug zum Zerlegen des Fahrrads, Entfettungsreiniger, Pinsel usw.<\/p>\n<ol>\n<li><strong>Demontieren Sie das Fahrrad:<\/strong> Es ist zwar m\u00f6glich, die Arbeiten ohne Demontage durchzuf\u00fchren, aber Sie werden kein gutes Ergebnis erzielen, daher ist es besser, das ganze Fahrrad zu zerlegen. Wenn das Fahrrad vollst\u00e4ndig zerlegt ist, trennen Sie die verrosteten Teile ab. Bei den verrosteten Teilen handelt es sich um Stahl oder Eisen, da Aluminiumteile nicht rosten. Es ist wichtig, dass die Aluminiumteile nicht mit S\u00e4ure in Ber\u00fchrung kommen, da sie eine Reaktion ausl\u00f6sen k\u00f6nnten. Entfernen Sie dann das gesamte Fett und \u00d6l von den verrosteten Eisen- oder Stahlteilen, die Sie getrennt haben.<\/li>\n<li><b>Zubereitung der Oxals\u00e4urel\u00f6sung:<\/b>\u00a0Tragen Sie Handschuhe und eine Schutzbrille, um direkten Kontakt mit der S\u00e4ure zu vermeiden.<strong>. In einem W\u00fcrfel<\/strong> zwei Essl\u00f6ffel (etwa 100 Gramm) Oxals\u00e4ure pro Liter Wasser zubereiten.<\/li>\n<li><strong>Geben Sie die verrosteten Teile in die L\u00f6sung:<\/strong> Legen Sie die verrosteten und gereinigten Teile des Fahrrads in die L\u00f6sung. Die Teile sollten so platziert werden, dass sie vollst\u00e4ndig untergetaucht sind.  Lassen Sie sie 24 bis 48 Stunden in dem Eimer stehen.  Die Oxals\u00e4ure l\u00f6st die Schmutzschicht bei Kontakt auf, ein Reiben der Teile ist nicht erforderlich.<\/li>\n<li>Nach einer Einweichzeit von 24 bis 48 Stunden werden die St\u00fccke herausgenommen. Die St\u00fccke werden mit einer wei\u00dfen Schicht \u00fcberzogen, die direkt mit Wasser und Seife entfernt werden sollte.<\/li>\n<\/ol>\n<p><strong>R\u00fcckblick:<\/strong>\u00a0Pr\u00fcfen Sie jedes Teil und versuchen Sie, kleine M\u00e4ngel wie Kratzer zu beseitigen.  Entfernen Sie sie mit feinem Schleifpapier.<\/p>\n<p><strong>Mit dem Fahrrad fahren:<\/strong>\u00a0Sobald alle Teile sauber und trocken sind, ist es an der Zeit, sie mit \u00e4u\u00dferster Sorgfalt wieder zusammenzubauen. Ihr Fahrrad wird so gut wie neu sein.<\/p>\n<h3 class=\"widget-title\">Kaufen <\/h3><div><div class=\"woocommerce\"><ul class=\"products columns-4\">\n<li class=\"desktop-align-left tablet-align-left mobile-align-left ast-product-gallery-layout-horizontal-slider ast-magnify-disabled ast-product-single-variable ast-product-tabs-layout-horizontal ast-qv-on-image product type-product post-495 status-publish first instock product_cat-productos-experimentos product_cat-productos has-post-thumbnail taxable shipping-taxable purchasable product-type-variable has-default-attributes\">\n\t<a href=\"https:\/\/www.alquera.com\/de\/permanganato-de-potasio\/\" class=\"woocommerce-LoopProduct-link woocommerce-loop-product__link\"><img loading=\"lazy\" decoding=\"async\" width=\"300\" height=\"300\" src=\"https:\/\/www.alquera.com\/wp-content\/uploads\/2016\/01\/permanganato-200g-foto-nueva-300x300.png\" class=\"attachment-woocommerce_thumbnail size-woocommerce_thumbnail\" alt=\"permanganato 200g\" srcset=\"https:\/\/www.alquera.com\/wp-content\/uploads\/2016\/01\/permanganato-200g-foto-nueva-300x300.png 300w, https:\/\/www.alquera.com\/wp-content\/uploads\/2016\/01\/permanganato-200g-foto-nueva-150x150.png 150w, https:\/\/www.alquera.com\/wp-content\/uploads\/2016\/01\/permanganato-200g-foto-nueva-12x12.png 12w, https:\/\/www.alquera.com\/wp-content\/uploads\/2016\/01\/permanganato-200g-foto-nueva-100x100.png 100w\" sizes=\"auto, (max-width: 300px) 100vw, 300px\" \/><h2 class=\"woocommerce-loop-product__title\">Kaliumpermanganat<\/h2><div class=\"review-rating\"><div class=\"star-rating\"><span style=\"width:100%\" data-no-translation=\"\" data-trp-gettext=\"\">Bewertet mit <strong class=\"rating\">5.00<\/strong> von 5<\/span><\/div><\/div>\n<\/a><a href=\"https:\/\/www.alquera.com\/de\/permanganato-de-potasio\/\" aria-describedby=\"woocommerce_loop_add_to_cart_link_describedby_495\" data-quantity=\"1\" class=\"button product_type_variable add_to_cart_button\" data-product_id=\"495\" data-product_sku=\"AL100111\" aria-label=\"W\u00e4hle Optionen f\u00fcr \u201ePermanganato de Potasio\u201c\" rel=\"nofollow\" data-no-translation=\"\" data-trp-gettext=\"\" data-no-translation-aria-label=\"\">Ausf\u00fchrung w\u00e4hlen<\/a>\t<span id=\"woocommerce_loop_add_to_cart_link_describedby_495\" class=\"screen-reader-text\">\n\t\tDieses Produkt weist mehrere Varianten auf. Die Optionen k\u00f6nnen auf der Produktseite gew\u00e4hlt werden\t<\/span>\n<\/li>\n<\/ul>\n<\/div><\/div>\n<p class=\"widget-title\">Mehr lesen<\/p><a href=\"https:\/\/www.alquera.com\/de\/acido-oxalico\/\">Oxals\u00e4ure<\/a>\n<!-- Page-list plugin v.5.9 wordpress.org\/plugins\/page-list\/ -->\n<ul class=\"page-list siblings-page-list\">\n<li class=\"page_item page-item-33282 menu-item\"><a href=\"https:\/\/www.alquera.com\/de\/acido-oxalico\/apicultura\/\" class=\"menu-link\">Oxals\u00e4ure in der Imkerei<\/a><\/li>\n<li class=\"page_item page-item-33336 menu-item\"><a href=\"https:\/\/www.alquera.com\/de\/acido-oxalico\/limpieza-fibra-vidrio\/\" class=\"menu-link\">Reinigung von Glasfasern<\/a><\/li>\n<li class=\"page_item page-item-33280 menu-item\"><a href=\"https:\/\/www.alquera.com\/de\/acido-oxalico\/pulir-suelos\/\" class=\"menu-link\">Polieren von B\u00f6den mit Oxals\u00e4ure<\/a><\/li>\n<li class=\"page_item page-item-33277 menu-item\"><a href=\"https:\/\/www.alquera.com\/de\/acido-oxalico\/quitar-oxido\/\" class=\"menu-link\">Oxals\u00e4ure-Rostentfernung<\/a><\/li>\n<li class=\"page_item page-item-33275 menu-item\"><a href=\"https:\/\/www.alquera.com\/de\/acido-oxalico\/usos\/\" class=\"menu-link\">Verwendung von Oxals\u00e4ure<\/a><\/li>\n\n<\/ul>\n<div><\/div>","protected":false},"excerpt":{"rendered":"<p>Una de las aplicaciones del\u00a0\u00e1cido ox\u00e1lico\u00a0es la de quitar \u00f3xido en piezas met\u00e1licas. Est\u00e1 especialmente indicado para piezas de acero que han sido cromadas, como ser\u00edan las piezas de la bicicleta. El motivo de utilizarlo en piezas cromadas es porque el \u00e1cido ox\u00e1lico no se va a comer el cromo como si ocurre con otros [&hellip;]<\/p>\n","protected":false},"author":1,"featured_media":0,"parent":33273,"menu_order":0,"comment_status":"closed","ping_status":"closed","template":"","meta":{"_acf_changed":false,"site-sidebar-layout":"default","site-content-layout":"","ast-site-content-layout":"default","site-content-style":"default","site-sidebar-style":"default","ast-global-header-display":"","ast-banner-title-visibility":"","ast-main-header-display":"","ast-hfb-above-header-display":"","ast-hfb-below-header-display":"","ast-hfb-mobile-header-display":"","site-post-title":"","ast-breadcrumbs-content":"","ast-featured-img":"","footer-sml-layout":"","ast-disable-related-posts":"","theme-transparent-header-meta":"","adv-header-id-meta":"","stick-header-meta":"","header-above-stick-meta":"","header-main-stick-meta":"","header-below-stick-meta":"","astra-migrate-meta-layouts":"default","ast-page-background-enabled":"default","ast-page-background-meta":{"desktop":{"background-color":"var(--ast-global-color-4)","background-image":"","background-repeat":"repeat","background-position":"center center","background-size":"auto","background-attachment":"scroll","background-type":"","background-media":"","overlay-type":"","overlay-color":"","overlay-opacity":"","overlay-gradient":""},"tablet":{"background-color":"","background-image":"","background-repeat":"repeat","background-position":"center center","background-size":"auto","background-attachment":"scroll","background-type":"","background-media":"","overlay-type":"","overlay-color":"","overlay-opacity":"","overlay-gradient":""},"mobile":{"background-color":"","background-image":"","background-repeat":"repeat","background-position":"center center","background-size":"auto","background-attachment":"scroll","background-type":"","background-media":"","overlay-type":"","overlay-color":"","overlay-opacity":"","overlay-gradient":""}},"ast-content-background-meta":{"desktop":{"background-color":"var(--ast-global-color-5)","background-image":"","background-repeat":"repeat","background-position":"center center","background-size":"auto","background-attachment":"scroll","background-type":"","background-media":"","overlay-type":"","overlay-color":"","overlay-opacity":"","overlay-gradient":""},"tablet":{"background-color":"var(--ast-global-color-5)","background-image":"","background-repeat":"repeat","background-position":"center center","background-size":"auto","background-attachment":"scroll","background-type":"","background-media":"","overlay-type":"","overlay-color":"","overlay-opacity":"","overlay-gradient":""},"mobile":{"background-color":"var(--ast-global-color-5)","background-image":"","background-repeat":"repeat","background-position":"center center","background-size":"auto","background-attachment":"scroll","background-type":"","background-media":"","overlay-type":"","overlay-color":"","overlay-opacity":"","overlay-gradient":""}},"footnotes":""},"class_list":["post-33277","page","type-page","status-publish","hentry"],"acf":[],"yoast_head":"<!-- This site is optimized with the Yoast SEO Premium plugin v27.1 (Yoast SEO v27.1.1) - https:\/\/yoast.com\/product\/yoast-seo-premium-wordpress\/ -->\n<title>Quitar \u00d3xido con \u00c1cido Ox\u00e1lico - Alquera.com<\/title>\n<meta name=\"description\" content=\"Vamos a ver como quitar el \u00f3xido especialmente en piezas cromadas utilizando \u00e1cido ox\u00e1lico. Deja tus piezas como nuevas!\" \/>\n<meta name=\"robots\" content=\"index, follow, max-snippet:-1, max-image-preview:large, max-video-preview:-1\" \/>\n<link rel=\"canonical\" href=\"https:\/\/www.alquera.com\/de\/acido-oxalico\/quitar-oxido\/\" \/>\n<meta property=\"og:locale\" content=\"de_DE\" \/>\n<meta property=\"og:type\" content=\"article\" \/>\n<meta property=\"og:title\" content=\"Quitar \u00d3xido con \u00c1cido Ox\u00e1lico\" \/>\n<meta property=\"og:description\" content=\"Vamos a ver como quitar el \u00f3xido especialmente en piezas cromadas utilizando \u00e1cido ox\u00e1lico. Deja tus piezas como nuevas!\" \/>\n<meta property=\"og:url\" content=\"https:\/\/www.alquera.com\/de\/acido-oxalico\/quitar-oxido\/\" \/>\n<meta property=\"og:site_name\" content=\"Alquera.com\" \/>\n<meta property=\"article:publisher\" content=\"https:\/\/www.facebook.com\/alqueraciencia\" \/>\n<meta property=\"article:modified_time\" content=\"2021-09-12T13:44:52+00:00\" \/>\n<meta property=\"og:image\" content=\"https:\/\/www.alquera.com\/wp-content\/uploads\/2021\/03\/piezas-oxidadas.png\" \/>\n<meta name=\"twitter:card\" content=\"summary_large_image\" \/>\n<meta name=\"twitter:label1\" content=\"Gesch\u00e4tzte Lesezeit\" \/>\n\t<meta name=\"twitter:data1\" content=\"3\u00a0Minuten\" \/>\n<script type=\"application\/ld+json\" class=\"yoast-schema-graph\">{\"@context\":\"https:\/\/schema.org\",\"@graph\":[{\"@type\":\"WebPage\",\"@id\":\"https:\/\/www.alquera.com\/acido-oxalico\/quitar-oxido\/\",\"url\":\"https:\/\/www.alquera.com\/acido-oxalico\/quitar-oxido\/\",\"name\":\"Quitar \u00d3xido con \u00c1cido Ox\u00e1lico - Alquera.com\",\"isPartOf\":{\"@id\":\"https:\/\/www.alquera.com\/en\/#website\"},\"primaryImageOfPage\":{\"@id\":\"https:\/\/www.alquera.com\/acido-oxalico\/quitar-oxido\/#primaryimage\"},\"image\":{\"@id\":\"https:\/\/www.alquera.com\/acido-oxalico\/quitar-oxido\/#primaryimage\"},\"thumbnailUrl\":\"https:\/\/www.alquera.com\/wp-content\/uploads\/2021\/03\/piezas-oxidadas.png\",\"datePublished\":\"2021-03-16T12:49:52+00:00\",\"dateModified\":\"2021-09-12T13:44:52+00:00\",\"description\":\"Vamos a ver como quitar el \u00f3xido especialmente en piezas cromadas utilizando \u00e1cido ox\u00e1lico. Deja tus piezas como nuevas!\",\"breadcrumb\":{\"@id\":\"https:\/\/www.alquera.com\/acido-oxalico\/quitar-oxido\/#breadcrumb\"},\"inLanguage\":\"de\",\"potentialAction\":[{\"@type\":\"ReadAction\",\"target\":[\"https:\/\/www.alquera.com\/acido-oxalico\/quitar-oxido\/\"]}]},{\"@type\":\"ImageObject\",\"inLanguage\":\"de\",\"@id\":\"https:\/\/www.alquera.com\/acido-oxalico\/quitar-oxido\/#primaryimage\",\"url\":\"https:\/\/www.alquera.com\/wp-content\/uploads\/2021\/03\/piezas-oxidadas.png\",\"contentUrl\":\"https:\/\/www.alquera.com\/wp-content\/uploads\/2021\/03\/piezas-oxidadas.png\"},{\"@type\":\"BreadcrumbList\",\"@id\":\"https:\/\/www.alquera.com\/acido-oxalico\/quitar-oxido\/#breadcrumb\",\"itemListElement\":[{\"@type\":\"ListItem\",\"position\":1,\"name\":\"Inicio\",\"item\":\"https:\/\/www.alquera.com\/\"},{\"@type\":\"ListItem\",\"position\":2,\"name\":\"Acido Ox\u00e1lico\",\"item\":\"https:\/\/www.alquera.com\/acido-oxalico\/\"},{\"@type\":\"ListItem\",\"position\":3,\"name\":\"Quitar \u00d3xido con \u00c1cido Ox\u00e1lico\"}]},{\"@type\":\"WebSite\",\"@id\":\"https:\/\/www.alquera.com\/en\/#website\",\"url\":\"https:\/\/www.alquera.com\/en\/\",\"name\":\"Alquera.com\",\"description\":\"Tienda Online Productos Qu\u00edmicos y Material de Laboratorio\",\"publisher\":{\"@id\":\"https:\/\/www.alquera.com\/en\/#organization\"},\"potentialAction\":[{\"@type\":\"SearchAction\",\"target\":{\"@type\":\"EntryPoint\",\"urlTemplate\":\"https:\/\/www.alquera.com\/en\/?s={search_term_string}\"},\"query-input\":{\"@type\":\"PropertyValueSpecification\",\"valueRequired\":true,\"valueName\":\"search_term_string\"}}],\"inLanguage\":\"de\"},{\"@type\":\"Organization\",\"@id\":\"https:\/\/www.alquera.com\/en\/#organization\",\"name\":\"ALQUERA CIENCIA SL\",\"url\":\"https:\/\/www.alquera.com\/en\/\",\"logo\":{\"@type\":\"ImageObject\",\"inLanguage\":\"de\",\"@id\":\"https:\/\/www.alquera.com\/en\/#\/schema\/logo\/image\/\",\"url\":\"https:\/\/www.alquera.com\/wp-content\/uploads\/2020\/11\/logo_300_ancho.png\",\"contentUrl\":\"https:\/\/www.alquera.com\/wp-content\/uploads\/2020\/11\/logo_300_ancho.png\",\"width\":300,\"height\":86,\"caption\":\"ALQUERA CIENCIA SL\"},\"image\":{\"@id\":\"https:\/\/www.alquera.com\/en\/#\/schema\/logo\/image\/\"},\"sameAs\":[\"https:\/\/www.facebook.com\/alqueraciencia\",\"https:\/\/www.instagram.com\/alquera_ciencia\/\",\"https:\/\/www.youtube.com\/c\/alquera\"]}]}<\/script>\n<!-- \/ Yoast SEO Premium plugin. -->","yoast_head_json":{"title":"Rostentfernung mit Oxals\u00e4ure - Alquera.com","description":"Sehen wir uns an, wie man Rost vor allem auf Chromteilen mit Oxals\u00e4ure entfernen kann. Lassen Sie Ihre Teile so gut wie neu!","robots":{"index":"index","follow":"follow","max-snippet":"max-snippet:-1","max-image-preview":"max-image-preview:large","max-video-preview":"max-video-preview:-1"},"canonical":"https:\/\/www.alquera.com\/de\/acido-oxalico\/quitar-oxido\/","og_locale":"de_DE","og_type":"article","og_title":"Quitar \u00d3xido con \u00c1cido Ox\u00e1lico","og_description":"Vamos a ver como quitar el \u00f3xido especialmente en piezas cromadas utilizando \u00e1cido ox\u00e1lico. Deja tus piezas como nuevas!","og_url":"https:\/\/www.alquera.com\/de\/acido-oxalico\/quitar-oxido\/","og_site_name":"Alquera.com","article_publisher":"https:\/\/www.facebook.com\/alqueraciencia","article_modified_time":"2021-09-12T13:44:52+00:00","og_image":[{"url":"https:\/\/www.alquera.com\/wp-content\/uploads\/2021\/03\/piezas-oxidadas.png","type":"","width":"","height":""}],"twitter_card":"summary_large_image","twitter_misc":{"Gesch\u00e4tzte Lesezeit":"3\u00a0Minuten"},"schema":{"@context":"https:\/\/schema.org","@graph":[{"@type":"WebPage","@id":"https:\/\/www.alquera.com\/acido-oxalico\/quitar-oxido\/","url":"https:\/\/www.alquera.com\/acido-oxalico\/quitar-oxido\/","name":"Rostentfernung mit Oxals\u00e4ure - Alquera.com","isPartOf":{"@id":"https:\/\/www.alquera.com\/en\/#website"},"primaryImageOfPage":{"@id":"https:\/\/www.alquera.com\/acido-oxalico\/quitar-oxido\/#primaryimage"},"image":{"@id":"https:\/\/www.alquera.com\/acido-oxalico\/quitar-oxido\/#primaryimage"},"thumbnailUrl":"https:\/\/www.alquera.com\/wp-content\/uploads\/2021\/03\/piezas-oxidadas.png","datePublished":"2021-03-16T12:49:52+00:00","dateModified":"2021-09-12T13:44:52+00:00","description":"Sehen wir uns an, wie man Rost vor allem auf Chromteilen mit Oxals\u00e4ure entfernen kann. Lassen Sie Ihre Teile so gut wie neu!","breadcrumb":{"@id":"https:\/\/www.alquera.com\/acido-oxalico\/quitar-oxido\/#breadcrumb"},"inLanguage":"de","potentialAction":[{"@type":"ReadAction","target":["https:\/\/www.alquera.com\/acido-oxalico\/quitar-oxido\/"]}]},{"@type":"ImageObject","inLanguage":"de","@id":"https:\/\/www.alquera.com\/acido-oxalico\/quitar-oxido\/#primaryimage","url":"https:\/\/www.alquera.com\/wp-content\/uploads\/2021\/03\/piezas-oxidadas.png","contentUrl":"https:\/\/www.alquera.com\/wp-content\/uploads\/2021\/03\/piezas-oxidadas.png"},{"@type":"BreadcrumbList","@id":"https:\/\/www.alquera.com\/acido-oxalico\/quitar-oxido\/#breadcrumb","itemListElement":[{"@type":"ListItem","position":1,"name":"Inicio","item":"https:\/\/www.alquera.com\/"},{"@type":"ListItem","position":2,"name":"Acido Ox\u00e1lico","item":"https:\/\/www.alquera.com\/acido-oxalico\/"},{"@type":"ListItem","position":3,"name":"Quitar \u00d3xido con \u00c1cido Ox\u00e1lico"}]},{"@type":"WebSite","@id":"https:\/\/www.alquera.com\/en\/#website","url":"https:\/\/www.alquera.com\/en\/","name":"Alquera.com","description":"Online Shop Chemische Produkte und Laborger\u00e4te","publisher":{"@id":"https:\/\/www.alquera.com\/en\/#organization"},"potentialAction":[{"@type":"SearchAction","target":{"@type":"EntryPoint","urlTemplate":"https:\/\/www.alquera.com\/en\/?s={search_term_string}"},"query-input":{"@type":"PropertyValueSpecification","valueRequired":true,"valueName":"search_term_string"}}],"inLanguage":"de"},{"@type":"Organization","@id":"https:\/\/www.alquera.com\/en\/#organization","name":"ALQUERA CIENCIA SL","url":"https:\/\/www.alquera.com\/en\/","logo":{"@type":"ImageObject","inLanguage":"de","@id":"https:\/\/www.alquera.com\/en\/#\/schema\/logo\/image\/","url":"https:\/\/www.alquera.com\/wp-content\/uploads\/2020\/11\/logo_300_ancho.png","contentUrl":"https:\/\/www.alquera.com\/wp-content\/uploads\/2020\/11\/logo_300_ancho.png","width":300,"height":86,"caption":"ALQUERA CIENCIA SL"},"image":{"@id":"https:\/\/www.alquera.com\/en\/#\/schema\/logo\/image\/"},"sameAs":["https:\/\/www.facebook.com\/alqueraciencia","https:\/\/www.instagram.com\/alquera_ciencia\/","https:\/\/www.youtube.com\/c\/alquera"]}]}},"_links":{"self":[{"href":"https:\/\/www.alquera.com\/de\/wp-json\/wp\/v2\/pages\/33277","targetHints":{"allow":["GET"]}}],"collection":[{"href":"https:\/\/www.alquera.com\/de\/wp-json\/wp\/v2\/pages"}],"about":[{"href":"https:\/\/www.alquera.com\/de\/wp-json\/wp\/v2\/types\/page"}],"author":[{"embeddable":true,"href":"https:\/\/www.alquera.com\/de\/wp-json\/wp\/v2\/users\/1"}],"replies":[{"embeddable":true,"href":"https:\/\/www.alquera.com\/de\/wp-json\/wp\/v2\/comments?post=33277"}],"version-history":[{"count":9,"href":"https:\/\/www.alquera.com\/de\/wp-json\/wp\/v2\/pages\/33277\/revisions"}],"predecessor-version":[{"id":33329,"href":"https:\/\/www.alquera.com\/de\/wp-json\/wp\/v2\/pages\/33277\/revisions\/33329"}],"up":[{"embeddable":true,"href":"https:\/\/www.alquera.com\/de\/wp-json\/wp\/v2\/pages\/33273"}],"wp:attachment":[{"href":"https:\/\/www.alquera.com\/de\/wp-json\/wp\/v2\/media?parent=33277"}],"curies":[{"name":"wp","href":"https:\/\/api.w.org\/{rel}","templated":true}]}}