{"id":33280,"date":"2021-03-16T13:28:29","date_gmt":"2021-03-16T13:28:29","guid":{"rendered":"https:\/\/www.alquera.com\/?page_id=33280"},"modified":"2021-09-12T13:44:35","modified_gmt":"2021-09-12T13:44:35","slug":"pulir-suelos","status":"publish","type":"page","link":"https:\/\/www.alquera.com\/de\/acido-oxalico\/pulir-suelos\/","title":{"rendered":"Polieren von B\u00f6den mit Oxals\u00e4ure"},"content":{"rendered":"<p>Marmor-, Granit-, Terrazzo- oder andere polierte Steinb\u00f6den verleihen jedem Geb\u00e4ude unvergleichliche Sch\u00f6nheit und Eleganz. Es handelt sich um sehr langlebige B\u00f6den, die jedoch im Laufe der Zeit durch Abnutzung, unsachgem\u00e4\u00dfe Behandlung, Kratzer und Flecken beeintr\u00e4chtigt werden, die behandelt werden m\u00fcssen. Es ist erforderlich, eine <strong>Polieren dieser B\u00f6den<\/strong>insbesondere in Marmor und Granit.<\/p>\n<p>Aufgrund der H\u00e4rte dieser Materialien sind Polierprozesse schwierig, die\u00a0<a href=\"https:\/\/www.alquera.com\/de\/acido-oxalico\/\">Oxals\u00e4ure<\/a> wird Ihnen bei dieser Polieraufgabe helfen, da es ein sehr wirtschaftliches und leicht zu verarbeitendes Produkt ist. Hier erkl\u00e4ren wir die Verwendung von Oxals\u00e4ure zum Polieren von B\u00f6den.<\/p>\n<h2><span id=\"PISOS_DE_MARMOL\">MARMORB\u00d6DEN<\/span><\/h2>\n<p>Marmor ist eines der am meisten gesch\u00e4tzten Materialien f\u00fcr die Dekoration eines Hauses. Die\u00a0<strong>Marmor<\/strong>\u00a0ist sehr elegant und leuchtend. Es ist zu beachten, dass es sich zwar um ein hervorragendes Material handelt, das aber auch sehr por\u00f6s ist. Porosit\u00e4t bedeutet, dass es viele Substanzen absorbieren kann und dabei seinen Glanz verliert. Daher ist es wichtig, sie h\u00e4ufig zu reinigen und sie regelm\u00e4\u00dfig zu pflegen.<\/p>\n<p>Marmor sollte nicht mit Scheuermitteln wie Bleichmittel gereinigt werden, da dies den Marmor besch\u00e4digen k\u00f6nnte. Und es sollte so trocken wie m\u00f6glich gehalten werden. Nach dem Aufwischen sollte er gr\u00fcndlich getrocknet werden, damit er trocken bleibt. Um die Porosit\u00e4t zu minimieren, sollte eine Wachsschicht aufgetragen werden. Es wird empfohlen, den Marmorboden alle 4-5 Jahre zu polieren. Eines der Produkte, die zum Polieren von Marmorb\u00f6den verwendet werden, ist Oxals\u00e4ure. Im folgenden Abschnitt erfahren Sie, wie Sie B\u00f6den mit Oxals\u00e4ure polieren k\u00f6nnen.<\/p>\n<h2><span id=\"COMO_PULIR_PISOS_DE_MARMOL_Y_GRANITO_CON_ACIDO_OXALICO\"><strong>WIE MAN MARMOR- UND GRANITB\u00d6DEN MIT OXALS\u00c4URE POLIERT<\/strong><\/span><\/h2>\n<ol>\n<li>F\u00fcr die Reinigung eines\u00a0<strong>Marmorboden mit Oxals\u00e4ure<\/strong>\u00a0(wie bei jeder anderen S\u00e4ure), entfernen Sie zun\u00e4chst Fett, Wachs oder anderen Schmutz vom Boden. Hierf\u00fcr k\u00f6nnen Sie handels\u00fcbliche Anti-Fett-Reinigungsmittel verwenden. Reinigen Sie vor allem die Bereiche, an denen die meisten Menschen vorbeikommen, an den R\u00e4ndern, wo sich Fett und Schmutz ansammeln, und unter M\u00f6beln, die schon lange am selben Platz stehen.<\/li>\n<\/ol>\n<div id=\"attachment_19\" class=\"wp-caption aligncenter\">\n<p class=\"wp-caption-text\"><img loading=\"lazy\" decoding=\"async\" class=\"alignnone size-full wp-image-33318\" src=\"https:\/\/www.alquera.com\/wp-content\/uploads\/2021\/03\/desengrasar.png\" alt=\"limpieza suelos marmol primer paso\" width=\"600\" height=\"286\" srcset=\"https:\/\/www.alquera.com\/wp-content\/uploads\/2021\/03\/desengrasar.png 600w, https:\/\/www.alquera.com\/wp-content\/uploads\/2021\/03\/desengrasar-300x143.png 300w\" sizes=\"auto, (max-width: 600px) 100vw, 600px\" \/><\/p>\n<\/div>\n<p>&nbsp;<\/p>\n<p>(2) Wenn der Schaden am Boden nicht gro\u00df ist und nur die vorhandene Politur hervorgehoben werden soll, kann der gesamte Poliervorgang von Hand durchgef\u00fchrt werden. Verwenden Sie sehr feine 00-Stahlwolle und kreisende Bewegungen. Sie brauchen nur die Oxals\u00e4ure zusammen mit etwas Wasser hinzuzuf\u00fcgen und mit dem Abschleifen der besch\u00e4digten Stellen zu beginnen.<\/p>\n<p>Wenn der Boden stark abgenutzt ist und viele Flecken aufweist, ist es am besten, eine automatische Poliermaschine zu verwenden.<\/p>\n<p><img loading=\"lazy\" decoding=\"async\" class=\"size-full wp-image-33319 aligncenter\" src=\"https:\/\/www.alquera.com\/wp-content\/uploads\/2021\/03\/unnamed.jpg\" alt=\"pulir suelos con acido ox\" width=\"512\" height=\"341\" srcset=\"https:\/\/www.alquera.com\/wp-content\/uploads\/2021\/03\/unnamed.jpg 512w, https:\/\/www.alquera.com\/wp-content\/uploads\/2021\/03\/unnamed-300x200.jpg 300w\" sizes=\"auto, (max-width: 512px) 100vw, 512px\" \/><\/p>\n<p>3. Mit Wasser absp\u00fclen und reinigen, um R\u00fcckst\u00e4nde zu entfernen.<\/p>\n<div id=\"attachment_20\" class=\"wp-caption aligncenter\">\n<p class=\"wp-caption-text\">\n<\/div>\n<p>4. Zum Abschluss der Arbeit von <strong>Polieren von Fu\u00dfb\u00f6den, Marmor, Stein, usw.<\/strong>... , ... , muss ein spezielles Poliermittel verwendet werden.<\/p>\n<h3><span id=\"Mantenimiento_del_suelo_de_marmol_y_granito\">Pflege von Marmor- und Granitb\u00f6den.<\/span><\/h3>\n<p>Damit die Oxals\u00e4urepolitur lange h\u00e4lt, ist es wichtig, Wartungsarbeiten durchzuf\u00fchren. Zu diesem Zweck ist es lediglich erforderlich, den Staub regelm\u00e4\u00dfig zu reinigen und die Verwendung von Zitrone oder Essig zu vermeiden. Falls eine Fl\u00fcssigkeit oder eine Substanz versch\u00fcttet wird, sollte sie sofort entfernt werden, da Marmor- und Granitb\u00f6den por\u00f6s sind und Fl\u00fcssigkeiten sehr leicht eindringen k\u00f6nnen.<\/p>\n<div><h3 class=\"widget-title\">Kaufen <\/h3><div><div class=\"woocommerce\"><ul class=\"products columns-4\">\n<li class=\"desktop-align-left tablet-align-left mobile-align-left ast-product-gallery-layout-horizontal-slider ast-magnify-disabled ast-product-single-variable ast-product-tabs-layout-horizontal ast-qv-on-image product type-product post-495 status-publish first instock product_cat-productos-experimentos product_cat-productos has-post-thumbnail taxable shipping-taxable purchasable product-type-variable has-default-attributes\">\n\t<a href=\"https:\/\/www.alquera.com\/de\/permanganato-de-potasio\/\" class=\"woocommerce-LoopProduct-link woocommerce-loop-product__link\"><img loading=\"lazy\" decoding=\"async\" width=\"300\" height=\"300\" src=\"https:\/\/www.alquera.com\/wp-content\/uploads\/2016\/01\/permanganato-200g-foto-nueva-300x300.png\" class=\"attachment-woocommerce_thumbnail size-woocommerce_thumbnail\" alt=\"permanganato 200g\" srcset=\"https:\/\/www.alquera.com\/wp-content\/uploads\/2016\/01\/permanganato-200g-foto-nueva-300x300.png 300w, https:\/\/www.alquera.com\/wp-content\/uploads\/2016\/01\/permanganato-200g-foto-nueva-150x150.png 150w, https:\/\/www.alquera.com\/wp-content\/uploads\/2016\/01\/permanganato-200g-foto-nueva-12x12.png 12w, https:\/\/www.alquera.com\/wp-content\/uploads\/2016\/01\/permanganato-200g-foto-nueva-100x100.png 100w\" sizes=\"auto, (max-width: 300px) 100vw, 300px\" \/><h2 class=\"woocommerce-loop-product__title\">Kaliumpermanganat<\/h2><div class=\"review-rating\"><div class=\"star-rating\"><span style=\"width:100%\" data-no-translation=\"\" data-trp-gettext=\"\">Bewertet mit <strong class=\"rating\">5.00<\/strong> von 5<\/span><\/div><\/div>\n<\/a><a href=\"https:\/\/www.alquera.com\/de\/permanganato-de-potasio\/\" aria-describedby=\"woocommerce_loop_add_to_cart_link_describedby_495\" data-quantity=\"1\" class=\"button product_type_variable add_to_cart_button\" data-product_id=\"495\" data-product_sku=\"AL100111\" aria-label=\"W\u00e4hle Optionen f\u00fcr \u201ePermanganato de Potasio\u201c\" rel=\"nofollow\" data-no-translation=\"\" data-trp-gettext=\"\" data-no-translation-aria-label=\"\">Ausf\u00fchrung w\u00e4hlen<\/a>\t<span id=\"woocommerce_loop_add_to_cart_link_describedby_495\" class=\"screen-reader-text\">\n\t\tDieses Produkt weist mehrere Varianten auf. Die Optionen k\u00f6nnen auf der Produktseite gew\u00e4hlt werden\t<\/span>\n<\/li>\n<\/ul>\n<\/div><\/div><\/div>\n<div><p class=\"widget-title\">Mehr lesen<\/p><a href=\"https:\/\/www.alquera.com\/de\/acido-oxalico\/\">Oxals\u00e4ure<\/a>\n<!-- Page-list plugin v.5.9 wordpress.org\/plugins\/page-list\/ -->\n<ul class=\"page-list siblings-page-list\">\n<li class=\"page_item page-item-33282 menu-item\"><a href=\"https:\/\/www.alquera.com\/de\/acido-oxalico\/apicultura\/\" class=\"menu-link\">Oxals\u00e4ure in der Imkerei<\/a><\/li>\n<li class=\"page_item page-item-33336 menu-item\"><a href=\"https:\/\/www.alquera.com\/de\/acido-oxalico\/limpieza-fibra-vidrio\/\" class=\"menu-link\">Reinigung von Glasfasern<\/a><\/li>\n<li class=\"page_item page-item-33280 menu-item\"><a href=\"https:\/\/www.alquera.com\/de\/acido-oxalico\/pulir-suelos\/\" class=\"menu-link\">Polieren von B\u00f6den mit Oxals\u00e4ure<\/a><\/li>\n<li class=\"page_item page-item-33277 menu-item\"><a href=\"https:\/\/www.alquera.com\/de\/acido-oxalico\/quitar-oxido\/\" class=\"menu-link\">Oxals\u00e4ure-Rostentfernung<\/a><\/li>\n<li class=\"page_item page-item-33275 menu-item\"><a href=\"https:\/\/www.alquera.com\/de\/acido-oxalico\/usos\/\" class=\"menu-link\">Verwendung von Oxals\u00e4ure<\/a><\/li>\n\n<\/ul><\/div>","protected":false},"excerpt":{"rendered":"<p>Los suelos de m\u00e1rmol, granito, terrazo o cualquier piedra pulida, le proporcionan una belleza y elegancia sin igual a cualquier edificaci\u00f3n. Son pisos muy duraderos, pero al pasar el tiempo, sufren desgaste, maltratos, rayados y manchas, que son necesarios de tratar. Es necesario realizar un pulido de estos suelos o pisos, especialmente en los m\u00e1rmol [&hellip;]<\/p>\n","protected":false},"author":1,"featured_media":0,"parent":33273,"menu_order":0,"comment_status":"closed","ping_status":"closed","template":"","meta":{"_acf_changed":false,"site-sidebar-layout":"default","site-content-layout":"","ast-site-content-layout":"default","site-content-style":"default","site-sidebar-style":"default","ast-global-header-display":"","ast-banner-title-visibility":"","ast-main-header-display":"","ast-hfb-above-header-display":"","ast-hfb-below-header-display":"","ast-hfb-mobile-header-display":"","site-post-title":"","ast-breadcrumbs-content":"","ast-featured-img":"","footer-sml-layout":"","ast-disable-related-posts":"","theme-transparent-header-meta":"","adv-header-id-meta":"","stick-header-meta":"","header-above-stick-meta":"","header-main-stick-meta":"","header-below-stick-meta":"","astra-migrate-meta-layouts":"default","ast-page-background-enabled":"default","ast-page-background-meta":{"desktop":{"background-color":"var(--ast-global-color-4)","background-image":"","background-repeat":"repeat","background-position":"center center","background-size":"auto","background-attachment":"scroll","background-type":"","background-media":"","overlay-type":"","overlay-color":"","overlay-opacity":"","overlay-gradient":""},"tablet":{"background-color":"","background-image":"","background-repeat":"repeat","background-position":"center center","background-size":"auto","background-attachment":"scroll","background-type":"","background-media":"","overlay-type":"","overlay-color":"","overlay-opacity":"","overlay-gradient":""},"mobile":{"background-color":"","background-image":"","background-repeat":"repeat","background-position":"center center","background-size":"auto","background-attachment":"scroll","background-type":"","background-media":"","overlay-type":"","overlay-color":"","overlay-opacity":"","overlay-gradient":""}},"ast-content-background-meta":{"desktop":{"background-color":"var(--ast-global-color-5)","background-image":"","background-repeat":"repeat","background-position":"center center","background-size":"auto","background-attachment":"scroll","background-type":"","background-media":"","overlay-type":"","overlay-color":"","overlay-opacity":"","overlay-gradient":""},"tablet":{"background-color":"var(--ast-global-color-5)","background-image":"","background-repeat":"repeat","background-position":"center center","background-size":"auto","background-attachment":"scroll","background-type":"","background-media":"","overlay-type":"","overlay-color":"","overlay-opacity":"","overlay-gradient":""},"mobile":{"background-color":"var(--ast-global-color-5)","background-image":"","background-repeat":"repeat","background-position":"center center","background-size":"auto","background-attachment":"scroll","background-type":"","background-media":"","overlay-type":"","overlay-color":"","overlay-opacity":"","overlay-gradient":""}},"footnotes":""},"class_list":["post-33280","page","type-page","status-publish","hentry"],"acf":[],"yoast_head":"<!-- This site is optimized with the Yoast SEO Premium plugin v27.1 (Yoast SEO v27.1.1) - https:\/\/yoast.com\/product\/yoast-seo-premium-wordpress\/ -->\n<title>Pulir Suelos con \u00c1cido Ox\u00e1lico - Alquera.com<\/title>\n<meta name=\"description\" content=\"Vamos a ver c\u00f3mo pulir los suelos de m\u00e1rmol y de granito utilizando \u00e1cido ox\u00e1lico para el pulido. El \u00e1cido ox\u00e1lico es un \u00e1cido org\u00e1nico.\" \/>\n<meta name=\"robots\" content=\"index, follow, max-snippet:-1, max-image-preview:large, max-video-preview:-1\" \/>\n<link rel=\"canonical\" href=\"https:\/\/www.alquera.com\/de\/acido-oxalico\/pulir-suelos\/\" \/>\n<meta property=\"og:locale\" content=\"de_DE\" \/>\n<meta property=\"og:type\" content=\"article\" \/>\n<meta property=\"og:title\" content=\"Pulir Suelos con \u00c1cido Ox\u00e1lico\" \/>\n<meta property=\"og:description\" content=\"Vamos a ver c\u00f3mo pulir los suelos de m\u00e1rmol y de granito utilizando \u00e1cido ox\u00e1lico para el pulido. El \u00e1cido ox\u00e1lico es un \u00e1cido org\u00e1nico.\" \/>\n<meta property=\"og:url\" content=\"https:\/\/www.alquera.com\/de\/acido-oxalico\/pulir-suelos\/\" \/>\n<meta property=\"og:site_name\" content=\"Alquera.com\" \/>\n<meta property=\"article:publisher\" content=\"https:\/\/www.facebook.com\/alqueraciencia\" \/>\n<meta property=\"article:modified_time\" content=\"2021-09-12T13:44:35+00:00\" \/>\n<meta property=\"og:image\" content=\"https:\/\/www.alquera.com\/wp-content\/uploads\/2021\/03\/desengrasar.png\" \/>\n<meta name=\"twitter:card\" content=\"summary_large_image\" \/>\n<meta name=\"twitter:label1\" content=\"Gesch\u00e4tzte Lesezeit\" \/>\n\t<meta name=\"twitter:data1\" content=\"3\u00a0Minuten\" \/>\n<script type=\"application\/ld+json\" class=\"yoast-schema-graph\">{\"@context\":\"https:\/\/schema.org\",\"@graph\":[{\"@type\":\"WebPage\",\"@id\":\"https:\/\/www.alquera.com\/acido-oxalico\/pulir-suelos\/\",\"url\":\"https:\/\/www.alquera.com\/acido-oxalico\/pulir-suelos\/\",\"name\":\"Pulir Suelos con \u00c1cido Ox\u00e1lico - Alquera.com\",\"isPartOf\":{\"@id\":\"https:\/\/www.alquera.com\/en\/#website\"},\"primaryImageOfPage\":{\"@id\":\"https:\/\/www.alquera.com\/acido-oxalico\/pulir-suelos\/#primaryimage\"},\"image\":{\"@id\":\"https:\/\/www.alquera.com\/acido-oxalico\/pulir-suelos\/#primaryimage\"},\"thumbnailUrl\":\"https:\/\/www.alquera.com\/wp-content\/uploads\/2021\/03\/desengrasar.png\",\"datePublished\":\"2021-03-16T13:28:29+00:00\",\"dateModified\":\"2021-09-12T13:44:35+00:00\",\"description\":\"Vamos a ver c\u00f3mo pulir los suelos de m\u00e1rmol y de granito utilizando \u00e1cido ox\u00e1lico para el pulido. El \u00e1cido ox\u00e1lico es un \u00e1cido org\u00e1nico.\",\"breadcrumb\":{\"@id\":\"https:\/\/www.alquera.com\/acido-oxalico\/pulir-suelos\/#breadcrumb\"},\"inLanguage\":\"de\",\"potentialAction\":[{\"@type\":\"ReadAction\",\"target\":[\"https:\/\/www.alquera.com\/acido-oxalico\/pulir-suelos\/\"]}]},{\"@type\":\"ImageObject\",\"inLanguage\":\"de\",\"@id\":\"https:\/\/www.alquera.com\/acido-oxalico\/pulir-suelos\/#primaryimage\",\"url\":\"https:\/\/www.alquera.com\/wp-content\/uploads\/2021\/03\/desengrasar.png\",\"contentUrl\":\"https:\/\/www.alquera.com\/wp-content\/uploads\/2021\/03\/desengrasar.png\"},{\"@type\":\"BreadcrumbList\",\"@id\":\"https:\/\/www.alquera.com\/acido-oxalico\/pulir-suelos\/#breadcrumb\",\"itemListElement\":[{\"@type\":\"ListItem\",\"position\":1,\"name\":\"Inicio\",\"item\":\"https:\/\/www.alquera.com\/\"},{\"@type\":\"ListItem\",\"position\":2,\"name\":\"Acido Ox\u00e1lico\",\"item\":\"https:\/\/www.alquera.com\/acido-oxalico\/\"},{\"@type\":\"ListItem\",\"position\":3,\"name\":\"Pulir Suelos con \u00c1cido Ox\u00e1lico\"}]},{\"@type\":\"WebSite\",\"@id\":\"https:\/\/www.alquera.com\/en\/#website\",\"url\":\"https:\/\/www.alquera.com\/en\/\",\"name\":\"Alquera.com\",\"description\":\"Tienda Online Productos Qu\u00edmicos y Material de Laboratorio\",\"publisher\":{\"@id\":\"https:\/\/www.alquera.com\/en\/#organization\"},\"potentialAction\":[{\"@type\":\"SearchAction\",\"target\":{\"@type\":\"EntryPoint\",\"urlTemplate\":\"https:\/\/www.alquera.com\/en\/?s={search_term_string}\"},\"query-input\":{\"@type\":\"PropertyValueSpecification\",\"valueRequired\":true,\"valueName\":\"search_term_string\"}}],\"inLanguage\":\"de\"},{\"@type\":\"Organization\",\"@id\":\"https:\/\/www.alquera.com\/en\/#organization\",\"name\":\"ALQUERA CIENCIA SL\",\"url\":\"https:\/\/www.alquera.com\/en\/\",\"logo\":{\"@type\":\"ImageObject\",\"inLanguage\":\"de\",\"@id\":\"https:\/\/www.alquera.com\/en\/#\/schema\/logo\/image\/\",\"url\":\"https:\/\/www.alquera.com\/wp-content\/uploads\/2020\/11\/logo_300_ancho.png\",\"contentUrl\":\"https:\/\/www.alquera.com\/wp-content\/uploads\/2020\/11\/logo_300_ancho.png\",\"width\":300,\"height\":86,\"caption\":\"ALQUERA CIENCIA SL\"},\"image\":{\"@id\":\"https:\/\/www.alquera.com\/en\/#\/schema\/logo\/image\/\"},\"sameAs\":[\"https:\/\/www.facebook.com\/alqueraciencia\",\"https:\/\/www.instagram.com\/alquera_ciencia\/\",\"https:\/\/www.youtube.com\/c\/alquera\"]}]}<\/script>\n<!-- \/ Yoast SEO Premium plugin. -->","yoast_head_json":{"title":"Bodenpolieren mit Oxals\u00e4ure - Alquera.com","description":"Sehen wir uns an, wie man Marmor- und Granitb\u00f6den mit Oxals\u00e4ure poliert. Oxals\u00e4ure ist eine organische S\u00e4ure.","robots":{"index":"index","follow":"follow","max-snippet":"max-snippet:-1","max-image-preview":"max-image-preview:large","max-video-preview":"max-video-preview:-1"},"canonical":"https:\/\/www.alquera.com\/de\/acido-oxalico\/pulir-suelos\/","og_locale":"de_DE","og_type":"article","og_title":"Pulir Suelos con \u00c1cido Ox\u00e1lico","og_description":"Vamos a ver c\u00f3mo pulir los suelos de m\u00e1rmol y de granito utilizando \u00e1cido ox\u00e1lico para el pulido. El \u00e1cido ox\u00e1lico es un \u00e1cido org\u00e1nico.","og_url":"https:\/\/www.alquera.com\/de\/acido-oxalico\/pulir-suelos\/","og_site_name":"Alquera.com","article_publisher":"https:\/\/www.facebook.com\/alqueraciencia","article_modified_time":"2021-09-12T13:44:35+00:00","og_image":[{"url":"https:\/\/www.alquera.com\/wp-content\/uploads\/2021\/03\/desengrasar.png","type":"","width":"","height":""}],"twitter_card":"summary_large_image","twitter_misc":{"Gesch\u00e4tzte Lesezeit":"3\u00a0Minuten"},"schema":{"@context":"https:\/\/schema.org","@graph":[{"@type":"WebPage","@id":"https:\/\/www.alquera.com\/acido-oxalico\/pulir-suelos\/","url":"https:\/\/www.alquera.com\/acido-oxalico\/pulir-suelos\/","name":"Bodenpolieren mit Oxals\u00e4ure - Alquera.com","isPartOf":{"@id":"https:\/\/www.alquera.com\/en\/#website"},"primaryImageOfPage":{"@id":"https:\/\/www.alquera.com\/acido-oxalico\/pulir-suelos\/#primaryimage"},"image":{"@id":"https:\/\/www.alquera.com\/acido-oxalico\/pulir-suelos\/#primaryimage"},"thumbnailUrl":"https:\/\/www.alquera.com\/wp-content\/uploads\/2021\/03\/desengrasar.png","datePublished":"2021-03-16T13:28:29+00:00","dateModified":"2021-09-12T13:44:35+00:00","description":"Sehen wir uns an, wie man Marmor- und Granitb\u00f6den mit Oxals\u00e4ure poliert. Oxals\u00e4ure ist eine organische S\u00e4ure.","breadcrumb":{"@id":"https:\/\/www.alquera.com\/acido-oxalico\/pulir-suelos\/#breadcrumb"},"inLanguage":"de","potentialAction":[{"@type":"ReadAction","target":["https:\/\/www.alquera.com\/acido-oxalico\/pulir-suelos\/"]}]},{"@type":"ImageObject","inLanguage":"de","@id":"https:\/\/www.alquera.com\/acido-oxalico\/pulir-suelos\/#primaryimage","url":"https:\/\/www.alquera.com\/wp-content\/uploads\/2021\/03\/desengrasar.png","contentUrl":"https:\/\/www.alquera.com\/wp-content\/uploads\/2021\/03\/desengrasar.png"},{"@type":"BreadcrumbList","@id":"https:\/\/www.alquera.com\/acido-oxalico\/pulir-suelos\/#breadcrumb","itemListElement":[{"@type":"ListItem","position":1,"name":"Inicio","item":"https:\/\/www.alquera.com\/"},{"@type":"ListItem","position":2,"name":"Acido Ox\u00e1lico","item":"https:\/\/www.alquera.com\/acido-oxalico\/"},{"@type":"ListItem","position":3,"name":"Pulir Suelos con \u00c1cido Ox\u00e1lico"}]},{"@type":"WebSite","@id":"https:\/\/www.alquera.com\/en\/#website","url":"https:\/\/www.alquera.com\/en\/","name":"Alquera.com","description":"Online Shop Chemische Produkte und Laborger\u00e4te","publisher":{"@id":"https:\/\/www.alquera.com\/en\/#organization"},"potentialAction":[{"@type":"SearchAction","target":{"@type":"EntryPoint","urlTemplate":"https:\/\/www.alquera.com\/en\/?s={search_term_string}"},"query-input":{"@type":"PropertyValueSpecification","valueRequired":true,"valueName":"search_term_string"}}],"inLanguage":"de"},{"@type":"Organization","@id":"https:\/\/www.alquera.com\/en\/#organization","name":"ALQUERA CIENCIA SL","url":"https:\/\/www.alquera.com\/en\/","logo":{"@type":"ImageObject","inLanguage":"de","@id":"https:\/\/www.alquera.com\/en\/#\/schema\/logo\/image\/","url":"https:\/\/www.alquera.com\/wp-content\/uploads\/2020\/11\/logo_300_ancho.png","contentUrl":"https:\/\/www.alquera.com\/wp-content\/uploads\/2020\/11\/logo_300_ancho.png","width":300,"height":86,"caption":"ALQUERA CIENCIA SL"},"image":{"@id":"https:\/\/www.alquera.com\/en\/#\/schema\/logo\/image\/"},"sameAs":["https:\/\/www.facebook.com\/alqueraciencia","https:\/\/www.instagram.com\/alquera_ciencia\/","https:\/\/www.youtube.com\/c\/alquera"]}]}},"_links":{"self":[{"href":"https:\/\/www.alquera.com\/de\/wp-json\/wp\/v2\/pages\/33280","targetHints":{"allow":["GET"]}}],"collection":[{"href":"https:\/\/www.alquera.com\/de\/wp-json\/wp\/v2\/pages"}],"about":[{"href":"https:\/\/www.alquera.com\/de\/wp-json\/wp\/v2\/types\/page"}],"author":[{"embeddable":true,"href":"https:\/\/www.alquera.com\/de\/wp-json\/wp\/v2\/users\/1"}],"replies":[{"embeddable":true,"href":"https:\/\/www.alquera.com\/de\/wp-json\/wp\/v2\/comments?post=33280"}],"version-history":[{"count":4,"href":"https:\/\/www.alquera.com\/de\/wp-json\/wp\/v2\/pages\/33280\/revisions"}],"predecessor-version":[{"id":33328,"href":"https:\/\/www.alquera.com\/de\/wp-json\/wp\/v2\/pages\/33280\/revisions\/33328"}],"up":[{"embeddable":true,"href":"https:\/\/www.alquera.com\/de\/wp-json\/wp\/v2\/pages\/33273"}],"wp:attachment":[{"href":"https:\/\/www.alquera.com\/de\/wp-json\/wp\/v2\/media?parent=33280"}],"curies":[{"name":"wp","href":"https:\/\/api.w.org\/{rel}","templated":true}]}}