{"id":33282,"date":"2021-03-16T13:30:15","date_gmt":"2021-03-16T13:30:15","guid":{"rendered":"https:\/\/www.alquera.com\/?page_id=33282"},"modified":"2021-09-12T13:44:06","modified_gmt":"2021-09-12T13:44:06","slug":"apicultura","status":"publish","type":"page","link":"https:\/\/www.alquera.com\/de\/acido-oxalico\/apicultura\/","title":{"rendered":"Oxals\u00e4ure in der Imkerei"},"content":{"rendered":"<p>Die Varroamilbe ist der Sch\u00e4dling, von dem die Imker am meisten betroffen sind, da sie die Bienen in den Waben angreift. Bisher ist es noch nicht gelungen, eine Waffe zu finden, die sie vollst\u00e4ndig abt\u00f6tet.\u00a0<a href=\"https:\/\/www.alquera.com\/de\/acido-oxalico\/\">Oxals\u00e4ure<\/a>wodurch das Wachstum der Milben unter Kontrolle gehalten werden kann.<\/p>\n<h2>Wie wird Oxals\u00e4ure in der Imkerei angewendet?<\/h2>\n<p>Bei der Anwendung eines Milbenbek\u00e4mpfungssystems m\u00fcssen eine Reihe von Faktoren ber\u00fccksichtigt werden, wie z. B. die spezifischen Umweltbedingungen, das Alter der Kultur und die besonderen Merkmale der Milben. W\u00e4hrend der Brutzeit verdoppelt sich die Zahl der Milben monatlich. In der Nichtbrutzeit befallen die Milben die erwachsenen Bienen, und zu diesem Zeitpunkt ist eine Behandlung mit Oxals\u00e4ure am wirksamsten.<\/p>\n<div id=\"attachment_16\" class=\"wp-caption aligncenter\">\n<figure id=\"attachment_33326\" aria-describedby=\"caption-attachment-33326\" style=\"width: 283px\" class=\"wp-caption alignnone\"><a href=\"https:\/\/www.alquera.com\/de\/acido-oxalico\/apicultura\/acido-oxalico-en-apicultura\/\" rel=\"attachment wp-att-33326\"><img loading=\"lazy\" decoding=\"async\" class=\"size-full wp-image-33326\" src=\"https:\/\/www.alquera.com\/wp-content\/uploads\/2021\/03\/acido-oxalico-en-apicultura.jpg\" alt=\"\" width=\"283\" height=\"178\" \/><\/a><figcaption id=\"caption-attachment-33326\" class=\"wp-caption-text\">Oxals\u00e4ure in der Bienenzucht<\/figcaption><\/figure>\n<\/div>\n<p>Es gibt verschiedene Methoden f\u00fcr die Bewerbung bei<b>Oxals\u00e4ure in der Bienenzucht<\/b>Die erste w\u00e4re das Spr\u00fchen, das derzeit aufgrund der Schwierigkeiten bei der Anwendung kaum genutzt wird. Was derzeit genutzt wird, sind Tropf- und Sublimationssysteme, die eine Wirksamkeit zwischen 90 und 95% haben.<\/p>\n<p>Es wird eine L\u00f6sung aus Oxals\u00e4ure, Zucker und Wasser im Gewichtsverh\u00e4ltnis 1:10:10 hergestellt. Diese Behandlung ist sehr einfach mit einer 5-ml-Spritze pro Bienenstock anzuwenden, wodurch eine gro\u00dfe Anzahl von Bienenst\u00f6cken an einem Tag abgedeckt werden kann, im Gegensatz zum Sublimationssystem, das viel teurer und komplizierter ist, aber die gleiche Wirksamkeit hat.<\/p>\n<p>Es gibt jedoch eine Reihe von Imkern, die behaupten, dass die Sublimationsmethode effizienter ist und weniger Auswirkungen auf die Bienen hat. Studien haben gezeigt, dass in Bienenst\u00f6cken, in denen Sublimation angewandt wurde, die Bienenpopulation nach vier Monaten um 20% zugenommen hat.<\/p>\n<p>Unabh\u00e4ngig davon, ob eine der drei Methoden wirtschaftlicher oder effizienter ist, ist sie zweifellos die effizienteste Methode.\u00a0<b>Oxals\u00e4ure in der Bienenzucht<\/b>\u00a0ist der beste Weg, die Varroamilbe zu bek\u00e4mpfen, und daher das ratsamste Mittel, um dieses Problem zu l\u00f6sen, denn es gibt eine Reihe von Produkten auf der Grundlage anderer Chemikalien, die nicht die erwarteten Ergebnisse gebracht haben.<\/p>\n<p>Oxals\u00e4ure wird auch h\u00e4ufig zum Reinigen von Rost auf Metallen verwendet, zum Beispiel erkl\u00e4ren wir hier, wie man rostgesch\u00e4digte Fahrr\u00e4der repariert: <a href=\"https:\/\/www.alquera.com\/de\/acido-oxalico\/quitar-oxido\/\">Entrosten von verchromten Teilen<\/a>\u00a0oder f\u00fcr die\u00a0<a href=\"https:\/\/www.alquera.com\/de\/acido-oxalico\/pulir-suelos\/\">Bodenpolieren\u00a0<\/a><\/p>\n<h3 class=\"widget-title\">Kaufen <\/h3><div><div class=\"woocommerce\"><ul class=\"products columns-4\">\n<li class=\"desktop-align-left tablet-align-left mobile-align-left ast-product-gallery-layout-horizontal-slider ast-magnify-disabled ast-product-single-variable ast-product-tabs-layout-horizontal ast-qv-on-image product type-product post-495 status-publish first instock product_cat-productos-experimentos product_cat-productos has-post-thumbnail taxable shipping-taxable purchasable product-type-variable has-default-attributes\">\n\t<a href=\"https:\/\/www.alquera.com\/de\/permanganato-de-potasio\/\" class=\"woocommerce-LoopProduct-link woocommerce-loop-product__link\"><img loading=\"lazy\" decoding=\"async\" width=\"300\" height=\"300\" src=\"https:\/\/www.alquera.com\/wp-content\/uploads\/2016\/01\/permanganato-200g-foto-nueva-300x300.png\" class=\"attachment-woocommerce_thumbnail size-woocommerce_thumbnail\" alt=\"permanganato 200g\" srcset=\"https:\/\/www.alquera.com\/wp-content\/uploads\/2016\/01\/permanganato-200g-foto-nueva-300x300.png 300w, https:\/\/www.alquera.com\/wp-content\/uploads\/2016\/01\/permanganato-200g-foto-nueva-150x150.png 150w, https:\/\/www.alquera.com\/wp-content\/uploads\/2016\/01\/permanganato-200g-foto-nueva-12x12.png 12w, https:\/\/www.alquera.com\/wp-content\/uploads\/2016\/01\/permanganato-200g-foto-nueva-100x100.png 100w\" sizes=\"auto, (max-width: 300px) 100vw, 300px\" \/><h2 class=\"woocommerce-loop-product__title\">Kaliumpermanganat<\/h2><div class=\"review-rating\"><div class=\"star-rating\"><span style=\"width:100%\" data-no-translation=\"\" data-trp-gettext=\"\">Bewertet mit <strong class=\"rating\">5.00<\/strong> von 5<\/span><\/div><\/div>\n<\/a><a href=\"https:\/\/www.alquera.com\/de\/permanganato-de-potasio\/\" aria-describedby=\"woocommerce_loop_add_to_cart_link_describedby_495\" data-quantity=\"1\" class=\"button product_type_variable add_to_cart_button\" data-product_id=\"495\" data-product_sku=\"AL100111\" aria-label=\"W\u00e4hle Optionen f\u00fcr \u201ePermanganato de Potasio\u201c\" rel=\"nofollow\" data-no-translation=\"\" data-trp-gettext=\"\" data-no-translation-aria-label=\"\">Ausf\u00fchrung w\u00e4hlen<\/a>\t<span id=\"woocommerce_loop_add_to_cart_link_describedby_495\" class=\"screen-reader-text\">\n\t\tDieses Produkt weist mehrere Varianten auf. Die Optionen k\u00f6nnen auf der Produktseite gew\u00e4hlt werden\t<\/span>\n<\/li>\n<\/ul>\n<\/div><\/div>\n<p class=\"widget-title\">Mehr lesen<\/p><a href=\"https:\/\/www.alquera.com\/de\/acido-oxalico\/\">Oxals\u00e4ure<\/a>\n<!-- Page-list plugin v.5.9 wordpress.org\/plugins\/page-list\/ -->\n<ul class=\"page-list siblings-page-list\">\n<li class=\"page_item page-item-33282 menu-item\"><a href=\"https:\/\/www.alquera.com\/de\/acido-oxalico\/apicultura\/\" class=\"menu-link\">Oxals\u00e4ure in der Imkerei<\/a><\/li>\n<li class=\"page_item page-item-33336 menu-item\"><a href=\"https:\/\/www.alquera.com\/de\/acido-oxalico\/limpieza-fibra-vidrio\/\" class=\"menu-link\">Reinigung von Glasfasern<\/a><\/li>\n<li class=\"page_item page-item-33280 menu-item\"><a href=\"https:\/\/www.alquera.com\/de\/acido-oxalico\/pulir-suelos\/\" class=\"menu-link\">Polieren von B\u00f6den mit Oxals\u00e4ure<\/a><\/li>\n<li class=\"page_item page-item-33277 menu-item\"><a href=\"https:\/\/www.alquera.com\/de\/acido-oxalico\/quitar-oxido\/\" class=\"menu-link\">Oxals\u00e4ure-Rostentfernung<\/a><\/li>\n<li class=\"page_item page-item-33275 menu-item\"><a href=\"https:\/\/www.alquera.com\/de\/acido-oxalico\/usos\/\" class=\"menu-link\">Verwendung von Oxals\u00e4ure<\/a><\/li>\n\n<\/ul>\n<div><\/div>","protected":false},"excerpt":{"rendered":"<p>El \u00e1caro varroa es la plaga que m\u00e1s afecta a los apicultores, porque ataca a las abejas en el panal, hasta ahora no se ha logrado un arma para acabarlas completamente, el producto que hasta ahora ha resultado m\u00e1s eficiente y permite bajar al m\u00e1ximo la poblaci\u00f3n de los par\u00e1sitos, es la aplicaci\u00f3n del\u00a0acido oxalico, [&hellip;]<\/p>\n","protected":false},"author":1,"featured_media":0,"parent":33273,"menu_order":0,"comment_status":"closed","ping_status":"closed","template":"","meta":{"_acf_changed":false,"site-sidebar-layout":"default","site-content-layout":"","ast-site-content-layout":"default","site-content-style":"default","site-sidebar-style":"default","ast-global-header-display":"","ast-banner-title-visibility":"","ast-main-header-display":"","ast-hfb-above-header-display":"","ast-hfb-below-header-display":"","ast-hfb-mobile-header-display":"","site-post-title":"","ast-breadcrumbs-content":"","ast-featured-img":"","footer-sml-layout":"","ast-disable-related-posts":"","theme-transparent-header-meta":"","adv-header-id-meta":"","stick-header-meta":"","header-above-stick-meta":"","header-main-stick-meta":"","header-below-stick-meta":"","astra-migrate-meta-layouts":"default","ast-page-background-enabled":"default","ast-page-background-meta":{"desktop":{"background-color":"var(--ast-global-color-4)","background-image":"","background-repeat":"repeat","background-position":"center center","background-size":"auto","background-attachment":"scroll","background-type":"","background-media":"","overlay-type":"","overlay-color":"","overlay-opacity":"","overlay-gradient":""},"tablet":{"background-color":"","background-image":"","background-repeat":"repeat","background-position":"center center","background-size":"auto","background-attachment":"scroll","background-type":"","background-media":"","overlay-type":"","overlay-color":"","overlay-opacity":"","overlay-gradient":""},"mobile":{"background-color":"","background-image":"","background-repeat":"repeat","background-position":"center center","background-size":"auto","background-attachment":"scroll","background-type":"","background-media":"","overlay-type":"","overlay-color":"","overlay-opacity":"","overlay-gradient":""}},"ast-content-background-meta":{"desktop":{"background-color":"var(--ast-global-color-5)","background-image":"","background-repeat":"repeat","background-position":"center center","background-size":"auto","background-attachment":"scroll","background-type":"","background-media":"","overlay-type":"","overlay-color":"","overlay-opacity":"","overlay-gradient":""},"tablet":{"background-color":"var(--ast-global-color-5)","background-image":"","background-repeat":"repeat","background-position":"center center","background-size":"auto","background-attachment":"scroll","background-type":"","background-media":"","overlay-type":"","overlay-color":"","overlay-opacity":"","overlay-gradient":""},"mobile":{"background-color":"var(--ast-global-color-5)","background-image":"","background-repeat":"repeat","background-position":"center center","background-size":"auto","background-attachment":"scroll","background-type":"","background-media":"","overlay-type":"","overlay-color":"","overlay-opacity":"","overlay-gradient":""}},"footnotes":""},"class_list":["post-33282","page","type-page","status-publish","hentry"],"acf":[],"yoast_head":"<!-- This site is optimized with the Yoast SEO Premium plugin v27.1 (Yoast SEO v27.1.1) - https:\/\/yoast.com\/product\/yoast-seo-premium-wordpress\/ -->\n<title>\u00c1cido Ox\u00e1lico en Apicultura - Alquera.com<\/title>\n<meta name=\"description\" content=\"El \u00e1caro varroa es una plaga que afecta a los apicultores, ataca a las abejas en el panal. El \u00e1cido ox\u00e1lico es una soluci\u00f3n para el \u00e1caro.\" \/>\n<meta name=\"robots\" content=\"index, follow, max-snippet:-1, max-image-preview:large, max-video-preview:-1\" \/>\n<link rel=\"canonical\" href=\"https:\/\/www.alquera.com\/de\/acido-oxalico\/apicultura\/\" \/>\n<meta property=\"og:locale\" content=\"de_DE\" \/>\n<meta property=\"og:type\" content=\"article\" \/>\n<meta property=\"og:title\" content=\"\u00c1cido Ox\u00e1lico en Apicultura\" \/>\n<meta property=\"og:description\" content=\"El \u00e1caro varroa es una plaga que afecta a los apicultores, ataca a las abejas en el panal. El \u00e1cido ox\u00e1lico es una soluci\u00f3n para el \u00e1caro.\" \/>\n<meta property=\"og:url\" content=\"https:\/\/www.alquera.com\/de\/acido-oxalico\/apicultura\/\" \/>\n<meta property=\"og:site_name\" content=\"Alquera.com\" \/>\n<meta property=\"article:publisher\" content=\"https:\/\/www.facebook.com\/alqueraciencia\" \/>\n<meta property=\"article:modified_time\" content=\"2021-09-12T13:44:06+00:00\" \/>\n<meta property=\"og:image\" content=\"https:\/\/www.alquera.com\/wp-content\/uploads\/2021\/03\/acido-oxalico-en-apicultura.jpg\" \/>\n<meta name=\"twitter:card\" content=\"summary_large_image\" \/>\n<meta name=\"twitter:label1\" content=\"Gesch\u00e4tzte Lesezeit\" \/>\n\t<meta name=\"twitter:data1\" content=\"3\u00a0Minuten\" \/>\n<script type=\"application\/ld+json\" class=\"yoast-schema-graph\">{\"@context\":\"https:\/\/schema.org\",\"@graph\":[{\"@type\":\"WebPage\",\"@id\":\"https:\/\/www.alquera.com\/acido-oxalico\/apicultura\/\",\"url\":\"https:\/\/www.alquera.com\/acido-oxalico\/apicultura\/\",\"name\":\"\u00c1cido Ox\u00e1lico en Apicultura - Alquera.com\",\"isPartOf\":{\"@id\":\"https:\/\/www.alquera.com\/en\/#website\"},\"primaryImageOfPage\":{\"@id\":\"https:\/\/www.alquera.com\/acido-oxalico\/apicultura\/#primaryimage\"},\"image\":{\"@id\":\"https:\/\/www.alquera.com\/acido-oxalico\/apicultura\/#primaryimage\"},\"thumbnailUrl\":\"https:\/\/www.alquera.com\/wp-content\/uploads\/2021\/03\/acido-oxalico-en-apicultura.jpg\",\"datePublished\":\"2021-03-16T13:30:15+00:00\",\"dateModified\":\"2021-09-12T13:44:06+00:00\",\"description\":\"El \u00e1caro varroa es una plaga que afecta a los apicultores, ataca a las abejas en el panal. El \u00e1cido ox\u00e1lico es una soluci\u00f3n para el \u00e1caro.\",\"breadcrumb\":{\"@id\":\"https:\/\/www.alquera.com\/acido-oxalico\/apicultura\/#breadcrumb\"},\"inLanguage\":\"de\",\"potentialAction\":[{\"@type\":\"ReadAction\",\"target\":[\"https:\/\/www.alquera.com\/acido-oxalico\/apicultura\/\"]}]},{\"@type\":\"ImageObject\",\"inLanguage\":\"de\",\"@id\":\"https:\/\/www.alquera.com\/acido-oxalico\/apicultura\/#primaryimage\",\"url\":\"https:\/\/www.alquera.com\/wp-content\/uploads\/2021\/03\/acido-oxalico-en-apicultura.jpg\",\"contentUrl\":\"https:\/\/www.alquera.com\/wp-content\/uploads\/2021\/03\/acido-oxalico-en-apicultura.jpg\"},{\"@type\":\"BreadcrumbList\",\"@id\":\"https:\/\/www.alquera.com\/acido-oxalico\/apicultura\/#breadcrumb\",\"itemListElement\":[{\"@type\":\"ListItem\",\"position\":1,\"name\":\"Inicio\",\"item\":\"https:\/\/www.alquera.com\/\"},{\"@type\":\"ListItem\",\"position\":2,\"name\":\"Acido Ox\u00e1lico\",\"item\":\"https:\/\/www.alquera.com\/acido-oxalico\/\"},{\"@type\":\"ListItem\",\"position\":3,\"name\":\"\u00c1cido Ox\u00e1lico en Apicultura\"}]},{\"@type\":\"WebSite\",\"@id\":\"https:\/\/www.alquera.com\/en\/#website\",\"url\":\"https:\/\/www.alquera.com\/en\/\",\"name\":\"Alquera.com\",\"description\":\"Tienda Online Productos Qu\u00edmicos y Material de Laboratorio\",\"publisher\":{\"@id\":\"https:\/\/www.alquera.com\/en\/#organization\"},\"potentialAction\":[{\"@type\":\"SearchAction\",\"target\":{\"@type\":\"EntryPoint\",\"urlTemplate\":\"https:\/\/www.alquera.com\/en\/?s={search_term_string}\"},\"query-input\":{\"@type\":\"PropertyValueSpecification\",\"valueRequired\":true,\"valueName\":\"search_term_string\"}}],\"inLanguage\":\"de\"},{\"@type\":\"Organization\",\"@id\":\"https:\/\/www.alquera.com\/en\/#organization\",\"name\":\"ALQUERA CIENCIA SL\",\"url\":\"https:\/\/www.alquera.com\/en\/\",\"logo\":{\"@type\":\"ImageObject\",\"inLanguage\":\"de\",\"@id\":\"https:\/\/www.alquera.com\/en\/#\/schema\/logo\/image\/\",\"url\":\"https:\/\/www.alquera.com\/wp-content\/uploads\/2020\/11\/logo_300_ancho.png\",\"contentUrl\":\"https:\/\/www.alquera.com\/wp-content\/uploads\/2020\/11\/logo_300_ancho.png\",\"width\":300,\"height\":86,\"caption\":\"ALQUERA CIENCIA SL\"},\"image\":{\"@id\":\"https:\/\/www.alquera.com\/en\/#\/schema\/logo\/image\/\"},\"sameAs\":[\"https:\/\/www.facebook.com\/alqueraciencia\",\"https:\/\/www.instagram.com\/alquera_ciencia\/\",\"https:\/\/www.youtube.com\/c\/alquera\"]}]}<\/script>\n<!-- \/ Yoast SEO Premium plugin. -->","yoast_head_json":{"title":"Oxals\u00e4ure in der Imkerei - Alquera.com","description":"Die Varroa-Milbe ist ein Sch\u00e4dling, der die Bienen in den Waben bef\u00e4llt. Oxals\u00e4ure ist eine L\u00f6sung f\u00fcr die Milbe.","robots":{"index":"index","follow":"follow","max-snippet":"max-snippet:-1","max-image-preview":"max-image-preview:large","max-video-preview":"max-video-preview:-1"},"canonical":"https:\/\/www.alquera.com\/de\/acido-oxalico\/apicultura\/","og_locale":"de_DE","og_type":"article","og_title":"\u00c1cido Ox\u00e1lico en Apicultura","og_description":"El \u00e1caro varroa es una plaga que afecta a los apicultores, ataca a las abejas en el panal. El \u00e1cido ox\u00e1lico es una soluci\u00f3n para el \u00e1caro.","og_url":"https:\/\/www.alquera.com\/de\/acido-oxalico\/apicultura\/","og_site_name":"Alquera.com","article_publisher":"https:\/\/www.facebook.com\/alqueraciencia","article_modified_time":"2021-09-12T13:44:06+00:00","og_image":[{"url":"https:\/\/www.alquera.com\/wp-content\/uploads\/2021\/03\/acido-oxalico-en-apicultura.jpg","type":"","width":"","height":""}],"twitter_card":"summary_large_image","twitter_misc":{"Gesch\u00e4tzte Lesezeit":"3\u00a0Minuten"},"schema":{"@context":"https:\/\/schema.org","@graph":[{"@type":"WebPage","@id":"https:\/\/www.alquera.com\/acido-oxalico\/apicultura\/","url":"https:\/\/www.alquera.com\/acido-oxalico\/apicultura\/","name":"Oxals\u00e4ure in der Imkerei - Alquera.com","isPartOf":{"@id":"https:\/\/www.alquera.com\/en\/#website"},"primaryImageOfPage":{"@id":"https:\/\/www.alquera.com\/acido-oxalico\/apicultura\/#primaryimage"},"image":{"@id":"https:\/\/www.alquera.com\/acido-oxalico\/apicultura\/#primaryimage"},"thumbnailUrl":"https:\/\/www.alquera.com\/wp-content\/uploads\/2021\/03\/acido-oxalico-en-apicultura.jpg","datePublished":"2021-03-16T13:30:15+00:00","dateModified":"2021-09-12T13:44:06+00:00","description":"Die Varroa-Milbe ist ein Sch\u00e4dling, der die Bienen in den Waben bef\u00e4llt. Oxals\u00e4ure ist eine L\u00f6sung f\u00fcr die Milbe.","breadcrumb":{"@id":"https:\/\/www.alquera.com\/acido-oxalico\/apicultura\/#breadcrumb"},"inLanguage":"de","potentialAction":[{"@type":"ReadAction","target":["https:\/\/www.alquera.com\/acido-oxalico\/apicultura\/"]}]},{"@type":"ImageObject","inLanguage":"de","@id":"https:\/\/www.alquera.com\/acido-oxalico\/apicultura\/#primaryimage","url":"https:\/\/www.alquera.com\/wp-content\/uploads\/2021\/03\/acido-oxalico-en-apicultura.jpg","contentUrl":"https:\/\/www.alquera.com\/wp-content\/uploads\/2021\/03\/acido-oxalico-en-apicultura.jpg"},{"@type":"BreadcrumbList","@id":"https:\/\/www.alquera.com\/acido-oxalico\/apicultura\/#breadcrumb","itemListElement":[{"@type":"ListItem","position":1,"name":"Inicio","item":"https:\/\/www.alquera.com\/"},{"@type":"ListItem","position":2,"name":"Acido Ox\u00e1lico","item":"https:\/\/www.alquera.com\/acido-oxalico\/"},{"@type":"ListItem","position":3,"name":"\u00c1cido Ox\u00e1lico en Apicultura"}]},{"@type":"WebSite","@id":"https:\/\/www.alquera.com\/en\/#website","url":"https:\/\/www.alquera.com\/en\/","name":"Alquera.com","description":"Online Shop Chemische Produkte und Laborger\u00e4te","publisher":{"@id":"https:\/\/www.alquera.com\/en\/#organization"},"potentialAction":[{"@type":"SearchAction","target":{"@type":"EntryPoint","urlTemplate":"https:\/\/www.alquera.com\/en\/?s={search_term_string}"},"query-input":{"@type":"PropertyValueSpecification","valueRequired":true,"valueName":"search_term_string"}}],"inLanguage":"de"},{"@type":"Organization","@id":"https:\/\/www.alquera.com\/en\/#organization","name":"ALQUERA CIENCIA SL","url":"https:\/\/www.alquera.com\/en\/","logo":{"@type":"ImageObject","inLanguage":"de","@id":"https:\/\/www.alquera.com\/en\/#\/schema\/logo\/image\/","url":"https:\/\/www.alquera.com\/wp-content\/uploads\/2020\/11\/logo_300_ancho.png","contentUrl":"https:\/\/www.alquera.com\/wp-content\/uploads\/2020\/11\/logo_300_ancho.png","width":300,"height":86,"caption":"ALQUERA CIENCIA SL"},"image":{"@id":"https:\/\/www.alquera.com\/en\/#\/schema\/logo\/image\/"},"sameAs":["https:\/\/www.facebook.com\/alqueraciencia","https:\/\/www.instagram.com\/alquera_ciencia\/","https:\/\/www.youtube.com\/c\/alquera"]}]}},"_links":{"self":[{"href":"https:\/\/www.alquera.com\/de\/wp-json\/wp\/v2\/pages\/33282","targetHints":{"allow":["GET"]}}],"collection":[{"href":"https:\/\/www.alquera.com\/de\/wp-json\/wp\/v2\/pages"}],"about":[{"href":"https:\/\/www.alquera.com\/de\/wp-json\/wp\/v2\/types\/page"}],"author":[{"embeddable":true,"href":"https:\/\/www.alquera.com\/de\/wp-json\/wp\/v2\/users\/1"}],"replies":[{"embeddable":true,"href":"https:\/\/www.alquera.com\/de\/wp-json\/wp\/v2\/comments?post=33282"}],"version-history":[{"count":4,"href":"https:\/\/www.alquera.com\/de\/wp-json\/wp\/v2\/pages\/33282\/revisions"}],"predecessor-version":[{"id":33327,"href":"https:\/\/www.alquera.com\/de\/wp-json\/wp\/v2\/pages\/33282\/revisions\/33327"}],"up":[{"embeddable":true,"href":"https:\/\/www.alquera.com\/de\/wp-json\/wp\/v2\/pages\/33273"}],"wp:attachment":[{"href":"https:\/\/www.alquera.com\/de\/wp-json\/wp\/v2\/media?parent=33282"}],"curies":[{"name":"wp","href":"https:\/\/api.w.org\/{rel}","templated":true}]}}