{"id":33336,"date":"2021-03-17T10:28:21","date_gmt":"2021-03-17T10:28:21","guid":{"rendered":"https:\/\/www.alquera.com\/?page_id=33336"},"modified":"2021-09-12T13:44:27","modified_gmt":"2021-09-12T13:44:27","slug":"limpieza-fibra-vidrio","status":"publish","type":"page","link":"https:\/\/www.alquera.com\/de\/acido-oxalico\/limpieza-fibra-vidrio\/","title":{"rendered":"Reinigung von Glasfasern"},"content":{"rendered":"<p>Die <a href=\"https:\/\/www.alquera.com\/de\/acido-oxalico\/\">Oxals\u00e4ure<\/a> ist eine schwache organische S\u00e4ure, die h\u00e4ufig f\u00fcr bestimmte Reinigungsarbeiten verwendet wird, insbesondere f\u00fcr die Entfernung von Oxiden von Metallteilen und Teilen, die aus <strong>Fiberglas<\/strong> wie Boote, Surfbretter und Badewannen. Bei Bootsr\u00fcmpfen hat es sich auch als ausgezeichneter Reiniger von Algen und anderen Verkrustungen auf dem Boot erwiesen.<\/p>\n<h2>AUF OXALS\u00c4URE<\/h2>\n<p>Oxals\u00e4ure ist eine wei\u00dfe, pulverf\u00f6rmige Chemikalie. Es ist in dihydrierter Form im Handel erh\u00e4ltlich, wodurch das Pulver etwas feucht wird.<\/p>\n<p><a href=\"https:\/\/www.alquera.com\/de\/acido-oxalico\/limpieza-fibra-vidrio\/acido-oxalico-1kg-polvo-2\/\" rel=\"attachment wp-att-33337\"><img loading=\"lazy\" decoding=\"async\" class=\"wp-image-33337 aligncenter\" src=\"https:\/\/www.alquera.com\/wp-content\/uploads\/2021\/03\/ACIDO-OXALICO-1KG-POLVO-scaled.jpg\" alt=\"acido oxalico limpieza fibra de vidrio\" width=\"400\" height=\"400\" srcset=\"https:\/\/www.alquera.com\/wp-content\/uploads\/2021\/03\/ACIDO-OXALICO-1KG-POLVO-scaled.jpg 800w, https:\/\/www.alquera.com\/wp-content\/uploads\/2021\/03\/ACIDO-OXALICO-1KG-POLVO-300x300.jpg 300w, https:\/\/www.alquera.com\/wp-content\/uploads\/2021\/03\/ACIDO-OXALICO-1KG-POLVO-1024x1024.jpg 1024w, https:\/\/www.alquera.com\/wp-content\/uploads\/2021\/03\/ACIDO-OXALICO-1KG-POLVO-150x150.jpg 150w, https:\/\/www.alquera.com\/wp-content\/uploads\/2021\/03\/ACIDO-OXALICO-1KG-POLVO-768x768.jpg 768w, https:\/\/www.alquera.com\/wp-content\/uploads\/2021\/03\/ACIDO-OXALICO-1KG-POLVO-600x600.jpg 600w, https:\/\/www.alquera.com\/wp-content\/uploads\/2021\/03\/ACIDO-OXALICO-1KG-POLVO-100x100.jpg 100w\" sizes=\"auto, (max-width: 400px) 100vw, 400px\" \/><\/a><\/p>\n<p>Oxals\u00e4ure wird manchmal in L\u00f6sung im Handel angeboten. Dabei handelt es sich um eine L\u00f6sung von Oxals\u00e4ure in Wasser, in der Regel in einem Verh\u00e4ltnis von 10% (100 Gramm Oxals\u00e4ure pro Liter Wasser), das dem Verh\u00e4ltnis entspricht, in dem sie zur Reinigung verwendet wird. In Alquera finden Sie <a href=\"https:\/\/www.alquera.com\/de\/acido-oxalico\/\">Oxals\u00e4urepulver<\/a>. Es ist dann einfach, eine L\u00f6sung herzustellen, indem man 100 Gramm Oxals\u00e4ure auf 1 Liter Wasser mischt.<\/p>\n<h2>WIE REINIGT MAN GLASFASER MIT OXALS\u00c4URE?<\/h2>\n<h3>ENTFERNEN VON ROST AUS GLASFASERKUNSTSTOFF<\/h3>\n<p><a href=\"https:\/\/www.alquera.com\/de\/acido-oxalico\/limpieza-fibra-vidrio\/limpieza-oxido-fibra-de-vidrio\/\" rel=\"attachment wp-att-33346\"><img loading=\"lazy\" decoding=\"async\" class=\"size-full wp-image-33346 aligncenter\" src=\"https:\/\/www.alquera.com\/wp-content\/uploads\/2021\/03\/limpieza-oxido-fibra-de-vidrio.png\" alt=\"limpieza oxido fibra de vidrio\" width=\"600\" height=\"300\" srcset=\"https:\/\/www.alquera.com\/wp-content\/uploads\/2021\/03\/limpieza-oxido-fibra-de-vidrio.png 600w, https:\/\/www.alquera.com\/wp-content\/uploads\/2021\/03\/limpieza-oxido-fibra-de-vidrio-300x150.png 300w\" sizes=\"auto, (max-width: 600px) 100vw, 600px\" \/><\/a><\/p>\n<ul>\n<li>Reinigen Sie die gesamte rostige Stelle mit Ihrem \u00fcblichen Reinigungsmittel oder, falls dies nicht m\u00f6glich ist, mit Wasser und Seife, um das Fett zu entfernen.<\/li>\n<li>Stellen Sie eine L\u00f6sung aus 100 g Oxals\u00e4ure pro Liter hei\u00dfem (nicht kochendem) Wasser her. Das hei\u00dfe Wasser wird lediglich die Aufl\u00f6sung der Oxals\u00e4ure im Wasser erleichtern.<\/li>\n<li>Tragen Sie die L\u00f6sung mit einem Tuch auf die Rostflecken auf. F\u00fcr diesen Schritt m\u00fcssen Sie Handschuhe tragen.<\/li>\n<li>1-2 Stunden einwirken lassen<\/li>\n<li>Reiben Sie die behandelte Stelle mit einem feuchten Tuch ab. Der Rost sollte sich von selbst l\u00f6sen.<\/li>\n<li>Sp\u00fclen Sie die gesamte Stelle, auf die Sie die S\u00e4ure aufgetragen haben, gr\u00fcndlich mit Wasser ab.<\/li>\n<\/ul>\n<h3>ENTFERNEN VON ALGEN- UND MIKROORGANISMENFLECKEN<\/h3>\n<p><a href=\"https:\/\/www.alquera.com\/de\/acido-oxalico\/limpieza-fibra-vidrio\/limpieza-algas-en-embarcaciones\/\" rel=\"attachment wp-att-33347\"><img loading=\"lazy\" decoding=\"async\" class=\"size-full wp-image-33347 aligncenter\" src=\"https:\/\/www.alquera.com\/wp-content\/uploads\/2021\/03\/limpieza-algas-en-embarcaciones.png\" alt=\"limpieza algas en embarcaciones\" width=\"600\" height=\"300\" srcset=\"https:\/\/www.alquera.com\/wp-content\/uploads\/2021\/03\/limpieza-algas-en-embarcaciones.png 600w, https:\/\/www.alquera.com\/wp-content\/uploads\/2021\/03\/limpieza-algas-en-embarcaciones-300x150.png 300w\" sizes=\"auto, (max-width: 600px) 100vw, 600px\" \/><\/a><\/p>\n<ul>\n<li>Oxals\u00e4ure ist eine der wirksamsten L\u00f6sungen zur Reinigung von Algen und Mikroorganismen auf Schiffen.<\/li>\n<li>Das Mittel der Wahl ist die Herstellung einer L\u00f6sung aus S\u00e4ure und hei\u00dfem Wasser, die das S\u00e4urepulver aufl\u00f6st. Das hei\u00dfe Wasser f\u00f6rdert das Aufl\u00f6sen der S\u00e4ure.<\/li>\n<li>In diesem Fall l\u00e4sst sich die S\u00e4ure-Wasser-L\u00f6sung am besten mit einem Spr\u00fchger\u00e4t (wie es in G\u00e4rten \u00fcblich ist) auftragen, was die Arbeit erleichtert.<\/li>\n<li>Bedecken Sie die gesamte zu behandelnde Stelle mit der L\u00f6sung und lassen Sie sie etwa zwanzig Minuten einwirken, bevor Sie sie absp\u00fclen. Wenn Sie den Spr\u00fcher anwenden, werden Sie sehen, wie sich die Flecken aufzul\u00f6sen beginnen.<\/li>\n<li>Nach 20 Minuten sp\u00fclen Sie die gesamte Fl\u00e4che, die mit der S\u00e4urel\u00f6sung bedeckt war, mit Wasser ab.<\/li>\n<\/ul>\n<h3 class=\"widget-title\">Kaufen <\/h3><div><div class=\"woocommerce\"><ul class=\"products columns-4\">\n<li class=\"desktop-align-left tablet-align-left mobile-align-left ast-product-gallery-layout-horizontal-slider ast-magnify-disabled ast-product-single-variable ast-product-tabs-layout-horizontal ast-qv-on-image product type-product post-495 status-publish first instock product_cat-productos-experimentos product_cat-productos has-post-thumbnail taxable shipping-taxable purchasable product-type-variable has-default-attributes\">\n\t<a href=\"https:\/\/www.alquera.com\/de\/permanganato-de-potasio\/\" class=\"woocommerce-LoopProduct-link woocommerce-loop-product__link\"><img loading=\"lazy\" decoding=\"async\" width=\"300\" height=\"300\" src=\"https:\/\/www.alquera.com\/wp-content\/uploads\/2016\/01\/permanganato-200g-foto-nueva-300x300.png\" class=\"attachment-woocommerce_thumbnail size-woocommerce_thumbnail\" alt=\"permanganato 200g\" srcset=\"https:\/\/www.alquera.com\/wp-content\/uploads\/2016\/01\/permanganato-200g-foto-nueva-300x300.png 300w, https:\/\/www.alquera.com\/wp-content\/uploads\/2016\/01\/permanganato-200g-foto-nueva-150x150.png 150w, https:\/\/www.alquera.com\/wp-content\/uploads\/2016\/01\/permanganato-200g-foto-nueva-12x12.png 12w, https:\/\/www.alquera.com\/wp-content\/uploads\/2016\/01\/permanganato-200g-foto-nueva-100x100.png 100w\" sizes=\"auto, (max-width: 300px) 100vw, 300px\" \/><h2 class=\"woocommerce-loop-product__title\">Kaliumpermanganat<\/h2><div class=\"review-rating\"><div class=\"star-rating\"><span style=\"width:100%\" data-no-translation=\"\" data-trp-gettext=\"\">Bewertet mit <strong class=\"rating\">5.00<\/strong> von 5<\/span><\/div><\/div>\n<\/a><a href=\"https:\/\/www.alquera.com\/de\/permanganato-de-potasio\/\" aria-describedby=\"woocommerce_loop_add_to_cart_link_describedby_495\" data-quantity=\"1\" class=\"button product_type_variable add_to_cart_button\" data-product_id=\"495\" data-product_sku=\"AL100111\" aria-label=\"W\u00e4hle Optionen f\u00fcr \u201ePermanganato de Potasio\u201c\" rel=\"nofollow\" data-no-translation=\"\" data-trp-gettext=\"\" data-no-translation-aria-label=\"\">Ausf\u00fchrung w\u00e4hlen<\/a>\t<span id=\"woocommerce_loop_add_to_cart_link_describedby_495\" class=\"screen-reader-text\">\n\t\tDieses Produkt weist mehrere Varianten auf. Die Optionen k\u00f6nnen auf der Produktseite gew\u00e4hlt werden\t<\/span>\n<\/li>\n<\/ul>\n<\/div><\/div>\n<p class=\"widget-title\">Mehr lesen<\/p><a href=\"https:\/\/www.alquera.com\/de\/acido-oxalico\/\">Oxals\u00e4ure<\/a>\n<!-- Page-list plugin v.5.9 wordpress.org\/plugins\/page-list\/ -->\n<ul class=\"page-list siblings-page-list\">\n<li class=\"page_item page-item-33282 menu-item\"><a href=\"https:\/\/www.alquera.com\/de\/acido-oxalico\/apicultura\/\" class=\"menu-link\">Oxals\u00e4ure in der Imkerei<\/a><\/li>\n<li class=\"page_item page-item-33336 menu-item\"><a href=\"https:\/\/www.alquera.com\/de\/acido-oxalico\/limpieza-fibra-vidrio\/\" class=\"menu-link\">Reinigung von Glasfasern<\/a><\/li>\n<li class=\"page_item page-item-33280 menu-item\"><a href=\"https:\/\/www.alquera.com\/de\/acido-oxalico\/pulir-suelos\/\" class=\"menu-link\">Polieren von B\u00f6den mit Oxals\u00e4ure<\/a><\/li>\n<li class=\"page_item page-item-33277 menu-item\"><a href=\"https:\/\/www.alquera.com\/de\/acido-oxalico\/quitar-oxido\/\" class=\"menu-link\">Oxals\u00e4ure-Rostentfernung<\/a><\/li>\n<li class=\"page_item page-item-33275 menu-item\"><a href=\"https:\/\/www.alquera.com\/de\/acido-oxalico\/usos\/\" class=\"menu-link\">Verwendung von Oxals\u00e4ure<\/a><\/li>\n\n<\/ul>\n<p>&nbsp;<\/p>","protected":false},"excerpt":{"rendered":"<p>El \u00e1cido ox\u00e1lico es un \u00e1cido org\u00e1nico d\u00e9bil, muy utilizado en determinados tipo de limpieza, especialmente para eliminaci\u00f3n de \u00f3xidos en piezas met\u00e1licas y el piezas hechas con fibra de vidrio como son las embarcaciones de barcos, tablas de surf, ba\u00f1eras. En el caso de los cascos de las embarcaciones tambi\u00e9n se ha demostrado ser [&hellip;]<\/p>\n","protected":false},"author":1,"featured_media":0,"parent":33273,"menu_order":0,"comment_status":"closed","ping_status":"closed","template":"","meta":{"_acf_changed":false,"site-sidebar-layout":"default","site-content-layout":"","ast-site-content-layout":"default","site-content-style":"default","site-sidebar-style":"default","ast-global-header-display":"","ast-banner-title-visibility":"","ast-main-header-display":"","ast-hfb-above-header-display":"","ast-hfb-below-header-display":"","ast-hfb-mobile-header-display":"","site-post-title":"","ast-breadcrumbs-content":"","ast-featured-img":"","footer-sml-layout":"","ast-disable-related-posts":"","theme-transparent-header-meta":"","adv-header-id-meta":"","stick-header-meta":"","header-above-stick-meta":"","header-main-stick-meta":"","header-below-stick-meta":"","astra-migrate-meta-layouts":"default","ast-page-background-enabled":"default","ast-page-background-meta":{"desktop":{"background-color":"var(--ast-global-color-4)","background-image":"","background-repeat":"repeat","background-position":"center center","background-size":"auto","background-attachment":"scroll","background-type":"","background-media":"","overlay-type":"","overlay-color":"","overlay-opacity":"","overlay-gradient":""},"tablet":{"background-color":"","background-image":"","background-repeat":"repeat","background-position":"center center","background-size":"auto","background-attachment":"scroll","background-type":"","background-media":"","overlay-type":"","overlay-color":"","overlay-opacity":"","overlay-gradient":""},"mobile":{"background-color":"","background-image":"","background-repeat":"repeat","background-position":"center center","background-size":"auto","background-attachment":"scroll","background-type":"","background-media":"","overlay-type":"","overlay-color":"","overlay-opacity":"","overlay-gradient":""}},"ast-content-background-meta":{"desktop":{"background-color":"var(--ast-global-color-5)","background-image":"","background-repeat":"repeat","background-position":"center center","background-size":"auto","background-attachment":"scroll","background-type":"","background-media":"","overlay-type":"","overlay-color":"","overlay-opacity":"","overlay-gradient":""},"tablet":{"background-color":"var(--ast-global-color-5)","background-image":"","background-repeat":"repeat","background-position":"center center","background-size":"auto","background-attachment":"scroll","background-type":"","background-media":"","overlay-type":"","overlay-color":"","overlay-opacity":"","overlay-gradient":""},"mobile":{"background-color":"var(--ast-global-color-5)","background-image":"","background-repeat":"repeat","background-position":"center center","background-size":"auto","background-attachment":"scroll","background-type":"","background-media":"","overlay-type":"","overlay-color":"","overlay-opacity":"","overlay-gradient":""}},"footnotes":""},"class_list":["post-33336","page","type-page","status-publish","hentry"],"acf":[],"yoast_head":"<!-- This site is optimized with the Yoast SEO Premium plugin v27.1 (Yoast SEO v27.1.1) - https:\/\/yoast.com\/product\/yoast-seo-premium-wordpress\/ -->\n<title>Limpieza de Fibra de Vidrio - Alquera.com<\/title>\n<meta name=\"description\" content=\"El \u00e1cido ox\u00e1lico es un producto ideal para la limpieza de las embarcaciones. Tanto para las manchas de \u00e1xido como para algas.\" \/>\n<meta name=\"robots\" content=\"index, follow, max-snippet:-1, max-image-preview:large, max-video-preview:-1\" \/>\n<link rel=\"canonical\" href=\"https:\/\/www.alquera.com\/de\/acido-oxalico\/limpieza-fibra-vidrio\/\" \/>\n<meta property=\"og:locale\" content=\"de_DE\" \/>\n<meta property=\"og:type\" content=\"article\" \/>\n<meta property=\"og:title\" content=\"Limpieza de Fibra de Vidrio\" \/>\n<meta property=\"og:description\" content=\"El \u00e1cido ox\u00e1lico es un producto ideal para la limpieza de las embarcaciones. Tanto para las manchas de \u00e1xido como para algas.\" \/>\n<meta property=\"og:url\" content=\"https:\/\/www.alquera.com\/de\/acido-oxalico\/limpieza-fibra-vidrio\/\" \/>\n<meta property=\"og:site_name\" content=\"Alquera.com\" \/>\n<meta property=\"article:publisher\" content=\"https:\/\/www.facebook.com\/alqueraciencia\" \/>\n<meta property=\"article:modified_time\" content=\"2021-09-12T13:44:27+00:00\" \/>\n<meta property=\"og:image\" content=\"https:\/\/www.alquera.com\/wp-content\/uploads\/2021\/03\/ACIDO-OXALICO-1KG-POLVO-scaled.jpg\" \/>\n<meta name=\"twitter:card\" content=\"summary_large_image\" \/>\n<meta name=\"twitter:label1\" content=\"Gesch\u00e4tzte Lesezeit\" \/>\n\t<meta name=\"twitter:data1\" content=\"2\u00a0Minuten\" \/>\n<script type=\"application\/ld+json\" class=\"yoast-schema-graph\">{\"@context\":\"https:\/\/schema.org\",\"@graph\":[{\"@type\":\"WebPage\",\"@id\":\"https:\/\/www.alquera.com\/acido-oxalico\/limpieza-fibra-vidrio\/\",\"url\":\"https:\/\/www.alquera.com\/acido-oxalico\/limpieza-fibra-vidrio\/\",\"name\":\"Limpieza de Fibra de Vidrio - Alquera.com\",\"isPartOf\":{\"@id\":\"https:\/\/www.alquera.com\/en\/#website\"},\"primaryImageOfPage\":{\"@id\":\"https:\/\/www.alquera.com\/acido-oxalico\/limpieza-fibra-vidrio\/#primaryimage\"},\"image\":{\"@id\":\"https:\/\/www.alquera.com\/acido-oxalico\/limpieza-fibra-vidrio\/#primaryimage\"},\"thumbnailUrl\":\"https:\/\/www.alquera.com\/wp-content\/uploads\/2021\/03\/ACIDO-OXALICO-1KG-POLVO-scaled.jpg\",\"datePublished\":\"2021-03-17T10:28:21+00:00\",\"dateModified\":\"2021-09-12T13:44:27+00:00\",\"description\":\"El \u00e1cido ox\u00e1lico es un producto ideal para la limpieza de las embarcaciones. Tanto para las manchas de \u00e1xido como para algas.\",\"breadcrumb\":{\"@id\":\"https:\/\/www.alquera.com\/acido-oxalico\/limpieza-fibra-vidrio\/#breadcrumb\"},\"inLanguage\":\"de\",\"potentialAction\":[{\"@type\":\"ReadAction\",\"target\":[\"https:\/\/www.alquera.com\/acido-oxalico\/limpieza-fibra-vidrio\/\"]}]},{\"@type\":\"ImageObject\",\"inLanguage\":\"de\",\"@id\":\"https:\/\/www.alquera.com\/acido-oxalico\/limpieza-fibra-vidrio\/#primaryimage\",\"url\":\"https:\/\/www.alquera.com\/wp-content\/uploads\/2021\/03\/ACIDO-OXALICO-1KG-POLVO-scaled.jpg\",\"contentUrl\":\"https:\/\/www.alquera.com\/wp-content\/uploads\/2021\/03\/ACIDO-OXALICO-1KG-POLVO-scaled.jpg\"},{\"@type\":\"BreadcrumbList\",\"@id\":\"https:\/\/www.alquera.com\/acido-oxalico\/limpieza-fibra-vidrio\/#breadcrumb\",\"itemListElement\":[{\"@type\":\"ListItem\",\"position\":1,\"name\":\"Inicio\",\"item\":\"https:\/\/www.alquera.com\/\"},{\"@type\":\"ListItem\",\"position\":2,\"name\":\"Acido Ox\u00e1lico\",\"item\":\"https:\/\/www.alquera.com\/acido-oxalico\/\"},{\"@type\":\"ListItem\",\"position\":3,\"name\":\"Limpieza de Fibra de Vidrio\"}]},{\"@type\":\"WebSite\",\"@id\":\"https:\/\/www.alquera.com\/en\/#website\",\"url\":\"https:\/\/www.alquera.com\/en\/\",\"name\":\"Alquera.com\",\"description\":\"Tienda Online Productos Qu\u00edmicos y Material de Laboratorio\",\"publisher\":{\"@id\":\"https:\/\/www.alquera.com\/en\/#organization\"},\"potentialAction\":[{\"@type\":\"SearchAction\",\"target\":{\"@type\":\"EntryPoint\",\"urlTemplate\":\"https:\/\/www.alquera.com\/en\/?s={search_term_string}\"},\"query-input\":{\"@type\":\"PropertyValueSpecification\",\"valueRequired\":true,\"valueName\":\"search_term_string\"}}],\"inLanguage\":\"de\"},{\"@type\":\"Organization\",\"@id\":\"https:\/\/www.alquera.com\/en\/#organization\",\"name\":\"ALQUERA CIENCIA SL\",\"url\":\"https:\/\/www.alquera.com\/en\/\",\"logo\":{\"@type\":\"ImageObject\",\"inLanguage\":\"de\",\"@id\":\"https:\/\/www.alquera.com\/en\/#\/schema\/logo\/image\/\",\"url\":\"https:\/\/www.alquera.com\/wp-content\/uploads\/2020\/11\/logo_300_ancho.png\",\"contentUrl\":\"https:\/\/www.alquera.com\/wp-content\/uploads\/2020\/11\/logo_300_ancho.png\",\"width\":300,\"height\":86,\"caption\":\"ALQUERA CIENCIA SL\"},\"image\":{\"@id\":\"https:\/\/www.alquera.com\/en\/#\/schema\/logo\/image\/\"},\"sameAs\":[\"https:\/\/www.facebook.com\/alqueraciencia\",\"https:\/\/www.instagram.com\/alquera_ciencia\/\",\"https:\/\/www.youtube.com\/c\/alquera\"]}]}<\/script>\n<!-- \/ Yoast SEO Premium plugin. -->","yoast_head_json":{"title":"Reinigung von Glasfasern - Alquera.com","description":"Oxals\u00e4ure ist ein ideales Produkt f\u00fcr die Reinigung von Booten. Sowohl bei Rostflecken als auch bei Algen.","robots":{"index":"index","follow":"follow","max-snippet":"max-snippet:-1","max-image-preview":"max-image-preview:large","max-video-preview":"max-video-preview:-1"},"canonical":"https:\/\/www.alquera.com\/de\/acido-oxalico\/limpieza-fibra-vidrio\/","og_locale":"de_DE","og_type":"article","og_title":"Limpieza de Fibra de Vidrio","og_description":"El \u00e1cido ox\u00e1lico es un producto ideal para la limpieza de las embarcaciones. Tanto para las manchas de \u00e1xido como para algas.","og_url":"https:\/\/www.alquera.com\/de\/acido-oxalico\/limpieza-fibra-vidrio\/","og_site_name":"Alquera.com","article_publisher":"https:\/\/www.facebook.com\/alqueraciencia","article_modified_time":"2021-09-12T13:44:27+00:00","og_image":[{"url":"https:\/\/www.alquera.com\/wp-content\/uploads\/2021\/03\/ACIDO-OXALICO-1KG-POLVO-scaled.jpg","type":"","width":"","height":""}],"twitter_card":"summary_large_image","twitter_misc":{"Gesch\u00e4tzte Lesezeit":"2\u00a0Minuten"},"schema":{"@context":"https:\/\/schema.org","@graph":[{"@type":"WebPage","@id":"https:\/\/www.alquera.com\/acido-oxalico\/limpieza-fibra-vidrio\/","url":"https:\/\/www.alquera.com\/acido-oxalico\/limpieza-fibra-vidrio\/","name":"Reinigung von Glasfasern - Alquera.com","isPartOf":{"@id":"https:\/\/www.alquera.com\/en\/#website"},"primaryImageOfPage":{"@id":"https:\/\/www.alquera.com\/acido-oxalico\/limpieza-fibra-vidrio\/#primaryimage"},"image":{"@id":"https:\/\/www.alquera.com\/acido-oxalico\/limpieza-fibra-vidrio\/#primaryimage"},"thumbnailUrl":"https:\/\/www.alquera.com\/wp-content\/uploads\/2021\/03\/ACIDO-OXALICO-1KG-POLVO-scaled.jpg","datePublished":"2021-03-17T10:28:21+00:00","dateModified":"2021-09-12T13:44:27+00:00","description":"Oxals\u00e4ure ist ein ideales Produkt f\u00fcr die Reinigung von Booten. Sowohl bei Rostflecken als auch bei Algen.","breadcrumb":{"@id":"https:\/\/www.alquera.com\/acido-oxalico\/limpieza-fibra-vidrio\/#breadcrumb"},"inLanguage":"de","potentialAction":[{"@type":"ReadAction","target":["https:\/\/www.alquera.com\/acido-oxalico\/limpieza-fibra-vidrio\/"]}]},{"@type":"ImageObject","inLanguage":"de","@id":"https:\/\/www.alquera.com\/acido-oxalico\/limpieza-fibra-vidrio\/#primaryimage","url":"https:\/\/www.alquera.com\/wp-content\/uploads\/2021\/03\/ACIDO-OXALICO-1KG-POLVO-scaled.jpg","contentUrl":"https:\/\/www.alquera.com\/wp-content\/uploads\/2021\/03\/ACIDO-OXALICO-1KG-POLVO-scaled.jpg"},{"@type":"BreadcrumbList","@id":"https:\/\/www.alquera.com\/acido-oxalico\/limpieza-fibra-vidrio\/#breadcrumb","itemListElement":[{"@type":"ListItem","position":1,"name":"Inicio","item":"https:\/\/www.alquera.com\/"},{"@type":"ListItem","position":2,"name":"Acido Ox\u00e1lico","item":"https:\/\/www.alquera.com\/acido-oxalico\/"},{"@type":"ListItem","position":3,"name":"Limpieza de Fibra de Vidrio"}]},{"@type":"WebSite","@id":"https:\/\/www.alquera.com\/en\/#website","url":"https:\/\/www.alquera.com\/en\/","name":"Alquera.com","description":"Online Shop Chemische Produkte und Laborger\u00e4te","publisher":{"@id":"https:\/\/www.alquera.com\/en\/#organization"},"potentialAction":[{"@type":"SearchAction","target":{"@type":"EntryPoint","urlTemplate":"https:\/\/www.alquera.com\/en\/?s={search_term_string}"},"query-input":{"@type":"PropertyValueSpecification","valueRequired":true,"valueName":"search_term_string"}}],"inLanguage":"de"},{"@type":"Organization","@id":"https:\/\/www.alquera.com\/en\/#organization","name":"ALQUERA CIENCIA SL","url":"https:\/\/www.alquera.com\/en\/","logo":{"@type":"ImageObject","inLanguage":"de","@id":"https:\/\/www.alquera.com\/en\/#\/schema\/logo\/image\/","url":"https:\/\/www.alquera.com\/wp-content\/uploads\/2020\/11\/logo_300_ancho.png","contentUrl":"https:\/\/www.alquera.com\/wp-content\/uploads\/2020\/11\/logo_300_ancho.png","width":300,"height":86,"caption":"ALQUERA CIENCIA SL"},"image":{"@id":"https:\/\/www.alquera.com\/en\/#\/schema\/logo\/image\/"},"sameAs":["https:\/\/www.facebook.com\/alqueraciencia","https:\/\/www.instagram.com\/alquera_ciencia\/","https:\/\/www.youtube.com\/c\/alquera"]}]}},"_links":{"self":[{"href":"https:\/\/www.alquera.com\/de\/wp-json\/wp\/v2\/pages\/33336","targetHints":{"allow":["GET"]}}],"collection":[{"href":"https:\/\/www.alquera.com\/de\/wp-json\/wp\/v2\/pages"}],"about":[{"href":"https:\/\/www.alquera.com\/de\/wp-json\/wp\/v2\/types\/page"}],"author":[{"embeddable":true,"href":"https:\/\/www.alquera.com\/de\/wp-json\/wp\/v2\/users\/1"}],"replies":[{"embeddable":true,"href":"https:\/\/www.alquera.com\/de\/wp-json\/wp\/v2\/comments?post=33336"}],"version-history":[{"count":9,"href":"https:\/\/www.alquera.com\/de\/wp-json\/wp\/v2\/pages\/33336\/revisions"}],"predecessor-version":[{"id":33350,"href":"https:\/\/www.alquera.com\/de\/wp-json\/wp\/v2\/pages\/33336\/revisions\/33350"}],"up":[{"embeddable":true,"href":"https:\/\/www.alquera.com\/de\/wp-json\/wp\/v2\/pages\/33273"}],"wp:attachment":[{"href":"https:\/\/www.alquera.com\/de\/wp-json\/wp\/v2\/media?parent=33336"}],"curies":[{"name":"wp","href":"https:\/\/api.w.org\/{rel}","templated":true}]}}