{"id":33360,"date":"2021-03-17T13:18:29","date_gmt":"2021-03-17T13:18:29","guid":{"rendered":"https:\/\/www.alquera.com\/?page_id=33360"},"modified":"2026-02-23T14:42:28","modified_gmt":"2026-02-23T14:42:28","slug":"plantas","status":"publish","type":"page","link":"https:\/\/www.alquera.com\/de\/sulfato-de-hierro\/plantas\/","title":{"rendered":"Eisensulfat f\u00fcr Pflanzen"},"content":{"rendered":"<p>Pflanzen ben\u00f6tigen f\u00fcr ihre Entwicklung 12 N\u00e4hrstoffe, darunter die so genannten Makron\u00e4hrstoffe, die sie in gro\u00dfen Mengen ben\u00f6tigen, und die Mikron\u00e4hrstoffe, die sie in geringeren Mengen ben\u00f6tigen. Die\u00a0<strong>Eisensulfat f\u00fcr Pflanzen<\/strong>\u00a0mit Eisenmangel zusammenh\u00e4ngt. Eisen ist ein Teil der Mikron\u00e4hrstoffe. In manchen B\u00f6den, insbesondere in B\u00f6den mit hohem pH-Wert, kommt es vor, dass Mikron\u00e4hrstoffe unl\u00f6slich werden, z. B. ist Eisen im Boden unl\u00f6slich.\u00a0<strong>Eisen<\/strong>.<\/p>\n<h2>SENKUNG DES PH-WERTS DES BODENS MIT EISENSULFAT-HEPTAHYDRAT<\/h2>\n<p>Die <a href=\"https:\/\/www.alquera.com\/de\/sulfato-de-hierro\/\">sulfato de hierro<\/a> Eisensulfat ist ein chemisches Produkt mit der Formel FeSO4, das in Pulver- und Granulatform erh\u00e4ltlich ist. Eisensulfat ist ein Salz, das, wenn es mit dem Boden vermischt wird, diesen ans\u00e4uert, d. h. es senkt den pH-Wert auf Werte unter 7.\u00a0<strong>Eisen<\/strong>.<a href=\"https:\/\/www.alquera.com\/de\/?attachment_id=949\" rel=\"attachment wp-att-949\"><img loading=\"lazy\" decoding=\"async\" class=\"wp-image-949 size-medium aligncenter\" src=\"https:\/\/www.alquera.com\/wp-content\/uploads\/2017\/09\/993-thickbox_default-Sulfato-de-Hierro-5Kg-300x300.jpg\" alt=\"Sulfato de Hierro\" width=\"300\" height=\"300\" srcset=\"https:\/\/www.alquera.com\/wp-content\/uploads\/2017\/09\/993-thickbox_default-Sulfato-de-Hierro-5Kg-300x300.jpg 300w, https:\/\/www.alquera.com\/wp-content\/uploads\/2017\/09\/993-thickbox_default-Sulfato-de-Hierro-5Kg-100x100.jpg 100w, https:\/\/www.alquera.com\/wp-content\/uploads\/2017\/09\/993-thickbox_default-Sulfato-de-Hierro-5Kg-600x600.jpg 600w, https:\/\/www.alquera.com\/wp-content\/uploads\/2017\/09\/993-thickbox_default-Sulfato-de-Hierro-5Kg-150x150.jpg 150w, https:\/\/www.alquera.com\/wp-content\/uploads\/2017\/09\/993-thickbox_default-Sulfato-de-Hierro-5Kg-768x768.jpg 768w, https:\/\/www.alquera.com\/wp-content\/uploads\/2017\/09\/993-thickbox_default-Sulfato-de-Hierro-5Kg.jpg 800w\" sizes=\"auto, (max-width: 300px) 100vw, 300px\" \/><\/a>Eisensulfat kann in Form von Partikeln vorliegen, die sich am besten zum Aufl\u00f6sen in Wasser eignen. In der Landwirtschaft wird auch die granulierte Form verwendet, in diesem Fall wird es mit dem Boden vermischt, ohne es in Wasser aufzul\u00f6sen. Es wird empfohlen, die Partikelform zu verwenden und sie in Wasser aufzul\u00f6sen.<\/p>\n<h2>COMPRAR SULFATO DE HIERRO<\/h2>\n<p>Si est\u00e1s buscando comprar sulfato de hierro para pintar, en Alquera puedes encontrarlo en diferentes formatos: desde 1kg, 5kg y 25kg. Podr\u00e1s descarte la ficha t\u00e9cnica y la MSDS sobre el propio producto en el apartado documentaci\u00f3n.<\/p>\n<div style=\"text-align: center;\"><div class=\"woocommerce\"><ul class=\"products columns-4\">\n<li class=\"desktop-align-left tablet-align-left mobile-align-left ast-product-gallery-layout-horizontal-slider ast-magnify-disabled ast-product-single-variable ast-product-tabs-layout-horizontal ast-qv-on-image product type-product post-950 status-publish first instock product_cat-agroquimicos has-post-thumbnail taxable shipping-taxable purchasable product-type-variable has-default-attributes\">\n\t<a href=\"https:\/\/www.alquera.com\/de\/sulfato-de-hierro\/\" class=\"woocommerce-LoopProduct-link woocommerce-loop-product__link\"><img loading=\"lazy\" decoding=\"async\" width=\"300\" height=\"300\" src=\"https:\/\/www.alquera.com\/wp-content\/uploads\/2017\/09\/992-thickbox_default-Sulfato-de-Hierro-5Kg-300x300.jpg\" class=\"attachment-woocommerce_thumbnail size-woocommerce_thumbnail\" alt=\"Comprar Sulfato de Hierro\" srcset=\"https:\/\/www.alquera.com\/wp-content\/uploads\/2017\/09\/992-thickbox_default-Sulfato-de-Hierro-5Kg-300x300.jpg 300w, https:\/\/www.alquera.com\/wp-content\/uploads\/2017\/09\/992-thickbox_default-Sulfato-de-Hierro-5Kg-100x100.jpg 100w, https:\/\/www.alquera.com\/wp-content\/uploads\/2017\/09\/992-thickbox_default-Sulfato-de-Hierro-5Kg-600x600.jpg 600w, https:\/\/www.alquera.com\/wp-content\/uploads\/2017\/09\/992-thickbox_default-Sulfato-de-Hierro-5Kg-150x150.jpg 150w, https:\/\/www.alquera.com\/wp-content\/uploads\/2017\/09\/992-thickbox_default-Sulfato-de-Hierro-5Kg-768x768.jpg 768w, https:\/\/www.alquera.com\/wp-content\/uploads\/2017\/09\/992-thickbox_default-Sulfato-de-Hierro-5Kg.jpg 800w\" sizes=\"auto, (max-width: 300px) 100vw, 300px\" \/><h2 class=\"woocommerce-loop-product__title\">Eisensulfat<\/h2><div class=\"review-rating\"><div class=\"star-rating\"><span style=\"width:100%\" data-no-translation=\"\" data-trp-gettext=\"\">Bewertet mit <strong class=\"rating\">5.00<\/strong> von 5<\/span><\/div><\/div>\n<\/a><a href=\"https:\/\/www.alquera.com\/de\/sulfato-de-hierro\/\" aria-describedby=\"woocommerce_loop_add_to_cart_link_describedby_950\" data-quantity=\"1\" class=\"button product_type_variable add_to_cart_button\" data-product_id=\"950\" data-product_sku=\"AL100161\" aria-label=\"W\u00e4hle Optionen f\u00fcr \u201eSulfato de Hierro\u201c\" rel=\"nofollow\" data-no-translation=\"\" data-trp-gettext=\"\" data-no-translation-aria-label=\"\">Ausf\u00fchrung w\u00e4hlen<\/a>\t<span id=\"woocommerce_loop_add_to_cart_link_describedby_950\" class=\"screen-reader-text\">\n\t\tDieses Produkt weist mehrere Varianten auf. Die Optionen k\u00f6nnen auf der Produktseite gew\u00e4hlt werden\t<\/span>\n<\/li>\n<\/ul>\n<\/div><\/div>\n<h2>WIE MAN EISENSULFAT F\u00dcR DEN BODEN BEREITSTELLT<\/h2>\n<p>Zur Bereitstellung von Eisensulfat im Boden, <strong>Die Fl\u00e4che w\u00fcrde mit Wasser bew\u00e4ssert, das 3 Gramm gel\u00f6stes Eisensulfat pro Liter enth\u00e4lt.<\/strong>. Gie\u00dfen Sie einmal im Monat mit diesem Wasser. Verwenden Sie in T\u00f6pfen kein Eisensulfat, sondern Zitronens\u00e4ure.<\/p>\n<p>Sie k\u00f6nnen die Behandlung mit Eisensulfat erg\u00e4nzen, indem Sie einem anderen Wasser 3 g Eisenchelate pro Liter hinzuf\u00fcgen. Die Anwendung sollte ebenfalls einmal im Monat erfolgen, und zwar in einer anderen Woche als der, in der das Eisensulfatwasser hinzugef\u00fcgt wurde.<\/p>\n<p>Mit diesen beiden Produkten (Eisensulfat und Eisenchelate) werden die acidophilen Pflanzen im Garten dank der Freisetzung des Sulfats durch die Senkung des pH-Werts des Bodens ausreichend mit Eisen und anderen Mikron\u00e4hrstoffen wie Mangan oder Kupfer versorgt.<\/p>\n<p>Es bleibt, die restlichen N\u00e4hrstoffe f\u00fcr die vollst\u00e4ndige D\u00fcngung der Pflanzen bereitzustellen, insbesondere die Makron\u00e4hrstoffe Stickstoff, Phosphor und Kalium.  In alkalischen B\u00f6den wird die Dosierung von Phosphor und Kalium erh\u00f6ht, da ein Teil davon verloren geht, da er unl\u00f6slich wird.<\/p>\n<h2>EISEN IN PFLANZEN<\/h2>\n<p>Die<strong>\u00a0Eisen\u00a0<\/strong>ist ein Wiederherstellungsmittel f\u00fcr einige Enzyme und Pigmente zum Abbau von Nitraten und Sulfaten; es ist auch ein\u00a0<strong>Stromerzeuger<\/strong>\u00a0das nicht f\u00fcr die Chlorophyllsynthese verwendet wird, aber f\u00fcr die Bildung von Chlorophyll, f\u00fcr die Ern\u00e4hrung der Pflanzen, das Pflanzenwachstum und die Pflanzengesundheit unerl\u00e4sslich ist.<\/p>\n<div class=\"imgCat\">\n<p><a href=\"https:\/\/www.alquera.com\/de\/sulfato-de-hierro\/plantas\/hierro-en-plantas_clorosis\/\" rel=\"attachment wp-att-33361\"><img loading=\"lazy\" decoding=\"async\" class=\"size-full wp-image-33361 aligncenter\" src=\"https:\/\/www.alquera.com\/wp-content\/uploads\/2021\/03\/Hierro-en-plantas_clorosis.png\" alt=\"falta de hierro en plantas\" width=\"554\" height=\"253\" srcset=\"https:\/\/www.alquera.com\/wp-content\/uploads\/2021\/03\/Hierro-en-plantas_clorosis.png 554w, https:\/\/www.alquera.com\/wp-content\/uploads\/2021\/03\/Hierro-en-plantas_clorosis-300x137.png 300w\" sizes=\"auto, (max-width: 554px) 100vw, 554px\" \/><\/a><\/p>\n<\/div>\n<div class=\"rte3\">\n<h3>Eisenmangel bei Pflanzen<\/h3>\n<p>Eisenmangel bei Pflanzen \u00e4u\u00dfert sich in den jungen Bl\u00e4ttern, die aufgrund eines Ungleichgewichts zwischen Chlorophyll und Karotin gelb werden. Ebenso wird der photosynthetische Transport reduziert, was zu einem R\u00fcckgang von Zucker, St\u00e4rke und einigen Aminos\u00e4uren f\u00fchrt.<\/p>\n<p>Au\u00dferdem reichern sich bei Eisenmangel andere Elemente an und ver\u00e4ndern die Synthese von Proteinen und die Anreicherung von Lipiden und unges\u00e4ttigten Fetts\u00e4uren, w\u00e4hrend die Nerven gr\u00fcn bleiben, was zu Eisenchlorose f\u00fchrt, die nur einige Zweige befallen kann, w\u00e4hrend die anderen gesund bleiben k\u00f6nnen.<\/p>\n<p>Als Erstes sollten die Wurzeln der kranken Pflanze untersucht werden, da sie m\u00f6glicherweise zu stark bew\u00e4ssert ist und daher die N\u00e4hrstoffe nicht richtig aufnehmen kann. Es kann sogar sein, dass die Wurzeln erkrankt sind, so dass sie das Eisen nur schwer aufnehmen k\u00f6nnen.<\/p>\n<h3>\u00dcberm\u00e4\u00dfige Eisenaufnahme<\/h3>\n<p>Eisenmangel f\u00fchrt zu morphologischen und physiologischen Ver\u00e4nderungen; in der Wurzel kommt es zu einer Vergr\u00f6\u00dferung des Durchmessers der Wurzelspitzenzone und zur Bildung zahlreicher Wurzelhaare. Liegt das Problem nicht in der Wurzel, ist es ratsam, den pH-Wert oder den S\u00e4uregrad des Bodens zu \u00fcberpr\u00fcfen.<\/p>\n<p>Das Gegenteil ist der Fall, wenn die Pflanze mit einer \u00fcberm\u00e4\u00dfigen Eisenaufnahme konfrontiert wird, die aufgrund der raschen Umwandlung von l\u00f6slichem Eisen in unl\u00f6sliche Verbindungen nur selten vorkommt und f\u00fcr die Pflanzen, die darin wachsen, fast v\u00f6llig ungiftig ist. \u00dcbersch\u00fcssiges Eisen f\u00fchrt dazu, dass sich die Fluoreszenz des Chlorophylls ver\u00e4ndert. Infolgedessen wird es der Pflanze schwer fallen, die Sonnenenergie richtig zu absorbieren.<\/p>\n<p><\/p>\n<h2 id=\"h-mas-informacion-sulfato-ferrico\" class=\"wp-block-heading\">M\u00c1S INFORMACI\u00d3N SULFATO F\u00c9RRICO<\/h2>\n<p> <\/p>\n<p>Puedes ver m\u00e1s informaci\u00f3n sobre el sulfato f\u00e9rrico en estas p\u00e1ginas<\/p>\n<p> <\/p>\n<ul class=\"wp-block-list\">\n<li><a href=\"https:\/\/www.alquera.com\/de\/sulfato-de-hierro\/pintar\/\">Eisensulfat f\u00fcr die Malerei<\/a><\/li>\n \n<li><a href=\"https:\/\/www.alquera.com\/de\/sulfato-de-hierro\/usos\/\">Verwendet Eisensulfat<\/a><\/li>\n \n<li><a href=\"https:\/\/www.alquera.com\/de\/sulfato-de-hierro\/\">Eisensulfat kaufen<\/a><\/li>\n<\/ul>\n<p><\/p>\n<\/div>\n\n\n<p><\/p>","protected":false},"excerpt":{"rendered":"<p>Las plantas necesitan 12 nutrientes para su correcto desarrollo, de estos 12 nutrientes est\u00e1n los llamados macronutrientes que necesitan en cantidades altas y los micronutrientes que necesitan en cantidades menores. El\u00a0sulfato de hierro para plantas\u00a0est\u00e1 relacionado con la falta de hierro. El hierro forma parte de los micronutrientes. En algunos suelos, especialmente en suelos que [&hellip;]<\/p>\n","protected":false},"author":1,"featured_media":0,"parent":33351,"menu_order":0,"comment_status":"closed","ping_status":"closed","template":"","meta":{"_acf_changed":false,"site-sidebar-layout":"left-sidebar","site-content-layout":"","ast-site-content-layout":"default","site-content-style":"default","site-sidebar-style":"default","ast-global-header-display":"","ast-banner-title-visibility":"","ast-main-header-display":"","ast-hfb-above-header-display":"","ast-hfb-below-header-display":"","ast-hfb-mobile-header-display":"","site-post-title":"","ast-breadcrumbs-content":"","ast-featured-img":"","footer-sml-layout":"","ast-disable-related-posts":"","theme-transparent-header-meta":"","adv-header-id-meta":"","stick-header-meta":"","header-above-stick-meta":"","header-main-stick-meta":"","header-below-stick-meta":"","astra-migrate-meta-layouts":"set","ast-page-background-enabled":"default","ast-page-background-meta":{"desktop":{"background-color":"var(--ast-global-color-4)","background-image":"","background-repeat":"repeat","background-position":"center center","background-size":"auto","background-attachment":"scroll","background-type":"","background-media":"","overlay-type":"","overlay-color":"","overlay-opacity":"","overlay-gradient":""},"tablet":{"background-color":"","background-image":"","background-repeat":"repeat","background-position":"center center","background-size":"auto","background-attachment":"scroll","background-type":"","background-media":"","overlay-type":"","overlay-color":"","overlay-opacity":"","overlay-gradient":""},"mobile":{"background-color":"","background-image":"","background-repeat":"repeat","background-position":"center center","background-size":"auto","background-attachment":"scroll","background-type":"","background-media":"","overlay-type":"","overlay-color":"","overlay-opacity":"","overlay-gradient":""}},"ast-content-background-meta":{"desktop":{"background-color":"var(--ast-global-color-5)","background-image":"","background-repeat":"repeat","background-position":"center center","background-size":"auto","background-attachment":"scroll","background-type":"","background-media":"","overlay-type":"","overlay-color":"","overlay-opacity":"","overlay-gradient":""},"tablet":{"background-color":"var(--ast-global-color-5)","background-image":"","background-repeat":"repeat","background-position":"center center","background-size":"auto","background-attachment":"scroll","background-type":"","background-media":"","overlay-type":"","overlay-color":"","overlay-opacity":"","overlay-gradient":""},"mobile":{"background-color":"var(--ast-global-color-5)","background-image":"","background-repeat":"repeat","background-position":"center center","background-size":"auto","background-attachment":"scroll","background-type":"","background-media":"","overlay-type":"","overlay-color":"","overlay-opacity":"","overlay-gradient":""}},"footnotes":""},"class_list":["post-33360","page","type-page","status-publish","hentry"],"acf":[],"yoast_head":"<!-- This site is optimized with the Yoast SEO Premium plugin v27.1 (Yoast SEO v27.1.1) - https:\/\/yoast.com\/product\/yoast-seo-premium-wordpress\/ -->\n<title>Sulfato de Hierro para Plantas - Alquera.com<\/title>\n<meta name=\"description\" content=\"El hierro es uno de los micronutrientes que necesitan las plantas. Vamos a ver c\u00f3mo aplicar hierro a trav\u00e9s de sulfato de hierro.\" \/>\n<meta name=\"robots\" content=\"index, follow, max-snippet:-1, max-image-preview:large, max-video-preview:-1\" \/>\n<link rel=\"canonical\" href=\"https:\/\/www.alquera.com\/de\/sulfato-de-hierro\/plantas\/\" \/>\n<meta property=\"og:locale\" content=\"de_DE\" \/>\n<meta property=\"og:type\" content=\"article\" \/>\n<meta property=\"og:title\" content=\"Sulfato de Hierro para Plantas\" \/>\n<meta property=\"og:description\" content=\"El hierro es uno de los micronutrientes que necesitan las plantas. Vamos a ver c\u00f3mo aplicar hierro a trav\u00e9s de sulfato de hierro.\" \/>\n<meta property=\"og:url\" content=\"https:\/\/www.alquera.com\/de\/sulfato-de-hierro\/plantas\/\" \/>\n<meta property=\"og:site_name\" content=\"Alquera.com\" \/>\n<meta property=\"article:publisher\" content=\"https:\/\/www.facebook.com\/alqueraciencia\" \/>\n<meta property=\"article:modified_time\" content=\"2026-02-23T14:42:28+00:00\" \/>\n<meta property=\"og:image\" content=\"https:\/\/www.alquera.com\/wp-content\/uploads\/2017\/09\/993-thickbox_default-Sulfato-de-Hierro-5Kg.jpg\" \/>\n\t<meta property=\"og:image:width\" content=\"800\" \/>\n\t<meta property=\"og:image:height\" content=\"800\" \/>\n\t<meta property=\"og:image:type\" content=\"image\/jpeg\" \/>\n<meta name=\"twitter:card\" content=\"summary_large_image\" \/>\n<meta name=\"twitter:label1\" content=\"Gesch\u00e4tzte Lesezeit\" \/>\n\t<meta name=\"twitter:data1\" content=\"5\u00a0Minuten\" \/>\n<script type=\"application\/ld+json\" class=\"yoast-schema-graph\">{\"@context\":\"https:\/\/schema.org\",\"@graph\":[{\"@type\":\"WebPage\",\"@id\":\"https:\/\/www.alquera.com\/sulfato-de-hierro\/plantas\/\",\"url\":\"https:\/\/www.alquera.com\/sulfato-de-hierro\/plantas\/\",\"name\":\"Sulfato de Hierro para Plantas - Alquera.com\",\"isPartOf\":{\"@id\":\"https:\/\/www.alquera.com\/en\/#website\"},\"primaryImageOfPage\":{\"@id\":\"https:\/\/www.alquera.com\/sulfato-de-hierro\/plantas\/#primaryimage\"},\"image\":{\"@id\":\"https:\/\/www.alquera.com\/sulfato-de-hierro\/plantas\/#primaryimage\"},\"thumbnailUrl\":\"https:\/\/www.alquera.com\/wp-content\/uploads\/2017\/09\/993-thickbox_default-Sulfato-de-Hierro-5Kg-300x300.jpg\",\"datePublished\":\"2021-03-17T13:18:29+00:00\",\"dateModified\":\"2026-02-23T14:42:28+00:00\",\"description\":\"El hierro es uno de los micronutrientes que necesitan las plantas. Vamos a ver c\u00f3mo aplicar hierro a trav\u00e9s de sulfato de hierro.\",\"breadcrumb\":{\"@id\":\"https:\/\/www.alquera.com\/sulfato-de-hierro\/plantas\/#breadcrumb\"},\"inLanguage\":\"de\",\"potentialAction\":[{\"@type\":\"ReadAction\",\"target\":[\"https:\/\/www.alquera.com\/sulfato-de-hierro\/plantas\/\"]}]},{\"@type\":\"ImageObject\",\"inLanguage\":\"de\",\"@id\":\"https:\/\/www.alquera.com\/sulfato-de-hierro\/plantas\/#primaryimage\",\"url\":\"https:\/\/www.alquera.com\/wp-content\/uploads\/2017\/09\/993-thickbox_default-Sulfato-de-Hierro-5Kg-300x300.jpg\",\"contentUrl\":\"https:\/\/www.alquera.com\/wp-content\/uploads\/2017\/09\/993-thickbox_default-Sulfato-de-Hierro-5Kg-300x300.jpg\"},{\"@type\":\"BreadcrumbList\",\"@id\":\"https:\/\/www.alquera.com\/sulfato-de-hierro\/plantas\/#breadcrumb\",\"itemListElement\":[{\"@type\":\"ListItem\",\"position\":1,\"name\":\"Inicio\",\"item\":\"https:\/\/www.alquera.com\/\"},{\"@type\":\"ListItem\",\"position\":2,\"name\":\"Sulfato de Hierro\",\"item\":\"https:\/\/www.alquera.com\/sulfato-de-hierro\/\"},{\"@type\":\"ListItem\",\"position\":3,\"name\":\"Sulfato de Hierro para Plantas\"}]},{\"@type\":\"WebSite\",\"@id\":\"https:\/\/www.alquera.com\/en\/#website\",\"url\":\"https:\/\/www.alquera.com\/en\/\",\"name\":\"Alquera.com\",\"description\":\"Tienda Online Productos Qu\u00edmicos y Material de Laboratorio\",\"publisher\":{\"@id\":\"https:\/\/www.alquera.com\/en\/#organization\"},\"potentialAction\":[{\"@type\":\"SearchAction\",\"target\":{\"@type\":\"EntryPoint\",\"urlTemplate\":\"https:\/\/www.alquera.com\/en\/?s={search_term_string}\"},\"query-input\":{\"@type\":\"PropertyValueSpecification\",\"valueRequired\":true,\"valueName\":\"search_term_string\"}}],\"inLanguage\":\"de\"},{\"@type\":\"Organization\",\"@id\":\"https:\/\/www.alquera.com\/en\/#organization\",\"name\":\"ALQUERA CIENCIA SL\",\"url\":\"https:\/\/www.alquera.com\/en\/\",\"logo\":{\"@type\":\"ImageObject\",\"inLanguage\":\"de\",\"@id\":\"https:\/\/www.alquera.com\/en\/#\/schema\/logo\/image\/\",\"url\":\"https:\/\/www.alquera.com\/wp-content\/uploads\/2020\/11\/logo_300_ancho.png\",\"contentUrl\":\"https:\/\/www.alquera.com\/wp-content\/uploads\/2020\/11\/logo_300_ancho.png\",\"width\":300,\"height\":86,\"caption\":\"ALQUERA CIENCIA SL\"},\"image\":{\"@id\":\"https:\/\/www.alquera.com\/en\/#\/schema\/logo\/image\/\"},\"sameAs\":[\"https:\/\/www.facebook.com\/alqueraciencia\",\"https:\/\/www.instagram.com\/alquera_ciencia\/\",\"https:\/\/www.youtube.com\/c\/alquera\"]}]}<\/script>\n<!-- \/ Yoast SEO Premium plugin. -->","yoast_head_json":{"title":"Eisensulfat f\u00fcr Pflanzen - Alquera.com","description":"Eisen ist einer der Mikron\u00e4hrstoffe, die Pflanzen ben\u00f6tigen. Sehen wir uns an, wie man Eisen durch Eisensulfat anwendet.","robots":{"index":"index","follow":"follow","max-snippet":"max-snippet:-1","max-image-preview":"max-image-preview:large","max-video-preview":"max-video-preview:-1"},"canonical":"https:\/\/www.alquera.com\/de\/sulfato-de-hierro\/plantas\/","og_locale":"de_DE","og_type":"article","og_title":"Sulfato de Hierro para Plantas","og_description":"El hierro es uno de los micronutrientes que necesitan las plantas. Vamos a ver c\u00f3mo aplicar hierro a trav\u00e9s de sulfato de hierro.","og_url":"https:\/\/www.alquera.com\/de\/sulfato-de-hierro\/plantas\/","og_site_name":"Alquera.com","article_publisher":"https:\/\/www.facebook.com\/alqueraciencia","article_modified_time":"2026-02-23T14:42:28+00:00","og_image":[{"width":800,"height":800,"url":"https:\/\/www.alquera.com\/wp-content\/uploads\/2017\/09\/993-thickbox_default-Sulfato-de-Hierro-5Kg.jpg","type":"image\/jpeg"}],"twitter_card":"summary_large_image","twitter_misc":{"Gesch\u00e4tzte Lesezeit":"5\u00a0Minuten"},"schema":{"@context":"https:\/\/schema.org","@graph":[{"@type":"WebPage","@id":"https:\/\/www.alquera.com\/sulfato-de-hierro\/plantas\/","url":"https:\/\/www.alquera.com\/sulfato-de-hierro\/plantas\/","name":"Eisensulfat f\u00fcr Pflanzen - Alquera.com","isPartOf":{"@id":"https:\/\/www.alquera.com\/en\/#website"},"primaryImageOfPage":{"@id":"https:\/\/www.alquera.com\/sulfato-de-hierro\/plantas\/#primaryimage"},"image":{"@id":"https:\/\/www.alquera.com\/sulfato-de-hierro\/plantas\/#primaryimage"},"thumbnailUrl":"https:\/\/www.alquera.com\/wp-content\/uploads\/2017\/09\/993-thickbox_default-Sulfato-de-Hierro-5Kg-300x300.jpg","datePublished":"2021-03-17T13:18:29+00:00","dateModified":"2026-02-23T14:42:28+00:00","description":"Eisen ist einer der Mikron\u00e4hrstoffe, die Pflanzen ben\u00f6tigen. Sehen wir uns an, wie man Eisen durch Eisensulfat anwendet.","breadcrumb":{"@id":"https:\/\/www.alquera.com\/sulfato-de-hierro\/plantas\/#breadcrumb"},"inLanguage":"de","potentialAction":[{"@type":"ReadAction","target":["https:\/\/www.alquera.com\/sulfato-de-hierro\/plantas\/"]}]},{"@type":"ImageObject","inLanguage":"de","@id":"https:\/\/www.alquera.com\/sulfato-de-hierro\/plantas\/#primaryimage","url":"https:\/\/www.alquera.com\/wp-content\/uploads\/2017\/09\/993-thickbox_default-Sulfato-de-Hierro-5Kg-300x300.jpg","contentUrl":"https:\/\/www.alquera.com\/wp-content\/uploads\/2017\/09\/993-thickbox_default-Sulfato-de-Hierro-5Kg-300x300.jpg"},{"@type":"BreadcrumbList","@id":"https:\/\/www.alquera.com\/sulfato-de-hierro\/plantas\/#breadcrumb","itemListElement":[{"@type":"ListItem","position":1,"name":"Inicio","item":"https:\/\/www.alquera.com\/"},{"@type":"ListItem","position":2,"name":"Sulfato de Hierro","item":"https:\/\/www.alquera.com\/sulfato-de-hierro\/"},{"@type":"ListItem","position":3,"name":"Sulfato de Hierro para Plantas"}]},{"@type":"WebSite","@id":"https:\/\/www.alquera.com\/en\/#website","url":"https:\/\/www.alquera.com\/en\/","name":"Alquera.com","description":"Online Shop Chemische Produkte und Laborger\u00e4te","publisher":{"@id":"https:\/\/www.alquera.com\/en\/#organization"},"potentialAction":[{"@type":"SearchAction","target":{"@type":"EntryPoint","urlTemplate":"https:\/\/www.alquera.com\/en\/?s={search_term_string}"},"query-input":{"@type":"PropertyValueSpecification","valueRequired":true,"valueName":"search_term_string"}}],"inLanguage":"de"},{"@type":"Organization","@id":"https:\/\/www.alquera.com\/en\/#organization","name":"ALQUERA CIENCIA SL","url":"https:\/\/www.alquera.com\/en\/","logo":{"@type":"ImageObject","inLanguage":"de","@id":"https:\/\/www.alquera.com\/en\/#\/schema\/logo\/image\/","url":"https:\/\/www.alquera.com\/wp-content\/uploads\/2020\/11\/logo_300_ancho.png","contentUrl":"https:\/\/www.alquera.com\/wp-content\/uploads\/2020\/11\/logo_300_ancho.png","width":300,"height":86,"caption":"ALQUERA CIENCIA SL"},"image":{"@id":"https:\/\/www.alquera.com\/en\/#\/schema\/logo\/image\/"},"sameAs":["https:\/\/www.facebook.com\/alqueraciencia","https:\/\/www.instagram.com\/alquera_ciencia\/","https:\/\/www.youtube.com\/c\/alquera"]}]}},"_links":{"self":[{"href":"https:\/\/www.alquera.com\/de\/wp-json\/wp\/v2\/pages\/33360","targetHints":{"allow":["GET"]}}],"collection":[{"href":"https:\/\/www.alquera.com\/de\/wp-json\/wp\/v2\/pages"}],"about":[{"href":"https:\/\/www.alquera.com\/de\/wp-json\/wp\/v2\/types\/page"}],"author":[{"embeddable":true,"href":"https:\/\/www.alquera.com\/de\/wp-json\/wp\/v2\/users\/1"}],"replies":[{"embeddable":true,"href":"https:\/\/www.alquera.com\/de\/wp-json\/wp\/v2\/comments?post=33360"}],"version-history":[{"count":7,"href":"https:\/\/www.alquera.com\/de\/wp-json\/wp\/v2\/pages\/33360\/revisions"}],"predecessor-version":[{"id":56858,"href":"https:\/\/www.alquera.com\/de\/wp-json\/wp\/v2\/pages\/33360\/revisions\/56858"}],"up":[{"embeddable":true,"href":"https:\/\/www.alquera.com\/de\/wp-json\/wp\/v2\/pages\/33351"}],"wp:attachment":[{"href":"https:\/\/www.alquera.com\/de\/wp-json\/wp\/v2\/media?parent=33360"}],"curies":[{"name":"wp","href":"https:\/\/api.w.org\/{rel}","templated":true}]}}