{"id":33365,"date":"2021-03-17T13:23:49","date_gmt":"2021-03-17T13:23:49","guid":{"rendered":"https:\/\/www.alquera.com\/?page_id=33365"},"modified":"2026-02-23T14:41:54","modified_gmt":"2026-02-23T14:41:54","slug":"usos","status":"publish","type":"page","link":"https:\/\/www.alquera.com\/de\/sulfato-de-hierro\/usos\/","title":{"rendered":"Verwendet Eisensulfat"},"content":{"rendered":"<p>Die <a href=\"https:\/\/www.alquera.com\/de\/sulfato-de-hierro\/\">sulfato de hierro<\/a> es un compuesto qu\u00edmico de f\u00f3rmula qu\u00edmica\u00a0<strong>FeSO4.\u00a0<\/strong>Es wird auch als gr\u00fcnes Vitriol, Eisenvitriol, gr\u00fcne Kaparose, Eisen- oder Eisen(III)-Sulfat bezeichnet. Es hat eine gr\u00fcn-braune Farbe und kommt in verschiedenen Formen der Hydratation vor.<a href=\"https:\/\/www.alquera.com\/de\/?attachment_id=949\" rel=\"attachment wp-att-949\"><img loading=\"lazy\" decoding=\"async\" class=\"size-medium wp-image-949 aligncenter\" src=\"https:\/\/www.alquera.com\/wp-content\/uploads\/2017\/09\/993-thickbox_default-Sulfato-de-Hierro-5Kg-300x300.jpg\" alt=\"Sulfato de Hierro\" width=\"300\" height=\"300\" srcset=\"https:\/\/www.alquera.com\/wp-content\/uploads\/2017\/09\/993-thickbox_default-Sulfato-de-Hierro-5Kg-300x300.jpg 300w, https:\/\/www.alquera.com\/wp-content\/uploads\/2017\/09\/993-thickbox_default-Sulfato-de-Hierro-5Kg-100x100.jpg 100w, https:\/\/www.alquera.com\/wp-content\/uploads\/2017\/09\/993-thickbox_default-Sulfato-de-Hierro-5Kg-600x600.jpg 600w, https:\/\/www.alquera.com\/wp-content\/uploads\/2017\/09\/993-thickbox_default-Sulfato-de-Hierro-5Kg-150x150.jpg 150w, https:\/\/www.alquera.com\/wp-content\/uploads\/2017\/09\/993-thickbox_default-Sulfato-de-Hierro-5Kg-768x768.jpg 768w, https:\/\/www.alquera.com\/wp-content\/uploads\/2017\/09\/993-thickbox_default-Sulfato-de-Hierro-5Kg.jpg 800w\" sizes=\"auto, (max-width: 300px) 100vw, 300px\" \/><\/a><\/p>\n<h2>Physikalisch-chemische Eigenschaften<\/h2>\n<table class=\"infobox\">\n<tbody>\n<tr>\n<th scope=\"row\">Andere Namen<\/th>\n<td colspan=\"2\">Eisensulfat<br \/>Vitriol gr\u00fcn<br \/>Eisenvitriol<br \/>Caparrosa gr\u00fcn<br \/>Melanterit<br \/>Szomolnokita<\/td>\n<\/tr>\n<tr>\n<th scope=\"row\">Chemische Formel<\/th>\n<td colspan=\"2\">FeSO<sub>4<\/sub><br \/>Hydratationszust\u00e4nde:<br \/>FeSO<sub>4<\/sub>-H<sub>2<\/sub>O (Monohydrat)<br \/>FeSO<sub>4<\/sub>-4H<sub>2<\/sub>O (Tetrahydrat)<br \/>FeSO<sub>4<\/sub>-5H<sub>2<\/sub>O (Pentahydrat)<br \/>FeSO<sub>4<\/sub>-7H<sub>2<\/sub>O (Heptahydrat)<\/td>\n<\/tr>\n<tr>\n<th colspan=\"3\">Identifikatoren<\/th>\n<\/tr>\n<tr>\n<th scope=\"row\">CAS-Nummer<\/th>\n<td colspan=\"2\">7720-78-7(sal anhidra),\u00a0(monohidrato),\u00a0(tetrahidrato), (pentahidrato)<br \/><strong>7782-63-0 (Heptahydrat)<\/strong><\/td>\n<\/tr>\n<tr>\n<th colspan=\"3\">Physikalische Eigenschaften<\/th>\n<\/tr>\n<tr>\n<th scope=\"row\">Erscheinungsbild<\/th>\n<td colspan=\"2\">blau-gr\u00fcne oder wei\u00dfe Kristalle<\/td>\n<\/tr>\n<tr>\n<th scope=\"row\">Dichte<\/th>\n<td colspan=\"2\">1898\u00a0kg\/m<sup>3<\/sup><\/td>\n<\/tr>\n<tr>\n<th scope=\"row\">Molare Masse<\/th>\n<td colspan=\"2\">151,908 g\/mol (wasserfreies Salz); 169,923 g\/mol (Monohydrat); 224,120 g\/mol (Tetrahydrat); 242,135 g\/mol (Pentahydrat); 278,05 g\/mol (Heptahydrat) g\/mol<\/td>\n<\/tr>\n<tr>\n<th scope=\"row\">Schmelzpunkt<\/th>\n<td colspan=\"2\">64\u00a0\u00b0C<\/td>\n<\/tr>\n<tr>\n<th scope=\"row\">Siedepunkt<\/th>\n<td colspan=\"2\">90\u00a0\u00b0C<\/td>\n<\/tr>\n<tr>\n<th scope=\"row\">Zersetzungspunkt<\/th>\n<td colspan=\"2\">300\u00a0\u00b0C<\/td>\n<\/tr>\n<tr>\n<th colspan=\"3\">Chemische Eigenschaften<\/th>\n<\/tr>\n<tr>\n<th scope=\"row\">Solubilidad\u00a0en\u00a0agua<\/th>\n<td colspan=\"2\">29,5 g \/\u00a0L\u00a0de agua<\/td>\n<\/tr>\n<\/tbody>\n<\/table>\n<h2>Verwendungen von Eisensulfat<\/h2>\n<p>Eisensulfat hat mehrere Verwendungszwecke, da es ein Eisenionentr\u00e4ger ist. Es wird in der Landwirtschaft zur Versorgung der Pflanzen mit Eisen verwendet und dient zum Beizen von Betonb\u00f6den.<\/p>\n<p><a href=\"https:\/\/www.alquera.com\/de\/sulfato-de-hierro\/plantas\/\">Eisensulfat f\u00fcr Pflanzen<\/a>. Manchmal haben die Pflanzen einen Mangel an Mikron\u00e4hrstoffen, was auf einen hohen pH-Wert des Bodens, eine hohe Alkalit\u00e4t, zur\u00fcckzuf\u00fchren sein kann, der die N\u00e4hrstoffe unl\u00f6slich macht, sie zur\u00fcckh\u00e4lt und sie somit f\u00fcr die Pflanzen nicht verf\u00fcgbar macht. Eisensulfat ist ein Salz, mit dem der pH-Wert des Bodens gesenkt werden kann, wodurch Mikron\u00e4hrstoffe freigesetzt und Eisen zugef\u00fchrt werden.<\/p>\n<p><a href=\"https:\/\/www.alquera.com\/de\/sulfato-de-hierro\/pintar\/\">Eisensulfat f\u00fcr die Malerei<\/a>. Speziell f\u00fcr Betonw\u00e4nde auf Bauernh\u00f6fen, Teiche, Treppen, wenn Sie mit diesem Material streichen, erhalten Sie eine ganz besondere und charakteristische r\u00f6tliche Oberfl\u00e4chenfarbe. Diese Wirkung wird durch die Oxidation der Eisenionen in Wasser erzielt.<\/p>\n<h2>COMPRAR SULFATO DE HIERRO<\/h2>\n<p>Si est\u00e1s buscando comprar sulfato de hierro para pintar, en Alquera puedes encontrarlo en diferentes formatos: desde 1kg, 5kg y 25kg. Podr\u00e1s descarte la ficha t\u00e9cnica y la msds sobre el propio producto en el apartado documentaci\u00f3n.<\/p>\n<div style=\"text-align: center;\"><div class=\"woocommerce\"><ul class=\"products columns-4\">\n<li class=\"desktop-align-left tablet-align-left mobile-align-left ast-product-gallery-layout-horizontal-slider ast-magnify-disabled ast-product-single-variable ast-product-tabs-layout-horizontal ast-qv-on-image product type-product post-950 status-publish first instock product_cat-agroquimicos has-post-thumbnail taxable shipping-taxable purchasable product-type-variable has-default-attributes\">\n\t<a href=\"https:\/\/www.alquera.com\/de\/sulfato-de-hierro\/\" class=\"woocommerce-LoopProduct-link woocommerce-loop-product__link\"><img loading=\"lazy\" decoding=\"async\" width=\"300\" height=\"300\" src=\"https:\/\/www.alquera.com\/wp-content\/uploads\/2017\/09\/992-thickbox_default-Sulfato-de-Hierro-5Kg-300x300.jpg\" class=\"attachment-woocommerce_thumbnail size-woocommerce_thumbnail\" alt=\"Comprar Sulfato de Hierro\" srcset=\"https:\/\/www.alquera.com\/wp-content\/uploads\/2017\/09\/992-thickbox_default-Sulfato-de-Hierro-5Kg-300x300.jpg 300w, https:\/\/www.alquera.com\/wp-content\/uploads\/2017\/09\/992-thickbox_default-Sulfato-de-Hierro-5Kg-100x100.jpg 100w, https:\/\/www.alquera.com\/wp-content\/uploads\/2017\/09\/992-thickbox_default-Sulfato-de-Hierro-5Kg-600x600.jpg 600w, https:\/\/www.alquera.com\/wp-content\/uploads\/2017\/09\/992-thickbox_default-Sulfato-de-Hierro-5Kg-150x150.jpg 150w, https:\/\/www.alquera.com\/wp-content\/uploads\/2017\/09\/992-thickbox_default-Sulfato-de-Hierro-5Kg-768x768.jpg 768w, https:\/\/www.alquera.com\/wp-content\/uploads\/2017\/09\/992-thickbox_default-Sulfato-de-Hierro-5Kg.jpg 800w\" sizes=\"auto, (max-width: 300px) 100vw, 300px\" \/><h2 class=\"woocommerce-loop-product__title\">Eisensulfat<\/h2><div class=\"review-rating\"><div class=\"star-rating\"><span style=\"width:100%\" data-no-translation=\"\" data-trp-gettext=\"\">Bewertet mit <strong class=\"rating\">5.00<\/strong> von 5<\/span><\/div><\/div>\n<\/a><a href=\"https:\/\/www.alquera.com\/de\/sulfato-de-hierro\/\" aria-describedby=\"woocommerce_loop_add_to_cart_link_describedby_950\" data-quantity=\"1\" class=\"button product_type_variable add_to_cart_button\" data-product_id=\"950\" data-product_sku=\"AL100161\" aria-label=\"W\u00e4hle Optionen f\u00fcr \u201eSulfato de Hierro\u201c\" rel=\"nofollow\" data-no-translation=\"\" data-trp-gettext=\"\" data-no-translation-aria-label=\"\">Ausf\u00fchrung w\u00e4hlen<\/a>\t<span id=\"woocommerce_loop_add_to_cart_link_describedby_950\" class=\"screen-reader-text\">\n\t\tDieses Produkt weist mehrere Varianten auf. Die Optionen k\u00f6nnen auf der Produktseite gew\u00e4hlt werden\t<\/span>\n<\/li>\n<\/ul>\n<\/div><\/div>\n<div>\u00a0<\/div>\n<div>\n<h2>VORSICHTSMASSNAHMEN BEI EISENSULFAT<\/h2>\n<p>Bei der Verwendung von Eisensulfat ist besondere Vorsicht geboten, da es sich um eine \u00e4tzende Chemikalie handelt, die auf Kleidungsst\u00fccke und Gegenst\u00e4nde, die mit ihr in Ber\u00fchrung kommen, Flecken verursacht. Es ist daher notwendig, sich beim Umgang mit diesem Material zu sch\u00fctzen.<\/p>\n<\/div>\n\n\n<figure class=\"wp-block-image size-large\"><img loading=\"lazy\" decoding=\"async\" width=\"683\" height=\"1024\" src=\"https:\/\/www.alquera.com\/wp-content\/uploads\/2025\/01\/SULFATO-DE-HIERRO-1KG-INTERNACIONAL-683x1024.png\" alt=\"\" class=\"wp-image-51181\" srcset=\"https:\/\/www.alquera.com\/wp-content\/uploads\/2025\/01\/SULFATO-DE-HIERRO-1KG-INTERNACIONAL-683x1024.png 683w, https:\/\/www.alquera.com\/wp-content\/uploads\/2025\/01\/SULFATO-DE-HIERRO-1KG-INTERNACIONAL-200x300.png 200w, https:\/\/www.alquera.com\/wp-content\/uploads\/2025\/01\/SULFATO-DE-HIERRO-1KG-INTERNACIONAL-768x1151.png 768w, https:\/\/www.alquera.com\/wp-content\/uploads\/2025\/01\/SULFATO-DE-HIERRO-1KG-INTERNACIONAL-1025x1536.png 1025w, https:\/\/www.alquera.com\/wp-content\/uploads\/2025\/01\/SULFATO-DE-HIERRO-1KG-INTERNACIONAL-1367x2048.png 1367w, https:\/\/www.alquera.com\/wp-content\/uploads\/2025\/01\/SULFATO-DE-HIERRO-1KG-INTERNACIONAL-8x12.png 8w, https:\/\/www.alquera.com\/wp-content\/uploads\/2025\/01\/SULFATO-DE-HIERRO-1KG-INTERNACIONAL-600x899.png 600w, https:\/\/www.alquera.com\/wp-content\/uploads\/2025\/01\/SULFATO-DE-HIERRO-1KG-INTERNACIONAL.png 1535w\" sizes=\"auto, (max-width: 683px) 100vw, 683px\" \/><\/figure>\n\n\n\n<h2 class=\"wp-block-heading\" id=\"h-mas-informacion-sulfato-ferrico\">M\u00c1S INFORMACI\u00d3N SULFATO F\u00c9RRICO<\/h2>\n\n\n\n<p>Puedes ver m\u00e1s informaci\u00f3n sobre el sulfato f\u00e9rrico en estas p\u00e1ginas<\/p>\n\n\n\n<ul class=\"wp-block-list\">\n<li><a href=\"https:\/\/www.alquera.com\/de\/sulfato-de-hierro\/plantas\/\">Eisensulfat f\u00fcr Pflanzen<\/a><\/li>\n\n\n\n<li><a href=\"https:\/\/www.alquera.com\/de\/sulfato-de-hierro\/pintar\/\">Eisensulfat f\u00fcr die Malerei<\/a><\/li>\n\n\n\n<li><a href=\"https:\/\/www.alquera.com\/de\/sulfato-de-hierro\/\">Eisensulfat kaufen<\/a><\/li>\n<\/ul>\n\n\n<\/div>","protected":false},"excerpt":{"rendered":"<p>El sulfato de hierro es un compuesto qu\u00edmico de f\u00f3rmula qu\u00edmica\u00a0FeSO4.\u00a0Es conocido tambi\u00e9n con el nombre de vitriolo verde, vitriolo de hierro, caparrosa verde, sulfato ferroso o f\u00e9rrico. Tiene color verde-marr\u00f3n y se presente en diferentes formas de hidrataci\u00f3n. Caracter\u00edsticas F\u00edsico Qu\u00edmicas Otros nombres Sulfato ferrosoVitriolo verdeVitriolo de hierroCaparrosa verdeMelanteritaSzomolnokita F\u00f3rmula qu\u00edmica FeSO4Estados de hidrataci\u00f3n:FeSO4\u00b7H2O [&hellip;]<\/p>\n","protected":false},"author":1,"featured_media":0,"parent":33351,"menu_order":0,"comment_status":"closed","ping_status":"closed","template":"","meta":{"_acf_changed":false,"site-sidebar-layout":"left-sidebar","site-content-layout":"default","ast-site-content-layout":"default","site-content-style":"default","site-sidebar-style":"default","ast-global-header-display":"","ast-banner-title-visibility":"","ast-main-header-display":"","ast-hfb-above-header-display":"","ast-hfb-below-header-display":"","ast-hfb-mobile-header-display":"","site-post-title":"","ast-breadcrumbs-content":"","ast-featured-img":"","footer-sml-layout":"","ast-disable-related-posts":"","theme-transparent-header-meta":"default","adv-header-id-meta":"","stick-header-meta":"default","header-above-stick-meta":"","header-main-stick-meta":"","header-below-stick-meta":"","astra-migrate-meta-layouts":"set","ast-page-background-enabled":"default","ast-page-background-meta":{"desktop":{"background-color":"var(--ast-global-color-4)","background-image":"","background-repeat":"repeat","background-position":"center center","background-size":"auto","background-attachment":"scroll","background-type":"","background-media":"","overlay-type":"","overlay-color":"","overlay-opacity":"","overlay-gradient":""},"tablet":{"background-color":"","background-image":"","background-repeat":"repeat","background-position":"center center","background-size":"auto","background-attachment":"scroll","background-type":"","background-media":"","overlay-type":"","overlay-color":"","overlay-opacity":"","overlay-gradient":""},"mobile":{"background-color":"","background-image":"","background-repeat":"repeat","background-position":"center center","background-size":"auto","background-attachment":"scroll","background-type":"","background-media":"","overlay-type":"","overlay-color":"","overlay-opacity":"","overlay-gradient":""}},"ast-content-background-meta":{"desktop":{"background-color":"var(--ast-global-color-5)","background-image":"","background-repeat":"repeat","background-position":"center center","background-size":"auto","background-attachment":"scroll","background-type":"","background-media":"","overlay-type":"","overlay-color":"","overlay-opacity":"","overlay-gradient":""},"tablet":{"background-color":"var(--ast-global-color-5)","background-image":"","background-repeat":"repeat","background-position":"center center","background-size":"auto","background-attachment":"scroll","background-type":"","background-media":"","overlay-type":"","overlay-color":"","overlay-opacity":"","overlay-gradient":""},"mobile":{"background-color":"var(--ast-global-color-5)","background-image":"","background-repeat":"repeat","background-position":"center center","background-size":"auto","background-attachment":"scroll","background-type":"","background-media":"","overlay-type":"","overlay-color":"","overlay-opacity":"","overlay-gradient":""}},"footnotes":""},"class_list":["post-33365","page","type-page","status-publish","hentry"],"acf":[],"yoast_head":"<!-- This site is optimized with the Yoast SEO Premium plugin v27.1 (Yoast SEO v27.1.1) - https:\/\/yoast.com\/product\/yoast-seo-premium-wordpress\/ -->\n<title>Usos Sulfato de Hierro - Alquera.com<\/title>\n<meta name=\"description\" content=\"Vamos a ver los usos del sulfato de hierro, especialmente en agricultura pero tambi\u00e9n para dar color \u00f3xido al hormig\u00f3n.\" \/>\n<meta name=\"robots\" content=\"index, follow, max-snippet:-1, max-image-preview:large, max-video-preview:-1\" \/>\n<link rel=\"canonical\" href=\"https:\/\/www.alquera.com\/de\/sulfato-de-hierro\/usos\/\" \/>\n<meta property=\"og:locale\" content=\"de_DE\" \/>\n<meta property=\"og:type\" content=\"article\" \/>\n<meta property=\"og:title\" content=\"Usos Sulfato de Hierro\" \/>\n<meta property=\"og:description\" content=\"Vamos a ver los usos del sulfato de hierro, especialmente en agricultura pero tambi\u00e9n para dar color \u00f3xido al hormig\u00f3n.\" \/>\n<meta property=\"og:url\" content=\"https:\/\/www.alquera.com\/de\/sulfato-de-hierro\/usos\/\" \/>\n<meta property=\"og:site_name\" content=\"Alquera.com\" \/>\n<meta property=\"article:publisher\" content=\"https:\/\/www.facebook.com\/alqueraciencia\" \/>\n<meta property=\"article:modified_time\" content=\"2026-02-23T14:41:54+00:00\" \/>\n<meta property=\"og:image\" content=\"https:\/\/www.alquera.com\/wp-content\/uploads\/2017\/09\/993-thickbox_default-Sulfato-de-Hierro-5Kg.jpg\" \/>\n\t<meta property=\"og:image:width\" content=\"800\" \/>\n\t<meta property=\"og:image:height\" content=\"800\" \/>\n\t<meta property=\"og:image:type\" content=\"image\/jpeg\" \/>\n<meta name=\"twitter:card\" content=\"summary_large_image\" \/>\n<meta name=\"twitter:label1\" content=\"Gesch\u00e4tzte Lesezeit\" \/>\n\t<meta name=\"twitter:data1\" content=\"3\u00a0Minuten\" \/>\n<script type=\"application\/ld+json\" class=\"yoast-schema-graph\">{\"@context\":\"https:\/\/schema.org\",\"@graph\":[{\"@type\":\"WebPage\",\"@id\":\"https:\/\/www.alquera.com\/sulfato-de-hierro\/usos\/\",\"url\":\"https:\/\/www.alquera.com\/sulfato-de-hierro\/usos\/\",\"name\":\"Usos Sulfato de Hierro - Alquera.com\",\"isPartOf\":{\"@id\":\"https:\/\/www.alquera.com\/en\/#website\"},\"primaryImageOfPage\":{\"@id\":\"https:\/\/www.alquera.com\/sulfato-de-hierro\/usos\/#primaryimage\"},\"image\":{\"@id\":\"https:\/\/www.alquera.com\/sulfato-de-hierro\/usos\/#primaryimage\"},\"thumbnailUrl\":\"https:\/\/www.alquera.com\/wp-content\/uploads\/2017\/09\/993-thickbox_default-Sulfato-de-Hierro-5Kg-300x300.jpg\",\"datePublished\":\"2021-03-17T13:23:49+00:00\",\"dateModified\":\"2026-02-23T14:41:54+00:00\",\"description\":\"Vamos a ver los usos del sulfato de hierro, especialmente en agricultura pero tambi\u00e9n para dar color \u00f3xido al hormig\u00f3n.\",\"breadcrumb\":{\"@id\":\"https:\/\/www.alquera.com\/sulfato-de-hierro\/usos\/#breadcrumb\"},\"inLanguage\":\"de\",\"potentialAction\":[{\"@type\":\"ReadAction\",\"target\":[\"https:\/\/www.alquera.com\/sulfato-de-hierro\/usos\/\"]}]},{\"@type\":\"ImageObject\",\"inLanguage\":\"de\",\"@id\":\"https:\/\/www.alquera.com\/sulfato-de-hierro\/usos\/#primaryimage\",\"url\":\"https:\/\/www.alquera.com\/wp-content\/uploads\/2017\/09\/993-thickbox_default-Sulfato-de-Hierro-5Kg-300x300.jpg\",\"contentUrl\":\"https:\/\/www.alquera.com\/wp-content\/uploads\/2017\/09\/993-thickbox_default-Sulfato-de-Hierro-5Kg-300x300.jpg\"},{\"@type\":\"BreadcrumbList\",\"@id\":\"https:\/\/www.alquera.com\/sulfato-de-hierro\/usos\/#breadcrumb\",\"itemListElement\":[{\"@type\":\"ListItem\",\"position\":1,\"name\":\"Inicio\",\"item\":\"https:\/\/www.alquera.com\/\"},{\"@type\":\"ListItem\",\"position\":2,\"name\":\"Sulfato de Hierro\",\"item\":\"https:\/\/www.alquera.com\/sulfato-de-hierro\/\"},{\"@type\":\"ListItem\",\"position\":3,\"name\":\"Usos Sulfato de Hierro\"}]},{\"@type\":\"WebSite\",\"@id\":\"https:\/\/www.alquera.com\/en\/#website\",\"url\":\"https:\/\/www.alquera.com\/en\/\",\"name\":\"Alquera.com\",\"description\":\"Tienda Online Productos Qu\u00edmicos y Material de Laboratorio\",\"publisher\":{\"@id\":\"https:\/\/www.alquera.com\/en\/#organization\"},\"potentialAction\":[{\"@type\":\"SearchAction\",\"target\":{\"@type\":\"EntryPoint\",\"urlTemplate\":\"https:\/\/www.alquera.com\/en\/?s={search_term_string}\"},\"query-input\":{\"@type\":\"PropertyValueSpecification\",\"valueRequired\":true,\"valueName\":\"search_term_string\"}}],\"inLanguage\":\"de\"},{\"@type\":\"Organization\",\"@id\":\"https:\/\/www.alquera.com\/en\/#organization\",\"name\":\"ALQUERA CIENCIA SL\",\"url\":\"https:\/\/www.alquera.com\/en\/\",\"logo\":{\"@type\":\"ImageObject\",\"inLanguage\":\"de\",\"@id\":\"https:\/\/www.alquera.com\/en\/#\/schema\/logo\/image\/\",\"url\":\"https:\/\/www.alquera.com\/wp-content\/uploads\/2020\/11\/logo_300_ancho.png\",\"contentUrl\":\"https:\/\/www.alquera.com\/wp-content\/uploads\/2020\/11\/logo_300_ancho.png\",\"width\":300,\"height\":86,\"caption\":\"ALQUERA CIENCIA SL\"},\"image\":{\"@id\":\"https:\/\/www.alquera.com\/en\/#\/schema\/logo\/image\/\"},\"sameAs\":[\"https:\/\/www.facebook.com\/alqueraciencia\",\"https:\/\/www.instagram.com\/alquera_ciencia\/\",\"https:\/\/www.youtube.com\/c\/alquera\"]}]}<\/script>\n<!-- \/ Yoast SEO Premium plugin. -->","yoast_head_json":{"title":"Verwendung von Eisensulfat - Alquera.com","description":"Wir werden uns die Verwendungsm\u00f6glichkeiten von Eisensulfat ansehen, insbesondere in der Landwirtschaft, aber auch, um Beton Rostfarbe zu verleihen.","robots":{"index":"index","follow":"follow","max-snippet":"max-snippet:-1","max-image-preview":"max-image-preview:large","max-video-preview":"max-video-preview:-1"},"canonical":"https:\/\/www.alquera.com\/de\/sulfato-de-hierro\/usos\/","og_locale":"de_DE","og_type":"article","og_title":"Usos Sulfato de Hierro","og_description":"Vamos a ver los usos del sulfato de hierro, especialmente en agricultura pero tambi\u00e9n para dar color \u00f3xido al hormig\u00f3n.","og_url":"https:\/\/www.alquera.com\/de\/sulfato-de-hierro\/usos\/","og_site_name":"Alquera.com","article_publisher":"https:\/\/www.facebook.com\/alqueraciencia","article_modified_time":"2026-02-23T14:41:54+00:00","og_image":[{"width":800,"height":800,"url":"https:\/\/www.alquera.com\/wp-content\/uploads\/2017\/09\/993-thickbox_default-Sulfato-de-Hierro-5Kg.jpg","type":"image\/jpeg"}],"twitter_card":"summary_large_image","twitter_misc":{"Gesch\u00e4tzte Lesezeit":"3\u00a0Minuten"},"schema":{"@context":"https:\/\/schema.org","@graph":[{"@type":"WebPage","@id":"https:\/\/www.alquera.com\/sulfato-de-hierro\/usos\/","url":"https:\/\/www.alquera.com\/sulfato-de-hierro\/usos\/","name":"Verwendung von Eisensulfat - Alquera.com","isPartOf":{"@id":"https:\/\/www.alquera.com\/en\/#website"},"primaryImageOfPage":{"@id":"https:\/\/www.alquera.com\/sulfato-de-hierro\/usos\/#primaryimage"},"image":{"@id":"https:\/\/www.alquera.com\/sulfato-de-hierro\/usos\/#primaryimage"},"thumbnailUrl":"https:\/\/www.alquera.com\/wp-content\/uploads\/2017\/09\/993-thickbox_default-Sulfato-de-Hierro-5Kg-300x300.jpg","datePublished":"2021-03-17T13:23:49+00:00","dateModified":"2026-02-23T14:41:54+00:00","description":"Wir werden uns die Verwendungsm\u00f6glichkeiten von Eisensulfat ansehen, insbesondere in der Landwirtschaft, aber auch, um Beton Rostfarbe zu verleihen.","breadcrumb":{"@id":"https:\/\/www.alquera.com\/sulfato-de-hierro\/usos\/#breadcrumb"},"inLanguage":"de","potentialAction":[{"@type":"ReadAction","target":["https:\/\/www.alquera.com\/sulfato-de-hierro\/usos\/"]}]},{"@type":"ImageObject","inLanguage":"de","@id":"https:\/\/www.alquera.com\/sulfato-de-hierro\/usos\/#primaryimage","url":"https:\/\/www.alquera.com\/wp-content\/uploads\/2017\/09\/993-thickbox_default-Sulfato-de-Hierro-5Kg-300x300.jpg","contentUrl":"https:\/\/www.alquera.com\/wp-content\/uploads\/2017\/09\/993-thickbox_default-Sulfato-de-Hierro-5Kg-300x300.jpg"},{"@type":"BreadcrumbList","@id":"https:\/\/www.alquera.com\/sulfato-de-hierro\/usos\/#breadcrumb","itemListElement":[{"@type":"ListItem","position":1,"name":"Inicio","item":"https:\/\/www.alquera.com\/"},{"@type":"ListItem","position":2,"name":"Sulfato de Hierro","item":"https:\/\/www.alquera.com\/sulfato-de-hierro\/"},{"@type":"ListItem","position":3,"name":"Usos Sulfato de Hierro"}]},{"@type":"WebSite","@id":"https:\/\/www.alquera.com\/en\/#website","url":"https:\/\/www.alquera.com\/en\/","name":"Alquera.com","description":"Online Shop Chemische Produkte und Laborger\u00e4te","publisher":{"@id":"https:\/\/www.alquera.com\/en\/#organization"},"potentialAction":[{"@type":"SearchAction","target":{"@type":"EntryPoint","urlTemplate":"https:\/\/www.alquera.com\/en\/?s={search_term_string}"},"query-input":{"@type":"PropertyValueSpecification","valueRequired":true,"valueName":"search_term_string"}}],"inLanguage":"de"},{"@type":"Organization","@id":"https:\/\/www.alquera.com\/en\/#organization","name":"ALQUERA CIENCIA SL","url":"https:\/\/www.alquera.com\/en\/","logo":{"@type":"ImageObject","inLanguage":"de","@id":"https:\/\/www.alquera.com\/en\/#\/schema\/logo\/image\/","url":"https:\/\/www.alquera.com\/wp-content\/uploads\/2020\/11\/logo_300_ancho.png","contentUrl":"https:\/\/www.alquera.com\/wp-content\/uploads\/2020\/11\/logo_300_ancho.png","width":300,"height":86,"caption":"ALQUERA CIENCIA SL"},"image":{"@id":"https:\/\/www.alquera.com\/en\/#\/schema\/logo\/image\/"},"sameAs":["https:\/\/www.facebook.com\/alqueraciencia","https:\/\/www.instagram.com\/alquera_ciencia\/","https:\/\/www.youtube.com\/c\/alquera"]}]}},"_links":{"self":[{"href":"https:\/\/www.alquera.com\/de\/wp-json\/wp\/v2\/pages\/33365","targetHints":{"allow":["GET"]}}],"collection":[{"href":"https:\/\/www.alquera.com\/de\/wp-json\/wp\/v2\/pages"}],"about":[{"href":"https:\/\/www.alquera.com\/de\/wp-json\/wp\/v2\/types\/page"}],"author":[{"embeddable":true,"href":"https:\/\/www.alquera.com\/de\/wp-json\/wp\/v2\/users\/1"}],"replies":[{"embeddable":true,"href":"https:\/\/www.alquera.com\/de\/wp-json\/wp\/v2\/comments?post=33365"}],"version-history":[{"count":15,"href":"https:\/\/www.alquera.com\/de\/wp-json\/wp\/v2\/pages\/33365\/revisions"}],"predecessor-version":[{"id":56857,"href":"https:\/\/www.alquera.com\/de\/wp-json\/wp\/v2\/pages\/33365\/revisions\/56857"}],"up":[{"embeddable":true,"href":"https:\/\/www.alquera.com\/de\/wp-json\/wp\/v2\/pages\/33351"}],"wp:attachment":[{"href":"https:\/\/www.alquera.com\/de\/wp-json\/wp\/v2\/media?parent=33365"}],"curies":[{"name":"wp","href":"https:\/\/api.w.org\/{rel}","templated":true}]}}