{"id":39758,"date":"2022-11-11T09:43:34","date_gmt":"2022-11-11T09:43:34","guid":{"rendered":"https:\/\/www.alquera.com\/?page_id=39758"},"modified":"2023-01-26T15:01:09","modified_gmt":"2023-01-26T15:01:09","slug":"experimentos-de-ciencias","status":"publish","type":"page","link":"https:\/\/www.alquera.com\/de\/experimentos-de-ciencias\/","title":{"rendered":"Wissenschaftliche Experimente"},"content":{"rendered":"<p>In diesem Abschnitt schlagen wir eine Reihe von chemischen \u00dcbungen oder Experimenten vor, die in Gruppen durchgef\u00fchrt werden k\u00f6nnen. Bei den verwendeten Produkten handelt es sich um chemisch reine Produkte oder um Produkte mit einem f\u00fcr Experimente ausreichenden Reinheitsgrad (nicht analytisch). In diesem Abschnitt finden Sie lose Produkte, um einige \u00dcbungen durchzuf\u00fchren: <a href=\"https:\/\/www.alquera.com\/de\/productos-quimicos\/\">alle Produkte<\/a>. Zu jeder \u00dcbung finden Sie Erkl\u00e4rungen, eine Liste der einbezogenen und nicht einbezogenen Materialien sowie die mit der \u00dcbung verbundenen technischen Unterlagen. <\/p>\n\n\n\n<div class=\"filter-list\">\n\n  \n<\/div>\n\n\n\n\n\n<h2 class=\"wp-block-heading\" id=\"h-a-quien-va-dirigido-los-experimentos\">AN WEN DIE VERSUCHE GERICHTET SIND<\/h2>\n\n\n\n<p>Chemische oder naturwissenschaftliche Experimente richten sich an die breite \u00d6ffentlichkeit, obwohl sie speziell daf\u00fcr konzipiert sind, mehrmals oder in Gruppen durchgef\u00fchrt zu werden. Der Grund daf\u00fcr ist die Zeit, die f\u00fcr die Vorbereitung jedes Experiments ben\u00f6tigt wird. Es wird auch ber\u00fccksichtigt, dass die Durchf\u00fchrung von Experimenten nicht billig ist und dass die Vorbereitungszeit und die Kosten optimiert werden, wenn sie in einer Gruppe oder mehrmals durchgef\u00fchrt werden.<\/p>\n\n\n\n<h2 class=\"wp-block-heading\" id=\"h-como-pedir-un-kit-para-los-experimentos\">WIE MAN EINEN EXPERIMENTIERKASTEN BESTELLT<\/h2>\n\n\n\n<p>Sie k\u00f6nnen einen Bausatz direkt im Produkt selbst bestellen. Die Lieferungen erfolgen t\u00e4glich und werden in Spanien und Portugal innerhalb von 24\/28 Stunden und in Europa innerhalb von 4-5 Tagen zugestellt. Wenn Sie Fragen haben, z\u00f6gern Sie bitte nicht, sich an folgende Adresse zu wenden <a href=\"https:\/\/www.alquera.com\/de\/contactenos\/\">Kontaktieren Sie uns<\/a>. In jeder Praxis sehen Sie eine detaillierte Liste der Produkte, die Sie bei Bedarf in gro\u00dfen Mengen oder als Nachschub \u00fcber das Produkt selbst bestellen k\u00f6nnen. <\/p>\n\n\n\n<h2 class=\"wp-block-heading\" id=\"h-que-tipo-de-practicas-se-detallan\">WELCHE ART VON PRAKTIKEN DETAILLIERT BESCHRIEBEN WERDEN<\/h2>\n\n\n\n<p>Sie finden Experimente zu Chemie, Magnetismus, einfachen S\u00e4ure-Base-Reaktionen, Oxidations-Reduktionsreaktionen und Kristallisation. <\/p>","protected":false},"excerpt":{"rendered":"<p>En este apartado te proponemos una serie de pr\u00e1cticas de qu\u00edmica o experimentos para realizar en grupo. Los productos utilizados son productos qu\u00edmicamente puros, o con un grado de pureza suficiente para experimentaci\u00f3n (no anal\u00edtica). puedes encontrar los productos sueltos para completar alguna pr\u00e1ctica en este apartado: todos los productos. Dentro de cada pr\u00e1ctica encontrar\u00e1s [&hellip;]<\/p>\n","protected":false},"author":1,"featured_media":0,"parent":0,"menu_order":0,"comment_status":"closed","ping_status":"closed","template":"","meta":{"_acf_changed":false,"site-sidebar-layout":"no-sidebar","site-content-layout":"default","ast-site-content-layout":"default","site-content-style":"default","site-sidebar-style":"default","ast-global-header-display":"","ast-banner-title-visibility":"","ast-main-header-display":"","ast-hfb-above-header-display":"","ast-hfb-below-header-display":"","ast-hfb-mobile-header-display":"","site-post-title":"","ast-breadcrumbs-content":"","ast-featured-img":"","footer-sml-layout":"","ast-disable-related-posts":"","theme-transparent-header-meta":"default","adv-header-id-meta":"","stick-header-meta":"default","header-above-stick-meta":"","header-main-stick-meta":"","header-below-stick-meta":"","astra-migrate-meta-layouts":"default","ast-page-background-enabled":"default","ast-page-background-meta":{"desktop":{"background-color":"var(--ast-global-color-4)","background-image":"","background-repeat":"repeat","background-position":"center center","background-size":"auto","background-attachment":"scroll","background-type":"","background-media":"","overlay-type":"","overlay-color":"","overlay-opacity":"","overlay-gradient":""},"tablet":{"background-color":"","background-image":"","background-repeat":"repeat","background-position":"center center","background-size":"auto","background-attachment":"scroll","background-type":"","background-media":"","overlay-type":"","overlay-color":"","overlay-opacity":"","overlay-gradient":""},"mobile":{"background-color":"","background-image":"","background-repeat":"repeat","background-position":"center center","background-size":"auto","background-attachment":"scroll","background-type":"","background-media":"","overlay-type":"","overlay-color":"","overlay-opacity":"","overlay-gradient":""}},"ast-content-background-meta":{"desktop":{"background-color":"var(--ast-global-color-5)","background-image":"","background-repeat":"repeat","background-position":"center center","background-size":"auto","background-attachment":"scroll","background-type":"","background-media":"","overlay-type":"","overlay-color":"","overlay-opacity":"","overlay-gradient":""},"tablet":{"background-color":"var(--ast-global-color-5)","background-image":"","background-repeat":"repeat","background-position":"center center","background-size":"auto","background-attachment":"scroll","background-type":"","background-media":"","overlay-type":"","overlay-color":"","overlay-opacity":"","overlay-gradient":""},"mobile":{"background-color":"var(--ast-global-color-5)","background-image":"","background-repeat":"repeat","background-position":"center center","background-size":"auto","background-attachment":"scroll","background-type":"","background-media":"","overlay-type":"","overlay-color":"","overlay-opacity":"","overlay-gradient":""}},"footnotes":""},"class_list":["post-39758","page","type-page","status-publish","hentry"],"acf":[],"yoast_head":"<!-- This site is optimized with the Yoast SEO Premium plugin v27.1 (Yoast SEO v27.1.1) - https:\/\/yoast.com\/product\/yoast-seo-premium-wordpress\/ -->\n<title>Experimentos de Ciencias - Alquera.com<\/title>\n<meta name=\"robots\" content=\"index, follow, max-snippet:-1, max-image-preview:large, max-video-preview:-1\" \/>\n<link rel=\"canonical\" href=\"https:\/\/www.alquera.com\/de\/experimentos-de-ciencias\/\" \/>\n<meta property=\"og:locale\" content=\"de_DE\" \/>\n<meta property=\"og:type\" content=\"article\" \/>\n<meta property=\"og:title\" content=\"Experimentos de Ciencias\" \/>\n<meta property=\"og:description\" content=\"En este apartado te proponemos una serie de pr\u00e1cticas de qu\u00edmica o experimentos para realizar en grupo. Los productos utilizados son productos qu\u00edmicamente puros, o con un grado de pureza suficiente para experimentaci\u00f3n (no anal\u00edtica). puedes encontrar los productos sueltos para completar alguna pr\u00e1ctica en este apartado: todos los productos. Dentro de cada pr\u00e1ctica encontrar\u00e1s [&hellip;]\" \/>\n<meta property=\"og:url\" content=\"https:\/\/www.alquera.com\/de\/experimentos-de-ciencias\/\" \/>\n<meta property=\"og:site_name\" content=\"Alquera.com\" \/>\n<meta property=\"article:publisher\" content=\"https:\/\/www.facebook.com\/alqueraciencia\" \/>\n<meta property=\"article:modified_time\" content=\"2023-01-26T15:01:09+00:00\" \/>\n<meta name=\"twitter:card\" content=\"summary_large_image\" \/>\n<meta name=\"twitter:label1\" content=\"Gesch\u00e4tzte Lesezeit\" \/>\n\t<meta name=\"twitter:data1\" content=\"2\u00a0Minuten\" \/>\n<script type=\"application\/ld+json\" class=\"yoast-schema-graph\">{\"@context\":\"https:\/\/schema.org\",\"@graph\":[{\"@type\":\"WebPage\",\"@id\":\"https:\/\/www.alquera.com\/experimentos-de-ciencias\/\",\"url\":\"https:\/\/www.alquera.com\/experimentos-de-ciencias\/\",\"name\":\"Experimentos de Ciencias - Alquera.com\",\"isPartOf\":{\"@id\":\"https:\/\/www.alquera.com\/en\/#website\"},\"datePublished\":\"2022-11-11T09:43:34+00:00\",\"dateModified\":\"2023-01-26T15:01:09+00:00\",\"breadcrumb\":{\"@id\":\"https:\/\/www.alquera.com\/experimentos-de-ciencias\/#breadcrumb\"},\"inLanguage\":\"de\",\"potentialAction\":[{\"@type\":\"ReadAction\",\"target\":[\"https:\/\/www.alquera.com\/experimentos-de-ciencias\/\"]}]},{\"@type\":\"BreadcrumbList\",\"@id\":\"https:\/\/www.alquera.com\/experimentos-de-ciencias\/#breadcrumb\",\"itemListElement\":[{\"@type\":\"ListItem\",\"position\":1,\"name\":\"Inicio\",\"item\":\"https:\/\/www.alquera.com\/\"},{\"@type\":\"ListItem\",\"position\":2,\"name\":\"Experimentos de Ciencias\"}]},{\"@type\":\"WebSite\",\"@id\":\"https:\/\/www.alquera.com\/en\/#website\",\"url\":\"https:\/\/www.alquera.com\/en\/\",\"name\":\"Alquera.com\",\"description\":\"Tienda Online Productos Qu\u00edmicos y Material de Laboratorio\",\"publisher\":{\"@id\":\"https:\/\/www.alquera.com\/en\/#organization\"},\"potentialAction\":[{\"@type\":\"SearchAction\",\"target\":{\"@type\":\"EntryPoint\",\"urlTemplate\":\"https:\/\/www.alquera.com\/en\/?s={search_term_string}\"},\"query-input\":{\"@type\":\"PropertyValueSpecification\",\"valueRequired\":true,\"valueName\":\"search_term_string\"}}],\"inLanguage\":\"de\"},{\"@type\":\"Organization\",\"@id\":\"https:\/\/www.alquera.com\/en\/#organization\",\"name\":\"ALQUERA CIENCIA SL\",\"url\":\"https:\/\/www.alquera.com\/en\/\",\"logo\":{\"@type\":\"ImageObject\",\"inLanguage\":\"de\",\"@id\":\"https:\/\/www.alquera.com\/en\/#\/schema\/logo\/image\/\",\"url\":\"https:\/\/www.alquera.com\/wp-content\/uploads\/2020\/11\/logo_300_ancho.png\",\"contentUrl\":\"https:\/\/www.alquera.com\/wp-content\/uploads\/2020\/11\/logo_300_ancho.png\",\"width\":300,\"height\":86,\"caption\":\"ALQUERA CIENCIA SL\"},\"image\":{\"@id\":\"https:\/\/www.alquera.com\/en\/#\/schema\/logo\/image\/\"},\"sameAs\":[\"https:\/\/www.facebook.com\/alqueraciencia\",\"https:\/\/www.instagram.com\/alquera_ciencia\/\",\"https:\/\/www.youtube.com\/c\/alquera\"]}]}<\/script>\n<!-- \/ Yoast SEO Premium plugin. -->","yoast_head_json":{"title":"Wissenschaftliche Experimente - Alquera.com","robots":{"index":"index","follow":"follow","max-snippet":"max-snippet:-1","max-image-preview":"max-image-preview:large","max-video-preview":"max-video-preview:-1"},"canonical":"https:\/\/www.alquera.com\/de\/experimentos-de-ciencias\/","og_locale":"de_DE","og_type":"article","og_title":"Experimentos de Ciencias","og_description":"En este apartado te proponemos una serie de pr\u00e1cticas de qu\u00edmica o experimentos para realizar en grupo. Los productos utilizados son productos qu\u00edmicamente puros, o con un grado de pureza suficiente para experimentaci\u00f3n (no anal\u00edtica). puedes encontrar los productos sueltos para completar alguna pr\u00e1ctica en este apartado: todos los productos. Dentro de cada pr\u00e1ctica encontrar\u00e1s [&hellip;]","og_url":"https:\/\/www.alquera.com\/de\/experimentos-de-ciencias\/","og_site_name":"Alquera.com","article_publisher":"https:\/\/www.facebook.com\/alqueraciencia","article_modified_time":"2023-01-26T15:01:09+00:00","twitter_card":"summary_large_image","twitter_misc":{"Gesch\u00e4tzte Lesezeit":"2\u00a0Minuten"},"schema":{"@context":"https:\/\/schema.org","@graph":[{"@type":"WebPage","@id":"https:\/\/www.alquera.com\/experimentos-de-ciencias\/","url":"https:\/\/www.alquera.com\/experimentos-de-ciencias\/","name":"Wissenschaftliche Experimente - Alquera.com","isPartOf":{"@id":"https:\/\/www.alquera.com\/en\/#website"},"datePublished":"2022-11-11T09:43:34+00:00","dateModified":"2023-01-26T15:01:09+00:00","breadcrumb":{"@id":"https:\/\/www.alquera.com\/experimentos-de-ciencias\/#breadcrumb"},"inLanguage":"de","potentialAction":[{"@type":"ReadAction","target":["https:\/\/www.alquera.com\/experimentos-de-ciencias\/"]}]},{"@type":"BreadcrumbList","@id":"https:\/\/www.alquera.com\/experimentos-de-ciencias\/#breadcrumb","itemListElement":[{"@type":"ListItem","position":1,"name":"Inicio","item":"https:\/\/www.alquera.com\/"},{"@type":"ListItem","position":2,"name":"Experimentos de Ciencias"}]},{"@type":"WebSite","@id":"https:\/\/www.alquera.com\/en\/#website","url":"https:\/\/www.alquera.com\/en\/","name":"Alquera.com","description":"Online Shop Chemische Produkte und Laborger\u00e4te","publisher":{"@id":"https:\/\/www.alquera.com\/en\/#organization"},"potentialAction":[{"@type":"SearchAction","target":{"@type":"EntryPoint","urlTemplate":"https:\/\/www.alquera.com\/en\/?s={search_term_string}"},"query-input":{"@type":"PropertyValueSpecification","valueRequired":true,"valueName":"search_term_string"}}],"inLanguage":"de"},{"@type":"Organization","@id":"https:\/\/www.alquera.com\/en\/#organization","name":"ALQUERA CIENCIA SL","url":"https:\/\/www.alquera.com\/en\/","logo":{"@type":"ImageObject","inLanguage":"de","@id":"https:\/\/www.alquera.com\/en\/#\/schema\/logo\/image\/","url":"https:\/\/www.alquera.com\/wp-content\/uploads\/2020\/11\/logo_300_ancho.png","contentUrl":"https:\/\/www.alquera.com\/wp-content\/uploads\/2020\/11\/logo_300_ancho.png","width":300,"height":86,"caption":"ALQUERA CIENCIA SL"},"image":{"@id":"https:\/\/www.alquera.com\/en\/#\/schema\/logo\/image\/"},"sameAs":["https:\/\/www.facebook.com\/alqueraciencia","https:\/\/www.instagram.com\/alquera_ciencia\/","https:\/\/www.youtube.com\/c\/alquera"]}]}},"_links":{"self":[{"href":"https:\/\/www.alquera.com\/de\/wp-json\/wp\/v2\/pages\/39758","targetHints":{"allow":["GET"]}}],"collection":[{"href":"https:\/\/www.alquera.com\/de\/wp-json\/wp\/v2\/pages"}],"about":[{"href":"https:\/\/www.alquera.com\/de\/wp-json\/wp\/v2\/types\/page"}],"author":[{"embeddable":true,"href":"https:\/\/www.alquera.com\/de\/wp-json\/wp\/v2\/users\/1"}],"replies":[{"embeddable":true,"href":"https:\/\/www.alquera.com\/de\/wp-json\/wp\/v2\/comments?post=39758"}],"version-history":[{"count":57,"href":"https:\/\/www.alquera.com\/de\/wp-json\/wp\/v2\/pages\/39758\/revisions"}],"predecessor-version":[{"id":40847,"href":"https:\/\/www.alquera.com\/de\/wp-json\/wp\/v2\/pages\/39758\/revisions\/40847"}],"wp:attachment":[{"href":"https:\/\/www.alquera.com\/de\/wp-json\/wp\/v2\/media?parent=39758"}],"curies":[{"name":"wp","href":"https:\/\/api.w.org\/{rel}","templated":true}]}}