{"id":44896,"date":"2023-11-03T10:33:37","date_gmt":"2023-11-03T10:33:37","guid":{"rendered":"https:\/\/www.alquera.com\/?page_id=44896"},"modified":"2023-11-03T12:51:21","modified_gmt":"2023-11-03T12:51:21","slug":"tous-les-produits","status":"publish","type":"page","link":"https:\/\/www.alquera.com\/de\/tous-les-produits\/","title":{"rendered":"Alle Produkte"},"content":{"rendered":"<p>Finden Sie eine gro\u00dfe Auswahl an chemischen Produkten bei Alquera. Sie k\u00f6nnen das von Ihnen gesuchte chemische Produkt finden, indem Sie nach dem Namen suchen. Sie werden verschiedene Formate finden. Kaufen Sie direkt online ein, indem Sie die folgenden Schritte befolgen. Die Lieferung erfolgt innerhalb von 24\/48 Stunden nach Eingang der Bestellung. Wenn Sie Fragen zum Betrieb von Alquera haben, schreiben Sie an info@alquera.com oder kontaktieren Sie uns per Whatsapp unter 620887597.<\/p>\n<div class=\"rte3\">\n<div class=\"gloslistrow\">\n<div class=\"gloslist\">\n<p class=\"glostitle\">A<\/p>\n<ul class=\"gloslista\">\n<li><a href=\"https:\/\/www.alquera.com\/fr\/acetato-de-sodio\/\">Ac\u00e9tate de Sodyum<\/a><\/li>\n<li><a href=\"https:\/\/www.alquera.com\/fr\/acido-citrico\/\">Zitronens\u00e4ure<\/a><\/li>\n<li><a href=\"https:\/\/www.alquera.com\/fr\/acido-oxalico\/\">Acid Oxalique<\/a><\/li>\n<li><a href=\"https:\/\/www.alquera.com\/fr\/acido-fosforico\/\">Phosphors\u00e4ure<\/a><\/li>\n<li><a href=\"https:\/\/www.alquera.com\/fr\/imanes-neodimio\/\">Aimants au N\u00e9odyme<\/a><\/li>\n<li><a href=\"https:\/\/www.alquera.com\/fr\/alcohol-isopropilico\/\">Alkoholfreies Isopropylikum<\/a><\/li>\n<li><a href=\"https:\/\/www.alquera.com\/fr\/alcohol-polivinilico\/\">Polyvinylalkohol<\/a><\/li>\n<li><a href=\"https:\/\/www.alquera.com\/fr\/alumbre-en-polvo\/\">Alun de Potassium en Poudre<\/a><\/li>\n<\/li>\n<\/ul>\n<\/div>\n<div class=\"gloslist\">\n<p class=\"glostitle\">B<\/p>\n<ul class=\"gloslista\">\n<li><a href=\"https:\/\/www.alquera.com\/fr\/jarra-medidora-de-polipropileno\/\">B\u00e9cher \u00e0 Anse en Polypropyl\u00e8ne<br \/>\n<\/a><\/li>\n<li><a href=\"https:\/\/www.alquera.com\/fr\/vaso-de-precipitado\/\">B\u00e9chers aus Borosilikat<\/a><\/li>\n<li><a href=\"https:\/\/www.alquera.com\/fr\/vaso-precipitados-polipropileno\/\">B\u00e9chers en Polypropyl\u00e8ne<\/a><\/li>\n<li><a href=\"https:\/\/www.alquera.com\/fr\/bicarbonato-de-potasio\/\">Kaliumbicarbonat<\/a><\/li>\n<li><a href=\"https:\/\/www.alquera.com\/fr\/bicarbonato-de-sodio\/\">Natriumbikarbonat<\/a><\/li>\n<li><a href=\"https:\/\/www.alquera.com\/fr\/bisulfito-de-sodio\/\">Natriumbisulfit in fl\u00fcssiger Form<\/a><\/li>\n<li><a href=\"https:\/\/www.alquera.com\/fr\/bisulfato-de-sodio\/\">Natriumbisulfat<\/a><\/li>\n<li><a href=\"https:\/\/www.alquera.com\/fr\/bolas-gel\/\">Gel-Fl\u00e4schchen<\/a><\/li>\n<li><a href=\"https:\/\/www.alquera.com\/fr\/borax\/\">Borax<\/a><\/li>\n<li><a href=\"https:\/\/www.alquera.com\/fr\/brilliant-blue-fcf-granular\/\">Bleu Brillant FCF<\/a><\/li>\n<li><a href=\"https:\/\/www.alquera.com\/fr\/azul-de-metileno\/\">Bleu de M\u00e9thyl\u00e8ne en Poudre.<\/a><\/li>\n<li><a href=\"https:\/\/www.alquera.com\/fr\/azul-de-metileno-1\/\">Bleu de M\u00e9thyl\u00e8ne 1%\/\/ Bleu de M\u00e9thyl\u00e8ne 1%\/\/<\/a><\/ul>\n<\/div>\n<div class=\"gloslist\">\n<p class=\"glostitle\">C<\/p>\n<ul class=\"gloslista\">\n<li><a href=\"https:\/\/www.alquera.com\/fr\/carbonato-de-calcio\/\">Kalziumkarbonat<\/a><\/li>\n<li><a href=\"https:\/\/www.alquera.com\/fr\/carbonato-potasio\/\">Kaliumkarbonat<\/a><\/li>\n<li><a href=\"https:\/\/www.alquera.com\/fr\/carbonato-de-sodio\/\">Natriumkarbonat<\/a><\/li>\n<li><a href=\"https:\/\/www.alquera.com\/fr\/carbon-activo\/\">Charbon Actif (Korn, Pulver und Granulat)<\/a><\/li>\n<li><a href=\"https:\/\/www.alquera.com\/fr\/quelato-de-hierro-eddha\/\">Eisenhaken. EDDHA 6%<\/a><\/li>\n<li><a href=\"https:\/\/www.alquera.com\/fr\/cloruro-de-calcio\/\">Kalziumchlorid<\/a><\/li>\n<li><a href=\"https:\/\/www.alquera.com\/fr\/cloruro-de-magnesio\/\">Magnesiumchlorid<\/a><\/li>\n<li><a href=\"https:\/\/www.alquera.com\/fr\/cloruro-sodio\/\">Natriumchlorid<\/a><\/li>\n<li><a href=\"https:\/\/www.alquera.com\/fr\/citrato-ferrico-amoniacal\/\">Eisenh\u00fcttenzitrat Ammoniak<\/a><\/li>\n<li><a href=\"https:\/\/www.alquera.com\/fr\/colorantes-alimentarios\/\">Lebensmittel-Farbstoffe<\/a><\/li>\n<li><a href=\"https:\/\/www.alquera.com\/fr\/cucharas-medidoras-de-plastico-10ml\/\">Plastik-Messbecher<\/a><\/li>\n<\/ul>\n<\/div>\n<div class=\"gloslistrow\">\n<div class=\"gloslist\">\n<p class=\"glostitle\">D-E<\/p>\n<ul class=\"gloslista\">\n<li><a href=\"https:\/\/www.alquera.com\/fr\/polidimetilsiloxano-dimeticona\/\">Dimethicon<\/a><\/li>\n<li><a href=\"https:\/\/www.alquera.com\/fr\/embudo-vidrio\/\">&gt;Entonnoir aus Borosilikat<\/a><\/li>\n<li><a href=\"https:\/\/www.alquera.com\/fr\/quelato-de-hierro-eddha\/\">EDDHA 6% - Eisenschwei\u00dfger\u00e4t<\/a><\/li>\n<li><a href=\"https:\/\/www.alquera.com\/fr\/edta-sal-disodica-001-mol\/\">EDTA Sel disodique 0,01 mol\/l (0,01M) L\u00f6sung titr\u00e9e<\/a>\u00a0(LAB)<\/li>\n<\/ul>\n<\/div>\n<div class=\"gloslist\">\n<p class=\"glostitle\">F<\/p>\n<ul class=\"gloslista\">\n<li>\u00a0<a href=\"https:\/\/www.alquera.com\/fr\/limaduras-de-hierro\/\">Fer - Limaille<\/a><\/li>\n<li>\u00a0<a href=\"https:\/\/www.alquera.com\/fr\/polvos-de-hierro\/\">Fer en Poudre<\/a>)<\/li>\n<li><a href=\"https:\/\/www.alquera.com\/fr\/chapas-de-hierro\/\">Fer - T\u00f4les<\/a><\/li>\n<li><a href=\"https:\/\/www.alquera.com\/fr\/ferricianuro-de-potasa-rojo\/\">Ferricyanure de Potassium Rouge<\/a><\/li>\n<li><a href=\"https:\/\/www.alquera.com\/fr\/matraz-aforado\/\">Fiole Jaug\u00e9e (mit Bouchon)<\/a><\/li>\n<li><a href=\"https:\/\/www.alquera.com\/fr\/matraz-erlenmeyer-cuello-estrecho\/\">Fiole Erlenmeyer \u00e0 Col \u00c9troit,<\/a><\/li>\n<li><a href=\"https:\/\/www.alquera.com\/fr\/fluoresceina-sodica\/\">Fluoresceine Sodique en Poudre<\/a><\/li>\n<li><a href=\"https:\/\/www.alquera.com\/fr\/fluoresceina-sodica-al-1\/\">Fluoreszein-Natrium 1%<\/a><\/li>\n<\/ul>\n<\/div>\n<div class=\"gloslist\">\n<p class=\"glostitle\">G<\/p>\n<ul class=\"gloslista\">\n<li><a href=\"https:\/\/www.alquera.com\/fr\/glicerina\/\">Glyc\u00e9rine<\/a><\/li>\n<li><a href=\"https:\/\/www.alquera.com\/fr\/gradilla-blanca-plastico-8-agujeros\/\">Gitterrohre<\/a><\/li>\n<li><a href=\"https:\/\/www.alquera.com\/fr\/goma-arabiga-en-polvo\/\">Gomme Arabique en Poudre<\/a><\/li>\n<\/ul>\n<\/div>\n<\/div>\n<div class=\"gloslistrow\">\n<div class=\"gloslist\">\n<p class=\"glostitle\">H<\/p>\n<ul class=\"gloslista\">\n<li><a href=\"https:\/\/www.alquera.com\/fr\/hidrogel\/\">Hydrogel<\/a><\/li>\n<li><a href=\"https:\/\/www.alquera.com\/fr\/hidroxido-de-potasio-1kg\/\">Kaliumhydroxyde<\/a><\/li>\n<li><a href=\"https:\/\/www.alquera.com\/fr\/hiposulfito-de-sodio\/\">Natriumhyposulfit<\/a><\/li>\n<li><a href=\"https:\/\/www.alquera.com\/fr\/hidroxido-de-sodio\/\">Natriumhydroxyde<\/a><\/li>\n<\/ul>\n<\/div>\n<div class=\"gloslist\">\n<p class=\"glostitle\">I-J-K<\/p>\n<ul class=\"gloslista\">\n<li><a href=\"https:\/\/www.alquera.com\/fr\/yoduro-de-potasio\/\">Kaliumjodid<\/a><\/li>\n<li><a href=\"https:\/\/www.alquera.com\/fr\/kelamix-complex\/\">Kelamix<\/a><\/li>\n<li><a href=\"https:\/\/www.alquera.com\/fr\/kit-escolar-electrico\/\">Elektrischer Schulbausatz<\/a><\/li>\n<\/ul>\n<\/div>\n<div class=\"gloslistrow\">\n<div class=\"gloslist\">\n<p class=\"glostitle\">M<\/p>\n<ul>\n<li><a href=\"https:\/\/www.alquera.com\/fr\/material-de-laboratorio\/\">Laborausstattung<\/a><\/li>\n<li><a href=\"https:\/\/www.alquera.com\/fr\/medidor-de-tds-solidos-disueltos\/\">TDS - Kompensator f\u00fcr gel\u00f6ste Stoffe<\/a><\/li>\n<li><a href=\"https:\/\/www.alquera.com\/fr\/metabisulfito-de-sodio\/\">M\u00e9tabisulfit von Natrium<\/a><\/li>\n<li><a href=\"https:\/\/www.alquera.com\/fr\/micorrizas\/\">Mycorhize Tabletten<\/a><\/li>\n<li><a href=\"https:\/\/www.alquera.com\/fr\/micorrizas-polvo\/\">Mycorhize in Pulverform<\/a><\/li>\n<\/ul>\n<\/div>\n<div class=\"gloslist\">\n<p class=\"glostitle\">N<\/p>\n<ul class=\"gloslista\">\n<li><a href=\"https:\/\/www.alquera.com\/fr\/nieve-artificial\/\">K\u00fcnstlicher Schnee<\/a><\/li>\n<li><a href=\"https:\/\/www.alquera.com\/fr\/nitrato-de-calcio\/\">Kalziumnitrat<\/a><\/li>\n<li><a href=\"https:\/\/www.alquera.com\/fr\/nitrato-de-cobre\/\">Kupfernitrat<\/a><\/li>\n<li><a href=\"https:\/\/www.alquera.com\/fr\/nitrato-de-hierro\/\">Fer-Nitrat<\/a><\/li>\n<li><a href=\"https:\/\/www.alquera.com\/fr\/nitrato-de-plata\/\">Argentinisches Nitrat<\/a><\/li>\n<li><a href=\"https:\/\/www.alquera.com\/fr\/nitrato-de-potasio\/\">Nitrat von Kalium<\/a><\/li>\n<li><a href=\"https:\/\/www.alquera.com\/fr\/negro-de-eriocromo\/\">Schwarz-wei\u00df 1%<\/a>\u00a0(LAB)<\/li>\n<\/ul>\n<\/div>\n<div class=\"gloslist\">\n<p class=\"glostitle\">L<\/p>\n<ul class=\"gloslista\">\n<li><a href=\"https:\/\/www.alquera.com\/fr\/linterna-luz-ultravioleta\/\">Ultraviolette Taschenlampe<\/a><\/li>\n<li><a href=\"https:\/\/www.alquera.com\/fr\/limaduras-de-hierro\/\">Limaille de Fer<\/a><\/li>\n<\/ul>\n<\/div>\n<\/div>\n<div class=\"gloslistrow\">\n<div class=\"gloslist\">\n<p class=\"glostitle\">O<\/p>\n<ul class=\"gloslista\">\n<li><a href=\"https:\/\/www.alquera.com\/fr\/oxido-de-cerio\/\">Oxyde de C\u00e9rium<\/a><\/li>\n<li><a href=\"https:\/\/www.alquera.com\/fr\/oxido-de-aluminio\/\">Oxyde d'Aluminium<\/a><\/li>\n<\/ul>\n<\/div>\n<div class=\"gloslist\">\n<p class=\"glostitle\">P<\/p>\n<ul class=\"gloslista\">\n<li><a href=\"https:\/\/www.alquera.com\/fr\/parafina-para-velas\/\">Paraffin (Cire) f\u00fcr Bougies<\/a><\/li>\n<li><a href=\"https:\/\/www.alquera.com\/fr\/permanganato-de-potasio\/\">Kaliumpermanganat<\/a><\/li>\n<li><a href=\"https:\/\/www.alquera.com\/fr\/persulfato-de-sodio\/\">Persulfat von Natrium<\/a><\/li>\n<li><a href=\"https:\/\/www.alquera.com\/fr\/fosfato-monoamonico\/\">Monoammonisches Phosphat<\/a><\/li>\n<li><a href=\"https:\/\/www.alquera.com\/fr\/fosfato-monopotasico\/\">Monokotassisches Phosphat<\/a><\/li>\n<li><a href=\"https:\/\/www.alquera.com\/fr\/medidor-de-ph\/\">pH-Meter<\/a><\/li>\n<li><a href=\"https:\/\/www.alquera.com\/fr\/poliacrilamida\/\">Polyacrylamid Anionisch<\/a><\/li>\n<li><a href=\"https:\/\/www.alquera.com\/fr\/poliacrilamida-cationica\/\">Polyacrylamid Kationisch<\/a><\/li>\n<li><a href=\"https:\/\/www.alquera.com\/fr\/poliacrilato-de-potasio\/\">Kaliumpolyacrylat<\/a><\/li>\n<li><a href=\"https:\/\/www.alquera.com\/fr\/poliacrilato-de-sodio\/\">Natrium-Polyacrylat<\/a><\/li>\n<li><a href=\"https:\/\/www.alquera.com\/fr\/polidimetilsiloxano-dimeticona\/\">Polydimethylethylsiloxan - Dimethicon<\/a><\/li>\n<li><a href=\"https:\/\/www.alquera.com\/fr\/polvos-de-hierro\/\">Poudres de fer<\/a><\/li>\n<\/ul>\n<\/div>\n<div class=\"gloslist\">\n<p class=\"glostitle\">Q<\/p>\n<ul><\/ul>\n<\/div>\n<\/div>\n<div class=\"gloslistrow\">\n<div class=\"gloslist\">\n<p class=\"glostitle\">R<\/p>\n<ul class=\"gloslista\">\n<li><a href=\"https:\/\/www.alquera.com\/fr\/rodamina-b\/\">Rhodamin<\/a><\/li>\n<\/ul>\n<\/div>\n<div class=\"gloslist\">\n<p class=\"glostitle\">S<\/p>\n<ul class=\"gloslista\">\n<li><a href=\"https:\/\/www.alquera.com\/fr\/jeringas-para-medicion-liquidos\/\">Seringues f\u00fcr die Fl\u00fcssigkeitsmessung<\/a><\/li>\n<li><a href=\"https:\/\/www.alquera.com\/fr\/silicato-de-potasio\/\">Kaliumsilikat<\/a><\/li>\n<li><a href=\"https:\/\/www.alquera.com\/fr\/silicato-de-sodio\/\">Natriumsilikat<\/a><\/li>\n<li><a href=\"https:\/\/www.alquera.com\/fr\/silicona-para-moldes-catalizador\/\">Silikon f\u00fcr Maultiere + Katalysator<\/a><\/li>\n<li><a href=\"https:\/\/www.alquera.com\/fr\/azufre-micronizado-tecnico\/\">Soufre Micronis\u00e9e in Poudre<\/a><\/li>\n<li><a href=\"https:\/\/www.alquera.com\/fr\/microespatula-cuchara-acero-inox-l-200-mm\/\"<\/a>Spatel de Laboratoire<\/li>\n<li><a href=\"https:\/\/www.alquera.com\/fr\/sulfato-de-aluminio\/\">Aluminiumsulfat<\/a><\/li>\n<li><a href=\"https:\/\/www.alquera.com\/fr\/sulfato-de-calcio\/\">Kalziumsulfat<\/a><\/li>\n<li><a href=\"https:\/\/www.alquera.com\/fr\/sulfato-de-cobre\/\">Quarzsulfat in Pulverform<\/a><\/li>\n<li><a href=\"https:\/\/www.alquera.com\/fr\/sulfato-de-cobre-piedra\/\">Quecksilbersulfat und Pierre<\/a><\/li>\n<li><a href=\"https:\/\/www.alquera.com\/fr\/sulfato-de-hierro\/\">Fer-Sulfat<\/a><\/li>\n<li><a href=\"https:\/\/www.alquera.com\/fr\/sulfato-magnesio\/\">Magnesiumsulfat<\/a><\/li>\n<li><a href=\"https:\/\/www.alquera.com\/fr\/sulfato-de-manganeso\/\">Mangansulfat<\/a><\/li>\n<li><a href=\"https:\/\/www.alquera.com\/fr\/sulfato-de-potasio\/\">Sulfat von Kalium<\/a><\/li>\n<li><a href=\"https:\/\/www.alquera.com\/fr\/sulfato-de-sodio\/\">Natriumsulfat<\/a><\/li>\n<li><a href=\"https:\/\/www.alquera.com\/fr\/sulfato-de-zinc\/\">Zinksulfat<\/a><\/li>\n<li><a href=\"https:\/\/www.alquera.com\/fr\/sulfato-de-niquel\/\">Nickel-Sulfat<\/a><\/li>\n<\/ul>\n<\/div>\n<div class=\"gloslist\">\n<p class=\"glostitle\">T-U-V-V-Y<\/p>\n<ul class=\"gloslista\">\n<li><a href=\"https:\/\/www.alquera.com\/fr\/termometro-de-varilla\/\">Thermom\u00e8tre \u00e0 tige<\/a><\/li>\n<li><a href=\"https:\/\/www.alquera.com\/fr\/tierra-de-diatomeas\/\">Kieselalgenb\u00f6den<\/a><\/li>\n<li><a href=\"https:\/\/www.alquera.com\/fr\/tripolifosfato-de-sodio\/\">Natriumtripolyphosphat<\/a><\/li>\n<li><a href=\"https:\/\/www.alquera.com\/fr\/tubos-de-ensayo-de-vidrio\/\">Reagenzgl\u00e4ser<\/a><\/li>\n<li><a href=\"https:\/\/www.alquera.com\/fr\/urea\/\">Ur\u00e9e 46%N<\/a><\/li>\n<li><a href=\"https:\/\/www.alquera.com\/fr\/vaselina-filante\/\">Vaseline<\/a><\/li>\n<\/ul>\n<\/div>\n<\/div>\n<\/div>","protected":false},"excerpt":{"rendered":"<p>Trouvez \u00e0 Alquera une large gamme de produits chimiques. Vous pouvez trouver le produit chimique que vous recherchez en naviguant ci-dessous par nom. Vous trouverez diff\u00e9rents formats. Effectuez votre achat directement en ligne en suivant les \u00e9tapes ci-dessous. Les livraisons sont effectu\u00e9es dans les 24\/48 heures suivant la r\u00e9ception de la commande. Si vous avez [&hellip;]<\/p>\n","protected":false},"author":1,"featured_media":0,"parent":0,"menu_order":0,"comment_status":"closed","ping_status":"closed","template":"","meta":{"_acf_changed":false,"site-sidebar-layout":"default","site-content-layout":"default","ast-site-content-layout":"default","site-content-style":"default","site-sidebar-style":"default","ast-global-header-display":"","ast-banner-title-visibility":"","ast-main-header-display":"","ast-hfb-above-header-display":"","ast-hfb-below-header-display":"","ast-hfb-mobile-header-display":"","site-post-title":"","ast-breadcrumbs-content":"","ast-featured-img":"","footer-sml-layout":"","ast-disable-related-posts":"","theme-transparent-header-meta":"default","adv-header-id-meta":"","stick-header-meta":"default","header-above-stick-meta":"","header-main-stick-meta":"","header-below-stick-meta":"","astra-migrate-meta-layouts":"default","ast-page-background-enabled":"default","ast-page-background-meta":{"desktop":{"background-color":"var(--ast-global-color-4)","background-image":"","background-repeat":"repeat","background-position":"center center","background-size":"auto","background-attachment":"scroll","background-type":"","background-media":"","overlay-type":"","overlay-color":"","overlay-opacity":"","overlay-gradient":""},"tablet":{"background-color":"","background-image":"","background-repeat":"repeat","background-position":"center center","background-size":"auto","background-attachment":"scroll","background-type":"","background-media":"","overlay-type":"","overlay-color":"","overlay-opacity":"","overlay-gradient":""},"mobile":{"background-color":"","background-image":"","background-repeat":"repeat","background-position":"center center","background-size":"auto","background-attachment":"scroll","background-type":"","background-media":"","overlay-type":"","overlay-color":"","overlay-opacity":"","overlay-gradient":""}},"ast-content-background-meta":{"desktop":{"background-color":"var(--ast-global-color-5)","background-image":"","background-repeat":"repeat","background-position":"center center","background-size":"auto","background-attachment":"scroll","background-type":"","background-media":"","overlay-type":"","overlay-color":"","overlay-opacity":"","overlay-gradient":""},"tablet":{"background-color":"var(--ast-global-color-5)","background-image":"","background-repeat":"repeat","background-position":"center center","background-size":"auto","background-attachment":"scroll","background-type":"","background-media":"","overlay-type":"","overlay-color":"","overlay-opacity":"","overlay-gradient":""},"mobile":{"background-color":"var(--ast-global-color-5)","background-image":"","background-repeat":"repeat","background-position":"center center","background-size":"auto","background-attachment":"scroll","background-type":"","background-media":"","overlay-type":"","overlay-color":"","overlay-opacity":"","overlay-gradient":""}},"footnotes":""},"class_list":["post-44896","page","type-page","status-publish","hentry"],"acf":[],"yoast_head":"<!-- This site is optimized with the Yoast SEO Premium plugin v27.1 (Yoast SEO v27.1.1) - https:\/\/yoast.com\/product\/yoast-seo-premium-wordpress\/ -->\n<title>Tous les Produits - Alquera.com<\/title>\n<meta name=\"robots\" content=\"index, follow, max-snippet:-1, max-image-preview:large, max-video-preview:-1\" \/>\n<link rel=\"canonical\" href=\"https:\/\/www.alquera.com\/de\/tous-les-produits\/\" \/>\n<meta property=\"og:locale\" content=\"de_DE\" \/>\n<meta property=\"og:type\" content=\"article\" \/>\n<meta property=\"og:title\" content=\"Tous les Produits\" \/>\n<meta property=\"og:description\" content=\"Trouvez \u00e0 Alquera une large gamme de produits chimiques. Vous pouvez trouver le produit chimique que vous recherchez en naviguant ci-dessous par nom. Vous trouverez diff\u00e9rents formats. Effectuez votre achat directement en ligne en suivant les \u00e9tapes ci-dessous. Les livraisons sont effectu\u00e9es dans les 24\/48 heures suivant la r\u00e9ception de la commande. Si vous avez [&hellip;]\" \/>\n<meta property=\"og:url\" content=\"https:\/\/www.alquera.com\/de\/tous-les-produits\/\" \/>\n<meta property=\"og:site_name\" content=\"Alquera.com\" \/>\n<meta property=\"article:publisher\" content=\"https:\/\/www.facebook.com\/alqueraciencia\" \/>\n<meta property=\"article:modified_time\" content=\"2023-11-03T12:51:21+00:00\" \/>\n<meta name=\"twitter:card\" content=\"summary_large_image\" \/>\n<meta name=\"twitter:label1\" content=\"Gesch\u00e4tzte Lesezeit\" \/>\n\t<meta name=\"twitter:data1\" content=\"2\u00a0Minuten\" \/>\n<script type=\"application\/ld+json\" class=\"yoast-schema-graph\">{\"@context\":\"https:\/\/schema.org\",\"@graph\":[{\"@type\":\"WebPage\",\"@id\":\"https:\/\/www.alquera.com\/tous-les-produits\/\",\"url\":\"https:\/\/www.alquera.com\/tous-les-produits\/\",\"name\":\"Tous les Produits - Alquera.com\",\"isPartOf\":{\"@id\":\"https:\/\/www.alquera.com\/en\/#website\"},\"datePublished\":\"2023-11-03T10:33:37+00:00\",\"dateModified\":\"2023-11-03T12:51:21+00:00\",\"breadcrumb\":{\"@id\":\"https:\/\/www.alquera.com\/tous-les-produits\/#breadcrumb\"},\"inLanguage\":\"de\",\"potentialAction\":[{\"@type\":\"ReadAction\",\"target\":[\"https:\/\/www.alquera.com\/tous-les-produits\/\"]}]},{\"@type\":\"BreadcrumbList\",\"@id\":\"https:\/\/www.alquera.com\/tous-les-produits\/#breadcrumb\",\"itemListElement\":[{\"@type\":\"ListItem\",\"position\":1,\"name\":\"Inicio\",\"item\":\"https:\/\/www.alquera.com\/\"},{\"@type\":\"ListItem\",\"position\":2,\"name\":\"Tous les Produits\"}]},{\"@type\":\"WebSite\",\"@id\":\"https:\/\/www.alquera.com\/en\/#website\",\"url\":\"https:\/\/www.alquera.com\/en\/\",\"name\":\"Alquera.com\",\"description\":\"Tienda Online Productos Qu\u00edmicos y Material de Laboratorio\",\"publisher\":{\"@id\":\"https:\/\/www.alquera.com\/en\/#organization\"},\"potentialAction\":[{\"@type\":\"SearchAction\",\"target\":{\"@type\":\"EntryPoint\",\"urlTemplate\":\"https:\/\/www.alquera.com\/en\/?s={search_term_string}\"},\"query-input\":{\"@type\":\"PropertyValueSpecification\",\"valueRequired\":true,\"valueName\":\"search_term_string\"}}],\"inLanguage\":\"de\"},{\"@type\":\"Organization\",\"@id\":\"https:\/\/www.alquera.com\/en\/#organization\",\"name\":\"ALQUERA CIENCIA SL\",\"url\":\"https:\/\/www.alquera.com\/en\/\",\"logo\":{\"@type\":\"ImageObject\",\"inLanguage\":\"de\",\"@id\":\"https:\/\/www.alquera.com\/en\/#\/schema\/logo\/image\/\",\"url\":\"https:\/\/www.alquera.com\/wp-content\/uploads\/2020\/11\/logo_300_ancho.png\",\"contentUrl\":\"https:\/\/www.alquera.com\/wp-content\/uploads\/2020\/11\/logo_300_ancho.png\",\"width\":300,\"height\":86,\"caption\":\"ALQUERA CIENCIA SL\"},\"image\":{\"@id\":\"https:\/\/www.alquera.com\/en\/#\/schema\/logo\/image\/\"},\"sameAs\":[\"https:\/\/www.facebook.com\/alqueraciencia\",\"https:\/\/www.instagram.com\/alquera_ciencia\/\",\"https:\/\/www.youtube.com\/c\/alquera\"]}]}<\/script>\n<!-- \/ Yoast SEO Premium plugin. -->","yoast_head_json":{"title":"Alle Produkte - Alquera.com","robots":{"index":"index","follow":"follow","max-snippet":"max-snippet:-1","max-image-preview":"max-image-preview:large","max-video-preview":"max-video-preview:-1"},"canonical":"https:\/\/www.alquera.com\/de\/tous-les-produits\/","og_locale":"de_DE","og_type":"article","og_title":"Tous les Produits","og_description":"Trouvez \u00e0 Alquera une large gamme de produits chimiques. Vous pouvez trouver le produit chimique que vous recherchez en naviguant ci-dessous par nom. Vous trouverez diff\u00e9rents formats. Effectuez votre achat directement en ligne en suivant les \u00e9tapes ci-dessous. Les livraisons sont effectu\u00e9es dans les 24\/48 heures suivant la r\u00e9ception de la commande. Si vous avez [&hellip;]","og_url":"https:\/\/www.alquera.com\/de\/tous-les-produits\/","og_site_name":"Alquera.com","article_publisher":"https:\/\/www.facebook.com\/alqueraciencia","article_modified_time":"2023-11-03T12:51:21+00:00","twitter_card":"summary_large_image","twitter_misc":{"Gesch\u00e4tzte Lesezeit":"2\u00a0Minuten"},"schema":{"@context":"https:\/\/schema.org","@graph":[{"@type":"WebPage","@id":"https:\/\/www.alquera.com\/tous-les-produits\/","url":"https:\/\/www.alquera.com\/tous-les-produits\/","name":"Alle Produkte - Alquera.com","isPartOf":{"@id":"https:\/\/www.alquera.com\/en\/#website"},"datePublished":"2023-11-03T10:33:37+00:00","dateModified":"2023-11-03T12:51:21+00:00","breadcrumb":{"@id":"https:\/\/www.alquera.com\/tous-les-produits\/#breadcrumb"},"inLanguage":"de","potentialAction":[{"@type":"ReadAction","target":["https:\/\/www.alquera.com\/tous-les-produits\/"]}]},{"@type":"BreadcrumbList","@id":"https:\/\/www.alquera.com\/tous-les-produits\/#breadcrumb","itemListElement":[{"@type":"ListItem","position":1,"name":"Inicio","item":"https:\/\/www.alquera.com\/"},{"@type":"ListItem","position":2,"name":"Tous les Produits"}]},{"@type":"WebSite","@id":"https:\/\/www.alquera.com\/en\/#website","url":"https:\/\/www.alquera.com\/en\/","name":"Alquera.com","description":"Online Shop Chemische Produkte und Laborger\u00e4te","publisher":{"@id":"https:\/\/www.alquera.com\/en\/#organization"},"potentialAction":[{"@type":"SearchAction","target":{"@type":"EntryPoint","urlTemplate":"https:\/\/www.alquera.com\/en\/?s={search_term_string}"},"query-input":{"@type":"PropertyValueSpecification","valueRequired":true,"valueName":"search_term_string"}}],"inLanguage":"de"},{"@type":"Organization","@id":"https:\/\/www.alquera.com\/en\/#organization","name":"ALQUERA CIENCIA SL","url":"https:\/\/www.alquera.com\/en\/","logo":{"@type":"ImageObject","inLanguage":"de","@id":"https:\/\/www.alquera.com\/en\/#\/schema\/logo\/image\/","url":"https:\/\/www.alquera.com\/wp-content\/uploads\/2020\/11\/logo_300_ancho.png","contentUrl":"https:\/\/www.alquera.com\/wp-content\/uploads\/2020\/11\/logo_300_ancho.png","width":300,"height":86,"caption":"ALQUERA CIENCIA SL"},"image":{"@id":"https:\/\/www.alquera.com\/en\/#\/schema\/logo\/image\/"},"sameAs":["https:\/\/www.facebook.com\/alqueraciencia","https:\/\/www.instagram.com\/alquera_ciencia\/","https:\/\/www.youtube.com\/c\/alquera"]}]}},"_links":{"self":[{"href":"https:\/\/www.alquera.com\/de\/wp-json\/wp\/v2\/pages\/44896","targetHints":{"allow":["GET"]}}],"collection":[{"href":"https:\/\/www.alquera.com\/de\/wp-json\/wp\/v2\/pages"}],"about":[{"href":"https:\/\/www.alquera.com\/de\/wp-json\/wp\/v2\/types\/page"}],"author":[{"embeddable":true,"href":"https:\/\/www.alquera.com\/de\/wp-json\/wp\/v2\/users\/1"}],"replies":[{"embeddable":true,"href":"https:\/\/www.alquera.com\/de\/wp-json\/wp\/v2\/comments?post=44896"}],"version-history":[{"count":27,"href":"https:\/\/www.alquera.com\/de\/wp-json\/wp\/v2\/pages\/44896\/revisions"}],"predecessor-version":[{"id":44943,"href":"https:\/\/www.alquera.com\/de\/wp-json\/wp\/v2\/pages\/44896\/revisions\/44943"}],"wp:attachment":[{"href":"https:\/\/www.alquera.com\/de\/wp-json\/wp\/v2\/media?parent=44896"}],"curies":[{"name":"wp","href":"https:\/\/api.w.org\/{rel}","templated":true}]}}