{"id":7,"date":"2016-06-30T08:06:56","date_gmt":"2016-06-30T08:06:56","guid":{"rendered":"http:\/\/sulfatodro.cluster003.ovh.net\/?page_id=7"},"modified":"2021-09-12T14:15:21","modified_gmt":"2021-09-12T14:15:21","slug":"acuario","status":"publish","type":"page","link":"https:\/\/www.alquera.com\/de\/sulfato-de-potasio\/acuario\/","title":{"rendered":"Kaliumsulfat Aquarium"},"content":{"rendered":"<p>Wenn Sie ein Aquariumspezialist sind oder Ihr Aquarium schon lange pflegen, wissen Sie, dass die Gr\u00fcnpflanzenhaltung eine zus\u00e4tzliche Aufgabe zur Fischhaltung ist. Sie haben sicher schon bemerkt, dass Ihre Pflanzen leicht gelb oder braun werden k\u00f6nnen. Wenn dies der Fall ist, haben Ihre Pflanzen einen Kaliummangel. Von allen N\u00e4hrstoffen, die Ihre Aquarienpflanzen ben\u00f6tigen, ist Kalium der einzige, den die Fische nicht \u00fcber ihr eigenes Futter bekommen k\u00f6nnen.  Dieser Kaliummangel l\u00e4sst sich durch die Verwendung des <a href=\"https:\/\/www.alquera.com\/de\/sulfato-de-potasio\/\">Kaliumsulfat<\/a>. Werfen wir einen Blick auf die Komponenten, die Aquarienpflanzen ben\u00f6tigen:<\/p>\n<p>Pflanzen brauchen f\u00fcr ihren Lebenszyklus Makro- und Mikron\u00e4hrstoffe, und Aquarienpflanzen sind da keine Ausnahme.<\/p>\n<h3>F\u00fcr Aquarienpflanzen erforderliche Bestandteile<\/h3>\n<p><img loading=\"lazy\" decoding=\"async\" class=\"wp-image-32219 aligncenter\" src=\"https:\/\/www.alquera.com\/wp-content\/uploads\/2020\/12\/sulfato-de-potasio-acuario-300x144.jpg\" alt=\"\" width=\"450\" height=\"215\" srcset=\"https:\/\/www.alquera.com\/wp-content\/uploads\/2020\/12\/sulfato-de-potasio-acuario-300x144.jpg 300w, https:\/\/www.alquera.com\/wp-content\/uploads\/2020\/12\/sulfato-de-potasio-acuario-600x287.jpg 600w, https:\/\/www.alquera.com\/wp-content\/uploads\/2020\/12\/sulfato-de-potasio-acuario.jpg 702w\" sizes=\"auto, (max-width: 450px) 100vw, 450px\" \/><\/p>\n<p>Die <strong>Makron\u00e4hrstoffe<\/strong>Dies sind die N\u00e4hrstoffe, die in gr\u00f6\u00dferen Mengen ben\u00f6tigt werden. Diese Komponenten sind: Stickstoff (N), Phosphor (P), Kalium (K), Kalzium (Ca), Magnesium (Mg) und Schwefel (S).<\/p>\n<p>Die <strong>Mikron\u00e4hrstoffe<\/strong> sind die N\u00e4hrstoffe, die Pflanzen in kleineren Mengen ben\u00f6tigen, die so genannten Spurenn\u00e4hrstoffe: Eisen (Fe), Kupfer (Cu), Zink (Zn), Mangan (Mn), Bor (B) und Molybd\u00e4n (Mb).<\/p>\n<p>Wichtige Makron\u00e4hrstoffe wie Nitrat und Phosphat werden den Pflanzen \u00fcber das Futter und die von den Fischen erzeugten organischen Abf\u00e4lle zugef\u00fchrt, und die erforderlichen Mikron\u00e4hrstoffe k\u00f6nnen durch einen Wechsel des Leitungswassers gewonnen werden.<\/p>\n<p>Kalium ist jedoch ein Makron\u00e4hrstoff, der weder in Aquarien erzeugt wird noch durch Wasserwechsel in nennenswertem Umfang gewonnen werden kann; daher ist eine Kaliumzufuhr f\u00fcr die Pflege der Pflanzen im Aquarium erforderlich. Kaliumsulfat ist die am h\u00e4ufigsten verwendete Verbindung zur Kaliumextraktion.<\/p>\n<h2><strong>Empfohlene Dosierung Kaliumsulfat Kalium Aquarium<\/strong><\/h2>\n<p>Bei der Auswahl der geeigneten Dosierung von Kaliumsulfat f\u00fcr das Aquarium m\u00fcssen einige Faktoren ber\u00fccksichtigt werden, wie z. B. die folgenden:<\/p>\n<ul>\n<li>Die Gr\u00f6\u00dfe des Aquariums.<\/li>\n<li>Die Anzahl der Pflanzen im Inneren.<\/li>\n<li>Die Pflanzenart, die sich im Aquarium befindet.<\/li>\n<li>Die Beleuchtung, die Sie haben.<\/li>\n<li>H\u00e4ufigkeit des Wasserwechsels<\/li>\n<\/ul>\n<p>A <strong>Empfehlung f\u00fcr ein Standardaquarium<\/strong> w\u00e4ren die folgenden Betr\u00e4ge:<\/p>\n<p>50 g Kaliumsulfat mit 1 l Wasser vermischen, gut umr\u00fchren und 24 Stunden lang stehen lassen. Dann geben Sie pro 100 l Aquarienwasser etwa 20 ml der L\u00f6sung hinzu. Die 20 ml Kaliumsulfat pro 100 ml Wasser sollten alle 15 Tage beim Wechsel des Aquarienwassers zugegeben werden.<\/p>\n<p>&nbsp;<\/p>\n<p>In diesem Video sehen Sie ein Beispiel daf\u00fcr, wie man Kaliumsulfat f\u00fcr Aquarien vorbereitet:<\/p>\n<div class=\"ast-oembed-container\" style=\"height: 100%;\"><iframe loading=\"lazy\" title=\"Tutorial: Wie man Kaliumsulfat f\u00fcr die Aquariend\u00fcngung vorbereitet\" width=\"500\" height=\"281\" src=\"https:\/\/www.youtube.com\/embed\/lI6c0u7C20E?feature=oembed\" frameborder=\"0\" allow=\"accelerometer; autoplay; clipboard-write; encrypted-media; gyroscope; picture-in-picture; web-share\" referrerpolicy=\"strict-origin-when-cross-origin\" allowfullscreen><\/iframe><\/div>\n<p>&nbsp;<\/p>\n<h2><strong>Wie kann man Kaliummangel in einem Aquarium feststellen?<\/strong><\/h2>\n<p>Kaliummangel bei Aquarienpflanzen kann sich dadurch bemerkbar machen, dass die Bl\u00e4tter etwas heller werden, bis wei\u00dfe Stellen durchsichtig werden, wenn sie unbehandelt bleiben. Im schlimmsten Fall bilden sich L\u00f6cher in den Bl\u00e4ttern.<\/p>\n<p>Es ist auch ratsam zu d\u00fcngen, wenn die Pflanzen vor den Fischen eingesetzt werden, da sie dann keine N\u00e4hrstoffe haben.<\/p>\n<p>Kaliumsulfat wird nicht nur f\u00fcr Aquarienpflanzen verwendet.  Es wird auch zur Trockend\u00fcngung von Pflanzen verwendet, da Kalium einer der wichtigsten N\u00e4hrstoffe ist. Lesen Sie mehr unter <a href=\"https:\/\/www.alquera.com\/de\/sulfato-de-potasio\/fertilizante\/\">dieser Abschnitt<\/a>.<\/p>\n<h3 class=\"widget-title\">Kaufen <\/h3><div><div class=\"woocommerce\"><ul class=\"products columns-4\">\n<li class=\"desktop-align-left tablet-align-left mobile-align-left ast-product-gallery-layout-horizontal-slider ast-magnify-disabled ast-product-single-variable ast-product-tabs-layout-horizontal ast-qv-on-image product type-product post-495 status-publish first instock product_cat-productos-experimentos product_cat-productos has-post-thumbnail taxable shipping-taxable purchasable product-type-variable has-default-attributes\">\n\t<a href=\"https:\/\/www.alquera.com\/de\/permanganato-de-potasio\/\" class=\"woocommerce-LoopProduct-link woocommerce-loop-product__link\"><img loading=\"lazy\" decoding=\"async\" width=\"300\" height=\"300\" src=\"https:\/\/www.alquera.com\/wp-content\/uploads\/2016\/01\/permanganato-200g-foto-nueva-300x300.png\" class=\"attachment-woocommerce_thumbnail size-woocommerce_thumbnail\" alt=\"permanganato 200g\" srcset=\"https:\/\/www.alquera.com\/wp-content\/uploads\/2016\/01\/permanganato-200g-foto-nueva-300x300.png 300w, https:\/\/www.alquera.com\/wp-content\/uploads\/2016\/01\/permanganato-200g-foto-nueva-150x150.png 150w, https:\/\/www.alquera.com\/wp-content\/uploads\/2016\/01\/permanganato-200g-foto-nueva-12x12.png 12w, https:\/\/www.alquera.com\/wp-content\/uploads\/2016\/01\/permanganato-200g-foto-nueva-100x100.png 100w\" sizes=\"auto, (max-width: 300px) 100vw, 300px\" \/><h2 class=\"woocommerce-loop-product__title\">Kaliumpermanganat<\/h2><div class=\"review-rating\"><div class=\"star-rating\"><span style=\"width:100%\" data-no-translation=\"\" data-trp-gettext=\"\">Bewertet mit <strong class=\"rating\">5.00<\/strong> von 5<\/span><\/div><\/div>\n<\/a><a href=\"https:\/\/www.alquera.com\/de\/permanganato-de-potasio\/\" aria-describedby=\"woocommerce_loop_add_to_cart_link_describedby_495\" data-quantity=\"1\" class=\"button product_type_variable add_to_cart_button\" data-product_id=\"495\" data-product_sku=\"AL100111\" aria-label=\"W\u00e4hle Optionen f\u00fcr \u201ePermanganato de Potasio\u201c\" rel=\"nofollow\" data-no-translation=\"\" data-trp-gettext=\"\" data-no-translation-aria-label=\"\">Ausf\u00fchrung w\u00e4hlen<\/a>\t<span id=\"woocommerce_loop_add_to_cart_link_describedby_495\" class=\"screen-reader-text\">\n\t\tDieses Produkt weist mehrere Varianten auf. Die Optionen k\u00f6nnen auf der Produktseite gew\u00e4hlt werden\t<\/span>\n<\/li>\n<\/ul>\n<\/div><\/div>\n<p class=\"widget-title\">Mehr lesen<\/p><a href=\"https:\/\/www.alquera.com\/de\/sulfato-de-potasio\/\">Kaliumsulfat<\/a>\n<!-- Page-list plugin v.5.9 wordpress.org\/plugins\/page-list\/ -->\n<ul class=\"page-list siblings-page-list\">\n<li class=\"page_item page-item-5 menu-item\"><a href=\"https:\/\/www.alquera.com\/de\/sulfato-de-potasio\/usos\/\" class=\"menu-link\">Verwendung von Kaliumsulfat<\/a><\/li>\n<li class=\"page_item page-item-9 menu-item\"><a href=\"https:\/\/www.alquera.com\/de\/sulfato-de-potasio\/fertilizante\/\" class=\"menu-link\">Kaliumsulfat-D\u00fcngemittel<\/a><\/li>\n<li class=\"page_item page-item-7 menu-item\"><a href=\"https:\/\/www.alquera.com\/de\/sulfato-de-potasio\/acuario\/\" class=\"menu-link\">Kaliumsulfat Aquarium<\/a><\/li>\n\n<\/ul>","protected":false},"excerpt":{"rendered":"<p>Si eres un especialista en acuarios, o llevas tiempo manteniendo tu acuario, ya sabr\u00e1s que mantener las plantas verdes es un trabajo adicional a la crianza de los peces. Habr\u00e1s visto que es f\u00e1cil que tus plantas se tornen de un color amarillo o marr\u00f3n. Si llegas a esa situaci\u00f3n es que tus plantas tienen [&hellip;]<\/p>\n","protected":false},"author":1,"featured_media":0,"parent":32591,"menu_order":3,"comment_status":"open","ping_status":"closed","template":"","meta":{"_acf_changed":false,"site-sidebar-layout":"default","site-content-layout":"default","ast-site-content-layout":"default","site-content-style":"default","site-sidebar-style":"default","ast-global-header-display":"","ast-banner-title-visibility":"","ast-main-header-display":"","ast-hfb-above-header-display":"","ast-hfb-below-header-display":"","ast-hfb-mobile-header-display":"","site-post-title":"","ast-breadcrumbs-content":"","ast-featured-img":"","footer-sml-layout":"","ast-disable-related-posts":"","theme-transparent-header-meta":"default","adv-header-id-meta":"","stick-header-meta":"default","header-above-stick-meta":"","header-main-stick-meta":"","header-below-stick-meta":"","astra-migrate-meta-layouts":"default","ast-page-background-enabled":"default","ast-page-background-meta":{"desktop":{"background-color":"var(--ast-global-color-4)","background-image":"","background-repeat":"repeat","background-position":"center center","background-size":"auto","background-attachment":"scroll","background-type":"","background-media":"","overlay-type":"","overlay-color":"","overlay-opacity":"","overlay-gradient":""},"tablet":{"background-color":"","background-image":"","background-repeat":"repeat","background-position":"center center","background-size":"auto","background-attachment":"scroll","background-type":"","background-media":"","overlay-type":"","overlay-color":"","overlay-opacity":"","overlay-gradient":""},"mobile":{"background-color":"","background-image":"","background-repeat":"repeat","background-position":"center center","background-size":"auto","background-attachment":"scroll","background-type":"","background-media":"","overlay-type":"","overlay-color":"","overlay-opacity":"","overlay-gradient":""}},"ast-content-background-meta":{"desktop":{"background-color":"var(--ast-global-color-5)","background-image":"","background-repeat":"repeat","background-position":"center center","background-size":"auto","background-attachment":"scroll","background-type":"","background-media":"","overlay-type":"","overlay-color":"","overlay-opacity":"","overlay-gradient":""},"tablet":{"background-color":"var(--ast-global-color-5)","background-image":"","background-repeat":"repeat","background-position":"center center","background-size":"auto","background-attachment":"scroll","background-type":"","background-media":"","overlay-type":"","overlay-color":"","overlay-opacity":"","overlay-gradient":""},"mobile":{"background-color":"var(--ast-global-color-5)","background-image":"","background-repeat":"repeat","background-position":"center center","background-size":"auto","background-attachment":"scroll","background-type":"","background-media":"","overlay-type":"","overlay-color":"","overlay-opacity":"","overlay-gradient":""}},"footnotes":""},"class_list":["post-7","page","type-page","status-publish","hentry"],"acf":[],"yoast_head":"<!-- This site is optimized with the Yoast SEO Premium plugin v27.1 (Yoast SEO v27.1.1) - https:\/\/yoast.com\/product\/yoast-seo-premium-wordpress\/ -->\n<title>Sulfato Potasico Acuario - Alquera.com<\/title>\n<meta name=\"robots\" content=\"index, follow, max-snippet:-1, max-image-preview:large, max-video-preview:-1\" \/>\n<link rel=\"canonical\" href=\"https:\/\/www.alquera.com\/de\/sulfato-de-potasio\/acuario\/\" \/>\n<meta property=\"og:locale\" content=\"de_DE\" \/>\n<meta property=\"og:type\" content=\"article\" \/>\n<meta property=\"og:title\" content=\"Sulfato Potasico Acuario\" \/>\n<meta property=\"og:description\" content=\"Si eres un especialista en acuarios, o llevas tiempo manteniendo tu acuario, ya sabr\u00e1s que mantener las plantas verdes es un trabajo adicional a la crianza de los peces. Habr\u00e1s visto que es f\u00e1cil que tus plantas se tornen de un color amarillo o marr\u00f3n. Si llegas a esa situaci\u00f3n es que tus plantas tienen [&hellip;]\" \/>\n<meta property=\"og:url\" content=\"https:\/\/www.alquera.com\/de\/sulfato-de-potasio\/acuario\/\" \/>\n<meta property=\"og:site_name\" content=\"Alquera.com\" \/>\n<meta property=\"article:publisher\" content=\"https:\/\/www.facebook.com\/alqueraciencia\" \/>\n<meta property=\"article:modified_time\" content=\"2021-09-12T14:15:21+00:00\" \/>\n<meta property=\"og:image\" content=\"https:\/\/www.alquera.com\/wp-content\/uploads\/2020\/12\/sulfato-de-potasio-acuario-300x144.jpg\" \/>\n<meta name=\"twitter:card\" content=\"summary_large_image\" \/>\n<meta name=\"twitter:label1\" content=\"Gesch\u00e4tzte Lesezeit\" \/>\n\t<meta name=\"twitter:data1\" content=\"3\u00a0Minuten\" \/>\n<script type=\"application\/ld+json\" class=\"yoast-schema-graph\">{\"@context\":\"https:\/\/schema.org\",\"@graph\":[{\"@type\":\"WebPage\",\"@id\":\"https:\/\/www.alquera.com\/sulfato-de-potasio\/acuario\/\",\"url\":\"https:\/\/www.alquera.com\/sulfato-de-potasio\/acuario\/\",\"name\":\"Sulfato Potasico Acuario - Alquera.com\",\"isPartOf\":{\"@id\":\"https:\/\/www.alquera.com\/en\/#website\"},\"primaryImageOfPage\":{\"@id\":\"https:\/\/www.alquera.com\/sulfato-de-potasio\/acuario\/#primaryimage\"},\"image\":{\"@id\":\"https:\/\/www.alquera.com\/sulfato-de-potasio\/acuario\/#primaryimage\"},\"thumbnailUrl\":\"https:\/\/www.alquera.com\/wp-content\/uploads\/2020\/12\/sulfato-de-potasio-acuario-300x144.jpg\",\"datePublished\":\"2016-06-30T08:06:56+00:00\",\"dateModified\":\"2021-09-12T14:15:21+00:00\",\"breadcrumb\":{\"@id\":\"https:\/\/www.alquera.com\/sulfato-de-potasio\/acuario\/#breadcrumb\"},\"inLanguage\":\"de\",\"potentialAction\":[{\"@type\":\"ReadAction\",\"target\":[\"https:\/\/www.alquera.com\/sulfato-de-potasio\/acuario\/\"]}]},{\"@type\":\"ImageObject\",\"inLanguage\":\"de\",\"@id\":\"https:\/\/www.alquera.com\/sulfato-de-potasio\/acuario\/#primaryimage\",\"url\":\"https:\/\/www.alquera.com\/wp-content\/uploads\/2020\/12\/sulfato-de-potasio-acuario-300x144.jpg\",\"contentUrl\":\"https:\/\/www.alquera.com\/wp-content\/uploads\/2020\/12\/sulfato-de-potasio-acuario-300x144.jpg\"},{\"@type\":\"BreadcrumbList\",\"@id\":\"https:\/\/www.alquera.com\/sulfato-de-potasio\/acuario\/#breadcrumb\",\"itemListElement\":[{\"@type\":\"ListItem\",\"position\":1,\"name\":\"Inicio\",\"item\":\"https:\/\/www.alquera.com\/\"},{\"@type\":\"ListItem\",\"position\":2,\"name\":\"Sulfato de Potasio\",\"item\":\"https:\/\/www.alquera.com\/sulfato-de-potasio\/\"},{\"@type\":\"ListItem\",\"position\":3,\"name\":\"Sulfato Potasico Acuario\"}]},{\"@type\":\"WebSite\",\"@id\":\"https:\/\/www.alquera.com\/en\/#website\",\"url\":\"https:\/\/www.alquera.com\/en\/\",\"name\":\"Alquera.com\",\"description\":\"Tienda Online Productos Qu\u00edmicos y Material de Laboratorio\",\"publisher\":{\"@id\":\"https:\/\/www.alquera.com\/en\/#organization\"},\"potentialAction\":[{\"@type\":\"SearchAction\",\"target\":{\"@type\":\"EntryPoint\",\"urlTemplate\":\"https:\/\/www.alquera.com\/en\/?s={search_term_string}\"},\"query-input\":{\"@type\":\"PropertyValueSpecification\",\"valueRequired\":true,\"valueName\":\"search_term_string\"}}],\"inLanguage\":\"de\"},{\"@type\":\"Organization\",\"@id\":\"https:\/\/www.alquera.com\/en\/#organization\",\"name\":\"ALQUERA CIENCIA SL\",\"url\":\"https:\/\/www.alquera.com\/en\/\",\"logo\":{\"@type\":\"ImageObject\",\"inLanguage\":\"de\",\"@id\":\"https:\/\/www.alquera.com\/en\/#\/schema\/logo\/image\/\",\"url\":\"https:\/\/www.alquera.com\/wp-content\/uploads\/2020\/11\/logo_300_ancho.png\",\"contentUrl\":\"https:\/\/www.alquera.com\/wp-content\/uploads\/2020\/11\/logo_300_ancho.png\",\"width\":300,\"height\":86,\"caption\":\"ALQUERA CIENCIA SL\"},\"image\":{\"@id\":\"https:\/\/www.alquera.com\/en\/#\/schema\/logo\/image\/\"},\"sameAs\":[\"https:\/\/www.facebook.com\/alqueraciencia\",\"https:\/\/www.instagram.com\/alquera_ciencia\/\",\"https:\/\/www.youtube.com\/c\/alquera\"]}]}<\/script>\n<!-- \/ Yoast SEO Premium plugin. -->","yoast_head_json":{"title":"Kaliumsulfat Aquarium - Alquera.com","robots":{"index":"index","follow":"follow","max-snippet":"max-snippet:-1","max-image-preview":"max-image-preview:large","max-video-preview":"max-video-preview:-1"},"canonical":"https:\/\/www.alquera.com\/de\/sulfato-de-potasio\/acuario\/","og_locale":"de_DE","og_type":"article","og_title":"Sulfato Potasico Acuario","og_description":"Si eres un especialista en acuarios, o llevas tiempo manteniendo tu acuario, ya sabr\u00e1s que mantener las plantas verdes es un trabajo adicional a la crianza de los peces. Habr\u00e1s visto que es f\u00e1cil que tus plantas se tornen de un color amarillo o marr\u00f3n. Si llegas a esa situaci\u00f3n es que tus plantas tienen [&hellip;]","og_url":"https:\/\/www.alquera.com\/de\/sulfato-de-potasio\/acuario\/","og_site_name":"Alquera.com","article_publisher":"https:\/\/www.facebook.com\/alqueraciencia","article_modified_time":"2021-09-12T14:15:21+00:00","og_image":[{"url":"https:\/\/www.alquera.com\/wp-content\/uploads\/2020\/12\/sulfato-de-potasio-acuario-300x144.jpg","type":"","width":"","height":""}],"twitter_card":"summary_large_image","twitter_misc":{"Gesch\u00e4tzte Lesezeit":"3\u00a0Minuten"},"schema":{"@context":"https:\/\/schema.org","@graph":[{"@type":"WebPage","@id":"https:\/\/www.alquera.com\/sulfato-de-potasio\/acuario\/","url":"https:\/\/www.alquera.com\/sulfato-de-potasio\/acuario\/","name":"Kaliumsulfat Aquarium - Alquera.com","isPartOf":{"@id":"https:\/\/www.alquera.com\/en\/#website"},"primaryImageOfPage":{"@id":"https:\/\/www.alquera.com\/sulfato-de-potasio\/acuario\/#primaryimage"},"image":{"@id":"https:\/\/www.alquera.com\/sulfato-de-potasio\/acuario\/#primaryimage"},"thumbnailUrl":"https:\/\/www.alquera.com\/wp-content\/uploads\/2020\/12\/sulfato-de-potasio-acuario-300x144.jpg","datePublished":"2016-06-30T08:06:56+00:00","dateModified":"2021-09-12T14:15:21+00:00","breadcrumb":{"@id":"https:\/\/www.alquera.com\/sulfato-de-potasio\/acuario\/#breadcrumb"},"inLanguage":"de","potentialAction":[{"@type":"ReadAction","target":["https:\/\/www.alquera.com\/sulfato-de-potasio\/acuario\/"]}]},{"@type":"ImageObject","inLanguage":"de","@id":"https:\/\/www.alquera.com\/sulfato-de-potasio\/acuario\/#primaryimage","url":"https:\/\/www.alquera.com\/wp-content\/uploads\/2020\/12\/sulfato-de-potasio-acuario-300x144.jpg","contentUrl":"https:\/\/www.alquera.com\/wp-content\/uploads\/2020\/12\/sulfato-de-potasio-acuario-300x144.jpg"},{"@type":"BreadcrumbList","@id":"https:\/\/www.alquera.com\/sulfato-de-potasio\/acuario\/#breadcrumb","itemListElement":[{"@type":"ListItem","position":1,"name":"Inicio","item":"https:\/\/www.alquera.com\/"},{"@type":"ListItem","position":2,"name":"Sulfato de Potasio","item":"https:\/\/www.alquera.com\/sulfato-de-potasio\/"},{"@type":"ListItem","position":3,"name":"Sulfato Potasico Acuario"}]},{"@type":"WebSite","@id":"https:\/\/www.alquera.com\/en\/#website","url":"https:\/\/www.alquera.com\/en\/","name":"Alquera.com","description":"Online Shop Chemische Produkte und Laborger\u00e4te","publisher":{"@id":"https:\/\/www.alquera.com\/en\/#organization"},"potentialAction":[{"@type":"SearchAction","target":{"@type":"EntryPoint","urlTemplate":"https:\/\/www.alquera.com\/en\/?s={search_term_string}"},"query-input":{"@type":"PropertyValueSpecification","valueRequired":true,"valueName":"search_term_string"}}],"inLanguage":"de"},{"@type":"Organization","@id":"https:\/\/www.alquera.com\/en\/#organization","name":"ALQUERA CIENCIA SL","url":"https:\/\/www.alquera.com\/en\/","logo":{"@type":"ImageObject","inLanguage":"de","@id":"https:\/\/www.alquera.com\/en\/#\/schema\/logo\/image\/","url":"https:\/\/www.alquera.com\/wp-content\/uploads\/2020\/11\/logo_300_ancho.png","contentUrl":"https:\/\/www.alquera.com\/wp-content\/uploads\/2020\/11\/logo_300_ancho.png","width":300,"height":86,"caption":"ALQUERA CIENCIA SL"},"image":{"@id":"https:\/\/www.alquera.com\/en\/#\/schema\/logo\/image\/"},"sameAs":["https:\/\/www.facebook.com\/alqueraciencia","https:\/\/www.instagram.com\/alquera_ciencia\/","https:\/\/www.youtube.com\/c\/alquera"]}]}},"_links":{"self":[{"href":"https:\/\/www.alquera.com\/de\/wp-json\/wp\/v2\/pages\/7","targetHints":{"allow":["GET"]}}],"collection":[{"href":"https:\/\/www.alquera.com\/de\/wp-json\/wp\/v2\/pages"}],"about":[{"href":"https:\/\/www.alquera.com\/de\/wp-json\/wp\/v2\/types\/page"}],"author":[{"embeddable":true,"href":"https:\/\/www.alquera.com\/de\/wp-json\/wp\/v2\/users\/1"}],"replies":[{"embeddable":true,"href":"https:\/\/www.alquera.com\/de\/wp-json\/wp\/v2\/comments?post=7"}],"version-history":[{"count":11,"href":"https:\/\/www.alquera.com\/de\/wp-json\/wp\/v2\/pages\/7\/revisions"}],"predecessor-version":[{"id":34967,"href":"https:\/\/www.alquera.com\/de\/wp-json\/wp\/v2\/pages\/7\/revisions\/34967"}],"up":[{"embeddable":true,"href":"https:\/\/www.alquera.com\/de\/wp-json\/wp\/v2\/pages\/32591"}],"wp:attachment":[{"href":"https:\/\/www.alquera.com\/de\/wp-json\/wp\/v2\/media?parent=7"}],"curies":[{"name":"wp","href":"https:\/\/api.w.org\/{rel}","templated":true}]}}