{"id":9,"date":"2016-06-30T08:28:48","date_gmt":"2016-06-30T08:28:48","guid":{"rendered":"http:\/\/sulfatodro.cluster003.ovh.net\/?page_id=9"},"modified":"2021-09-12T13:59:59","modified_gmt":"2021-09-12T13:59:59","slug":"fertilizante","status":"publish","type":"page","link":"https:\/\/www.alquera.com\/de\/sulfato-de-potasio\/fertilizante\/","title":{"rendered":"Kaliumsulfat-D\u00fcngemittel"},"content":{"rendered":"<p>Die <a href=\"https:\/\/www.alquera.com\/de\/sulfato-de-potasio\/\"><strong>Kaliumsulfat<\/strong><\/a>\u00a0 oder Kaliumsulfat ist eine Verbindung, die h\u00e4ufig als Reinigungsmittel verwendet wird. <strong>D\u00fcngemittel<\/strong> verschiedener Kulturpflanzen, da sie eine wichtige Quelle f\u00fcr <strong>Kalium.<\/strong> Kalium ist einer der 12 Hauptn\u00e4hrstoffe, die Pflanzen f\u00fcr ihr Wachstum ben\u00f6tigen.<\/p>\n<h2>Kaliumsulfat als D\u00fcngemittel<\/h2>\n<p>Kalium ist ein in der Natur recht h\u00e4ufig vorkommendes Element. Es kommt an der Oberfl\u00e4che von Tonen und in den verschiedenen Tonschichten vor, wird aber kaum von Pflanzenwurzeln aufgenommen. Kalium kann auch durch bakteriellen Abbau aus dem Boden gewonnen werden, aber dieser Prozess ist sehr langsam und reicht nicht aus, um die f\u00fcr eine Pflanze erforderlichen Mengen zu erreichen. Es ist daher erforderlich, eine <strong>Extra-Kalium<\/strong>. Eine der g\u00e4ngigsten Methoden hierf\u00fcr ist <strong>Kaliumsulfat<\/strong><\/p>\n<h2>Kalium in Pflanzen<\/h2>\n<h3>Funktion von Kalium in Pflanzen<\/h3>\n<p>Die <strong>Kalium<\/strong> ist einer der 12 Hauptn\u00e4hrstoffe, die Pflanzen ben\u00f6tigen. Vor allem Kalium geh\u00f6rt neben Stickstoff und Phosphor zu den 3 N\u00e4hrstoffen, die Pflanzen in der gr\u00f6\u00dften Menge ben\u00f6tigen.<\/p>\n<p>Das Vorhandensein von Kalium in Pflanzen erf\u00fcllt wichtige Funktionen wie die folgenden:<\/p>\n<ul>\n<li><strong>Es bildet Zucker:<\/strong>\u00a0Eine gute Kaliumkonzentration ist die Eigenschaft, die es erm\u00f6glicht, dass eine Frucht s\u00fc\u00dfer ist als eine andere; wenn also der Geschmack von Obst oder Gem\u00fcse etwas sauer ist, liegt das wahrscheinlich an einem Kaliummangel.<\/li>\n<\/ul>\n<ul>\n<li>Stimuliert die <strong>Wassergehalt<\/strong> Diese Tatsache steht daher in engem Zusammenhang mit der Mast und der Qualit\u00e4t der Fr\u00fcchte. Es hat auch eine kontrollierende Wirkung auf die Durchl\u00e4ssigkeit der Zellmembranen. Weniger Wasserverlust bedeutet eine bessere Konservierung von Obst und Gem\u00fcse. Auf diese Weise ist Kalium an der M\u00e4stung und der Qualit\u00e4t der Fr\u00fcchte sowie an ihrem Wassergehalt beteiligt, was eine bessere Konservierung von Obst und Gem\u00fcse erm\u00f6glicht.<\/li>\n<\/ul>\n<ul>\n<li>Kalium f\u00f6rdert auch die Aufnahme anderer N\u00e4hrstoffe wie Stickstoff, Phosphor und Eisen.<\/li>\n<\/ul>\n<ul>\n<li>Erh\u00f6hte Pflanzenresistenz: Kalium tr\u00e4gt zur Widerstandsf\u00e4higkeit der Pflanze gegen\u00fcber K\u00e4lte und \u00fcberm\u00e4\u00dfiger Hitze bei; au\u00dferdem wird sie durch Insekten und Krankheiten gest\u00e4rkt.<\/li>\n<\/ul>\n<h3>Symptome von Kaliummangel<\/h3>\n<p>Kaliummangel\u00a0<strong>kann beobachtet werden <\/strong>\u00a0Die gr\u00fcnen Bl\u00e4tter werden gelb und die R\u00e4nder und Spitzen der \u00e4lteren Bl\u00e4tter vertrocknen. Bei Pflanzen mit Kaliummangel ist der Kaliumgehalt reduziert. <strong>bl\u00fchende<\/strong> und die Entwicklung der gesamten Pflanze.<\/p>\n<p><img loading=\"lazy\" decoding=\"async\" class=\"size-full wp-image-32217 aligncenter\" src=\"https:\/\/www.alquera.com\/wp-content\/uploads\/2020\/12\/falta-sulfato-de-potasio.jpg\" alt=\"falta de sulfato de potasio\" width=\"275\" height=\"183\" \/><\/p>\n<h2>Wann sollte mit Kaliumsulfat ged\u00fcngt werden?<\/h2>\n<p>Kaliumsulfat ist eine der am h\u00e4ufigsten verwendeten Formen der Kaliumversorgung von Kulturpflanzen. Der Grund f\u00fcr seine Verwendung ist die Feststellung eines Kaliummangels in den Pflanzen oder regelm\u00e4\u00dfig aufgrund einer der folgenden Situationen<\/p>\n<ul>\n<li>Wenn der Hauptmangel im Boden Kalium ist oder der Kaliumgehalt ausreichend ist und wir das von den Pflanzen verbrauchte Kalium wieder auff\u00fcllen m\u00fcssen.<\/li>\n<li>Wenn die Pflanzen viel Kalium verbrauchen, wie z. B. beim Anbau von Tomaten oder Paprika.<\/li>\n<li>Wenn der pH-Wert eines alkalischen Bodens gesenkt werden soll.<\/li>\n<li>Auf sandigen B\u00f6den ist Kaliummangel sehr h\u00e4ufig, weil der Regen das Kalium aus der Reichweite der Wurzeln ausw\u00e4scht. Eine st\u00e4ndige Bodenuntersuchung ist immer ratsam.<\/li>\n<li>F\u00fcr Aquarienpflanzen ist es besonders wichtig, da Kalium nicht aus anderen Quellen gewonnen werden kann. Weitere Informationen finden Sie unter Kaliumsulfat in Aquarienpflanzen<\/li>\n<\/ul>\n<h2>Inhaltsstoffe Kaliumsulfat D\u00fcngemittel<\/h2>\n<table>\n<tbody>\n<tr>\n<td colspan=\"2\" width=\"449\"><strong>Chemische Eigenschaften\u00a0<\/strong><\/td>\n<\/tr>\n<tr>\n<td width=\"224\"><strong>Chemische Formel<\/strong><\/td>\n<td width=\"224\">K<sub>2<\/sub>SO<sub>4<\/sub><\/td>\n<\/tr>\n<tr>\n<td width=\"224\"><strong>Inhalt K20<\/strong><\/td>\n<td width=\"224\">48-53%<\/td>\n<\/tr>\n<tr>\n<td width=\"224\"><strong>Schwefelgehalt<\/strong><\/td>\n<td width=\"224\">17-18%<\/td>\n<\/tr>\n<tr>\n<td width=\"224\"><strong>L\u00f6slichkeit in Wasser (25\u00b0C)<\/strong><\/td>\n<td width=\"224\">120 g\/l<\/td>\n<\/tr>\n<tr>\n<td width=\"224\"><strong>pH-Wert der L\u00f6sung<\/strong><\/td>\n<td width=\"224\">7<\/td>\n<\/tr>\n<\/tbody>\n<\/table>\n<h2>Dosierung Kaliumsulfat-D\u00fcnger<\/h2>\n<p>Um den Kaliumsulfatbedarf eines bestimmten Bodens zu ermitteln, muss man eine Bodenuntersuchung durchf\u00fchren und sich von einem Techniker oder Agronomen ein Rezept ausstellen lassen. Als Richtschnur kann die folgende Tabelle f\u00fcr den Umgang mit Kaliumsulfat verwendet werden:<\/p>\n<table>\n<tbody>\n<tr>\n<td rowspan=\"2\" width=\"150\"><strong>Niveau von K und S <\/strong><\/p>\n<p><strong>vor Ort<\/strong><\/td>\n<td colspan=\"2\" width=\"299\"><strong>Erforderliche Dosis an Kaliumsulfat<\/strong><\/td>\n<\/tr>\n<tr>\n<td width=\"150\"><strong>Granulat<\/strong><\/td>\n<td width=\"150\"><strong>L\u00f6sliches Pulver<\/strong><\/td>\n<\/tr>\n<tr>\n<td width=\"150\">Sehr niedrig<\/td>\n<td width=\"150\">150-200 kg\/ha<\/td>\n<td width=\"150\">1 Kg\/200Liter<\/td>\n<\/tr>\n<tr>\n<td width=\"150\">Unter<\/td>\n<td width=\"150\">100-150 kg\/ha<\/td>\n<td width=\"150\">750gr\/200Liter<\/td>\n<\/tr>\n<tr>\n<td width=\"150\">Mittel<\/td>\n<td width=\"150\">50-100Kg\/ha<\/td>\n<td width=\"150\">500gr\/200Liter<\/td>\n<\/tr>\n<tr>\n<td width=\"150\">Hoch<\/td>\n<td width=\"150\">Es ist nicht erforderlich<\/td>\n<td width=\"150\">Es ist nicht erforderlich<\/td>\n<\/tr>\n<\/tbody>\n<\/table>\n<p>&nbsp;<\/p>\n<h3 class=\"widget-title\">Kaufen <\/h3><div><div class=\"woocommerce\"><ul class=\"products columns-4\">\n<li class=\"desktop-align-left tablet-align-left mobile-align-left ast-product-gallery-layout-horizontal-slider ast-magnify-disabled ast-product-single-variable ast-product-tabs-layout-horizontal ast-qv-on-image product type-product post-495 status-publish first instock product_cat-productos-experimentos product_cat-productos has-post-thumbnail taxable shipping-taxable purchasable product-type-variable has-default-attributes\">\n\t<a href=\"https:\/\/www.alquera.com\/de\/permanganato-de-potasio\/\" class=\"woocommerce-LoopProduct-link woocommerce-loop-product__link\"><img loading=\"lazy\" decoding=\"async\" width=\"300\" height=\"300\" src=\"https:\/\/www.alquera.com\/wp-content\/uploads\/2016\/01\/permanganato-200g-foto-nueva-300x300.png\" class=\"attachment-woocommerce_thumbnail size-woocommerce_thumbnail\" alt=\"permanganato 200g\" srcset=\"https:\/\/www.alquera.com\/wp-content\/uploads\/2016\/01\/permanganato-200g-foto-nueva-300x300.png 300w, https:\/\/www.alquera.com\/wp-content\/uploads\/2016\/01\/permanganato-200g-foto-nueva-150x150.png 150w, https:\/\/www.alquera.com\/wp-content\/uploads\/2016\/01\/permanganato-200g-foto-nueva-12x12.png 12w, https:\/\/www.alquera.com\/wp-content\/uploads\/2016\/01\/permanganato-200g-foto-nueva-100x100.png 100w\" sizes=\"auto, (max-width: 300px) 100vw, 300px\" \/><h2 class=\"woocommerce-loop-product__title\">Kaliumpermanganat<\/h2><div class=\"review-rating\"><div class=\"star-rating\"><span style=\"width:100%\" data-no-translation=\"\" data-trp-gettext=\"\">Bewertet mit <strong class=\"rating\">5.00<\/strong> von 5<\/span><\/div><\/div>\n<\/a><a href=\"https:\/\/www.alquera.com\/de\/permanganato-de-potasio\/\" aria-describedby=\"woocommerce_loop_add_to_cart_link_describedby_495\" data-quantity=\"1\" class=\"button product_type_variable add_to_cart_button\" data-product_id=\"495\" data-product_sku=\"AL100111\" aria-label=\"W\u00e4hle Optionen f\u00fcr \u201ePermanganato de Potasio\u201c\" rel=\"nofollow\" data-no-translation=\"\" data-trp-gettext=\"\" data-no-translation-aria-label=\"\">Ausf\u00fchrung w\u00e4hlen<\/a>\t<span id=\"woocommerce_loop_add_to_cart_link_describedby_495\" class=\"screen-reader-text\">\n\t\tDieses Produkt weist mehrere Varianten auf. Die Optionen k\u00f6nnen auf der Produktseite gew\u00e4hlt werden\t<\/span>\n<\/li>\n<\/ul>\n<\/div><\/div>\n<p class=\"widget-title\">Mehr lesen<\/p><a href=\"https:\/\/www.alquera.com\/de\/sulfato-de-potasio\/\">Kaliumsulfat<\/a>\n<!-- Page-list plugin v.5.9 wordpress.org\/plugins\/page-list\/ -->\n<ul class=\"page-list siblings-page-list\">\n<li class=\"page_item page-item-5 menu-item\"><a href=\"https:\/\/www.alquera.com\/de\/sulfato-de-potasio\/usos\/\" class=\"menu-link\">Verwendung von Kaliumsulfat<\/a><\/li>\n<li class=\"page_item page-item-9 menu-item\"><a href=\"https:\/\/www.alquera.com\/de\/sulfato-de-potasio\/fertilizante\/\" class=\"menu-link\">Kaliumsulfat-D\u00fcngemittel<\/a><\/li>\n<li class=\"page_item page-item-7 menu-item\"><a href=\"https:\/\/www.alquera.com\/de\/sulfato-de-potasio\/acuario\/\" class=\"menu-link\">Kaliumsulfat Aquarium<\/a><\/li>\n\n<\/ul>","protected":false},"excerpt":{"rendered":"<p>El sulfato de potasio\u00a0 o sulfato pot\u00e1sico es un compuesto muy utilizado como fertilizante de diversos cultivos, ya que es una\u00a0fuente principal de potasio. El potasio es uno de los 12 nutrientes principales que necesitan las plantas para crecer. Sulfato de potasio como fertilizante El potasio es un elemento bastante com\u00fan en la naturaleza. Se [&hellip;]<\/p>\n","protected":false},"author":1,"featured_media":0,"parent":32591,"menu_order":2,"comment_status":"open","ping_status":"closed","template":"","meta":{"_acf_changed":false,"site-sidebar-layout":"default","site-content-layout":"","ast-site-content-layout":"default","site-content-style":"default","site-sidebar-style":"default","ast-global-header-display":"","ast-banner-title-visibility":"","ast-main-header-display":"","ast-hfb-above-header-display":"","ast-hfb-below-header-display":"","ast-hfb-mobile-header-display":"","site-post-title":"","ast-breadcrumbs-content":"","ast-featured-img":"","footer-sml-layout":"","ast-disable-related-posts":"","theme-transparent-header-meta":"","adv-header-id-meta":"","stick-header-meta":"","header-above-stick-meta":"","header-main-stick-meta":"","header-below-stick-meta":"","astra-migrate-meta-layouts":"default","ast-page-background-enabled":"default","ast-page-background-meta":{"desktop":{"background-color":"var(--ast-global-color-4)","background-image":"","background-repeat":"repeat","background-position":"center center","background-size":"auto","background-attachment":"scroll","background-type":"","background-media":"","overlay-type":"","overlay-color":"","overlay-opacity":"","overlay-gradient":""},"tablet":{"background-color":"","background-image":"","background-repeat":"repeat","background-position":"center center","background-size":"auto","background-attachment":"scroll","background-type":"","background-media":"","overlay-type":"","overlay-color":"","overlay-opacity":"","overlay-gradient":""},"mobile":{"background-color":"","background-image":"","background-repeat":"repeat","background-position":"center center","background-size":"auto","background-attachment":"scroll","background-type":"","background-media":"","overlay-type":"","overlay-color":"","overlay-opacity":"","overlay-gradient":""}},"ast-content-background-meta":{"desktop":{"background-color":"var(--ast-global-color-5)","background-image":"","background-repeat":"repeat","background-position":"center center","background-size":"auto","background-attachment":"scroll","background-type":"","background-media":"","overlay-type":"","overlay-color":"","overlay-opacity":"","overlay-gradient":""},"tablet":{"background-color":"var(--ast-global-color-5)","background-image":"","background-repeat":"repeat","background-position":"center center","background-size":"auto","background-attachment":"scroll","background-type":"","background-media":"","overlay-type":"","overlay-color":"","overlay-opacity":"","overlay-gradient":""},"mobile":{"background-color":"var(--ast-global-color-5)","background-image":"","background-repeat":"repeat","background-position":"center center","background-size":"auto","background-attachment":"scroll","background-type":"","background-media":"","overlay-type":"","overlay-color":"","overlay-opacity":"","overlay-gradient":""}},"footnotes":""},"class_list":["post-9","page","type-page","status-publish","hentry"],"acf":[],"yoast_head":"<!-- This site is optimized with the Yoast SEO Premium plugin v27.1 (Yoast SEO v27.1.1) - https:\/\/yoast.com\/product\/yoast-seo-premium-wordpress\/ -->\n<title>Sulfato de Potasio Fertilizante - Alquera.com<\/title>\n<meta name=\"robots\" content=\"index, follow, max-snippet:-1, max-image-preview:large, max-video-preview:-1\" \/>\n<link rel=\"canonical\" href=\"https:\/\/www.alquera.com\/de\/sulfato-de-potasio\/fertilizante\/\" \/>\n<meta property=\"og:locale\" content=\"de_DE\" \/>\n<meta property=\"og:type\" content=\"article\" \/>\n<meta property=\"og:title\" content=\"Sulfato de Potasio Fertilizante\" \/>\n<meta property=\"og:description\" content=\"El sulfato de potasio\u00a0 o sulfato pot\u00e1sico es un compuesto muy utilizado como fertilizante de diversos cultivos, ya que es una\u00a0fuente principal de potasio. El potasio es uno de los 12 nutrientes principales que necesitan las plantas para crecer. Sulfato de potasio como fertilizante El potasio es un elemento bastante com\u00fan en la naturaleza. Se [&hellip;]\" \/>\n<meta property=\"og:url\" content=\"https:\/\/www.alquera.com\/de\/sulfato-de-potasio\/fertilizante\/\" \/>\n<meta property=\"og:site_name\" content=\"Alquera.com\" \/>\n<meta property=\"article:publisher\" content=\"https:\/\/www.facebook.com\/alqueraciencia\" \/>\n<meta property=\"article:modified_time\" content=\"2021-09-12T13:59:59+00:00\" \/>\n<meta property=\"og:image\" content=\"https:\/\/www.alquera.com\/wp-content\/uploads\/2020\/12\/falta-sulfato-de-potasio.jpg\" \/>\n<meta name=\"twitter:card\" content=\"summary_large_image\" \/>\n<meta name=\"twitter:label1\" content=\"Gesch\u00e4tzte Lesezeit\" \/>\n\t<meta name=\"twitter:data1\" content=\"4\u00a0Minuten\" \/>\n<script type=\"application\/ld+json\" class=\"yoast-schema-graph\">{\"@context\":\"https:\/\/schema.org\",\"@graph\":[{\"@type\":\"WebPage\",\"@id\":\"https:\/\/www.alquera.com\/sulfato-de-potasio\/fertilizante\/\",\"url\":\"https:\/\/www.alquera.com\/sulfato-de-potasio\/fertilizante\/\",\"name\":\"Sulfato de Potasio Fertilizante - Alquera.com\",\"isPartOf\":{\"@id\":\"https:\/\/www.alquera.com\/en\/#website\"},\"primaryImageOfPage\":{\"@id\":\"https:\/\/www.alquera.com\/sulfato-de-potasio\/fertilizante\/#primaryimage\"},\"image\":{\"@id\":\"https:\/\/www.alquera.com\/sulfato-de-potasio\/fertilizante\/#primaryimage\"},\"thumbnailUrl\":\"https:\/\/www.alquera.com\/wp-content\/uploads\/2020\/12\/falta-sulfato-de-potasio.jpg\",\"datePublished\":\"2016-06-30T08:28:48+00:00\",\"dateModified\":\"2021-09-12T13:59:59+00:00\",\"breadcrumb\":{\"@id\":\"https:\/\/www.alquera.com\/sulfato-de-potasio\/fertilizante\/#breadcrumb\"},\"inLanguage\":\"de\",\"potentialAction\":[{\"@type\":\"ReadAction\",\"target\":[\"https:\/\/www.alquera.com\/sulfato-de-potasio\/fertilizante\/\"]}]},{\"@type\":\"ImageObject\",\"inLanguage\":\"de\",\"@id\":\"https:\/\/www.alquera.com\/sulfato-de-potasio\/fertilizante\/#primaryimage\",\"url\":\"https:\/\/www.alquera.com\/wp-content\/uploads\/2020\/12\/falta-sulfato-de-potasio.jpg\",\"contentUrl\":\"https:\/\/www.alquera.com\/wp-content\/uploads\/2020\/12\/falta-sulfato-de-potasio.jpg\"},{\"@type\":\"BreadcrumbList\",\"@id\":\"https:\/\/www.alquera.com\/sulfato-de-potasio\/fertilizante\/#breadcrumb\",\"itemListElement\":[{\"@type\":\"ListItem\",\"position\":1,\"name\":\"Inicio\",\"item\":\"https:\/\/www.alquera.com\/\"},{\"@type\":\"ListItem\",\"position\":2,\"name\":\"Sulfato de Potasio\",\"item\":\"https:\/\/www.alquera.com\/sulfato-de-potasio\/\"},{\"@type\":\"ListItem\",\"position\":3,\"name\":\"Sulfato de Potasio Fertilizante\"}]},{\"@type\":\"WebSite\",\"@id\":\"https:\/\/www.alquera.com\/en\/#website\",\"url\":\"https:\/\/www.alquera.com\/en\/\",\"name\":\"Alquera.com\",\"description\":\"Tienda Online Productos Qu\u00edmicos y Material de Laboratorio\",\"publisher\":{\"@id\":\"https:\/\/www.alquera.com\/en\/#organization\"},\"potentialAction\":[{\"@type\":\"SearchAction\",\"target\":{\"@type\":\"EntryPoint\",\"urlTemplate\":\"https:\/\/www.alquera.com\/en\/?s={search_term_string}\"},\"query-input\":{\"@type\":\"PropertyValueSpecification\",\"valueRequired\":true,\"valueName\":\"search_term_string\"}}],\"inLanguage\":\"de\"},{\"@type\":\"Organization\",\"@id\":\"https:\/\/www.alquera.com\/en\/#organization\",\"name\":\"ALQUERA CIENCIA SL\",\"url\":\"https:\/\/www.alquera.com\/en\/\",\"logo\":{\"@type\":\"ImageObject\",\"inLanguage\":\"de\",\"@id\":\"https:\/\/www.alquera.com\/en\/#\/schema\/logo\/image\/\",\"url\":\"https:\/\/www.alquera.com\/wp-content\/uploads\/2020\/11\/logo_300_ancho.png\",\"contentUrl\":\"https:\/\/www.alquera.com\/wp-content\/uploads\/2020\/11\/logo_300_ancho.png\",\"width\":300,\"height\":86,\"caption\":\"ALQUERA CIENCIA SL\"},\"image\":{\"@id\":\"https:\/\/www.alquera.com\/en\/#\/schema\/logo\/image\/\"},\"sameAs\":[\"https:\/\/www.facebook.com\/alqueraciencia\",\"https:\/\/www.instagram.com\/alquera_ciencia\/\",\"https:\/\/www.youtube.com\/c\/alquera\"]}]}<\/script>\n<!-- \/ Yoast SEO Premium plugin. -->","yoast_head_json":{"title":"Kaliumsulfat-D\u00fcngemittel - Alquera.com","robots":{"index":"index","follow":"follow","max-snippet":"max-snippet:-1","max-image-preview":"max-image-preview:large","max-video-preview":"max-video-preview:-1"},"canonical":"https:\/\/www.alquera.com\/de\/sulfato-de-potasio\/fertilizante\/","og_locale":"de_DE","og_type":"article","og_title":"Sulfato de Potasio Fertilizante","og_description":"El sulfato de potasio\u00a0 o sulfato pot\u00e1sico es un compuesto muy utilizado como fertilizante de diversos cultivos, ya que es una\u00a0fuente principal de potasio. El potasio es uno de los 12 nutrientes principales que necesitan las plantas para crecer. Sulfato de potasio como fertilizante El potasio es un elemento bastante com\u00fan en la naturaleza. Se [&hellip;]","og_url":"https:\/\/www.alquera.com\/de\/sulfato-de-potasio\/fertilizante\/","og_site_name":"Alquera.com","article_publisher":"https:\/\/www.facebook.com\/alqueraciencia","article_modified_time":"2021-09-12T13:59:59+00:00","og_image":[{"url":"https:\/\/www.alquera.com\/wp-content\/uploads\/2020\/12\/falta-sulfato-de-potasio.jpg","type":"","width":"","height":""}],"twitter_card":"summary_large_image","twitter_misc":{"Gesch\u00e4tzte Lesezeit":"4\u00a0Minuten"},"schema":{"@context":"https:\/\/schema.org","@graph":[{"@type":"WebPage","@id":"https:\/\/www.alquera.com\/sulfato-de-potasio\/fertilizante\/","url":"https:\/\/www.alquera.com\/sulfato-de-potasio\/fertilizante\/","name":"Kaliumsulfat-D\u00fcngemittel - Alquera.com","isPartOf":{"@id":"https:\/\/www.alquera.com\/en\/#website"},"primaryImageOfPage":{"@id":"https:\/\/www.alquera.com\/sulfato-de-potasio\/fertilizante\/#primaryimage"},"image":{"@id":"https:\/\/www.alquera.com\/sulfato-de-potasio\/fertilizante\/#primaryimage"},"thumbnailUrl":"https:\/\/www.alquera.com\/wp-content\/uploads\/2020\/12\/falta-sulfato-de-potasio.jpg","datePublished":"2016-06-30T08:28:48+00:00","dateModified":"2021-09-12T13:59:59+00:00","breadcrumb":{"@id":"https:\/\/www.alquera.com\/sulfato-de-potasio\/fertilizante\/#breadcrumb"},"inLanguage":"de","potentialAction":[{"@type":"ReadAction","target":["https:\/\/www.alquera.com\/sulfato-de-potasio\/fertilizante\/"]}]},{"@type":"ImageObject","inLanguage":"de","@id":"https:\/\/www.alquera.com\/sulfato-de-potasio\/fertilizante\/#primaryimage","url":"https:\/\/www.alquera.com\/wp-content\/uploads\/2020\/12\/falta-sulfato-de-potasio.jpg","contentUrl":"https:\/\/www.alquera.com\/wp-content\/uploads\/2020\/12\/falta-sulfato-de-potasio.jpg"},{"@type":"BreadcrumbList","@id":"https:\/\/www.alquera.com\/sulfato-de-potasio\/fertilizante\/#breadcrumb","itemListElement":[{"@type":"ListItem","position":1,"name":"Inicio","item":"https:\/\/www.alquera.com\/"},{"@type":"ListItem","position":2,"name":"Sulfato de Potasio","item":"https:\/\/www.alquera.com\/sulfato-de-potasio\/"},{"@type":"ListItem","position":3,"name":"Sulfato de Potasio Fertilizante"}]},{"@type":"WebSite","@id":"https:\/\/www.alquera.com\/en\/#website","url":"https:\/\/www.alquera.com\/en\/","name":"Alquera.com","description":"Online Shop Chemische Produkte und Laborger\u00e4te","publisher":{"@id":"https:\/\/www.alquera.com\/en\/#organization"},"potentialAction":[{"@type":"SearchAction","target":{"@type":"EntryPoint","urlTemplate":"https:\/\/www.alquera.com\/en\/?s={search_term_string}"},"query-input":{"@type":"PropertyValueSpecification","valueRequired":true,"valueName":"search_term_string"}}],"inLanguage":"de"},{"@type":"Organization","@id":"https:\/\/www.alquera.com\/en\/#organization","name":"ALQUERA CIENCIA SL","url":"https:\/\/www.alquera.com\/en\/","logo":{"@type":"ImageObject","inLanguage":"de","@id":"https:\/\/www.alquera.com\/en\/#\/schema\/logo\/image\/","url":"https:\/\/www.alquera.com\/wp-content\/uploads\/2020\/11\/logo_300_ancho.png","contentUrl":"https:\/\/www.alquera.com\/wp-content\/uploads\/2020\/11\/logo_300_ancho.png","width":300,"height":86,"caption":"ALQUERA CIENCIA SL"},"image":{"@id":"https:\/\/www.alquera.com\/en\/#\/schema\/logo\/image\/"},"sameAs":["https:\/\/www.facebook.com\/alqueraciencia","https:\/\/www.instagram.com\/alquera_ciencia\/","https:\/\/www.youtube.com\/c\/alquera"]}]}},"_links":{"self":[{"href":"https:\/\/www.alquera.com\/de\/wp-json\/wp\/v2\/pages\/9","targetHints":{"allow":["GET"]}}],"collection":[{"href":"https:\/\/www.alquera.com\/de\/wp-json\/wp\/v2\/pages"}],"about":[{"href":"https:\/\/www.alquera.com\/de\/wp-json\/wp\/v2\/types\/page"}],"author":[{"embeddable":true,"href":"https:\/\/www.alquera.com\/de\/wp-json\/wp\/v2\/users\/1"}],"replies":[{"embeddable":true,"href":"https:\/\/www.alquera.com\/de\/wp-json\/wp\/v2\/comments?post=9"}],"version-history":[{"count":4,"href":"https:\/\/www.alquera.com\/de\/wp-json\/wp\/v2\/pages\/9\/revisions"}],"predecessor-version":[{"id":33196,"href":"https:\/\/www.alquera.com\/de\/wp-json\/wp\/v2\/pages\/9\/revisions\/33196"}],"up":[{"embeddable":true,"href":"https:\/\/www.alquera.com\/de\/wp-json\/wp\/v2\/pages\/32591"}],"wp:attachment":[{"href":"https:\/\/www.alquera.com\/de\/wp-json\/wp\/v2\/media?parent=9"}],"curies":[{"name":"wp","href":"https:\/\/api.w.org\/{rel}","templated":true}]}}