{"id":9082,"date":"2020-10-06T11:14:40","date_gmt":"2020-10-06T11:14:40","guid":{"rendered":"http:\/\/localhost\/alquera\/?page_id=9082"},"modified":"2025-01-29T10:22:55","modified_gmt":"2025-01-29T10:22:55","slug":"1-entrega","status":"publish","type":"page","link":"https:\/\/www.alquera.com\/de\/1-entrega\/","title":{"rendered":"Versand und R\u00fcckgabe"},"content":{"rendered":"<h2 class=\"wp-block-heading\" id=\"h-quienes-somos\">WER SIND WIR?<\/h2>\n\n\n\n<p>Alquera Ciencia SL ist ein Vertriebs- und Marketingunternehmen f\u00fcr chemische Produkte und Laborausr\u00fcstung. In Alquera arbeiten wir mit den besten Herstellern zusammen, die hohe Qualit\u00e4t zu den besten Preisen f\u00fcr jedes Produkt bieten. Zu jedem Produkt finden Sie ein technisches Datenblatt mit Angaben zur Qualit\u00e4t und Reinheit des Produkts und zu seinen Anwendungen. Sollten Sie weitere Fragen haben, z\u00f6gern Sie nicht, uns unter info@alquera.com zu kontaktieren.<\/p>\n\n\n\n<h2 class=\"wp-block-heading\" id=\"h-como-se-realiza-la-compra\">WIE KANN ICH DEN KAUF T\u00c4TIGEN?<\/h2>\n\n\n\n<p>Der Kauf von Alquera-Produkten erfolgt \u00fcber das Internet. Standardm\u00e4\u00dfig werden die Bestellungen durch TNT - Fedex zugestellt. Wenn Sie ein Produkt in den Warenkorb legen und die Adresse eingeben, werden Ihnen die entsprechenden Versandkosten angezeigt.<\/p>\n\n\n\n<p><\/p>\n\n\n\n<h2 class=\"wp-block-heading\" id=\"h-hay-pedido-minimo\">GIBT ES EINE MINDESTBESTELLMENGE?<\/h2>\n\n\n\n<p>Es gibt keinen Mindestbestellwert. Sie k\u00f6nnen jedes Produkt, das Sie auf der Website sehen, bestellen. Die entsprechenden Versandkosten werden Ihnen im Warenkorb angezeigt, wenn Sie Ihre Bestellung aufgeben.&nbsp;<\/p>\n\n\n\n<h2 class=\"wp-block-heading\" id=\"h-como-se-realiza-el-envio\">WIE ERFOLGT DER VERSAND?<\/h2>\n\n\n\n<p>Bestellungen, die weniger als 80 kg wiegen, werden mit dem Kurierdienst CorreosExpress versandt. Sobald Ihre Bestellung vorbereitet wird, erhalten Sie eine E-Mail, in der Sie dar\u00fcber informiert werden, dass sie vorbereitet wird und Sie sie innerhalb von 5-7 Tagen erhalten werden.<\/p>\n\n\n\n<p>Wenn die Sendung mehr als 80 kg wiegt, wird sie palettiert und die Lieferung erfolgt nach 4-5 Tagen.&nbsp;<\/p>\n\n\n\n<h2 class=\"wp-block-heading\" id=\"h-cual-es-el-plazo-de-entrega-de-los-productos\">WIE LANGE IST DIE LIEFERZEIT F\u00dcR DIE PRODUKTE?<\/h2>\n\n\n\n<p>Alquera-Produkte werden per Kurierdienst innerhalb von 5-7 Tagen versandt, es sei denn, in der Produktbeschreibung ist eine andere Lieferfrist angegeben.&nbsp;<\/p>\n\n\n\n<p>Wenn Sie Fragen haben, schreiben Sie uns an info@alquera.com<\/p>\n\n\n\n<h2 class=\"wp-block-heading\" id=\"h-que-formas-de-pago-se-pueden-usar\">WELCHE ZAHLUNGSMITTEL K\u00d6NNEN VERWENDET WERDEN?<\/h2>\n\n\n\n<p><strong>BANK\u00dcBERWEISUNG<\/strong><\/p>\n\n\n\n<p>Am Ende des Kaufs k\u00f6nnen Sie die Option Bank\u00fcberweisung w\u00e4hlen. In diesem Fall m\u00fcssen Sie den Betrag Ihrer Bestellung auf das Konto einzahlen, das Alquera Ciencia SL bei der BBVA hat. Alle Einzelheiten werden Ihnen am Ende der Bestellung mitgeteilt.&nbsp;<\/p>\n\n\n\n<p><strong>Kontoinhaber:<\/strong>&nbsp;Alquera Ciencia SL<br><strong>Angaben zum Konto:<\/strong>&nbsp;BBVA Bank Konto<br><strong>IBAN:<\/strong>&nbsp;ES76 0182 0192 7702 0163 2437&nbsp;<\/p>\n\n\n\n<p>Es ist ratsam, die Auftragsnummer auf der \u00dcberweisung anzugeben. Um den Vorgang zu beschleunigen, empfehlen wir, den \u00dcberweisungsbeleg per E-Mail oder auf einem der folgenden Wege an info@alquera.com zu senden&nbsp;<a href=\"https:\/\/www.alquera.com\/de\/contactenos\/\">Kontaktmethoden<\/a>.&nbsp;&nbsp;<\/p>\n\n\n\n<p><strong>BANKKARTE<\/strong><\/p>\n\n\n\n<p>Sie k\u00f6nnen per Kredit- oder Debitkarte bestellen. Wir arbeiten mit Redsys in einer absolut sicheren Umgebung und ohne dass zu irgendeinem Zeitpunkt Bankkartendaten aufgezeichnet werden. Aus Sicherheitsgr\u00fcnden sendet Redsys eine Nachricht an Ihr Mobiltelefon, um den Vorgang zu best\u00e4tigen. Wenn Sie Probleme haben oder die Nachricht nicht erhalten, k\u00f6nnen Sie auch per Kreditkarte \u00fcber Paypal bezahlen, auch wenn Sie kein registriertes Paypal-Konto haben.<\/p>\n\n\n\n<p><strong>PAYPAL<\/strong><\/p>\n\n\n\n<p>Sie k\u00f6nnen die Zahlung auch \u00fcber PayPal vornehmen, wie bei dieser Zahlungsmethode \u00fcblich. Auch wenn Sie kein Paypal-Konto haben, k\u00f6nnen Sie die Zahlung per Karte \u00fcber diese Plattform vornehmen (z.B. wenn das Redsys-Gateway eine Fehlermeldung ausgibt). Sobald Sie zu Paypal weitergeleitet werden, sehen Sie unter der Schaltfl\u00e4che \"Konto erstellen\" in Paypal eine Schaltfl\u00e4che mit der Aufschrift \"Zahlung per Karte\", so dass Sie die Zahlung per Karte vornehmen k\u00f6nnen, ohne ein Paypal-Konto zu haben, indem Sie einfach die angegebenen Schritte ausf\u00fchren.&nbsp;<\/p>\n\n\n\n<h2 class=\"wp-block-heading\" id=\"h-los-precios-incluyen-iva\">SIND DIE PREISE INKLUSIVE MEHRWERTSTEUER?<\/h2>\n\n\n\n<p>Die angegebenen Preise enthalten die Mehrwertsteuer und sind somit Endpreise. Bei Sendungen auf die Kanarischen Inseln wird nach Eingabe der Lieferadresse der Mehrwertsteueranteil abgezogen. F\u00fcr Sendungen auf die Kanarischen Inseln \u00fcber 150\u20ac m\u00fcssen wir die Zollkosten berechnen.<\/p>\n\n\n\n<h2 class=\"wp-block-heading\" id=\"h-cuales-son-los-gastos-de-envio\">WIE HOCH SIND DIE VERSANDKOSTEN?<\/h2>\n\n\n\n<p>Die Versandkosten sind bereits in der Rechnung des Produkts, au\u00dfer auf den Kanarischen Inseln, Ceuta und Melilla, die eine Erh\u00f6hung durch den Zoll haben wird. Im Falle einer von uns genehmigten R\u00fccksendung von Waren tr\u00e4gt der Kunde die Transportkosten.<\/p>\n\n\n\n<p>Die Versandkosten variieren je nachdem, ob die Sendung in die Provinz (Madrid), auf die Halbinsel oder auf die Kanarischen Inseln geht. Die genauen Versandkosten werden im Warenkorb angezeigt, sobald Sie Ihre Bestellung aufgegeben haben.<\/p>\n\n\n\n<p>Weitere Informationen zu Sendungen finden Sie in dem Abschnitt \u00fcber\u00a0<a href=\"https:\/\/www.alquera.com\/de\/1-entrega\/\">Versand und R\u00fcckgabe<\/a>\u00a0F\u00fcr Lieferungen ins Ausland wenden Sie sich bitte an Alquera unter info@alquera.com.<\/p>\n\n\n\n<h2 class=\"wp-block-heading\" id=\"h-se-permiten-devoluciones-de-los-productos\">SIND PRODUKTR\u00dcCKGABEN ZUL\u00c4SSIG?<\/h2>\n\n\n\n<p>Alquera Ciencia SL akzeptiert die R\u00fcckgabe von Produkten, sofern sie innerhalb von 10 Tagen nach Lieferung der Bestellung mitgeteilt wird. F\u00fcr den Fall, dass die Produkte berechtigterweise nicht den vertraglich vereinbarten Eigenschaften entsprechen, \u00fcbernimmt Alquera die Kosten f\u00fcr die R\u00fccksendung. Andernfalls m\u00fcssen die Kosten f\u00fcr den Versand und die R\u00fccksendung vom K\u00e4ufer getragen werden.  F\u00fcr weitere Details k\u00f6nnen Sie die Politik der\u00a0<a href=\"https:\/\/www.alquera.com\/de\/1-entrega\/\">Sendungen und R\u00fccksendungen<\/a><\/p>\n\n\n\n<h2 class=\"wp-block-heading\" id=\"h-puede-variar-la-presentacion-del-producto-que-recibo\">KANN DIE AUFMACHUNG DES PRODUKTS, DAS ICH ERHALTE, VARIIEREN?<\/h2>\n\n\n\n<p>Die Pr\u00e4sentation des Produkts ist NICHT immer wie auf dem Foto gezeigt. Wir versuchen, die Fotos so genau wie m\u00f6glich zu machen, aber wir haben nicht immer ein Foto von jedem Format, jeder Farbe, jeder Verpackung usw..<\/p>\n\n\n\n<p>Wir k\u00f6nnten also ein allgemeines Foto zeigen, um ein Produkt oder eine Produktlinie zu pr\u00e4sentieren.<\/p>\n\n\n\n<p>Bestellen Sie niemals auf der Grundlage des gezeigten Bildes, sondern auf der Grundlage des Namens des Produkts. Denken Sie daran, dass Sie uns im Zweifelsfall immer kontaktieren k\u00f6nnen.<\/p>","protected":false},"excerpt":{"rendered":"<p>\u00bfQUIENES SOMOS? Alquera Ciencia SL es una empresa de distribuci\u00f3n y comercializaci\u00f3n de productos qu\u00edmicos y material de laboratorio.&nbsp;En Alquera trabajamos con los mejores fabricantes ofreciendo alta calidad al mejor de los precios de cada producto. Dentro de cada producto podr\u00e1s ver su ficha t\u00e9cnica con la calidad y pureza del producto y sus aplicaciones, [&hellip;]<\/p>\n","protected":false},"author":1,"featured_media":0,"parent":0,"menu_order":0,"comment_status":"closed","ping_status":"closed","template":"","meta":{"_acf_changed":false,"site-sidebar-layout":"left-sidebar","site-content-layout":"default","ast-site-content-layout":"default","site-content-style":"default","site-sidebar-style":"default","ast-global-header-display":"","ast-banner-title-visibility":"","ast-main-header-display":"","ast-hfb-above-header-display":"","ast-hfb-below-header-display":"","ast-hfb-mobile-header-display":"","site-post-title":"","ast-breadcrumbs-content":"","ast-featured-img":"","footer-sml-layout":"","ast-disable-related-posts":"","theme-transparent-header-meta":"default","adv-header-id-meta":"","stick-header-meta":"default","header-above-stick-meta":"","header-main-stick-meta":"","header-below-stick-meta":"","astra-migrate-meta-layouts":"set","ast-page-background-enabled":"default","ast-page-background-meta":{"desktop":{"background-color":"var(--ast-global-color-4)","background-image":"","background-repeat":"repeat","background-position":"center center","background-size":"auto","background-attachment":"scroll","background-type":"","background-media":"","overlay-type":"","overlay-color":"","overlay-opacity":"","overlay-gradient":""},"tablet":{"background-color":"","background-image":"","background-repeat":"repeat","background-position":"center center","background-size":"auto","background-attachment":"scroll","background-type":"","background-media":"","overlay-type":"","overlay-color":"","overlay-opacity":"","overlay-gradient":""},"mobile":{"background-color":"","background-image":"","background-repeat":"repeat","background-position":"center center","background-size":"auto","background-attachment":"scroll","background-type":"","background-media":"","overlay-type":"","overlay-color":"","overlay-opacity":"","overlay-gradient":""}},"ast-content-background-meta":{"desktop":{"background-color":"var(--ast-global-color-5)","background-image":"","background-repeat":"repeat","background-position":"center center","background-size":"auto","background-attachment":"scroll","background-type":"","background-media":"","overlay-type":"","overlay-color":"","overlay-opacity":"","overlay-gradient":""},"tablet":{"background-color":"var(--ast-global-color-5)","background-image":"","background-repeat":"repeat","background-position":"center center","background-size":"auto","background-attachment":"scroll","background-type":"","background-media":"","overlay-type":"","overlay-color":"","overlay-opacity":"","overlay-gradient":""},"mobile":{"background-color":"var(--ast-global-color-5)","background-image":"","background-repeat":"repeat","background-position":"center center","background-size":"auto","background-attachment":"scroll","background-type":"","background-media":"","overlay-type":"","overlay-color":"","overlay-opacity":"","overlay-gradient":""}},"footnotes":""},"class_list":["post-9082","page","type-page","status-publish","hentry"],"acf":[],"yoast_head":"<!-- This site is optimized with the Yoast SEO Premium plugin v27.1 (Yoast SEO v27.1.1) - https:\/\/yoast.com\/product\/yoast-seo-premium-wordpress\/ -->\n<title>Env\u00edos y Devoluciones - Alquera.com<\/title>\n<meta name=\"robots\" content=\"index, follow, max-snippet:-1, max-image-preview:large, max-video-preview:-1\" \/>\n<link rel=\"canonical\" href=\"https:\/\/www.alquera.com\/de\/1-entrega\/\" \/>\n<meta property=\"og:locale\" content=\"de_DE\" \/>\n<meta property=\"og:type\" content=\"article\" \/>\n<meta property=\"og:title\" content=\"Env\u00edos y Devoluciones\" \/>\n<meta property=\"og:description\" content=\"\u00bfQUIENES SOMOS? Alquera Ciencia SL es una empresa de distribuci\u00f3n y comercializaci\u00f3n de productos qu\u00edmicos y material de laboratorio.&nbsp;En Alquera trabajamos con los mejores fabricantes ofreciendo alta calidad al mejor de los precios de cada producto. Dentro de cada producto podr\u00e1s ver su ficha t\u00e9cnica con la calidad y pureza del producto y sus aplicaciones, [&hellip;]\" \/>\n<meta property=\"og:url\" content=\"https:\/\/www.alquera.com\/de\/1-entrega\/\" \/>\n<meta property=\"og:site_name\" content=\"Alquera.com\" \/>\n<meta property=\"article:publisher\" content=\"https:\/\/www.facebook.com\/alqueraciencia\" \/>\n<meta property=\"article:modified_time\" content=\"2025-01-29T10:22:55+00:00\" \/>\n<meta name=\"twitter:card\" content=\"summary_large_image\" \/>\n<meta name=\"twitter:label1\" content=\"Gesch\u00e4tzte Lesezeit\" \/>\n\t<meta name=\"twitter:data1\" content=\"5\u00a0Minuten\" \/>\n<script type=\"application\/ld+json\" class=\"yoast-schema-graph\">{\"@context\":\"https:\/\/schema.org\",\"@graph\":[{\"@type\":\"WebPage\",\"@id\":\"https:\/\/www.alquera.com\/1-entrega\/\",\"url\":\"https:\/\/www.alquera.com\/1-entrega\/\",\"name\":\"Env\u00edos y Devoluciones - Alquera.com\",\"isPartOf\":{\"@id\":\"https:\/\/www.alquera.com\/en\/#website\"},\"datePublished\":\"2020-10-06T11:14:40+00:00\",\"dateModified\":\"2025-01-29T10:22:55+00:00\",\"breadcrumb\":{\"@id\":\"https:\/\/www.alquera.com\/1-entrega\/#breadcrumb\"},\"inLanguage\":\"de\",\"potentialAction\":[{\"@type\":\"ReadAction\",\"target\":[\"https:\/\/www.alquera.com\/1-entrega\/\"]}]},{\"@type\":\"BreadcrumbList\",\"@id\":\"https:\/\/www.alquera.com\/1-entrega\/#breadcrumb\",\"itemListElement\":[{\"@type\":\"ListItem\",\"position\":1,\"name\":\"Inicio\",\"item\":\"https:\/\/www.alquera.com\/\"},{\"@type\":\"ListItem\",\"position\":2,\"name\":\"Env\u00edos y Devoluciones\"}]},{\"@type\":\"WebSite\",\"@id\":\"https:\/\/www.alquera.com\/en\/#website\",\"url\":\"https:\/\/www.alquera.com\/en\/\",\"name\":\"Alquera.com\",\"description\":\"Tienda Online Productos Qu\u00edmicos y Material de Laboratorio\",\"publisher\":{\"@id\":\"https:\/\/www.alquera.com\/en\/#organization\"},\"potentialAction\":[{\"@type\":\"SearchAction\",\"target\":{\"@type\":\"EntryPoint\",\"urlTemplate\":\"https:\/\/www.alquera.com\/en\/?s={search_term_string}\"},\"query-input\":{\"@type\":\"PropertyValueSpecification\",\"valueRequired\":true,\"valueName\":\"search_term_string\"}}],\"inLanguage\":\"de\"},{\"@type\":\"Organization\",\"@id\":\"https:\/\/www.alquera.com\/en\/#organization\",\"name\":\"ALQUERA CIENCIA SL\",\"url\":\"https:\/\/www.alquera.com\/en\/\",\"logo\":{\"@type\":\"ImageObject\",\"inLanguage\":\"de\",\"@id\":\"https:\/\/www.alquera.com\/en\/#\/schema\/logo\/image\/\",\"url\":\"https:\/\/www.alquera.com\/wp-content\/uploads\/2020\/11\/logo_300_ancho.png\",\"contentUrl\":\"https:\/\/www.alquera.com\/wp-content\/uploads\/2020\/11\/logo_300_ancho.png\",\"width\":300,\"height\":86,\"caption\":\"ALQUERA CIENCIA SL\"},\"image\":{\"@id\":\"https:\/\/www.alquera.com\/en\/#\/schema\/logo\/image\/\"},\"sameAs\":[\"https:\/\/www.facebook.com\/alqueraciencia\",\"https:\/\/www.instagram.com\/alquera_ciencia\/\",\"https:\/\/www.youtube.com\/c\/alquera\"]}]}<\/script>\n<!-- \/ Yoast SEO Premium plugin. -->","yoast_head_json":{"title":"Versand und R\u00fcckgabe - Alquera.com","robots":{"index":"index","follow":"follow","max-snippet":"max-snippet:-1","max-image-preview":"max-image-preview:large","max-video-preview":"max-video-preview:-1"},"canonical":"https:\/\/www.alquera.com\/de\/1-entrega\/","og_locale":"de_DE","og_type":"article","og_title":"Env\u00edos y Devoluciones","og_description":"\u00bfQUIENES SOMOS? Alquera Ciencia SL es una empresa de distribuci\u00f3n y comercializaci\u00f3n de productos qu\u00edmicos y material de laboratorio.&nbsp;En Alquera trabajamos con los mejores fabricantes ofreciendo alta calidad al mejor de los precios de cada producto. Dentro de cada producto podr\u00e1s ver su ficha t\u00e9cnica con la calidad y pureza del producto y sus aplicaciones, [&hellip;]","og_url":"https:\/\/www.alquera.com\/de\/1-entrega\/","og_site_name":"Alquera.com","article_publisher":"https:\/\/www.facebook.com\/alqueraciencia","article_modified_time":"2025-01-29T10:22:55+00:00","twitter_card":"summary_large_image","twitter_misc":{"Gesch\u00e4tzte Lesezeit":"5\u00a0Minuten"},"schema":{"@context":"https:\/\/schema.org","@graph":[{"@type":"WebPage","@id":"https:\/\/www.alquera.com\/1-entrega\/","url":"https:\/\/www.alquera.com\/1-entrega\/","name":"Versand und R\u00fcckgabe - Alquera.com","isPartOf":{"@id":"https:\/\/www.alquera.com\/en\/#website"},"datePublished":"2020-10-06T11:14:40+00:00","dateModified":"2025-01-29T10:22:55+00:00","breadcrumb":{"@id":"https:\/\/www.alquera.com\/1-entrega\/#breadcrumb"},"inLanguage":"de","potentialAction":[{"@type":"ReadAction","target":["https:\/\/www.alquera.com\/1-entrega\/"]}]},{"@type":"BreadcrumbList","@id":"https:\/\/www.alquera.com\/1-entrega\/#breadcrumb","itemListElement":[{"@type":"ListItem","position":1,"name":"Inicio","item":"https:\/\/www.alquera.com\/"},{"@type":"ListItem","position":2,"name":"Env\u00edos y Devoluciones"}]},{"@type":"WebSite","@id":"https:\/\/www.alquera.com\/en\/#website","url":"https:\/\/www.alquera.com\/en\/","name":"Alquera.com","description":"Online Shop Chemische Produkte und Laborger\u00e4te","publisher":{"@id":"https:\/\/www.alquera.com\/en\/#organization"},"potentialAction":[{"@type":"SearchAction","target":{"@type":"EntryPoint","urlTemplate":"https:\/\/www.alquera.com\/en\/?s={search_term_string}"},"query-input":{"@type":"PropertyValueSpecification","valueRequired":true,"valueName":"search_term_string"}}],"inLanguage":"de"},{"@type":"Organization","@id":"https:\/\/www.alquera.com\/en\/#organization","name":"ALQUERA CIENCIA SL","url":"https:\/\/www.alquera.com\/en\/","logo":{"@type":"ImageObject","inLanguage":"de","@id":"https:\/\/www.alquera.com\/en\/#\/schema\/logo\/image\/","url":"https:\/\/www.alquera.com\/wp-content\/uploads\/2020\/11\/logo_300_ancho.png","contentUrl":"https:\/\/www.alquera.com\/wp-content\/uploads\/2020\/11\/logo_300_ancho.png","width":300,"height":86,"caption":"ALQUERA CIENCIA SL"},"image":{"@id":"https:\/\/www.alquera.com\/en\/#\/schema\/logo\/image\/"},"sameAs":["https:\/\/www.facebook.com\/alqueraciencia","https:\/\/www.instagram.com\/alquera_ciencia\/","https:\/\/www.youtube.com\/c\/alquera"]}]}},"_links":{"self":[{"href":"https:\/\/www.alquera.com\/de\/wp-json\/wp\/v2\/pages\/9082","targetHints":{"allow":["GET"]}}],"collection":[{"href":"https:\/\/www.alquera.com\/de\/wp-json\/wp\/v2\/pages"}],"about":[{"href":"https:\/\/www.alquera.com\/de\/wp-json\/wp\/v2\/types\/page"}],"author":[{"embeddable":true,"href":"https:\/\/www.alquera.com\/de\/wp-json\/wp\/v2\/users\/1"}],"replies":[{"embeddable":true,"href":"https:\/\/www.alquera.com\/de\/wp-json\/wp\/v2\/comments?post=9082"}],"version-history":[{"count":11,"href":"https:\/\/www.alquera.com\/de\/wp-json\/wp\/v2\/pages\/9082\/revisions"}],"predecessor-version":[{"id":51191,"href":"https:\/\/www.alquera.com\/de\/wp-json\/wp\/v2\/pages\/9082\/revisions\/51191"}],"wp:attachment":[{"href":"https:\/\/www.alquera.com\/de\/wp-json\/wp\/v2\/media?parent=9082"}],"curies":[{"name":"wp","href":"https:\/\/api.w.org\/{rel}","templated":true}]}}