{"id":9086,"date":"2020-10-06T11:18:06","date_gmt":"2020-10-06T11:18:06","guid":{"rendered":"http:\/\/localhost\/alquera\/?page_id=9086"},"modified":"2025-01-29T10:23:44","modified_gmt":"2025-01-29T10:23:44","slug":"9-politica-de-privacidad","status":"publish","type":"page","link":"https:\/\/www.alquera.com\/de\/9-politica-de-privacidad\/","title":{"rendered":"Datenschutzbestimmungen"},"content":{"rendered":"<h2 class=\"wp-block-heading\">COOKIES-POLITIK<\/h2>\r\n\r\n\r\n\r\n<p><strong>VERWENDUNG VON COOKIES UND DER AKTIVIT\u00c4TSDATEI<\/strong><\/p>\r\n\r\n\r\n\r\n<p>Der Anbieter kann auf eigene Rechnung oder auf Rechnung eines mit der Erbringung von Messdiensten beauftragten Dritten Cookies verwenden, wenn ein Nutzer auf der Website surft. Cookies sind Dateien, die von einem Webserver an den Browser gesendet werden, um die Aktivit\u00e4ten des Nutzers w\u00e4hrend seiner Surfzeit aufzuzeichnen.<\/p>\r\n\r\n\r\n\r\n<p>Die von der Website verwendeten Cookies werden nur mit einem anonymen Benutzer und seinem Computer in Verbindung gebracht und liefern als solche keine pers\u00f6nlichen Daten des Benutzers.<\/p>\r\n\r\n\r\n\r\n<p>Durch die Verwendung von Cookies ist es dem Server, auf dem sich die Website befindet, m\u00f6glich, den vom Nutzer verwendeten Webbrowser zu erkennen, um das Surfen zu erleichtern und beispielsweise Nutzern, die sich zuvor registriert haben, den Zugang zu Bereichen, Diensten, Werbeaktionen oder Wettbewerben zu erm\u00f6glichen, die ausschlie\u00dflich ihnen vorbehalten sind, ohne dass sie sich bei jedem Besuch neu registrieren m\u00fcssen. Sie werden auch zur Messung der Publikums- und Verkehrsparameter, zur \u00dcberwachung des Fortschritts und der Anzahl der Eintr\u00e4ge verwendet.<\/p>\r\n\r\n\r\n\r\n<p>Der Nutzer hat die M\u00f6glichkeit, seinen Browser so zu konfigurieren, dass er \u00fcber den Empfang von Cookies informiert wird und deren Installation auf seinem Computer verhindert. Bitte konsultieren Sie die Anleitungen und Handb\u00fccher Ihres Browsers f\u00fcr weitere Informationen.<\/p>\r\n\r\n\r\n\r\n<p>F\u00fcr die Nutzung der Website ist es nicht erforderlich, dass der Nutzer die Installation von Cookies zul\u00e4sst, die von der Website oder von Dritten, die in ihrem Namen handeln, gesendet werden, unbeschadet der Tatsache, dass es f\u00fcr den Nutzer erforderlich ist, sich als solcher in jedem der Dienste anzumelden, deren Bereitstellung eine vorherige Registrierung oder \"Anmeldung\" erfordert.<\/p>\r\n\r\n\r\n\r\n<p>Die auf dieser Website verwendeten Cookies sind in jedem Fall vor\u00fcbergehender Natur und dienen ausschlie\u00dflich dem Zweck, die sp\u00e4tere \u00dcbertragung effizienter zu gestalten. Unter keinen Umst\u00e4nden werden Cookies verwendet, um pers\u00f6nliche Informationen zu sammeln.<\/p>\r\n\r\n\r\n\r\n<p><strong>DEFINITION UND FUNKTIONEN<\/strong><\/p>\r\n\r\n\r\n\r\n<p>Ein Cookie ist eine Datei, die auf Ihren Computer heruntergeladen wird, wenn Sie auf bestimmte Websites zugreifen. Cookies erm\u00f6glichen es einer Website unter anderem, Informationen \u00fcber die Surfgewohnheiten eines Nutzers oder seines Computers zu speichern und abzurufen, und je nach den darin enthaltenen Informationen und der Art und Weise, wie Sie Ihren Computer benutzen, k\u00f6nnen sie zur Wiedererkennung des Nutzers verwendet werden.<\/p>\r\n\r\n\r\n\r\n<p><strong>ARTEN DER VERWENDETEN COOKIES<\/strong><\/p>\r\n\r\n\r\n\r\n<p><em>1. leistungsbezogene Cookies<\/em><\/p>\r\n\r\n\r\n\r\n<p>Dabei handelt es sich um Cookies, die entweder von uns oder von Dritten verarbeitet werden und die Informationen dar\u00fcber sammeln, wie die Website genutzt wird (z. B. die von Ihnen besuchten Seiten oder das Auftreten von Fehlern), und die uns helfen, Probleme zu finden und zu l\u00f6sen, die Anzahl der Nutzer zu quantifizieren oder die Nutzung der Website zu messen. Alle gesammelten Informationen sind v\u00f6llig anonym und helfen uns, die Funktionsweise unserer Website zu verstehen und Verbesserungen vorzunehmen, um Ihnen das Surfen zu erleichtern.<\/p>\r\n\r\n\r\n\r\n<p>Die Verwendung dieser Cookies erm\u00f6glicht:<\/p>\r\n\r\n\r\n\r\n<p>Wenn Sie auf der Website surfen, k\u00f6nnen wir im Gegenzug Informationen dar\u00fcber sammeln, wie Sie die Website nutzen, um die Benutzerfreundlichkeit der Website zu verstehen und uns dabei zu helfen, gegebenenfalls Verbesserungen vorzunehmen. Diese Cookies sammeln keine Informationen \u00fcber Sie, die zu Werbezwecken verwendet werden k\u00f6nnten, oder Informationen \u00fcber Ihre Pr\u00e4ferenzen (z. B. Ihre Benutzerdaten), die \u00fcber diesen speziellen Besuch hinausgehen.<\/p>\r\n\r\n\r\n\r\n<p><em>2. Funktionale Cookies<\/em><\/p>\r\n\r\n\r\n\r\n<p>Unser Ziel ist es, mit diesen Cookies die Benutzerfreundlichkeit zu verbessern. Sie werden verwendet, um sich an bestimmte Einstellungen zu erinnern oder um bestimmte Dienste oder Nachrichten bereitzustellen, die Ihre Erfahrung auf unserer Website verbessern k\u00f6nnen. Sie merken sich zum Beispiel das Land oder die Sprache, die Sie beim Besuch der Seiten gew\u00e4hlt haben, und werden nicht zu Marketingzwecken verwendet.<\/p>\r\n\r\n\r\n\r\n<p>Die Verwendung dieser Cookies erm\u00f6glicht:<\/p>\r\n\r\n\r\n\r\n<p>Erinnern Sie sich an Ihre Kunden-Login-Daten, wenn Sie auf die Website zur\u00fcckkehren. Wir sammeln niemals Informationen \u00fcber Sie, die zu Werbezwecken verwendet werden k\u00f6nnten, oder Informationen \u00fcber Ihre Pr\u00e4ferenzen (wie z. B. Ihre Benutzerdaten), die \u00fcber diesen speziellen Besuch hinausgehen.<\/p>\r\n\r\n\r\n\r\n<p><em>3. Marketing-Cookies<\/em><\/p>\r\n\r\n\r\n\r\n<p>Dies sind Cookies, die von Dritten verwaltet werden. Sie werden von einem Computer oder einer Dom\u00e4ne, die nicht vom Herausgeber, sondern von einer anderen Einheit, die die durch die Cookies erhaltenen Daten verarbeitet, an das Endger\u00e4t des Benutzers gesendet. Sie k\u00f6nnen daher die Instrumente dieser Dritten nutzen, um die Verwendung dieser Cookies einzuschr\u00e4nken. Einige von ihnen werden beispielsweise verwendet, um auf andere Websites zu verlinken, die bestimmte Dienste zum Ansehen oder Herunterladen von Videos oder zum Teilen von Inhalten in sozialen Netzwerken (Facebook, Twitter oder Google) anbieten. Und in anderen F\u00e4llen k\u00f6nnen sie auch die Werbung anderer Websites \u00e4ndern, um sie an Ihre Vorlieben anzupassen.<\/p>\r\n\r\n\r\n\r\n<p>Die Verwendung dieser Cookies erm\u00f6glicht:<\/p>\r\n\r\n\r\n\r\n<p>Verlinkung mit sozialen Netzwerken, Ansehen oder Herunterladen von Videos, Erhalt von Informationen \u00fcber Ihren Besuch auf unserer Website, die f\u00fcr die Anpassung der auf anderen Websites oder Webseiten angezeigten Werbung n\u00fctzlich sind. Es ist auch m\u00f6glich, dass, wenn Sie eine Webseite besuchen oder eine E-Mail \u00f6ffnen, in der eine Werbung oder ein Angebot \u00fcber unsere Produkte oder Dienstleistungen ver\u00f6ffentlicht wird, ein Cookie in Ihrem Browser installiert wird, das uns hilft, Ihnen anschlie\u00dfend Werbung zu zeigen, die mit der von Ihnen durchgef\u00fchrten Suche zusammenh\u00e4ngt, und eine Kontrolle \u00fcber unsere Anzeigen zu entwickeln, z. B. in Bezug auf die Anzahl der Aufrufe, den Ort und die Uhrzeit, zu der sie angezeigt werden, usw.<\/p>\r\n\r\n\r\n\r\n<p><strong>WIDERRUF UND L\u00d6SCHUNG VON COOKIES<\/strong><\/p>\r\n\r\n\r\n\r\n<p>Sie k\u00f6nnen die auf Ihrem Computer installierten Cookies zulassen, blockieren oder l\u00f6schen, indem Sie Ihre Browseroptionen konfigurieren.<br \/>Wenn Sie die Installation von Cookies in Ihrem Browser nicht zulassen, k\u00f6nnen Sie m\u00f6glicherweise auf einige der folgenden Websites nicht zugreifen<br \/>Abschnitte unserer Website.<\/p>\r\n\r\n\r\n\r\n<p>Um zu erfahren, wie Sie Cookies in Ihrem Browser verwalten k\u00f6nnen, besuchen Sie bitte die nachstehenden Links:<\/p>\r\n\r\n\r\n\r\n<p>Firefox von\u00a0<a href=\"http:\/\/support.mozilla.org\/es\/kb\/habilitar-y-deshabilitar-cookies-que-los-sitios-we\">http:\/\/support.mozilla.org\/es\/kb\/habilitar-y-deshabilitar-cookies-que-los-sitios-we<\/a><br \/>Chrom von\u00a0<a href=\"http:\/\/support.google.com\/chrome\/bin\/answer.py?hl=es&amp;answer=95647\">http:\/\/support.google.com\/chrome\/bin\/answer.py?hl=es&amp;answer=95647<\/a><br \/>Explorer von\u00a0<a href=\"http:\/\/windows.microsoft.com\/es-es\/windows7\/how-to-manage-cookies-in-internet-explorer-9\">http:\/\/windows.microsoft.com\/es-es\/windows7\/how-to-manage-cookies-in-internet-explorer-9<\/a><br \/>Safari von\u00a0<a href=\"http:\/\/support.apple.com\/kb\/ph5042\">http:\/\/support.apple.com\/kb\/ph5042<\/a><\/p>\r\n\r\n\r\n\r\n<p>Wenn Sie weitere Informationen dar\u00fcber w\u00fcnschen, wie wir Cookies verwenden, senden Sie bitte eine E-Mail an: info@alquera.com<\/p>","protected":false},"excerpt":{"rendered":"<p>POL\u00cdTICA DE COOKIES USO DE COOKIES Y DEL FICHERO DE ACTIVIDAD El prestador por su propia cuenta o la de un tercero contratado para la prestaci\u00f3n de servicios de medici\u00f3n, pueden utilizar cookies cuando un usuario navega por el sitio web. Las cookies son ficheros enviados al navegador por medio de un servidor web con [&hellip;]<\/p>\n","protected":false},"author":1,"featured_media":0,"parent":0,"menu_order":0,"comment_status":"closed","ping_status":"closed","template":"","meta":{"_acf_changed":false,"site-sidebar-layout":"left-sidebar","site-content-layout":"","ast-site-content-layout":"default","site-content-style":"default","site-sidebar-style":"default","ast-global-header-display":"","ast-banner-title-visibility":"","ast-main-header-display":"","ast-hfb-above-header-display":"","ast-hfb-below-header-display":"","ast-hfb-mobile-header-display":"","site-post-title":"","ast-breadcrumbs-content":"","ast-featured-img":"","footer-sml-layout":"","ast-disable-related-posts":"","theme-transparent-header-meta":"","adv-header-id-meta":"","stick-header-meta":"","header-above-stick-meta":"","header-main-stick-meta":"","header-below-stick-meta":"","astra-migrate-meta-layouts":"set","ast-page-background-enabled":"default","ast-page-background-meta":{"desktop":{"background-color":"var(--ast-global-color-4)","background-image":"","background-repeat":"repeat","background-position":"center center","background-size":"auto","background-attachment":"scroll","background-type":"","background-media":"","overlay-type":"","overlay-color":"","overlay-opacity":"","overlay-gradient":""},"tablet":{"background-color":"","background-image":"","background-repeat":"repeat","background-position":"center center","background-size":"auto","background-attachment":"scroll","background-type":"","background-media":"","overlay-type":"","overlay-color":"","overlay-opacity":"","overlay-gradient":""},"mobile":{"background-color":"","background-image":"","background-repeat":"repeat","background-position":"center center","background-size":"auto","background-attachment":"scroll","background-type":"","background-media":"","overlay-type":"","overlay-color":"","overlay-opacity":"","overlay-gradient":""}},"ast-content-background-meta":{"desktop":{"background-color":"var(--ast-global-color-5)","background-image":"","background-repeat":"repeat","background-position":"center center","background-size":"auto","background-attachment":"scroll","background-type":"","background-media":"","overlay-type":"","overlay-color":"","overlay-opacity":"","overlay-gradient":""},"tablet":{"background-color":"var(--ast-global-color-5)","background-image":"","background-repeat":"repeat","background-position":"center center","background-size":"auto","background-attachment":"scroll","background-type":"","background-media":"","overlay-type":"","overlay-color":"","overlay-opacity":"","overlay-gradient":""},"mobile":{"background-color":"var(--ast-global-color-5)","background-image":"","background-repeat":"repeat","background-position":"center center","background-size":"auto","background-attachment":"scroll","background-type":"","background-media":"","overlay-type":"","overlay-color":"","overlay-opacity":"","overlay-gradient":""}},"footnotes":""},"class_list":["post-9086","page","type-page","status-publish","hentry"],"acf":[],"yoast_head":"<!-- This site is optimized with the Yoast SEO Premium plugin v27.1 (Yoast SEO v27.1.1) - https:\/\/yoast.com\/product\/yoast-seo-premium-wordpress\/ -->\n<title>Pol\u00edtica de Privacidad - Alquera.com<\/title>\n<meta name=\"robots\" content=\"index, follow, max-snippet:-1, max-image-preview:large, max-video-preview:-1\" \/>\n<link rel=\"canonical\" href=\"https:\/\/www.alquera.com\/de\/9-politica-de-privacidad\/\" \/>\n<meta property=\"og:locale\" content=\"de_DE\" \/>\n<meta property=\"og:type\" content=\"article\" \/>\n<meta property=\"og:title\" content=\"Pol\u00edtica de Privacidad\" \/>\n<meta property=\"og:description\" content=\"POL\u00cdTICA DE COOKIES USO DE COOKIES Y DEL FICHERO DE ACTIVIDAD El prestador por su propia cuenta o la de un tercero contratado para la prestaci\u00f3n de servicios de medici\u00f3n, pueden utilizar cookies cuando un usuario navega por el sitio web. Las cookies son ficheros enviados al navegador por medio de un servidor web con [&hellip;]\" \/>\n<meta property=\"og:url\" content=\"https:\/\/www.alquera.com\/de\/9-politica-de-privacidad\/\" \/>\n<meta property=\"og:site_name\" content=\"Alquera.com\" \/>\n<meta property=\"article:publisher\" content=\"https:\/\/www.facebook.com\/alqueraciencia\" \/>\n<meta property=\"article:modified_time\" content=\"2025-01-29T10:23:44+00:00\" \/>\n<meta name=\"twitter:card\" content=\"summary_large_image\" \/>\n<meta name=\"twitter:label1\" content=\"Gesch\u00e4tzte Lesezeit\" \/>\n\t<meta name=\"twitter:data1\" content=\"5\u00a0Minuten\" \/>\n<script type=\"application\/ld+json\" class=\"yoast-schema-graph\">{\"@context\":\"https:\/\/schema.org\",\"@graph\":[{\"@type\":\"WebPage\",\"@id\":\"https:\/\/www.alquera.com\/9-politica-de-privacidad\/\",\"url\":\"https:\/\/www.alquera.com\/9-politica-de-privacidad\/\",\"name\":\"Pol\u00edtica de Privacidad - Alquera.com\",\"isPartOf\":{\"@id\":\"https:\/\/www.alquera.com\/en\/#website\"},\"datePublished\":\"2020-10-06T11:18:06+00:00\",\"dateModified\":\"2025-01-29T10:23:44+00:00\",\"breadcrumb\":{\"@id\":\"https:\/\/www.alquera.com\/9-politica-de-privacidad\/#breadcrumb\"},\"inLanguage\":\"de\",\"potentialAction\":[{\"@type\":\"ReadAction\",\"target\":[\"https:\/\/www.alquera.com\/9-politica-de-privacidad\/\"]}]},{\"@type\":\"BreadcrumbList\",\"@id\":\"https:\/\/www.alquera.com\/9-politica-de-privacidad\/#breadcrumb\",\"itemListElement\":[{\"@type\":\"ListItem\",\"position\":1,\"name\":\"Inicio\",\"item\":\"https:\/\/www.alquera.com\/\"},{\"@type\":\"ListItem\",\"position\":2,\"name\":\"Pol\u00edtica de Privacidad\"}]},{\"@type\":\"WebSite\",\"@id\":\"https:\/\/www.alquera.com\/en\/#website\",\"url\":\"https:\/\/www.alquera.com\/en\/\",\"name\":\"Alquera.com\",\"description\":\"Tienda Online Productos Qu\u00edmicos y Material de Laboratorio\",\"publisher\":{\"@id\":\"https:\/\/www.alquera.com\/en\/#organization\"},\"potentialAction\":[{\"@type\":\"SearchAction\",\"target\":{\"@type\":\"EntryPoint\",\"urlTemplate\":\"https:\/\/www.alquera.com\/en\/?s={search_term_string}\"},\"query-input\":{\"@type\":\"PropertyValueSpecification\",\"valueRequired\":true,\"valueName\":\"search_term_string\"}}],\"inLanguage\":\"de\"},{\"@type\":\"Organization\",\"@id\":\"https:\/\/www.alquera.com\/en\/#organization\",\"name\":\"ALQUERA CIENCIA SL\",\"url\":\"https:\/\/www.alquera.com\/en\/\",\"logo\":{\"@type\":\"ImageObject\",\"inLanguage\":\"de\",\"@id\":\"https:\/\/www.alquera.com\/en\/#\/schema\/logo\/image\/\",\"url\":\"https:\/\/www.alquera.com\/wp-content\/uploads\/2020\/11\/logo_300_ancho.png\",\"contentUrl\":\"https:\/\/www.alquera.com\/wp-content\/uploads\/2020\/11\/logo_300_ancho.png\",\"width\":300,\"height\":86,\"caption\":\"ALQUERA CIENCIA SL\"},\"image\":{\"@id\":\"https:\/\/www.alquera.com\/en\/#\/schema\/logo\/image\/\"},\"sameAs\":[\"https:\/\/www.facebook.com\/alqueraciencia\",\"https:\/\/www.instagram.com\/alquera_ciencia\/\",\"https:\/\/www.youtube.com\/c\/alquera\"]}]}<\/script>\n<!-- \/ Yoast SEO Premium plugin. -->","yoast_head_json":{"title":"Datenschutzrichtlinie - Alquera.com","robots":{"index":"index","follow":"follow","max-snippet":"max-snippet:-1","max-image-preview":"max-image-preview:large","max-video-preview":"max-video-preview:-1"},"canonical":"https:\/\/www.alquera.com\/de\/9-politica-de-privacidad\/","og_locale":"de_DE","og_type":"article","og_title":"Pol\u00edtica de Privacidad","og_description":"POL\u00cdTICA DE COOKIES USO DE COOKIES Y DEL FICHERO DE ACTIVIDAD El prestador por su propia cuenta o la de un tercero contratado para la prestaci\u00f3n de servicios de medici\u00f3n, pueden utilizar cookies cuando un usuario navega por el sitio web. Las cookies son ficheros enviados al navegador por medio de un servidor web con [&hellip;]","og_url":"https:\/\/www.alquera.com\/de\/9-politica-de-privacidad\/","og_site_name":"Alquera.com","article_publisher":"https:\/\/www.facebook.com\/alqueraciencia","article_modified_time":"2025-01-29T10:23:44+00:00","twitter_card":"summary_large_image","twitter_misc":{"Gesch\u00e4tzte Lesezeit":"5\u00a0Minuten"},"schema":{"@context":"https:\/\/schema.org","@graph":[{"@type":"WebPage","@id":"https:\/\/www.alquera.com\/9-politica-de-privacidad\/","url":"https:\/\/www.alquera.com\/9-politica-de-privacidad\/","name":"Datenschutzrichtlinie - Alquera.com","isPartOf":{"@id":"https:\/\/www.alquera.com\/en\/#website"},"datePublished":"2020-10-06T11:18:06+00:00","dateModified":"2025-01-29T10:23:44+00:00","breadcrumb":{"@id":"https:\/\/www.alquera.com\/9-politica-de-privacidad\/#breadcrumb"},"inLanguage":"de","potentialAction":[{"@type":"ReadAction","target":["https:\/\/www.alquera.com\/9-politica-de-privacidad\/"]}]},{"@type":"BreadcrumbList","@id":"https:\/\/www.alquera.com\/9-politica-de-privacidad\/#breadcrumb","itemListElement":[{"@type":"ListItem","position":1,"name":"Inicio","item":"https:\/\/www.alquera.com\/"},{"@type":"ListItem","position":2,"name":"Pol\u00edtica de Privacidad"}]},{"@type":"WebSite","@id":"https:\/\/www.alquera.com\/en\/#website","url":"https:\/\/www.alquera.com\/en\/","name":"Alquera.com","description":"Online Shop Chemische Produkte und Laborger\u00e4te","publisher":{"@id":"https:\/\/www.alquera.com\/en\/#organization"},"potentialAction":[{"@type":"SearchAction","target":{"@type":"EntryPoint","urlTemplate":"https:\/\/www.alquera.com\/en\/?s={search_term_string}"},"query-input":{"@type":"PropertyValueSpecification","valueRequired":true,"valueName":"search_term_string"}}],"inLanguage":"de"},{"@type":"Organization","@id":"https:\/\/www.alquera.com\/en\/#organization","name":"ALQUERA CIENCIA SL","url":"https:\/\/www.alquera.com\/en\/","logo":{"@type":"ImageObject","inLanguage":"de","@id":"https:\/\/www.alquera.com\/en\/#\/schema\/logo\/image\/","url":"https:\/\/www.alquera.com\/wp-content\/uploads\/2020\/11\/logo_300_ancho.png","contentUrl":"https:\/\/www.alquera.com\/wp-content\/uploads\/2020\/11\/logo_300_ancho.png","width":300,"height":86,"caption":"ALQUERA CIENCIA SL"},"image":{"@id":"https:\/\/www.alquera.com\/en\/#\/schema\/logo\/image\/"},"sameAs":["https:\/\/www.facebook.com\/alqueraciencia","https:\/\/www.instagram.com\/alquera_ciencia\/","https:\/\/www.youtube.com\/c\/alquera"]}]}},"_links":{"self":[{"href":"https:\/\/www.alquera.com\/de\/wp-json\/wp\/v2\/pages\/9086","targetHints":{"allow":["GET"]}}],"collection":[{"href":"https:\/\/www.alquera.com\/de\/wp-json\/wp\/v2\/pages"}],"about":[{"href":"https:\/\/www.alquera.com\/de\/wp-json\/wp\/v2\/types\/page"}],"author":[{"embeddable":true,"href":"https:\/\/www.alquera.com\/de\/wp-json\/wp\/v2\/users\/1"}],"replies":[{"embeddable":true,"href":"https:\/\/www.alquera.com\/de\/wp-json\/wp\/v2\/comments?post=9086"}],"version-history":[{"count":3,"href":"https:\/\/www.alquera.com\/de\/wp-json\/wp\/v2\/pages\/9086\/revisions"}],"predecessor-version":[{"id":51192,"href":"https:\/\/www.alquera.com\/de\/wp-json\/wp\/v2\/pages\/9086\/revisions\/51192"}],"wp:attachment":[{"href":"https:\/\/www.alquera.com\/de\/wp-json\/wp\/v2\/media?parent=9086"}],"curies":[{"name":"wp","href":"https:\/\/api.w.org\/{rel}","templated":true}]}}