{"id":9369,"date":"2020-10-14T15:40:18","date_gmt":"2020-10-14T15:40:18","guid":{"rendered":"http:\/\/localhost\/alquera\/?page_id=9369"},"modified":"2021-09-12T13:49:37","modified_gmt":"2021-09-12T13:49:37","slug":"potenciador-detergente","status":"publish","type":"page","link":"https:\/\/www.alquera.com\/de\/borax\/potenciador-detergente\/","title":{"rendered":"Borax Booster Waschmittel"},"content":{"rendered":"<p>Die <a href=\"https:\/\/www.alquera.com\/de\/borax\/\">Borax<\/a> ist ein chemisches Erzeugnis in Form eines wei\u00dfen Pulvers, das u. a. die Wirkung von Waschmitteln verst\u00e4rkt. Sie brauchen nur eine halbe Tasse Borax als Waschmittel zu Ihrer \u00fcblichen Waschmaschinenladung hinzuzuf\u00fcgen, um die unten beschriebenen Effekte zu erzielen:<\/p>\n<h2>Was ist Borax?<\/h2>\n<p>Borax ist ein chemisches Produkt in Form eines wei\u00dfen Pulvers. Seine chemische Formel lautet\u00a0<strong>Na2B4O7-10H2O, <\/strong>und kann in der Natur vorkommen.<\/p>\n<h3>Warum Borax als Waschmittel verwenden?<\/h3>\n<p>Borax verst\u00e4rkt die Wirkung Ihres Waschmittels. Geben Sie einfach eine halbe Tasse Borax zusammen mit der W\u00e4sche in die Waschmaschine und f\u00fcgen Sie Ihr normales Waschmittel hinzu, um die Waschkraft der n\u00e4chsten W\u00e4sche zu erh\u00f6hen:<\/p>\n<h3>1. die Kleidung bleichen<\/h3>\n<p>In Verbindung mit Wasser hat Borax die Eigenschaft, einen Teil der Wassermolek\u00fcle in Wasserstoffperoxid umzuwandeln, das ein hervorragendes Oxidationsmittel ist, mit dem sich auch sehr schwierige Flecken wie Blut- oder Weinflecken entfernen lassen. Es wird angewendet, indem man eine halbe Tasse Borax in die Waschmaschine gibt.<\/p>\n<p><img loading=\"lazy\" decoding=\"async\" class=\"size-medium wp-image-32324 aligncenter\" src=\"https:\/\/www.alquera.com\/wp-content\/uploads\/2020\/12\/borax-ropa-blanca-300x156.jpg\" alt=\"borax ropa blanca\" width=\"300\" height=\"156\" srcset=\"https:\/\/www.alquera.com\/wp-content\/uploads\/2020\/12\/borax-ropa-blanca-300x156.jpg 300w, https:\/\/www.alquera.com\/wp-content\/uploads\/2020\/12\/borax-ropa-blanca.jpg 312w\" sizes=\"auto, (max-width: 300px) 100vw, 300px\" \/><\/p>\n<h3><\/h3>\n<h3>2. Starke Anti-Flecken-Wirkung des Waschmittels<\/h3>\n<p>Es kann auch separat direkt auf den Fleck aufgetragen werden. Eine Boraxpaste wird mit Wasser hergestellt und auf den hartn\u00e4ckigen Fleck aufgetragen.<\/p>\n<p><img loading=\"lazy\" decoding=\"async\" class=\"size-medium wp-image-32330 aligncenter\" src=\"https:\/\/www.alquera.com\/wp-content\/uploads\/2020\/12\/lavadora-300x169.jpg\" alt=\"borax detergente\" width=\"300\" height=\"169\" srcset=\"https:\/\/www.alquera.com\/wp-content\/uploads\/2020\/12\/lavadora-300x169.jpg 300w, https:\/\/www.alquera.com\/wp-content\/uploads\/2020\/12\/lavadora-1024x577.jpg 1024w, https:\/\/www.alquera.com\/wp-content\/uploads\/2020\/12\/lavadora-768x433.jpg 768w, https:\/\/www.alquera.com\/wp-content\/uploads\/2020\/12\/lavadora-600x338.jpg 600w, https:\/\/www.alquera.com\/wp-content\/uploads\/2020\/12\/lavadora-scaled.jpg 800w\" sizes=\"auto, (max-width: 300px) 100vw, 300px\" \/><\/p>\n<h3>3. h\u00e4lt den pH-Wert des Wassers auf den f\u00fcr die Reinigung idealen Werten.<\/h3>\n<p>Borax hat einen alkalischen Charakter und h\u00e4lt den pH-Wert des Wassers bei etwa 8. Es hilft, die H\u00e4rte aus dem Wasser zu entfernen, wodurch es besser zum Waschen geeignet ist. Geben Sie einfach eine halbe Tasse Borax in die normale Waschladung und f\u00fcgen Sie wie gewohnt Waschmittel hinzu. Es kombiniert den Effekt 1 (Fleckenentfernung durch den aktiven Sauerstoff des Wasserstoffperoxids) mit dem Effekt der Aufrechterhaltung eines idealen pH-Werts f\u00fcr die Reinigung.<\/p>\n<h3>4. Neutralisiert Ger\u00fcche in der Waschmaschine und in der W\u00e4sche.<\/h3>\n<p>Borax ist ein nat\u00fcrliches Deodorant sowohl gegen Feuchtigkeitsgeruch in der Waschmaschine (z. B. gegen Schimmelpilz, der h\u00e4ufig in feuchten R\u00e4umen auftritt) als auch gegen starke Kleiderger\u00fcche. Es beseitigt sowohl feuchte Pilze als auch starke Ger\u00fcche in Windeln oder den beim Menschen \u00fcblichen starken Schwei\u00dfgeruch.<\/p>\n<h3 class=\"widget-title\">Kaufen <\/h3><div><div class=\"woocommerce\"><ul class=\"products columns-4\">\n<li class=\"desktop-align-left tablet-align-left mobile-align-left ast-product-gallery-layout-horizontal-slider ast-magnify-disabled ast-product-single-variable ast-product-tabs-layout-horizontal ast-qv-on-image product type-product post-495 status-publish first instock product_cat-productos-experimentos product_cat-productos has-post-thumbnail taxable shipping-taxable purchasable product-type-variable has-default-attributes\">\n\t<a href=\"https:\/\/www.alquera.com\/de\/permanganato-de-potasio\/\" class=\"woocommerce-LoopProduct-link woocommerce-loop-product__link\"><img loading=\"lazy\" decoding=\"async\" width=\"300\" height=\"300\" src=\"https:\/\/www.alquera.com\/wp-content\/uploads\/2016\/01\/permanganato-200g-foto-nueva-300x300.png\" class=\"attachment-woocommerce_thumbnail size-woocommerce_thumbnail\" alt=\"permanganato 200g\" srcset=\"https:\/\/www.alquera.com\/wp-content\/uploads\/2016\/01\/permanganato-200g-foto-nueva-300x300.png 300w, https:\/\/www.alquera.com\/wp-content\/uploads\/2016\/01\/permanganato-200g-foto-nueva-150x150.png 150w, https:\/\/www.alquera.com\/wp-content\/uploads\/2016\/01\/permanganato-200g-foto-nueva-12x12.png 12w, https:\/\/www.alquera.com\/wp-content\/uploads\/2016\/01\/permanganato-200g-foto-nueva-100x100.png 100w\" sizes=\"auto, (max-width: 300px) 100vw, 300px\" \/><h2 class=\"woocommerce-loop-product__title\">Kaliumpermanganat<\/h2><div class=\"review-rating\"><div class=\"star-rating\"><span style=\"width:100%\" data-no-translation=\"\" data-trp-gettext=\"\">Bewertet mit <strong class=\"rating\">5.00<\/strong> von 5<\/span><\/div><\/div>\n<\/a><a href=\"https:\/\/www.alquera.com\/de\/permanganato-de-potasio\/\" aria-describedby=\"woocommerce_loop_add_to_cart_link_describedby_495\" data-quantity=\"1\" class=\"button product_type_variable add_to_cart_button\" data-product_id=\"495\" data-product_sku=\"AL100111\" aria-label=\"W\u00e4hle Optionen f\u00fcr \u201ePermanganato de Potasio\u201c\" rel=\"nofollow\" data-no-translation=\"\" data-trp-gettext=\"\" data-no-translation-aria-label=\"\">Ausf\u00fchrung w\u00e4hlen<\/a>\t<span id=\"woocommerce_loop_add_to_cart_link_describedby_495\" class=\"screen-reader-text\">\n\t\tDieses Produkt weist mehrere Varianten auf. Die Optionen k\u00f6nnen auf der Produktseite gew\u00e4hlt werden\t<\/span>\n<\/li>\n<\/ul>\n<\/div><\/div>\n<p class=\"widget-title\">Mehr lesen<\/p><a href=\"https:\/\/www.alquera.com\/de\/borax\/\">Borax<\/a>\n<!-- Page-list plugin v.5.9 wordpress.org\/plugins\/page-list\/ -->\n<ul class=\"page-list siblings-page-list\">\n<li class=\"page_item page-item-9383 menu-item\"><a href=\"https:\/\/www.alquera.com\/de\/borax\/insecticida\/\" class=\"menu-link\">Borax als Insektizid<\/a><\/li>\n<li class=\"page_item page-item-9369 menu-item\"><a href=\"https:\/\/www.alquera.com\/de\/borax\/potenciador-detergente\/\" class=\"menu-link\">Borax Booster Waschmittel<\/a><\/li>\n<li class=\"page_item page-item-9380 menu-item\"><a href=\"https:\/\/www.alquera.com\/de\/borax\/soldar-plata\/\" class=\"menu-link\">Borax L\u00f6tzinn Silber<\/a><\/li>\n<li class=\"page_item page-item-9360 menu-item\"><a href=\"https:\/\/www.alquera.com\/de\/borax\/usos-borax\/\" class=\"menu-link\">Verwendungen von Borax<\/a><\/li>\n\n<\/ul>","protected":false},"excerpt":{"rendered":"<p>El borax es un producto qu\u00edmico, que se presenta en forma de polvo blanco, que entre alguna de sus caracter\u00edsticas est\u00e1 la de potenciar el efecto del detergente de lavadora. S\u00f3lo hace falta a\u00f1adir media taza de borax como detergente a la carga de tu lavadora habitual, para conseguir los efectos que te contamos a [&hellip;]<\/p>\n","protected":false},"author":1,"featured_media":0,"parent":32600,"menu_order":0,"comment_status":"open","ping_status":"closed","template":"","meta":{"_acf_changed":false,"site-sidebar-layout":"default","site-content-layout":"","ast-site-content-layout":"default","site-content-style":"default","site-sidebar-style":"default","ast-global-header-display":"","ast-banner-title-visibility":"","ast-main-header-display":"","ast-hfb-above-header-display":"","ast-hfb-below-header-display":"","ast-hfb-mobile-header-display":"","site-post-title":"","ast-breadcrumbs-content":"","ast-featured-img":"","footer-sml-layout":"","ast-disable-related-posts":"","theme-transparent-header-meta":"","adv-header-id-meta":"","stick-header-meta":"","header-above-stick-meta":"","header-main-stick-meta":"","header-below-stick-meta":"","astra-migrate-meta-layouts":"default","ast-page-background-enabled":"default","ast-page-background-meta":{"desktop":{"background-color":"var(--ast-global-color-4)","background-image":"","background-repeat":"repeat","background-position":"center center","background-size":"auto","background-attachment":"scroll","background-type":"","background-media":"","overlay-type":"","overlay-color":"","overlay-opacity":"","overlay-gradient":""},"tablet":{"background-color":"","background-image":"","background-repeat":"repeat","background-position":"center center","background-size":"auto","background-attachment":"scroll","background-type":"","background-media":"","overlay-type":"","overlay-color":"","overlay-opacity":"","overlay-gradient":""},"mobile":{"background-color":"","background-image":"","background-repeat":"repeat","background-position":"center center","background-size":"auto","background-attachment":"scroll","background-type":"","background-media":"","overlay-type":"","overlay-color":"","overlay-opacity":"","overlay-gradient":""}},"ast-content-background-meta":{"desktop":{"background-color":"var(--ast-global-color-5)","background-image":"","background-repeat":"repeat","background-position":"center center","background-size":"auto","background-attachment":"scroll","background-type":"","background-media":"","overlay-type":"","overlay-color":"","overlay-opacity":"","overlay-gradient":""},"tablet":{"background-color":"var(--ast-global-color-5)","background-image":"","background-repeat":"repeat","background-position":"center center","background-size":"auto","background-attachment":"scroll","background-type":"","background-media":"","overlay-type":"","overlay-color":"","overlay-opacity":"","overlay-gradient":""},"mobile":{"background-color":"var(--ast-global-color-5)","background-image":"","background-repeat":"repeat","background-position":"center center","background-size":"auto","background-attachment":"scroll","background-type":"","background-media":"","overlay-type":"","overlay-color":"","overlay-opacity":"","overlay-gradient":""}},"footnotes":""},"class_list":["post-9369","page","type-page","status-publish","hentry"],"acf":[],"yoast_head":"<!-- This site is optimized with the Yoast SEO Premium plugin v27.1 (Yoast SEO v27.1.1) - https:\/\/yoast.com\/product\/yoast-seo-premium-wordpress\/ -->\n<title>Borax Potenciador Detergente - Alquera.com<\/title>\n<meta name=\"robots\" content=\"index, follow, max-snippet:-1, max-image-preview:large, max-video-preview:-1\" \/>\n<link rel=\"canonical\" href=\"https:\/\/www.alquera.com\/de\/borax\/potenciador-detergente\/\" \/>\n<meta property=\"og:locale\" content=\"de_DE\" \/>\n<meta property=\"og:type\" content=\"article\" \/>\n<meta property=\"og:title\" content=\"Borax Potenciador Detergente\" \/>\n<meta property=\"og:description\" content=\"El borax es un producto qu\u00edmico, que se presenta en forma de polvo blanco, que entre alguna de sus caracter\u00edsticas est\u00e1 la de potenciar el efecto del detergente de lavadora. S\u00f3lo hace falta a\u00f1adir media taza de borax como detergente a la carga de tu lavadora habitual, para conseguir los efectos que te contamos a [&hellip;]\" \/>\n<meta property=\"og:url\" content=\"https:\/\/www.alquera.com\/de\/borax\/potenciador-detergente\/\" \/>\n<meta property=\"og:site_name\" content=\"Alquera.com\" \/>\n<meta property=\"article:publisher\" content=\"https:\/\/www.facebook.com\/alqueraciencia\" \/>\n<meta property=\"article:modified_time\" content=\"2021-09-12T13:49:37+00:00\" \/>\n<meta property=\"og:image\" content=\"https:\/\/www.alquera.com\/wp-content\/uploads\/2020\/12\/borax-ropa-blanca-300x156.jpg\" \/>\n<meta name=\"twitter:card\" content=\"summary_large_image\" \/>\n<meta name=\"twitter:label1\" content=\"Gesch\u00e4tzte Lesezeit\" \/>\n\t<meta name=\"twitter:data1\" content=\"2\u00a0Minuten\" \/>\n<script type=\"application\/ld+json\" class=\"yoast-schema-graph\">{\"@context\":\"https:\/\/schema.org\",\"@graph\":[{\"@type\":\"WebPage\",\"@id\":\"https:\/\/www.alquera.com\/borax\/potenciador-detergente\/\",\"url\":\"https:\/\/www.alquera.com\/borax\/potenciador-detergente\/\",\"name\":\"Borax Potenciador Detergente - Alquera.com\",\"isPartOf\":{\"@id\":\"https:\/\/www.alquera.com\/en\/#website\"},\"primaryImageOfPage\":{\"@id\":\"https:\/\/www.alquera.com\/borax\/potenciador-detergente\/#primaryimage\"},\"image\":{\"@id\":\"https:\/\/www.alquera.com\/borax\/potenciador-detergente\/#primaryimage\"},\"thumbnailUrl\":\"https:\/\/www.alquera.com\/wp-content\/uploads\/2020\/12\/borax-ropa-blanca-300x156.jpg\",\"datePublished\":\"2020-10-14T15:40:18+00:00\",\"dateModified\":\"2021-09-12T13:49:37+00:00\",\"breadcrumb\":{\"@id\":\"https:\/\/www.alquera.com\/borax\/potenciador-detergente\/#breadcrumb\"},\"inLanguage\":\"de\",\"potentialAction\":[{\"@type\":\"ReadAction\",\"target\":[\"https:\/\/www.alquera.com\/borax\/potenciador-detergente\/\"]}]},{\"@type\":\"ImageObject\",\"inLanguage\":\"de\",\"@id\":\"https:\/\/www.alquera.com\/borax\/potenciador-detergente\/#primaryimage\",\"url\":\"https:\/\/www.alquera.com\/wp-content\/uploads\/2020\/12\/borax-ropa-blanca-300x156.jpg\",\"contentUrl\":\"https:\/\/www.alquera.com\/wp-content\/uploads\/2020\/12\/borax-ropa-blanca-300x156.jpg\"},{\"@type\":\"BreadcrumbList\",\"@id\":\"https:\/\/www.alquera.com\/borax\/potenciador-detergente\/#breadcrumb\",\"itemListElement\":[{\"@type\":\"ListItem\",\"position\":1,\"name\":\"Inicio\",\"item\":\"https:\/\/www.alquera.com\/\"},{\"@type\":\"ListItem\",\"position\":2,\"name\":\"Borax\",\"item\":\"https:\/\/www.alquera.com\/borax\/\"},{\"@type\":\"ListItem\",\"position\":3,\"name\":\"Borax Potenciador Detergente\"}]},{\"@type\":\"WebSite\",\"@id\":\"https:\/\/www.alquera.com\/en\/#website\",\"url\":\"https:\/\/www.alquera.com\/en\/\",\"name\":\"Alquera.com\",\"description\":\"Tienda Online Productos Qu\u00edmicos y Material de Laboratorio\",\"publisher\":{\"@id\":\"https:\/\/www.alquera.com\/en\/#organization\"},\"potentialAction\":[{\"@type\":\"SearchAction\",\"target\":{\"@type\":\"EntryPoint\",\"urlTemplate\":\"https:\/\/www.alquera.com\/en\/?s={search_term_string}\"},\"query-input\":{\"@type\":\"PropertyValueSpecification\",\"valueRequired\":true,\"valueName\":\"search_term_string\"}}],\"inLanguage\":\"de\"},{\"@type\":\"Organization\",\"@id\":\"https:\/\/www.alquera.com\/en\/#organization\",\"name\":\"ALQUERA CIENCIA SL\",\"url\":\"https:\/\/www.alquera.com\/en\/\",\"logo\":{\"@type\":\"ImageObject\",\"inLanguage\":\"de\",\"@id\":\"https:\/\/www.alquera.com\/en\/#\/schema\/logo\/image\/\",\"url\":\"https:\/\/www.alquera.com\/wp-content\/uploads\/2020\/11\/logo_300_ancho.png\",\"contentUrl\":\"https:\/\/www.alquera.com\/wp-content\/uploads\/2020\/11\/logo_300_ancho.png\",\"width\":300,\"height\":86,\"caption\":\"ALQUERA CIENCIA SL\"},\"image\":{\"@id\":\"https:\/\/www.alquera.com\/en\/#\/schema\/logo\/image\/\"},\"sameAs\":[\"https:\/\/www.facebook.com\/alqueraciencia\",\"https:\/\/www.instagram.com\/alquera_ciencia\/\",\"https:\/\/www.youtube.com\/c\/alquera\"]}]}<\/script>\n<!-- \/ Yoast SEO Premium plugin. -->","yoast_head_json":{"title":"Borax Potentiator Waschmittel - Alquera.de","robots":{"index":"index","follow":"follow","max-snippet":"max-snippet:-1","max-image-preview":"max-image-preview:large","max-video-preview":"max-video-preview:-1"},"canonical":"https:\/\/www.alquera.com\/de\/borax\/potenciador-detergente\/","og_locale":"de_DE","og_type":"article","og_title":"Borax Potenciador Detergente","og_description":"El borax es un producto qu\u00edmico, que se presenta en forma de polvo blanco, que entre alguna de sus caracter\u00edsticas est\u00e1 la de potenciar el efecto del detergente de lavadora. S\u00f3lo hace falta a\u00f1adir media taza de borax como detergente a la carga de tu lavadora habitual, para conseguir los efectos que te contamos a [&hellip;]","og_url":"https:\/\/www.alquera.com\/de\/borax\/potenciador-detergente\/","og_site_name":"Alquera.com","article_publisher":"https:\/\/www.facebook.com\/alqueraciencia","article_modified_time":"2021-09-12T13:49:37+00:00","og_image":[{"url":"https:\/\/www.alquera.com\/wp-content\/uploads\/2020\/12\/borax-ropa-blanca-300x156.jpg","type":"","width":"","height":""}],"twitter_card":"summary_large_image","twitter_misc":{"Gesch\u00e4tzte Lesezeit":"2\u00a0Minuten"},"schema":{"@context":"https:\/\/schema.org","@graph":[{"@type":"WebPage","@id":"https:\/\/www.alquera.com\/borax\/potenciador-detergente\/","url":"https:\/\/www.alquera.com\/borax\/potenciador-detergente\/","name":"Borax Potentiator Waschmittel - Alquera.de","isPartOf":{"@id":"https:\/\/www.alquera.com\/en\/#website"},"primaryImageOfPage":{"@id":"https:\/\/www.alquera.com\/borax\/potenciador-detergente\/#primaryimage"},"image":{"@id":"https:\/\/www.alquera.com\/borax\/potenciador-detergente\/#primaryimage"},"thumbnailUrl":"https:\/\/www.alquera.com\/wp-content\/uploads\/2020\/12\/borax-ropa-blanca-300x156.jpg","datePublished":"2020-10-14T15:40:18+00:00","dateModified":"2021-09-12T13:49:37+00:00","breadcrumb":{"@id":"https:\/\/www.alquera.com\/borax\/potenciador-detergente\/#breadcrumb"},"inLanguage":"de","potentialAction":[{"@type":"ReadAction","target":["https:\/\/www.alquera.com\/borax\/potenciador-detergente\/"]}]},{"@type":"ImageObject","inLanguage":"de","@id":"https:\/\/www.alquera.com\/borax\/potenciador-detergente\/#primaryimage","url":"https:\/\/www.alquera.com\/wp-content\/uploads\/2020\/12\/borax-ropa-blanca-300x156.jpg","contentUrl":"https:\/\/www.alquera.com\/wp-content\/uploads\/2020\/12\/borax-ropa-blanca-300x156.jpg"},{"@type":"BreadcrumbList","@id":"https:\/\/www.alquera.com\/borax\/potenciador-detergente\/#breadcrumb","itemListElement":[{"@type":"ListItem","position":1,"name":"Inicio","item":"https:\/\/www.alquera.com\/"},{"@type":"ListItem","position":2,"name":"Borax","item":"https:\/\/www.alquera.com\/borax\/"},{"@type":"ListItem","position":3,"name":"Borax Potenciador Detergente"}]},{"@type":"WebSite","@id":"https:\/\/www.alquera.com\/en\/#website","url":"https:\/\/www.alquera.com\/en\/","name":"Alquera.com","description":"Online Shop Chemische Produkte und Laborger\u00e4te","publisher":{"@id":"https:\/\/www.alquera.com\/en\/#organization"},"potentialAction":[{"@type":"SearchAction","target":{"@type":"EntryPoint","urlTemplate":"https:\/\/www.alquera.com\/en\/?s={search_term_string}"},"query-input":{"@type":"PropertyValueSpecification","valueRequired":true,"valueName":"search_term_string"}}],"inLanguage":"de"},{"@type":"Organization","@id":"https:\/\/www.alquera.com\/en\/#organization","name":"ALQUERA CIENCIA SL","url":"https:\/\/www.alquera.com\/en\/","logo":{"@type":"ImageObject","inLanguage":"de","@id":"https:\/\/www.alquera.com\/en\/#\/schema\/logo\/image\/","url":"https:\/\/www.alquera.com\/wp-content\/uploads\/2020\/11\/logo_300_ancho.png","contentUrl":"https:\/\/www.alquera.com\/wp-content\/uploads\/2020\/11\/logo_300_ancho.png","width":300,"height":86,"caption":"ALQUERA CIENCIA SL"},"image":{"@id":"https:\/\/www.alquera.com\/en\/#\/schema\/logo\/image\/"},"sameAs":["https:\/\/www.facebook.com\/alqueraciencia","https:\/\/www.instagram.com\/alquera_ciencia\/","https:\/\/www.youtube.com\/c\/alquera"]}]}},"_links":{"self":[{"href":"https:\/\/www.alquera.com\/de\/wp-json\/wp\/v2\/pages\/9369","targetHints":{"allow":["GET"]}}],"collection":[{"href":"https:\/\/www.alquera.com\/de\/wp-json\/wp\/v2\/pages"}],"about":[{"href":"https:\/\/www.alquera.com\/de\/wp-json\/wp\/v2\/types\/page"}],"author":[{"embeddable":true,"href":"https:\/\/www.alquera.com\/de\/wp-json\/wp\/v2\/users\/1"}],"replies":[{"embeddable":true,"href":"https:\/\/www.alquera.com\/de\/wp-json\/wp\/v2\/comments?post=9369"}],"version-history":[{"count":5,"href":"https:\/\/www.alquera.com\/de\/wp-json\/wp\/v2\/pages\/9369\/revisions"}],"predecessor-version":[{"id":33182,"href":"https:\/\/www.alquera.com\/de\/wp-json\/wp\/v2\/pages\/9369\/revisions\/33182"}],"up":[{"embeddable":true,"href":"https:\/\/www.alquera.com\/de\/wp-json\/wp\/v2\/pages\/32600"}],"wp:attachment":[{"href":"https:\/\/www.alquera.com\/de\/wp-json\/wp\/v2\/media?parent=9369"}],"curies":[{"name":"wp","href":"https:\/\/api.w.org\/{rel}","templated":true}]}}