{"id":9383,"date":"2020-10-14T16:50:59","date_gmt":"2020-10-14T16:50:59","guid":{"rendered":"http:\/\/localhost\/alquera\/?page_id=9383"},"modified":"2021-09-12T13:47:51","modified_gmt":"2021-09-12T13:47:51","slug":"insecticida","status":"publish","type":"page","link":"https:\/\/www.alquera.com\/de\/borax\/insecticida\/","title":{"rendered":"Borax als Insektizid"},"content":{"rendered":"<p>Manchmal ist es m\u00f6glich, Borax als Insektizid zu verwenden, um Schaben und Insekten zu beseitigen. Borax ist ein chemisches Produkt in Form eines wei\u00dfen Pulvers, dessen Bestandteile Bor, Natrium und Sauerstoff sind. Borax wird in vielen Bereichen im Haushalt verwendet, insbesondere bei der Reinigung und Geruchsbeseitigung, und wird auch h\u00e4ufig zum L\u00f6ten von Silber verwendet.<\/p>\n<h2>Warum ist Borax als Insektizid g\u00fcltig?<\/h2>\n<p>Borax als solches ist nicht das beste Insektizid. Aber wenn Sie Borax bereits zu Hause haben oder es kaufen m\u00f6chten, um es zum Reinigen, Desodorieren usw. zu verwenden, kann es auch als Insektizid eingesetzt werden.  Wenn Sie Borax mit Zitronensaft (oder Zitronens\u00e4ure) mischen, entsteht eine neue Verbindung, n\u00e4mlich Bors\u00e4ure.  Die chemische Formel von Bors\u00e4ure lautet H<sub>3<\/sub>BO<sub>3<\/sub>\u00a0und von Borax ist Na<sub>2<\/sub>B<sub>4<\/sub>O<sub>7<\/sub>-10H<sub>2<\/sub>O. Die <a href=\"https:\/\/www.alquera.com\/de\/acido-borico\/\">Bors\u00e4ure<\/a> ist eines der wirksamsten Produkte gegen Kakerlaken und Ameisen.<\/p>\n<p><img loading=\"lazy\" decoding=\"async\" class=\"size-medium wp-image-32327 aligncenter\" src=\"https:\/\/www.alquera.com\/wp-content\/uploads\/2020\/12\/borax-1kg-300x300.jpg\" alt=\"borax\" width=\"300\" height=\"300\" srcset=\"https:\/\/www.alquera.com\/wp-content\/uploads\/2020\/12\/borax-1kg-300x300.jpg 300w, https:\/\/www.alquera.com\/wp-content\/uploads\/2020\/12\/borax-1kg-150x150.jpg 150w, https:\/\/www.alquera.com\/wp-content\/uploads\/2020\/12\/borax-1kg-100x100.jpg 100w, https:\/\/www.alquera.com\/wp-content\/uploads\/2020\/12\/borax-1kg.jpg 458w\" sizes=\"auto, (max-width: 300px) 100vw, 300px\" \/><\/p>\n<p>Borax und Bors\u00e4ure sehen beide gleich aus, in Form eines wei\u00dfen Pulvers, und werden oft verwechselt. Sie sind nicht dasselbe Produkt.<\/p>\n<h2>Wie man Borax verwendet, um Kakerlaken und Ameisen loszuwerden<\/h2>\n<p>Wie im vorigen Abschnitt erw\u00e4hnt, ist Borax an sich kein Insektizid, aber wenn wir es mit Zitronens\u00e4ure mischen, zerfallen die Boraxpartikel in Bors\u00e4ure, die ein bekanntes Mittel zur Beseitigung von Schaben und Ameisen ist.<\/p>\n<p>Als erstes muss eine Paste aus Borax und Zitronensaft hergestellt werden (1 Glas Borax mit 1\/4 Zitronensaft).<\/p>\n<p>Anschlie\u00dfend haben Sie mehrere M\u00f6glichkeiten, diese Paste an gef\u00e4hrdeten Stellen in Ihrer Wohnung aufzutragen, an denen Schaben und Ameisen auftreten k\u00f6nnen. Da durch die Zugabe von Zitrone das Borax in Bors\u00e4ure umgewandelt wird (zumindest ein Teil davon), gibt es mehrere M\u00f6glichkeiten, es anzuwenden und die gef\u00fcrchteten Insekten in Ihrem Haus zu beseitigen: <a href=\"https:\/\/www.alquera.com\/de\/acido-borico\/cucarachas\/\">wie man Kakerlaken und Ameisen loswird<\/a><\/p>\n<h3 class=\"widget-title\">Kaufen <\/h3><div><div class=\"woocommerce\"><ul class=\"products columns-4\">\n<li class=\"desktop-align-left tablet-align-left mobile-align-left ast-product-gallery-layout-horizontal-slider ast-magnify-disabled ast-product-single-variable ast-product-tabs-layout-horizontal ast-qv-on-image product type-product post-495 status-publish first instock product_cat-productos-experimentos product_cat-productos has-post-thumbnail taxable shipping-taxable purchasable product-type-variable has-default-attributes\">\n\t<a href=\"https:\/\/www.alquera.com\/de\/permanganato-de-potasio\/\" class=\"woocommerce-LoopProduct-link woocommerce-loop-product__link\"><img loading=\"lazy\" decoding=\"async\" width=\"300\" height=\"300\" src=\"https:\/\/www.alquera.com\/wp-content\/uploads\/2016\/01\/permanganato-200g-foto-nueva-300x300.png\" class=\"attachment-woocommerce_thumbnail size-woocommerce_thumbnail\" alt=\"permanganato 200g\" srcset=\"https:\/\/www.alquera.com\/wp-content\/uploads\/2016\/01\/permanganato-200g-foto-nueva-300x300.png 300w, https:\/\/www.alquera.com\/wp-content\/uploads\/2016\/01\/permanganato-200g-foto-nueva-150x150.png 150w, https:\/\/www.alquera.com\/wp-content\/uploads\/2016\/01\/permanganato-200g-foto-nueva-12x12.png 12w, https:\/\/www.alquera.com\/wp-content\/uploads\/2016\/01\/permanganato-200g-foto-nueva-100x100.png 100w\" sizes=\"auto, (max-width: 300px) 100vw, 300px\" \/><h2 class=\"woocommerce-loop-product__title\">Kaliumpermanganat<\/h2><div class=\"review-rating\"><div class=\"star-rating\"><span style=\"width:100%\" data-no-translation=\"\" data-trp-gettext=\"\">Bewertet mit <strong class=\"rating\">5.00<\/strong> von 5<\/span><\/div><\/div>\n<\/a><a href=\"https:\/\/www.alquera.com\/de\/permanganato-de-potasio\/\" aria-describedby=\"woocommerce_loop_add_to_cart_link_describedby_495\" data-quantity=\"1\" class=\"button product_type_variable add_to_cart_button\" data-product_id=\"495\" data-product_sku=\"AL100111\" aria-label=\"W\u00e4hle Optionen f\u00fcr \u201ePermanganato de Potasio\u201c\" rel=\"nofollow\" data-no-translation=\"\" data-trp-gettext=\"\" data-no-translation-aria-label=\"\">Ausf\u00fchrung w\u00e4hlen<\/a>\t<span id=\"woocommerce_loop_add_to_cart_link_describedby_495\" class=\"screen-reader-text\">\n\t\tDieses Produkt weist mehrere Varianten auf. Die Optionen k\u00f6nnen auf der Produktseite gew\u00e4hlt werden\t<\/span>\n<\/li>\n<\/ul>\n<\/div><\/div>\n<p class=\"widget-title\">Mehr lesen<\/p><a href=\"https:\/\/www.alquera.com\/de\/borax\/\">Borax<\/a>\n<!-- Page-list plugin v.5.9 wordpress.org\/plugins\/page-list\/ -->\n<ul class=\"page-list siblings-page-list\">\n<li class=\"page_item page-item-9383 menu-item\"><a href=\"https:\/\/www.alquera.com\/de\/borax\/insecticida\/\" class=\"menu-link\">Borax als Insektizid<\/a><\/li>\n<li class=\"page_item page-item-9369 menu-item\"><a href=\"https:\/\/www.alquera.com\/de\/borax\/potenciador-detergente\/\" class=\"menu-link\">Borax Booster Waschmittel<\/a><\/li>\n<li class=\"page_item page-item-9380 menu-item\"><a href=\"https:\/\/www.alquera.com\/de\/borax\/soldar-plata\/\" class=\"menu-link\">Borax L\u00f6tzinn Silber<\/a><\/li>\n<li class=\"page_item page-item-9360 menu-item\"><a href=\"https:\/\/www.alquera.com\/de\/borax\/usos-borax\/\" class=\"menu-link\">Verwendungen von Borax<\/a><\/li>\n\n<\/ul>","protected":false},"excerpt":{"rendered":"<p>En ocasiones es posible utilizar el borax como insectida, para eliminaci\u00f3n de cucarachas e insectos. El borax es un producto qu\u00edmico que se presenta en forma de polvo blanco, cuyos componentes son boro, sodio y ox\u00edgeno. El borax se utiliza en muchos campos en el hogar, especialmente en la limpieza, eliminaci\u00f3n de olores, y tambi\u00e9n [&hellip;]<\/p>\n","protected":false},"author":1,"featured_media":0,"parent":32600,"menu_order":0,"comment_status":"open","ping_status":"closed","template":"","meta":{"_acf_changed":false,"site-sidebar-layout":"default","site-content-layout":"","ast-site-content-layout":"default","site-content-style":"default","site-sidebar-style":"default","ast-global-header-display":"","ast-banner-title-visibility":"","ast-main-header-display":"","ast-hfb-above-header-display":"","ast-hfb-below-header-display":"","ast-hfb-mobile-header-display":"","site-post-title":"","ast-breadcrumbs-content":"","ast-featured-img":"","footer-sml-layout":"","ast-disable-related-posts":"","theme-transparent-header-meta":"","adv-header-id-meta":"","stick-header-meta":"","header-above-stick-meta":"","header-main-stick-meta":"","header-below-stick-meta":"","astra-migrate-meta-layouts":"default","ast-page-background-enabled":"default","ast-page-background-meta":{"desktop":{"background-color":"var(--ast-global-color-4)","background-image":"","background-repeat":"repeat","background-position":"center center","background-size":"auto","background-attachment":"scroll","background-type":"","background-media":"","overlay-type":"","overlay-color":"","overlay-opacity":"","overlay-gradient":""},"tablet":{"background-color":"","background-image":"","background-repeat":"repeat","background-position":"center center","background-size":"auto","background-attachment":"scroll","background-type":"","background-media":"","overlay-type":"","overlay-color":"","overlay-opacity":"","overlay-gradient":""},"mobile":{"background-color":"","background-image":"","background-repeat":"repeat","background-position":"center center","background-size":"auto","background-attachment":"scroll","background-type":"","background-media":"","overlay-type":"","overlay-color":"","overlay-opacity":"","overlay-gradient":""}},"ast-content-background-meta":{"desktop":{"background-color":"var(--ast-global-color-5)","background-image":"","background-repeat":"repeat","background-position":"center center","background-size":"auto","background-attachment":"scroll","background-type":"","background-media":"","overlay-type":"","overlay-color":"","overlay-opacity":"","overlay-gradient":""},"tablet":{"background-color":"var(--ast-global-color-5)","background-image":"","background-repeat":"repeat","background-position":"center center","background-size":"auto","background-attachment":"scroll","background-type":"","background-media":"","overlay-type":"","overlay-color":"","overlay-opacity":"","overlay-gradient":""},"mobile":{"background-color":"var(--ast-global-color-5)","background-image":"","background-repeat":"repeat","background-position":"center center","background-size":"auto","background-attachment":"scroll","background-type":"","background-media":"","overlay-type":"","overlay-color":"","overlay-opacity":"","overlay-gradient":""}},"footnotes":""},"class_list":["post-9383","page","type-page","status-publish","hentry"],"acf":[],"yoast_head":"<!-- This site is optimized with the Yoast SEO Premium plugin v27.1 (Yoast SEO v27.1.1) - https:\/\/yoast.com\/product\/yoast-seo-premium-wordpress\/ -->\n<title>Borax como Insecticida - Alquera.com<\/title>\n<meta name=\"robots\" content=\"index, follow, max-snippet:-1, max-image-preview:large, max-video-preview:-1\" \/>\n<link rel=\"canonical\" href=\"https:\/\/www.alquera.com\/de\/borax\/insecticida\/\" \/>\n<meta property=\"og:locale\" content=\"de_DE\" \/>\n<meta property=\"og:type\" content=\"article\" \/>\n<meta property=\"og:title\" content=\"Borax como Insecticida\" \/>\n<meta property=\"og:description\" content=\"En ocasiones es posible utilizar el borax como insectida, para eliminaci\u00f3n de cucarachas e insectos. El borax es un producto qu\u00edmico que se presenta en forma de polvo blanco, cuyos componentes son boro, sodio y ox\u00edgeno. El borax se utiliza en muchos campos en el hogar, especialmente en la limpieza, eliminaci\u00f3n de olores, y tambi\u00e9n [&hellip;]\" \/>\n<meta property=\"og:url\" content=\"https:\/\/www.alquera.com\/de\/borax\/insecticida\/\" \/>\n<meta property=\"og:site_name\" content=\"Alquera.com\" \/>\n<meta property=\"article:publisher\" content=\"https:\/\/www.facebook.com\/alqueraciencia\" \/>\n<meta property=\"article:modified_time\" content=\"2021-09-12T13:47:51+00:00\" \/>\n<meta property=\"og:image\" content=\"https:\/\/www.alquera.com\/wp-content\/uploads\/2020\/12\/borax-1kg-300x300.jpg\" \/>\n<meta name=\"twitter:card\" content=\"summary_large_image\" \/>\n<meta name=\"twitter:label1\" content=\"Gesch\u00e4tzte Lesezeit\" \/>\n\t<meta name=\"twitter:data1\" content=\"2\u00a0Minuten\" \/>\n<script type=\"application\/ld+json\" class=\"yoast-schema-graph\">{\"@context\":\"https:\/\/schema.org\",\"@graph\":[{\"@type\":\"WebPage\",\"@id\":\"https:\/\/www.alquera.com\/borax\/insecticida\/\",\"url\":\"https:\/\/www.alquera.com\/borax\/insecticida\/\",\"name\":\"Borax como Insecticida - Alquera.com\",\"isPartOf\":{\"@id\":\"https:\/\/www.alquera.com\/en\/#website\"},\"primaryImageOfPage\":{\"@id\":\"https:\/\/www.alquera.com\/borax\/insecticida\/#primaryimage\"},\"image\":{\"@id\":\"https:\/\/www.alquera.com\/borax\/insecticida\/#primaryimage\"},\"thumbnailUrl\":\"https:\/\/www.alquera.com\/wp-content\/uploads\/2020\/12\/borax-1kg-300x300.jpg\",\"datePublished\":\"2020-10-14T16:50:59+00:00\",\"dateModified\":\"2021-09-12T13:47:51+00:00\",\"breadcrumb\":{\"@id\":\"https:\/\/www.alquera.com\/borax\/insecticida\/#breadcrumb\"},\"inLanguage\":\"de\",\"potentialAction\":[{\"@type\":\"ReadAction\",\"target\":[\"https:\/\/www.alquera.com\/borax\/insecticida\/\"]}]},{\"@type\":\"ImageObject\",\"inLanguage\":\"de\",\"@id\":\"https:\/\/www.alquera.com\/borax\/insecticida\/#primaryimage\",\"url\":\"https:\/\/www.alquera.com\/wp-content\/uploads\/2020\/12\/borax-1kg-300x300.jpg\",\"contentUrl\":\"https:\/\/www.alquera.com\/wp-content\/uploads\/2020\/12\/borax-1kg-300x300.jpg\"},{\"@type\":\"BreadcrumbList\",\"@id\":\"https:\/\/www.alquera.com\/borax\/insecticida\/#breadcrumb\",\"itemListElement\":[{\"@type\":\"ListItem\",\"position\":1,\"name\":\"Inicio\",\"item\":\"https:\/\/www.alquera.com\/\"},{\"@type\":\"ListItem\",\"position\":2,\"name\":\"Borax\",\"item\":\"https:\/\/www.alquera.com\/borax\/\"},{\"@type\":\"ListItem\",\"position\":3,\"name\":\"Borax como Insecticida\"}]},{\"@type\":\"WebSite\",\"@id\":\"https:\/\/www.alquera.com\/en\/#website\",\"url\":\"https:\/\/www.alquera.com\/en\/\",\"name\":\"Alquera.com\",\"description\":\"Tienda Online Productos Qu\u00edmicos y Material de Laboratorio\",\"publisher\":{\"@id\":\"https:\/\/www.alquera.com\/en\/#organization\"},\"potentialAction\":[{\"@type\":\"SearchAction\",\"target\":{\"@type\":\"EntryPoint\",\"urlTemplate\":\"https:\/\/www.alquera.com\/en\/?s={search_term_string}\"},\"query-input\":{\"@type\":\"PropertyValueSpecification\",\"valueRequired\":true,\"valueName\":\"search_term_string\"}}],\"inLanguage\":\"de\"},{\"@type\":\"Organization\",\"@id\":\"https:\/\/www.alquera.com\/en\/#organization\",\"name\":\"ALQUERA CIENCIA SL\",\"url\":\"https:\/\/www.alquera.com\/en\/\",\"logo\":{\"@type\":\"ImageObject\",\"inLanguage\":\"de\",\"@id\":\"https:\/\/www.alquera.com\/en\/#\/schema\/logo\/image\/\",\"url\":\"https:\/\/www.alquera.com\/wp-content\/uploads\/2020\/11\/logo_300_ancho.png\",\"contentUrl\":\"https:\/\/www.alquera.com\/wp-content\/uploads\/2020\/11\/logo_300_ancho.png\",\"width\":300,\"height\":86,\"caption\":\"ALQUERA CIENCIA SL\"},\"image\":{\"@id\":\"https:\/\/www.alquera.com\/en\/#\/schema\/logo\/image\/\"},\"sameAs\":[\"https:\/\/www.facebook.com\/alqueraciencia\",\"https:\/\/www.instagram.com\/alquera_ciencia\/\",\"https:\/\/www.youtube.com\/c\/alquera\"]}]}<\/script>\n<!-- \/ Yoast SEO Premium plugin. -->","yoast_head_json":{"title":"Borax als Insektizid - Alquera.com","robots":{"index":"index","follow":"follow","max-snippet":"max-snippet:-1","max-image-preview":"max-image-preview:large","max-video-preview":"max-video-preview:-1"},"canonical":"https:\/\/www.alquera.com\/de\/borax\/insecticida\/","og_locale":"de_DE","og_type":"article","og_title":"Borax como Insecticida","og_description":"En ocasiones es posible utilizar el borax como insectida, para eliminaci\u00f3n de cucarachas e insectos. El borax es un producto qu\u00edmico que se presenta en forma de polvo blanco, cuyos componentes son boro, sodio y ox\u00edgeno. El borax se utiliza en muchos campos en el hogar, especialmente en la limpieza, eliminaci\u00f3n de olores, y tambi\u00e9n [&hellip;]","og_url":"https:\/\/www.alquera.com\/de\/borax\/insecticida\/","og_site_name":"Alquera.com","article_publisher":"https:\/\/www.facebook.com\/alqueraciencia","article_modified_time":"2021-09-12T13:47:51+00:00","og_image":[{"url":"https:\/\/www.alquera.com\/wp-content\/uploads\/2020\/12\/borax-1kg-300x300.jpg","type":"","width":"","height":""}],"twitter_card":"summary_large_image","twitter_misc":{"Gesch\u00e4tzte Lesezeit":"2\u00a0Minuten"},"schema":{"@context":"https:\/\/schema.org","@graph":[{"@type":"WebPage","@id":"https:\/\/www.alquera.com\/borax\/insecticida\/","url":"https:\/\/www.alquera.com\/borax\/insecticida\/","name":"Borax als Insektizid - Alquera.com","isPartOf":{"@id":"https:\/\/www.alquera.com\/en\/#website"},"primaryImageOfPage":{"@id":"https:\/\/www.alquera.com\/borax\/insecticida\/#primaryimage"},"image":{"@id":"https:\/\/www.alquera.com\/borax\/insecticida\/#primaryimage"},"thumbnailUrl":"https:\/\/www.alquera.com\/wp-content\/uploads\/2020\/12\/borax-1kg-300x300.jpg","datePublished":"2020-10-14T16:50:59+00:00","dateModified":"2021-09-12T13:47:51+00:00","breadcrumb":{"@id":"https:\/\/www.alquera.com\/borax\/insecticida\/#breadcrumb"},"inLanguage":"de","potentialAction":[{"@type":"ReadAction","target":["https:\/\/www.alquera.com\/borax\/insecticida\/"]}]},{"@type":"ImageObject","inLanguage":"de","@id":"https:\/\/www.alquera.com\/borax\/insecticida\/#primaryimage","url":"https:\/\/www.alquera.com\/wp-content\/uploads\/2020\/12\/borax-1kg-300x300.jpg","contentUrl":"https:\/\/www.alquera.com\/wp-content\/uploads\/2020\/12\/borax-1kg-300x300.jpg"},{"@type":"BreadcrumbList","@id":"https:\/\/www.alquera.com\/borax\/insecticida\/#breadcrumb","itemListElement":[{"@type":"ListItem","position":1,"name":"Inicio","item":"https:\/\/www.alquera.com\/"},{"@type":"ListItem","position":2,"name":"Borax","item":"https:\/\/www.alquera.com\/borax\/"},{"@type":"ListItem","position":3,"name":"Borax como Insecticida"}]},{"@type":"WebSite","@id":"https:\/\/www.alquera.com\/en\/#website","url":"https:\/\/www.alquera.com\/en\/","name":"Alquera.com","description":"Online Shop Chemische Produkte und Laborger\u00e4te","publisher":{"@id":"https:\/\/www.alquera.com\/en\/#organization"},"potentialAction":[{"@type":"SearchAction","target":{"@type":"EntryPoint","urlTemplate":"https:\/\/www.alquera.com\/en\/?s={search_term_string}"},"query-input":{"@type":"PropertyValueSpecification","valueRequired":true,"valueName":"search_term_string"}}],"inLanguage":"de"},{"@type":"Organization","@id":"https:\/\/www.alquera.com\/en\/#organization","name":"ALQUERA CIENCIA SL","url":"https:\/\/www.alquera.com\/en\/","logo":{"@type":"ImageObject","inLanguage":"de","@id":"https:\/\/www.alquera.com\/en\/#\/schema\/logo\/image\/","url":"https:\/\/www.alquera.com\/wp-content\/uploads\/2020\/11\/logo_300_ancho.png","contentUrl":"https:\/\/www.alquera.com\/wp-content\/uploads\/2020\/11\/logo_300_ancho.png","width":300,"height":86,"caption":"ALQUERA CIENCIA SL"},"image":{"@id":"https:\/\/www.alquera.com\/en\/#\/schema\/logo\/image\/"},"sameAs":["https:\/\/www.facebook.com\/alqueraciencia","https:\/\/www.instagram.com\/alquera_ciencia\/","https:\/\/www.youtube.com\/c\/alquera"]}]}},"_links":{"self":[{"href":"https:\/\/www.alquera.com\/de\/wp-json\/wp\/v2\/pages\/9383","targetHints":{"allow":["GET"]}}],"collection":[{"href":"https:\/\/www.alquera.com\/de\/wp-json\/wp\/v2\/pages"}],"about":[{"href":"https:\/\/www.alquera.com\/de\/wp-json\/wp\/v2\/types\/page"}],"author":[{"embeddable":true,"href":"https:\/\/www.alquera.com\/de\/wp-json\/wp\/v2\/users\/1"}],"replies":[{"embeddable":true,"href":"https:\/\/www.alquera.com\/de\/wp-json\/wp\/v2\/comments?post=9383"}],"version-history":[{"count":7,"href":"https:\/\/www.alquera.com\/de\/wp-json\/wp\/v2\/pages\/9383\/revisions"}],"predecessor-version":[{"id":34960,"href":"https:\/\/www.alquera.com\/de\/wp-json\/wp\/v2\/pages\/9383\/revisions\/34960"}],"up":[{"embeddable":true,"href":"https:\/\/www.alquera.com\/de\/wp-json\/wp\/v2\/pages\/32600"}],"wp:attachment":[{"href":"https:\/\/www.alquera.com\/de\/wp-json\/wp\/v2\/media?parent=9383"}],"curies":[{"name":"wp","href":"https:\/\/api.w.org\/{rel}","templated":true}]}}