{"id":9391,"date":"2020-10-14T17:03:38","date_gmt":"2020-10-14T17:03:38","guid":{"rendered":"http:\/\/localhost\/alquera\/?page_id=9391"},"modified":"2023-09-18T10:24:59","modified_gmt":"2023-09-18T10:24:59","slug":"usos-acido-borico","status":"publish","type":"page","link":"https:\/\/www.alquera.com\/de\/acido-borico\/usos-acido-borico\/","title":{"rendered":"Verwendet Bors\u00e4ure"},"content":{"rendered":"<p>Die <a href=\"https:\/\/www.alquera.com\/de\/acido-borico\/\">Bors\u00e4ure<\/a> oder Trioxobors\u00e4ure, ist eine S\u00e4ure mit der chemischen Formel H<sub>3<\/sub>BO<sub>3.&nbsp;<\/sub>Sie ist eine vom Boratom abgeleitete Verbindung. Bors\u00e4ure kommt in der Natur in geringen Mengen und haupts\u00e4chlich in vulkanischen Gebieten vor. Sie kann auch aus anderen Mineralien wie Borax und Boracit durch chemische Prozesse gewonnen werden. Sie ist ein wei\u00dfes, kristallines Pulver, das im Meerwasser, in B\u00e4umen und Fr\u00fcchten vorkommt. Wir k\u00f6nnten uns die Frage stellen:&nbsp;<strong>Wof\u00fcr wird Bors\u00e4ure verwendet?<\/strong>&nbsp; Die wichtigsten Verwendungszwecke und Anwendungen von Bors\u00e4ure sind folgende<\/p>\n\n\n\n<figure class=\"wp-block-image size-large\"><img loading=\"lazy\" decoding=\"async\" width=\"300\" height=\"227\" src=\"https:\/\/www.alquera.com\/wp-content\/uploads\/2020\/11\/acido_borico-300x227-1.png\" alt=\"\" class=\"wp-image-10259\" srcset=\"https:\/\/www.alquera.com\/wp-content\/uploads\/2020\/11\/acido_borico-300x227-1.png 300w, https:\/\/www.alquera.com\/wp-content\/uploads\/2020\/11\/acido_borico-300x227-1-64x48.png 64w\" sizes=\"auto, (max-width: 300px) 100vw, 300px\" \/><\/figure>\n\n\n\n<h2 class=\"wp-block-heading\" id=\"h-principales-usos-y-aplicaciones-del-acido-borico\">Wichtigste Verwendungszwecke und Anwendungen von Bors\u00e4ure:<\/h2>\n\n\n\n<p><strong>Insektizid:<\/strong><\/p>\n\n\n\n<p>Als Insektizid ist es sehr wirksam bei der Sch\u00e4dlingsbek\u00e4mpfung im Haus, insbesondere in der K\u00fcche, um Schaben zu beseitigen.  Hier k\u00f6nnen Sie sehen&nbsp;<a href=\"https:\/\/www.alquera.com\/de\/acido-borico\/cucarachas\/\">wie man Kakerlaken mit Bors\u00e4ure loswird<\/a>. Ebenfalls verwendet wird die&nbsp;<a href=\"https:\/\/www.alquera.com\/de\/acido-borico\/termitas\/\">Bors\u00e4ure zur Bek\u00e4mpfung von Termiten<\/a>Ameisen, Fl\u00f6he usw. Bei der Lagerung in der Wohnung ist Vorsicht geboten, um Kinder und Haustiere zu sch\u00fctzen.<\/p>\n\n\n\n<p><strong>Industriell:<\/strong><\/p>\n\n\n\n<p>Die Industrie ist der Ort, an dem die&nbsp;<strong>Bors\u00e4ure<\/strong>hat die breiteste Anwendung, denn es wird haupts\u00e4chlich zur Herstellung von Glasfasern verwendet, einem Produkt, das bei der Herstellung einer Vielzahl von Produkten zum Einsatz kommt. Aufgrund seiner physikalisch-chemischen Eigenschaften wird es auch in Schmuck, Feuerl\u00f6schern, Schwei\u00dfger\u00e4ten, Dynamit, Reinigungsmitteln und Seifen, Keramik, Porzellan, in der Atomindustrie usw. verwendet.<\/p>\n\n\n\n<p><strong>Andere Anwendungen:<\/strong><\/p>\n\n\n\n<p>Bors\u00e4ure wird auch in anderen Bereichen eingesetzt, z. B. bei der Behandlung von Holz, um Sch\u00e4den durch Pilze und Insekten zu verhindern. Seine Kombination mit Mineral- und Pflanzen\u00f6len macht es zu einem hervorragenden Schmiermittel. In der metallurgischen Industrie wird es f\u00fcr Legierungen, Behandlung und H\u00e4rtung von Metallen wie Eisen, Stahl, Aluminium usw. verwendet. In der chemischen Industrie findet es zahlreiche Anwendungen, vor allem als pH-Regulator, da es als milde S\u00e4ure gilt. Es ist auch weit verbreitet in der Haushaltsreinigung, es ist sehr gut f\u00fcr Keramik und Fliesen, als Bleichmittel beim Waschen von Kleidung, und die Reinigung von K\u00fcchenzubeh\u00f6r.<\/p>\n\n\n\n<h2 class=\"wp-block-heading\" id=\"h-formula-quimica\">Chemische Formel<\/h2>\n\n\n\n<p>Die chemische Formel von Bors\u00e4ure lautet H<sub>3<\/sub>BO<sub>3<\/sub>. Seine CAS-Nummer ist 100043-35-3 und seine Dichte betr\u00e4gt 1,435 g\/cm.<sup>3<\/sup><\/p>\n\n\n\n<h2 class=\"wp-block-heading\" id=\"h-no-confundir-con-borax\">Nicht zu verwechseln mit Borax<\/h2>\n\n\n\n<p>Bors\u00e4ure wird oft mit Borax verwechselt. Obwohl es sich bei beiden um Verbindungen handelt, deren Hauptelement Bor ist, sollten sie nicht verwechselt werden. In diesem Abschnitt zeigen wir Ihnen einige Merkmale von&nbsp;<a href=\"https:\/\/www.alquera.com\/de\/borax\/\">Borax<\/a>.<\/p>","protected":false},"excerpt":{"rendered":"<p>El \u00e1cido b\u00f3rico o trioxob\u00f3rico, es un \u00e1cido cuya f\u00f3rmula qu\u00edmica es H3BO3.&nbsp;Es un compuesto derivado del&nbsp;\u00e1tomo&nbsp;de boro. El \u00e1cido borico encuentra en la naturaleza, en pocas cantidades y sobre todo en zonas volc\u00e1nicas. Tambi\u00e9n se puede obtener tambi\u00e9n de otros minerales, como el b\u00f3rax y la boracita, a trav\u00e9s de procesos qu\u00edmicos. Es un [&hellip;]<\/p>\n","protected":false},"author":1,"featured_media":0,"parent":32598,"menu_order":0,"comment_status":"open","ping_status":"closed","template":"","meta":{"_acf_changed":false,"site-sidebar-layout":"default","site-content-layout":"default","ast-site-content-layout":"default","site-content-style":"default","site-sidebar-style":"default","ast-global-header-display":"","ast-banner-title-visibility":"","ast-main-header-display":"","ast-hfb-above-header-display":"","ast-hfb-below-header-display":"","ast-hfb-mobile-header-display":"","site-post-title":"","ast-breadcrumbs-content":"","ast-featured-img":"","footer-sml-layout":"","ast-disable-related-posts":"","theme-transparent-header-meta":"default","adv-header-id-meta":"","stick-header-meta":"default","header-above-stick-meta":"","header-main-stick-meta":"","header-below-stick-meta":"","astra-migrate-meta-layouts":"default","ast-page-background-enabled":"default","ast-page-background-meta":{"desktop":{"background-color":"var(--ast-global-color-4)","background-image":"","background-repeat":"repeat","background-position":"center center","background-size":"auto","background-attachment":"scroll","background-type":"","background-media":"","overlay-type":"","overlay-color":"","overlay-opacity":"","overlay-gradient":""},"tablet":{"background-color":"","background-image":"","background-repeat":"repeat","background-position":"center center","background-size":"auto","background-attachment":"scroll","background-type":"","background-media":"","overlay-type":"","overlay-color":"","overlay-opacity":"","overlay-gradient":""},"mobile":{"background-color":"","background-image":"","background-repeat":"repeat","background-position":"center center","background-size":"auto","background-attachment":"scroll","background-type":"","background-media":"","overlay-type":"","overlay-color":"","overlay-opacity":"","overlay-gradient":""}},"ast-content-background-meta":{"desktop":{"background-color":"var(--ast-global-color-5)","background-image":"","background-repeat":"repeat","background-position":"center center","background-size":"auto","background-attachment":"scroll","background-type":"","background-media":"","overlay-type":"","overlay-color":"","overlay-opacity":"","overlay-gradient":""},"tablet":{"background-color":"var(--ast-global-color-5)","background-image":"","background-repeat":"repeat","background-position":"center center","background-size":"auto","background-attachment":"scroll","background-type":"","background-media":"","overlay-type":"","overlay-color":"","overlay-opacity":"","overlay-gradient":""},"mobile":{"background-color":"var(--ast-global-color-5)","background-image":"","background-repeat":"repeat","background-position":"center center","background-size":"auto","background-attachment":"scroll","background-type":"","background-media":"","overlay-type":"","overlay-color":"","overlay-opacity":"","overlay-gradient":""}},"footnotes":""},"class_list":["post-9391","page","type-page","status-publish","hentry"],"acf":[],"yoast_head":"<!-- This site is optimized with the Yoast SEO Premium plugin v27.1 (Yoast SEO v27.1.1) - https:\/\/yoast.com\/product\/yoast-seo-premium-wordpress\/ -->\n<title>Usos \u00c1cido B\u00f3rico - Alquera.com<\/title>\n<meta name=\"description\" content=\"El \u00e1cido b\u00f3rico es un producto qu\u00edmico con muchas aplicaciones a nivel industrial y dom\u00e9stico. Ver usos y propiedades\" \/>\n<meta name=\"robots\" content=\"index, follow, max-snippet:-1, max-image-preview:large, max-video-preview:-1\" \/>\n<link rel=\"canonical\" href=\"https:\/\/www.alquera.com\/de\/acido-borico\/usos-acido-borico\/\" \/>\n<meta property=\"og:locale\" content=\"de_DE\" \/>\n<meta property=\"og:type\" content=\"article\" \/>\n<meta property=\"og:title\" content=\"Usos \u00c1cido B\u00f3rico\" \/>\n<meta property=\"og:description\" content=\"El \u00e1cido b\u00f3rico es un producto qu\u00edmico con muchas aplicaciones a nivel industrial y dom\u00e9stico. Ver usos y propiedades\" \/>\n<meta property=\"og:url\" content=\"https:\/\/www.alquera.com\/de\/acido-borico\/usos-acido-borico\/\" \/>\n<meta property=\"og:site_name\" content=\"Alquera.com\" \/>\n<meta property=\"article:publisher\" content=\"https:\/\/www.facebook.com\/alqueraciencia\" \/>\n<meta property=\"article:modified_time\" content=\"2023-09-18T10:24:59+00:00\" \/>\n<meta property=\"og:image\" content=\"https:\/\/www.alquera.com\/wp-content\/uploads\/2020\/11\/acido_borico-300x227-1.png\" \/>\n<meta name=\"twitter:card\" content=\"summary_large_image\" \/>\n<meta name=\"twitter:label1\" content=\"Gesch\u00e4tzte Lesezeit\" \/>\n\t<meta name=\"twitter:data1\" content=\"3\u00a0Minuten\" \/>\n<script type=\"application\/ld+json\" class=\"yoast-schema-graph\">{\"@context\":\"https:\/\/schema.org\",\"@graph\":[{\"@type\":\"WebPage\",\"@id\":\"https:\/\/www.alquera.com\/acido-borico\/usos-acido-borico\/\",\"url\":\"https:\/\/www.alquera.com\/acido-borico\/usos-acido-borico\/\",\"name\":\"Usos \u00c1cido B\u00f3rico - Alquera.com\",\"isPartOf\":{\"@id\":\"https:\/\/www.alquera.com\/en\/#website\"},\"primaryImageOfPage\":{\"@id\":\"https:\/\/www.alquera.com\/acido-borico\/usos-acido-borico\/#primaryimage\"},\"image\":{\"@id\":\"https:\/\/www.alquera.com\/acido-borico\/usos-acido-borico\/#primaryimage\"},\"thumbnailUrl\":\"https:\/\/www.alquera.com\/wp-content\/uploads\/2020\/11\/acido_borico-300x227-1.png\",\"datePublished\":\"2020-10-14T17:03:38+00:00\",\"dateModified\":\"2023-09-18T10:24:59+00:00\",\"description\":\"El \u00e1cido b\u00f3rico es un producto qu\u00edmico con muchas aplicaciones a nivel industrial y dom\u00e9stico. Ver usos y propiedades\",\"breadcrumb\":{\"@id\":\"https:\/\/www.alquera.com\/acido-borico\/usos-acido-borico\/#breadcrumb\"},\"inLanguage\":\"de\",\"potentialAction\":[{\"@type\":\"ReadAction\",\"target\":[\"https:\/\/www.alquera.com\/acido-borico\/usos-acido-borico\/\"]}]},{\"@type\":\"ImageObject\",\"inLanguage\":\"de\",\"@id\":\"https:\/\/www.alquera.com\/acido-borico\/usos-acido-borico\/#primaryimage\",\"url\":\"https:\/\/www.alquera.com\/wp-content\/uploads\/2020\/11\/acido_borico-300x227-1.png\",\"contentUrl\":\"https:\/\/www.alquera.com\/wp-content\/uploads\/2020\/11\/acido_borico-300x227-1.png\"},{\"@type\":\"BreadcrumbList\",\"@id\":\"https:\/\/www.alquera.com\/acido-borico\/usos-acido-borico\/#breadcrumb\",\"itemListElement\":[{\"@type\":\"ListItem\",\"position\":1,\"name\":\"Inicio\",\"item\":\"https:\/\/www.alquera.com\/\"},{\"@type\":\"ListItem\",\"position\":2,\"name\":\"Acido Borico\",\"item\":\"https:\/\/www.alquera.com\/acido-borico\/\"},{\"@type\":\"ListItem\",\"position\":3,\"name\":\"Usos \u00c1cido B\u00f3rico\"}]},{\"@type\":\"WebSite\",\"@id\":\"https:\/\/www.alquera.com\/en\/#website\",\"url\":\"https:\/\/www.alquera.com\/en\/\",\"name\":\"Alquera.com\",\"description\":\"Tienda Online Productos Qu\u00edmicos y Material de Laboratorio\",\"publisher\":{\"@id\":\"https:\/\/www.alquera.com\/en\/#organization\"},\"potentialAction\":[{\"@type\":\"SearchAction\",\"target\":{\"@type\":\"EntryPoint\",\"urlTemplate\":\"https:\/\/www.alquera.com\/en\/?s={search_term_string}\"},\"query-input\":{\"@type\":\"PropertyValueSpecification\",\"valueRequired\":true,\"valueName\":\"search_term_string\"}}],\"inLanguage\":\"de\"},{\"@type\":\"Organization\",\"@id\":\"https:\/\/www.alquera.com\/en\/#organization\",\"name\":\"ALQUERA CIENCIA SL\",\"url\":\"https:\/\/www.alquera.com\/en\/\",\"logo\":{\"@type\":\"ImageObject\",\"inLanguage\":\"de\",\"@id\":\"https:\/\/www.alquera.com\/en\/#\/schema\/logo\/image\/\",\"url\":\"https:\/\/www.alquera.com\/wp-content\/uploads\/2020\/11\/logo_300_ancho.png\",\"contentUrl\":\"https:\/\/www.alquera.com\/wp-content\/uploads\/2020\/11\/logo_300_ancho.png\",\"width\":300,\"height\":86,\"caption\":\"ALQUERA CIENCIA SL\"},\"image\":{\"@id\":\"https:\/\/www.alquera.com\/en\/#\/schema\/logo\/image\/\"},\"sameAs\":[\"https:\/\/www.facebook.com\/alqueraciencia\",\"https:\/\/www.instagram.com\/alquera_ciencia\/\",\"https:\/\/www.youtube.com\/c\/alquera\"]}]}<\/script>\n<!-- \/ Yoast SEO Premium plugin. -->","yoast_head_json":{"title":"Verwendet Bors\u00e4ure - Alquera.com","description":"Bors\u00e4ure ist eine Chemikalie mit zahlreichen Anwendungen in Industrie und Haushalt. Siehe Verwendung und Eigenschaften","robots":{"index":"index","follow":"follow","max-snippet":"max-snippet:-1","max-image-preview":"max-image-preview:large","max-video-preview":"max-video-preview:-1"},"canonical":"https:\/\/www.alquera.com\/de\/acido-borico\/usos-acido-borico\/","og_locale":"de_DE","og_type":"article","og_title":"Usos \u00c1cido B\u00f3rico","og_description":"El \u00e1cido b\u00f3rico es un producto qu\u00edmico con muchas aplicaciones a nivel industrial y dom\u00e9stico. Ver usos y propiedades","og_url":"https:\/\/www.alquera.com\/de\/acido-borico\/usos-acido-borico\/","og_site_name":"Alquera.com","article_publisher":"https:\/\/www.facebook.com\/alqueraciencia","article_modified_time":"2023-09-18T10:24:59+00:00","og_image":[{"url":"https:\/\/www.alquera.com\/wp-content\/uploads\/2020\/11\/acido_borico-300x227-1.png","type":"","width":"","height":""}],"twitter_card":"summary_large_image","twitter_misc":{"Gesch\u00e4tzte Lesezeit":"3\u00a0Minuten"},"schema":{"@context":"https:\/\/schema.org","@graph":[{"@type":"WebPage","@id":"https:\/\/www.alquera.com\/acido-borico\/usos-acido-borico\/","url":"https:\/\/www.alquera.com\/acido-borico\/usos-acido-borico\/","name":"Verwendet Bors\u00e4ure - Alquera.com","isPartOf":{"@id":"https:\/\/www.alquera.com\/en\/#website"},"primaryImageOfPage":{"@id":"https:\/\/www.alquera.com\/acido-borico\/usos-acido-borico\/#primaryimage"},"image":{"@id":"https:\/\/www.alquera.com\/acido-borico\/usos-acido-borico\/#primaryimage"},"thumbnailUrl":"https:\/\/www.alquera.com\/wp-content\/uploads\/2020\/11\/acido_borico-300x227-1.png","datePublished":"2020-10-14T17:03:38+00:00","dateModified":"2023-09-18T10:24:59+00:00","description":"Bors\u00e4ure ist eine Chemikalie mit zahlreichen Anwendungen in Industrie und Haushalt. Siehe Verwendung und Eigenschaften","breadcrumb":{"@id":"https:\/\/www.alquera.com\/acido-borico\/usos-acido-borico\/#breadcrumb"},"inLanguage":"de","potentialAction":[{"@type":"ReadAction","target":["https:\/\/www.alquera.com\/acido-borico\/usos-acido-borico\/"]}]},{"@type":"ImageObject","inLanguage":"de","@id":"https:\/\/www.alquera.com\/acido-borico\/usos-acido-borico\/#primaryimage","url":"https:\/\/www.alquera.com\/wp-content\/uploads\/2020\/11\/acido_borico-300x227-1.png","contentUrl":"https:\/\/www.alquera.com\/wp-content\/uploads\/2020\/11\/acido_borico-300x227-1.png"},{"@type":"BreadcrumbList","@id":"https:\/\/www.alquera.com\/acido-borico\/usos-acido-borico\/#breadcrumb","itemListElement":[{"@type":"ListItem","position":1,"name":"Inicio","item":"https:\/\/www.alquera.com\/"},{"@type":"ListItem","position":2,"name":"Acido Borico","item":"https:\/\/www.alquera.com\/acido-borico\/"},{"@type":"ListItem","position":3,"name":"Usos \u00c1cido B\u00f3rico"}]},{"@type":"WebSite","@id":"https:\/\/www.alquera.com\/en\/#website","url":"https:\/\/www.alquera.com\/en\/","name":"Alquera.com","description":"Online Shop Chemische Produkte und Laborger\u00e4te","publisher":{"@id":"https:\/\/www.alquera.com\/en\/#organization"},"potentialAction":[{"@type":"SearchAction","target":{"@type":"EntryPoint","urlTemplate":"https:\/\/www.alquera.com\/en\/?s={search_term_string}"},"query-input":{"@type":"PropertyValueSpecification","valueRequired":true,"valueName":"search_term_string"}}],"inLanguage":"de"},{"@type":"Organization","@id":"https:\/\/www.alquera.com\/en\/#organization","name":"ALQUERA CIENCIA SL","url":"https:\/\/www.alquera.com\/en\/","logo":{"@type":"ImageObject","inLanguage":"de","@id":"https:\/\/www.alquera.com\/en\/#\/schema\/logo\/image\/","url":"https:\/\/www.alquera.com\/wp-content\/uploads\/2020\/11\/logo_300_ancho.png","contentUrl":"https:\/\/www.alquera.com\/wp-content\/uploads\/2020\/11\/logo_300_ancho.png","width":300,"height":86,"caption":"ALQUERA CIENCIA SL"},"image":{"@id":"https:\/\/www.alquera.com\/en\/#\/schema\/logo\/image\/"},"sameAs":["https:\/\/www.facebook.com\/alqueraciencia","https:\/\/www.instagram.com\/alquera_ciencia\/","https:\/\/www.youtube.com\/c\/alquera"]}]}},"_links":{"self":[{"href":"https:\/\/www.alquera.com\/de\/wp-json\/wp\/v2\/pages\/9391","targetHints":{"allow":["GET"]}}],"collection":[{"href":"https:\/\/www.alquera.com\/de\/wp-json\/wp\/v2\/pages"}],"about":[{"href":"https:\/\/www.alquera.com\/de\/wp-json\/wp\/v2\/types\/page"}],"author":[{"embeddable":true,"href":"https:\/\/www.alquera.com\/de\/wp-json\/wp\/v2\/users\/1"}],"replies":[{"embeddable":true,"href":"https:\/\/www.alquera.com\/de\/wp-json\/wp\/v2\/comments?post=9391"}],"version-history":[{"count":10,"href":"https:\/\/www.alquera.com\/de\/wp-json\/wp\/v2\/pages\/9391\/revisions"}],"predecessor-version":[{"id":44259,"href":"https:\/\/www.alquera.com\/de\/wp-json\/wp\/v2\/pages\/9391\/revisions\/44259"}],"up":[{"embeddable":true,"href":"https:\/\/www.alquera.com\/de\/wp-json\/wp\/v2\/pages\/32598"}],"wp:attachment":[{"href":"https:\/\/www.alquera.com\/de\/wp-json\/wp\/v2\/media?parent=9391"}],"curies":[{"name":"wp","href":"https:\/\/api.w.org\/{rel}","templated":true}]}}