{"id":9420,"date":"2020-10-20T16:28:32","date_gmt":"2020-10-20T16:28:32","guid":{"rendered":"http:\/\/localhost\/alquera\/?page_id=9420"},"modified":"2023-09-18T10:25:53","modified_gmt":"2023-09-18T10:25:53","slug":"cucarachas","status":"publish","type":"page","link":"https:\/\/www.alquera.com\/de\/acido-borico\/cucarachas\/","title":{"rendered":"Bors\u00e4ure gegen Kakerlaken"},"content":{"rendered":"Die\u00a0<strong><a href=\"https:\/\/www.alquera.com\/de\/acido-borico\/\">Bors\u00e4ure<\/a><\/strong>\u00a0ist sehr n\u00fctzlich, wenn es darum geht<strong>\u00a0Beseitigung von Kakerlaken<\/strong>Ameisen, Ameisen, Insekten.  In diesem Abschnitt werden wir sehen, warum\u00a0<strong>wie man Kakerlaken mit Bors\u00e4ure loswird<\/strong>. Wir alle m\u00f6gen es nicht, wenn wir in der K\u00fcche oder im Badezimmer eine Kakerlake finden. Es handelt sich um ein Insekt mit einer eher absto\u00dfenden und h\u00e4sslichen Gestalt, das au\u00dferdem sehr gef\u00e4hrlich und gesundheitssch\u00e4dlich ist, da es aufgrund der Mengen an Mikroben, die es in seinen Extremit\u00e4ten und seinem Speichel tr\u00e4gt, Krankheiten \u00fcbertr\u00e4gt. Wir geben Ihnen eine einfache Idee, wie Sie diese Tiere aus Ihrem Haus vertreiben k\u00f6nnen, indem Sie eine Zubereitung aus Bors\u00e4ure herstellen.\n<h2>Wie man Kakerlaken mit Bors\u00e4ure loswird<\/h2>\n<figure class=\"wp-block-image size-large\"><img loading=\"lazy\" decoding=\"async\" width=\"300\" height=\"204\" class=\"wp-image-10261\" src=\"https:\/\/www.alquera.com\/wp-content\/uploads\/2020\/11\/cucarachas-300x204-2.png\" alt=\"\" srcset=\"https:\/\/www.alquera.com\/wp-content\/uploads\/2020\/11\/cucarachas-300x204-2.png 300w, https:\/\/www.alquera.com\/wp-content\/uploads\/2020\/11\/cucarachas-300x204-2-64x44.png 64w\" sizes=\"auto, (max-width: 300px) 100vw, 300px\" \/><\/figure>\nBors\u00e4ure ist ein sehr starkes Gift f\u00fcr Insekten, und wenn man auch nur eine kleine Menge davon kostet oder isst, sterben sie schnell. Es ist ein wirksames Mittel nicht nur gegen Kakerlaken, sondern auch gegen Termiten und Ameisen. Sobald die Schaben oder Insekten eine kleine Menge Bors\u00e4ure aufgenommen haben, haben sie nur noch Zeit, ihr Nest zu erreichen. Anschlie\u00dfend fressen die \u00fcbrigen Schaben die \u00dcberreste der verendeten Schaben, vergiften sich und beseitigen so die Ameisen und Schaben vollst\u00e4ndig aus dem Haus. Sehen wir uns an, wie man dieses ausgezeichnete Insektizid zubereitet.<strong>.\u00a0<\/strong>Puedes leer tambi\u00e9n c\u00f3mo aplicar\u00a0\u00e1cido b\u00f3rico para eliminar termitas.\n\nEl \u00e1cido b\u00f3rico es un remedio muy eficaz contra las cucarachas y tambi\u00e9n te va a servir para eliminar las termitas: Ver <a href=\"https:\/\/www.alquera.com\/de\/acido-borico\/termitas\/\">Bors\u00e4ure Termiten<\/a>.\n<h2>Zubereitung von Bors\u00e4ure zur Bek\u00e4mpfung von Kakerlaken<\/h2>\nEs gibt verschiedene M\u00f6glichkeiten, Bors\u00e4ure zur Bek\u00e4mpfung von Schaben herzustellen. Im Wesentlichen handelt es sich bei allen Methoden um eine Kombination aus einer s\u00fc\u00dfen Substanz wie Zucker oder Milch (die die Insekten anlockt) und Bors\u00e4ure, die sie verschwinden l\u00e4sst.\n\n<div class=\"ast-oembed-container\" style=\"height: 100%;\"><iframe loading=\"lazy\" title=\"Bors\u00e4ure gegen Kakerlaken\" width=\"500\" height=\"281\" src=\"https:\/\/www.youtube.com\/embed\/BE3BQIBwKXw?feature=oembed\" frameborder=\"0\" allow=\"accelerometer; autoplay; clipboard-write; encrypted-media; gyroscope; picture-in-picture; web-share\" referrerpolicy=\"strict-origin-when-cross-origin\" allowfullscreen><\/iframe><\/div>\n\n<strong>Methode 1\u00a0<\/strong>\n\nEinen gro\u00dfen L\u00f6ffel Puderzucker und einen Essl\u00f6ffel Puderzucker vermischen\u00a0<strong>Bors\u00e4ure<\/strong>\u00a0und f\u00fcgen Sie ein wenig Milch hinzu, bis ein Teig entsteht, aus dem wir mehrere kleine Kugeln in der Gr\u00f6\u00dfe von Kichererbsen formen, die wir an strategischen Stellen platzieren, an denen sich normalerweise Kakerlaken aufhalten.\n\n<strong>Methode 2\u00a0<\/strong>\n\n2 Essl\u00f6ffel Bors\u00e4ure mit 4 Essl\u00f6ffeln Weizenmehl, einer halben, sehr klein gew\u00fcrfelten Zwiebel und etwas Wasser zu einer Paste verr\u00fchren. Aus dem Teig kleine Kugeln formen und diese an von den Schaben bevorzugten Stellen platzieren.\n\n<strong>Methode 3<\/strong>\n\nMischen Sie 2 Essl\u00f6ffel Bors\u00e4ure und 100 Milliliter (ein halbes Glas) Wasser, tr\u00e4nken Sie ein St\u00fcck Brot in dieser Mischung und legen Sie es neben die aktive Ameisen- oder Schabenkolonie. In weniger als 24 Stunden wird die Schaben- oder Ameisenkolonie verschwunden sein.\n\n<strong>Methode 4\u00a0<\/strong>\n\nEspolvorear simplemente 1 cuchara de az\u00facar junto con 3 de \u00e1cido b\u00f3rico.\nEspolvorear en las zonas elegidas y esperar.\n\n\n<h3><strong>Vorsichtsma\u00dfnahmen bei der Bespr\u00fchung mit Bors\u00e4ure\u00a0<\/strong><\/h3>\nZun\u00e4chst einmal ist darauf zu achten, dass Kinder und Haustiere keinen Zugang zu diesen Pr\u00e4paraten haben. W\u00e4hlen Sie dann eine der oben genannten Methoden zur Herstellung des Bors\u00e4urepr\u00e4parats und bestreuen oder platzieren Sie es in Bereichen, in denen sich Schaben, Ameisen oder Termiten aufhalten k\u00f6nnten.\n<h2>Wo man Bors\u00e4ure gegen Kakerlaken ausstreut<\/h2>\nSie fragen sich vielleicht oft, wie die Schaben in Ihre Wohnung gelangen konnten. Die Wege, auf denen Schaben oder Ameisen in Ihre Wohnung eindringen k\u00f6nnen, sind vielf\u00e4ltig, hier sind einige davon.\n<ul>\n \t<li>Sie k\u00f6nnen durch Risse oder Spalten in Fenstern oder T\u00fcren in Ihre Wohnung eindringen.<\/li>\n \t<li>In Einkaufst\u00fcten oder aus dem Ausland kommend.<\/li>\n \t<li>Umzug von au\u00dfen oder aus einer anderen Wohnung im Geb\u00e4ude durch Rohre oder Leitungen.<\/li>\n<\/ul>\nWenn sie einmal in Ihr Haus eingedrungen sind, k\u00f6nnen Sie sie nicht mehr sehen, weil sie sich verstecken, so dass Sie Schaben an diesen Orten finden k\u00f6nnen:\n<figure class=\"wp-block-image size-large\"><img loading=\"lazy\" decoding=\"async\" width=\"300\" height=\"192\" class=\"wp-image-10262\" src=\"https:\/\/www.alquera.com\/wp-content\/uploads\/2020\/11\/vigilar-cucarachas-300x192-2.jpg\" alt=\"\" srcset=\"https:\/\/www.alquera.com\/wp-content\/uploads\/2020\/11\/vigilar-cucarachas-300x192-2.jpg 300w, https:\/\/www.alquera.com\/wp-content\/uploads\/2020\/11\/vigilar-cucarachas-300x192-2-64x41.jpg 64w\" sizes=\"auto, (max-width: 300px) 100vw, 300px\" \/><\/figure>\n<ul>\n \t<li>In der K\u00fcche an warmen, feuchten Orten: hinter dem K\u00fchlschrank und den K\u00fchlschr\u00e4nken, unter der Sp\u00fcle oder im Abfalleimer. Schaben findet man auch in Abfl\u00fcssen, Schr\u00e4nken und allen Ritzen und Spalten.<\/li>\n \t<li>Nachts kommen sie zum Fressen heraus und fressen alle m\u00f6glichen Stoffe und Produkte. So k\u00f6nnen sie auch in den saubersten H\u00e4usern \u00fcberleben.<\/li>\n<\/ul>\n<h2>Vorbeugung zur Vermeidung des Auftretens von Kakerlaken<\/h2>\nNeben der Beseitigung von Schaben mit Bors\u00e4ure ist die Vorbeugung der Schl\u00fcssel, um zu verhindern, dass Schaben wieder auftauchen:\n<ul>\n \t<li>Kontrollieren Sie st\u00e4ndig das von au\u00dfen kommende Gep\u00e4ck.<\/li>\n \t<li>Vermeiden Sie Risse und Spalten in W\u00e4nden und T\u00fcren.<\/li>\n<\/ul>\n<ul>\n \t<li>Reparieren Sie jede Art von Leck im Haus, in der K\u00fcche oder im Bad.<\/li>\n \t<li>Halten Sie den M\u00fclleimer geschlossen<\/li>\n \t<li>Lassen Sie Lebensmittel nie offen liegen<\/li>\n<\/ul>\n<p class=\"widget-title\">Mehr lesen<\/p><a href=\"https:\/\/www.alquera.com\/de\/acido-borico\/\">Bors\u00e4ure<\/a>\n<!-- Page-list plugin v.5.9 wordpress.org\/plugins\/page-list\/ -->\n<ul class=\"page-list siblings-page-list\">\n<li class=\"page_item page-item-9420 menu-item\"><a href=\"https:\/\/www.alquera.com\/de\/acido-borico\/cucarachas\/\" class=\"menu-link\">Bors\u00e4ure gegen Kakerlaken<\/a><\/li>\n<li class=\"page_item page-item-9422 menu-item\"><a href=\"https:\/\/www.alquera.com\/de\/acido-borico\/termitas\/\" class=\"menu-link\">Bors\u00e4ure gegen Termiten<\/a><\/li>\n<li class=\"page_item page-item-9391 menu-item\"><a href=\"https:\/\/www.alquera.com\/de\/acido-borico\/usos-acido-borico\/\" class=\"menu-link\">Verwendet Bors\u00e4ure<\/a><\/li>\n\n<\/ul><!-- \/wp:post-content -->","protected":false},"excerpt":{"rendered":"<p>El\u00a0\u00e1cido b\u00f3rico\u00a0es de gran utilidad cuando se trata de\u00a0eliminar cucarachas, hormigas, insectos. \u00a0En esta secci\u00f3n vamos a ver por ello\u00a0c\u00f3mo eliminar cucarachas con \u00e1cido b\u00f3rico. A todos nos desagrada mucho encontrarnos con una cucaracha, en la cocina o el ba\u00f1o, es un insecto con una figura bastante repelente y fea, adem\u00e1s de ser muy peligroso [&hellip;]<\/p>\n","protected":false},"author":1,"featured_media":0,"parent":32598,"menu_order":0,"comment_status":"open","ping_status":"closed","template":"","meta":{"_acf_changed":false,"site-sidebar-layout":"default","site-content-layout":"default","ast-site-content-layout":"default","site-content-style":"default","site-sidebar-style":"default","ast-global-header-display":"","ast-banner-title-visibility":"","ast-main-header-display":"","ast-hfb-above-header-display":"","ast-hfb-below-header-display":"","ast-hfb-mobile-header-display":"","site-post-title":"","ast-breadcrumbs-content":"","ast-featured-img":"","footer-sml-layout":"","ast-disable-related-posts":"","theme-transparent-header-meta":"default","adv-header-id-meta":"","stick-header-meta":"default","header-above-stick-meta":"","header-main-stick-meta":"","header-below-stick-meta":"","astra-migrate-meta-layouts":"default","ast-page-background-enabled":"default","ast-page-background-meta":{"desktop":{"background-color":"var(--ast-global-color-4)","background-image":"","background-repeat":"repeat","background-position":"center center","background-size":"auto","background-attachment":"scroll","background-type":"","background-media":"","overlay-type":"","overlay-color":"","overlay-opacity":"","overlay-gradient":""},"tablet":{"background-color":"","background-image":"","background-repeat":"repeat","background-position":"center center","background-size":"auto","background-attachment":"scroll","background-type":"","background-media":"","overlay-type":"","overlay-color":"","overlay-opacity":"","overlay-gradient":""},"mobile":{"background-color":"","background-image":"","background-repeat":"repeat","background-position":"center center","background-size":"auto","background-attachment":"scroll","background-type":"","background-media":"","overlay-type":"","overlay-color":"","overlay-opacity":"","overlay-gradient":""}},"ast-content-background-meta":{"desktop":{"background-color":"var(--ast-global-color-5)","background-image":"","background-repeat":"repeat","background-position":"center center","background-size":"auto","background-attachment":"scroll","background-type":"","background-media":"","overlay-type":"","overlay-color":"","overlay-opacity":"","overlay-gradient":""},"tablet":{"background-color":"var(--ast-global-color-5)","background-image":"","background-repeat":"repeat","background-position":"center center","background-size":"auto","background-attachment":"scroll","background-type":"","background-media":"","overlay-type":"","overlay-color":"","overlay-opacity":"","overlay-gradient":""},"mobile":{"background-color":"var(--ast-global-color-5)","background-image":"","background-repeat":"repeat","background-position":"center center","background-size":"auto","background-attachment":"scroll","background-type":"","background-media":"","overlay-type":"","overlay-color":"","overlay-opacity":"","overlay-gradient":""}},"footnotes":""},"class_list":["post-9420","page","type-page","status-publish","hentry"],"acf":[],"yoast_head":"<!-- This site is optimized with the Yoast SEO Premium plugin v27.1 (Yoast SEO v27.1.1) - https:\/\/yoast.com\/product\/yoast-seo-premium-wordpress\/ -->\n<title>\u00c1cido B\u00f3rico para Cucarachas - Alquera.com<\/title>\n<meta name=\"description\" content=\"El \u00e1cido b\u00f3rico para cucharachas es un excelente remedio como insecticida. Te explicamos diferentes formas de aplicarlo y donde comprar.\" \/>\n<meta name=\"robots\" content=\"index, follow, max-snippet:-1, max-image-preview:large, max-video-preview:-1\" \/>\n<link rel=\"canonical\" href=\"https:\/\/www.alquera.com\/de\/acido-borico\/cucarachas\/\" \/>\n<meta property=\"og:locale\" content=\"de_DE\" \/>\n<meta property=\"og:type\" content=\"article\" \/>\n<meta property=\"og:title\" content=\"\u00c1cido B\u00f3rico para Cucarachas\" \/>\n<meta property=\"og:description\" content=\"El \u00e1cido b\u00f3rico para cucharachas es un excelente remedio como insecticida. Te explicamos diferentes formas de aplicarlo y donde comprar.\" \/>\n<meta property=\"og:url\" content=\"https:\/\/www.alquera.com\/de\/acido-borico\/cucarachas\/\" \/>\n<meta property=\"og:site_name\" content=\"Alquera.com\" \/>\n<meta property=\"article:publisher\" content=\"https:\/\/www.facebook.com\/alqueraciencia\" \/>\n<meta property=\"article:modified_time\" content=\"2023-09-18T10:25:53+00:00\" \/>\n<meta property=\"og:image\" content=\"https:\/\/www.alquera.com\/wp-content\/uploads\/2020\/11\/cucarachas-300x204-2.png\" \/>\n<meta name=\"twitter:card\" content=\"summary_large_image\" \/>\n<meta name=\"twitter:label1\" content=\"Gesch\u00e4tzte Lesezeit\" \/>\n\t<meta name=\"twitter:data1\" content=\"4\u00a0Minuten\" \/>\n<script type=\"application\/ld+json\" class=\"yoast-schema-graph\">{\"@context\":\"https:\/\/schema.org\",\"@graph\":[{\"@type\":\"WebPage\",\"@id\":\"https:\/\/www.alquera.com\/acido-borico\/cucarachas\/\",\"url\":\"https:\/\/www.alquera.com\/acido-borico\/cucarachas\/\",\"name\":\"\u00c1cido B\u00f3rico para Cucarachas - Alquera.com\",\"isPartOf\":{\"@id\":\"https:\/\/www.alquera.com\/en\/#website\"},\"primaryImageOfPage\":{\"@id\":\"https:\/\/www.alquera.com\/acido-borico\/cucarachas\/#primaryimage\"},\"image\":{\"@id\":\"https:\/\/www.alquera.com\/acido-borico\/cucarachas\/#primaryimage\"},\"thumbnailUrl\":\"https:\/\/www.alquera.com\/wp-content\/uploads\/2020\/11\/cucarachas-300x204-2.png\",\"datePublished\":\"2020-10-20T16:28:32+00:00\",\"dateModified\":\"2023-09-18T10:25:53+00:00\",\"description\":\"El \u00e1cido b\u00f3rico para cucharachas es un excelente remedio como insecticida. Te explicamos diferentes formas de aplicarlo y donde comprar.\",\"breadcrumb\":{\"@id\":\"https:\/\/www.alquera.com\/acido-borico\/cucarachas\/#breadcrumb\"},\"inLanguage\":\"de\",\"potentialAction\":[{\"@type\":\"ReadAction\",\"target\":[\"https:\/\/www.alquera.com\/acido-borico\/cucarachas\/\"]}]},{\"@type\":\"ImageObject\",\"inLanguage\":\"de\",\"@id\":\"https:\/\/www.alquera.com\/acido-borico\/cucarachas\/#primaryimage\",\"url\":\"https:\/\/www.alquera.com\/wp-content\/uploads\/2020\/11\/cucarachas-300x204-2.png\",\"contentUrl\":\"https:\/\/www.alquera.com\/wp-content\/uploads\/2020\/11\/cucarachas-300x204-2.png\"},{\"@type\":\"BreadcrumbList\",\"@id\":\"https:\/\/www.alquera.com\/acido-borico\/cucarachas\/#breadcrumb\",\"itemListElement\":[{\"@type\":\"ListItem\",\"position\":1,\"name\":\"Inicio\",\"item\":\"https:\/\/www.alquera.com\/\"},{\"@type\":\"ListItem\",\"position\":2,\"name\":\"Acido Borico\",\"item\":\"https:\/\/www.alquera.com\/acido-borico\/\"},{\"@type\":\"ListItem\",\"position\":3,\"name\":\"\u00c1cido B\u00f3rico para Cucarachas\"}]},{\"@type\":\"WebSite\",\"@id\":\"https:\/\/www.alquera.com\/en\/#website\",\"url\":\"https:\/\/www.alquera.com\/en\/\",\"name\":\"Alquera.com\",\"description\":\"Tienda Online Productos Qu\u00edmicos y Material de Laboratorio\",\"publisher\":{\"@id\":\"https:\/\/www.alquera.com\/en\/#organization\"},\"potentialAction\":[{\"@type\":\"SearchAction\",\"target\":{\"@type\":\"EntryPoint\",\"urlTemplate\":\"https:\/\/www.alquera.com\/en\/?s={search_term_string}\"},\"query-input\":{\"@type\":\"PropertyValueSpecification\",\"valueRequired\":true,\"valueName\":\"search_term_string\"}}],\"inLanguage\":\"de\"},{\"@type\":\"Organization\",\"@id\":\"https:\/\/www.alquera.com\/en\/#organization\",\"name\":\"ALQUERA CIENCIA SL\",\"url\":\"https:\/\/www.alquera.com\/en\/\",\"logo\":{\"@type\":\"ImageObject\",\"inLanguage\":\"de\",\"@id\":\"https:\/\/www.alquera.com\/en\/#\/schema\/logo\/image\/\",\"url\":\"https:\/\/www.alquera.com\/wp-content\/uploads\/2020\/11\/logo_300_ancho.png\",\"contentUrl\":\"https:\/\/www.alquera.com\/wp-content\/uploads\/2020\/11\/logo_300_ancho.png\",\"width\":300,\"height\":86,\"caption\":\"ALQUERA CIENCIA SL\"},\"image\":{\"@id\":\"https:\/\/www.alquera.com\/en\/#\/schema\/logo\/image\/\"},\"sameAs\":[\"https:\/\/www.facebook.com\/alqueraciencia\",\"https:\/\/www.instagram.com\/alquera_ciencia\/\",\"https:\/\/www.youtube.com\/c\/alquera\"]}]}<\/script>\n<!-- \/ Yoast SEO Premium plugin. -->","yoast_head_json":{"title":"Bors\u00e4ure gegen Kakerlaken - Alquera.com","description":"Bors\u00e4ure f\u00fcr Teel\u00f6ffel ist ein hervorragendes Mittel zur Bek\u00e4mpfung von Insekten. Wir erkl\u00e4ren, wie man es anwendet und wo man es kaufen kann.","robots":{"index":"index","follow":"follow","max-snippet":"max-snippet:-1","max-image-preview":"max-image-preview:large","max-video-preview":"max-video-preview:-1"},"canonical":"https:\/\/www.alquera.com\/de\/acido-borico\/cucarachas\/","og_locale":"de_DE","og_type":"article","og_title":"\u00c1cido B\u00f3rico para Cucarachas","og_description":"El \u00e1cido b\u00f3rico para cucharachas es un excelente remedio como insecticida. Te explicamos diferentes formas de aplicarlo y donde comprar.","og_url":"https:\/\/www.alquera.com\/de\/acido-borico\/cucarachas\/","og_site_name":"Alquera.com","article_publisher":"https:\/\/www.facebook.com\/alqueraciencia","article_modified_time":"2023-09-18T10:25:53+00:00","og_image":[{"url":"https:\/\/www.alquera.com\/wp-content\/uploads\/2020\/11\/cucarachas-300x204-2.png","type":"","width":"","height":""}],"twitter_card":"summary_large_image","twitter_misc":{"Gesch\u00e4tzte Lesezeit":"4\u00a0Minuten"},"schema":{"@context":"https:\/\/schema.org","@graph":[{"@type":"WebPage","@id":"https:\/\/www.alquera.com\/acido-borico\/cucarachas\/","url":"https:\/\/www.alquera.com\/acido-borico\/cucarachas\/","name":"Bors\u00e4ure gegen Kakerlaken - Alquera.com","isPartOf":{"@id":"https:\/\/www.alquera.com\/en\/#website"},"primaryImageOfPage":{"@id":"https:\/\/www.alquera.com\/acido-borico\/cucarachas\/#primaryimage"},"image":{"@id":"https:\/\/www.alquera.com\/acido-borico\/cucarachas\/#primaryimage"},"thumbnailUrl":"https:\/\/www.alquera.com\/wp-content\/uploads\/2020\/11\/cucarachas-300x204-2.png","datePublished":"2020-10-20T16:28:32+00:00","dateModified":"2023-09-18T10:25:53+00:00","description":"Bors\u00e4ure f\u00fcr Teel\u00f6ffel ist ein hervorragendes Mittel zur Bek\u00e4mpfung von Insekten. Wir erkl\u00e4ren, wie man es anwendet und wo man es kaufen kann.","breadcrumb":{"@id":"https:\/\/www.alquera.com\/acido-borico\/cucarachas\/#breadcrumb"},"inLanguage":"de","potentialAction":[{"@type":"ReadAction","target":["https:\/\/www.alquera.com\/acido-borico\/cucarachas\/"]}]},{"@type":"ImageObject","inLanguage":"de","@id":"https:\/\/www.alquera.com\/acido-borico\/cucarachas\/#primaryimage","url":"https:\/\/www.alquera.com\/wp-content\/uploads\/2020\/11\/cucarachas-300x204-2.png","contentUrl":"https:\/\/www.alquera.com\/wp-content\/uploads\/2020\/11\/cucarachas-300x204-2.png"},{"@type":"BreadcrumbList","@id":"https:\/\/www.alquera.com\/acido-borico\/cucarachas\/#breadcrumb","itemListElement":[{"@type":"ListItem","position":1,"name":"Inicio","item":"https:\/\/www.alquera.com\/"},{"@type":"ListItem","position":2,"name":"Acido Borico","item":"https:\/\/www.alquera.com\/acido-borico\/"},{"@type":"ListItem","position":3,"name":"\u00c1cido B\u00f3rico para Cucarachas"}]},{"@type":"WebSite","@id":"https:\/\/www.alquera.com\/en\/#website","url":"https:\/\/www.alquera.com\/en\/","name":"Alquera.com","description":"Online Shop Chemische Produkte und Laborger\u00e4te","publisher":{"@id":"https:\/\/www.alquera.com\/en\/#organization"},"potentialAction":[{"@type":"SearchAction","target":{"@type":"EntryPoint","urlTemplate":"https:\/\/www.alquera.com\/en\/?s={search_term_string}"},"query-input":{"@type":"PropertyValueSpecification","valueRequired":true,"valueName":"search_term_string"}}],"inLanguage":"de"},{"@type":"Organization","@id":"https:\/\/www.alquera.com\/en\/#organization","name":"ALQUERA CIENCIA SL","url":"https:\/\/www.alquera.com\/en\/","logo":{"@type":"ImageObject","inLanguage":"de","@id":"https:\/\/www.alquera.com\/en\/#\/schema\/logo\/image\/","url":"https:\/\/www.alquera.com\/wp-content\/uploads\/2020\/11\/logo_300_ancho.png","contentUrl":"https:\/\/www.alquera.com\/wp-content\/uploads\/2020\/11\/logo_300_ancho.png","width":300,"height":86,"caption":"ALQUERA CIENCIA SL"},"image":{"@id":"https:\/\/www.alquera.com\/en\/#\/schema\/logo\/image\/"},"sameAs":["https:\/\/www.facebook.com\/alqueraciencia","https:\/\/www.instagram.com\/alquera_ciencia\/","https:\/\/www.youtube.com\/c\/alquera"]}]}},"_links":{"self":[{"href":"https:\/\/www.alquera.com\/de\/wp-json\/wp\/v2\/pages\/9420","targetHints":{"allow":["GET"]}}],"collection":[{"href":"https:\/\/www.alquera.com\/de\/wp-json\/wp\/v2\/pages"}],"about":[{"href":"https:\/\/www.alquera.com\/de\/wp-json\/wp\/v2\/types\/page"}],"author":[{"embeddable":true,"href":"https:\/\/www.alquera.com\/de\/wp-json\/wp\/v2\/users\/1"}],"replies":[{"embeddable":true,"href":"https:\/\/www.alquera.com\/de\/wp-json\/wp\/v2\/comments?post=9420"}],"version-history":[{"count":9,"href":"https:\/\/www.alquera.com\/de\/wp-json\/wp\/v2\/pages\/9420\/revisions"}],"predecessor-version":[{"id":44260,"href":"https:\/\/www.alquera.com\/de\/wp-json\/wp\/v2\/pages\/9420\/revisions\/44260"}],"up":[{"embeddable":true,"href":"https:\/\/www.alquera.com\/de\/wp-json\/wp\/v2\/pages\/32598"}],"wp:attachment":[{"href":"https:\/\/www.alquera.com\/de\/wp-json\/wp\/v2\/media?parent=9420"}],"curies":[{"name":"wp","href":"https:\/\/api.w.org\/{rel}","templated":true}]}}