{"id":9424,"date":"2020-10-20T16:45:35","date_gmt":"2020-10-20T16:45:35","guid":{"rendered":"http:\/\/localhost\/alquera\/?page_id=9424"},"modified":"2021-09-12T13:53:20","modified_gmt":"2021-09-12T13:53:20","slug":"usos-fluoresceina-sodica","status":"publish","type":"page","link":"https:\/\/www.alquera.com\/de\/fluoresceina-sodica\/usos-fluoresceina-sodica\/","title":{"rendered":"Verwendungen von Fluorescein-Natrium"},"content":{"rendered":"<p>Die <a href=\"https:\/\/www.alquera.com\/de\/fluoresceina-sodica\/\">Fluorescein-Natrium<\/a> oder Natriumfluorescein ist ein organischer Farbstoff, der bei Bestrahlung mit ultraviolettem Licht ein fluoreszierendes Licht erzeugt.<\/p>\r\n\r\n\r\n\r\n<p>Die\u00a0<a href=\"https:\/\/www.alquera.com\/de\/fluoresceina-sodica\/fluorescencia\/\">Fluoreszenz<\/a>\u00a0ist das Ph\u00e4nomen, dass bestimmte Stoffe ultraviolettes Licht absorbieren und sofort wieder emittieren, d. h. sobald die Energie (in Form von Licht) nicht mehr abgestrahlt wird, h\u00f6ren sie auf zu emittieren.<\/p>\r\n\r\n\r\n\r\n<p>Fluorescein selbst ist ein unl\u00f6sliches Salz, das durch das seiner Zusammensetzung zugesetzte Natriumsalz wasserl\u00f6slich wird. Es handelt sich um ein r\u00f6tliches Pulver, das mit gro\u00dfer Vorsicht gehandhabt werden muss, da einige wenige Pulverteilchen eine gro\u00dfe Fl\u00e4che (sofern sie angefeuchtet ist) in ein fluoreszierendes Licht verwandeln k\u00f6nnen.<\/p>\r\n\r\n\r\n\r\n<figure class=\"wp-block-image size-medium is-resized\"><img loading=\"lazy\" decoding=\"async\" class=\"size-medium wp-image-32311 aligncenter\" src=\"https:\/\/www.alquera.com\/wp-content\/uploads\/2020\/12\/fluoresceina-sodica-2-300x273.jpg\" alt=\"\" width=\"300\" height=\"273\" srcset=\"https:\/\/www.alquera.com\/wp-content\/uploads\/2020\/12\/fluoresceina-sodica-2-300x273.jpg 300w, https:\/\/www.alquera.com\/wp-content\/uploads\/2020\/12\/fluoresceina-sodica-2-1024x931.jpg 1024w, https:\/\/www.alquera.com\/wp-content\/uploads\/2020\/12\/fluoresceina-sodica-2-768x698.jpg 768w, https:\/\/www.alquera.com\/wp-content\/uploads\/2020\/12\/fluoresceina-sodica-2-1536x1397.jpg 1536w, https:\/\/www.alquera.com\/wp-content\/uploads\/2020\/12\/fluoresceina-sodica-2-600x546.jpg 600w, https:\/\/www.alquera.com\/wp-content\/uploads\/2020\/12\/fluoresceina-sodica-2-scaled.jpg 800w\" sizes=\"auto, (max-width: 300px) 100vw, 300px\" \/><\/figure>\r\n\r\n\r\n\r\n<p>&nbsp;<\/p>\r\n\r\n\r\n\r\n\r\n\r\n<h2 class=\"wp-block-heading\">Verwendet Fluorescein-Natrium<\/h2>\r\n\r\n\r\n\r\n<p>Natriumfluorescein hat eine Vielzahl von Verwendungsm\u00f6glichkeiten. Die Verwendungszwecke sind:<\/p>\r\n\r\n\r\n\r\n<p><strong>Ophthalmologie:<\/strong>\u00a0In der Augenheilkunde wird Natriumfluorescein zum Nachweis von Gef\u00e4\u00dfanomalien des Augenhintergrunds und der Iris verwendet. Es wird per Injektion verabreicht, und der Farbstoff erscheint innerhalb weniger Sekunden in den Aderhaut- und Netzhautgef\u00e4\u00dfen. Es kann auch oral oder topisch verabreicht werden.<\/p>\r\n\r\n\r\n\r\n<p><strong>Hydrologie:<\/strong>\u00a0Aufgrund seines hohen Nachweisverm\u00f6gens und seiner geringen Absorption wird Natriumfluorescein f\u00fcr hydrologische Studien verwendet. Zum Beispiel f\u00fcr das Aufsp\u00fcren von unterirdischen Str\u00f6mungen, die \u00dcberpr\u00fcfung von hydraulischen Verbindungen, die Messung von hydraulischen Durchflussmengen, die Wasserdichtigkeit usw... Fluorescein wird immer h\u00e4ufiger nachgefragt, da immer mehr hydrologische Untersuchungen durchgef\u00fchrt werden, die den Einsatz von k\u00fcnstlichen Tracern erfordern.<\/p>\r\n\r\n\r\n\r\n<p><strong>Aufsp\u00fcren von Lecks:\u00a0<\/strong>Aufgrund seiner fluoreszierenden Emission findet Natriumfluorescein auch Anwendung bei der Lecksuche. Haupts\u00e4chlich in den F\u00e4llen von:  Wasserspeicher, Luft- und Gaskreisl\u00e4ufe, Hausinstallationen, D\u00e4cher und Dachb\u00f6den.<\/p>\r\n\r\n\r\n\r\n<p><strong>Fluoreszenz-Experimente:<\/strong>\u00a0Sie k\u00f6nnen Fluoreszenzexperimente mit Natriumfluoresceinpulver durchf\u00fchren.  Fluoreszierende Fl\u00fcssigkeit herstellen<\/p>\r\n\r\n\r\n\r\n<h2 class=\"wp-block-heading\">Fluoreszenz<\/h2>\r\n\r\n\r\n\r\n<p>Natriumfluorescein fluoresziert, wenn es mit ultraviolettem Licht bestrahlt wird. Es ist dank des Natriums wasserl\u00f6slich, und da es in seiner Struktur Phenolgruppen und Carbons\u00e4uren enth\u00e4lt, l\u00f6st es sich besser in leicht basischen Medien. Die h\u00f6chste Lichtemission bei einem pH-Wert um 8 liegt bei einer Wellenl\u00e4nge von 550 nm. Lesen Sie mehr \u00fcber Fluoreszenz<\/p>\r\n\r\n\r\n\r\n\r\n\r\n<figure class=\"wp-block-image size-medium is-resized\"><img loading=\"lazy\" decoding=\"async\" class=\"size-medium wp-image-32314 aligncenter\" src=\"https:\/\/www.alquera.com\/wp-content\/uploads\/2020\/12\/fluorescencia5-1-300x168.png\" alt=\"liquido fluorescente\" width=\"300\" height=\"168\" srcset=\"https:\/\/www.alquera.com\/wp-content\/uploads\/2020\/12\/fluorescencia5-1-300x168.png 300w, https:\/\/www.alquera.com\/wp-content\/uploads\/2020\/12\/fluorescencia5-1.png 506w\" sizes=\"auto, (max-width: 300px) 100vw, 300px\" \/><\/figure>\r\n\r\n\r\n\r\n<h2 class=\"wp-block-heading\">Toxizit\u00e4t<\/h2>\r\n\r\n\r\n\r\n<p>Einatmen : Achten Sie darauf, dass Sie frische Luft einatmen. Ruhe.<\/p>\r\n\r\n\r\n\r\n<p>Hautkontakt : Betroffene Kleidung ausziehen und alle mit dem Produkt in Ber\u00fchrung gekommenen Hautpartien mit milder Seife und Wasser waschen, dann mit warmem Wasser absp\u00fclen.<\/p>\r\n\r\n\r\n\r\n<p>Augenkontakt : Sofort mit viel Wasser aussp\u00fclen. Bei anhaltenden Schmerzen oder Reizungen einen Arzt aufsuchen.<\/p>\r\n\r\n\r\n\r\n<p>Verschlucken : Mund aussp\u00fclen. KEIN Erbrechen herbeif\u00fchren. Holen Sie sich medizinische Notfallhilfe.<\/p>\r\n\r\n\r\n\r\n\r\n\r\n<h3 class=\"widget-title\">Kaufen <\/h3><div><div class=\"woocommerce\"><ul class=\"products columns-4\">\n<li class=\"desktop-align-left tablet-align-left mobile-align-left ast-product-gallery-layout-horizontal-slider ast-magnify-disabled ast-product-single-variable ast-product-tabs-layout-horizontal ast-qv-on-image product type-product post-495 status-publish first instock product_cat-productos-experimentos product_cat-productos has-post-thumbnail taxable shipping-taxable purchasable product-type-variable has-default-attributes\">\n\t<a href=\"https:\/\/www.alquera.com\/de\/permanganato-de-potasio\/\" class=\"woocommerce-LoopProduct-link woocommerce-loop-product__link\"><img loading=\"lazy\" decoding=\"async\" width=\"300\" height=\"300\" src=\"https:\/\/www.alquera.com\/wp-content\/uploads\/2016\/01\/permanganato-200g-foto-nueva-300x300.png\" class=\"attachment-woocommerce_thumbnail size-woocommerce_thumbnail\" alt=\"permanganato 200g\" srcset=\"https:\/\/www.alquera.com\/wp-content\/uploads\/2016\/01\/permanganato-200g-foto-nueva-300x300.png 300w, https:\/\/www.alquera.com\/wp-content\/uploads\/2016\/01\/permanganato-200g-foto-nueva-150x150.png 150w, https:\/\/www.alquera.com\/wp-content\/uploads\/2016\/01\/permanganato-200g-foto-nueva-12x12.png 12w, https:\/\/www.alquera.com\/wp-content\/uploads\/2016\/01\/permanganato-200g-foto-nueva-100x100.png 100w\" sizes=\"auto, (max-width: 300px) 100vw, 300px\" \/><h2 class=\"woocommerce-loop-product__title\">Kaliumpermanganat<\/h2><div class=\"review-rating\"><div class=\"star-rating\"><span style=\"width:100%\" data-no-translation=\"\" data-trp-gettext=\"\">Bewertet mit <strong class=\"rating\">5.00<\/strong> von 5<\/span><\/div><\/div>\n<\/a><a href=\"https:\/\/www.alquera.com\/de\/permanganato-de-potasio\/\" aria-describedby=\"woocommerce_loop_add_to_cart_link_describedby_495\" data-quantity=\"1\" class=\"button product_type_variable add_to_cart_button\" data-product_id=\"495\" data-product_sku=\"AL100111\" aria-label=\"W\u00e4hle Optionen f\u00fcr \u201ePermanganato de Potasio\u201c\" rel=\"nofollow\" data-no-translation=\"\" data-trp-gettext=\"\" data-no-translation-aria-label=\"\">Ausf\u00fchrung w\u00e4hlen<\/a>\t<span id=\"woocommerce_loop_add_to_cart_link_describedby_495\" class=\"screen-reader-text\">\n\t\tDieses Produkt weist mehrere Varianten auf. Die Optionen k\u00f6nnen auf der Produktseite gew\u00e4hlt werden\t<\/span>\n<\/li>\n<\/ul>\n<\/div><\/div>","protected":false},"excerpt":{"rendered":"<p>La fluoresceina sodica o fluoresce\u00edna de sodio es una sustancia colorante org\u00e1nica que produce una luz fluorescente cuando es irradiada con luz ultravioleta. La\u00a0fluorescencia\u00a0es el fen\u00f3meno por el que ciertas sustancias \u00a0absorben luz ultravioleta y la emiten posteriormente y de forma inmediata, es decir, en el momento que se deja de irradiar la energ\u00eda (en [&hellip;]<\/p>\n","protected":false},"author":1,"featured_media":0,"parent":32586,"menu_order":0,"comment_status":"open","ping_status":"closed","template":"","meta":{"_acf_changed":false,"site-sidebar-layout":"default","site-content-layout":"","ast-site-content-layout":"default","site-content-style":"default","site-sidebar-style":"default","ast-global-header-display":"","ast-banner-title-visibility":"","ast-main-header-display":"","ast-hfb-above-header-display":"","ast-hfb-below-header-display":"","ast-hfb-mobile-header-display":"","site-post-title":"","ast-breadcrumbs-content":"","ast-featured-img":"","footer-sml-layout":"","ast-disable-related-posts":"","theme-transparent-header-meta":"","adv-header-id-meta":"","stick-header-meta":"","header-above-stick-meta":"","header-main-stick-meta":"","header-below-stick-meta":"","astra-migrate-meta-layouts":"default","ast-page-background-enabled":"default","ast-page-background-meta":{"desktop":{"background-color":"var(--ast-global-color-4)","background-image":"","background-repeat":"repeat","background-position":"center center","background-size":"auto","background-attachment":"scroll","background-type":"","background-media":"","overlay-type":"","overlay-color":"","overlay-opacity":"","overlay-gradient":""},"tablet":{"background-color":"","background-image":"","background-repeat":"repeat","background-position":"center center","background-size":"auto","background-attachment":"scroll","background-type":"","background-media":"","overlay-type":"","overlay-color":"","overlay-opacity":"","overlay-gradient":""},"mobile":{"background-color":"","background-image":"","background-repeat":"repeat","background-position":"center center","background-size":"auto","background-attachment":"scroll","background-type":"","background-media":"","overlay-type":"","overlay-color":"","overlay-opacity":"","overlay-gradient":""}},"ast-content-background-meta":{"desktop":{"background-color":"var(--ast-global-color-5)","background-image":"","background-repeat":"repeat","background-position":"center center","background-size":"auto","background-attachment":"scroll","background-type":"","background-media":"","overlay-type":"","overlay-color":"","overlay-opacity":"","overlay-gradient":""},"tablet":{"background-color":"var(--ast-global-color-5)","background-image":"","background-repeat":"repeat","background-position":"center center","background-size":"auto","background-attachment":"scroll","background-type":"","background-media":"","overlay-type":"","overlay-color":"","overlay-opacity":"","overlay-gradient":""},"mobile":{"background-color":"var(--ast-global-color-5)","background-image":"","background-repeat":"repeat","background-position":"center center","background-size":"auto","background-attachment":"scroll","background-type":"","background-media":"","overlay-type":"","overlay-color":"","overlay-opacity":"","overlay-gradient":""}},"footnotes":""},"class_list":["post-9424","page","type-page","status-publish","hentry"],"acf":[],"yoast_head":"<!-- This site is optimized with the Yoast SEO Premium plugin v27.1 (Yoast SEO v27.1.1) - https:\/\/yoast.com\/product\/yoast-seo-premium-wordpress\/ -->\n<title>Usos de Fluoresce\u00edna S\u00f3dica - Alquera.com<\/title>\n<meta name=\"description\" content=\"La fluoresce\u00edna s\u00f3dica es un producto utilizado para dar fluorescencia en l\u00edquidos. Medidas de fluojo de agua, detecci\u00f3n de p\u00e9rdidas.\" \/>\n<meta name=\"robots\" content=\"index, follow, max-snippet:-1, max-image-preview:large, max-video-preview:-1\" \/>\n<link rel=\"canonical\" href=\"https:\/\/www.alquera.com\/de\/fluoresceina-sodica\/usos-fluoresceina-sodica\/\" \/>\n<meta property=\"og:locale\" content=\"de_DE\" \/>\n<meta property=\"og:type\" content=\"article\" \/>\n<meta property=\"og:title\" content=\"Usos de Fluoresce\u00edna S\u00f3dica\" \/>\n<meta property=\"og:description\" content=\"La fluoresce\u00edna s\u00f3dica es un producto utilizado para dar fluorescencia en l\u00edquidos. Medidas de fluojo de agua, detecci\u00f3n de p\u00e9rdidas.\" \/>\n<meta property=\"og:url\" content=\"https:\/\/www.alquera.com\/de\/fluoresceina-sodica\/usos-fluoresceina-sodica\/\" \/>\n<meta property=\"og:site_name\" content=\"Alquera.com\" \/>\n<meta property=\"article:publisher\" content=\"https:\/\/www.facebook.com\/alqueraciencia\" \/>\n<meta property=\"article:modified_time\" content=\"2021-09-12T13:53:20+00:00\" \/>\n<meta property=\"og:image\" content=\"https:\/\/www.alquera.com\/wp-content\/uploads\/2020\/12\/fluoresceina-sodica-2-300x273.jpg\" \/>\n<meta name=\"twitter:card\" content=\"summary_large_image\" \/>\n<meta name=\"twitter:label1\" content=\"Gesch\u00e4tzte Lesezeit\" \/>\n\t<meta name=\"twitter:data1\" content=\"2\u00a0Minuten\" \/>\n<script type=\"application\/ld+json\" class=\"yoast-schema-graph\">{\"@context\":\"https:\/\/schema.org\",\"@graph\":[{\"@type\":\"WebPage\",\"@id\":\"https:\/\/www.alquera.com\/de\/fluoresceina-sodica\/usos-fluoresceina-sodica\/\",\"url\":\"https:\/\/www.alquera.com\/de\/fluoresceina-sodica\/usos-fluoresceina-sodica\/\",\"name\":\"Usos de Fluoresce\u00edna S\u00f3dica - Alquera.com\",\"isPartOf\":{\"@id\":\"https:\/\/www.alquera.com\/en\/#website\"},\"primaryImageOfPage\":{\"@id\":\"https:\/\/www.alquera.com\/de\/fluoresceina-sodica\/usos-fluoresceina-sodica\/#primaryimage\"},\"image\":{\"@id\":\"https:\/\/www.alquera.com\/de\/fluoresceina-sodica\/usos-fluoresceina-sodica\/#primaryimage\"},\"thumbnailUrl\":\"https:\/\/www.alquera.com\/wp-content\/uploads\/2020\/12\/fluoresceina-sodica-2-300x273.jpg\",\"datePublished\":\"2020-10-20T16:45:35+00:00\",\"dateModified\":\"2021-09-12T13:53:20+00:00\",\"description\":\"La fluoresce\u00edna s\u00f3dica es un producto utilizado para dar fluorescencia en l\u00edquidos. Medidas de fluojo de agua, detecci\u00f3n de p\u00e9rdidas.\",\"breadcrumb\":{\"@id\":\"https:\/\/www.alquera.com\/de\/fluoresceina-sodica\/usos-fluoresceina-sodica\/#breadcrumb\"},\"inLanguage\":\"de\",\"potentialAction\":[{\"@type\":\"ReadAction\",\"target\":[\"https:\/\/www.alquera.com\/de\/fluoresceina-sodica\/usos-fluoresceina-sodica\/\"]}]},{\"@type\":\"ImageObject\",\"inLanguage\":\"de\",\"@id\":\"https:\/\/www.alquera.com\/de\/fluoresceina-sodica\/usos-fluoresceina-sodica\/#primaryimage\",\"url\":\"https:\/\/www.alquera.com\/wp-content\/uploads\/2020\/12\/fluoresceina-sodica-2-300x273.jpg\",\"contentUrl\":\"https:\/\/www.alquera.com\/wp-content\/uploads\/2020\/12\/fluoresceina-sodica-2-300x273.jpg\"},{\"@type\":\"BreadcrumbList\",\"@id\":\"https:\/\/www.alquera.com\/de\/fluoresceina-sodica\/usos-fluoresceina-sodica\/#breadcrumb\",\"itemListElement\":[{\"@type\":\"ListItem\",\"position\":1,\"name\":\"Inicio\",\"item\":\"https:\/\/www.alquera.com\/\"},{\"@type\":\"ListItem\",\"position\":2,\"name\":\"Fluoresceina S\u00f3dica\",\"item\":\"https:\/\/www.alquera.com\/fluoresceina-sodica\/\"},{\"@type\":\"ListItem\",\"position\":3,\"name\":\"Usos de Fluoresce\u00edna S\u00f3dica\"}]},{\"@type\":\"WebSite\",\"@id\":\"https:\/\/www.alquera.com\/en\/#website\",\"url\":\"https:\/\/www.alquera.com\/en\/\",\"name\":\"Alquera.com\",\"description\":\"Tienda Online Productos Qu\u00edmicos y Material de Laboratorio\",\"publisher\":{\"@id\":\"https:\/\/www.alquera.com\/en\/#organization\"},\"potentialAction\":[{\"@type\":\"SearchAction\",\"target\":{\"@type\":\"EntryPoint\",\"urlTemplate\":\"https:\/\/www.alquera.com\/en\/?s={search_term_string}\"},\"query-input\":{\"@type\":\"PropertyValueSpecification\",\"valueRequired\":true,\"valueName\":\"search_term_string\"}}],\"inLanguage\":\"de\"},{\"@type\":\"Organization\",\"@id\":\"https:\/\/www.alquera.com\/en\/#organization\",\"name\":\"ALQUERA CIENCIA SL\",\"url\":\"https:\/\/www.alquera.com\/en\/\",\"logo\":{\"@type\":\"ImageObject\",\"inLanguage\":\"de\",\"@id\":\"https:\/\/www.alquera.com\/en\/#\/schema\/logo\/image\/\",\"url\":\"https:\/\/www.alquera.com\/wp-content\/uploads\/2020\/11\/logo_300_ancho.png\",\"contentUrl\":\"https:\/\/www.alquera.com\/wp-content\/uploads\/2020\/11\/logo_300_ancho.png\",\"width\":300,\"height\":86,\"caption\":\"ALQUERA CIENCIA SL\"},\"image\":{\"@id\":\"https:\/\/www.alquera.com\/en\/#\/schema\/logo\/image\/\"},\"sameAs\":[\"https:\/\/www.facebook.com\/alqueraciencia\",\"https:\/\/www.instagram.com\/alquera_ciencia\/\",\"https:\/\/www.youtube.com\/c\/alquera\"]}]}<\/script>\n<!-- \/ Yoast SEO Premium plugin. -->","yoast_head_json":{"title":"Verwendungen von Fluorescein-Natrium - Alquera.com","description":"Natriumfluorescein ist ein Produkt, das zur Fluoreszenz von Fl\u00fcssigkeiten verwendet wird. Wasserdurchflussmessungen, Lecksuche.","robots":{"index":"index","follow":"follow","max-snippet":"max-snippet:-1","max-image-preview":"max-image-preview:large","max-video-preview":"max-video-preview:-1"},"canonical":"https:\/\/www.alquera.com\/de\/fluoresceina-sodica\/usos-fluoresceina-sodica\/","og_locale":"de_DE","og_type":"article","og_title":"Usos de Fluoresce\u00edna S\u00f3dica","og_description":"La fluoresce\u00edna s\u00f3dica es un producto utilizado para dar fluorescencia en l\u00edquidos. Medidas de fluojo de agua, detecci\u00f3n de p\u00e9rdidas.","og_url":"https:\/\/www.alquera.com\/de\/fluoresceina-sodica\/usos-fluoresceina-sodica\/","og_site_name":"Alquera.com","article_publisher":"https:\/\/www.facebook.com\/alqueraciencia","article_modified_time":"2021-09-12T13:53:20+00:00","og_image":[{"url":"https:\/\/www.alquera.com\/wp-content\/uploads\/2020\/12\/fluoresceina-sodica-2-300x273.jpg","type":"","width":"","height":""}],"twitter_card":"summary_large_image","twitter_misc":{"Gesch\u00e4tzte Lesezeit":"2\u00a0Minuten"},"schema":{"@context":"https:\/\/schema.org","@graph":[{"@type":"WebPage","@id":"https:\/\/www.alquera.com\/de\/fluoresceina-sodica\/usos-fluoresceina-sodica\/","url":"https:\/\/www.alquera.com\/de\/fluoresceina-sodica\/usos-fluoresceina-sodica\/","name":"Verwendungen von Fluorescein-Natrium - Alquera.com","isPartOf":{"@id":"https:\/\/www.alquera.com\/en\/#website"},"primaryImageOfPage":{"@id":"https:\/\/www.alquera.com\/de\/fluoresceina-sodica\/usos-fluoresceina-sodica\/#primaryimage"},"image":{"@id":"https:\/\/www.alquera.com\/de\/fluoresceina-sodica\/usos-fluoresceina-sodica\/#primaryimage"},"thumbnailUrl":"https:\/\/www.alquera.com\/wp-content\/uploads\/2020\/12\/fluoresceina-sodica-2-300x273.jpg","datePublished":"2020-10-20T16:45:35+00:00","dateModified":"2021-09-12T13:53:20+00:00","description":"Natriumfluorescein ist ein Produkt, das zur Fluoreszenz von Fl\u00fcssigkeiten verwendet wird. Wasserdurchflussmessungen, Lecksuche.","breadcrumb":{"@id":"https:\/\/www.alquera.com\/de\/fluoresceina-sodica\/usos-fluoresceina-sodica\/#breadcrumb"},"inLanguage":"de","potentialAction":[{"@type":"ReadAction","target":["https:\/\/www.alquera.com\/de\/fluoresceina-sodica\/usos-fluoresceina-sodica\/"]}]},{"@type":"ImageObject","inLanguage":"de","@id":"https:\/\/www.alquera.com\/de\/fluoresceina-sodica\/usos-fluoresceina-sodica\/#primaryimage","url":"https:\/\/www.alquera.com\/wp-content\/uploads\/2020\/12\/fluoresceina-sodica-2-300x273.jpg","contentUrl":"https:\/\/www.alquera.com\/wp-content\/uploads\/2020\/12\/fluoresceina-sodica-2-300x273.jpg"},{"@type":"BreadcrumbList","@id":"https:\/\/www.alquera.com\/de\/fluoresceina-sodica\/usos-fluoresceina-sodica\/#breadcrumb","itemListElement":[{"@type":"ListItem","position":1,"name":"Inicio","item":"https:\/\/www.alquera.com\/"},{"@type":"ListItem","position":2,"name":"Fluoresceina S\u00f3dica","item":"https:\/\/www.alquera.com\/fluoresceina-sodica\/"},{"@type":"ListItem","position":3,"name":"Usos de Fluoresce\u00edna S\u00f3dica"}]},{"@type":"WebSite","@id":"https:\/\/www.alquera.com\/en\/#website","url":"https:\/\/www.alquera.com\/en\/","name":"Alquera.com","description":"Online Shop Chemische Produkte und Laborger\u00e4te","publisher":{"@id":"https:\/\/www.alquera.com\/en\/#organization"},"potentialAction":[{"@type":"SearchAction","target":{"@type":"EntryPoint","urlTemplate":"https:\/\/www.alquera.com\/en\/?s={search_term_string}"},"query-input":{"@type":"PropertyValueSpecification","valueRequired":true,"valueName":"search_term_string"}}],"inLanguage":"de"},{"@type":"Organization","@id":"https:\/\/www.alquera.com\/en\/#organization","name":"ALQUERA CIENCIA SL","url":"https:\/\/www.alquera.com\/en\/","logo":{"@type":"ImageObject","inLanguage":"de","@id":"https:\/\/www.alquera.com\/en\/#\/schema\/logo\/image\/","url":"https:\/\/www.alquera.com\/wp-content\/uploads\/2020\/11\/logo_300_ancho.png","contentUrl":"https:\/\/www.alquera.com\/wp-content\/uploads\/2020\/11\/logo_300_ancho.png","width":300,"height":86,"caption":"ALQUERA CIENCIA SL"},"image":{"@id":"https:\/\/www.alquera.com\/en\/#\/schema\/logo\/image\/"},"sameAs":["https:\/\/www.facebook.com\/alqueraciencia","https:\/\/www.instagram.com\/alquera_ciencia\/","https:\/\/www.youtube.com\/c\/alquera"]}]}},"_links":{"self":[{"href":"https:\/\/www.alquera.com\/de\/wp-json\/wp\/v2\/pages\/9424","targetHints":{"allow":["GET"]}}],"collection":[{"href":"https:\/\/www.alquera.com\/de\/wp-json\/wp\/v2\/pages"}],"about":[{"href":"https:\/\/www.alquera.com\/de\/wp-json\/wp\/v2\/types\/page"}],"author":[{"embeddable":true,"href":"https:\/\/www.alquera.com\/de\/wp-json\/wp\/v2\/users\/1"}],"replies":[{"embeddable":true,"href":"https:\/\/www.alquera.com\/de\/wp-json\/wp\/v2\/comments?post=9424"}],"version-history":[{"count":7,"href":"https:\/\/www.alquera.com\/de\/wp-json\/wp\/v2\/pages\/9424\/revisions"}],"predecessor-version":[{"id":33191,"href":"https:\/\/www.alquera.com\/de\/wp-json\/wp\/v2\/pages\/9424\/revisions\/33191"}],"up":[{"embeddable":true,"href":"https:\/\/www.alquera.com\/de\/wp-json\/wp\/v2\/pages\/32586"}],"wp:attachment":[{"href":"https:\/\/www.alquera.com\/de\/wp-json\/wp\/v2\/media?parent=9424"}],"curies":[{"name":"wp","href":"https:\/\/api.w.org\/{rel}","templated":true}]}}