{"id":9431,"date":"2020-10-20T17:34:41","date_gmt":"2020-10-20T17:34:41","guid":{"rendered":"http:\/\/localhost\/alquera\/?page_id=9431"},"modified":"2022-12-02T06:14:31","modified_gmt":"2022-12-02T06:14:31","slug":"fluorescencia","status":"publish","type":"page","link":"https:\/\/www.alquera.com\/de\/fluoresceina-sodica\/fluorescencia\/","title":{"rendered":"Fluoreszenz - Was sie ist und wie sie funktioniert"},"content":{"rendered":"<p>Fluoreszenz ist das Ph\u00e4nomen, bei dem einige Produkte oder Stoffe Energie in Form von Licht abgeben, wenn sie mit ultraviolettem Licht bestrahlt werden. Fluoreszenz ist nicht mit Phosphoreszenz zu verwechseln. Bei der Phosphoreszenz speichern die Teilchen die Energie und strahlen sie nach der Bestrahlung mit ultraviolettem Licht wieder ab.<\/p>\n\n\n\n<p>Um den Fluoreszenzprozess wirklich zu verstehen, muss man sich an das Modell der Atom- und Molek\u00fclorbitale erinnern. Nach der Unsch\u00e4rferelation kann sich ein Elektron in einem bestimmten Energiebereich auf einem niedrigeren oder h\u00f6heren Niveau befinden. Es gibt niederenergetische und hochenergetische Orbitale. Elektronen besetzen standardm\u00e4\u00dfig bevorzugt Orbitale mit niedriger Energie, k\u00f6nnen aber vor\u00fcbergehend auch h\u00f6here Energieniveaus besetzen. <\/p>\n\n\n\n<p>Diese Orbitalspr\u00fcnge werden bei bestimmten Substanzen durch Bestrahlung mit Energie erreicht. Diese Spr\u00fcnge werden als elektronische \u00dcberg\u00e4nge bezeichnet. Jede Atomart hat sehr charakteristische Absorptionslinien und Emissionslinien.<\/p>\n\n\n\n<h2 class=\"wp-block-heading\">Fluoreszenz-Anwendungen<\/h2>\n\n\n\n<p>Das Ph\u00e4nomen der Fluoreszenz hat viele Anwendungen:<\/p>\n\n\n\n<ul class=\"wp-block-list\"><li><strong>In Beleuchtung<\/strong>Leuchtstoffr\u00f6hre: Der Betrieb der in Haushalten und B\u00fcros allgegenw\u00e4rtigen Leuchtstoffr\u00f6hre beruht auf Fluoreszenz. Im Inneren der Glasr\u00f6hre herrscht ein Teilvakuum und eine geringe Menge Quecksilber. Eine elektrische Entladung in der R\u00f6hre bringt die Quecksilberatome dazu, Licht zu emittieren. Das ausgestrahlte Licht liegt im ultravioletten (UV) Bereich und ist daher f\u00fcr unsere Augen unsichtbar. Die R\u00f6hre ist jedoch mit einer Schicht aus einem fluoreszierenden Material, dem so genannten Phosphor, beschichtet, der ultraviolettes Licht absorbiert und im sichtbaren Spektrum wieder abgibt.<\/li><li><strong>Analytische Chemie<\/strong> f\u00fcr Labortechniken zum Nachweis von<\/li><li><strong>Biochemie und Medizin<\/strong>Biomolek\u00fcle k\u00f6nnen durch eine einfache chemische Reaktion mit einer fluoreszierenden chemischen Gruppe (Fluorochrom) markiert werden, was einen empfindlichen und quantitativen Nachweis des Molek\u00fcls erm\u00f6glicht.<\/li><li><strong>Gemmologie<\/strong>Mineralogie, Mineralogie, Geologie und forensische Wissenschaften<\/li><li>Eine weitere Anwendung dieses Ph\u00e4nomens ist die Differenzierung von <strong>gef\u00e4lschte Banknoten<\/strong> Der Druck erfolgt mit fluoreszierender Tinte, die im ultravioletten Licht sichtbar ist.<\/li><li>Fluoreszenzwasserbewertung in der Hydrologie.<\/li><\/ul>\n\n\n\n<h3 class=\"wp-block-heading\">Fluoreszierende Materialien. Fluoreszierende Steine und Mineralien<\/h3>\n\n\n\n<ul class=\"wp-block-list\"><li>Ein Beispiel f\u00fcr einen solchen Stoff ist der <a href=\"https:\/\/www.alquera.com\/de\/fluoresceina-sodica\/\">Fluorescein-Natrium<\/a>eine Verbindung, die zur Familie der Xanthine geh\u00f6rt. Im Abschnitt \"Experimente\" kannst du sehen, wie das fluoreszierende Wasser in Wasser verd\u00fcnnt eine gelbe Farbe annimmt. In L\u00f6sungen mit einem pH-Wert \u00fcber 7 (z. B. durch Zugabe einiger Tropfen Ammoniak zum Wasser) f\u00e4rbt es sich gr\u00fcn, und seine Fluoreszenz nimmt zu.<\/li><\/ul>\n\n\n\n<p><a href=\"https:\/\/www.alquera.com\/de\/fluoresceina-sodica\/fluorescencia\/fluorescencia2\/\" rel=\"attachment wp-att-9681\"><img loading=\"lazy\" decoding=\"async\" class=\"size-medium wp-image-9681 aligncenter\" src=\"https:\/\/www.alquera.com\/wp-content\/uploads\/2020\/10\/fluorescencia2-300x171.png\" alt=\"\" width=\"300\" height=\"171\" srcset=\"https:\/\/www.alquera.com\/wp-content\/uploads\/2020\/10\/fluorescencia2-300x171.png 300w, https:\/\/www.alquera.com\/wp-content\/uploads\/2020\/10\/fluorescencia2.png 504w\" sizes=\"auto, (max-width: 300px) 100vw, 300px\" \/><\/a><\/p>\n\n\n\n<ul class=\"wp-block-list\"><li><strong>Edelsteine:<\/strong> Sie enthalten Flussspat in ihrer kristallinen Struktur, wenn sie nicht zu rein sind.\n<ul>\n<li>Bernstein: Sie zeigen eine orangefarbene Strahlung, wenn sie kurzwelliges ultraviolettes Licht empfangen.<\/li>\n<li>Hope-Diamanten und Rubine: Sie zeigen eine rote Strahlung, wenn sie mit kurzwelliger ultravioletter Strahlung bestrahlt werden.<\/li>\n<\/ul>\n<\/li><li><strong>Mineralien:<\/strong> In vielen F\u00e4llen ist dies darauf zur\u00fcckzuf\u00fchren, dass Fluorit oder ein Derivat von Fluorit vorhanden ist. Auf diesem Bild sind einige fluoreszierende Mineralien zu sehen, von denen die wichtigsten die folgenden sind:<\/li><\/ul>\n\n\n\n\n\n<ul class=\"wp-block-list\"><li>Fluorit: Es ist die Grundlage f\u00fcr die meisten fluoreszierenden Elemente und zeigt verschiedene Farbvariationen in der Strahlung, wie gr\u00fcn, blau oder rosa.<\/li><li>Calcit: \u00c4hnliche Eigenschaften wie Fluorit, daher seine Eigenschaften. Sie neigt dazu, Licht in rosa Farben auszustrahlen.<\/li><li>Uran: Dieses Mineral hat eine gr\u00fcnliche Ausstrahlung, da es ein radioaktives Material ist.<\/li><li><strong>Organische Materialien:<\/strong> Ihre Fluoreszenz verdanken sie haupts\u00e4chlich den mineralischen Verbindungen, die sie zusammen mit organischem Material bilden. Die wichtigsten Beispiele sind:\n<ul>\n<li>Mycena Lux-coeli Pilz. Es wird vermutet, dass sie diese Eigenschaft erwerben, um Insekten anzulocken, die die Sporen verbreiten.<\/li>\n<li>Chlorophyll: Das Chlorophyll in den Bl\u00e4ttern der Pflanzen nimmt die Sonnenenergie auf, um die Photosynthese durchzuf\u00fchren, und ein Teil dieser Energie muss abgeleitet werden, um das Blatt nicht zu besch\u00e4digen. Ein Teil davon wird als W\u00e4rme und ein Teil in Form von Fluoreszenz abgeleitet. Er ist in der Regel gr\u00fcn gef\u00e4rbt.<\/li>\n<\/ul>\n<\/li><\/ul>\n\n\n\n<h2 class=\"wp-block-heading\">Fluoreszenz in Natriumfluorescein<\/h2>\n\n\n\n<p>Natriumfluorescein ist einer der Stoffe unter den chemischen Produkten, die die Eigenschaft der Fluoreszenz haben und aufgrund ihrer leichten Transportierbarkeit und ihrer Stabilit\u00e4t zu den am meisten verwendeten geh\u00f6ren. Natriumfluorescein wird sowohl in der Medizin zur Erkennung von Augensch\u00e4den als auch in der Hydrologie zur Erkennung von Lecks und Spuren in Gew\u00e4ssern verwendet.<\/p>\n\n\n\n<p><p>Die Emission von Natriumfluorescein ist bei pH 8 und bei einer Wellenl\u00e4nge von etwa 550 nm am h\u00f6chsten. In diesem Bild sehen Sie das Emissions-Anregungs-Diagramm von Natriumfluorescein.<\/p>\n<p><iframe loading=\"lazy\" title=\"Wie man eine fluoreszierende Fl\u00fcssigkeit herstellt - Alquera\" width=\"500\" height=\"281\" src=\"https:\/\/www.youtube.com\/embed\/zsq1paqbVls?feature=oembed\" frameborder=\"0\" allow=\"accelerometer; autoplay; clipboard-write; encrypted-media; gyroscope; picture-in-picture; web-share\" referrerpolicy=\"strict-origin-when-cross-origin\" allowfullscreen><\/iframe><\/p><\/p>\n\n\n\n<h3 class=\"widget-title\">Kaufen <\/h3><div><div class=\"woocommerce\"><ul class=\"products columns-4\">\n<li class=\"desktop-align-left tablet-align-left mobile-align-left ast-product-gallery-layout-horizontal-slider ast-magnify-disabled ast-product-single-variable ast-product-tabs-layout-horizontal ast-qv-on-image product type-product post-495 status-publish first instock product_cat-productos-experimentos product_cat-productos has-post-thumbnail taxable shipping-taxable purchasable product-type-variable has-default-attributes\">\n\t<a href=\"https:\/\/www.alquera.com\/de\/permanganato-de-potasio\/\" class=\"woocommerce-LoopProduct-link woocommerce-loop-product__link\"><img loading=\"lazy\" decoding=\"async\" width=\"300\" height=\"300\" src=\"https:\/\/www.alquera.com\/wp-content\/uploads\/2016\/01\/permanganato-200g-foto-nueva-300x300.png\" class=\"attachment-woocommerce_thumbnail size-woocommerce_thumbnail\" alt=\"permanganato 200g\" srcset=\"https:\/\/www.alquera.com\/wp-content\/uploads\/2016\/01\/permanganato-200g-foto-nueva-300x300.png 300w, https:\/\/www.alquera.com\/wp-content\/uploads\/2016\/01\/permanganato-200g-foto-nueva-150x150.png 150w, https:\/\/www.alquera.com\/wp-content\/uploads\/2016\/01\/permanganato-200g-foto-nueva-12x12.png 12w, https:\/\/www.alquera.com\/wp-content\/uploads\/2016\/01\/permanganato-200g-foto-nueva-100x100.png 100w\" sizes=\"auto, (max-width: 300px) 100vw, 300px\" \/><h2 class=\"woocommerce-loop-product__title\">Kaliumpermanganat<\/h2><div class=\"review-rating\"><div class=\"star-rating\"><span style=\"width:100%\" data-no-translation=\"\" data-trp-gettext=\"\">Bewertet mit <strong class=\"rating\">5.00<\/strong> von 5<\/span><\/div><\/div>\n<\/a><a href=\"https:\/\/www.alquera.com\/de\/permanganato-de-potasio\/\" aria-describedby=\"woocommerce_loop_add_to_cart_link_describedby_495\" data-quantity=\"1\" class=\"button product_type_variable add_to_cart_button\" data-product_id=\"495\" data-product_sku=\"AL100111\" aria-label=\"W\u00e4hle Optionen f\u00fcr \u201ePermanganato de Potasio\u201c\" rel=\"nofollow\" data-no-translation=\"\" data-trp-gettext=\"\" data-no-translation-aria-label=\"\">Ausf\u00fchrung w\u00e4hlen<\/a>\t<span id=\"woocommerce_loop_add_to_cart_link_describedby_495\" class=\"screen-reader-text\">\n\t\tDieses Produkt weist mehrere Varianten auf. Die Optionen k\u00f6nnen auf der Produktseite gew\u00e4hlt werden\t<\/span>\n<\/li>\n<\/ul>\n<\/div><\/div>\n\n\n\n<p class=\"widget-title\">Mehr lesen<\/p><a href=\"https:\/\/www.alquera.com\/de\/fluoresceina-sodica\/\">Natrium-Fluorescein<\/a>\n<!-- Page-list plugin v.5.9 wordpress.org\/plugins\/page-list\/ -->\n<ul class=\"page-list siblings-page-list\">\n<li class=\"page_item page-item-9431 menu-item\"><a href=\"https:\/\/www.alquera.com\/de\/fluoresceina-sodica\/fluorescencia\/\" class=\"menu-link\">Fluoreszenz - Was sie ist und wie sie funktioniert<\/a><\/li>\n<li class=\"page_item page-item-9429 menu-item\"><a href=\"https:\/\/www.alquera.com\/de\/fluoresceina-sodica\/hacer-liquido-fluorescente\/\" class=\"menu-link\">Herstellung einer fluoreszierenden Fl\u00fcssigkeit<\/a><\/li>\n<li class=\"page_item page-item-9424 menu-item\"><a href=\"https:\/\/www.alquera.com\/de\/fluoresceina-sodica\/usos-fluoresceina-sodica\/\" class=\"menu-link\">Verwendungen von Fluorescein-Natrium<\/a><\/li>\n\n<\/ul>","protected":false},"excerpt":{"rendered":"<p>La fluorescencia es el fen\u00f3meno mediante el cual algunos productos o substancias emiten energ\u00eda en forma de luz una vez se les irradia con luz ultravioleta.&nbsp;La fluorescencia no debe confundirse con la fosforescencia. En la fosforescencia, las part\u00edculas almacenan la energ\u00eda, irradi\u00e1ndola despu\u00e9s, hasta una vez que se ha finalizado la irradiaci\u00f3n de luz ultravioleta. [&hellip;]<\/p>\n","protected":false},"author":1,"featured_media":0,"parent":32586,"menu_order":0,"comment_status":"open","ping_status":"closed","template":"","meta":{"_acf_changed":false,"site-sidebar-layout":"default","site-content-layout":"default","ast-site-content-layout":"default","site-content-style":"default","site-sidebar-style":"default","ast-global-header-display":"","ast-banner-title-visibility":"","ast-main-header-display":"","ast-hfb-above-header-display":"","ast-hfb-below-header-display":"","ast-hfb-mobile-header-display":"","site-post-title":"","ast-breadcrumbs-content":"","ast-featured-img":"","footer-sml-layout":"","ast-disable-related-posts":"","theme-transparent-header-meta":"default","adv-header-id-meta":"","stick-header-meta":"default","header-above-stick-meta":"","header-main-stick-meta":"","header-below-stick-meta":"","astra-migrate-meta-layouts":"default","ast-page-background-enabled":"default","ast-page-background-meta":{"desktop":{"background-color":"var(--ast-global-color-4)","background-image":"","background-repeat":"repeat","background-position":"center center","background-size":"auto","background-attachment":"scroll","background-type":"","background-media":"","overlay-type":"","overlay-color":"","overlay-opacity":"","overlay-gradient":""},"tablet":{"background-color":"","background-image":"","background-repeat":"repeat","background-position":"center center","background-size":"auto","background-attachment":"scroll","background-type":"","background-media":"","overlay-type":"","overlay-color":"","overlay-opacity":"","overlay-gradient":""},"mobile":{"background-color":"","background-image":"","background-repeat":"repeat","background-position":"center center","background-size":"auto","background-attachment":"scroll","background-type":"","background-media":"","overlay-type":"","overlay-color":"","overlay-opacity":"","overlay-gradient":""}},"ast-content-background-meta":{"desktop":{"background-color":"var(--ast-global-color-5)","background-image":"","background-repeat":"repeat","background-position":"center center","background-size":"auto","background-attachment":"scroll","background-type":"","background-media":"","overlay-type":"","overlay-color":"","overlay-opacity":"","overlay-gradient":""},"tablet":{"background-color":"var(--ast-global-color-5)","background-image":"","background-repeat":"repeat","background-position":"center center","background-size":"auto","background-attachment":"scroll","background-type":"","background-media":"","overlay-type":"","overlay-color":"","overlay-opacity":"","overlay-gradient":""},"mobile":{"background-color":"var(--ast-global-color-5)","background-image":"","background-repeat":"repeat","background-position":"center center","background-size":"auto","background-attachment":"scroll","background-type":"","background-media":"","overlay-type":"","overlay-color":"","overlay-opacity":"","overlay-gradient":""}},"footnotes":""},"class_list":["post-9431","page","type-page","status-publish","hentry"],"acf":[],"yoast_head":"<!-- This site is optimized with the Yoast SEO Premium plugin v27.1 (Yoast SEO v27.1.1) - https:\/\/yoast.com\/product\/yoast-seo-premium-wordpress\/ -->\n<title>Fluorescencia - Qu\u00e9 es y C\u00f3mo Funciona - Alquera.com<\/title>\n<meta name=\"description\" content=\"La fluorescencia es el fen\u00f3meno mediante el cual algunos productos o substancias emiten luz una vez se les irradia con luz ultravioleta.\" \/>\n<meta name=\"robots\" content=\"index, follow, max-snippet:-1, max-image-preview:large, max-video-preview:-1\" \/>\n<link rel=\"canonical\" href=\"https:\/\/www.alquera.com\/de\/fluoresceina-sodica\/fluorescencia\/\" \/>\n<meta property=\"og:locale\" content=\"de_DE\" \/>\n<meta property=\"og:type\" content=\"article\" \/>\n<meta property=\"og:title\" content=\"Fluorescencia - Qu\u00e9 es y C\u00f3mo Funciona\" \/>\n<meta property=\"og:description\" content=\"La fluorescencia es el fen\u00f3meno mediante el cual algunos productos o substancias emiten luz una vez se les irradia con luz ultravioleta.\" \/>\n<meta property=\"og:url\" content=\"https:\/\/www.alquera.com\/de\/fluoresceina-sodica\/fluorescencia\/\" \/>\n<meta property=\"og:site_name\" content=\"Alquera.com\" \/>\n<meta property=\"article:publisher\" content=\"https:\/\/www.facebook.com\/alqueraciencia\" \/>\n<meta property=\"article:modified_time\" content=\"2022-12-02T06:14:31+00:00\" \/>\n<meta property=\"og:image\" content=\"https:\/\/www.alquera.com\/wp-content\/uploads\/2020\/10\/fluorescencia2-300x171.png\" \/>\n<meta name=\"twitter:card\" content=\"summary_large_image\" \/>\n<meta name=\"twitter:label1\" content=\"Gesch\u00e4tzte Lesezeit\" \/>\n\t<meta name=\"twitter:data1\" content=\"4\u00a0Minuten\" \/>\n<script type=\"application\/ld+json\" class=\"yoast-schema-graph\">{\"@context\":\"https:\/\/schema.org\",\"@graph\":[{\"@type\":\"WebPage\",\"@id\":\"https:\/\/www.alquera.com\/fluoresceina-sodica\/fluorescencia\/\",\"url\":\"https:\/\/www.alquera.com\/fluoresceina-sodica\/fluorescencia\/\",\"name\":\"Fluorescencia - Qu\u00e9 es y C\u00f3mo Funciona - Alquera.com\",\"isPartOf\":{\"@id\":\"https:\/\/www.alquera.com\/en\/#website\"},\"primaryImageOfPage\":{\"@id\":\"https:\/\/www.alquera.com\/fluoresceina-sodica\/fluorescencia\/#primaryimage\"},\"image\":{\"@id\":\"https:\/\/www.alquera.com\/fluoresceina-sodica\/fluorescencia\/#primaryimage\"},\"thumbnailUrl\":\"https:\/\/www.alquera.com\/wp-content\/uploads\/2020\/10\/fluorescencia2-300x171.png\",\"datePublished\":\"2020-10-20T17:34:41+00:00\",\"dateModified\":\"2022-12-02T06:14:31+00:00\",\"description\":\"La fluorescencia es el fen\u00f3meno mediante el cual algunos productos o substancias emiten luz una vez se les irradia con luz ultravioleta.\",\"breadcrumb\":{\"@id\":\"https:\/\/www.alquera.com\/fluoresceina-sodica\/fluorescencia\/#breadcrumb\"},\"inLanguage\":\"de\",\"potentialAction\":[{\"@type\":\"ReadAction\",\"target\":[\"https:\/\/www.alquera.com\/fluoresceina-sodica\/fluorescencia\/\"]}]},{\"@type\":\"ImageObject\",\"inLanguage\":\"de\",\"@id\":\"https:\/\/www.alquera.com\/fluoresceina-sodica\/fluorescencia\/#primaryimage\",\"url\":\"https:\/\/www.alquera.com\/wp-content\/uploads\/2020\/10\/fluorescencia2-300x171.png\",\"contentUrl\":\"https:\/\/www.alquera.com\/wp-content\/uploads\/2020\/10\/fluorescencia2-300x171.png\"},{\"@type\":\"BreadcrumbList\",\"@id\":\"https:\/\/www.alquera.com\/fluoresceina-sodica\/fluorescencia\/#breadcrumb\",\"itemListElement\":[{\"@type\":\"ListItem\",\"position\":1,\"name\":\"Inicio\",\"item\":\"https:\/\/www.alquera.com\/\"},{\"@type\":\"ListItem\",\"position\":2,\"name\":\"Fluoresceina S\u00f3dica\",\"item\":\"https:\/\/www.alquera.com\/fluoresceina-sodica\/\"},{\"@type\":\"ListItem\",\"position\":3,\"name\":\"Fluorescencia &#8211; Qu\u00e9 es y C\u00f3mo Funciona\"}]},{\"@type\":\"WebSite\",\"@id\":\"https:\/\/www.alquera.com\/en\/#website\",\"url\":\"https:\/\/www.alquera.com\/en\/\",\"name\":\"Alquera.com\",\"description\":\"Tienda Online Productos Qu\u00edmicos y Material de Laboratorio\",\"publisher\":{\"@id\":\"https:\/\/www.alquera.com\/en\/#organization\"},\"potentialAction\":[{\"@type\":\"SearchAction\",\"target\":{\"@type\":\"EntryPoint\",\"urlTemplate\":\"https:\/\/www.alquera.com\/en\/?s={search_term_string}\"},\"query-input\":{\"@type\":\"PropertyValueSpecification\",\"valueRequired\":true,\"valueName\":\"search_term_string\"}}],\"inLanguage\":\"de\"},{\"@type\":\"Organization\",\"@id\":\"https:\/\/www.alquera.com\/en\/#organization\",\"name\":\"ALQUERA CIENCIA SL\",\"url\":\"https:\/\/www.alquera.com\/en\/\",\"logo\":{\"@type\":\"ImageObject\",\"inLanguage\":\"de\",\"@id\":\"https:\/\/www.alquera.com\/en\/#\/schema\/logo\/image\/\",\"url\":\"https:\/\/www.alquera.com\/wp-content\/uploads\/2020\/11\/logo_300_ancho.png\",\"contentUrl\":\"https:\/\/www.alquera.com\/wp-content\/uploads\/2020\/11\/logo_300_ancho.png\",\"width\":300,\"height\":86,\"caption\":\"ALQUERA CIENCIA SL\"},\"image\":{\"@id\":\"https:\/\/www.alquera.com\/en\/#\/schema\/logo\/image\/\"},\"sameAs\":[\"https:\/\/www.facebook.com\/alqueraciencia\",\"https:\/\/www.instagram.com\/alquera_ciencia\/\",\"https:\/\/www.youtube.com\/c\/alquera\"]}]}<\/script>\n<!-- \/ Yoast SEO Premium plugin. -->","yoast_head_json":{"title":"Fluoreszenz - Was sie ist und wie sie funktioniert - Alquera.com","description":"Unter Fluoreszenz versteht man das Ph\u00e4nomen, dass einige Produkte oder Stoffe Licht aussenden, wenn sie mit ultraviolettem Licht bestrahlt werden.","robots":{"index":"index","follow":"follow","max-snippet":"max-snippet:-1","max-image-preview":"max-image-preview:large","max-video-preview":"max-video-preview:-1"},"canonical":"https:\/\/www.alquera.com\/de\/fluoresceina-sodica\/fluorescencia\/","og_locale":"de_DE","og_type":"article","og_title":"Fluorescencia - Qu\u00e9 es y C\u00f3mo Funciona","og_description":"La fluorescencia es el fen\u00f3meno mediante el cual algunos productos o substancias emiten luz una vez se les irradia con luz ultravioleta.","og_url":"https:\/\/www.alquera.com\/de\/fluoresceina-sodica\/fluorescencia\/","og_site_name":"Alquera.com","article_publisher":"https:\/\/www.facebook.com\/alqueraciencia","article_modified_time":"2022-12-02T06:14:31+00:00","og_image":[{"url":"https:\/\/www.alquera.com\/wp-content\/uploads\/2020\/10\/fluorescencia2-300x171.png","type":"","width":"","height":""}],"twitter_card":"summary_large_image","twitter_misc":{"Gesch\u00e4tzte Lesezeit":"4\u00a0Minuten"},"schema":{"@context":"https:\/\/schema.org","@graph":[{"@type":"WebPage","@id":"https:\/\/www.alquera.com\/fluoresceina-sodica\/fluorescencia\/","url":"https:\/\/www.alquera.com\/fluoresceina-sodica\/fluorescencia\/","name":"Fluoreszenz - Was sie ist und wie sie funktioniert - Alquera.com","isPartOf":{"@id":"https:\/\/www.alquera.com\/en\/#website"},"primaryImageOfPage":{"@id":"https:\/\/www.alquera.com\/fluoresceina-sodica\/fluorescencia\/#primaryimage"},"image":{"@id":"https:\/\/www.alquera.com\/fluoresceina-sodica\/fluorescencia\/#primaryimage"},"thumbnailUrl":"https:\/\/www.alquera.com\/wp-content\/uploads\/2020\/10\/fluorescencia2-300x171.png","datePublished":"2020-10-20T17:34:41+00:00","dateModified":"2022-12-02T06:14:31+00:00","description":"Unter Fluoreszenz versteht man das Ph\u00e4nomen, dass einige Produkte oder Stoffe Licht aussenden, wenn sie mit ultraviolettem Licht bestrahlt werden.","breadcrumb":{"@id":"https:\/\/www.alquera.com\/fluoresceina-sodica\/fluorescencia\/#breadcrumb"},"inLanguage":"de","potentialAction":[{"@type":"ReadAction","target":["https:\/\/www.alquera.com\/fluoresceina-sodica\/fluorescencia\/"]}]},{"@type":"ImageObject","inLanguage":"de","@id":"https:\/\/www.alquera.com\/fluoresceina-sodica\/fluorescencia\/#primaryimage","url":"https:\/\/www.alquera.com\/wp-content\/uploads\/2020\/10\/fluorescencia2-300x171.png","contentUrl":"https:\/\/www.alquera.com\/wp-content\/uploads\/2020\/10\/fluorescencia2-300x171.png"},{"@type":"BreadcrumbList","@id":"https:\/\/www.alquera.com\/fluoresceina-sodica\/fluorescencia\/#breadcrumb","itemListElement":[{"@type":"ListItem","position":1,"name":"Inicio","item":"https:\/\/www.alquera.com\/"},{"@type":"ListItem","position":2,"name":"Fluoresceina S\u00f3dica","item":"https:\/\/www.alquera.com\/fluoresceina-sodica\/"},{"@type":"ListItem","position":3,"name":"Fluorescencia &#8211; Qu\u00e9 es y C\u00f3mo Funciona"}]},{"@type":"WebSite","@id":"https:\/\/www.alquera.com\/en\/#website","url":"https:\/\/www.alquera.com\/en\/","name":"Alquera.com","description":"Online Shop Chemische Produkte und Laborger\u00e4te","publisher":{"@id":"https:\/\/www.alquera.com\/en\/#organization"},"potentialAction":[{"@type":"SearchAction","target":{"@type":"EntryPoint","urlTemplate":"https:\/\/www.alquera.com\/en\/?s={search_term_string}"},"query-input":{"@type":"PropertyValueSpecification","valueRequired":true,"valueName":"search_term_string"}}],"inLanguage":"de"},{"@type":"Organization","@id":"https:\/\/www.alquera.com\/en\/#organization","name":"ALQUERA CIENCIA SL","url":"https:\/\/www.alquera.com\/en\/","logo":{"@type":"ImageObject","inLanguage":"de","@id":"https:\/\/www.alquera.com\/en\/#\/schema\/logo\/image\/","url":"https:\/\/www.alquera.com\/wp-content\/uploads\/2020\/11\/logo_300_ancho.png","contentUrl":"https:\/\/www.alquera.com\/wp-content\/uploads\/2020\/11\/logo_300_ancho.png","width":300,"height":86,"caption":"ALQUERA CIENCIA SL"},"image":{"@id":"https:\/\/www.alquera.com\/en\/#\/schema\/logo\/image\/"},"sameAs":["https:\/\/www.facebook.com\/alqueraciencia","https:\/\/www.instagram.com\/alquera_ciencia\/","https:\/\/www.youtube.com\/c\/alquera"]}]}},"_links":{"self":[{"href":"https:\/\/www.alquera.com\/de\/wp-json\/wp\/v2\/pages\/9431","targetHints":{"allow":["GET"]}}],"collection":[{"href":"https:\/\/www.alquera.com\/de\/wp-json\/wp\/v2\/pages"}],"about":[{"href":"https:\/\/www.alquera.com\/de\/wp-json\/wp\/v2\/types\/page"}],"author":[{"embeddable":true,"href":"https:\/\/www.alquera.com\/de\/wp-json\/wp\/v2\/users\/1"}],"replies":[{"embeddable":true,"href":"https:\/\/www.alquera.com\/de\/wp-json\/wp\/v2\/comments?post=9431"}],"version-history":[{"count":9,"href":"https:\/\/www.alquera.com\/de\/wp-json\/wp\/v2\/pages\/9431\/revisions"}],"predecessor-version":[{"id":40013,"href":"https:\/\/www.alquera.com\/de\/wp-json\/wp\/v2\/pages\/9431\/revisions\/40013"}],"up":[{"embeddable":true,"href":"https:\/\/www.alquera.com\/de\/wp-json\/wp\/v2\/pages\/32586"}],"wp:attachment":[{"href":"https:\/\/www.alquera.com\/de\/wp-json\/wp\/v2\/media?parent=9431"}],"curies":[{"name":"wp","href":"https:\/\/api.w.org\/{rel}","templated":true}]}}