{"id":9973,"date":"2020-11-06T15:44:22","date_gmt":"2020-11-06T15:44:22","guid":{"rendered":"http:\/\/www.alquerapruebas.es\/?page_id=9973"},"modified":"2026-02-23T13:56:37","modified_gmt":"2026-02-23T13:56:37","slug":"usos","status":"publish","type":"page","link":"https:\/\/www.alquera.com\/de\/poliacrilato-de-sodio\/usos\/","title":{"rendered":"Verwendung von Natriumpolyacrylat"},"content":{"rendered":"<p>Die\u00a0<a href=\"https:\/\/www.alquera.com\/de\/poliacrilato-de-sodio\/\">Natriumpolyacrylat<\/a>\u00a0ist ein superabsorbierendes Polymer in Form eines wei\u00dfen Pulvers, das, wenn es Wasser aufnimmt, die Form und Beschaffenheit eines wei\u00dfen Wassergels annimmt. Diese F\u00e4higkeit, Wasser zu absorbieren, ist der Hauptgrund f\u00fcr die Verwendung von Natriumpolyacrylat, auf die wir im Folgenden eingehen werden.\u00a0<\/p>\r\n\r\n<figure class=\"wp-block-image size-large\"><img loading=\"lazy\" decoding=\"async\" width=\"700\" height=\"302\" class=\"wp-image-10241\" src=\"https:\/\/www.alquera.com\/wp-content\/uploads\/2020\/11\/poliacrilato-de-sodio-que-es.png\" alt=\"USOS POLIACRILATO DE SODIO\" srcset=\"https:\/\/www.alquera.com\/wp-content\/uploads\/2020\/11\/poliacrilato-de-sodio-que-es.png 700w, https:\/\/www.alquera.com\/wp-content\/uploads\/2020\/11\/poliacrilato-de-sodio-que-es-300x129.png 300w, https:\/\/www.alquera.com\/wp-content\/uploads\/2020\/11\/poliacrilato-de-sodio-que-es-600x259.png 600w, https:\/\/www.alquera.com\/wp-content\/uploads\/2020\/11\/poliacrilato-de-sodio-que-es-64x28.png 64w\" sizes=\"auto, (max-width: 700px) 100vw, 700px\" \/><\/figure>\r\n\r\n<p>&nbsp;<\/p>\r\n\r\n\r\n\r\n<h2 class=\"wp-block-heading\">SUPERABSORBIEREND IN BABYWINDELN, DAMENBINDEN, DAMENBINDEN<\/h2>\r\n\r\n\r\n\r\n<p>Einer der Hauptverwendungszwecke von Natriumpolyacrylat ist seine Leistung als Superwasserabsorber in Babywindeln und Damenbinden. Obwohl die Hersteller nicht verpflichtet sind, jedes einzelne Material in Windeln und Damenbinden anzugeben, haben sie alle eine \u00e4hnliche Struktur. Sie bestehen aus 2 Einlagen: einer \u00e4u\u00dferen, die die Windel oder Einlage von der Haut isoliert, und einer inneren, die Fl\u00fcssigkeit durchl\u00e4sst. In der Mitte befindet sich ein saugf\u00e4higes Material, ein Pulver aus Natriumpolyacrylat, das f\u00fcr die Absorption sowohl von Windeln als auch von Damenbinden verantwortlich ist.\u00a0<\/p>\r\n\r\n\r\n\r\n<h2 class=\"wp-block-heading\">K\u00dcHLPACKS (PADS)<\/h2>\r\n\r\n\r\n\r\n<p>K\u00e4ltekompressen, die sich im gefrorenen Zustand wie ein Gel verhalten, enthalten in ihrem Inneren Natriumpolyacrylat, das der Kompresse die Festigkeit einer K\u00e4ltekompresse verleiht, indem es das Wasser zur\u00fcckh\u00e4lt.\u00a0<\/p>\r\n\r\n\r\n\r\n<h2 class=\"wp-block-heading\">TRANSPORT LEBENSMITTEL\u00a0<\/h2>\r\n\r\n\r\n\r\n<p>Um das Versch\u00fctten von Fl\u00fcssigkeiten beim Transport einiger Lebensmittel, z. B. Fleisch, zu vermeiden, werden gepolsterte Folien mit Natriumpolyacrylat verwendet, um Fl\u00fcssigkeiten aufzusaugen. Bei Fleisch sehen Sie in den einzelnen Schalen die Folie, die darunter liegt, um eventuell austretendes Blut aufzusaugen.\u00a0<\/p>\r\n\r\n\r\n\r\n<h2 class=\"wp-block-heading\">CHELATBILDENDES MITTEL<\/h2>\r\n\r\n\r\n\r\n<p>Natriumpolyacrylat kann nicht nur Wasser in seinen Ionen einschlie\u00dfen, sondern auch einige im Wasser enthaltene Metalle wie Magnesium, Eisen oder Zink abfangen. Dies tr\u00e4gt dazu bei, dass bestimmte Detergenzien besser wirken.<\/p>\r\n\r\n\r\n\r\n<p>Chelatbildner neutralisieren das Vorhandensein von Schwermetallen im Wasser, Schmutz und anderen Substanzen, die sich in der W\u00e4sche befinden k\u00f6nnen, wodurch das Waschmittel reiner und effektiver bei der Reinigung und Neutralisierung von W\u00e4scheger\u00fcchen wird.<\/p>\r\n\r\n\r\n\r\n<h2 class=\"wp-block-heading\">VERDICKUNGSMITTEL<\/h2>\r\n\r\n\r\n\r\n<p>Ein weiterer Verwendungszweck von Natriumpolyacrylat ist die Verwendung als Verdickungsmittel sowohl in industriellen Prozessen als auch in Kosmetika. Als Verdickungsmittel verbessert es die Viskosit\u00e4t von Verbindungen auf Wasserbasis und erh\u00f6ht deren Stabilit\u00e4t.\u00a0<\/p>\r\n\r\n\r\n\r\n<h2 class=\"wp-block-heading\">BESCHICHTUNG<\/h2>\r\n\r\n\r\n\r\n<p>In einigen Elektroinstallationen, die mit Wasser in Ber\u00fchrung kommen m\u00fcssen, werden die Kabel mit Natriumpolyacrylat beschichtet. Auf diese Weise wird jedes kleine Leck von dem Natriumpolyacrylat absorbiert, auch wenn die Leitungen gut isoliert sind.<\/p>\r\n\r\n\r\n\r\n<h2 class=\"wp-block-heading\">LANDWIRTSCHAFT<\/h2>\r\n\r\n\r\n\r\n<p>Superabsorber werden zunehmend zur Wasserspeicherung eingesetzt, um den Boden \u00fcber einen l\u00e4ngeren Zeitraum feucht zu halten. Es wird jedoch empfohlen, zu diesem Zweck Folgendes zu verwenden\u00a0<a href=\"https:\/\/www.alquera.com\/de\/poliacrilato-de-potasio\/\">Kaliumpolyacrylat<\/a>\u00a0o\u00a0<a href=\"https:\/\/www.alquera.com\/de\/hidrogel\/\">Hydrogel<\/a>\u00a0(dasselbe Produkt), die ebenfalls ein hervorragender Wasserabsorber sind, bei denen aber keine Gefahr einer Natriumvergiftung der Pflanzen besteht. Die Vorteile des Einsatzes eines Wasserabsorbers zur Einsparung von Bew\u00e4sserungszeit und -kosten liegen auf der Hand.\u00a0<\/p>\r\n\r\n\r\n\r\n<h2 class=\"wp-block-heading\">WISSENSCHAFTLICHER VERSUCH<\/h2>\r\n\r\n\r\n\r\n<p>Natriumpolyacrylat ist eines der am h\u00e4ufigsten verwendeten Produkte auf wissenschaftlichen Messen und Veranstaltungen. Die Beobachtung der Wasseraufnahme von Natriumpolyacrylat ist ein Polymerexperiment. Zus\u00e4tzlich zu diesem Experiment sieht das Polyacrylat, nachdem es Wasser absorbiert hat und mit Luft in Ber\u00fchrung gekommen ist, wie Kunstschnee aus. Das macht das Experiment zu einem spannenden und unterhaltsamen wissenschaftlichen Experiment. Natriumpolyacrylat wird h\u00e4ufig als Basis f\u00fcr Pulverprodukte zur Herstellung von Kunstschnee verwendet. Weitere Informationen finden Sie hier:\u00a0<a href=\"https:\/\/www.alquera.com\/de\/nieve-artificial\/\">Kunstschnee auf Natriumpolyacrylat-Basis<\/a>.<\/p>\r\n\r\n\r\n\r\n<figure class=\"wp-block-image size-large is-resized\"><img loading=\"lazy\" decoding=\"async\" class=\"wp-image-10244\" src=\"https:\/\/www.alquera.com\/wp-content\/uploads\/2020\/11\/NIEVE-CON-POLIACRILATO-DE-SODIO.png\" alt=\"\" width=\"500\" height=\"400\" srcset=\"https:\/\/www.alquera.com\/wp-content\/uploads\/2020\/11\/NIEVE-CON-POLIACRILATO-DE-SODIO.png 800w, https:\/\/www.alquera.com\/wp-content\/uploads\/2020\/11\/NIEVE-CON-POLIACRILATO-DE-SODIO-300x240.png 300w, https:\/\/www.alquera.com\/wp-content\/uploads\/2020\/11\/NIEVE-CON-POLIACRILATO-DE-SODIO-768x614.png 768w, https:\/\/www.alquera.com\/wp-content\/uploads\/2020\/11\/NIEVE-CON-POLIACRILATO-DE-SODIO-600x480.png 600w, https:\/\/www.alquera.com\/wp-content\/uploads\/2020\/11\/NIEVE-CON-POLIACRILATO-DE-SODIO-64x51.png 64w\" sizes=\"auto, (max-width: 500px) 100vw, 500px\" \/><\/figure>\r\n\r\n\r\n\r\n<h2 class=\"wp-block-heading\">EIGENSCHAFTEN VON NATRIUMPOLYACRYLAT<\/h2>\r\n\r\n\r\n\r\n<p>Die Formel und die Eigenschaften von Natriumpolyacrylat k\u00f6nnen Sie in diesem Abschnitt nachlesen:\u00a0<a href=\"https:\/\/www.alquera.com\/de\/poliacrilato-de-sodio\/propiedades\/\">Eigenschaften von Natriumpolyacrylat<\/a><\/p>\r\n\r\n\r\n\r\n<h3 class=\"widget-title\">Kaufen <\/h3><div><div class=\"woocommerce\"><ul class=\"products columns-4\">\n<li class=\"desktop-align-left tablet-align-left mobile-align-left ast-product-gallery-layout-horizontal-slider ast-magnify-disabled ast-product-single-variable ast-product-tabs-layout-horizontal ast-qv-on-image product type-product post-495 status-publish first instock product_cat-productos-experimentos product_cat-productos has-post-thumbnail taxable shipping-taxable purchasable product-type-variable has-default-attributes\">\n\t<a href=\"https:\/\/www.alquera.com\/de\/permanganato-de-potasio\/\" class=\"woocommerce-LoopProduct-link woocommerce-loop-product__link\"><img loading=\"lazy\" decoding=\"async\" width=\"300\" height=\"300\" src=\"https:\/\/www.alquera.com\/wp-content\/uploads\/2016\/01\/permanganato-200g-foto-nueva-300x300.png\" class=\"attachment-woocommerce_thumbnail size-woocommerce_thumbnail\" alt=\"permanganato 200g\" srcset=\"https:\/\/www.alquera.com\/wp-content\/uploads\/2016\/01\/permanganato-200g-foto-nueva-300x300.png 300w, https:\/\/www.alquera.com\/wp-content\/uploads\/2016\/01\/permanganato-200g-foto-nueva-150x150.png 150w, https:\/\/www.alquera.com\/wp-content\/uploads\/2016\/01\/permanganato-200g-foto-nueva-12x12.png 12w, https:\/\/www.alquera.com\/wp-content\/uploads\/2016\/01\/permanganato-200g-foto-nueva-100x100.png 100w\" sizes=\"auto, (max-width: 300px) 100vw, 300px\" \/><h2 class=\"woocommerce-loop-product__title\">Kaliumpermanganat<\/h2><div class=\"review-rating\"><div class=\"star-rating\"><span style=\"width:100%\" data-no-translation=\"\" data-trp-gettext=\"\">Bewertet mit <strong class=\"rating\">5.00<\/strong> von 5<\/span><\/div><\/div>\n<\/a><a href=\"https:\/\/www.alquera.com\/de\/permanganato-de-potasio\/\" aria-describedby=\"woocommerce_loop_add_to_cart_link_describedby_495\" data-quantity=\"1\" class=\"button product_type_variable add_to_cart_button\" data-product_id=\"495\" data-product_sku=\"AL100111\" aria-label=\"W\u00e4hle Optionen f\u00fcr \u201ePermanganato de Potasio\u201c\" rel=\"nofollow\" data-no-translation=\"\" data-trp-gettext=\"\" data-no-translation-aria-label=\"\">Ausf\u00fchrung w\u00e4hlen<\/a>\t<span id=\"woocommerce_loop_add_to_cart_link_describedby_495\" class=\"screen-reader-text\">\n\t\tDieses Produkt weist mehrere Varianten auf. Die Optionen k\u00f6nnen auf der Produktseite gew\u00e4hlt werden\t<\/span>\n<\/li>\n<\/ul>\n<\/div><\/div>","protected":false},"excerpt":{"rendered":"<p>SUPERABSORBENTE EN PA\u00d1ALES BEB\u00c9S, COMPRESAS SANITARIAS El poliacrilato de sodio tiene uno de sus usos principales en su comportamiento como super absorbente de agua, en los pa\u00f1ales de los beb\u00e9s, compresas sanitarias. Aunque las compa\u00f1\u00edas fabricantes no est\u00e1n obligadas a desvelar cada material espec\u00edfico en los pa\u00f1ales y en las compresas sanitarias, todas tienen una [&hellip;]<\/p>\n","protected":false},"author":1,"featured_media":0,"parent":32595,"menu_order":0,"comment_status":"open","ping_status":"closed","template":"","meta":{"_acf_changed":false,"site-sidebar-layout":"left-sidebar","site-content-layout":"","ast-site-content-layout":"default","site-content-style":"default","site-sidebar-style":"default","ast-global-header-display":"","ast-banner-title-visibility":"","ast-main-header-display":"","ast-hfb-above-header-display":"","ast-hfb-below-header-display":"","ast-hfb-mobile-header-display":"","site-post-title":"","ast-breadcrumbs-content":"","ast-featured-img":"","footer-sml-layout":"","ast-disable-related-posts":"","theme-transparent-header-meta":"","adv-header-id-meta":"","stick-header-meta":"","header-above-stick-meta":"","header-main-stick-meta":"","header-below-stick-meta":"","astra-migrate-meta-layouts":"set","ast-page-background-enabled":"default","ast-page-background-meta":{"desktop":{"background-color":"var(--ast-global-color-4)","background-image":"","background-repeat":"repeat","background-position":"center center","background-size":"auto","background-attachment":"scroll","background-type":"","background-media":"","overlay-type":"","overlay-color":"","overlay-opacity":"","overlay-gradient":""},"tablet":{"background-color":"","background-image":"","background-repeat":"repeat","background-position":"center center","background-size":"auto","background-attachment":"scroll","background-type":"","background-media":"","overlay-type":"","overlay-color":"","overlay-opacity":"","overlay-gradient":""},"mobile":{"background-color":"","background-image":"","background-repeat":"repeat","background-position":"center center","background-size":"auto","background-attachment":"scroll","background-type":"","background-media":"","overlay-type":"","overlay-color":"","overlay-opacity":"","overlay-gradient":""}},"ast-content-background-meta":{"desktop":{"background-color":"var(--ast-global-color-5)","background-image":"","background-repeat":"repeat","background-position":"center center","background-size":"auto","background-attachment":"scroll","background-type":"","background-media":"","overlay-type":"","overlay-color":"","overlay-opacity":"","overlay-gradient":""},"tablet":{"background-color":"var(--ast-global-color-5)","background-image":"","background-repeat":"repeat","background-position":"center center","background-size":"auto","background-attachment":"scroll","background-type":"","background-media":"","overlay-type":"","overlay-color":"","overlay-opacity":"","overlay-gradient":""},"mobile":{"background-color":"var(--ast-global-color-5)","background-image":"","background-repeat":"repeat","background-position":"center center","background-size":"auto","background-attachment":"scroll","background-type":"","background-media":"","overlay-type":"","overlay-color":"","overlay-opacity":"","overlay-gradient":""}},"footnotes":""},"class_list":["post-9973","page","type-page","status-publish","hentry"],"acf":[],"yoast_head":"<!-- This site is optimized with the Yoast SEO Premium plugin v27.1 (Yoast SEO v27.1.1) - https:\/\/yoast.com\/product\/yoast-seo-premium-wordpress\/ -->\n<title>Usos Poliacrilato de Sodio - Alquera.com<\/title>\n<meta name=\"description\" content=\"El poliacrilato de sodio tiene multitud de usos gracias a su capacidad de absorci\u00f3n de agua; ver usos y caracter\u00edsticas.\" \/>\n<meta name=\"robots\" content=\"index, follow, max-snippet:-1, max-image-preview:large, max-video-preview:-1\" \/>\n<link rel=\"canonical\" href=\"https:\/\/www.alquera.com\/de\/poliacrilato-de-sodio\/usos\/\" \/>\n<meta property=\"og:locale\" content=\"de_DE\" \/>\n<meta property=\"og:type\" content=\"article\" \/>\n<meta property=\"og:title\" content=\"Usos Poliacrilato de Sodio\" \/>\n<meta property=\"og:description\" content=\"El poliacrilato de sodio tiene multitud de usos gracias a su capacidad de absorci\u00f3n de agua; ver usos y caracter\u00edsticas.\" \/>\n<meta property=\"og:url\" content=\"https:\/\/www.alquera.com\/de\/poliacrilato-de-sodio\/usos\/\" \/>\n<meta property=\"og:site_name\" content=\"Alquera.com\" \/>\n<meta property=\"article:publisher\" content=\"https:\/\/www.facebook.com\/alqueraciencia\" \/>\n<meta property=\"article:modified_time\" content=\"2026-02-23T13:56:37+00:00\" \/>\n<meta property=\"og:image\" content=\"https:\/\/www.alquera.com\/wp-content\/uploads\/2020\/11\/poliacrilato-de-sodio-que-es.png\" \/>\n\t<meta property=\"og:image:width\" content=\"700\" \/>\n\t<meta property=\"og:image:height\" content=\"302\" \/>\n\t<meta property=\"og:image:type\" content=\"image\/png\" \/>\n<meta name=\"twitter:card\" content=\"summary_large_image\" \/>\n<meta name=\"twitter:label1\" content=\"Gesch\u00e4tzte Lesezeit\" \/>\n\t<meta name=\"twitter:data1\" content=\"4\u00a0Minuten\" \/>\n<script type=\"application\/ld+json\" class=\"yoast-schema-graph\">{\"@context\":\"https:\/\/schema.org\",\"@graph\":[{\"@type\":\"WebPage\",\"@id\":\"https:\/\/www.alquera.com\/poliacrilato-de-sodio\/usos\/\",\"url\":\"https:\/\/www.alquera.com\/poliacrilato-de-sodio\/usos\/\",\"name\":\"Usos Poliacrilato de Sodio - Alquera.com\",\"isPartOf\":{\"@id\":\"https:\/\/www.alquera.com\/en\/#website\"},\"primaryImageOfPage\":{\"@id\":\"https:\/\/www.alquera.com\/poliacrilato-de-sodio\/usos\/#primaryimage\"},\"image\":{\"@id\":\"https:\/\/www.alquera.com\/poliacrilato-de-sodio\/usos\/#primaryimage\"},\"thumbnailUrl\":\"https:\/\/www.alquera.com\/wp-content\/uploads\/2020\/11\/poliacrilato-de-sodio-que-es.png\",\"datePublished\":\"2020-11-06T15:44:22+00:00\",\"dateModified\":\"2026-02-23T13:56:37+00:00\",\"description\":\"El poliacrilato de sodio tiene multitud de usos gracias a su capacidad de absorci\u00f3n de agua; ver usos y caracter\u00edsticas.\",\"breadcrumb\":{\"@id\":\"https:\/\/www.alquera.com\/poliacrilato-de-sodio\/usos\/#breadcrumb\"},\"inLanguage\":\"de\",\"potentialAction\":[{\"@type\":\"ReadAction\",\"target\":[\"https:\/\/www.alquera.com\/poliacrilato-de-sodio\/usos\/\"]}]},{\"@type\":\"ImageObject\",\"inLanguage\":\"de\",\"@id\":\"https:\/\/www.alquera.com\/poliacrilato-de-sodio\/usos\/#primaryimage\",\"url\":\"https:\/\/www.alquera.com\/wp-content\/uploads\/2020\/11\/poliacrilato-de-sodio-que-es.png\",\"contentUrl\":\"https:\/\/www.alquera.com\/wp-content\/uploads\/2020\/11\/poliacrilato-de-sodio-que-es.png\"},{\"@type\":\"BreadcrumbList\",\"@id\":\"https:\/\/www.alquera.com\/poliacrilato-de-sodio\/usos\/#breadcrumb\",\"itemListElement\":[{\"@type\":\"ListItem\",\"position\":1,\"name\":\"Inicio\",\"item\":\"https:\/\/www.alquera.com\/\"},{\"@type\":\"ListItem\",\"position\":2,\"name\":\"Poliacrilato de Sodio\",\"item\":\"https:\/\/www.alquera.com\/poliacrilato-de-sodio\/\"},{\"@type\":\"ListItem\",\"position\":3,\"name\":\"Usos Poliacrilato de Sodio\"}]},{\"@type\":\"WebSite\",\"@id\":\"https:\/\/www.alquera.com\/en\/#website\",\"url\":\"https:\/\/www.alquera.com\/en\/\",\"name\":\"Alquera.com\",\"description\":\"Tienda Online Productos Qu\u00edmicos y Material de Laboratorio\",\"publisher\":{\"@id\":\"https:\/\/www.alquera.com\/en\/#organization\"},\"potentialAction\":[{\"@type\":\"SearchAction\",\"target\":{\"@type\":\"EntryPoint\",\"urlTemplate\":\"https:\/\/www.alquera.com\/en\/?s={search_term_string}\"},\"query-input\":{\"@type\":\"PropertyValueSpecification\",\"valueRequired\":true,\"valueName\":\"search_term_string\"}}],\"inLanguage\":\"de\"},{\"@type\":\"Organization\",\"@id\":\"https:\/\/www.alquera.com\/en\/#organization\",\"name\":\"ALQUERA CIENCIA SL\",\"url\":\"https:\/\/www.alquera.com\/en\/\",\"logo\":{\"@type\":\"ImageObject\",\"inLanguage\":\"de\",\"@id\":\"https:\/\/www.alquera.com\/en\/#\/schema\/logo\/image\/\",\"url\":\"https:\/\/www.alquera.com\/wp-content\/uploads\/2020\/11\/logo_300_ancho.png\",\"contentUrl\":\"https:\/\/www.alquera.com\/wp-content\/uploads\/2020\/11\/logo_300_ancho.png\",\"width\":300,\"height\":86,\"caption\":\"ALQUERA CIENCIA SL\"},\"image\":{\"@id\":\"https:\/\/www.alquera.com\/en\/#\/schema\/logo\/image\/\"},\"sameAs\":[\"https:\/\/www.facebook.com\/alqueraciencia\",\"https:\/\/www.instagram.com\/alquera_ciencia\/\",\"https:\/\/www.youtube.com\/c\/alquera\"]}]}<\/script>\n<!-- \/ Yoast SEO Premium plugin. -->","yoast_head_json":{"title":"Verwendung von Natriumpolyacrylat - Alquera.com","description":"Natriumpolyacrylat hat dank seiner Wasseraufnahmef\u00e4higkeit eine Vielzahl von Verwendungsm\u00f6glichkeiten; siehe Verwendung und Eigenschaften.","robots":{"index":"index","follow":"follow","max-snippet":"max-snippet:-1","max-image-preview":"max-image-preview:large","max-video-preview":"max-video-preview:-1"},"canonical":"https:\/\/www.alquera.com\/de\/poliacrilato-de-sodio\/usos\/","og_locale":"de_DE","og_type":"article","og_title":"Usos Poliacrilato de Sodio","og_description":"El poliacrilato de sodio tiene multitud de usos gracias a su capacidad de absorci\u00f3n de agua; ver usos y caracter\u00edsticas.","og_url":"https:\/\/www.alquera.com\/de\/poliacrilato-de-sodio\/usos\/","og_site_name":"Alquera.com","article_publisher":"https:\/\/www.facebook.com\/alqueraciencia","article_modified_time":"2026-02-23T13:56:37+00:00","og_image":[{"width":700,"height":302,"url":"https:\/\/www.alquera.com\/wp-content\/uploads\/2020\/11\/poliacrilato-de-sodio-que-es.png","type":"image\/png"}],"twitter_card":"summary_large_image","twitter_misc":{"Gesch\u00e4tzte Lesezeit":"4\u00a0Minuten"},"schema":{"@context":"https:\/\/schema.org","@graph":[{"@type":"WebPage","@id":"https:\/\/www.alquera.com\/poliacrilato-de-sodio\/usos\/","url":"https:\/\/www.alquera.com\/poliacrilato-de-sodio\/usos\/","name":"Verwendung von Natriumpolyacrylat - Alquera.com","isPartOf":{"@id":"https:\/\/www.alquera.com\/en\/#website"},"primaryImageOfPage":{"@id":"https:\/\/www.alquera.com\/poliacrilato-de-sodio\/usos\/#primaryimage"},"image":{"@id":"https:\/\/www.alquera.com\/poliacrilato-de-sodio\/usos\/#primaryimage"},"thumbnailUrl":"https:\/\/www.alquera.com\/wp-content\/uploads\/2020\/11\/poliacrilato-de-sodio-que-es.png","datePublished":"2020-11-06T15:44:22+00:00","dateModified":"2026-02-23T13:56:37+00:00","description":"Natriumpolyacrylat hat dank seiner Wasseraufnahmef\u00e4higkeit eine Vielzahl von Verwendungsm\u00f6glichkeiten; siehe Verwendung und Eigenschaften.","breadcrumb":{"@id":"https:\/\/www.alquera.com\/poliacrilato-de-sodio\/usos\/#breadcrumb"},"inLanguage":"de","potentialAction":[{"@type":"ReadAction","target":["https:\/\/www.alquera.com\/poliacrilato-de-sodio\/usos\/"]}]},{"@type":"ImageObject","inLanguage":"de","@id":"https:\/\/www.alquera.com\/poliacrilato-de-sodio\/usos\/#primaryimage","url":"https:\/\/www.alquera.com\/wp-content\/uploads\/2020\/11\/poliacrilato-de-sodio-que-es.png","contentUrl":"https:\/\/www.alquera.com\/wp-content\/uploads\/2020\/11\/poliacrilato-de-sodio-que-es.png"},{"@type":"BreadcrumbList","@id":"https:\/\/www.alquera.com\/poliacrilato-de-sodio\/usos\/#breadcrumb","itemListElement":[{"@type":"ListItem","position":1,"name":"Inicio","item":"https:\/\/www.alquera.com\/"},{"@type":"ListItem","position":2,"name":"Poliacrilato de Sodio","item":"https:\/\/www.alquera.com\/poliacrilato-de-sodio\/"},{"@type":"ListItem","position":3,"name":"Usos Poliacrilato de Sodio"}]},{"@type":"WebSite","@id":"https:\/\/www.alquera.com\/en\/#website","url":"https:\/\/www.alquera.com\/en\/","name":"Alquera.com","description":"Online Shop Chemische Produkte und Laborger\u00e4te","publisher":{"@id":"https:\/\/www.alquera.com\/en\/#organization"},"potentialAction":[{"@type":"SearchAction","target":{"@type":"EntryPoint","urlTemplate":"https:\/\/www.alquera.com\/en\/?s={search_term_string}"},"query-input":{"@type":"PropertyValueSpecification","valueRequired":true,"valueName":"search_term_string"}}],"inLanguage":"de"},{"@type":"Organization","@id":"https:\/\/www.alquera.com\/en\/#organization","name":"ALQUERA CIENCIA SL","url":"https:\/\/www.alquera.com\/en\/","logo":{"@type":"ImageObject","inLanguage":"de","@id":"https:\/\/www.alquera.com\/en\/#\/schema\/logo\/image\/","url":"https:\/\/www.alquera.com\/wp-content\/uploads\/2020\/11\/logo_300_ancho.png","contentUrl":"https:\/\/www.alquera.com\/wp-content\/uploads\/2020\/11\/logo_300_ancho.png","width":300,"height":86,"caption":"ALQUERA CIENCIA SL"},"image":{"@id":"https:\/\/www.alquera.com\/en\/#\/schema\/logo\/image\/"},"sameAs":["https:\/\/www.facebook.com\/alqueraciencia","https:\/\/www.instagram.com\/alquera_ciencia\/","https:\/\/www.youtube.com\/c\/alquera"]}]}},"_links":{"self":[{"href":"https:\/\/www.alquera.com\/de\/wp-json\/wp\/v2\/pages\/9973","targetHints":{"allow":["GET"]}}],"collection":[{"href":"https:\/\/www.alquera.com\/de\/wp-json\/wp\/v2\/pages"}],"about":[{"href":"https:\/\/www.alquera.com\/de\/wp-json\/wp\/v2\/types\/page"}],"author":[{"embeddable":true,"href":"https:\/\/www.alquera.com\/de\/wp-json\/wp\/v2\/users\/1"}],"replies":[{"embeddable":true,"href":"https:\/\/www.alquera.com\/de\/wp-json\/wp\/v2\/comments?post=9973"}],"version-history":[{"count":11,"href":"https:\/\/www.alquera.com\/de\/wp-json\/wp\/v2\/pages\/9973\/revisions"}],"predecessor-version":[{"id":56847,"href":"https:\/\/www.alquera.com\/de\/wp-json\/wp\/v2\/pages\/9973\/revisions\/56847"}],"up":[{"embeddable":true,"href":"https:\/\/www.alquera.com\/de\/wp-json\/wp\/v2\/pages\/32595"}],"wp:attachment":[{"href":"https:\/\/www.alquera.com\/de\/wp-json\/wp\/v2\/media?parent=9973"}],"curies":[{"name":"wp","href":"https:\/\/api.w.org\/{rel}","templated":true}]}}