{"id":9976,"date":"2020-11-06T15:51:40","date_gmt":"2020-11-06T15:51:40","guid":{"rendered":"http:\/\/www.alquerapruebas.es\/?page_id=9976"},"modified":"2026-02-23T14:46:31","modified_gmt":"2026-02-23T14:46:31","slug":"usos-hidrogel","status":"publish","type":"page","link":"https:\/\/www.alquera.com\/de\/hidrogel\/usos-hidrogel\/","title":{"rendered":"Verwendet Hydrogel f\u00fcr Pflanzen"},"content":{"rendered":"<h1 class=\"wp-block-heading\" id=\"h-que-es-el-hidrogel\">WAS IST HYDROGEL?<\/h1>\n\n\n\n<p>Die&nbsp;<strong>Hydrogel<\/strong>&nbsp;ist ein Wasserreservoir. Sie besteht aus einer&nbsp;<a href=\"https:\/\/www.alquera.com\/de\/polimeros-super-absorbentes\/\">superabsorbierendes Polymer<\/a>&nbsp;Wasser genannt&nbsp;<strong>Kaliumpolyacrylat<\/strong>. Ein superabsorbierendes Polymer ist ein Material, das in der Lage ist, gro\u00dfe Mengen an Wasser aufzunehmen und es anschlie\u00dfend langsam wieder abzugeben. Die&nbsp;<a href=\"https:\/\/www.alquera.com\/de\/hidrogel\/\">Hydrogel<\/a>&nbsp;geh\u00f6rt zu dieser Art von Material. Es handelt sich um ein Material, das trocken und in Form von wei\u00dfen Kristallen von 1-2 mm Gr\u00f6\u00dfe vorliegt. Seine Hauptverwendung ist in&nbsp;<strong>Landwirtschaft<\/strong>. Auch bekannt als fester Regen, Wasserr\u00fcckhaltemittel, Kaliumpolyacrylat, Wassergel, Wasserkristalle.&nbsp;<\/p>\n\n\n\n<figure class=\"wp-block-image size-large\"><img loading=\"lazy\" decoding=\"async\" width=\"700\" height=\"302\" class=\"wp-image-10230\" src=\"https:\/\/www.alquera.com\/wp-content\/uploads\/2020\/11\/HIDROGEL-PARA-PLANTAS.png\" alt=\"\" srcset=\"https:\/\/www.alquera.com\/wp-content\/uploads\/2020\/11\/HIDROGEL-PARA-PLANTAS.png 700w, https:\/\/www.alquera.com\/wp-content\/uploads\/2020\/11\/HIDROGEL-PARA-PLANTAS-300x129.png 300w, https:\/\/www.alquera.com\/wp-content\/uploads\/2020\/11\/HIDROGEL-PARA-PLANTAS-600x259.png 600w, https:\/\/www.alquera.com\/wp-content\/uploads\/2020\/11\/HIDROGEL-PARA-PLANTAS-64x28.png 64w\" sizes=\"auto, (max-width: 700px) 100vw, 700px\" \/><\/figure>\r\n<h2>ANWENDUNGEN VON HYDROGEL\u00a0<\/h2>\r\n<p>\n\n\n\n<\/p>\r\n<p>Hydrogelkristalle k\u00f6nnen f\u00fcr alle Anwendungen verwendet werden, bei denen eine Wasserr\u00fcckhaltung erforderlich ist. Ihr Hauptzweck ist <strong>in der Landwirtschaft<\/strong> zur Wassereinsparung in der Landwirtschaft, da es Wasser zur\u00fcckh\u00e4lt, um Zeit und Bew\u00e4sserungskosten zu sparen.  Das Hydrogel ist sowohl f\u00fcr kleine T\u00f6pfe, zur Wurzelpflege, als auch f\u00fcr gro\u00dfe Fl\u00e4chen geeignet.<\/p>\n\n\n\n<p><\/p>\n\n\n\n\n\n<h3 class=\"wp-block-heading\">WASSERSPEICHER F\u00dcR PFLANZEN<\/h3>\n\n\n\n<p>Trockene Hydrogelkristalle haben die F\u00e4higkeit, Wasser zu absorbieren und anschlie\u00dfend wieder abzugeben. Dies macht das Hydrogel zu einem hervorragenden Verb\u00fcndeten bei der Einsparung von Bew\u00e4sserungswasser und der Nutzung von Regenwasser. Alquera-Hydrogel hat eine Absorptionskapazit\u00e4t von bis zum 300-fachen seines Gewichts in Wasser. Das vom Polymer absorbierte Wasser kann von den Wurzeln aller Arten von Nutzpflanzen, Pflanzen, Gem\u00fcse, Blumen usw. aufgenommen werden. Die Wasserr\u00fcckhaltung des Hydrogels h\u00e4ngt von der Art des Hydrogels und dem Salzgehalt des darauf aufgebrachten Wassers ab. Hier geben wir Ihnen die Wasseraufnahmekapazit\u00e4t des Hydrogels an, das Sie in Alquera finden (siehe <a href=\"https:\/\/www.alquera.com\/de\/hidrogel\/\">Alquera-Hydrogel<\/a>), mit Leitungswasser von 2 Promille Salzgehalt (Standardmessung).<\/p>\n\n\n\n<ul class=\"wp-block-list\">\r\n<li>1 Gramm Hydrogel absorbiert bis zu 300 ml Wasser<\/li>\r\n<li>3,3 Gramm Hydrogel absorbieren bis zu 1 Liter Wasser<\/li>\r\n<li>200 Gramm Hydrogel absorbieren bis zu 60 Liter Wasser.<\/li>\r\n<li>1 kg Hydrogel absorbiert bis zu 300 l Wasser.<\/li>\r\n<\/ul>\r\n<h3>TECHNISCHE EIGENSCHAFTEN HYDROGEL<\/h3>\r\n<p>In diesem Abschnitt k\u00f6nnen Sie die <a href=\"https:\/\/www.alquera.com\/de\/hidrogel\/propiedades\/\">technische Eigenschaften des Hydrogels<\/a>.<\/p>\r\n<h3>HYDROGEL-ANWENDUNGSLEITFADEN LANDWIRTSCHAFT<\/h3>\r\n<p>\n\n\n\n<\/p>\r\n<p>Von\u00a0<strong>Referenz<\/strong>\u00a0Die Ausbringungsmenge betr\u00e4gt 2-4 g trockenes Hydrogel pro Liter Substrat oder 100-400 g Hydrogel pro Baum (je nach Gr\u00f6\u00dfe).<\/p>\r\n<p>\n\n\n\n<\/p>\n<p>Zu sehen\u00a0<strong>Dosierung und Anwendung<\/strong>\u00a0in diesem Abschnitt f\u00fcr Alquera-Hydrogel empfohlen:\u00a0<a href=\"https:\/\/www.alquera.com\/de\/hidrogel\/guia-aplicacion\/\">Verwendung von Hydrogelen in der Landwirtschaft<\/a>.<\/p>\n\n\n\n<h3 class=\"wp-block-heading\">VORTEILE BEI DER VERWENDUNG VON HYDROGEL<\/h3>\n\n\n\n<p>Durch die wasserspeichernden Eigenschaften des Hydrogels ergeben sich f\u00fcr die Pflanzen eine Reihe von Vorteilen, die im Folgenden aufgef\u00fchrt werden:<\/p>\n\n\n\n<ul class=\"wp-block-list\">\n<li><strong>Verbesserung der Aussaat:&nbsp;<\/strong>Die Verwendung von Hydrogel verbessert die Keimungsrate der Samen. Auch die \u00dcberlebensrate bei S\u00e4mlingstransplantationen.<\/li>\n\n\n\n<li><strong>Wurzeln:&nbsp;<\/strong>Die Verwendung von Hydrogel f\u00f6rdert die Wurzelentwicklung und erh\u00f6ht die Widerstandsf\u00e4higkeit der Samen gegen Wachstumskrankheiten.<\/li>\n\n\n\n<li><strong>Wassereinsparung:&nbsp;<\/strong>Durch die R\u00fcckhaltung von Bew\u00e4sserungs- und Regenwasser werden Wassereinsparungen erzielt, die Widerstandsf\u00e4higkeit gegen Trockenheit erh\u00f6ht, die Wasserreserven des Bodens vergr\u00f6\u00dfert und die Wirksamkeit von Bew\u00e4sserung und Niederschl\u00e4gen verbessert.<\/li>\n\n\n\n<li><strong>Durchl\u00e4ssige B\u00f6den:&nbsp;<\/strong>Verbesserung der Bodendurchl\u00e4ssigkeit und des Einsatzes organischer Stoffe im Boden.<\/li>\n\n\n\n<li><strong>Befruchtung:&nbsp;<\/strong>Verbesserung der D\u00fcngewirkung, Verringerung der N\u00e4hrstoffverluste und Schutz der unterirdischen Wasserlandschaft.<\/li>\n\n\n\n<li><strong>Optimum in Pflanzen:&nbsp;<\/strong>Sie schadet den Pflanzen langfristig nicht, verbessert die Bodenfruchtbarkeit und reduziert den Besatz.<\/li>\n<\/ul>\n\n\n\n<p>&nbsp;<\/p>\n\n\n\n<h3 class=\"widget-title\">Kaufen <\/h3><div><div class=\"woocommerce\"><ul class=\"products columns-4\">\n<li class=\"desktop-align-left tablet-align-left mobile-align-left ast-product-gallery-layout-horizontal-slider ast-magnify-disabled ast-product-single-variable ast-product-tabs-layout-horizontal ast-qv-on-image product type-product post-495 status-publish first instock product_cat-productos-experimentos product_cat-productos has-post-thumbnail taxable shipping-taxable purchasable product-type-variable has-default-attributes\">\n\t<a href=\"https:\/\/www.alquera.com\/de\/permanganato-de-potasio\/\" class=\"woocommerce-LoopProduct-link woocommerce-loop-product__link\"><img loading=\"lazy\" decoding=\"async\" width=\"300\" height=\"300\" src=\"https:\/\/www.alquera.com\/wp-content\/uploads\/2016\/01\/permanganato-200g-foto-nueva-300x300.png\" class=\"attachment-woocommerce_thumbnail size-woocommerce_thumbnail\" alt=\"permanganato 200g\" srcset=\"https:\/\/www.alquera.com\/wp-content\/uploads\/2016\/01\/permanganato-200g-foto-nueva-300x300.png 300w, https:\/\/www.alquera.com\/wp-content\/uploads\/2016\/01\/permanganato-200g-foto-nueva-150x150.png 150w, https:\/\/www.alquera.com\/wp-content\/uploads\/2016\/01\/permanganato-200g-foto-nueva-12x12.png 12w, https:\/\/www.alquera.com\/wp-content\/uploads\/2016\/01\/permanganato-200g-foto-nueva-100x100.png 100w\" sizes=\"auto, (max-width: 300px) 100vw, 300px\" \/><h2 class=\"woocommerce-loop-product__title\">Kaliumpermanganat<\/h2><div class=\"review-rating\"><div class=\"star-rating\"><span style=\"width:100%\" data-no-translation=\"\" data-trp-gettext=\"\">Bewertet mit <strong class=\"rating\">5.00<\/strong> von 5<\/span><\/div><\/div>\n<\/a><a href=\"https:\/\/www.alquera.com\/de\/permanganato-de-potasio\/\" aria-describedby=\"woocommerce_loop_add_to_cart_link_describedby_495\" data-quantity=\"1\" class=\"button product_type_variable add_to_cart_button\" data-product_id=\"495\" data-product_sku=\"AL100111\" aria-label=\"W\u00e4hle Optionen f\u00fcr \u201ePermanganato de Potasio\u201c\" rel=\"nofollow\" data-no-translation=\"\" data-trp-gettext=\"\" data-no-translation-aria-label=\"\">Ausf\u00fchrung w\u00e4hlen<\/a>\t<span id=\"woocommerce_loop_add_to_cart_link_describedby_495\" class=\"screen-reader-text\">\n\t\tDieses Produkt weist mehrere Varianten auf. Die Optionen k\u00f6nnen auf der Produktseite gew\u00e4hlt werden\t<\/span>\n<\/li>\n<\/ul>\n<\/div><\/div>","protected":false},"excerpt":{"rendered":"<p>QU\u00c9 ES EL HIDROGEL El&nbsp;hidrogel&nbsp;es un retenedor de agua. Est\u00e1 formado por un&nbsp;pol\u00edmero superabsorbente&nbsp;de agua llamado&nbsp;poliacrilato de potasio. Un pol\u00edmero superabsorbente, es un un material que tiene la capacidad de absorci\u00f3n grandes cantidades de agua y liberarla lentamente despu\u00e9s. El&nbsp;hidrogel&nbsp;pertenece a este tipo de materiales. Es un material que se presenta en seco y en [&hellip;]<\/p>\n","protected":false},"author":1,"featured_media":0,"parent":32588,"menu_order":0,"comment_status":"open","ping_status":"closed","template":"","meta":{"_acf_changed":false,"site-sidebar-layout":"left-sidebar","site-content-layout":"default","ast-site-content-layout":"default","site-content-style":"default","site-sidebar-style":"default","ast-global-header-display":"","ast-banner-title-visibility":"","ast-main-header-display":"","ast-hfb-above-header-display":"","ast-hfb-below-header-display":"","ast-hfb-mobile-header-display":"","site-post-title":"","ast-breadcrumbs-content":"","ast-featured-img":"","footer-sml-layout":"","ast-disable-related-posts":"","theme-transparent-header-meta":"default","adv-header-id-meta":"","stick-header-meta":"default","header-above-stick-meta":"","header-main-stick-meta":"","header-below-stick-meta":"","astra-migrate-meta-layouts":"set","ast-page-background-enabled":"default","ast-page-background-meta":{"desktop":{"background-color":"var(--ast-global-color-4)","background-image":"","background-repeat":"repeat","background-position":"center center","background-size":"auto","background-attachment":"scroll","background-type":"","background-media":"","overlay-type":"","overlay-color":"","overlay-opacity":"","overlay-gradient":""},"tablet":{"background-color":"","background-image":"","background-repeat":"repeat","background-position":"center center","background-size":"auto","background-attachment":"scroll","background-type":"","background-media":"","overlay-type":"","overlay-color":"","overlay-opacity":"","overlay-gradient":""},"mobile":{"background-color":"","background-image":"","background-repeat":"repeat","background-position":"center center","background-size":"auto","background-attachment":"scroll","background-type":"","background-media":"","overlay-type":"","overlay-color":"","overlay-opacity":"","overlay-gradient":""}},"ast-content-background-meta":{"desktop":{"background-color":"var(--ast-global-color-5)","background-image":"","background-repeat":"repeat","background-position":"center center","background-size":"auto","background-attachment":"scroll","background-type":"","background-media":"","overlay-type":"","overlay-color":"","overlay-opacity":"","overlay-gradient":""},"tablet":{"background-color":"var(--ast-global-color-5)","background-image":"","background-repeat":"repeat","background-position":"center center","background-size":"auto","background-attachment":"scroll","background-type":"","background-media":"","overlay-type":"","overlay-color":"","overlay-opacity":"","overlay-gradient":""},"mobile":{"background-color":"var(--ast-global-color-5)","background-image":"","background-repeat":"repeat","background-position":"center center","background-size":"auto","background-attachment":"scroll","background-type":"","background-media":"","overlay-type":"","overlay-color":"","overlay-opacity":"","overlay-gradient":""}},"footnotes":""},"class_list":["post-9976","page","type-page","status-publish","hentry"],"acf":[],"yoast_head":"<!-- This site is optimized with the Yoast SEO Premium plugin v27.1 (Yoast SEO v27.1.1) - https:\/\/yoast.com\/product\/yoast-seo-premium-wordpress\/ -->\n<title>Usos Hidrogel para Plantas - Alquera.com<\/title>\n<meta name=\"description\" content=\"El hidrogel es un pol\u00edmero superabsorbente utilizado en agricultura por su capacidad de retenci\u00f3n de agua. Ver sus usos y aplicaciones.\" \/>\n<meta name=\"robots\" content=\"index, follow, max-snippet:-1, max-image-preview:large, max-video-preview:-1\" \/>\n<link rel=\"canonical\" href=\"https:\/\/www.alquera.com\/de\/hidrogel\/usos-hidrogel\/\" \/>\n<meta property=\"og:locale\" content=\"de_DE\" \/>\n<meta property=\"og:type\" content=\"article\" \/>\n<meta property=\"og:title\" content=\"Usos Hidrogel para Plantas\" \/>\n<meta property=\"og:description\" content=\"El hidrogel es un pol\u00edmero superabsorbente utilizado en agricultura por su capacidad de retenci\u00f3n de agua. Ver sus usos y aplicaciones.\" \/>\n<meta property=\"og:url\" content=\"https:\/\/www.alquera.com\/de\/hidrogel\/usos-hidrogel\/\" \/>\n<meta property=\"og:site_name\" content=\"Alquera.com\" \/>\n<meta property=\"article:publisher\" content=\"https:\/\/www.facebook.com\/alqueraciencia\" \/>\n<meta property=\"article:modified_time\" content=\"2026-02-23T14:46:31+00:00\" \/>\n<meta property=\"og:image\" content=\"https:\/\/www.alquera.com\/wp-content\/uploads\/2020\/11\/HIDROGEL-PARA-PLANTAS.png\" \/>\n\t<meta property=\"og:image:width\" content=\"700\" \/>\n\t<meta property=\"og:image:height\" content=\"302\" \/>\n\t<meta property=\"og:image:type\" content=\"image\/png\" \/>\n<meta name=\"twitter:card\" content=\"summary_large_image\" \/>\n<meta name=\"twitter:label1\" content=\"Gesch\u00e4tzte Lesezeit\" \/>\n\t<meta name=\"twitter:data1\" content=\"3\u00a0Minuten\" \/>\n<script type=\"application\/ld+json\" class=\"yoast-schema-graph\">{\"@context\":\"https:\/\/schema.org\",\"@graph\":[{\"@type\":\"WebPage\",\"@id\":\"https:\/\/www.alquera.com\/hidrogel\/usos-hidrogel\/\",\"url\":\"https:\/\/www.alquera.com\/hidrogel\/usos-hidrogel\/\",\"name\":\"Usos Hidrogel para Plantas - Alquera.com\",\"isPartOf\":{\"@id\":\"https:\/\/www.alquera.com\/en\/#website\"},\"primaryImageOfPage\":{\"@id\":\"https:\/\/www.alquera.com\/hidrogel\/usos-hidrogel\/#primaryimage\"},\"image\":{\"@id\":\"https:\/\/www.alquera.com\/hidrogel\/usos-hidrogel\/#primaryimage\"},\"thumbnailUrl\":\"https:\/\/www.alquera.com\/wp-content\/uploads\/2020\/11\/HIDROGEL-PARA-PLANTAS.png\",\"datePublished\":\"2020-11-06T15:51:40+00:00\",\"dateModified\":\"2026-02-23T14:46:31+00:00\",\"description\":\"El hidrogel es un pol\u00edmero superabsorbente utilizado en agricultura por su capacidad de retenci\u00f3n de agua. Ver sus usos y aplicaciones.\",\"breadcrumb\":{\"@id\":\"https:\/\/www.alquera.com\/hidrogel\/usos-hidrogel\/#breadcrumb\"},\"inLanguage\":\"de\",\"potentialAction\":[{\"@type\":\"ReadAction\",\"target\":[\"https:\/\/www.alquera.com\/hidrogel\/usos-hidrogel\/\"]}]},{\"@type\":\"ImageObject\",\"inLanguage\":\"de\",\"@id\":\"https:\/\/www.alquera.com\/hidrogel\/usos-hidrogel\/#primaryimage\",\"url\":\"https:\/\/www.alquera.com\/wp-content\/uploads\/2020\/11\/HIDROGEL-PARA-PLANTAS.png\",\"contentUrl\":\"https:\/\/www.alquera.com\/wp-content\/uploads\/2020\/11\/HIDROGEL-PARA-PLANTAS.png\"},{\"@type\":\"BreadcrumbList\",\"@id\":\"https:\/\/www.alquera.com\/hidrogel\/usos-hidrogel\/#breadcrumb\",\"itemListElement\":[{\"@type\":\"ListItem\",\"position\":1,\"name\":\"Inicio\",\"item\":\"https:\/\/www.alquera.com\/\"},{\"@type\":\"ListItem\",\"position\":2,\"name\":\"Hidrogel para Plantas\",\"item\":\"https:\/\/www.alquera.com\/hidrogel\/\"},{\"@type\":\"ListItem\",\"position\":3,\"name\":\"Usos Hidrogel para Plantas\"}]},{\"@type\":\"WebSite\",\"@id\":\"https:\/\/www.alquera.com\/en\/#website\",\"url\":\"https:\/\/www.alquera.com\/en\/\",\"name\":\"Alquera.com\",\"description\":\"Tienda Online Productos Qu\u00edmicos y Material de Laboratorio\",\"publisher\":{\"@id\":\"https:\/\/www.alquera.com\/en\/#organization\"},\"potentialAction\":[{\"@type\":\"SearchAction\",\"target\":{\"@type\":\"EntryPoint\",\"urlTemplate\":\"https:\/\/www.alquera.com\/en\/?s={search_term_string}\"},\"query-input\":{\"@type\":\"PropertyValueSpecification\",\"valueRequired\":true,\"valueName\":\"search_term_string\"}}],\"inLanguage\":\"de\"},{\"@type\":\"Organization\",\"@id\":\"https:\/\/www.alquera.com\/en\/#organization\",\"name\":\"ALQUERA CIENCIA SL\",\"url\":\"https:\/\/www.alquera.com\/en\/\",\"logo\":{\"@type\":\"ImageObject\",\"inLanguage\":\"de\",\"@id\":\"https:\/\/www.alquera.com\/en\/#\/schema\/logo\/image\/\",\"url\":\"https:\/\/www.alquera.com\/wp-content\/uploads\/2020\/11\/logo_300_ancho.png\",\"contentUrl\":\"https:\/\/www.alquera.com\/wp-content\/uploads\/2020\/11\/logo_300_ancho.png\",\"width\":300,\"height\":86,\"caption\":\"ALQUERA CIENCIA SL\"},\"image\":{\"@id\":\"https:\/\/www.alquera.com\/en\/#\/schema\/logo\/image\/\"},\"sameAs\":[\"https:\/\/www.facebook.com\/alqueraciencia\",\"https:\/\/www.instagram.com\/alquera_ciencia\/\",\"https:\/\/www.youtube.com\/c\/alquera\"]}]}<\/script>\n<!-- \/ Yoast SEO Premium plugin. -->","yoast_head_json":{"title":"Verwendet Hydrogel f\u00fcr Pflanzen - Alquera.com","description":"Hydrogel ist ein superabsorbierendes Polymer, das in der Landwirtschaft wegen seines Wasserr\u00fcckhalteverm\u00f6gens verwendet wird. Siehe seine Verwendungszwecke und Anwendungen.","robots":{"index":"index","follow":"follow","max-snippet":"max-snippet:-1","max-image-preview":"max-image-preview:large","max-video-preview":"max-video-preview:-1"},"canonical":"https:\/\/www.alquera.com\/de\/hidrogel\/usos-hidrogel\/","og_locale":"de_DE","og_type":"article","og_title":"Usos Hidrogel para Plantas","og_description":"El hidrogel es un pol\u00edmero superabsorbente utilizado en agricultura por su capacidad de retenci\u00f3n de agua. Ver sus usos y aplicaciones.","og_url":"https:\/\/www.alquera.com\/de\/hidrogel\/usos-hidrogel\/","og_site_name":"Alquera.com","article_publisher":"https:\/\/www.facebook.com\/alqueraciencia","article_modified_time":"2026-02-23T14:46:31+00:00","og_image":[{"width":700,"height":302,"url":"https:\/\/www.alquera.com\/wp-content\/uploads\/2020\/11\/HIDROGEL-PARA-PLANTAS.png","type":"image\/png"}],"twitter_card":"summary_large_image","twitter_misc":{"Gesch\u00e4tzte Lesezeit":"3\u00a0Minuten"},"schema":{"@context":"https:\/\/schema.org","@graph":[{"@type":"WebPage","@id":"https:\/\/www.alquera.com\/hidrogel\/usos-hidrogel\/","url":"https:\/\/www.alquera.com\/hidrogel\/usos-hidrogel\/","name":"Verwendet Hydrogel f\u00fcr Pflanzen - Alquera.com","isPartOf":{"@id":"https:\/\/www.alquera.com\/en\/#website"},"primaryImageOfPage":{"@id":"https:\/\/www.alquera.com\/hidrogel\/usos-hidrogel\/#primaryimage"},"image":{"@id":"https:\/\/www.alquera.com\/hidrogel\/usos-hidrogel\/#primaryimage"},"thumbnailUrl":"https:\/\/www.alquera.com\/wp-content\/uploads\/2020\/11\/HIDROGEL-PARA-PLANTAS.png","datePublished":"2020-11-06T15:51:40+00:00","dateModified":"2026-02-23T14:46:31+00:00","description":"Hydrogel ist ein superabsorbierendes Polymer, das in der Landwirtschaft wegen seines Wasserr\u00fcckhalteverm\u00f6gens verwendet wird. Siehe seine Verwendungszwecke und Anwendungen.","breadcrumb":{"@id":"https:\/\/www.alquera.com\/hidrogel\/usos-hidrogel\/#breadcrumb"},"inLanguage":"de","potentialAction":[{"@type":"ReadAction","target":["https:\/\/www.alquera.com\/hidrogel\/usos-hidrogel\/"]}]},{"@type":"ImageObject","inLanguage":"de","@id":"https:\/\/www.alquera.com\/hidrogel\/usos-hidrogel\/#primaryimage","url":"https:\/\/www.alquera.com\/wp-content\/uploads\/2020\/11\/HIDROGEL-PARA-PLANTAS.png","contentUrl":"https:\/\/www.alquera.com\/wp-content\/uploads\/2020\/11\/HIDROGEL-PARA-PLANTAS.png"},{"@type":"BreadcrumbList","@id":"https:\/\/www.alquera.com\/hidrogel\/usos-hidrogel\/#breadcrumb","itemListElement":[{"@type":"ListItem","position":1,"name":"Inicio","item":"https:\/\/www.alquera.com\/"},{"@type":"ListItem","position":2,"name":"Hidrogel para Plantas","item":"https:\/\/www.alquera.com\/hidrogel\/"},{"@type":"ListItem","position":3,"name":"Usos Hidrogel para Plantas"}]},{"@type":"WebSite","@id":"https:\/\/www.alquera.com\/en\/#website","url":"https:\/\/www.alquera.com\/en\/","name":"Alquera.com","description":"Online Shop Chemische Produkte und Laborger\u00e4te","publisher":{"@id":"https:\/\/www.alquera.com\/en\/#organization"},"potentialAction":[{"@type":"SearchAction","target":{"@type":"EntryPoint","urlTemplate":"https:\/\/www.alquera.com\/en\/?s={search_term_string}"},"query-input":{"@type":"PropertyValueSpecification","valueRequired":true,"valueName":"search_term_string"}}],"inLanguage":"de"},{"@type":"Organization","@id":"https:\/\/www.alquera.com\/en\/#organization","name":"ALQUERA CIENCIA SL","url":"https:\/\/www.alquera.com\/en\/","logo":{"@type":"ImageObject","inLanguage":"de","@id":"https:\/\/www.alquera.com\/en\/#\/schema\/logo\/image\/","url":"https:\/\/www.alquera.com\/wp-content\/uploads\/2020\/11\/logo_300_ancho.png","contentUrl":"https:\/\/www.alquera.com\/wp-content\/uploads\/2020\/11\/logo_300_ancho.png","width":300,"height":86,"caption":"ALQUERA CIENCIA SL"},"image":{"@id":"https:\/\/www.alquera.com\/en\/#\/schema\/logo\/image\/"},"sameAs":["https:\/\/www.facebook.com\/alqueraciencia","https:\/\/www.instagram.com\/alquera_ciencia\/","https:\/\/www.youtube.com\/c\/alquera"]}]}},"_links":{"self":[{"href":"https:\/\/www.alquera.com\/de\/wp-json\/wp\/v2\/pages\/9976","targetHints":{"allow":["GET"]}}],"collection":[{"href":"https:\/\/www.alquera.com\/de\/wp-json\/wp\/v2\/pages"}],"about":[{"href":"https:\/\/www.alquera.com\/de\/wp-json\/wp\/v2\/types\/page"}],"author":[{"embeddable":true,"href":"https:\/\/www.alquera.com\/de\/wp-json\/wp\/v2\/users\/1"}],"replies":[{"embeddable":true,"href":"https:\/\/www.alquera.com\/de\/wp-json\/wp\/v2\/comments?post=9976"}],"version-history":[{"count":15,"href":"https:\/\/www.alquera.com\/de\/wp-json\/wp\/v2\/pages\/9976\/revisions"}],"predecessor-version":[{"id":56861,"href":"https:\/\/www.alquera.com\/de\/wp-json\/wp\/v2\/pages\/9976\/revisions\/56861"}],"up":[{"embeddable":true,"href":"https:\/\/www.alquera.com\/de\/wp-json\/wp\/v2\/pages\/32588"}],"wp:attachment":[{"href":"https:\/\/www.alquera.com\/de\/wp-json\/wp\/v2\/media?parent=9976"}],"curies":[{"name":"wp","href":"https:\/\/api.w.org\/{rel}","templated":true}]}}