{"id":9983,"date":"2020-11-06T15:57:17","date_gmt":"2020-11-06T15:57:17","guid":{"rendered":"http:\/\/www.alquerapruebas.es\/?page_id=9983"},"modified":"2026-02-23T14:46:02","modified_gmt":"2026-02-23T14:46:02","slug":"propiedades","status":"publish","type":"page","link":"https:\/\/www.alquera.com\/de\/hidrogel\/propiedades\/","title":{"rendered":"Eigenschaften Hydrogel"},"content":{"rendered":"<p><p>Hydrogel ist ein Polymer mit einer hohen Wasseraufnahmekapazit\u00e4t. In diesem Abschnitt erfahren Sie mehr \u00fcber die physikalischen und chemischen Eigenschaften von Hydrogelen.<\/p>\n<p>Die technischen Merkmale des&nbsp;<a href=\"https:\/\/www.alquera.com\/de\/hidrogel\/\">Hydrogel f\u00fcr Pflanzen<\/a>&nbsp;finden Sie in Alquera die folgenden:&nbsp;<\/p><\/p>\n\n\n\n<figure class=\"wp-block-table\"><table><tbody><tr><th>Allgemein<\/th><\/tr><tr><th scope=\"row\">Andere Namen<\/th><td>Hydrogel, Kaliumpolyacrylat, fester Regen, Wassergel<\/td><\/tr><tr><th scope=\"row\">&nbsp;<\/th><td>&nbsp;<\/td><\/tr><tr><th>Identifizierung<\/th><\/tr><tr><th scope=\"row\">CAS-Nummer<\/th><td>25608-12-2<\/td><\/tr><tr><th scope=\"row\">&nbsp;<\/th><td>&nbsp;<\/td><\/tr><tr><th>Eigenschaften<\/th><\/tr><tr><th scope=\"row\">Erscheinungsbild<\/th><td>Kristalle 1-2mm wei\u00df<\/td><\/tr><tr><th scope=\"row\">Sch\u00fcttdichte (ml\/g)<\/th><td>0,56<\/td><\/tr><tr><th scope=\"row\">pH-Wert<\/th><td>6,8<\/td><\/tr><tr><th scope=\"row\">Kaliumgehalt<\/th><td>10,8%<\/td><\/tr><tr><th scope=\"row\">Absorption (destilliertes Wasser) g\/g<\/th><td>400-800<\/td><\/tr><tr><th scope=\"row\">Absorption (Leitungswasser) g\/g<\/th><td>&gt;100<\/td><\/tr><tr><th scope=\"row\">F\u00fcr Pflanzen verf\u00fcgbares Wasser<\/th><td>95%<\/td><\/tr><tr><th scope=\"row\">Zyklen der Nutzung<\/th><td>&gt;18<\/td><\/tr><tr><th scope=\"row\">Konservierung<\/th><td>An einem trockenen, lichtgesch\u00fctzten Ort<\/td><\/tr><\/tbody><\/table><\/figure>\n\n\n\n<h2 class=\"wp-block-heading\" id=\"h-\">\u00a0<\/h2>\n\n\n\n<p>Sie k\u00f6nnen auch <a href=\"https:\/\/www.alquera.com\/wp-content\/uploads\/2016\/03\/Dossier-Hidrogel-Alquera.pdf\">das vollst\u00e4ndige technische Dossier herunterladen<\/a> des Hydrogels<\/p>\n\n\n\n<p>&nbsp;<\/p>\n\n\n\n<h3 class=\"widget-title\">Kaufen <\/h3><div><div class=\"woocommerce\"><ul class=\"products columns-4\">\n<li class=\"desktop-align-left tablet-align-left mobile-align-left ast-product-gallery-layout-horizontal-slider ast-magnify-disabled ast-product-single-variable ast-product-tabs-layout-horizontal ast-qv-on-image product type-product post-495 status-publish first instock product_cat-productos-experimentos product_cat-productos has-post-thumbnail taxable shipping-taxable purchasable product-type-variable has-default-attributes\">\n\t<a href=\"https:\/\/www.alquera.com\/de\/permanganato-de-potasio\/\" class=\"woocommerce-LoopProduct-link woocommerce-loop-product__link\"><img loading=\"lazy\" decoding=\"async\" width=\"300\" height=\"300\" src=\"https:\/\/www.alquera.com\/wp-content\/uploads\/2016\/01\/permanganato-200g-foto-nueva-300x300.png\" class=\"attachment-woocommerce_thumbnail size-woocommerce_thumbnail\" alt=\"permanganato 200g\" srcset=\"https:\/\/www.alquera.com\/wp-content\/uploads\/2016\/01\/permanganato-200g-foto-nueva-300x300.png 300w, https:\/\/www.alquera.com\/wp-content\/uploads\/2016\/01\/permanganato-200g-foto-nueva-150x150.png 150w, https:\/\/www.alquera.com\/wp-content\/uploads\/2016\/01\/permanganato-200g-foto-nueva-12x12.png 12w, https:\/\/www.alquera.com\/wp-content\/uploads\/2016\/01\/permanganato-200g-foto-nueva-100x100.png 100w\" sizes=\"auto, (max-width: 300px) 100vw, 300px\" \/><h2 class=\"woocommerce-loop-product__title\">Kaliumpermanganat<\/h2><div class=\"review-rating\"><div class=\"star-rating\"><span style=\"width:100%\" data-no-translation=\"\" data-trp-gettext=\"\">Bewertet mit <strong class=\"rating\">5.00<\/strong> von 5<\/span><\/div><\/div>\n<\/a><a href=\"https:\/\/www.alquera.com\/de\/permanganato-de-potasio\/\" aria-describedby=\"woocommerce_loop_add_to_cart_link_describedby_495\" data-quantity=\"1\" class=\"button product_type_variable add_to_cart_button\" data-product_id=\"495\" data-product_sku=\"AL100111\" aria-label=\"W\u00e4hle Optionen f\u00fcr \u201ePermanganato de Potasio\u201c\" rel=\"nofollow\" data-no-translation=\"\" data-trp-gettext=\"\" data-no-translation-aria-label=\"\">Ausf\u00fchrung w\u00e4hlen<\/a>\t<span id=\"woocommerce_loop_add_to_cart_link_describedby_495\" class=\"screen-reader-text\">\n\t\tDieses Produkt weist mehrere Varianten auf. Die Optionen k\u00f6nnen auf der Produktseite gew\u00e4hlt werden\t<\/span>\n<\/li>\n<\/ul>\n<\/div><\/div>\n\n\n\n<p class=\"widget-title\">Mehr lesen<\/p><a href=\"https:\/\/www.alquera.com\/de\/hidrogel\/\">Hydrogel f\u00fcr Pflanzen<\/a>\n<!-- Page-list plugin v.5.9 wordpress.org\/plugins\/page-list\/ -->\n<ul class=\"page-list siblings-page-list\">\n<li class=\"page_item page-item-9980 menu-item\"><a href=\"https:\/\/www.alquera.com\/de\/hidrogel\/guia-aplicacion\/\" class=\"menu-link\">Hydrogel-Anwendungsleitfaden f\u00fcr Pflanzen<\/a><\/li>\n<li class=\"page_item page-item-9983 menu-item\"><a href=\"https:\/\/www.alquera.com\/de\/hidrogel\/propiedades\/\" class=\"menu-link\">Eigenschaften Hydrogel<\/a><\/li>\n<li class=\"page_item page-item-9976 menu-item\"><a href=\"https:\/\/www.alquera.com\/de\/hidrogel\/usos-hidrogel\/\" class=\"menu-link\">Verwendet Hydrogel f\u00fcr Pflanzen<\/a><\/li>\n\n<\/ul>","protected":false},"excerpt":{"rendered":"<p>El hidrogel es un pol\u00edmero con gran capacidad de absorci\u00f3n de agua. Cada vez m\u00e1s utilizado por la capacidad de ahorro de agua, en este apartado puedes ver las caracter\u00edsticas f\u00edsico qu\u00edmicas del hidrogel. Las caracter\u00edsticas t\u00e9cnicas del&nbsp;hidrogel para plantas&nbsp;que puedes encontrar en Alquera son las siguientes:&nbsp; General Otros nombres Hidrogel, Poliacrilato de Potasio, Lluvia [&hellip;]<\/p>\n","protected":false},"author":1,"featured_media":0,"parent":32588,"menu_order":0,"comment_status":"open","ping_status":"closed","template":"","meta":{"_acf_changed":false,"site-sidebar-layout":"left-sidebar","site-content-layout":"default","ast-site-content-layout":"default","site-content-style":"default","site-sidebar-style":"default","ast-global-header-display":"","ast-banner-title-visibility":"","ast-main-header-display":"","ast-hfb-above-header-display":"","ast-hfb-below-header-display":"","ast-hfb-mobile-header-display":"","site-post-title":"","ast-breadcrumbs-content":"","ast-featured-img":"","footer-sml-layout":"","ast-disable-related-posts":"","theme-transparent-header-meta":"default","adv-header-id-meta":"","stick-header-meta":"default","header-above-stick-meta":"","header-main-stick-meta":"","header-below-stick-meta":"","astra-migrate-meta-layouts":"set","ast-page-background-enabled":"default","ast-page-background-meta":{"desktop":{"background-color":"var(--ast-global-color-4)","background-image":"","background-repeat":"repeat","background-position":"center center","background-size":"auto","background-attachment":"scroll","background-type":"","background-media":"","overlay-type":"","overlay-color":"","overlay-opacity":"","overlay-gradient":""},"tablet":{"background-color":"","background-image":"","background-repeat":"repeat","background-position":"center center","background-size":"auto","background-attachment":"scroll","background-type":"","background-media":"","overlay-type":"","overlay-color":"","overlay-opacity":"","overlay-gradient":""},"mobile":{"background-color":"","background-image":"","background-repeat":"repeat","background-position":"center center","background-size":"auto","background-attachment":"scroll","background-type":"","background-media":"","overlay-type":"","overlay-color":"","overlay-opacity":"","overlay-gradient":""}},"ast-content-background-meta":{"desktop":{"background-color":"var(--ast-global-color-5)","background-image":"","background-repeat":"repeat","background-position":"center center","background-size":"auto","background-attachment":"scroll","background-type":"","background-media":"","overlay-type":"","overlay-color":"","overlay-opacity":"","overlay-gradient":""},"tablet":{"background-color":"var(--ast-global-color-5)","background-image":"","background-repeat":"repeat","background-position":"center center","background-size":"auto","background-attachment":"scroll","background-type":"","background-media":"","overlay-type":"","overlay-color":"","overlay-opacity":"","overlay-gradient":""},"mobile":{"background-color":"var(--ast-global-color-5)","background-image":"","background-repeat":"repeat","background-position":"center center","background-size":"auto","background-attachment":"scroll","background-type":"","background-media":"","overlay-type":"","overlay-color":"","overlay-opacity":"","overlay-gradient":""}},"footnotes":""},"class_list":["post-9983","page","type-page","status-publish","hentry"],"acf":[],"yoast_head":"<!-- This site is optimized with the Yoast SEO Premium plugin v27.1 (Yoast SEO v27.1.1) - https:\/\/yoast.com\/product\/yoast-seo-premium-wordpress\/ -->\n<title>Propiedades Hidrogel - Alquera.com<\/title>\n<meta name=\"description\" content=\"Propiedades t\u00e9cnicias del hidrogel que puedes encontrar en Alquera, ciclos de uso, capacidad de retenci\u00f3n y donde comprar.\" \/>\n<meta name=\"robots\" content=\"index, follow, max-snippet:-1, max-image-preview:large, max-video-preview:-1\" \/>\n<link rel=\"canonical\" href=\"https:\/\/www.alquera.com\/de\/hidrogel\/propiedades\/\" \/>\n<meta property=\"og:locale\" content=\"de_DE\" \/>\n<meta property=\"og:type\" content=\"article\" \/>\n<meta property=\"og:title\" content=\"Propiedades Hidrogel\" \/>\n<meta property=\"og:description\" content=\"Propiedades t\u00e9cnicias del hidrogel que puedes encontrar en Alquera, ciclos de uso, capacidad de retenci\u00f3n y donde comprar.\" \/>\n<meta property=\"og:url\" content=\"https:\/\/www.alquera.com\/de\/hidrogel\/propiedades\/\" \/>\n<meta property=\"og:site_name\" content=\"Alquera.com\" \/>\n<meta property=\"article:publisher\" content=\"https:\/\/www.facebook.com\/alqueraciencia\" \/>\n<meta property=\"article:modified_time\" content=\"2026-02-23T14:46:02+00:00\" \/>\n<meta name=\"twitter:card\" content=\"summary_large_image\" \/>\n<meta name=\"twitter:label1\" content=\"Gesch\u00e4tzte Lesezeit\" \/>\n\t<meta name=\"twitter:data1\" content=\"1\u00a0Minute\" \/>\n<script type=\"application\/ld+json\" class=\"yoast-schema-graph\">{\"@context\":\"https:\/\/schema.org\",\"@graph\":[{\"@type\":\"WebPage\",\"@id\":\"https:\/\/www.alquera.com\/hidrogel\/propiedades\/\",\"url\":\"https:\/\/www.alquera.com\/hidrogel\/propiedades\/\",\"name\":\"Propiedades Hidrogel - Alquera.com\",\"isPartOf\":{\"@id\":\"https:\/\/www.alquera.com\/en\/#website\"},\"datePublished\":\"2020-11-06T15:57:17+00:00\",\"dateModified\":\"2026-02-23T14:46:02+00:00\",\"description\":\"Propiedades t\u00e9cnicias del hidrogel que puedes encontrar en Alquera, ciclos de uso, capacidad de retenci\u00f3n y donde comprar.\",\"breadcrumb\":{\"@id\":\"https:\/\/www.alquera.com\/hidrogel\/propiedades\/#breadcrumb\"},\"inLanguage\":\"de\",\"potentialAction\":[{\"@type\":\"ReadAction\",\"target\":[\"https:\/\/www.alquera.com\/hidrogel\/propiedades\/\"]}]},{\"@type\":\"BreadcrumbList\",\"@id\":\"https:\/\/www.alquera.com\/hidrogel\/propiedades\/#breadcrumb\",\"itemListElement\":[{\"@type\":\"ListItem\",\"position\":1,\"name\":\"Inicio\",\"item\":\"https:\/\/www.alquera.com\/\"},{\"@type\":\"ListItem\",\"position\":2,\"name\":\"Hidrogel para Plantas\",\"item\":\"https:\/\/www.alquera.com\/hidrogel\/\"},{\"@type\":\"ListItem\",\"position\":3,\"name\":\"Propiedades Hidrogel\"}]},{\"@type\":\"WebSite\",\"@id\":\"https:\/\/www.alquera.com\/en\/#website\",\"url\":\"https:\/\/www.alquera.com\/en\/\",\"name\":\"Alquera.com\",\"description\":\"Tienda Online Productos Qu\u00edmicos y Material de Laboratorio\",\"publisher\":{\"@id\":\"https:\/\/www.alquera.com\/en\/#organization\"},\"potentialAction\":[{\"@type\":\"SearchAction\",\"target\":{\"@type\":\"EntryPoint\",\"urlTemplate\":\"https:\/\/www.alquera.com\/en\/?s={search_term_string}\"},\"query-input\":{\"@type\":\"PropertyValueSpecification\",\"valueRequired\":true,\"valueName\":\"search_term_string\"}}],\"inLanguage\":\"de\"},{\"@type\":\"Organization\",\"@id\":\"https:\/\/www.alquera.com\/en\/#organization\",\"name\":\"ALQUERA CIENCIA SL\",\"url\":\"https:\/\/www.alquera.com\/en\/\",\"logo\":{\"@type\":\"ImageObject\",\"inLanguage\":\"de\",\"@id\":\"https:\/\/www.alquera.com\/en\/#\/schema\/logo\/image\/\",\"url\":\"https:\/\/www.alquera.com\/wp-content\/uploads\/2020\/11\/logo_300_ancho.png\",\"contentUrl\":\"https:\/\/www.alquera.com\/wp-content\/uploads\/2020\/11\/logo_300_ancho.png\",\"width\":300,\"height\":86,\"caption\":\"ALQUERA CIENCIA SL\"},\"image\":{\"@id\":\"https:\/\/www.alquera.com\/en\/#\/schema\/logo\/image\/\"},\"sameAs\":[\"https:\/\/www.facebook.com\/alqueraciencia\",\"https:\/\/www.instagram.com\/alquera_ciencia\/\",\"https:\/\/www.youtube.com\/c\/alquera\"]}]}<\/script>\n<!-- \/ Yoast SEO Premium plugin. -->","yoast_head_json":{"title":"Hydrogeleigenschaften - Alquera.com","description":"Technische Eigenschaften des Hydrogels, das Sie in Alquera finden k\u00f6nnen, Anwendungszyklen, R\u00fcckhalteverm\u00f6gen und wo Sie es kaufen k\u00f6nnen.","robots":{"index":"index","follow":"follow","max-snippet":"max-snippet:-1","max-image-preview":"max-image-preview:large","max-video-preview":"max-video-preview:-1"},"canonical":"https:\/\/www.alquera.com\/de\/hidrogel\/propiedades\/","og_locale":"de_DE","og_type":"article","og_title":"Propiedades Hidrogel","og_description":"Propiedades t\u00e9cnicias del hidrogel que puedes encontrar en Alquera, ciclos de uso, capacidad de retenci\u00f3n y donde comprar.","og_url":"https:\/\/www.alquera.com\/de\/hidrogel\/propiedades\/","og_site_name":"Alquera.com","article_publisher":"https:\/\/www.facebook.com\/alqueraciencia","article_modified_time":"2026-02-23T14:46:02+00:00","twitter_card":"summary_large_image","twitter_misc":{"Gesch\u00e4tzte Lesezeit":"1\u00a0Minute"},"schema":{"@context":"https:\/\/schema.org","@graph":[{"@type":"WebPage","@id":"https:\/\/www.alquera.com\/hidrogel\/propiedades\/","url":"https:\/\/www.alquera.com\/hidrogel\/propiedades\/","name":"Hydrogeleigenschaften - Alquera.com","isPartOf":{"@id":"https:\/\/www.alquera.com\/en\/#website"},"datePublished":"2020-11-06T15:57:17+00:00","dateModified":"2026-02-23T14:46:02+00:00","description":"Technische Eigenschaften des Hydrogels, das Sie in Alquera finden k\u00f6nnen, Anwendungszyklen, R\u00fcckhalteverm\u00f6gen und wo Sie es kaufen k\u00f6nnen.","breadcrumb":{"@id":"https:\/\/www.alquera.com\/hidrogel\/propiedades\/#breadcrumb"},"inLanguage":"de","potentialAction":[{"@type":"ReadAction","target":["https:\/\/www.alquera.com\/hidrogel\/propiedades\/"]}]},{"@type":"BreadcrumbList","@id":"https:\/\/www.alquera.com\/hidrogel\/propiedades\/#breadcrumb","itemListElement":[{"@type":"ListItem","position":1,"name":"Inicio","item":"https:\/\/www.alquera.com\/"},{"@type":"ListItem","position":2,"name":"Hidrogel para Plantas","item":"https:\/\/www.alquera.com\/hidrogel\/"},{"@type":"ListItem","position":3,"name":"Propiedades Hidrogel"}]},{"@type":"WebSite","@id":"https:\/\/www.alquera.com\/en\/#website","url":"https:\/\/www.alquera.com\/en\/","name":"Alquera.com","description":"Online Shop Chemische Produkte und Laborger\u00e4te","publisher":{"@id":"https:\/\/www.alquera.com\/en\/#organization"},"potentialAction":[{"@type":"SearchAction","target":{"@type":"EntryPoint","urlTemplate":"https:\/\/www.alquera.com\/en\/?s={search_term_string}"},"query-input":{"@type":"PropertyValueSpecification","valueRequired":true,"valueName":"search_term_string"}}],"inLanguage":"de"},{"@type":"Organization","@id":"https:\/\/www.alquera.com\/en\/#organization","name":"ALQUERA CIENCIA SL","url":"https:\/\/www.alquera.com\/en\/","logo":{"@type":"ImageObject","inLanguage":"de","@id":"https:\/\/www.alquera.com\/en\/#\/schema\/logo\/image\/","url":"https:\/\/www.alquera.com\/wp-content\/uploads\/2020\/11\/logo_300_ancho.png","contentUrl":"https:\/\/www.alquera.com\/wp-content\/uploads\/2020\/11\/logo_300_ancho.png","width":300,"height":86,"caption":"ALQUERA CIENCIA SL"},"image":{"@id":"https:\/\/www.alquera.com\/en\/#\/schema\/logo\/image\/"},"sameAs":["https:\/\/www.facebook.com\/alqueraciencia","https:\/\/www.instagram.com\/alquera_ciencia\/","https:\/\/www.youtube.com\/c\/alquera"]}]}},"_links":{"self":[{"href":"https:\/\/www.alquera.com\/de\/wp-json\/wp\/v2\/pages\/9983","targetHints":{"allow":["GET"]}}],"collection":[{"href":"https:\/\/www.alquera.com\/de\/wp-json\/wp\/v2\/pages"}],"about":[{"href":"https:\/\/www.alquera.com\/de\/wp-json\/wp\/v2\/types\/page"}],"author":[{"embeddable":true,"href":"https:\/\/www.alquera.com\/de\/wp-json\/wp\/v2\/users\/1"}],"replies":[{"embeddable":true,"href":"https:\/\/www.alquera.com\/de\/wp-json\/wp\/v2\/comments?post=9983"}],"version-history":[{"count":8,"href":"https:\/\/www.alquera.com\/de\/wp-json\/wp\/v2\/pages\/9983\/revisions"}],"predecessor-version":[{"id":56860,"href":"https:\/\/www.alquera.com\/de\/wp-json\/wp\/v2\/pages\/9983\/revisions\/56860"}],"up":[{"embeddable":true,"href":"https:\/\/www.alquera.com\/de\/wp-json\/wp\/v2\/pages\/32588"}],"wp:attachment":[{"href":"https:\/\/www.alquera.com\/de\/wp-json\/wp\/v2\/media?parent=9983"}],"curies":[{"name":"wp","href":"https:\/\/api.w.org\/{rel}","templated":true}]}}