{"id":9989,"date":"2020-11-06T16:06:40","date_gmt":"2020-11-06T16:06:40","guid":{"rendered":"http:\/\/www.alquerapruebas.es\/?page_id=9989"},"modified":"2021-09-20T12:04:03","modified_gmt":"2021-09-20T12:04:03","slug":"alimentacion-animal","status":"publish","type":"page","link":"https:\/\/www.alquera.com\/de\/sulfato-de-cobre\/alimentacion-animal\/","title":{"rendered":"Kupfersulfat Tierfutter"},"content":{"rendered":"<p>In der Nutztierhaltung ist die&nbsp;<a href=\"https:\/\/www.alquera.com\/de\/sulfato-de-cobre\/\">Kupfersulfat<\/a>&nbsp;f\u00fcr Tierfutter ist ein Zusatzstoff, der zur Wachstumsf\u00f6rderung und zur Korrektur von Kupfermangel bei Tieren verwendet wird.<\/p>\n\n\n\n<p>Kupferverbindungen werden seit Jahrhunderten zu medizinischen Zwecken verwendet, und zu Beginn des 19. Jahrhunderts wurde Kupfer als essenzieller N\u00e4hrstoff f\u00fcr Tiere anerkannt.<\/p>\n\n\n\n<h2 class=\"wp-block-heading\">DIE BEDEUTUNG VON KUPFER BEI TIEREN<\/h2>\n\n\n\n<p>Kupfersulfat ist ein wichtiges Mittel, um Kupfer in l\u00f6slicher Form bereitzustellen. Kupfer ist ein Element, das in der Leber und den Muskeln von Tieren vorkommt, aber auch, wenn auch in geringeren Mengen, im Skelett, in der Haut, in der Wolle und in der Iris des Auges.<\/p>\n\n\n\n<p>Kupfer ist f\u00fcr den Stoffwechsel von Eisen unerl\u00e4sslich. Eisen wiederum ist f\u00fcr die Bildung von H\u00e4moglobin notwendig. eBeteiligt sich an der Bildung von Elastin, einem Protein, das als Bestandteil der Aorta und des \u00fcbrigen Herz-Kreislauf-Systems notwendig ist. Bei der Bildung des Myelins, das f\u00fcr die Integrit\u00e4t des ZNS (Gehirn und R\u00fcckenmark) verantwortlich ist. Bei der Herstellung von Kollagen, einem wichtigen Protein f\u00fcr die Entwicklung von Knochen, Knorpeln und Sehnen. Die Produktion von Melanin, das f\u00fcr die Bildung und Pigmentierung von Haaren und Wolle unerl\u00e4sslich ist. Diese und andere wichtige Funktionen.<\/p>\n\n\n\n<p>In der folgenden Tabelle sind die verschiedenen Quellen aufgef\u00fchrt, aus denen Kupfer gewonnen werden kann<\/p>\n\n\n\n<figure class=\"wp-block-image size-large\"><img loading=\"lazy\" decoding=\"async\" width=\"470\" height=\"300\" src=\"https:\/\/www.alquera.com\/wp-content\/uploads\/2020\/11\/polvo-sulfato-de-cobre.png\" alt=\"Sulfato de Cobre\" class=\"wp-image-10117\" srcset=\"https:\/\/www.alquera.com\/wp-content\/uploads\/2020\/11\/polvo-sulfato-de-cobre.png 470w, https:\/\/www.alquera.com\/wp-content\/uploads\/2020\/11\/polvo-sulfato-de-cobre-300x191.png 300w\" sizes=\"auto, (max-width: 470px) 100vw, 470px\" \/><\/figure>\n\n\n\n<h2 class=\"wp-block-heading\">SYMPTOME VON KUPFERMANGEL<\/h2>\n\n\n\n<ul class=\"wp-block-list\"><li>Bleichen von Haaren und Wolle<\/li><li>Abgeschw\u00e4chte Abwehrkr\u00e4fte<\/li><li>Diarrh\u00f6e<\/li><li>Keratinisierung der Haare<\/li><li>Unfruchtbarkeit, Verlust der Brunst, Fehlgeburten.<\/li><li>R\u00fcckl\u00e4ufiges Wachstum<\/li><li>Appetitlosigkeit<\/li><li>An\u00e4mie<\/li><li>Spontane Frakturen.<\/li><\/ul>\n\n\n\n<h2 class=\"wp-block-heading\">KUPFERQUELLEN<\/h2>\n\n\n\n<p>Zu den nat\u00fcrlichen Kupferquellen geh\u00f6ren.<\/p>\n\n\n\n<ul class=\"wp-block-list\"><li>Der Strohhalm<\/li><li>Der Boden<\/li><li>Kakao, H\u00fclsenfr\u00fcchte, Milch.<\/li><li>K\u00f6rner und ihre Derivate<\/li><li>Trockenmasse der Weide<\/li><\/ul>\n\n\n\n<h2 class=\"wp-block-heading\">KUPFERSULFAT-DOSIS BEI TIEREN<\/h2>\n\n\n\n<p>Die in der technischen Spezifikation des Herstellers angegebene Menge darf nicht \u00fcberschritten werden. Eine allgemeine Vorstellung von den H\u00f6chstmengen an Kupfersulfat, die in Futtermitteln verwendet werden d\u00fcrfen, ist wie folgt:<\/p>\n\n\n\n<p>Schweine:<br>- Ferkel bis zu 12 Wochen: 170mg\/Kg<br>- Andere Schweine: 25mg\/kg<br>Rinder:<br>Vor dem Einsetzen des Wiederk\u00e4uens<br>- Milchaustauscher: 15mg\/Kg<br>- Andere Alleinfuttermittel: 15mg\/kg<br>Andere Rinder: 35mg\/kg<br>Schaf: 15mg\/kg<br>Fisch: 25mg\/kg<br>Krustentiere: 50mg\/Kg<br>Andere Arten: 25mg\/kg<br>Schafe: Wenn der Kupfergehalt des Futters 10 mg\/kg \u00fcbersteigt, kann der Kupfergehalt dieses Futters bei einigen Schafrassen zu Vergiftungen f\u00fchren.<\/p>\n\n\n\n<p>Neben Tierfutter wird Kupfer auch in anderen Bereichen verwendet:<\/p>\n\n\n\n<p>Landwirtschaftliche Pestizide,&nbsp;<a href=\"https:\/\/www.alquera.com\/de\/sulfato-de-cobre\/fungicida\/\">Fungizid<\/a>,&nbsp;<a href=\"https:\/\/www.alquera.com\/de\/sulfato-de-cobre\/piscinas\/\">Kupfersulfat f\u00fcr Schwimmb\u00e4der<\/a>Kupferrohre f\u00fcr Wasser und Gas, Elektrokabel, Telefonkabel, M\u00fcnzen, Skulpturen, Glocken, Hochwiderstandsschwei\u00dfen, Messing, Bronze, Schmuck usw.<\/p>\n\n\n\n<h3 class=\"widget-title\">Kaufen <\/h3><div><div class=\"woocommerce\"><ul class=\"products columns-4\">\n<li class=\"desktop-align-left tablet-align-left mobile-align-left ast-product-gallery-layout-horizontal-slider ast-magnify-disabled ast-product-single-variable ast-product-tabs-layout-horizontal ast-qv-on-image product type-product post-495 status-publish first instock product_cat-productos-experimentos product_cat-productos has-post-thumbnail taxable shipping-taxable purchasable product-type-variable has-default-attributes\">\n\t<a href=\"https:\/\/www.alquera.com\/de\/permanganato-de-potasio\/\" class=\"woocommerce-LoopProduct-link woocommerce-loop-product__link\"><img loading=\"lazy\" decoding=\"async\" width=\"300\" height=\"300\" src=\"https:\/\/www.alquera.com\/wp-content\/uploads\/2016\/01\/permanganato-200g-foto-nueva-300x300.png\" class=\"attachment-woocommerce_thumbnail size-woocommerce_thumbnail\" alt=\"permanganato 200g\" srcset=\"https:\/\/www.alquera.com\/wp-content\/uploads\/2016\/01\/permanganato-200g-foto-nueva-300x300.png 300w, https:\/\/www.alquera.com\/wp-content\/uploads\/2016\/01\/permanganato-200g-foto-nueva-150x150.png 150w, https:\/\/www.alquera.com\/wp-content\/uploads\/2016\/01\/permanganato-200g-foto-nueva-12x12.png 12w, https:\/\/www.alquera.com\/wp-content\/uploads\/2016\/01\/permanganato-200g-foto-nueva-100x100.png 100w\" sizes=\"auto, (max-width: 300px) 100vw, 300px\" \/><h2 class=\"woocommerce-loop-product__title\">Kaliumpermanganat<\/h2><div class=\"review-rating\"><div class=\"star-rating\"><span style=\"width:100%\" data-no-translation=\"\" data-trp-gettext=\"\">Bewertet mit <strong class=\"rating\">5.00<\/strong> von 5<\/span><\/div><\/div>\n<\/a><a href=\"https:\/\/www.alquera.com\/de\/permanganato-de-potasio\/\" aria-describedby=\"woocommerce_loop_add_to_cart_link_describedby_495\" data-quantity=\"1\" class=\"button product_type_variable add_to_cart_button\" data-product_id=\"495\" data-product_sku=\"AL100111\" aria-label=\"W\u00e4hle Optionen f\u00fcr \u201ePermanganato de Potasio\u201c\" rel=\"nofollow\" data-no-translation=\"\" data-trp-gettext=\"\" data-no-translation-aria-label=\"\">Ausf\u00fchrung w\u00e4hlen<\/a>\t<span id=\"woocommerce_loop_add_to_cart_link_describedby_495\" class=\"screen-reader-text\">\n\t\tDieses Produkt weist mehrere Varianten auf. Die Optionen k\u00f6nnen auf der Produktseite gew\u00e4hlt werden\t<\/span>\n<\/li>\n<\/ul>\n<\/div><\/div>\n\n\n\n<p class=\"widget-title\">Mehr lesen<\/p><a href=\"https:\/\/www.alquera.com\/de\/sulfato-de-cobre\/\">Kupfersulfat<\/a>\n<!-- Page-list plugin v.5.9 wordpress.org\/plugins\/page-list\/ -->\n<ul class=\"page-list siblings-page-list\">\n<li class=\"page_item page-item-9998 menu-item\"><a href=\"https:\/\/www.alquera.com\/de\/sulfato-de-cobre\/caldo-bordeles-agricultura\/\" class=\"menu-link\">Bordelaise-Br\u00fche<\/a><\/li>\n<li class=\"page_item page-item-9989 menu-item\"><a href=\"https:\/\/www.alquera.com\/de\/sulfato-de-cobre\/alimentacion-animal\/\" class=\"menu-link\">Kupfersulfat Tierfutter<\/a><\/li>\n<li class=\"page_item page-item-331 menu-item\"><a href=\"https:\/\/www.alquera.com\/de\/sulfato-de-cobre\/fungicida\/\" class=\"menu-link\">Kupfersulfat Fungizid<\/a><\/li>\n<li class=\"page_item page-item-9992 menu-item\"><a href=\"https:\/\/www.alquera.com\/de\/sulfato-de-cobre\/piscinas\/\" class=\"menu-link\">Kupfersulfat-Schwimmb\u00e4der<\/a><\/li>\n<li class=\"page_item page-item-324 menu-item\"><a href=\"https:\/\/www.alquera.com\/de\/sulfato-de-cobre\/usos\/\" class=\"menu-link\">Verwendet Kupfersulfat<\/a><\/li>\n\n<\/ul>","protected":false},"excerpt":{"rendered":"<p>En ganader\u00eda, el&nbsp;sulfato de cobre&nbsp;para alimentaci\u00f3n animal es un aditivo utilizado para la mejora en&nbsp;el crecimiento y para correcci\u00f3n de la falta&nbsp;de cobre en los animales. Desde hace varios siglos, los compuestos de cobre ya se utilizaban con prop\u00f3sitos medicinales y a principios del siglo XIX, es reconocido como un nutriente fundamental para los animales. [&hellip;]<\/p>\n","protected":false},"author":1,"featured_media":0,"parent":32602,"menu_order":0,"comment_status":"open","ping_status":"closed","template":"","meta":{"_acf_changed":false,"site-sidebar-layout":"default","site-content-layout":"default","ast-site-content-layout":"default","site-content-style":"default","site-sidebar-style":"default","ast-global-header-display":"","ast-banner-title-visibility":"","ast-main-header-display":"","ast-hfb-above-header-display":"","ast-hfb-below-header-display":"","ast-hfb-mobile-header-display":"","site-post-title":"","ast-breadcrumbs-content":"","ast-featured-img":"","footer-sml-layout":"","ast-disable-related-posts":"","theme-transparent-header-meta":"default","adv-header-id-meta":"","stick-header-meta":"default","header-above-stick-meta":"","header-main-stick-meta":"","header-below-stick-meta":"","astra-migrate-meta-layouts":"default","ast-page-background-enabled":"default","ast-page-background-meta":{"desktop":{"background-color":"var(--ast-global-color-4)","background-image":"","background-repeat":"repeat","background-position":"center center","background-size":"auto","background-attachment":"scroll","background-type":"","background-media":"","overlay-type":"","overlay-color":"","overlay-opacity":"","overlay-gradient":""},"tablet":{"background-color":"","background-image":"","background-repeat":"repeat","background-position":"center center","background-size":"auto","background-attachment":"scroll","background-type":"","background-media":"","overlay-type":"","overlay-color":"","overlay-opacity":"","overlay-gradient":""},"mobile":{"background-color":"","background-image":"","background-repeat":"repeat","background-position":"center center","background-size":"auto","background-attachment":"scroll","background-type":"","background-media":"","overlay-type":"","overlay-color":"","overlay-opacity":"","overlay-gradient":""}},"ast-content-background-meta":{"desktop":{"background-color":"var(--ast-global-color-5)","background-image":"","background-repeat":"repeat","background-position":"center center","background-size":"auto","background-attachment":"scroll","background-type":"","background-media":"","overlay-type":"","overlay-color":"","overlay-opacity":"","overlay-gradient":""},"tablet":{"background-color":"var(--ast-global-color-5)","background-image":"","background-repeat":"repeat","background-position":"center center","background-size":"auto","background-attachment":"scroll","background-type":"","background-media":"","overlay-type":"","overlay-color":"","overlay-opacity":"","overlay-gradient":""},"mobile":{"background-color":"var(--ast-global-color-5)","background-image":"","background-repeat":"repeat","background-position":"center center","background-size":"auto","background-attachment":"scroll","background-type":"","background-media":"","overlay-type":"","overlay-color":"","overlay-opacity":"","overlay-gradient":""}},"footnotes":""},"class_list":["post-9989","page","type-page","status-publish","hentry"],"acf":[],"yoast_head":"<!-- This site is optimized with the Yoast SEO Premium plugin v27.1 (Yoast SEO v27.1.1) - https:\/\/yoast.com\/product\/yoast-seo-premium-wordpress\/ -->\n<title>Sulfato de Cobre Alimentaci\u00f3n Animal - Alquera.com<\/title>\n<meta name=\"robots\" content=\"index, follow, max-snippet:-1, max-image-preview:large, max-video-preview:-1\" \/>\n<link rel=\"canonical\" href=\"https:\/\/www.alquera.com\/de\/sulfato-de-cobre\/alimentacion-animal\/\" \/>\n<meta property=\"og:locale\" content=\"de_DE\" \/>\n<meta property=\"og:type\" content=\"article\" \/>\n<meta property=\"og:title\" content=\"Sulfato de Cobre Alimentaci\u00f3n Animal\" \/>\n<meta property=\"og:description\" content=\"En ganader\u00eda, el&nbsp;sulfato de cobre&nbsp;para alimentaci\u00f3n animal es un aditivo utilizado para la mejora en&nbsp;el crecimiento y para correcci\u00f3n de la falta&nbsp;de cobre en los animales. Desde hace varios siglos, los compuestos de cobre ya se utilizaban con prop\u00f3sitos medicinales y a principios del siglo XIX, es reconocido como un nutriente fundamental para los animales. [&hellip;]\" \/>\n<meta property=\"og:url\" content=\"https:\/\/www.alquera.com\/de\/sulfato-de-cobre\/alimentacion-animal\/\" \/>\n<meta property=\"og:site_name\" content=\"Alquera.com\" \/>\n<meta property=\"article:publisher\" content=\"https:\/\/www.facebook.com\/alqueraciencia\" \/>\n<meta property=\"article:modified_time\" content=\"2021-09-20T12:04:03+00:00\" \/>\n<meta property=\"og:image\" content=\"https:\/\/www.alquera.com\/wp-content\/uploads\/2020\/11\/polvo-sulfato-de-cobre.png\" \/>\n<meta name=\"twitter:card\" content=\"summary_large_image\" \/>\n<meta name=\"twitter:label1\" content=\"Gesch\u00e4tzte Lesezeit\" \/>\n\t<meta name=\"twitter:data1\" content=\"3\u00a0Minuten\" \/>\n<script type=\"application\/ld+json\" class=\"yoast-schema-graph\">{\"@context\":\"https:\/\/schema.org\",\"@graph\":[{\"@type\":\"WebPage\",\"@id\":\"https:\/\/www.alquera.com\/sulfato-de-cobre\/alimentacion-animal\/\",\"url\":\"https:\/\/www.alquera.com\/sulfato-de-cobre\/alimentacion-animal\/\",\"name\":\"Sulfato de Cobre Alimentaci\u00f3n Animal - Alquera.com\",\"isPartOf\":{\"@id\":\"https:\/\/www.alquera.com\/en\/#website\"},\"primaryImageOfPage\":{\"@id\":\"https:\/\/www.alquera.com\/sulfato-de-cobre\/alimentacion-animal\/#primaryimage\"},\"image\":{\"@id\":\"https:\/\/www.alquera.com\/sulfato-de-cobre\/alimentacion-animal\/#primaryimage\"},\"thumbnailUrl\":\"https:\/\/www.alquera.com\/wp-content\/uploads\/2020\/11\/polvo-sulfato-de-cobre.png\",\"datePublished\":\"2020-11-06T16:06:40+00:00\",\"dateModified\":\"2021-09-20T12:04:03+00:00\",\"breadcrumb\":{\"@id\":\"https:\/\/www.alquera.com\/sulfato-de-cobre\/alimentacion-animal\/#breadcrumb\"},\"inLanguage\":\"de\",\"potentialAction\":[{\"@type\":\"ReadAction\",\"target\":[\"https:\/\/www.alquera.com\/sulfato-de-cobre\/alimentacion-animal\/\"]}]},{\"@type\":\"ImageObject\",\"inLanguage\":\"de\",\"@id\":\"https:\/\/www.alquera.com\/sulfato-de-cobre\/alimentacion-animal\/#primaryimage\",\"url\":\"https:\/\/www.alquera.com\/wp-content\/uploads\/2020\/11\/polvo-sulfato-de-cobre.png\",\"contentUrl\":\"https:\/\/www.alquera.com\/wp-content\/uploads\/2020\/11\/polvo-sulfato-de-cobre.png\"},{\"@type\":\"BreadcrumbList\",\"@id\":\"https:\/\/www.alquera.com\/sulfato-de-cobre\/alimentacion-animal\/#breadcrumb\",\"itemListElement\":[{\"@type\":\"ListItem\",\"position\":1,\"name\":\"Inicio\",\"item\":\"https:\/\/www.alquera.com\/\"},{\"@type\":\"ListItem\",\"position\":2,\"name\":\"Sulfato de Cobre\",\"item\":\"https:\/\/www.alquera.com\/sulfato-de-cobre\/\"},{\"@type\":\"ListItem\",\"position\":3,\"name\":\"Sulfato de Cobre Alimentaci\u00f3n Animal\"}]},{\"@type\":\"WebSite\",\"@id\":\"https:\/\/www.alquera.com\/en\/#website\",\"url\":\"https:\/\/www.alquera.com\/en\/\",\"name\":\"Alquera.com\",\"description\":\"Tienda Online Productos Qu\u00edmicos y Material de Laboratorio\",\"publisher\":{\"@id\":\"https:\/\/www.alquera.com\/en\/#organization\"},\"potentialAction\":[{\"@type\":\"SearchAction\",\"target\":{\"@type\":\"EntryPoint\",\"urlTemplate\":\"https:\/\/www.alquera.com\/en\/?s={search_term_string}\"},\"query-input\":{\"@type\":\"PropertyValueSpecification\",\"valueRequired\":true,\"valueName\":\"search_term_string\"}}],\"inLanguage\":\"de\"},{\"@type\":\"Organization\",\"@id\":\"https:\/\/www.alquera.com\/en\/#organization\",\"name\":\"ALQUERA CIENCIA SL\",\"url\":\"https:\/\/www.alquera.com\/en\/\",\"logo\":{\"@type\":\"ImageObject\",\"inLanguage\":\"de\",\"@id\":\"https:\/\/www.alquera.com\/en\/#\/schema\/logo\/image\/\",\"url\":\"https:\/\/www.alquera.com\/wp-content\/uploads\/2020\/11\/logo_300_ancho.png\",\"contentUrl\":\"https:\/\/www.alquera.com\/wp-content\/uploads\/2020\/11\/logo_300_ancho.png\",\"width\":300,\"height\":86,\"caption\":\"ALQUERA CIENCIA SL\"},\"image\":{\"@id\":\"https:\/\/www.alquera.com\/en\/#\/schema\/logo\/image\/\"},\"sameAs\":[\"https:\/\/www.facebook.com\/alqueraciencia\",\"https:\/\/www.instagram.com\/alquera_ciencia\/\",\"https:\/\/www.youtube.com\/c\/alquera\"]}]}<\/script>\n<!-- \/ Yoast SEO Premium plugin. -->","yoast_head_json":{"title":"Kupfersulfat Tierfutter - Alquera.com","robots":{"index":"index","follow":"follow","max-snippet":"max-snippet:-1","max-image-preview":"max-image-preview:large","max-video-preview":"max-video-preview:-1"},"canonical":"https:\/\/www.alquera.com\/de\/sulfato-de-cobre\/alimentacion-animal\/","og_locale":"de_DE","og_type":"article","og_title":"Sulfato de Cobre Alimentaci\u00f3n Animal","og_description":"En ganader\u00eda, el&nbsp;sulfato de cobre&nbsp;para alimentaci\u00f3n animal es un aditivo utilizado para la mejora en&nbsp;el crecimiento y para correcci\u00f3n de la falta&nbsp;de cobre en los animales. Desde hace varios siglos, los compuestos de cobre ya se utilizaban con prop\u00f3sitos medicinales y a principios del siglo XIX, es reconocido como un nutriente fundamental para los animales. [&hellip;]","og_url":"https:\/\/www.alquera.com\/de\/sulfato-de-cobre\/alimentacion-animal\/","og_site_name":"Alquera.com","article_publisher":"https:\/\/www.facebook.com\/alqueraciencia","article_modified_time":"2021-09-20T12:04:03+00:00","og_image":[{"url":"https:\/\/www.alquera.com\/wp-content\/uploads\/2020\/11\/polvo-sulfato-de-cobre.png","type":"","width":"","height":""}],"twitter_card":"summary_large_image","twitter_misc":{"Gesch\u00e4tzte Lesezeit":"3\u00a0Minuten"},"schema":{"@context":"https:\/\/schema.org","@graph":[{"@type":"WebPage","@id":"https:\/\/www.alquera.com\/sulfato-de-cobre\/alimentacion-animal\/","url":"https:\/\/www.alquera.com\/sulfato-de-cobre\/alimentacion-animal\/","name":"Kupfersulfat Tierfutter - Alquera.com","isPartOf":{"@id":"https:\/\/www.alquera.com\/en\/#website"},"primaryImageOfPage":{"@id":"https:\/\/www.alquera.com\/sulfato-de-cobre\/alimentacion-animal\/#primaryimage"},"image":{"@id":"https:\/\/www.alquera.com\/sulfato-de-cobre\/alimentacion-animal\/#primaryimage"},"thumbnailUrl":"https:\/\/www.alquera.com\/wp-content\/uploads\/2020\/11\/polvo-sulfato-de-cobre.png","datePublished":"2020-11-06T16:06:40+00:00","dateModified":"2021-09-20T12:04:03+00:00","breadcrumb":{"@id":"https:\/\/www.alquera.com\/sulfato-de-cobre\/alimentacion-animal\/#breadcrumb"},"inLanguage":"de","potentialAction":[{"@type":"ReadAction","target":["https:\/\/www.alquera.com\/sulfato-de-cobre\/alimentacion-animal\/"]}]},{"@type":"ImageObject","inLanguage":"de","@id":"https:\/\/www.alquera.com\/sulfato-de-cobre\/alimentacion-animal\/#primaryimage","url":"https:\/\/www.alquera.com\/wp-content\/uploads\/2020\/11\/polvo-sulfato-de-cobre.png","contentUrl":"https:\/\/www.alquera.com\/wp-content\/uploads\/2020\/11\/polvo-sulfato-de-cobre.png"},{"@type":"BreadcrumbList","@id":"https:\/\/www.alquera.com\/sulfato-de-cobre\/alimentacion-animal\/#breadcrumb","itemListElement":[{"@type":"ListItem","position":1,"name":"Inicio","item":"https:\/\/www.alquera.com\/"},{"@type":"ListItem","position":2,"name":"Sulfato de Cobre","item":"https:\/\/www.alquera.com\/sulfato-de-cobre\/"},{"@type":"ListItem","position":3,"name":"Sulfato de Cobre Alimentaci\u00f3n Animal"}]},{"@type":"WebSite","@id":"https:\/\/www.alquera.com\/en\/#website","url":"https:\/\/www.alquera.com\/en\/","name":"Alquera.com","description":"Online Shop Chemische Produkte und Laborger\u00e4te","publisher":{"@id":"https:\/\/www.alquera.com\/en\/#organization"},"potentialAction":[{"@type":"SearchAction","target":{"@type":"EntryPoint","urlTemplate":"https:\/\/www.alquera.com\/en\/?s={search_term_string}"},"query-input":{"@type":"PropertyValueSpecification","valueRequired":true,"valueName":"search_term_string"}}],"inLanguage":"de"},{"@type":"Organization","@id":"https:\/\/www.alquera.com\/en\/#organization","name":"ALQUERA CIENCIA SL","url":"https:\/\/www.alquera.com\/en\/","logo":{"@type":"ImageObject","inLanguage":"de","@id":"https:\/\/www.alquera.com\/en\/#\/schema\/logo\/image\/","url":"https:\/\/www.alquera.com\/wp-content\/uploads\/2020\/11\/logo_300_ancho.png","contentUrl":"https:\/\/www.alquera.com\/wp-content\/uploads\/2020\/11\/logo_300_ancho.png","width":300,"height":86,"caption":"ALQUERA CIENCIA SL"},"image":{"@id":"https:\/\/www.alquera.com\/en\/#\/schema\/logo\/image\/"},"sameAs":["https:\/\/www.facebook.com\/alqueraciencia","https:\/\/www.instagram.com\/alquera_ciencia\/","https:\/\/www.youtube.com\/c\/alquera"]}]}},"_links":{"self":[{"href":"https:\/\/www.alquera.com\/de\/wp-json\/wp\/v2\/pages\/9989","targetHints":{"allow":["GET"]}}],"collection":[{"href":"https:\/\/www.alquera.com\/de\/wp-json\/wp\/v2\/pages"}],"about":[{"href":"https:\/\/www.alquera.com\/de\/wp-json\/wp\/v2\/types\/page"}],"author":[{"embeddable":true,"href":"https:\/\/www.alquera.com\/de\/wp-json\/wp\/v2\/users\/1"}],"replies":[{"embeddable":true,"href":"https:\/\/www.alquera.com\/de\/wp-json\/wp\/v2\/comments?post=9989"}],"version-history":[{"count":10,"href":"https:\/\/www.alquera.com\/de\/wp-json\/wp\/v2\/pages\/9989\/revisions"}],"predecessor-version":[{"id":35143,"href":"https:\/\/www.alquera.com\/de\/wp-json\/wp\/v2\/pages\/9989\/revisions\/35143"}],"up":[{"embeddable":true,"href":"https:\/\/www.alquera.com\/de\/wp-json\/wp\/v2\/pages\/32602"}],"wp:attachment":[{"href":"https:\/\/www.alquera.com\/de\/wp-json\/wp\/v2\/media?parent=9989"}],"curies":[{"name":"wp","href":"https:\/\/api.w.org\/{rel}","templated":true}]}}