{"id":1056,"date":"2017-12-03T12:15:10","date_gmt":"2017-12-03T12:15:10","guid":{"rendered":"http:\/\/localhost\/alquera\/productos\/producto\/brilliant-blue-fcf-granular-200-gramos\/"},"modified":"2026-04-09T08:29:50","modified_gmt":"2026-04-09T08:29:50","slug":"brilliant-blue-fcf-granular","status":"publish","type":"product","link":"https:\/\/www.alquera.com\/de\/brilliant-blue-fcf-granular\/","title":{"rendered":"Brillantblau FCF"},"content":{"rendered":"<p>Die <a href=\"https:\/\/www.alquera.com\/de\/trazadores-fluorescentes\/\">fluoreszierende Tracer<\/a> werden zunehmend im Bereich der Hydrologie eingesetzt. Brilliant Blue FCF Granular ist kein fluoreszierender Tracer, aber f\u00fcr viele Anwendungen in der Durchflusskontrolle ist er sehr gut geeignet, da er sehr gut sichtbar ist und einen starken Kontrast f\u00fcr das blo\u00dfe Auge erzeugt. Es ist ein Farbstoff, der auch in Kosmetika und zum F\u00e4rben von Lebensmitteln verwendet wird.<\/p>\n<h2>IDENTIFIZIERUNG UND EIGENSCHAFTEN<\/h2>\n<p><strong>Name:<\/strong> Brillantblau FCF Granulat<br \/>\n<strong>Synonyme:<\/strong> Sulfacid-Brillantblau 5 J, Atracid-Blau FG<br \/>\n<strong>CAS:<\/strong> 3844-45-9<br \/>\n<strong>EC:\u00a0<\/strong>223-339-8<\/p>\n<ul>\n<li>Physikalischer Zustand bei 20\u00baC: fest<\/li>\n<li>Aussehen: pulverf\u00f6rmig<\/li>\n<li>Farbe: Blau<\/li>\n<li>Geruch: Geruchlos<\/li>\n<li>Dichte bei 20\u00baC: 1000 kg\/m3<\/li>\n<li>pH-Wert: 4-10 (bei 1%)<\/li>\n<li>Schmelzpunkt\/Gefrierpunkt: 283\u00baC<\/li>\n<li>Flammpunkt: &gt;2000\u00baC<\/li>\n<\/ul>\n<h2>ANWENDUNGEN<\/h2>\n<ul>\n<li>Textilfarbstoff<\/li>\n<li>Nur f\u00fcr gewerbliche Nutzer\/industrielle Nutzer<\/li>\n<\/ul>\n<h2><\/h2>","protected":false},"excerpt":{"rendered":"<p>Kaufen Sie Brillantblau FCF Granulat in den Formaten 20g, 200g und 1Kg. Der Preis f\u00fcr die verschiedenen Formate von Brilliant Blue wird angezeigt, wenn Sie das gew\u00fcnschte Format ausw\u00e4hlen. Die Bestellung erfolgt direkt \u00fcber das Internet, wobei die angegebenen Schritte befolgt werden, und die Lieferung erfolgt innerhalb von 24\/48 Stunden.<\/p>","protected":false},"featured_media":8693,"comment_status":"open","ping_status":"closed","template":"","meta":{"_acf_changed":false,"site-sidebar-layout":"default","site-content-layout":"default","ast-site-content-layout":"default","site-content-style":"default","site-sidebar-style":"default","ast-global-header-display":"","ast-banner-title-visibility":"","ast-main-header-display":"","ast-hfb-above-header-display":"","ast-hfb-below-header-display":"","ast-hfb-mobile-header-display":"","site-post-title":"","ast-breadcrumbs-content":"","ast-featured-img":"","footer-sml-layout":"","ast-disable-related-posts":"","theme-transparent-header-meta":"default","adv-header-id-meta":"","stick-header-meta":"default","header-above-stick-meta":"","header-main-stick-meta":"","header-below-stick-meta":"","astra-migrate-meta-layouts":"default","ast-page-background-enabled":"default","ast-page-background-meta":{"desktop":{"background-color":"var(--ast-global-color-4)","background-image":"","background-repeat":"repeat","background-position":"center center","background-size":"auto","background-attachment":"scroll","background-type":"","background-media":"","overlay-type":"","overlay-color":"","overlay-opacity":"","overlay-gradient":""},"tablet":{"background-color":"","background-image":"","background-repeat":"repeat","background-position":"center center","background-size":"auto","background-attachment":"scroll","background-type":"","background-media":"","overlay-type":"","overlay-color":"","overlay-opacity":"","overlay-gradient":""},"mobile":{"background-color":"","background-image":"","background-repeat":"repeat","background-position":"center center","background-size":"auto","background-attachment":"scroll","background-type":"","background-media":"","overlay-type":"","overlay-color":"","overlay-opacity":"","overlay-gradient":""}},"ast-content-background-meta":{"desktop":{"background-color":"var(--ast-global-color-5)","background-image":"","background-repeat":"repeat","background-position":"center center","background-size":"auto","background-attachment":"scroll","background-type":"","background-media":"","overlay-type":"","overlay-color":"","overlay-opacity":"","overlay-gradient":""},"tablet":{"background-color":"var(--ast-global-color-5)","background-image":"","background-repeat":"repeat","background-position":"center center","background-size":"auto","background-attachment":"scroll","background-type":"","background-media":"","overlay-type":"","overlay-color":"","overlay-opacity":"","overlay-gradient":""},"mobile":{"background-color":"var(--ast-global-color-5)","background-image":"","background-repeat":"repeat","background-position":"center center","background-size":"auto","background-attachment":"scroll","background-type":"","background-media":"","overlay-type":"","overlay-color":"","overlay-opacity":"","overlay-gradient":""}}},"product_brand":[],"product_cat":[358,359,215],"product_tag":[],"class_list":{"0":"post-1056","1":"product","2":"type-product","3":"status-publish","4":"has-post-thumbnail","6":"product_cat-colorantes-alimentarios","7":"product_cat-colorantes-solubles-agua","8":"product_cat-trazadores-fluorescentes","9":"pa_cantidad-20g","10":"pa_cantidad-200g","11":"pa_cantidad-1kg","12":"desktop-align-left","13":"tablet-align-left","14":"mobile-align-left","15":"ast-product-gallery-layout-horizontal-slider","16":"ast-product-gallery-with-no-image","17":"ast-magnify-disabled","18":"ast-product-single-variable","19":"ast-product-tabs-layout-horizontal","20":"ast-qv-on-image","22":"first","23":"instock","24":"taxable","25":"shipping-taxable","26":"purchasable","27":"product-type-variable","28":"has-default-attributes"},"acf":[],"yoast_head":"<!-- This site is optimized with the Yoast SEO Premium plugin v27.1 (Yoast SEO v27.1.1) - https:\/\/yoast.com\/product\/yoast-seo-premium-wordpress\/ -->\n<title>Azul Brillante - Brilliant Blue FCF - Comprar Online - Alquera.com<\/title>\n<meta name=\"description\" content=\"Comprar Azul Brillante, Briliant Blue, colorante alimentario y trazador de color azul para control de flujo y para aplicaciones de detecci\u00f3n de fugas\" \/>\n<meta name=\"robots\" content=\"index, follow, max-snippet:-1, max-image-preview:large, max-video-preview:-1\" \/>\n<link rel=\"canonical\" href=\"https:\/\/www.alquera.com\/de\/brilliant-blue-fcf-granular\/\" \/>\n<meta property=\"og:locale\" content=\"de_DE\" \/>\n<meta property=\"og:type\" content=\"article\" \/>\n<meta property=\"og:title\" content=\"Azul Brillante - Brilliant Blue FCF: Comprar Online - Alquera.com\" \/>\n<meta property=\"og:description\" content=\"Comprar Azul Brillante, Briliant Blue, colorante alimentario y trazador de color azul para control de flujo y para aplicaciones de detecci\u00f3n de fugas\" \/>\n<meta property=\"og:url\" content=\"https:\/\/www.alquera.com\/de\/brilliant-blue-fcf-granular\/\" \/>\n<meta property=\"og:site_name\" content=\"Alquera.com\" \/>\n<meta property=\"article:publisher\" content=\"https:\/\/www.facebook.com\/alqueraciencia\" \/>\n<meta property=\"article:modified_time\" content=\"2026-04-09T08:29:50+00:00\" \/>\n<meta property=\"og:image\" content=\"https:\/\/www.alquera.com\/wp-content\/uploads\/2017\/12\/AZUL-BRILLANTE.jpg\" \/>\n\t<meta property=\"og:image:width\" content=\"800\" \/>\n\t<meta property=\"og:image:height\" content=\"800\" \/>\n\t<meta property=\"og:image:type\" content=\"image\/jpeg\" \/>\n<meta name=\"twitter:card\" content=\"summary_large_image\" \/>\n<meta name=\"twitter:label1\" content=\"Verf\u00fcgbarkeit\" \/>\n\t<meta name=\"twitter:data1\" content=\"Auf Lager\" \/>\n<script type=\"application\/ld+json\" class=\"yoast-schema-graph\">{\"@context\":\"https:\/\/schema.org\",\"@graph\":[{\"@type\":[\"WebPage\",\"ItemPage\"],\"@id\":\"https:\/\/www.alquera.com\/brilliant-blue-fcf-granular\/\",\"url\":\"https:\/\/www.alquera.com\/brilliant-blue-fcf-granular\/\",\"name\":\"Azul Brillante - Brilliant Blue FCF - Comprar Online - Alquera.com\",\"isPartOf\":{\"@id\":\"https:\/\/www.alquera.com\/en\/#website\"},\"primaryImageOfPage\":{\"@id\":\"https:\/\/www.alquera.com\/brilliant-blue-fcf-granular\/#primaryimage\"},\"image\":{\"@id\":\"https:\/\/www.alquera.com\/brilliant-blue-fcf-granular\/#primaryimage\"},\"thumbnailUrl\":\"https:\/\/www.alquera.com\/wp-content\/uploads\/2017\/12\/AZUL-BRILLANTE.jpg\",\"datePublished\":\"2017-12-03T12:15:10+00:00\",\"dateModified\":\"2026-04-09T08:29:50+00:00\",\"description\":\"Comprar Azul Brillante, Briliant Blue, colorante alimentario y trazador de color azul para control de flujo y para aplicaciones de detecci\u00f3n de fugas\",\"breadcrumb\":{\"@id\":\"https:\/\/www.alquera.com\/brilliant-blue-fcf-granular\/#breadcrumb\"},\"inLanguage\":\"de\",\"potentialAction\":[{\"@type\":\"ReadAction\",\"target\":[\"https:\/\/www.alquera.com\/brilliant-blue-fcf-granular\/\"]}]},{\"@type\":\"ImageObject\",\"inLanguage\":\"de\",\"@id\":\"https:\/\/www.alquera.com\/brilliant-blue-fcf-granular\/#primaryimage\",\"url\":\"https:\/\/www.alquera.com\/wp-content\/uploads\/2017\/12\/AZUL-BRILLANTE.jpg\",\"contentUrl\":\"https:\/\/www.alquera.com\/wp-content\/uploads\/2017\/12\/AZUL-BRILLANTE.jpg\",\"width\":800,\"height\":800,\"caption\":\"Brilliant blue FCF Granular\"},{\"@type\":\"BreadcrumbList\",\"@id\":\"https:\/\/www.alquera.com\/brilliant-blue-fcf-granular\/#breadcrumb\",\"itemListElement\":[{\"@type\":\"ListItem\",\"position\":1,\"name\":\"Inicio\",\"item\":\"https:\/\/www.alquera.com\/\"},{\"@type\":\"ListItem\",\"position\":2,\"name\":\"Alquera.com: Tienda Online de Productos Qu\u00edmicos y Material de Laboratorio\",\"item\":\"https:\/\/www.alquera.com\/en\/tienda\/\"},{\"@type\":\"ListItem\",\"position\":3,\"name\":\"Azul Brillante &#8211; Brilliant Blue FCF\"}]},{\"@type\":\"WebSite\",\"@id\":\"https:\/\/www.alquera.com\/en\/#website\",\"url\":\"https:\/\/www.alquera.com\/en\/\",\"name\":\"Alquera.com\",\"description\":\"Tienda Online Productos Qu\u00edmicos y Material de Laboratorio\",\"publisher\":{\"@id\":\"https:\/\/www.alquera.com\/en\/#organization\"},\"potentialAction\":[{\"@type\":\"SearchAction\",\"target\":{\"@type\":\"EntryPoint\",\"urlTemplate\":\"https:\/\/www.alquera.com\/en\/?s={search_term_string}\"},\"query-input\":{\"@type\":\"PropertyValueSpecification\",\"valueRequired\":true,\"valueName\":\"search_term_string\"}}],\"inLanguage\":\"de\"},{\"@type\":\"Organization\",\"@id\":\"https:\/\/www.alquera.com\/en\/#organization\",\"name\":\"ALQUERA CIENCIA SL\",\"url\":\"https:\/\/www.alquera.com\/en\/\",\"logo\":{\"@type\":\"ImageObject\",\"inLanguage\":\"de\",\"@id\":\"https:\/\/www.alquera.com\/en\/#\/schema\/logo\/image\/\",\"url\":\"https:\/\/www.alquera.com\/wp-content\/uploads\/2020\/11\/logo_300_ancho.png\",\"contentUrl\":\"https:\/\/www.alquera.com\/wp-content\/uploads\/2020\/11\/logo_300_ancho.png\",\"width\":300,\"height\":86,\"caption\":\"ALQUERA CIENCIA SL\"},\"image\":{\"@id\":\"https:\/\/www.alquera.com\/en\/#\/schema\/logo\/image\/\"},\"sameAs\":[\"https:\/\/www.facebook.com\/alqueraciencia\",\"https:\/\/www.instagram.com\/alquera_ciencia\/\",\"https:\/\/www.youtube.com\/c\/alquera\"]}]}<\/script>\n<meta property=\"og:availability\" content=\"instock\" \/>\n<meta property=\"product:availability\" content=\"instock\" \/>\n<meta property=\"product:condition\" content=\"new\" \/>\n<!-- \/ Yoast SEO Premium plugin. -->","yoast_head_json":{"title":"Brillantblau - Brillantblau FCF - Online kaufen - Alquera.de","description":"Kaufen Sie Briliant Blue, Lebensmittelfarbstoff und blauer Tracer f\u00fcr Durchflusskontroll- und Lecksuchanwendungen.","robots":{"index":"index","follow":"follow","max-snippet":"max-snippet:-1","max-image-preview":"max-image-preview:large","max-video-preview":"max-video-preview:-1"},"canonical":"https:\/\/www.alquera.com\/de\/brilliant-blue-fcf-granular\/","og_locale":"de_DE","og_type":"article","og_title":"Azul Brillante - Brilliant Blue FCF: Comprar Online - Alquera.com","og_description":"Comprar Azul Brillante, Briliant Blue, colorante alimentario y trazador de color azul para control de flujo y para aplicaciones de detecci\u00f3n de fugas","og_url":"https:\/\/www.alquera.com\/de\/brilliant-blue-fcf-granular\/","og_site_name":"Alquera.com","article_publisher":"https:\/\/www.facebook.com\/alqueraciencia","article_modified_time":"2026-04-09T08:29:50+00:00","og_image":[{"width":800,"height":800,"url":"https:\/\/www.alquera.com\/wp-content\/uploads\/2017\/12\/AZUL-BRILLANTE.jpg","type":"image\/jpeg"}],"twitter_card":"summary_large_image","twitter_misc":{"Verf\u00fcgbarkeit":"Auf Lager"},"schema":{"@context":"https:\/\/schema.org","@graph":[{"@type":["WebPage","ItemPage"],"@id":"https:\/\/www.alquera.com\/brilliant-blue-fcf-granular\/","url":"https:\/\/www.alquera.com\/brilliant-blue-fcf-granular\/","name":"Brillantblau - Brillantblau FCF - Online kaufen - Alquera.de","isPartOf":{"@id":"https:\/\/www.alquera.com\/en\/#website"},"primaryImageOfPage":{"@id":"https:\/\/www.alquera.com\/brilliant-blue-fcf-granular\/#primaryimage"},"image":{"@id":"https:\/\/www.alquera.com\/brilliant-blue-fcf-granular\/#primaryimage"},"thumbnailUrl":"https:\/\/www.alquera.com\/wp-content\/uploads\/2017\/12\/AZUL-BRILLANTE.jpg","datePublished":"2017-12-03T12:15:10+00:00","dateModified":"2026-04-09T08:29:50+00:00","description":"Kaufen Sie Briliant Blue, Lebensmittelfarbstoff und blauer Tracer f\u00fcr Durchflusskontroll- und Lecksuchanwendungen.","breadcrumb":{"@id":"https:\/\/www.alquera.com\/brilliant-blue-fcf-granular\/#breadcrumb"},"inLanguage":"de","potentialAction":[{"@type":"ReadAction","target":["https:\/\/www.alquera.com\/brilliant-blue-fcf-granular\/"]}]},{"@type":"ImageObject","inLanguage":"de","@id":"https:\/\/www.alquera.com\/brilliant-blue-fcf-granular\/#primaryimage","url":"https:\/\/www.alquera.com\/wp-content\/uploads\/2017\/12\/AZUL-BRILLANTE.jpg","contentUrl":"https:\/\/www.alquera.com\/wp-content\/uploads\/2017\/12\/AZUL-BRILLANTE.jpg","width":800,"height":800,"caption":"Brilliant blue FCF Granular"},{"@type":"BreadcrumbList","@id":"https:\/\/www.alquera.com\/brilliant-blue-fcf-granular\/#breadcrumb","itemListElement":[{"@type":"ListItem","position":1,"name":"Inicio","item":"https:\/\/www.alquera.com\/"},{"@type":"ListItem","position":2,"name":"Alquera.com: Tienda Online de Productos Qu\u00edmicos y Material de Laboratorio","item":"https:\/\/www.alquera.com\/en\/tienda\/"},{"@type":"ListItem","position":3,"name":"Azul Brillante &#8211; Brilliant Blue FCF"}]},{"@type":"WebSite","@id":"https:\/\/www.alquera.com\/en\/#website","url":"https:\/\/www.alquera.com\/en\/","name":"Alquera.com","description":"Online Shop Chemische Produkte und Laborger\u00e4te","publisher":{"@id":"https:\/\/www.alquera.com\/en\/#organization"},"potentialAction":[{"@type":"SearchAction","target":{"@type":"EntryPoint","urlTemplate":"https:\/\/www.alquera.com\/en\/?s={search_term_string}"},"query-input":{"@type":"PropertyValueSpecification","valueRequired":true,"valueName":"search_term_string"}}],"inLanguage":"de"},{"@type":"Organization","@id":"https:\/\/www.alquera.com\/en\/#organization","name":"ALQUERA CIENCIA SL","url":"https:\/\/www.alquera.com\/en\/","logo":{"@type":"ImageObject","inLanguage":"de","@id":"https:\/\/www.alquera.com\/en\/#\/schema\/logo\/image\/","url":"https:\/\/www.alquera.com\/wp-content\/uploads\/2020\/11\/logo_300_ancho.png","contentUrl":"https:\/\/www.alquera.com\/wp-content\/uploads\/2020\/11\/logo_300_ancho.png","width":300,"height":86,"caption":"ALQUERA CIENCIA SL"},"image":{"@id":"https:\/\/www.alquera.com\/en\/#\/schema\/logo\/image\/"},"sameAs":["https:\/\/www.facebook.com\/alqueraciencia","https:\/\/www.instagram.com\/alquera_ciencia\/","https:\/\/www.youtube.com\/c\/alquera"]}]},"og_availability":"instock","product_availability":"instock","product_condition":"new"},"_links":{"self":[{"href":"https:\/\/www.alquera.com\/de\/wp-json\/wp\/v2\/product\/1056","targetHints":{"allow":["GET"]}}],"collection":[{"href":"https:\/\/www.alquera.com\/de\/wp-json\/wp\/v2\/product"}],"about":[{"href":"https:\/\/www.alquera.com\/de\/wp-json\/wp\/v2\/types\/product"}],"replies":[{"embeddable":true,"href":"https:\/\/www.alquera.com\/de\/wp-json\/wp\/v2\/comments?post=1056"}],"wp:featuredmedia":[{"embeddable":true,"href":"https:\/\/www.alquera.com\/de\/wp-json\/wp\/v2\/media\/8693"}],"wp:attachment":[{"href":"https:\/\/www.alquera.com\/de\/wp-json\/wp\/v2\/media?parent=1056"}],"wp:term":[{"taxonomy":"product_brand","embeddable":true,"href":"https:\/\/www.alquera.com\/de\/wp-json\/wp\/v2\/product_brand?post=1056"},{"taxonomy":"product_cat","embeddable":true,"href":"https:\/\/www.alquera.com\/de\/wp-json\/wp\/v2\/product_cat?post=1056"},{"taxonomy":"product_tag","embeddable":true,"href":"https:\/\/www.alquera.com\/de\/wp-json\/wp\/v2\/product_tag?post=1056"}],"curies":[{"name":"wp","href":"https:\/\/api.w.org\/{rel}","templated":true}]}}