{"id":1222,"date":"2018-12-08T13:33:29","date_gmt":"2018-12-08T13:33:29","guid":{"rendered":"http:\/\/localhost\/alquera\/productos\/producto\/hierro-metal-grano-fino-g50-25kg\/"},"modified":"2026-02-26T14:28:29","modified_gmt":"2026-02-26T14:28:29","slug":"polvos-de-hierro","status":"publish","type":"product","link":"https:\/\/www.alquera.com\/de\/polvos-de-hierro\/","title":{"rendered":"Eisenpulver 100micron &gt;98%"},"content":{"rendered":"<p>Feines Eisenpulver, von h\u00f6chster Qualit\u00e4t und Reinheit. Gewonnen im Wasserzerst\u00e4ubungsverfahren und mit Wasserstoff reduziert, um h\u00f6chste Qualit\u00e4t zu erreichen. Maximale Korngr\u00f6\u00dfe 100\u00b5m. Reinheit &gt; 98%.  Wenn Sie eine gr\u00f6\u00dfere Korngr\u00f6\u00dfe von Eisenpulvern ben\u00f6tigen (bis zu 0,4 mm), sehen Sie sich unseren Abschnitt \u00fcber <a href=\"http:\/\/www.alquera.com\/de\/limaduras-de-hierro\/\">Eisenfeilsp\u00e4ne<\/a>. Es weist magnetische Eigenschaften auf, hat eine hohe H\u00e4rte und Dichte, wird in zahlreichen Anwendungen eingesetzt und macht 95 % der Weltmetallproduktion nach Gewicht aus.<\/p>\n<h2><strong>IDENTIFIZIERUNG UND EIGENSCHAFTEN\u00a0<\/strong><\/h2>\n<p><strong>Name:<\/strong> Eisenstaub<br \/>\n<strong>Inhalt Glaube<\/strong> = 98,5 % min<br \/>\n<strong>CAS:<\/strong> 7439-89-6<br \/>\n<strong>EC: <\/strong>231-096-4<\/p>\n<ul>\n<li>Physikalischer Zustand (20\u00baC): Fest - Pulver (Metallpulver).<\/li>\n<li>Farbe: grau (metallisch)<\/li>\n<li>Geruch: Geruchlos.<\/li>\n<li>Startpunkt\/Siedepunkt\/Siedebereich: 2861\u00baC<\/li>\n<li>Dampfdruck: 1,0 mmHg, 1787\u00baC<\/li>\n<li>Entflammbarkeit: Dieses Material ist brennbar, aber nicht leicht entflammbar.<\/li>\n<li>Flammpunkt: Gem\u00e4\u00df Spalte 2 von Anhang VII der REACH-Verordnung ist die Studie nicht erforderlich, da der Stoff anorganisch ist.<\/li>\n<li>Selbstentz\u00fcndungstemperatur: 350\u00b0C bei 1013 hPa (ECHA) (relative Selbstentz\u00fcndungstemperatur von Feststoffen).<\/li>\n<li>Schmelzpunkt: 1530\u00baC<\/li>\n<li>pH: N.A. Unl\u00f6slich in Wasser<\/li>\n<li>Kinematische\/dynamische Viskosit\u00e4t: Nicht zutreffend. Die Viskosit\u00e4t ist nur f\u00fcr Fl\u00fcssigkeiten relevant. Der Stoff ist ein metallischer Feststoff mit einem Schmelzpunkt &gt;1500\u00b0C, daher ist diese Bestimmung nicht erforderlich.<\/li>\n<li>L\u00f6slichkeit: Unl\u00f6slich in Wasser 0,015 mg\/l (22\u00baC)<\/li>\n<li>Wasserl\u00f6slichkeit: unl\u00f6slich in Wasser; 0,015 mg\/l (22\u00baC)<\/li>\n<li>Verteilungskoeffizient (n-Octanol\/Wasser) (logarithmischer Wert): N.A. Anorganischer Stoff.<\/li>\n<li>Sch\u00fcttdichte: 2,00-4,00 g\/cm3<\/li>\n<li>Relative Dichte (Wasser=1, 20\u00baC): 7,87.<\/li>\n<\/ul>\n<h2>ANWENDUNGEN<\/h2>\n<ul>\n<li>Einsatz in industriellen und professionellen Anwendungen<\/li>\n<li>Schwei\u00dfelektroden<\/li>\n<li>Schonendes Kugelstrahlen<\/li>\n<li>Brennschneiden<\/li>\n<li>Chemische Reaktionen<\/li>\n<li>Diamantwerkzeuge<\/li>\n<li>Magnetische Pr\u00fcfung (zerst\u00f6rungsfreie Pr\u00fcfung)<\/li>\n<li>Harzbeladung<\/li>\n<li>Synthetisiert<\/li>\n<li>Auswahl des Saatguts<\/li>\n<li>Fotokopierer<\/li>\n<li>Laborreagenzien<\/li>\n<\/ul>","protected":false},"excerpt":{"rendered":"<p>Kaufen Sie Eisenpulver in den Gr\u00f6\u00dfen 1 kg, 5 kg und 25 kg. Sie k\u00f6nnen den Preis f\u00fcr die verschiedenen Formate von Eisenpulver sehen, wenn Sie das gew\u00fcnschte Format ausw\u00e4hlen. Die Bestellung erfolgt direkt \u00fcber das Internet nach den angegebenen Schritten und wird innerhalb von 24\/48 Stunden geliefert.<\/p>","protected":false},"featured_media":8648,"comment_status":"open","ping_status":"closed","template":"","meta":{"_acf_changed":false,"site-sidebar-layout":"default","site-content-layout":"default","ast-site-content-layout":"default","site-content-style":"default","site-sidebar-style":"default","ast-global-header-display":"","ast-banner-title-visibility":"","ast-main-header-display":"","ast-hfb-above-header-display":"","ast-hfb-below-header-display":"","ast-hfb-mobile-header-display":"","site-post-title":"","ast-breadcrumbs-content":"","ast-featured-img":"","footer-sml-layout":"","ast-disable-related-posts":"","theme-transparent-header-meta":"default","adv-header-id-meta":"","stick-header-meta":"default","header-above-stick-meta":"","header-main-stick-meta":"","header-below-stick-meta":"","astra-migrate-meta-layouts":"default","ast-page-background-enabled":"default","ast-page-background-meta":{"desktop":{"background-color":"var(--ast-global-color-4)","background-image":"","background-repeat":"repeat","background-position":"center center","background-size":"auto","background-attachment":"scroll","background-type":"","background-media":"","overlay-type":"","overlay-color":"","overlay-opacity":"","overlay-gradient":""},"tablet":{"background-color":"","background-image":"","background-repeat":"repeat","background-position":"center center","background-size":"auto","background-attachment":"scroll","background-type":"","background-media":"","overlay-type":"","overlay-color":"","overlay-opacity":"","overlay-gradient":""},"mobile":{"background-color":"","background-image":"","background-repeat":"repeat","background-position":"center center","background-size":"auto","background-attachment":"scroll","background-type":"","background-media":"","overlay-type":"","overlay-color":"","overlay-opacity":"","overlay-gradient":""}},"ast-content-background-meta":{"desktop":{"background-color":"var(--ast-global-color-5)","background-image":"","background-repeat":"repeat","background-position":"center center","background-size":"auto","background-attachment":"scroll","background-type":"","background-media":"","overlay-type":"","overlay-color":"","overlay-opacity":"","overlay-gradient":""},"tablet":{"background-color":"var(--ast-global-color-5)","background-image":"","background-repeat":"repeat","background-position":"center center","background-size":"auto","background-attachment":"scroll","background-type":"","background-media":"","overlay-type":"","overlay-color":"","overlay-opacity":"","overlay-gradient":""},"mobile":{"background-color":"var(--ast-global-color-5)","background-image":"","background-repeat":"repeat","background-position":"center center","background-size":"auto","background-attachment":"scroll","background-type":"","background-media":"","overlay-type":"","overlay-color":"","overlay-opacity":"","overlay-gradient":""}}},"product_brand":[],"product_cat":[260,206],"product_tag":[],"class_list":{"0":"post-1222","1":"product","2":"type-product","3":"status-publish","4":"has-post-thumbnail","6":"product_cat-hierro-polvo-limaduras-y-chapa","7":"product_cat-productos-experimentos","8":"pa_cantidad-300g","9":"pa_cantidad-1kg","10":"pa_cantidad-5kg","11":"pa_cantidad-25kg","12":"desktop-align-left","13":"tablet-align-left","14":"mobile-align-left","15":"ast-product-gallery-layout-horizontal-slider","16":"ast-magnify-disabled","17":"ast-product-single-variable","18":"ast-product-tabs-layout-horizontal","19":"ast-qv-on-image","21":"first","22":"instock","23":"taxable","24":"shipping-taxable","25":"purchasable","26":"product-type-variable","27":"has-default-attributes"},"acf":[],"yoast_head":"<!-- This site is optimized with the Yoast SEO Premium plugin v27.1 (Yoast SEO v27.1.1) - https:\/\/yoast.com\/product\/yoast-seo-premium-wordpress\/ -->\n<title>Polvos de Hierro: Comprar Online - Alquera.com<\/title>\n<meta name=\"description\" content=\"ENV\u00cdOS EN 24\/48H - Comprar Polvos de Hierro en Alquera. Calidad m\u00e1xima. 100micras, pureza &gt;98%. Env\u00edos en 24\/48h\" \/>\n<meta name=\"robots\" content=\"index, follow, max-snippet:-1, max-image-preview:large, max-video-preview:-1\" \/>\n<link rel=\"canonical\" href=\"https:\/\/www.alquera.com\/de\/polvos-de-hierro\/\" \/>\n<meta property=\"og:locale\" content=\"de_DE\" \/>\n<meta property=\"og:type\" content=\"article\" \/>\n<meta property=\"og:title\" content=\"Polvos de Hierro 100micras &gt;98%: Comprar Online - Alquera.com\" \/>\n<meta property=\"og:description\" content=\"ENV\u00cdOS EN 24\/48H - Comprar Polvos de Hierro en Alquera. Calidad m\u00e1xima. 100micras, pureza &gt;98%. Env\u00edos en 24\/48h\" \/>\n<meta property=\"og:url\" content=\"https:\/\/www.alquera.com\/de\/polvos-de-hierro\/\" \/>\n<meta property=\"og:site_name\" content=\"Alquera.com\" \/>\n<meta property=\"article:publisher\" content=\"https:\/\/www.facebook.com\/alqueraciencia\" \/>\n<meta property=\"article:modified_time\" content=\"2026-02-26T14:28:29+00:00\" \/>\n<meta property=\"og:image\" content=\"https:\/\/www.alquera.com\/wp-content\/uploads\/2018\/12\/polvos-de-hierro.jpg\" \/>\n\t<meta property=\"og:image:width\" content=\"800\" \/>\n\t<meta property=\"og:image:height\" content=\"800\" \/>\n\t<meta property=\"og:image:type\" content=\"image\/jpeg\" \/>\n<meta name=\"twitter:card\" content=\"summary_large_image\" \/>\n<meta name=\"twitter:label1\" content=\"Verf\u00fcgbarkeit\" \/>\n\t<meta name=\"twitter:data1\" content=\"Auf Lager\" \/>\n<script type=\"application\/ld+json\" class=\"yoast-schema-graph\">{\"@context\":\"https:\/\/schema.org\",\"@graph\":[{\"@type\":[\"WebPage\",\"ItemPage\"],\"@id\":\"https:\/\/www.alquera.com\/polvos-de-hierro\/\",\"url\":\"https:\/\/www.alquera.com\/polvos-de-hierro\/\",\"name\":\"Polvos de Hierro: Comprar Online - Alquera.com\",\"isPartOf\":{\"@id\":\"https:\/\/www.alquera.com\/en\/#website\"},\"primaryImageOfPage\":{\"@id\":\"https:\/\/www.alquera.com\/polvos-de-hierro\/#primaryimage\"},\"image\":{\"@id\":\"https:\/\/www.alquera.com\/polvos-de-hierro\/#primaryimage\"},\"thumbnailUrl\":\"https:\/\/www.alquera.com\/wp-content\/uploads\/2018\/12\/polvos-de-hierro.jpg\",\"datePublished\":\"2018-12-08T13:33:29+00:00\",\"dateModified\":\"2026-02-26T14:28:29+00:00\",\"description\":\"ENV\u00cdOS EN 24\/48H - Comprar Polvos de Hierro en Alquera. Calidad m\u00e1xima. 100micras, pureza >98%. Env\u00edos en 24\/48h\",\"breadcrumb\":{\"@id\":\"https:\/\/www.alquera.com\/polvos-de-hierro\/#breadcrumb\"},\"inLanguage\":\"de\",\"potentialAction\":[{\"@type\":\"ReadAction\",\"target\":[\"https:\/\/www.alquera.com\/polvos-de-hierro\/\"]}]},{\"@type\":\"ImageObject\",\"inLanguage\":\"de\",\"@id\":\"https:\/\/www.alquera.com\/polvos-de-hierro\/#primaryimage\",\"url\":\"https:\/\/www.alquera.com\/wp-content\/uploads\/2018\/12\/polvos-de-hierro.jpg\",\"contentUrl\":\"https:\/\/www.alquera.com\/wp-content\/uploads\/2018\/12\/polvos-de-hierro.jpg\",\"width\":800,\"height\":800,\"caption\":\"Polvos de hierro\"},{\"@type\":\"BreadcrumbList\",\"@id\":\"https:\/\/www.alquera.com\/polvos-de-hierro\/#breadcrumb\",\"itemListElement\":[{\"@type\":\"ListItem\",\"position\":1,\"name\":\"Inicio\",\"item\":\"https:\/\/www.alquera.com\/\"},{\"@type\":\"ListItem\",\"position\":2,\"name\":\"Alquera.com: Tienda Online de Productos Qu\u00edmicos y Material de Laboratorio\",\"item\":\"https:\/\/www.alquera.com\/en\/tienda\/\"},{\"@type\":\"ListItem\",\"position\":3,\"name\":\"Polvos de Hierro 100micras >98%\"}]},{\"@type\":\"WebSite\",\"@id\":\"https:\/\/www.alquera.com\/en\/#website\",\"url\":\"https:\/\/www.alquera.com\/en\/\",\"name\":\"Alquera.com\",\"description\":\"Tienda Online Productos Qu\u00edmicos y Material de Laboratorio\",\"publisher\":{\"@id\":\"https:\/\/www.alquera.com\/en\/#organization\"},\"potentialAction\":[{\"@type\":\"SearchAction\",\"target\":{\"@type\":\"EntryPoint\",\"urlTemplate\":\"https:\/\/www.alquera.com\/en\/?s={search_term_string}\"},\"query-input\":{\"@type\":\"PropertyValueSpecification\",\"valueRequired\":true,\"valueName\":\"search_term_string\"}}],\"inLanguage\":\"de\"},{\"@type\":\"Organization\",\"@id\":\"https:\/\/www.alquera.com\/en\/#organization\",\"name\":\"ALQUERA CIENCIA SL\",\"url\":\"https:\/\/www.alquera.com\/en\/\",\"logo\":{\"@type\":\"ImageObject\",\"inLanguage\":\"de\",\"@id\":\"https:\/\/www.alquera.com\/en\/#\/schema\/logo\/image\/\",\"url\":\"https:\/\/www.alquera.com\/wp-content\/uploads\/2020\/11\/logo_300_ancho.png\",\"contentUrl\":\"https:\/\/www.alquera.com\/wp-content\/uploads\/2020\/11\/logo_300_ancho.png\",\"width\":300,\"height\":86,\"caption\":\"ALQUERA CIENCIA SL\"},\"image\":{\"@id\":\"https:\/\/www.alquera.com\/en\/#\/schema\/logo\/image\/\"},\"sameAs\":[\"https:\/\/www.facebook.com\/alqueraciencia\",\"https:\/\/www.instagram.com\/alquera_ciencia\/\",\"https:\/\/www.youtube.com\/c\/alquera\"]}]}<\/script>\n<meta property=\"og:availability\" content=\"instock\" \/>\n<meta property=\"product:availability\" content=\"instock\" \/>\n<meta property=\"product:condition\" content=\"new\" \/>\n<!-- \/ Yoast SEO Premium plugin. -->","yoast_head_json":{"title":"Eisenpulver: Online kaufen - Alquera.com","description":"VERSAND IN 24\/48H - Eisenpulver in Alquera kaufen. H\u00f6chste Qualit\u00e4t. 100micron, Reinheit &gt;98%. Versand in 24\/48h","robots":{"index":"index","follow":"follow","max-snippet":"max-snippet:-1","max-image-preview":"max-image-preview:large","max-video-preview":"max-video-preview:-1"},"canonical":"https:\/\/www.alquera.com\/de\/polvos-de-hierro\/","og_locale":"de_DE","og_type":"article","og_title":"Polvos de Hierro 100micras >98%: Comprar Online - Alquera.com","og_description":"ENV\u00cdOS EN 24\/48H - Comprar Polvos de Hierro en Alquera. Calidad m\u00e1xima. 100micras, pureza >98%. Env\u00edos en 24\/48h","og_url":"https:\/\/www.alquera.com\/de\/polvos-de-hierro\/","og_site_name":"Alquera.com","article_publisher":"https:\/\/www.facebook.com\/alqueraciencia","article_modified_time":"2026-02-26T14:28:29+00:00","og_image":[{"width":800,"height":800,"url":"https:\/\/www.alquera.com\/wp-content\/uploads\/2018\/12\/polvos-de-hierro.jpg","type":"image\/jpeg"}],"twitter_card":"summary_large_image","twitter_misc":{"Verf\u00fcgbarkeit":"Auf Lager"},"schema":{"@context":"https:\/\/schema.org","@graph":[{"@type":["WebPage","ItemPage"],"@id":"https:\/\/www.alquera.com\/polvos-de-hierro\/","url":"https:\/\/www.alquera.com\/polvos-de-hierro\/","name":"Eisenpulver: Online kaufen - Alquera.com","isPartOf":{"@id":"https:\/\/www.alquera.com\/en\/#website"},"primaryImageOfPage":{"@id":"https:\/\/www.alquera.com\/polvos-de-hierro\/#primaryimage"},"image":{"@id":"https:\/\/www.alquera.com\/polvos-de-hierro\/#primaryimage"},"thumbnailUrl":"https:\/\/www.alquera.com\/wp-content\/uploads\/2018\/12\/polvos-de-hierro.jpg","datePublished":"2018-12-08T13:33:29+00:00","dateModified":"2026-02-26T14:28:29+00:00","description":"VERSAND IN 24\/48H - Eisenpulver in Alquera kaufen. H\u00f6chste Qualit\u00e4t. 100micron, Reinheit &gt;98%. Versand in 24\/48h","breadcrumb":{"@id":"https:\/\/www.alquera.com\/polvos-de-hierro\/#breadcrumb"},"inLanguage":"de","potentialAction":[{"@type":"ReadAction","target":["https:\/\/www.alquera.com\/polvos-de-hierro\/"]}]},{"@type":"ImageObject","inLanguage":"de","@id":"https:\/\/www.alquera.com\/polvos-de-hierro\/#primaryimage","url":"https:\/\/www.alquera.com\/wp-content\/uploads\/2018\/12\/polvos-de-hierro.jpg","contentUrl":"https:\/\/www.alquera.com\/wp-content\/uploads\/2018\/12\/polvos-de-hierro.jpg","width":800,"height":800,"caption":"Polvos de hierro"},{"@type":"BreadcrumbList","@id":"https:\/\/www.alquera.com\/polvos-de-hierro\/#breadcrumb","itemListElement":[{"@type":"ListItem","position":1,"name":"Inicio","item":"https:\/\/www.alquera.com\/"},{"@type":"ListItem","position":2,"name":"Alquera.com: Tienda Online de Productos Qu\u00edmicos y Material de Laboratorio","item":"https:\/\/www.alquera.com\/en\/tienda\/"},{"@type":"ListItem","position":3,"name":"Polvos de Hierro 100micras >98%"}]},{"@type":"WebSite","@id":"https:\/\/www.alquera.com\/en\/#website","url":"https:\/\/www.alquera.com\/en\/","name":"Alquera.com","description":"Online Shop Chemische Produkte und Laborger\u00e4te","publisher":{"@id":"https:\/\/www.alquera.com\/en\/#organization"},"potentialAction":[{"@type":"SearchAction","target":{"@type":"EntryPoint","urlTemplate":"https:\/\/www.alquera.com\/en\/?s={search_term_string}"},"query-input":{"@type":"PropertyValueSpecification","valueRequired":true,"valueName":"search_term_string"}}],"inLanguage":"de"},{"@type":"Organization","@id":"https:\/\/www.alquera.com\/en\/#organization","name":"ALQUERA CIENCIA SL","url":"https:\/\/www.alquera.com\/en\/","logo":{"@type":"ImageObject","inLanguage":"de","@id":"https:\/\/www.alquera.com\/en\/#\/schema\/logo\/image\/","url":"https:\/\/www.alquera.com\/wp-content\/uploads\/2020\/11\/logo_300_ancho.png","contentUrl":"https:\/\/www.alquera.com\/wp-content\/uploads\/2020\/11\/logo_300_ancho.png","width":300,"height":86,"caption":"ALQUERA CIENCIA SL"},"image":{"@id":"https:\/\/www.alquera.com\/en\/#\/schema\/logo\/image\/"},"sameAs":["https:\/\/www.facebook.com\/alqueraciencia","https:\/\/www.instagram.com\/alquera_ciencia\/","https:\/\/www.youtube.com\/c\/alquera"]}]},"og_availability":"instock","product_availability":"instock","product_condition":"new"},"_links":{"self":[{"href":"https:\/\/www.alquera.com\/de\/wp-json\/wp\/v2\/product\/1222","targetHints":{"allow":["GET"]}}],"collection":[{"href":"https:\/\/www.alquera.com\/de\/wp-json\/wp\/v2\/product"}],"about":[{"href":"https:\/\/www.alquera.com\/de\/wp-json\/wp\/v2\/types\/product"}],"replies":[{"embeddable":true,"href":"https:\/\/www.alquera.com\/de\/wp-json\/wp\/v2\/comments?post=1222"}],"wp:featuredmedia":[{"embeddable":true,"href":"https:\/\/www.alquera.com\/de\/wp-json\/wp\/v2\/media\/8648"}],"wp:attachment":[{"href":"https:\/\/www.alquera.com\/de\/wp-json\/wp\/v2\/media?parent=1222"}],"wp:term":[{"taxonomy":"product_brand","embeddable":true,"href":"https:\/\/www.alquera.com\/de\/wp-json\/wp\/v2\/product_brand?post=1222"},{"taxonomy":"product_cat","embeddable":true,"href":"https:\/\/www.alquera.com\/de\/wp-json\/wp\/v2\/product_cat?post=1222"},{"taxonomy":"product_tag","embeddable":true,"href":"https:\/\/www.alquera.com\/de\/wp-json\/wp\/v2\/product_tag?post=1222"}],"curies":[{"name":"wp","href":"https:\/\/api.w.org\/{rel}","templated":true}]}}