{"id":1230,"date":"2019-10-30T08:38:37","date_gmt":"2019-10-30T08:38:37","guid":{"rendered":"http:\/\/localhost\/alquera\/productos\/producto\/bolas-gel-de-poliacrilamida-2\/"},"modified":"2026-02-23T16:11:52","modified_gmt":"2026-02-23T16:11:52","slug":"bolas-gel","status":"publish","type":"product","link":"https:\/\/www.alquera.com\/de\/bolas-gel\/","title":{"rendered":"Gelkugeln - Hydrogel"},"content":{"rendered":"<p><strong>Mit trockenen Gelkugeln k\u00f6nnen Sie bis zu 100 l aufnehmen.<\/strong> von Wasser. W\u00e4hlen Sie die Farbe aus: Transparent, Rot, Gr\u00fcn, Gelb, Orange, Blau. Sie k\u00f6nnen auch die Gr\u00f6\u00dfe der Kugeln ausw\u00e4hlen.<\/p>\n<ul>\n<li>Mit 100 g k\u00f6nnen Sie bis zu 10 l Wasser aufnehmen.<\/li>\n<li>Mit 1 kg k\u00f6nnen Sie bis zu 100 l Wasser aufnehmen.<\/li>\n<li>W\u00e4hlen Sie die Farbe: Blau, Rot, Gr\u00fcn, Gelb, Orange, Transparent und Multicolour.<\/li>\n<\/ul>\n<p>Diese kleinen Kugeln, Gelkugeln, nehmen eine gro\u00dfe Menge Wasser auf und verwandeln sich von kleinen, harten Kugeln in gr\u00f6\u00dfere, gallertartige Kugeln mit Wasser im Inneren.<\/p>\n<h2>IDENTIFIZIERUNG UND EIGENSCHAFTEN VON HYDROGELEN<\/h2>\n<p><strong>Name:<\/strong> Gel-Kugeln, Wasserperlen, Hydrogel-Kugeln<br \/>\n<strong>CAS:<\/strong> 7732-18-5<\/p>\n<ul>\n<li>Die Form: Granulat<\/li>\n<li>Geruch: Geruchlos<\/li>\n<li>Automatische Einschaltung: Das Produkt schaltet sich nicht selbst ein.<\/li>\n<li>Explosionsgefahr: Von dem Produkt geht keine Explosionsgefahr aus.<\/li>\n<li>Dichte: 1,5 g\/cm\u00b3<\/li>\n<\/ul>\n<h2>GR\u00d6SSEN DER GELKUGELN<\/h2>\n<p>Wir haben 3 verschiedene Gr\u00f6\u00dfen von Gelkugeln. Wenn Sie sich nicht sicher sind, welche Sie kaufen sollen, und Sie brauchen die normalen B\u00e4lle, dann w\u00e4ren das die <strong>Mittel (2,5-3 mm trocken)<\/strong><br \/>\nKleine Kugeln - 1,5-2mm trocken - 0,8-1cm hydratisierte Kugeln<br \/>\nMittlere Kugeln - 2,5-3mm trockene Kugeln - 1-1,5cm hydratisierte Kugeln<br \/>\nGro\u00dfe B\u00e4lle - 6-8mm trocken - 3,5-4,5cm hydratisierte B\u00e4lle<\/p>\n<p>In diesem Bild sehen Sie einen Gr\u00f6\u00dfenvergleich<\/p>\n<p><img loading=\"lazy\" decoding=\"async\" class=\"alignnone wp-image-40300 size-full\" src=\"https:\/\/www.alquera.com\/wp-content\/uploads\/2019\/10\/bolas-con-medidas_-600px-1.png\" alt=\"bolas con medidas_ 600px\" width=\"800\" height=\"585\" srcset=\"https:\/\/www.alquera.com\/wp-content\/uploads\/2019\/10\/bolas-con-medidas_-600px-1.png 800w, https:\/\/www.alquera.com\/wp-content\/uploads\/2019\/10\/bolas-con-medidas_-600px-1-300x219.png 300w, https:\/\/www.alquera.com\/wp-content\/uploads\/2019\/10\/bolas-con-medidas_-600px-1-1024x749.png 1024w, https:\/\/www.alquera.com\/wp-content\/uploads\/2019\/10\/bolas-con-medidas_-600px-1-768x561.png 768w, https:\/\/www.alquera.com\/wp-content\/uploads\/2019\/10\/bolas-con-medidas_-600px-1-16x12.png 16w, https:\/\/www.alquera.com\/wp-content\/uploads\/2019\/10\/bolas-con-medidas_-600px-1-600x439.png 600w\" sizes=\"auto, (max-width: 800px) 100vw, 800px\" \/><\/p>\n<h2>ABSORPTIONSZEIT<\/h2>\n<p>Je kleiner die Gr\u00f6\u00dfe, desto weniger Zeit ben\u00f6tigt sie, um das Wasser aufzunehmen. Bei einer Gr\u00f6\u00dfe von 1,5-2 mm k\u00f6nnen Sie sie in 2-3 Stunden hydratisiert haben, bei 2,5-3 mm in 4-5 Stunden. F\u00fcr 6-8 mm gro\u00dfe Kugeln ben\u00f6tigen Sie mindestens 10 Stunden, um 30 mm zu erreichen, und bis zu 48 Stunden, um 50 mm zu erreichen.<\/p>\n<h2>VERWENDUNG VON GELKUGELN<\/h2>\n<p>Sie werden sowohl als lustiges Experiment f\u00fcr Kinder, als Dekoration als auch f\u00fcr die Gartenarbeit verwendet, da sie, sobald sie Wasser aufgenommen haben, dieses nach und nach wieder abgeben, was sie f\u00fcr die Pflanzenpflege sehr n\u00fctzlich macht.<\/p>\n<div class=\"ast-oembed-container\" style=\"height: 100%;\"><iframe loading=\"lazy\" title=\"Gel-Kugeln. Hydrogel. F\u00fcr Pflanzen Dekoration.\" width=\"500\" height=\"281\" src=\"https:\/\/www.youtube.com\/embed\/1e8zCAhkcuY?start=7&#038;feature=oembed\" frameborder=\"0\" allow=\"accelerometer; autoplay; clipboard-write; encrypted-media; gyroscope; picture-in-picture; web-share\" referrerpolicy=\"strict-origin-when-cross-origin\" allowfullscreen><\/iframe><\/div>\n<div class=\"container-youtube\"><\/div>\n<div>Farben: Blaue B\u00e4lle, Rote B\u00e4lle, Gr\u00fcne B\u00e4lle, Gelbe B\u00e4lle, Orange B\u00e4lle, Transparente B\u00e4lle und Mehrfarbige B\u00e4lle.<\/div>","protected":false},"excerpt":{"rendered":"<p>Gelperlen bei Alquera kaufen. Auch Wasserperlen oder Wasserperlen genannt. Die Gelk\u00fcgelchen, deren Grundbestandteil die <a href=\"http:\/\/www.alquera.com\/de\/hidrogel\/\">Hydrogel <\/a>oder die <a href=\"http:\/\/www.alquera.com\/de\/poliacrilato-de-potasio\/\">Kaliumpolyacrylat<\/a>Die Kugeln sind ein Material, das h\u00e4ufig zur Dekoration in T\u00f6pfen verwendet wird, aber sie erf\u00fcllen auch eine sehr wichtige Funktion bei Pflanzen, da sie super saugf\u00e4hige Polymere sind, die, sobald sie das Wasser aufgenommen haben, es entsprechend dem Wasserbedarf der Pflanzen abgeben. Sie erhalten viel mehr Perlen als auf den Bildern - f\u00fcr 100g erhalten Sie bis zu 10l Perlen und f\u00fcr 1kg bis zu 100l Perlen.<\/p>","protected":false},"featured_media":55540,"comment_status":"open","ping_status":"closed","template":"","meta":{"_acf_changed":false,"site-sidebar-layout":"default","site-content-layout":"default","ast-site-content-layout":"default","site-content-style":"default","site-sidebar-style":"default","ast-global-header-display":"","ast-banner-title-visibility":"","ast-main-header-display":"","ast-hfb-above-header-display":"","ast-hfb-below-header-display":"","ast-hfb-mobile-header-display":"","site-post-title":"","ast-breadcrumbs-content":"","ast-featured-img":"","footer-sml-layout":"","ast-disable-related-posts":"","theme-transparent-header-meta":"default","adv-header-id-meta":"","stick-header-meta":"default","header-above-stick-meta":"","header-main-stick-meta":"","header-below-stick-meta":"","astra-migrate-meta-layouts":"set","ast-page-background-enabled":"default","ast-page-background-meta":{"desktop":{"background-color":"var(--ast-global-color-4)","background-image":"","background-repeat":"repeat","background-position":"center center","background-size":"auto","background-attachment":"scroll","background-type":"","background-media":"","overlay-type":"","overlay-color":"","overlay-opacity":"","overlay-gradient":""},"tablet":{"background-color":"","background-image":"","background-repeat":"repeat","background-position":"center center","background-size":"auto","background-attachment":"scroll","background-type":"","background-media":"","overlay-type":"","overlay-color":"","overlay-opacity":"","overlay-gradient":""},"mobile":{"background-color":"","background-image":"","background-repeat":"repeat","background-position":"center center","background-size":"auto","background-attachment":"scroll","background-type":"","background-media":"","overlay-type":"","overlay-color":"","overlay-opacity":"","overlay-gradient":""}},"ast-content-background-meta":{"desktop":{"background-color":"var(--ast-global-color-5)","background-image":"","background-repeat":"repeat","background-position":"center center","background-size":"auto","background-attachment":"scroll","background-type":"","background-media":"","overlay-type":"","overlay-color":"","overlay-opacity":"","overlay-gradient":""},"tablet":{"background-color":"var(--ast-global-color-5)","background-image":"","background-repeat":"repeat","background-position":"center center","background-size":"auto","background-attachment":"scroll","background-type":"","background-media":"","overlay-type":"","overlay-color":"","overlay-opacity":"","overlay-gradient":""},"mobile":{"background-color":"var(--ast-global-color-5)","background-image":"","background-repeat":"repeat","background-position":"center center","background-size":"auto","background-attachment":"scroll","background-type":"","background-media":"","overlay-type":"","overlay-color":"","overlay-opacity":"","overlay-gradient":""}}},"product_brand":[],"product_cat":[214],"product_tag":[],"class_list":{"0":"post-1230","1":"product","2":"type-product","3":"status-publish","4":"has-post-thumbnail","6":"product_cat-polimeros-super-absorbentes","7":"pa_cantidad-100g","8":"pa_cantidad-1kg","9":"pa_cantidad-25kg","10":"desktop-align-left","11":"tablet-align-left","12":"mobile-align-left","13":"ast-product-gallery-layout-horizontal-slider","14":"ast-magnify-disabled","15":"ast-product-single-variable","16":"ast-product-tabs-layout-horizontal","17":"ast-qv-on-image","19":"first","20":"instock","21":"taxable","22":"shipping-taxable","23":"purchasable","24":"product-type-variable","25":"has-default-attributes"},"acf":[],"yoast_head":"<!-- This site is optimized with the Yoast SEO Premium plugin v27.1 (Yoast SEO v27.1.1) - https:\/\/yoast.com\/product\/yoast-seo-premium-wordpress\/ -->\n<title>Bolas de Gel- Hidrogel: Comprar Online - Alquera.com<\/title>\n<meta name=\"description\" content=\"ENV\u00cdOS EN 24\/48H. Comprar bolas de gel en Alquera. M\u00e1xima calidad, en colores: transparente, azul, rojo, naranja, verde, amarillo.\" \/>\n<meta name=\"robots\" content=\"index, follow, max-snippet:-1, max-image-preview:large, max-video-preview:-1\" \/>\n<link rel=\"canonical\" href=\"https:\/\/www.alquera.com\/de\/bolas-gel\/\" \/>\n<meta property=\"og:locale\" content=\"de_DE\" \/>\n<meta property=\"og:type\" content=\"article\" \/>\n<meta property=\"og:title\" content=\"Bolas Gel - Hidrogel: Comprar Online - Alquera.com\" \/>\n<meta property=\"og:description\" content=\"ENV\u00cdOS EN 24\/48H. Comprar bolas de gel en Alquera. M\u00e1xima calidad, en colores: transparente, azul, rojo, naranja, verde, amarillo.\" \/>\n<meta property=\"og:url\" content=\"https:\/\/www.alquera.com\/de\/bolas-gel\/\" \/>\n<meta property=\"og:site_name\" content=\"Alquera.com\" \/>\n<meta property=\"article:publisher\" content=\"https:\/\/www.facebook.com\/alqueraciencia\" \/>\n<meta property=\"article:modified_time\" content=\"2026-02-23T16:11:52+00:00\" \/>\n<meta property=\"og:image\" content=\"https:\/\/www.alquera.com\/wp-content\/uploads\/2019\/10\/BOLAS-DE-GEL-ALQUERA.png\" \/>\n\t<meta property=\"og:image:width\" content=\"600\" \/>\n\t<meta property=\"og:image:height\" content=\"600\" \/>\n\t<meta property=\"og:image:type\" content=\"image\/png\" \/>\n<meta name=\"twitter:card\" content=\"summary_large_image\" \/>\n<meta name=\"twitter:label1\" content=\"Verf\u00fcgbarkeit\" \/>\n\t<meta name=\"twitter:data1\" content=\"Auf Lager\" \/>\n<script type=\"application\/ld+json\" class=\"yoast-schema-graph\">{\"@context\":\"https:\/\/schema.org\",\"@graph\":[{\"@type\":[\"WebPage\",\"ItemPage\"],\"@id\":\"https:\/\/www.alquera.com\/bolas-gel\/\",\"url\":\"https:\/\/www.alquera.com\/bolas-gel\/\",\"name\":\"Bolas de Gel- Hidrogel: Comprar Online - Alquera.com\",\"isPartOf\":{\"@id\":\"https:\/\/www.alquera.com\/en\/#website\"},\"primaryImageOfPage\":{\"@id\":\"https:\/\/www.alquera.com\/bolas-gel\/#primaryimage\"},\"image\":{\"@id\":\"https:\/\/www.alquera.com\/bolas-gel\/#primaryimage\"},\"thumbnailUrl\":\"https:\/\/www.alquera.com\/wp-content\/uploads\/2019\/10\/BOLAS-DE-GEL-ALQUERA.png\",\"datePublished\":\"2019-10-30T08:38:37+00:00\",\"dateModified\":\"2026-02-23T16:11:52+00:00\",\"description\":\"ENV\u00cdOS EN 24\/48H. Comprar bolas de gel en Alquera. M\u00e1xima calidad, en colores: transparente, azul, rojo, naranja, verde, amarillo.\",\"breadcrumb\":{\"@id\":\"https:\/\/www.alquera.com\/bolas-gel\/#breadcrumb\"},\"inLanguage\":\"de\",\"potentialAction\":[{\"@type\":\"ReadAction\",\"target\":[\"https:\/\/www.alquera.com\/bolas-gel\/\"]}]},{\"@type\":\"ImageObject\",\"inLanguage\":\"de\",\"@id\":\"https:\/\/www.alquera.com\/bolas-gel\/#primaryimage\",\"url\":\"https:\/\/www.alquera.com\/wp-content\/uploads\/2019\/10\/BOLAS-DE-GEL-ALQUERA.png\",\"contentUrl\":\"https:\/\/www.alquera.com\/wp-content\/uploads\/2019\/10\/BOLAS-DE-GEL-ALQUERA.png\",\"width\":600,\"height\":600,\"caption\":\"BOLAS DE GEL\"},{\"@type\":\"BreadcrumbList\",\"@id\":\"https:\/\/www.alquera.com\/bolas-gel\/#breadcrumb\",\"itemListElement\":[{\"@type\":\"ListItem\",\"position\":1,\"name\":\"Inicio\",\"item\":\"https:\/\/www.alquera.com\/\"},{\"@type\":\"ListItem\",\"position\":2,\"name\":\"Alquera.com: Tienda Online de Productos Qu\u00edmicos y Material de Laboratorio\",\"item\":\"https:\/\/www.alquera.com\/en\/tienda\/\"},{\"@type\":\"ListItem\",\"position\":3,\"name\":\"Bolas Gel &#8211; Hidrogel\"}]},{\"@type\":\"WebSite\",\"@id\":\"https:\/\/www.alquera.com\/en\/#website\",\"url\":\"https:\/\/www.alquera.com\/en\/\",\"name\":\"Alquera.com\",\"description\":\"Tienda Online Productos Qu\u00edmicos y Material de Laboratorio\",\"publisher\":{\"@id\":\"https:\/\/www.alquera.com\/en\/#organization\"},\"potentialAction\":[{\"@type\":\"SearchAction\",\"target\":{\"@type\":\"EntryPoint\",\"urlTemplate\":\"https:\/\/www.alquera.com\/en\/?s={search_term_string}\"},\"query-input\":{\"@type\":\"PropertyValueSpecification\",\"valueRequired\":true,\"valueName\":\"search_term_string\"}}],\"inLanguage\":\"de\"},{\"@type\":\"Organization\",\"@id\":\"https:\/\/www.alquera.com\/en\/#organization\",\"name\":\"ALQUERA CIENCIA SL\",\"url\":\"https:\/\/www.alquera.com\/en\/\",\"logo\":{\"@type\":\"ImageObject\",\"inLanguage\":\"de\",\"@id\":\"https:\/\/www.alquera.com\/en\/#\/schema\/logo\/image\/\",\"url\":\"https:\/\/www.alquera.com\/wp-content\/uploads\/2020\/11\/logo_300_ancho.png\",\"contentUrl\":\"https:\/\/www.alquera.com\/wp-content\/uploads\/2020\/11\/logo_300_ancho.png\",\"width\":300,\"height\":86,\"caption\":\"ALQUERA CIENCIA SL\"},\"image\":{\"@id\":\"https:\/\/www.alquera.com\/en\/#\/schema\/logo\/image\/\"},\"sameAs\":[\"https:\/\/www.facebook.com\/alqueraciencia\",\"https:\/\/www.instagram.com\/alquera_ciencia\/\",\"https:\/\/www.youtube.com\/c\/alquera\"]}]}<\/script>\n<meta property=\"og:availability\" content=\"instock\" \/>\n<meta property=\"product:availability\" content=\"instock\" \/>\n<meta property=\"product:retailer_item_id\" content=\"ALQ0030\" \/>\n<meta property=\"product:condition\" content=\"new\" \/>\n<!-- \/ Yoast SEO Premium plugin. -->","yoast_head_json":{"title":"Hydrogel-Gel-B\u00e4lle: Online kaufen - Alquera.com","description":"24\/48H LIEFERUNG. Gelkugeln in Alquera kaufen. Spitzenqualit\u00e4t, in den Farben: transparent, blau, rot, orange, gr\u00fcn, gelb.","robots":{"index":"index","follow":"follow","max-snippet":"max-snippet:-1","max-image-preview":"max-image-preview:large","max-video-preview":"max-video-preview:-1"},"canonical":"https:\/\/www.alquera.com\/de\/bolas-gel\/","og_locale":"de_DE","og_type":"article","og_title":"Bolas Gel - Hidrogel: Comprar Online - Alquera.com","og_description":"ENV\u00cdOS EN 24\/48H. Comprar bolas de gel en Alquera. M\u00e1xima calidad, en colores: transparente, azul, rojo, naranja, verde, amarillo.","og_url":"https:\/\/www.alquera.com\/de\/bolas-gel\/","og_site_name":"Alquera.com","article_publisher":"https:\/\/www.facebook.com\/alqueraciencia","article_modified_time":"2026-02-23T16:11:52+00:00","og_image":[{"width":600,"height":600,"url":"https:\/\/www.alquera.com\/wp-content\/uploads\/2019\/10\/BOLAS-DE-GEL-ALQUERA.png","type":"image\/png"}],"twitter_card":"summary_large_image","twitter_misc":{"Verf\u00fcgbarkeit":"Auf Lager"},"schema":{"@context":"https:\/\/schema.org","@graph":[{"@type":["WebPage","ItemPage"],"@id":"https:\/\/www.alquera.com\/bolas-gel\/","url":"https:\/\/www.alquera.com\/bolas-gel\/","name":"Hydrogel-Gel-B\u00e4lle: Online kaufen - Alquera.com","isPartOf":{"@id":"https:\/\/www.alquera.com\/en\/#website"},"primaryImageOfPage":{"@id":"https:\/\/www.alquera.com\/bolas-gel\/#primaryimage"},"image":{"@id":"https:\/\/www.alquera.com\/bolas-gel\/#primaryimage"},"thumbnailUrl":"https:\/\/www.alquera.com\/wp-content\/uploads\/2019\/10\/BOLAS-DE-GEL-ALQUERA.png","datePublished":"2019-10-30T08:38:37+00:00","dateModified":"2026-02-23T16:11:52+00:00","description":"24\/48H LIEFERUNG. Gelkugeln in Alquera kaufen. Spitzenqualit\u00e4t, in den Farben: transparent, blau, rot, orange, gr\u00fcn, gelb.","breadcrumb":{"@id":"https:\/\/www.alquera.com\/bolas-gel\/#breadcrumb"},"inLanguage":"de","potentialAction":[{"@type":"ReadAction","target":["https:\/\/www.alquera.com\/bolas-gel\/"]}]},{"@type":"ImageObject","inLanguage":"de","@id":"https:\/\/www.alquera.com\/bolas-gel\/#primaryimage","url":"https:\/\/www.alquera.com\/wp-content\/uploads\/2019\/10\/BOLAS-DE-GEL-ALQUERA.png","contentUrl":"https:\/\/www.alquera.com\/wp-content\/uploads\/2019\/10\/BOLAS-DE-GEL-ALQUERA.png","width":600,"height":600,"caption":"BOLAS DE GEL"},{"@type":"BreadcrumbList","@id":"https:\/\/www.alquera.com\/bolas-gel\/#breadcrumb","itemListElement":[{"@type":"ListItem","position":1,"name":"Inicio","item":"https:\/\/www.alquera.com\/"},{"@type":"ListItem","position":2,"name":"Alquera.com: Tienda Online de Productos Qu\u00edmicos y Material de Laboratorio","item":"https:\/\/www.alquera.com\/en\/tienda\/"},{"@type":"ListItem","position":3,"name":"Bolas Gel &#8211; Hidrogel"}]},{"@type":"WebSite","@id":"https:\/\/www.alquera.com\/en\/#website","url":"https:\/\/www.alquera.com\/en\/","name":"Alquera.com","description":"Online Shop Chemische Produkte und Laborger\u00e4te","publisher":{"@id":"https:\/\/www.alquera.com\/en\/#organization"},"potentialAction":[{"@type":"SearchAction","target":{"@type":"EntryPoint","urlTemplate":"https:\/\/www.alquera.com\/en\/?s={search_term_string}"},"query-input":{"@type":"PropertyValueSpecification","valueRequired":true,"valueName":"search_term_string"}}],"inLanguage":"de"},{"@type":"Organization","@id":"https:\/\/www.alquera.com\/en\/#organization","name":"ALQUERA CIENCIA SL","url":"https:\/\/www.alquera.com\/en\/","logo":{"@type":"ImageObject","inLanguage":"de","@id":"https:\/\/www.alquera.com\/en\/#\/schema\/logo\/image\/","url":"https:\/\/www.alquera.com\/wp-content\/uploads\/2020\/11\/logo_300_ancho.png","contentUrl":"https:\/\/www.alquera.com\/wp-content\/uploads\/2020\/11\/logo_300_ancho.png","width":300,"height":86,"caption":"ALQUERA CIENCIA SL"},"image":{"@id":"https:\/\/www.alquera.com\/en\/#\/schema\/logo\/image\/"},"sameAs":["https:\/\/www.facebook.com\/alqueraciencia","https:\/\/www.instagram.com\/alquera_ciencia\/","https:\/\/www.youtube.com\/c\/alquera"]}]},"og_availability":"instock","product_availability":"instock","product_retailer_item_id":"ALQ0030","product_condition":"new"},"_links":{"self":[{"href":"https:\/\/www.alquera.com\/de\/wp-json\/wp\/v2\/product\/1230","targetHints":{"allow":["GET"]}}],"collection":[{"href":"https:\/\/www.alquera.com\/de\/wp-json\/wp\/v2\/product"}],"about":[{"href":"https:\/\/www.alquera.com\/de\/wp-json\/wp\/v2\/types\/product"}],"replies":[{"embeddable":true,"href":"https:\/\/www.alquera.com\/de\/wp-json\/wp\/v2\/comments?post=1230"}],"wp:featuredmedia":[{"embeddable":true,"href":"https:\/\/www.alquera.com\/de\/wp-json\/wp\/v2\/media\/55540"}],"wp:attachment":[{"href":"https:\/\/www.alquera.com\/de\/wp-json\/wp\/v2\/media?parent=1230"}],"wp:term":[{"taxonomy":"product_brand","embeddable":true,"href":"https:\/\/www.alquera.com\/de\/wp-json\/wp\/v2\/product_brand?post=1230"},{"taxonomy":"product_cat","embeddable":true,"href":"https:\/\/www.alquera.com\/de\/wp-json\/wp\/v2\/product_cat?post=1230"},{"taxonomy":"product_tag","embeddable":true,"href":"https:\/\/www.alquera.com\/de\/wp-json\/wp\/v2\/product_tag?post=1230"}],"curies":[{"name":"wp","href":"https:\/\/api.w.org\/{rel}","templated":true}]}}