{"id":1246,"date":"2020-01-15T16:05:58","date_gmt":"2020-01-15T16:05:58","guid":{"rendered":"http:\/\/localhost\/alquera\/productos\/producto\/polidimetilsiloxano-dimeticona-1l-2\/"},"modified":"2026-04-17T09:58:57","modified_gmt":"2026-04-17T09:58:57","slug":"polidimetilsiloxano-dimeticona","status":"publish","type":"product","link":"https:\/\/www.alquera.com\/de\/polidimetilsiloxano-dimeticona\/","title":{"rendered":"Dimethicon - Dimethylsiloxan"},"content":{"rendered":"<h2>DIMETICONE<\/h2>\n<p>Die\u00a0<strong>Polydimethylsiloxan<\/strong>\u00a0o\u00a0<strong>Dimethicon<\/strong> Dimethicon ist das lineare Polymer von Dimethylsiloxan. Es geh\u00f6rt zu der Gruppe von Substanzen, die als Silikone bekannt sind. Die molekulare Struktur dieser Fl\u00fcssigkeit gibt ihnen hervorragende Eigenschaften, von denen wir hervorheben werden:<\/p>\n<h2><strong>EIGENSCHAFTEN VON DIMETHICON<\/strong><\/h2>\n<ul>\n<li>Niedriger Erstarrungspunkt<\/li>\n<li>Ausgezeichnete Stabilit\u00e4t bei erh\u00f6hten Temperaturen<\/li>\n<li>Niedertemperatur-abh\u00e4ngige Viskosit\u00e4ts\u00e4nderung<\/li>\n<li>Chemisch inert gegen\u00fcber den meisten chemischen Stoffen<\/li>\n<li>Niedrige Oberfl\u00e4chenspannung<\/li>\n<li>Keine Beeintr\u00e4chtigung durch Witterungseinfl\u00fcsse<\/li>\n<li>Hohe Kompressibilit\u00e4t<\/li>\n<li>Gute dielektrische Eigenschaften<\/li>\n<li>Dieses Dimeticon ist mit Komponenten formuliert, die gem\u00e4\u00df den EU-Vorschriften f\u00fcr den Kontakt mit Lebensmitteln zugelassen sind.<\/li>\n<\/ul>\n<h2>DIMETICON-EIGENSCHAFTEN<\/h2>\n<ul>\n<li>TYP: Dimethicon<\/li>\n<li>PHYSISCHE FORM: Fl\u00fcssigkeit<\/li>\n<li>FARBE: Transparent<\/li>\n<li>DICHTE, 25\u00baC: 0,970 g\/cm3<\/li>\n<li>VISKOSIT\u00c4T, 25\u00ba1C: Sie k\u00f6nnen 3 verschiedene Viskosit\u00e4ten finden: 100 cst, 350cst und 1000cst. Sie k\u00f6nnen sie auf dem Produktblatt selbst ausw\u00e4hlen.<\/li>\n<li>FLAMMPUNKT: 300\u00ba.<\/li>\n<li><span style=\"font-size: 16px;\">OBERFL\u00c4CHENDRUCK 20,9 mN\/m<\/span><\/li>\n<\/ul>\n<h2><strong>ANWENDUNGEN<\/strong><\/h2>\n<p>Dimethylsiloxan kann als Basisfl\u00fcssigkeit und als Zusatzstoff in vielen K\u00f6rperpflegeprodukten verwendet werden: Deodorants, Haarsprays, Reinigungscremes, Hautcremes, Lotionen und Lotionsticks, Bade\u00f6le, Sonnenschutzmittel, Rasiersch\u00e4ume oder verschiedene Make-up-Produkte usw.<\/p>\n<p>Es wird auch h\u00e4ufig in Reinigungs- und Pflegemittelformulierungen verwendet, um hervorragenden Glanz und Schutz zu bieten.<\/p>\n<p>Dar\u00fcber hinaus gibt es zahlreiche Anwendungen f\u00fcr Silicon\u00f6le in verschiedenen Industriezweigen, als direktes Produkt oder als Bestandteil von Formulierungen: Hydraulik\u00f6le, W\u00e4rme\u00fcbertragungsfl\u00fcssigkeiten, Wasserabweisung und Oberfl\u00e4chenschutz, dielektrische Fl\u00fcssigkeiten, Antihaftmittel, Formtrennmittel, Schmiermittel,<br \/>\nAufheller, Tensidzus\u00e4tze, usw.<\/p>\n<h2>IDENTIFIZIERUNG UND EIGENSCHAFTEN<\/h2>\n<p><strong>Name:<\/strong> Dimethicon, Dimethylsiloxan<br \/>\n<strong>CAS: <\/strong>63148-62-9<\/p>\n<p>&nbsp;<\/p>\n<p>&nbsp;<\/p>\n<p>&nbsp;<\/p>\n<p>&nbsp;<\/p>\n<p>&nbsp;<\/p>","protected":false},"excerpt":{"rendered":"<p>Kaufen Sie Dimethicone in Viskosit\u00e4ten von 100cst, 350cst oder 1000cst und in Formaten von 1L und 5L. Sie k\u00f6nnen den Preis f\u00fcr die verschiedenen Formate von Dimethicone sehen, wenn Sie das gew\u00fcnschte Format ausw\u00e4hlen. Die Bestellung erfolgt direkt \u00fcber das Web nach den Schritten, die angegeben sind, wobei die Lieferung in 24\/48 Stunden.<\/p>","protected":false},"featured_media":37760,"comment_status":"open","ping_status":"closed","template":"","meta":{"_acf_changed":false,"site-sidebar-layout":"default","site-content-layout":"default","ast-site-content-layout":"default","site-content-style":"default","site-sidebar-style":"default","ast-global-header-display":"","ast-banner-title-visibility":"","ast-main-header-display":"","ast-hfb-above-header-display":"","ast-hfb-below-header-display":"","ast-hfb-mobile-header-display":"","site-post-title":"","ast-breadcrumbs-content":"","ast-featured-img":"","footer-sml-layout":"","ast-disable-related-posts":"","theme-transparent-header-meta":"default","adv-header-id-meta":"","stick-header-meta":"default","header-above-stick-meta":"","header-main-stick-meta":"","header-below-stick-meta":"","astra-migrate-meta-layouts":"set","ast-page-background-enabled":"default","ast-page-background-meta":{"desktop":{"background-color":"var(--ast-global-color-4)","background-image":"","background-repeat":"repeat","background-position":"center center","background-size":"auto","background-attachment":"scroll","background-type":"","background-media":"","overlay-type":"","overlay-color":"","overlay-opacity":"","overlay-gradient":""},"tablet":{"background-color":"","background-image":"","background-repeat":"repeat","background-position":"center center","background-size":"auto","background-attachment":"scroll","background-type":"","background-media":"","overlay-type":"","overlay-color":"","overlay-opacity":"","overlay-gradient":""},"mobile":{"background-color":"","background-image":"","background-repeat":"repeat","background-position":"center center","background-size":"auto","background-attachment":"scroll","background-type":"","background-media":"","overlay-type":"","overlay-color":"","overlay-opacity":"","overlay-gradient":""}},"ast-content-background-meta":{"desktop":{"background-color":"var(--ast-global-color-5)","background-image":"","background-repeat":"repeat","background-position":"center center","background-size":"auto","background-attachment":"scroll","background-type":"","background-media":"","overlay-type":"","overlay-color":"","overlay-opacity":"","overlay-gradient":""},"tablet":{"background-color":"var(--ast-global-color-5)","background-image":"","background-repeat":"repeat","background-position":"center center","background-size":"auto","background-attachment":"scroll","background-type":"","background-media":"","overlay-type":"","overlay-color":"","overlay-opacity":"","overlay-gradient":""},"mobile":{"background-color":"var(--ast-global-color-5)","background-image":"","background-repeat":"repeat","background-position":"center center","background-size":"auto","background-attachment":"scroll","background-type":"","background-media":"","overlay-type":"","overlay-color":"","overlay-opacity":"","overlay-gradient":""}}},"product_brand":[],"product_cat":[21],"product_tag":[],"class_list":{"0":"post-1246","1":"product","2":"type-product","3":"status-publish","4":"has-post-thumbnail","6":"product_cat-productos","7":"pa_cantidad-125ml","8":"pa_cantidad-1l","9":"pa_cantidad-5l","10":"pa_cantidad-25l-2","11":"desktop-align-left","12":"tablet-align-left","13":"mobile-align-left","14":"ast-product-gallery-layout-horizontal-slider","15":"ast-product-gallery-with-no-image","16":"ast-magnify-disabled","17":"ast-product-single-variable","18":"ast-product-tabs-layout-horizontal","19":"ast-qv-on-image","21":"first","22":"instock","23":"taxable","24":"shipping-taxable","25":"purchasable","26":"product-type-variable","27":"has-default-attributes"},"acf":[],"yoast_head":"<!-- This site is optimized with the Yoast SEO Premium plugin v27.1 (Yoast SEO v27.1.1) - https:\/\/yoast.com\/product\/yoast-seo-premium-wordpress\/ -->\n<title>Dimeticona - Comprar Online: Alquera.com<\/title>\n<meta name=\"description\" content=\"ENV\u00cdOS EN 24\/48H. Comprar Silicona de Polidimetilsiloxano o Dimeticona. Aceite de silicona de densidad alta. Cosm\u00e9tica y experimentaci\u00f3n.\" \/>\n<meta name=\"robots\" content=\"index, follow, max-snippet:-1, max-image-preview:large, max-video-preview:-1\" \/>\n<link rel=\"canonical\" href=\"https:\/\/www.alquera.com\/de\/polidimetilsiloxano-dimeticona\/\" \/>\n<meta property=\"og:locale\" content=\"de_DE\" \/>\n<meta property=\"og:type\" content=\"article\" \/>\n<meta property=\"og:title\" content=\"Dimeticona - Dimetilsiloxano: Comprar Online - Alquera.com\" \/>\n<meta property=\"og:description\" content=\"ENV\u00cdOS EN 24\/48H. Comprar Silicona de Polidimetilsiloxano o Dimeticona. Aceite de silicona de densidad alta. Cosm\u00e9tica y experimentaci\u00f3n.\" \/>\n<meta property=\"og:url\" content=\"https:\/\/www.alquera.com\/de\/polidimetilsiloxano-dimeticona\/\" \/>\n<meta property=\"og:site_name\" content=\"Alquera.com\" \/>\n<meta property=\"article:publisher\" content=\"https:\/\/www.facebook.com\/alqueraciencia\" \/>\n<meta property=\"article:modified_time\" content=\"2026-04-17T09:58:57+00:00\" \/>\n<meta property=\"og:image\" content=\"https:\/\/www.alquera.com\/wp-content\/uploads\/2020\/01\/diimeticona.png\" \/>\n\t<meta property=\"og:image:width\" content=\"600\" \/>\n\t<meta property=\"og:image:height\" content=\"590\" \/>\n\t<meta property=\"og:image:type\" content=\"image\/png\" \/>\n<meta name=\"twitter:card\" content=\"summary_large_image\" \/>\n<meta name=\"twitter:label1\" content=\"Verf\u00fcgbarkeit\" \/>\n\t<meta name=\"twitter:data1\" content=\"Auf Lager\" \/>\n<script type=\"application\/ld+json\" class=\"yoast-schema-graph\">{\"@context\":\"https:\/\/schema.org\",\"@graph\":[{\"@type\":[\"WebPage\",\"ItemPage\"],\"@id\":\"https:\/\/www.alquera.com\/polidimetilsiloxano-dimeticona\/\",\"url\":\"https:\/\/www.alquera.com\/polidimetilsiloxano-dimeticona\/\",\"name\":\"Dimeticona - Comprar Online: Alquera.com\",\"isPartOf\":{\"@id\":\"https:\/\/www.alquera.com\/en\/#website\"},\"primaryImageOfPage\":{\"@id\":\"https:\/\/www.alquera.com\/polidimetilsiloxano-dimeticona\/#primaryimage\"},\"image\":{\"@id\":\"https:\/\/www.alquera.com\/polidimetilsiloxano-dimeticona\/#primaryimage\"},\"thumbnailUrl\":\"https:\/\/www.alquera.com\/wp-content\/uploads\/2020\/01\/diimeticona.png\",\"datePublished\":\"2020-01-15T16:05:58+00:00\",\"dateModified\":\"2026-04-17T09:58:57+00:00\",\"description\":\"ENV\u00cdOS EN 24\/48H. Comprar Silicona de Polidimetilsiloxano o Dimeticona. Aceite de silicona de densidad alta. Cosm\u00e9tica y experimentaci\u00f3n.\",\"breadcrumb\":{\"@id\":\"https:\/\/www.alquera.com\/polidimetilsiloxano-dimeticona\/#breadcrumb\"},\"inLanguage\":\"de\",\"potentialAction\":[{\"@type\":\"ReadAction\",\"target\":[\"https:\/\/www.alquera.com\/polidimetilsiloxano-dimeticona\/\"]}]},{\"@type\":\"ImageObject\",\"inLanguage\":\"de\",\"@id\":\"https:\/\/www.alquera.com\/polidimetilsiloxano-dimeticona\/#primaryimage\",\"url\":\"https:\/\/www.alquera.com\/wp-content\/uploads\/2020\/01\/diimeticona.png\",\"contentUrl\":\"https:\/\/www.alquera.com\/wp-content\/uploads\/2020\/01\/diimeticona.png\",\"width\":600,\"height\":590,\"caption\":\"dimeticona\"},{\"@type\":\"BreadcrumbList\",\"@id\":\"https:\/\/www.alquera.com\/polidimetilsiloxano-dimeticona\/#breadcrumb\",\"itemListElement\":[{\"@type\":\"ListItem\",\"position\":1,\"name\":\"Inicio\",\"item\":\"https:\/\/www.alquera.com\/\"},{\"@type\":\"ListItem\",\"position\":2,\"name\":\"Alquera.com: Tienda Online de Productos Qu\u00edmicos y Material de Laboratorio\",\"item\":\"https:\/\/www.alquera.com\/en\/tienda\/\"},{\"@type\":\"ListItem\",\"position\":3,\"name\":\"Dimeticona &#8211; Dimetilsiloxano\"}]},{\"@type\":\"WebSite\",\"@id\":\"https:\/\/www.alquera.com\/en\/#website\",\"url\":\"https:\/\/www.alquera.com\/en\/\",\"name\":\"Alquera.com\",\"description\":\"Tienda Online Productos Qu\u00edmicos y Material de Laboratorio\",\"publisher\":{\"@id\":\"https:\/\/www.alquera.com\/en\/#organization\"},\"potentialAction\":[{\"@type\":\"SearchAction\",\"target\":{\"@type\":\"EntryPoint\",\"urlTemplate\":\"https:\/\/www.alquera.com\/en\/?s={search_term_string}\"},\"query-input\":{\"@type\":\"PropertyValueSpecification\",\"valueRequired\":true,\"valueName\":\"search_term_string\"}}],\"inLanguage\":\"de\"},{\"@type\":\"Organization\",\"@id\":\"https:\/\/www.alquera.com\/en\/#organization\",\"name\":\"ALQUERA CIENCIA SL\",\"url\":\"https:\/\/www.alquera.com\/en\/\",\"logo\":{\"@type\":\"ImageObject\",\"inLanguage\":\"de\",\"@id\":\"https:\/\/www.alquera.com\/en\/#\/schema\/logo\/image\/\",\"url\":\"https:\/\/www.alquera.com\/wp-content\/uploads\/2020\/11\/logo_300_ancho.png\",\"contentUrl\":\"https:\/\/www.alquera.com\/wp-content\/uploads\/2020\/11\/logo_300_ancho.png\",\"width\":300,\"height\":86,\"caption\":\"ALQUERA CIENCIA SL\"},\"image\":{\"@id\":\"https:\/\/www.alquera.com\/en\/#\/schema\/logo\/image\/\"},\"sameAs\":[\"https:\/\/www.facebook.com\/alqueraciencia\",\"https:\/\/www.instagram.com\/alquera_ciencia\/\",\"https:\/\/www.youtube.com\/c\/alquera\"]}]}<\/script>\n<meta property=\"og:availability\" content=\"instock\" \/>\n<meta property=\"product:availability\" content=\"instock\" \/>\n<meta property=\"product:condition\" content=\"new\" \/>\n<!-- \/ Yoast SEO Premium plugin. -->","yoast_head_json":{"title":"Dimethicon - Online kaufen: Alquera.com","description":"24\/48H VERSAND. Polydimethylsiloxan oder Dimethicone Silicone kaufen. Silikon\u00f6l mit hoher Dichte. Kosmetika und Experimente.","robots":{"index":"index","follow":"follow","max-snippet":"max-snippet:-1","max-image-preview":"max-image-preview:large","max-video-preview":"max-video-preview:-1"},"canonical":"https:\/\/www.alquera.com\/de\/polidimetilsiloxano-dimeticona\/","og_locale":"de_DE","og_type":"article","og_title":"Dimeticona - Dimetilsiloxano: Comprar Online - Alquera.com","og_description":"ENV\u00cdOS EN 24\/48H. Comprar Silicona de Polidimetilsiloxano o Dimeticona. Aceite de silicona de densidad alta. Cosm\u00e9tica y experimentaci\u00f3n.","og_url":"https:\/\/www.alquera.com\/de\/polidimetilsiloxano-dimeticona\/","og_site_name":"Alquera.com","article_publisher":"https:\/\/www.facebook.com\/alqueraciencia","article_modified_time":"2026-04-17T09:58:57+00:00","og_image":[{"width":600,"height":590,"url":"https:\/\/www.alquera.com\/wp-content\/uploads\/2020\/01\/diimeticona.png","type":"image\/png"}],"twitter_card":"summary_large_image","twitter_misc":{"Verf\u00fcgbarkeit":"Auf Lager"},"schema":{"@context":"https:\/\/schema.org","@graph":[{"@type":["WebPage","ItemPage"],"@id":"https:\/\/www.alquera.com\/polidimetilsiloxano-dimeticona\/","url":"https:\/\/www.alquera.com\/polidimetilsiloxano-dimeticona\/","name":"Dimethicon - Online kaufen: Alquera.com","isPartOf":{"@id":"https:\/\/www.alquera.com\/en\/#website"},"primaryImageOfPage":{"@id":"https:\/\/www.alquera.com\/polidimetilsiloxano-dimeticona\/#primaryimage"},"image":{"@id":"https:\/\/www.alquera.com\/polidimetilsiloxano-dimeticona\/#primaryimage"},"thumbnailUrl":"https:\/\/www.alquera.com\/wp-content\/uploads\/2020\/01\/diimeticona.png","datePublished":"2020-01-15T16:05:58+00:00","dateModified":"2026-04-17T09:58:57+00:00","description":"24\/48H VERSAND. Polydimethylsiloxan oder Dimethicone Silicone kaufen. Silikon\u00f6l mit hoher Dichte. Kosmetika und Experimente.","breadcrumb":{"@id":"https:\/\/www.alquera.com\/polidimetilsiloxano-dimeticona\/#breadcrumb"},"inLanguage":"de","potentialAction":[{"@type":"ReadAction","target":["https:\/\/www.alquera.com\/polidimetilsiloxano-dimeticona\/"]}]},{"@type":"ImageObject","inLanguage":"de","@id":"https:\/\/www.alquera.com\/polidimetilsiloxano-dimeticona\/#primaryimage","url":"https:\/\/www.alquera.com\/wp-content\/uploads\/2020\/01\/diimeticona.png","contentUrl":"https:\/\/www.alquera.com\/wp-content\/uploads\/2020\/01\/diimeticona.png","width":600,"height":590,"caption":"dimeticona"},{"@type":"BreadcrumbList","@id":"https:\/\/www.alquera.com\/polidimetilsiloxano-dimeticona\/#breadcrumb","itemListElement":[{"@type":"ListItem","position":1,"name":"Inicio","item":"https:\/\/www.alquera.com\/"},{"@type":"ListItem","position":2,"name":"Alquera.com: Tienda Online de Productos Qu\u00edmicos y Material de Laboratorio","item":"https:\/\/www.alquera.com\/en\/tienda\/"},{"@type":"ListItem","position":3,"name":"Dimeticona &#8211; Dimetilsiloxano"}]},{"@type":"WebSite","@id":"https:\/\/www.alquera.com\/en\/#website","url":"https:\/\/www.alquera.com\/en\/","name":"Alquera.com","description":"Online Shop Chemische Produkte und Laborger\u00e4te","publisher":{"@id":"https:\/\/www.alquera.com\/en\/#organization"},"potentialAction":[{"@type":"SearchAction","target":{"@type":"EntryPoint","urlTemplate":"https:\/\/www.alquera.com\/en\/?s={search_term_string}"},"query-input":{"@type":"PropertyValueSpecification","valueRequired":true,"valueName":"search_term_string"}}],"inLanguage":"de"},{"@type":"Organization","@id":"https:\/\/www.alquera.com\/en\/#organization","name":"ALQUERA CIENCIA SL","url":"https:\/\/www.alquera.com\/en\/","logo":{"@type":"ImageObject","inLanguage":"de","@id":"https:\/\/www.alquera.com\/en\/#\/schema\/logo\/image\/","url":"https:\/\/www.alquera.com\/wp-content\/uploads\/2020\/11\/logo_300_ancho.png","contentUrl":"https:\/\/www.alquera.com\/wp-content\/uploads\/2020\/11\/logo_300_ancho.png","width":300,"height":86,"caption":"ALQUERA CIENCIA SL"},"image":{"@id":"https:\/\/www.alquera.com\/en\/#\/schema\/logo\/image\/"},"sameAs":["https:\/\/www.facebook.com\/alqueraciencia","https:\/\/www.instagram.com\/alquera_ciencia\/","https:\/\/www.youtube.com\/c\/alquera"]}]},"og_availability":"instock","product_availability":"instock","product_condition":"new"},"_links":{"self":[{"href":"https:\/\/www.alquera.com\/de\/wp-json\/wp\/v2\/product\/1246","targetHints":{"allow":["GET"]}}],"collection":[{"href":"https:\/\/www.alquera.com\/de\/wp-json\/wp\/v2\/product"}],"about":[{"href":"https:\/\/www.alquera.com\/de\/wp-json\/wp\/v2\/types\/product"}],"replies":[{"embeddable":true,"href":"https:\/\/www.alquera.com\/de\/wp-json\/wp\/v2\/comments?post=1246"}],"wp:featuredmedia":[{"embeddable":true,"href":"https:\/\/www.alquera.com\/de\/wp-json\/wp\/v2\/media\/37760"}],"wp:attachment":[{"href":"https:\/\/www.alquera.com\/de\/wp-json\/wp\/v2\/media?parent=1246"}],"wp:term":[{"taxonomy":"product_brand","embeddable":true,"href":"https:\/\/www.alquera.com\/de\/wp-json\/wp\/v2\/product_brand?post=1246"},{"taxonomy":"product_cat","embeddable":true,"href":"https:\/\/www.alquera.com\/de\/wp-json\/wp\/v2\/product_cat?post=1246"},{"taxonomy":"product_tag","embeddable":true,"href":"https:\/\/www.alquera.com\/de\/wp-json\/wp\/v2\/product_tag?post=1246"}],"curies":[{"name":"wp","href":"https:\/\/api.w.org\/{rel}","templated":true}]}}