{"id":1250,"date":"2020-02-20T15:48:26","date_gmt":"2020-02-20T15:48:26","guid":{"rendered":"http:\/\/localhost\/alquera\/productos\/producto\/alcohol-polivinilico-1kg-2\/"},"modified":"2026-05-12T10:18:45","modified_gmt":"2026-05-12T10:18:45","slug":"alcohol-polivinilico","status":"publish","type":"product","link":"https:\/\/www.alquera.com\/de\/alcohol-polivinilico\/","title":{"rendered":"Polyvinylalkohol"},"content":{"rendered":"<p>Polyvinylalkohol ist nicht zu verwechseln mit Polyvinylacetat, das ebenfalls erh\u00e4ltlich und als wirksames Holzmittel bekannt ist. Polyvinylalkohol ist aufgrund seiner F\u00e4higkeit, sich in Wasser aufzul\u00f6sen, in vielen Haushaltsartikeln zu finden. Einige der Verwendungszwecke von Polyvinylalkohol sind: Herstellung von Klebstoffen, Verdickung von Polyvinylacetat-Klebstoffen, Beschichtung von Waschmittelverpackungen. Zum Beispiel fl\u00fcssige Tabletten, bei denen der Kunststoff aufgel\u00f6st werden soll. Polyvinylalkohol wird zusammen mit Borax auch bei der Herstellung von Schleim verwendet.<\/p>\n<h2>ALCOHOL POLIVINILICO &#8211; IDENTIFICACI\u00d3N Y PROPIEDADES<\/h2>\n<p><strong>Namen:<\/strong> Alcohol Polivinilico PVA<br \/>\n<strong>CAS:<\/strong> 25213-24-5<br \/>\n<strong>EC:<\/strong> 607-648-9<\/p>\n<ul>\n<li>Aussehen (20\u00baC): Pulver-Feststoff<\/li>\n<li>Farbe: Wei\u00df<\/li>\n<li>Geruch: mild, fast geruchlos.<\/li>\n<li>Anfangspunkt\/Siedepunkt\/Siedebereich: &gt;200\u00b0C (gesch\u00e4tzt).<\/li>\n<li>Entflammbarkeit: Dieses Material ist brennbar, aber nicht leicht entflammbar.<\/li>\n<li>Schmelzpunkt: 230-240\u00b0C<\/li>\n<li>Zersetzungstemperatur: &gt;200\u00baC<\/li>\n<li>pH: 4,5-6,5 (20\u00baC) (4%-L\u00f6sung; 40 g\/L)<\/li>\n<li>Dynamische Viskosit\u00e4t: 45-55 cP (20\u00baC, 4%-L\u00f6sung)<\/li>\n<li>Kinematische Viskosit\u00e4t: Nicht anwendbar. Die Viskosit\u00e4t ist nur f\u00fcr Fl\u00fcssigkeiten relevant.<\/li>\n<li>L\u00f6slichkeit: l\u00f6slich in hei\u00dfem Wasser<\/li>\n<li>Wasserl\u00f6slichkeit: L\u00f6slich in hei\u00dfem Wasser<\/li>\n<li>Sch\u00fcttdichte: 610-670 kg\/m3<\/li>\n<li>Relative Dichte (Wasser=1): 1,10-1,31.<\/li>\n<\/ul>\n<h2>M\u00c1S INFORMACI\u00d3N PVA<\/h2>\n<p>Puedes ver m\u00e1s informaci\u00f3n en el apartado de usos y propiedades: <a href=\"https:\/\/www.alquera.com\/de\/alcohol-polivinilico\/usos-alcohol-polivinilico\/\" target=\"_blank\" rel=\"noopener noreferrer\">Polyvinylalkohol, Verwendungen und Eigenschaften<\/a><\/p>","protected":false},"excerpt":{"rendered":"<p>Kaufen Sie Polyvinylalkohol von 250g-Packungen bis hin zu 20kg-S\u00e4cken. Der Preis der verschiedenen Formate von Polyvinylalkoholsulfat ist ersichtlich, wenn Sie das gew\u00fcnschte Format ausw\u00e4hlen. Die Bestellung erfolgt direkt \u00fcber das Internet nach den angegebenen Schritten und wird innerhalb von 24\/48 Stunden geliefert.<\/p>","protected":false},"featured_media":8461,"comment_status":"open","ping_status":"closed","template":"","meta":{"_acf_changed":false,"site-sidebar-layout":"default","site-content-layout":"default","ast-site-content-layout":"default","site-content-style":"default","site-sidebar-style":"default","ast-global-header-display":"","ast-banner-title-visibility":"","ast-main-header-display":"","ast-hfb-above-header-display":"","ast-hfb-below-header-display":"","ast-hfb-mobile-header-display":"","site-post-title":"","ast-breadcrumbs-content":"","ast-featured-img":"","footer-sml-layout":"","ast-disable-related-posts":"","theme-transparent-header-meta":"default","adv-header-id-meta":"","stick-header-meta":"default","header-above-stick-meta":"","header-main-stick-meta":"","header-below-stick-meta":"","astra-migrate-meta-layouts":"set","ast-page-background-enabled":"default","ast-page-background-meta":{"desktop":{"background-color":"var(--ast-global-color-4)","background-image":"","background-repeat":"repeat","background-position":"center center","background-size":"auto","background-attachment":"scroll","background-type":"","background-media":"","overlay-type":"","overlay-color":"","overlay-opacity":"","overlay-gradient":""},"tablet":{"background-color":"","background-image":"","background-repeat":"repeat","background-position":"center center","background-size":"auto","background-attachment":"scroll","background-type":"","background-media":"","overlay-type":"","overlay-color":"","overlay-opacity":"","overlay-gradient":""},"mobile":{"background-color":"","background-image":"","background-repeat":"repeat","background-position":"center center","background-size":"auto","background-attachment":"scroll","background-type":"","background-media":"","overlay-type":"","overlay-color":"","overlay-opacity":"","overlay-gradient":""}},"ast-content-background-meta":{"desktop":{"background-color":"var(--ast-global-color-5)","background-image":"","background-repeat":"repeat","background-position":"center center","background-size":"auto","background-attachment":"scroll","background-type":"","background-media":"","overlay-type":"","overlay-color":"","overlay-opacity":"","overlay-gradient":""},"tablet":{"background-color":"var(--ast-global-color-5)","background-image":"","background-repeat":"repeat","background-position":"center center","background-size":"auto","background-attachment":"scroll","background-type":"","background-media":"","overlay-type":"","overlay-color":"","overlay-opacity":"","overlay-gradient":""},"mobile":{"background-color":"var(--ast-global-color-5)","background-image":"","background-repeat":"repeat","background-position":"center center","background-size":"auto","background-attachment":"scroll","background-type":"","background-media":"","overlay-type":"","overlay-color":"","overlay-opacity":"","overlay-gradient":""}}},"product_brand":[],"product_cat":[21],"product_tag":[],"class_list":{"0":"post-1250","1":"product","2":"type-product","3":"status-publish","4":"has-post-thumbnail","6":"product_cat-productos","7":"pa_cantidad-250g","8":"pa_cantidad-1kg","9":"pa_cantidad-5kg","10":"pa_cantidad-20kg","11":"desktop-align-left","12":"tablet-align-left","13":"mobile-align-left","14":"ast-product-gallery-layout-horizontal-slider","15":"ast-magnify-disabled","16":"ast-product-single-variable","17":"ast-product-tabs-layout-horizontal","18":"ast-qv-on-image","20":"first","21":"instock","22":"taxable","23":"shipping-taxable","24":"purchasable","25":"product-type-variable","26":"has-default-attributes"},"acf":[],"yoast_head":"<!-- This site is optimized with the Yoast SEO Premium plugin v27.1 (Yoast SEO v27.1.1) - https:\/\/yoast.com\/product\/yoast-seo-premium-wordpress\/ -->\n<title>Alcohol Polivinilico - Comprar Online - Alquera.com<\/title>\n<meta name=\"description\" content=\"ENVIOS EN 24\/48H Comprar Alcohol Polivinilico o PVA, base de muchos adhesivos y utilizado como recubrimiento. Soluble en agua, realizacion de slime.\" \/>\n<meta name=\"robots\" content=\"index, follow, max-snippet:-1, max-image-preview:large, max-video-preview:-1\" \/>\n<link rel=\"canonical\" href=\"https:\/\/www.alquera.com\/de\/alcohol-polivinilico\/\" \/>\n<meta property=\"og:locale\" content=\"de_DE\" \/>\n<meta property=\"og:type\" content=\"article\" \/>\n<meta property=\"og:title\" content=\"Alcohol Polivinilico: Comprar Online - Alquera.com\" \/>\n<meta property=\"og:description\" content=\"ENVIOS EN 24\/48H Comprar Alcohol Polivinilico o PVA, base de muchos adhesivos y utilizado como recubrimiento. Soluble en agua, realizacion de slime.\" \/>\n<meta property=\"og:url\" content=\"https:\/\/www.alquera.com\/de\/alcohol-polivinilico\/\" \/>\n<meta property=\"og:site_name\" content=\"Alquera.com\" \/>\n<meta property=\"article:publisher\" content=\"https:\/\/www.facebook.com\/alqueraciencia\" \/>\n<meta property=\"article:modified_time\" content=\"2026-05-12T10:18:45+00:00\" \/>\n<meta property=\"og:image\" content=\"https:\/\/www.alquera.com\/wp-content\/uploads\/2020\/02\/ALCOHOL-POLIVINILO-2.jpg\" \/>\n\t<meta property=\"og:image:width\" content=\"800\" \/>\n\t<meta property=\"og:image:height\" content=\"800\" \/>\n\t<meta property=\"og:image:type\" content=\"image\/jpeg\" \/>\n<meta name=\"twitter:card\" content=\"summary_large_image\" \/>\n<meta name=\"twitter:label1\" content=\"Verf\u00fcgbarkeit\" \/>\n\t<meta name=\"twitter:data1\" content=\"Auf Lager\" \/>\n<script type=\"application\/ld+json\" class=\"yoast-schema-graph\">{\"@context\":\"https:\/\/schema.org\",\"@graph\":[{\"@type\":[\"WebPage\",\"ItemPage\"],\"@id\":\"https:\/\/www.alquera.com\/alcohol-polivinilico\/\",\"url\":\"https:\/\/www.alquera.com\/alcohol-polivinilico\/\",\"name\":\"Alcohol Polivinilico - Comprar Online - Alquera.com\",\"isPartOf\":{\"@id\":\"https:\/\/www.alquera.com\/en\/#website\"},\"primaryImageOfPage\":{\"@id\":\"https:\/\/www.alquera.com\/alcohol-polivinilico\/#primaryimage\"},\"image\":{\"@id\":\"https:\/\/www.alquera.com\/alcohol-polivinilico\/#primaryimage\"},\"thumbnailUrl\":\"https:\/\/www.alquera.com\/wp-content\/uploads\/2020\/02\/ALCOHOL-POLIVINILO-2.jpg\",\"datePublished\":\"2020-02-20T15:48:26+00:00\",\"dateModified\":\"2026-05-12T10:18:45+00:00\",\"description\":\"ENVIOS EN 24\/48H Comprar Alcohol Polivinilico o PVA, base de muchos adhesivos y utilizado como recubrimiento. Soluble en agua, realizacion de slime.\",\"breadcrumb\":{\"@id\":\"https:\/\/www.alquera.com\/alcohol-polivinilico\/#breadcrumb\"},\"inLanguage\":\"de\",\"potentialAction\":[{\"@type\":\"ReadAction\",\"target\":[\"https:\/\/www.alquera.com\/alcohol-polivinilico\/\"]}]},{\"@type\":\"ImageObject\",\"inLanguage\":\"de\",\"@id\":\"https:\/\/www.alquera.com\/alcohol-polivinilico\/#primaryimage\",\"url\":\"https:\/\/www.alquera.com\/wp-content\/uploads\/2020\/02\/ALCOHOL-POLIVINILO-2.jpg\",\"contentUrl\":\"https:\/\/www.alquera.com\/wp-content\/uploads\/2020\/02\/ALCOHOL-POLIVINILO-2.jpg\",\"width\":800,\"height\":800,\"caption\":\"ALCOHOL POLIVINILICO\"},{\"@type\":\"BreadcrumbList\",\"@id\":\"https:\/\/www.alquera.com\/alcohol-polivinilico\/#breadcrumb\",\"itemListElement\":[{\"@type\":\"ListItem\",\"position\":1,\"name\":\"Inicio\",\"item\":\"https:\/\/www.alquera.com\/\"},{\"@type\":\"ListItem\",\"position\":2,\"name\":\"Alquera.com: Tienda Online de Productos Qu\u00edmicos y Material de Laboratorio\",\"item\":\"https:\/\/www.alquera.com\/en\/tienda\/\"},{\"@type\":\"ListItem\",\"position\":3,\"name\":\"Alcohol Polivinilico\"}]},{\"@type\":\"WebSite\",\"@id\":\"https:\/\/www.alquera.com\/en\/#website\",\"url\":\"https:\/\/www.alquera.com\/en\/\",\"name\":\"Alquera.com\",\"description\":\"Tienda Online Productos Qu\u00edmicos y Material de Laboratorio\",\"publisher\":{\"@id\":\"https:\/\/www.alquera.com\/en\/#organization\"},\"potentialAction\":[{\"@type\":\"SearchAction\",\"target\":{\"@type\":\"EntryPoint\",\"urlTemplate\":\"https:\/\/www.alquera.com\/en\/?s={search_term_string}\"},\"query-input\":{\"@type\":\"PropertyValueSpecification\",\"valueRequired\":true,\"valueName\":\"search_term_string\"}}],\"inLanguage\":\"de\"},{\"@type\":\"Organization\",\"@id\":\"https:\/\/www.alquera.com\/en\/#organization\",\"name\":\"ALQUERA CIENCIA SL\",\"url\":\"https:\/\/www.alquera.com\/en\/\",\"logo\":{\"@type\":\"ImageObject\",\"inLanguage\":\"de\",\"@id\":\"https:\/\/www.alquera.com\/en\/#\/schema\/logo\/image\/\",\"url\":\"https:\/\/www.alquera.com\/wp-content\/uploads\/2020\/11\/logo_300_ancho.png\",\"contentUrl\":\"https:\/\/www.alquera.com\/wp-content\/uploads\/2020\/11\/logo_300_ancho.png\",\"width\":300,\"height\":86,\"caption\":\"ALQUERA CIENCIA SL\"},\"image\":{\"@id\":\"https:\/\/www.alquera.com\/en\/#\/schema\/logo\/image\/\"},\"sameAs\":[\"https:\/\/www.facebook.com\/alqueraciencia\",\"https:\/\/www.instagram.com\/alquera_ciencia\/\",\"https:\/\/www.youtube.com\/c\/alquera\"]}]}<\/script>\n<meta property=\"og:availability\" content=\"instock\" \/>\n<meta property=\"product:availability\" content=\"instock\" \/>\n<meta property=\"product:retailer_item_id\" content=\"ALCS14\" \/>\n<meta property=\"product:condition\" content=\"new\" \/>\n<!-- \/ Yoast SEO Premium plugin. -->","yoast_head_json":{"title":"Polyvinylalkohol - Online kaufen - Alquera.de","description":"ENVIOS EN 24\/48H Comprar Alcohol Polivinilico o PVA, base de muchos adhesivos y utilizado como recubrimiento. Soluble en agua, realizacion de slime.","robots":{"index":"index","follow":"follow","max-snippet":"max-snippet:-1","max-image-preview":"max-image-preview:large","max-video-preview":"max-video-preview:-1"},"canonical":"https:\/\/www.alquera.com\/de\/alcohol-polivinilico\/","og_locale":"de_DE","og_type":"article","og_title":"Alcohol Polivinilico: Comprar Online - Alquera.com","og_description":"ENVIOS EN 24\/48H Comprar Alcohol Polivinilico o PVA, base de muchos adhesivos y utilizado como recubrimiento. Soluble en agua, realizacion de slime.","og_url":"https:\/\/www.alquera.com\/de\/alcohol-polivinilico\/","og_site_name":"Alquera.com","article_publisher":"https:\/\/www.facebook.com\/alqueraciencia","article_modified_time":"2026-05-12T10:18:45+00:00","og_image":[{"width":800,"height":800,"url":"https:\/\/www.alquera.com\/wp-content\/uploads\/2020\/02\/ALCOHOL-POLIVINILO-2.jpg","type":"image\/jpeg"}],"twitter_card":"summary_large_image","twitter_misc":{"Verf\u00fcgbarkeit":"Auf Lager"},"schema":{"@context":"https:\/\/schema.org","@graph":[{"@type":["WebPage","ItemPage"],"@id":"https:\/\/www.alquera.com\/alcohol-polivinilico\/","url":"https:\/\/www.alquera.com\/alcohol-polivinilico\/","name":"Polyvinylalkohol - Online kaufen - Alquera.de","isPartOf":{"@id":"https:\/\/www.alquera.com\/en\/#website"},"primaryImageOfPage":{"@id":"https:\/\/www.alquera.com\/alcohol-polivinilico\/#primaryimage"},"image":{"@id":"https:\/\/www.alquera.com\/alcohol-polivinilico\/#primaryimage"},"thumbnailUrl":"https:\/\/www.alquera.com\/wp-content\/uploads\/2020\/02\/ALCOHOL-POLIVINILO-2.jpg","datePublished":"2020-02-20T15:48:26+00:00","dateModified":"2026-05-12T10:18:45+00:00","description":"ENVIOS EN 24\/48H Comprar Alcohol Polivinilico o PVA, base de muchos adhesivos y utilizado como recubrimiento. Soluble en agua, realizacion de slime.","breadcrumb":{"@id":"https:\/\/www.alquera.com\/alcohol-polivinilico\/#breadcrumb"},"inLanguage":"de","potentialAction":[{"@type":"ReadAction","target":["https:\/\/www.alquera.com\/alcohol-polivinilico\/"]}]},{"@type":"ImageObject","inLanguage":"de","@id":"https:\/\/www.alquera.com\/alcohol-polivinilico\/#primaryimage","url":"https:\/\/www.alquera.com\/wp-content\/uploads\/2020\/02\/ALCOHOL-POLIVINILO-2.jpg","contentUrl":"https:\/\/www.alquera.com\/wp-content\/uploads\/2020\/02\/ALCOHOL-POLIVINILO-2.jpg","width":800,"height":800,"caption":"ALCOHOL POLIVINILICO"},{"@type":"BreadcrumbList","@id":"https:\/\/www.alquera.com\/alcohol-polivinilico\/#breadcrumb","itemListElement":[{"@type":"ListItem","position":1,"name":"Inicio","item":"https:\/\/www.alquera.com\/"},{"@type":"ListItem","position":2,"name":"Alquera.com: Tienda Online de Productos Qu\u00edmicos y Material de Laboratorio","item":"https:\/\/www.alquera.com\/en\/tienda\/"},{"@type":"ListItem","position":3,"name":"Alcohol Polivinilico"}]},{"@type":"WebSite","@id":"https:\/\/www.alquera.com\/en\/#website","url":"https:\/\/www.alquera.com\/en\/","name":"Alquera.com","description":"Online Shop Chemische Produkte und Laborger\u00e4te","publisher":{"@id":"https:\/\/www.alquera.com\/en\/#organization"},"potentialAction":[{"@type":"SearchAction","target":{"@type":"EntryPoint","urlTemplate":"https:\/\/www.alquera.com\/en\/?s={search_term_string}"},"query-input":{"@type":"PropertyValueSpecification","valueRequired":true,"valueName":"search_term_string"}}],"inLanguage":"de"},{"@type":"Organization","@id":"https:\/\/www.alquera.com\/en\/#organization","name":"ALQUERA CIENCIA SL","url":"https:\/\/www.alquera.com\/en\/","logo":{"@type":"ImageObject","inLanguage":"de","@id":"https:\/\/www.alquera.com\/en\/#\/schema\/logo\/image\/","url":"https:\/\/www.alquera.com\/wp-content\/uploads\/2020\/11\/logo_300_ancho.png","contentUrl":"https:\/\/www.alquera.com\/wp-content\/uploads\/2020\/11\/logo_300_ancho.png","width":300,"height":86,"caption":"ALQUERA CIENCIA SL"},"image":{"@id":"https:\/\/www.alquera.com\/en\/#\/schema\/logo\/image\/"},"sameAs":["https:\/\/www.facebook.com\/alqueraciencia","https:\/\/www.instagram.com\/alquera_ciencia\/","https:\/\/www.youtube.com\/c\/alquera"]}]},"og_availability":"instock","product_availability":"instock","product_retailer_item_id":"ALCS14","product_condition":"new"},"_links":{"self":[{"href":"https:\/\/www.alquera.com\/de\/wp-json\/wp\/v2\/product\/1250","targetHints":{"allow":["GET"]}}],"collection":[{"href":"https:\/\/www.alquera.com\/de\/wp-json\/wp\/v2\/product"}],"about":[{"href":"https:\/\/www.alquera.com\/de\/wp-json\/wp\/v2\/types\/product"}],"replies":[{"embeddable":true,"href":"https:\/\/www.alquera.com\/de\/wp-json\/wp\/v2\/comments?post=1250"}],"wp:featuredmedia":[{"embeddable":true,"href":"https:\/\/www.alquera.com\/de\/wp-json\/wp\/v2\/media\/8461"}],"wp:attachment":[{"href":"https:\/\/www.alquera.com\/de\/wp-json\/wp\/v2\/media?parent=1250"}],"wp:term":[{"taxonomy":"product_brand","embeddable":true,"href":"https:\/\/www.alquera.com\/de\/wp-json\/wp\/v2\/product_brand?post=1250"},{"taxonomy":"product_cat","embeddable":true,"href":"https:\/\/www.alquera.com\/de\/wp-json\/wp\/v2\/product_cat?post=1250"},{"taxonomy":"product_tag","embeddable":true,"href":"https:\/\/www.alquera.com\/de\/wp-json\/wp\/v2\/product_tag?post=1250"}],"curies":[{"name":"wp","href":"https:\/\/api.w.org\/{rel}","templated":true}]}}