{"id":1251,"date":"2020-02-20T15:56:32","date_gmt":"2020-02-20T15:56:32","guid":{"rendered":"http:\/\/localhost\/alquera\/productos\/producto\/kit-escolar-electrico\/"},"modified":"2026-02-27T08:28:32","modified_gmt":"2026-02-27T08:28:32","slug":"kit-escolar-electrico","status":"publish","type":"product","link":"https:\/\/www.alquera.com\/de\/kit-escolar-electrico\/","title":{"rendered":"Elektrischer Schulbaukasten"},"content":{"rendered":"<p>Sie haben eine Grundschulausr\u00fcstung und eine Grundschulausr\u00fcstung mit Motor. Beide Baus\u00e4tze sind zum Experimentieren und zur Vermittlung von Grundkenntnissen \u00fcber Elektrizit\u00e4t an Sch\u00fcler gedacht. Es ist ratsam, sie unter Aufsicht von Erwachsenen zu benutzen. Hier k\u00f6nnen Sie den Inhalt der einzelnen Dokumente lesen:<\/p>\n<h2>ELEKTRISCHER SCHULBAUKASTEN<\/h2>\n<p>Inhalt:<\/p>\n<ul>\n<li>1 Lampenfassung<\/li>\n<li>1 Batterie 4,5 V<\/li>\n<li>1 Gl\u00fchbirne 3,7 V - 0,2 A<\/li>\n<li>1 Schalter 250 V - 2 A<\/li>\n<li>1 m des Kabels 2 \u00d7 0,43 mm\u00b2 1 m des Kabels 2 \u00d7 0,43 mm\u00b2 1 m des Kabels 2 \u00d7 0,43 mm<\/li>\n<\/ul>\n<h2>ELEKTRISCHER SCHULBAUSATZ MIT MOTOR<\/h2>\n<p>Inhalt:<\/p>\n<ul>\n<li>1 Lampenfassung<\/li>\n<li>2 Schaumstoffpropeller<\/li>\n<li>1 4,5-V-Alkalibatterie<\/li>\n<li>1 Gl\u00fchbirne 3'8 V - 0'3 A<\/li>\n<li>1 Elektromotor<\/li>\n<li>1 Schalter 250 V - 2 A<\/li>\n<li>1 m Kabel, 2 \u00d7 0,43 mm\u00b2.<\/li>\n<\/ul>\n<h2>AKTIVIT\u00c4TEN, DIE MIT DIESEN KITS DURCHGEF\u00dcHRT WERDEN K\u00d6NNEN<\/h2>\n<p>Mit diesem einfachen elektrischen Bausatz k\u00f6nnen Sie einige sehr einfache, aber lustige und n\u00fctzliche Lernaktivit\u00e4ten durchf\u00fchren. Hier sind 2 Beispiele:<\/p>\n<h3>Grundschaltung herstellen<\/h3>\n<p>Siehe vollst\u00e4ndige Schritt-f\u00fcr-Schritt-Anleitung in: <a href=\"https:\/\/www.experimentoscientificos.es\/hacer-circuito-electrico\/\">Grundschaltung herstellen<\/a><\/p>\n<div class=\"container-youtube\"><iframe loading=\"lazy\" class=\"video\" src=\"https:\/\/www.youtube.com\/embed\/IhaVIHtx58g\" width=\"300\" height=\"150\" frameborder=\"0\"><\/iframe><\/div>\n<div class=\"container-youtube\"><\/div>\n<h3>Leitung von Elektrizit\u00e4t durch Wasser<\/h3>\n<p>Siehe vollst\u00e4ndige Schritt-f\u00fcr-Schritt-Anleitung in: <a href=\"https:\/\/www.experimentoscientificos.es\/electricidad-agua\/\">Grundschaltung herstellen<\/a><\/p>\n<div class=\"container-youtube\"><\/div>\n<div class=\"container-youtube\"><iframe loading=\"lazy\" class=\"video\" src=\"https:\/\/www.youtube.com\/embed\/O_B4mhKfSAs\" width=\"300\" height=\"150\" frameborder=\"0\"><\/iframe><\/div>","protected":false},"excerpt":{"rendered":"<p>Kaufen Sie einen Bausatz f\u00fcr die Elektroschule mit den einfachsten Elementen zum Aufbau eines Stromkreises. Wir haben einen Grundschulbausatz (siehe Beschreibung der Komponenten) und einen Grundschulbausatz mit Motor (siehe Beschreibung der Komponenten). Sie k\u00f6nnen den Preis sehen, wenn Sie das gew\u00fcnschte Format ausw\u00e4hlen. Die Bestellung erfolgt direkt \u00fcber das Web nach den Schritten, die angegeben sind, wobei die Lieferung in 24\/48 Stunden.<\/p>","protected":false},"featured_media":9067,"comment_status":"open","ping_status":"closed","template":"","meta":{"_acf_changed":false,"site-sidebar-layout":"default","site-content-layout":"","ast-site-content-layout":"default","site-content-style":"default","site-sidebar-style":"default","ast-global-header-display":"","ast-banner-title-visibility":"","ast-main-header-display":"","ast-hfb-above-header-display":"","ast-hfb-below-header-display":"","ast-hfb-mobile-header-display":"","site-post-title":"","ast-breadcrumbs-content":"","ast-featured-img":"","footer-sml-layout":"","ast-disable-related-posts":"","theme-transparent-header-meta":"","adv-header-id-meta":"","stick-header-meta":"","header-above-stick-meta":"","header-main-stick-meta":"","header-below-stick-meta":"","astra-migrate-meta-layouts":"default","ast-page-background-enabled":"default","ast-page-background-meta":{"desktop":{"background-color":"var(--ast-global-color-4)","background-image":"","background-repeat":"repeat","background-position":"center center","background-size":"auto","background-attachment":"scroll","background-type":"","background-media":"","overlay-type":"","overlay-color":"","overlay-opacity":"","overlay-gradient":""},"tablet":{"background-color":"","background-image":"","background-repeat":"repeat","background-position":"center center","background-size":"auto","background-attachment":"scroll","background-type":"","background-media":"","overlay-type":"","overlay-color":"","overlay-opacity":"","overlay-gradient":""},"mobile":{"background-color":"","background-image":"","background-repeat":"repeat","background-position":"center center","background-size":"auto","background-attachment":"scroll","background-type":"","background-media":"","overlay-type":"","overlay-color":"","overlay-opacity":"","overlay-gradient":""}},"ast-content-background-meta":{"desktop":{"background-color":"var(--ast-global-color-5)","background-image":"","background-repeat":"repeat","background-position":"center center","background-size":"auto","background-attachment":"scroll","background-type":"","background-media":"","overlay-type":"","overlay-color":"","overlay-opacity":"","overlay-gradient":""},"tablet":{"background-color":"var(--ast-global-color-5)","background-image":"","background-repeat":"repeat","background-position":"center center","background-size":"auto","background-attachment":"scroll","background-type":"","background-media":"","overlay-type":"","overlay-color":"","overlay-opacity":"","overlay-gradient":""},"mobile":{"background-color":"var(--ast-global-color-5)","background-image":"","background-repeat":"repeat","background-position":"center center","background-size":"auto","background-attachment":"scroll","background-type":"","background-media":"","overlay-type":"","overlay-color":"","overlay-opacity":"","overlay-gradient":""}}},"product_brand":[],"product_cat":[329,290,206,21],"product_tag":[],"class_list":{"0":"post-1251","1":"product","2":"type-product","3":"status-publish","4":"has-post-thumbnail","6":"product_cat-experimentos-ciencias","7":"product_cat-reactivos-quimicos","8":"product_cat-productos-experimentos","9":"product_cat-productos","10":"desktop-align-left","11":"tablet-align-left","12":"mobile-align-left","13":"ast-product-gallery-layout-horizontal-slider","14":"ast-magnify-disabled","15":"ast-product-single-variable","16":"ast-product-tabs-layout-horizontal","17":"ast-qv-on-image","19":"first","20":"instock","21":"taxable","22":"shipping-taxable","23":"purchasable","24":"product-type-variable","25":"has-default-attributes"},"acf":[],"yoast_head":"<!-- This site is optimized with the Yoast SEO Premium plugin v27.1 (Yoast SEO v27.1.1) - https:\/\/yoast.com\/product\/yoast-seo-premium-wordpress\/ -->\n<title>Kit Escolar El\u00e9ctrico: Comprar Online - Alquera.com<\/title>\n<meta name=\"description\" content=\"ENV\u00cdOS EN 24\/48H. Kit escolar el\u00e9ctrico con los elementos b\u00e1sicos para hacer un circuito el\u00e9ctrico b\u00e1sico. Bombilla, pila, cable.\" \/>\n<meta name=\"robots\" content=\"index, follow, max-snippet:-1, max-image-preview:large, max-video-preview:-1\" \/>\n<link rel=\"canonical\" href=\"https:\/\/www.alquera.com\/de\/kit-escolar-electrico\/\" \/>\n<meta property=\"og:locale\" content=\"de_DE\" \/>\n<meta property=\"og:type\" content=\"article\" \/>\n<meta property=\"og:title\" content=\"Kit Escolar El\u00e9ctrico: Comprar Online - Alquera.com\" \/>\n<meta property=\"og:description\" content=\"ENV\u00cdOS EN 24\/48H. Kit escolar el\u00e9ctrico con los elementos b\u00e1sicos para hacer un circuito el\u00e9ctrico b\u00e1sico. Bombilla, pila, cable.\" \/>\n<meta property=\"og:url\" content=\"https:\/\/www.alquera.com\/de\/kit-escolar-electrico\/\" \/>\n<meta property=\"og:site_name\" content=\"Alquera.com\" \/>\n<meta property=\"article:publisher\" content=\"https:\/\/www.facebook.com\/alqueraciencia\" \/>\n<meta property=\"article:modified_time\" content=\"2026-02-27T08:28:32+00:00\" \/>\n<meta property=\"og:image\" content=\"https:\/\/www.alquera.com\/wp-content\/uploads\/2020\/02\/KIT-ESCOLAR.png\" \/>\n\t<meta property=\"og:image:width\" content=\"386\" \/>\n\t<meta property=\"og:image:height\" content=\"386\" \/>\n\t<meta property=\"og:image:type\" content=\"image\/png\" \/>\n<meta name=\"twitter:card\" content=\"summary_large_image\" \/>\n<meta name=\"twitter:label1\" content=\"Verf\u00fcgbarkeit\" \/>\n\t<meta name=\"twitter:data1\" content=\"Auf Lager\" \/>\n<script type=\"application\/ld+json\" class=\"yoast-schema-graph\">{\"@context\":\"https:\/\/schema.org\",\"@graph\":[{\"@type\":[\"WebPage\",\"ItemPage\"],\"@id\":\"https:\/\/www.alquera.com\/kit-escolar-electrico\/\",\"url\":\"https:\/\/www.alquera.com\/kit-escolar-electrico\/\",\"name\":\"Kit Escolar El\u00e9ctrico: Comprar Online - Alquera.com\",\"isPartOf\":{\"@id\":\"https:\/\/www.alquera.com\/en\/#website\"},\"primaryImageOfPage\":{\"@id\":\"https:\/\/www.alquera.com\/kit-escolar-electrico\/#primaryimage\"},\"image\":{\"@id\":\"https:\/\/www.alquera.com\/kit-escolar-electrico\/#primaryimage\"},\"thumbnailUrl\":\"https:\/\/www.alquera.com\/wp-content\/uploads\/2020\/02\/KIT-ESCOLAR.png\",\"datePublished\":\"2020-02-20T15:56:32+00:00\",\"dateModified\":\"2026-02-27T08:28:32+00:00\",\"description\":\"ENV\u00cdOS EN 24\/48H. Kit escolar el\u00e9ctrico con los elementos b\u00e1sicos para hacer un circuito el\u00e9ctrico b\u00e1sico. Bombilla, pila, cable.\",\"breadcrumb\":{\"@id\":\"https:\/\/www.alquera.com\/kit-escolar-electrico\/#breadcrumb\"},\"inLanguage\":\"de\",\"potentialAction\":[{\"@type\":\"ReadAction\",\"target\":[\"https:\/\/www.alquera.com\/kit-escolar-electrico\/\"]}]},{\"@type\":\"ImageObject\",\"inLanguage\":\"de\",\"@id\":\"https:\/\/www.alquera.com\/kit-escolar-electrico\/#primaryimage\",\"url\":\"https:\/\/www.alquera.com\/wp-content\/uploads\/2020\/02\/KIT-ESCOLAR.png\",\"contentUrl\":\"https:\/\/www.alquera.com\/wp-content\/uploads\/2020\/02\/KIT-ESCOLAR.png\",\"width\":386,\"height\":386},{\"@type\":\"BreadcrumbList\",\"@id\":\"https:\/\/www.alquera.com\/kit-escolar-electrico\/#breadcrumb\",\"itemListElement\":[{\"@type\":\"ListItem\",\"position\":1,\"name\":\"Inicio\",\"item\":\"https:\/\/www.alquera.com\/\"},{\"@type\":\"ListItem\",\"position\":2,\"name\":\"Alquera.com: Tienda Online de Productos Qu\u00edmicos y Material de Laboratorio\",\"item\":\"https:\/\/www.alquera.com\/en\/tienda\/\"},{\"@type\":\"ListItem\",\"position\":3,\"name\":\"Kit Escolar El\u00e9ctrico\"}]},{\"@type\":\"WebSite\",\"@id\":\"https:\/\/www.alquera.com\/en\/#website\",\"url\":\"https:\/\/www.alquera.com\/en\/\",\"name\":\"Alquera.com\",\"description\":\"Tienda Online Productos Qu\u00edmicos y Material de Laboratorio\",\"publisher\":{\"@id\":\"https:\/\/www.alquera.com\/en\/#organization\"},\"potentialAction\":[{\"@type\":\"SearchAction\",\"target\":{\"@type\":\"EntryPoint\",\"urlTemplate\":\"https:\/\/www.alquera.com\/en\/?s={search_term_string}\"},\"query-input\":{\"@type\":\"PropertyValueSpecification\",\"valueRequired\":true,\"valueName\":\"search_term_string\"}}],\"inLanguage\":\"de\"},{\"@type\":\"Organization\",\"@id\":\"https:\/\/www.alquera.com\/en\/#organization\",\"name\":\"ALQUERA CIENCIA SL\",\"url\":\"https:\/\/www.alquera.com\/en\/\",\"logo\":{\"@type\":\"ImageObject\",\"inLanguage\":\"de\",\"@id\":\"https:\/\/www.alquera.com\/en\/#\/schema\/logo\/image\/\",\"url\":\"https:\/\/www.alquera.com\/wp-content\/uploads\/2020\/11\/logo_300_ancho.png\",\"contentUrl\":\"https:\/\/www.alquera.com\/wp-content\/uploads\/2020\/11\/logo_300_ancho.png\",\"width\":300,\"height\":86,\"caption\":\"ALQUERA CIENCIA SL\"},\"image\":{\"@id\":\"https:\/\/www.alquera.com\/en\/#\/schema\/logo\/image\/\"},\"sameAs\":[\"https:\/\/www.facebook.com\/alqueraciencia\",\"https:\/\/www.instagram.com\/alquera_ciencia\/\",\"https:\/\/www.youtube.com\/c\/alquera\"]}]}<\/script>\n<meta property=\"og:availability\" content=\"instock\" \/>\n<meta property=\"product:availability\" content=\"instock\" \/>\n<meta property=\"product:condition\" content=\"new\" \/>\n<!-- \/ Yoast SEO Premium plugin. -->","yoast_head_json":{"title":"Elektrischer Schulbaukasten: Online kaufen - Alquera.com","description":"SENDUNGEN IN 24\/48H. Bausatz f\u00fcr die Elektroschule mit den grundlegenden Elementen f\u00fcr den Aufbau eines elektrischen Grundstromkreises. Gl\u00fchbirne, Batterie, Kabel.","robots":{"index":"index","follow":"follow","max-snippet":"max-snippet:-1","max-image-preview":"max-image-preview:large","max-video-preview":"max-video-preview:-1"},"canonical":"https:\/\/www.alquera.com\/de\/kit-escolar-electrico\/","og_locale":"de_DE","og_type":"article","og_title":"Kit Escolar El\u00e9ctrico: Comprar Online - Alquera.com","og_description":"ENV\u00cdOS EN 24\/48H. Kit escolar el\u00e9ctrico con los elementos b\u00e1sicos para hacer un circuito el\u00e9ctrico b\u00e1sico. Bombilla, pila, cable.","og_url":"https:\/\/www.alquera.com\/de\/kit-escolar-electrico\/","og_site_name":"Alquera.com","article_publisher":"https:\/\/www.facebook.com\/alqueraciencia","article_modified_time":"2026-02-27T08:28:32+00:00","og_image":[{"width":386,"height":386,"url":"https:\/\/www.alquera.com\/wp-content\/uploads\/2020\/02\/KIT-ESCOLAR.png","type":"image\/png"}],"twitter_card":"summary_large_image","twitter_misc":{"Verf\u00fcgbarkeit":"Auf Lager"},"schema":{"@context":"https:\/\/schema.org","@graph":[{"@type":["WebPage","ItemPage"],"@id":"https:\/\/www.alquera.com\/kit-escolar-electrico\/","url":"https:\/\/www.alquera.com\/kit-escolar-electrico\/","name":"Elektrischer Schulbaukasten: Online kaufen - Alquera.com","isPartOf":{"@id":"https:\/\/www.alquera.com\/en\/#website"},"primaryImageOfPage":{"@id":"https:\/\/www.alquera.com\/kit-escolar-electrico\/#primaryimage"},"image":{"@id":"https:\/\/www.alquera.com\/kit-escolar-electrico\/#primaryimage"},"thumbnailUrl":"https:\/\/www.alquera.com\/wp-content\/uploads\/2020\/02\/KIT-ESCOLAR.png","datePublished":"2020-02-20T15:56:32+00:00","dateModified":"2026-02-27T08:28:32+00:00","description":"SENDUNGEN IN 24\/48H. Bausatz f\u00fcr die Elektroschule mit den grundlegenden Elementen f\u00fcr den Aufbau eines elektrischen Grundstromkreises. Gl\u00fchbirne, Batterie, Kabel.","breadcrumb":{"@id":"https:\/\/www.alquera.com\/kit-escolar-electrico\/#breadcrumb"},"inLanguage":"de","potentialAction":[{"@type":"ReadAction","target":["https:\/\/www.alquera.com\/kit-escolar-electrico\/"]}]},{"@type":"ImageObject","inLanguage":"de","@id":"https:\/\/www.alquera.com\/kit-escolar-electrico\/#primaryimage","url":"https:\/\/www.alquera.com\/wp-content\/uploads\/2020\/02\/KIT-ESCOLAR.png","contentUrl":"https:\/\/www.alquera.com\/wp-content\/uploads\/2020\/02\/KIT-ESCOLAR.png","width":386,"height":386},{"@type":"BreadcrumbList","@id":"https:\/\/www.alquera.com\/kit-escolar-electrico\/#breadcrumb","itemListElement":[{"@type":"ListItem","position":1,"name":"Inicio","item":"https:\/\/www.alquera.com\/"},{"@type":"ListItem","position":2,"name":"Alquera.com: Tienda Online de Productos Qu\u00edmicos y Material de Laboratorio","item":"https:\/\/www.alquera.com\/en\/tienda\/"},{"@type":"ListItem","position":3,"name":"Kit Escolar El\u00e9ctrico"}]},{"@type":"WebSite","@id":"https:\/\/www.alquera.com\/en\/#website","url":"https:\/\/www.alquera.com\/en\/","name":"Alquera.com","description":"Online Shop Chemische Produkte und Laborger\u00e4te","publisher":{"@id":"https:\/\/www.alquera.com\/en\/#organization"},"potentialAction":[{"@type":"SearchAction","target":{"@type":"EntryPoint","urlTemplate":"https:\/\/www.alquera.com\/en\/?s={search_term_string}"},"query-input":{"@type":"PropertyValueSpecification","valueRequired":true,"valueName":"search_term_string"}}],"inLanguage":"de"},{"@type":"Organization","@id":"https:\/\/www.alquera.com\/en\/#organization","name":"ALQUERA CIENCIA SL","url":"https:\/\/www.alquera.com\/en\/","logo":{"@type":"ImageObject","inLanguage":"de","@id":"https:\/\/www.alquera.com\/en\/#\/schema\/logo\/image\/","url":"https:\/\/www.alquera.com\/wp-content\/uploads\/2020\/11\/logo_300_ancho.png","contentUrl":"https:\/\/www.alquera.com\/wp-content\/uploads\/2020\/11\/logo_300_ancho.png","width":300,"height":86,"caption":"ALQUERA CIENCIA SL"},"image":{"@id":"https:\/\/www.alquera.com\/en\/#\/schema\/logo\/image\/"},"sameAs":["https:\/\/www.facebook.com\/alqueraciencia","https:\/\/www.instagram.com\/alquera_ciencia\/","https:\/\/www.youtube.com\/c\/alquera"]}]},"og_availability":"instock","product_availability":"instock","product_condition":"new"},"_links":{"self":[{"href":"https:\/\/www.alquera.com\/de\/wp-json\/wp\/v2\/product\/1251","targetHints":{"allow":["GET"]}}],"collection":[{"href":"https:\/\/www.alquera.com\/de\/wp-json\/wp\/v2\/product"}],"about":[{"href":"https:\/\/www.alquera.com\/de\/wp-json\/wp\/v2\/types\/product"}],"replies":[{"embeddable":true,"href":"https:\/\/www.alquera.com\/de\/wp-json\/wp\/v2\/comments?post=1251"}],"wp:featuredmedia":[{"embeddable":true,"href":"https:\/\/www.alquera.com\/de\/wp-json\/wp\/v2\/media\/9067"}],"wp:attachment":[{"href":"https:\/\/www.alquera.com\/de\/wp-json\/wp\/v2\/media?parent=1251"}],"wp:term":[{"taxonomy":"product_brand","embeddable":true,"href":"https:\/\/www.alquera.com\/de\/wp-json\/wp\/v2\/product_brand?post=1251"},{"taxonomy":"product_cat","embeddable":true,"href":"https:\/\/www.alquera.com\/de\/wp-json\/wp\/v2\/product_cat?post=1251"},{"taxonomy":"product_tag","embeddable":true,"href":"https:\/\/www.alquera.com\/de\/wp-json\/wp\/v2\/product_tag?post=1251"}],"curies":[{"name":"wp","href":"https:\/\/api.w.org\/{rel}","templated":true}]}}