{"id":1252,"date":"2020-02-20T16:05:21","date_gmt":"2020-02-20T16:05:21","guid":{"rendered":"http:\/\/localhost\/alquera\/productos\/producto\/kit-escolar-electrico-con-motor\/"},"modified":"2026-02-23T16:15:35","modified_gmt":"2026-02-23T16:15:35","slug":"kit-escolar-electrico-con-motor","status":"publish","type":"product","link":"https:\/\/www.alquera.com\/de\/kit-escolar-electrico-con-motor\/","title":{"rendered":"Elektrischer Schulbausatz mit Motor"},"content":{"rendered":"<p>Elektrischer Schulbausatz mit Motor.<\/p>\n<p>Konzipiert f\u00fcr Experimente und die Vermittlung von grundlegenden elektrischen Kenntnissen an Schulkinder. Es wird empfohlen, es unter Aufsicht von Erwachsenen zu benutzen.<\/p>\n<p>Inhalt:<\/p>\n<ul>\n<li>1 Lampenfassung<\/li>\n<li>2 Schaumstoffpropeller<\/li>\n<li>1 4,5-V-Alkalibatterie<\/li>\n<li>1 Gl\u00fchbirne 3'8 V - 0'3 A<\/li>\n<li>1 Elektromotor<\/li>\n<li>1 Schalter 250 V - 2 A<\/li>\n<li>1 m Kabel, 2 \u00d7 0,43 mm\u00b2.<\/li>\n<\/ul>\n<h2>AKTIVIT\u00c4TEN, DIE MIT DIESEM KIT DURCHGEF\u00dcHRT WERDEN K\u00d6NNEN<\/h2>\n<p>Mit diesem einfachen elektrischen Bausatz k\u00f6nnen Sie einige sehr einfache, aber lustige und n\u00fctzliche Lernaktivit\u00e4ten durchf\u00fchren. Hier sind 2 Beispiele:<\/p>\n<h3>Grundschaltung herstellen<\/h3>\n<p>Siehe vollst\u00e4ndige Schritt-f\u00fcr-Schritt-Anleitung in: <a href=\"https:\/\/www.experimentoscientificos.es\/hacer-circuito-electrico\/\">Grundschaltung herstellen<\/a><\/p>\n<div class=\"container-youtube\"><iframe loading=\"lazy\" class=\"video\" src=\"https:\/\/www.youtube.com\/embed\/IhaVIHtx58g\" width=\"300\" height=\"150\" frameborder=\"0\"><\/iframe><\/div>\n<div class=\"container-youtube\"><\/div>\n<h3>Leitung von Elektrizit\u00e4t durch Wasser<\/h3>\n<p>Siehe vollst\u00e4ndige Schritt-f\u00fcr-Schritt-Anleitung in: <a href=\"https:\/\/www.experimentoscientificos.es\/electricidad-agua\/\">Grundschaltung herstellen<\/a><\/p>\n<div class=\"container-youtube\"><\/div>\n<div class=\"container-youtube\"><iframe loading=\"lazy\" class=\"video\" src=\"https:\/\/www.youtube.com\/embed\/O_B4mhKfSAs\" width=\"300\" height=\"150\" frameborder=\"0\"><\/iframe><\/div>","protected":false},"excerpt":{"rendered":"<p>Elektrischer Schulbausatz mit Motor kaufen. Enth\u00e4lt: 1 Lampenfassung, 2 Schaumstoffpropeller, 1 Batterie 4,5 V Alkali, 1 Gl\u00fchbirne 3,8 V - 0,3 A, 1 Elektromotor, 1 Schalter 250 V - 2 A, 1 m Kabel, 2 \u00d7 0,43 mm\u00b2. Vielleicht interessieren Sie sich auch f\u00fcr eine <a href=\"https:\/\/www.alquera.com\/de\/kit-escolar-electrico\/\">Basic School Elektrosatz<\/a> (es ist dasselbe, aber ohne Motor). Sie k\u00f6nnen auch die Produktkategorie besuchen f\u00fcr <a href=\"https:\/\/www.alquera.com\/de\/experimentos-ciencias\/\">wissenschaftliche Experimente<\/a>.<\/p>","protected":false},"featured_media":9065,"comment_status":"open","ping_status":"closed","template":"","meta":{"_acf_changed":false,"site-sidebar-layout":"default","site-content-layout":"","ast-site-content-layout":"default","site-content-style":"default","site-sidebar-style":"default","ast-global-header-display":"","ast-banner-title-visibility":"","ast-main-header-display":"","ast-hfb-above-header-display":"","ast-hfb-below-header-display":"","ast-hfb-mobile-header-display":"","site-post-title":"","ast-breadcrumbs-content":"","ast-featured-img":"","footer-sml-layout":"","ast-disable-related-posts":"","theme-transparent-header-meta":"","adv-header-id-meta":"","stick-header-meta":"","header-above-stick-meta":"","header-main-stick-meta":"","header-below-stick-meta":"","astra-migrate-meta-layouts":"default","ast-page-background-enabled":"default","ast-page-background-meta":{"desktop":{"background-color":"var(--ast-global-color-4)","background-image":"","background-repeat":"repeat","background-position":"center center","background-size":"auto","background-attachment":"scroll","background-type":"","background-media":"","overlay-type":"","overlay-color":"","overlay-opacity":"","overlay-gradient":""},"tablet":{"background-color":"","background-image":"","background-repeat":"repeat","background-position":"center center","background-size":"auto","background-attachment":"scroll","background-type":"","background-media":"","overlay-type":"","overlay-color":"","overlay-opacity":"","overlay-gradient":""},"mobile":{"background-color":"","background-image":"","background-repeat":"repeat","background-position":"center center","background-size":"auto","background-attachment":"scroll","background-type":"","background-media":"","overlay-type":"","overlay-color":"","overlay-opacity":"","overlay-gradient":""}},"ast-content-background-meta":{"desktop":{"background-color":"var(--ast-global-color-5)","background-image":"","background-repeat":"repeat","background-position":"center center","background-size":"auto","background-attachment":"scroll","background-type":"","background-media":"","overlay-type":"","overlay-color":"","overlay-opacity":"","overlay-gradient":""},"tablet":{"background-color":"var(--ast-global-color-5)","background-image":"","background-repeat":"repeat","background-position":"center center","background-size":"auto","background-attachment":"scroll","background-type":"","background-media":"","overlay-type":"","overlay-color":"","overlay-opacity":"","overlay-gradient":""},"mobile":{"background-color":"var(--ast-global-color-5)","background-image":"","background-repeat":"repeat","background-position":"center center","background-size":"auto","background-attachment":"scroll","background-type":"","background-media":"","overlay-type":"","overlay-color":"","overlay-opacity":"","overlay-gradient":""}}},"product_brand":[],"product_cat":[290,206,21],"product_tag":[],"class_list":{"0":"post-1252","1":"product","2":"type-product","3":"status-publish","4":"has-post-thumbnail","6":"product_cat-reactivos-quimicos","7":"product_cat-productos-experimentos","8":"product_cat-productos","9":"pa_cantidad-kit-con-motor","10":"desktop-align-left","11":"tablet-align-left","12":"mobile-align-left","13":"ast-product-gallery-layout-horizontal-slider","14":"ast-product-gallery-with-no-image","15":"ast-magnify-disabled","16":"ast-product-single-variable","17":"ast-product-tabs-layout-horizontal","18":"ast-qv-on-image","20":"first","21":"instock","22":"taxable","23":"shipping-taxable","24":"purchasable","25":"product-type-variable","26":"has-default-attributes"},"acf":[],"yoast_head":"<!-- This site is optimized with the Yoast SEO Premium plugin v27.1 (Yoast SEO v27.1.1) - https:\/\/yoast.com\/product\/yoast-seo-premium-wordpress\/ -->\n<title>Kit Escolar El\u00e9ctrico con Motor: Comprar Online - Alquera.com<\/title>\n<meta name=\"robots\" content=\"index, follow, max-snippet:-1, max-image-preview:large, max-video-preview:-1\" \/>\n<link rel=\"canonical\" href=\"https:\/\/www.alquera.com\/de\/kit-escolar-electrico-con-motor\/\" \/>\n<meta property=\"og:locale\" content=\"de_DE\" \/>\n<meta property=\"og:type\" content=\"article\" \/>\n<meta property=\"og:title\" content=\"Kit Escolar El\u00e9ctrico con Motor: Comprar Online - Alquera.com\" \/>\n<meta property=\"og:description\" content=\"Comprar Kit El\u00e9ctrico Escolar con Motor. Incluye: 1 portal\u00e1mparas, 2 h\u00e9lices de espuma, 1 bater\u00eda 4&#039;5 V alcalina, 1 bombilla 3&#039;8 V - 0&#039;3 A, 1 motor el\u00e9ctrico, 1 interruptor 250 V - 2 A, 1 m de cable, 2 \u00d7 0&#039;43 mm\u00b2. Te puede interesars tambi\u00e9n un Kit El\u00e9ctrico Escolar B\u00e1sico (es igual pero no incluye motor). Tambi\u00e9n puedes visitar la categor\u00eda de productos para experimentos ciencias.\" \/>\n<meta property=\"og:url\" content=\"https:\/\/www.alquera.com\/de\/kit-escolar-electrico-con-motor\/\" \/>\n<meta property=\"og:site_name\" content=\"Alquera.com\" \/>\n<meta property=\"article:publisher\" content=\"https:\/\/www.facebook.com\/alqueraciencia\" \/>\n<meta property=\"article:modified_time\" content=\"2026-02-23T16:15:35+00:00\" \/>\n<meta property=\"og:image\" content=\"https:\/\/www.alquera.com\/wp-content\/uploads\/2020\/02\/KIT-ESCOLAR-CON-MOTOR.png\" \/>\n\t<meta property=\"og:image:width\" content=\"386\" \/>\n\t<meta property=\"og:image:height\" content=\"386\" \/>\n\t<meta property=\"og:image:type\" content=\"image\/png\" \/>\n<meta name=\"twitter:card\" content=\"summary_large_image\" \/>\n<meta name=\"twitter:label1\" content=\"Verf\u00fcgbarkeit\" \/>\n\t<meta name=\"twitter:data1\" content=\"Auf Lager\" \/>\n<script type=\"application\/ld+json\" class=\"yoast-schema-graph\">{\"@context\":\"https:\/\/schema.org\",\"@graph\":[{\"@type\":[\"WebPage\",\"ItemPage\"],\"@id\":\"https:\/\/www.alquera.com\/kit-escolar-electrico-con-motor\/\",\"url\":\"https:\/\/www.alquera.com\/kit-escolar-electrico-con-motor\/\",\"name\":\"Kit Escolar El\u00e9ctrico con Motor: Comprar Online - Alquera.com\",\"isPartOf\":{\"@id\":\"https:\/\/www.alquera.com\/en\/#website\"},\"primaryImageOfPage\":{\"@id\":\"https:\/\/www.alquera.com\/kit-escolar-electrico-con-motor\/#primaryimage\"},\"image\":{\"@id\":\"https:\/\/www.alquera.com\/kit-escolar-electrico-con-motor\/#primaryimage\"},\"thumbnailUrl\":\"https:\/\/www.alquera.com\/wp-content\/uploads\/2020\/02\/KIT-ESCOLAR-CON-MOTOR.png\",\"datePublished\":\"2020-02-20T16:05:21+00:00\",\"dateModified\":\"2026-02-23T16:15:35+00:00\",\"breadcrumb\":{\"@id\":\"https:\/\/www.alquera.com\/kit-escolar-electrico-con-motor\/#breadcrumb\"},\"inLanguage\":\"de\",\"potentialAction\":[{\"@type\":\"ReadAction\",\"target\":[\"https:\/\/www.alquera.com\/kit-escolar-electrico-con-motor\/\"]}]},{\"@type\":\"ImageObject\",\"inLanguage\":\"de\",\"@id\":\"https:\/\/www.alquera.com\/kit-escolar-electrico-con-motor\/#primaryimage\",\"url\":\"https:\/\/www.alquera.com\/wp-content\/uploads\/2020\/02\/KIT-ESCOLAR-CON-MOTOR.png\",\"contentUrl\":\"https:\/\/www.alquera.com\/wp-content\/uploads\/2020\/02\/KIT-ESCOLAR-CON-MOTOR.png\",\"width\":386,\"height\":386},{\"@type\":\"BreadcrumbList\",\"@id\":\"https:\/\/www.alquera.com\/kit-escolar-electrico-con-motor\/#breadcrumb\",\"itemListElement\":[{\"@type\":\"ListItem\",\"position\":1,\"name\":\"Inicio\",\"item\":\"https:\/\/www.alquera.com\/\"},{\"@type\":\"ListItem\",\"position\":2,\"name\":\"Alquera.com: Tienda Online de Productos Qu\u00edmicos y Material de Laboratorio\",\"item\":\"https:\/\/www.alquera.com\/en\/tienda\/\"},{\"@type\":\"ListItem\",\"position\":3,\"name\":\"Kit Escolar El\u00e9ctrico con Motor\"}]},{\"@type\":\"WebSite\",\"@id\":\"https:\/\/www.alquera.com\/en\/#website\",\"url\":\"https:\/\/www.alquera.com\/en\/\",\"name\":\"Alquera.com\",\"description\":\"Tienda Online Productos Qu\u00edmicos y Material de Laboratorio\",\"publisher\":{\"@id\":\"https:\/\/www.alquera.com\/en\/#organization\"},\"potentialAction\":[{\"@type\":\"SearchAction\",\"target\":{\"@type\":\"EntryPoint\",\"urlTemplate\":\"https:\/\/www.alquera.com\/en\/?s={search_term_string}\"},\"query-input\":{\"@type\":\"PropertyValueSpecification\",\"valueRequired\":true,\"valueName\":\"search_term_string\"}}],\"inLanguage\":\"de\"},{\"@type\":\"Organization\",\"@id\":\"https:\/\/www.alquera.com\/en\/#organization\",\"name\":\"ALQUERA CIENCIA SL\",\"url\":\"https:\/\/www.alquera.com\/en\/\",\"logo\":{\"@type\":\"ImageObject\",\"inLanguage\":\"de\",\"@id\":\"https:\/\/www.alquera.com\/en\/#\/schema\/logo\/image\/\",\"url\":\"https:\/\/www.alquera.com\/wp-content\/uploads\/2020\/11\/logo_300_ancho.png\",\"contentUrl\":\"https:\/\/www.alquera.com\/wp-content\/uploads\/2020\/11\/logo_300_ancho.png\",\"width\":300,\"height\":86,\"caption\":\"ALQUERA CIENCIA SL\"},\"image\":{\"@id\":\"https:\/\/www.alquera.com\/en\/#\/schema\/logo\/image\/\"},\"sameAs\":[\"https:\/\/www.facebook.com\/alqueraciencia\",\"https:\/\/www.instagram.com\/alquera_ciencia\/\",\"https:\/\/www.youtube.com\/c\/alquera\"]}]}<\/script>\n<meta property=\"og:availability\" content=\"instock\" \/>\n<meta property=\"product:availability\" content=\"instock\" \/>\n<meta property=\"product:condition\" content=\"new\" \/>\n<!-- \/ Yoast SEO Premium plugin. -->","yoast_head_json":{"title":"Elektrischer Schulbausatz mit Motor: Online kaufen - Alquera.de","robots":{"index":"index","follow":"follow","max-snippet":"max-snippet:-1","max-image-preview":"max-image-preview:large","max-video-preview":"max-video-preview:-1"},"canonical":"https:\/\/www.alquera.com\/de\/kit-escolar-electrico-con-motor\/","og_locale":"de_DE","og_type":"article","og_title":"Kit Escolar El\u00e9ctrico con Motor: Comprar Online - Alquera.com","og_description":"Comprar Kit El\u00e9ctrico Escolar con Motor. Incluye: 1 portal\u00e1mparas, 2 h\u00e9lices de espuma, 1 bater\u00eda 4'5 V alcalina, 1 bombilla 3'8 V - 0'3 A, 1 motor el\u00e9ctrico, 1 interruptor 250 V - 2 A, 1 m de cable, 2 \u00d7 0'43 mm\u00b2. Te puede interesars tambi\u00e9n un Kit El\u00e9ctrico Escolar B\u00e1sico (es igual pero no incluye motor). Tambi\u00e9n puedes visitar la categor\u00eda de productos para experimentos ciencias.","og_url":"https:\/\/www.alquera.com\/de\/kit-escolar-electrico-con-motor\/","og_site_name":"Alquera.com","article_publisher":"https:\/\/www.facebook.com\/alqueraciencia","article_modified_time":"2026-02-23T16:15:35+00:00","og_image":[{"width":386,"height":386,"url":"https:\/\/www.alquera.com\/wp-content\/uploads\/2020\/02\/KIT-ESCOLAR-CON-MOTOR.png","type":"image\/png"}],"twitter_card":"summary_large_image","twitter_misc":{"Verf\u00fcgbarkeit":"Auf Lager"},"schema":{"@context":"https:\/\/schema.org","@graph":[{"@type":["WebPage","ItemPage"],"@id":"https:\/\/www.alquera.com\/kit-escolar-electrico-con-motor\/","url":"https:\/\/www.alquera.com\/kit-escolar-electrico-con-motor\/","name":"Elektrischer Schulbausatz mit Motor: Online kaufen - Alquera.de","isPartOf":{"@id":"https:\/\/www.alquera.com\/en\/#website"},"primaryImageOfPage":{"@id":"https:\/\/www.alquera.com\/kit-escolar-electrico-con-motor\/#primaryimage"},"image":{"@id":"https:\/\/www.alquera.com\/kit-escolar-electrico-con-motor\/#primaryimage"},"thumbnailUrl":"https:\/\/www.alquera.com\/wp-content\/uploads\/2020\/02\/KIT-ESCOLAR-CON-MOTOR.png","datePublished":"2020-02-20T16:05:21+00:00","dateModified":"2026-02-23T16:15:35+00:00","breadcrumb":{"@id":"https:\/\/www.alquera.com\/kit-escolar-electrico-con-motor\/#breadcrumb"},"inLanguage":"de","potentialAction":[{"@type":"ReadAction","target":["https:\/\/www.alquera.com\/kit-escolar-electrico-con-motor\/"]}]},{"@type":"ImageObject","inLanguage":"de","@id":"https:\/\/www.alquera.com\/kit-escolar-electrico-con-motor\/#primaryimage","url":"https:\/\/www.alquera.com\/wp-content\/uploads\/2020\/02\/KIT-ESCOLAR-CON-MOTOR.png","contentUrl":"https:\/\/www.alquera.com\/wp-content\/uploads\/2020\/02\/KIT-ESCOLAR-CON-MOTOR.png","width":386,"height":386},{"@type":"BreadcrumbList","@id":"https:\/\/www.alquera.com\/kit-escolar-electrico-con-motor\/#breadcrumb","itemListElement":[{"@type":"ListItem","position":1,"name":"Inicio","item":"https:\/\/www.alquera.com\/"},{"@type":"ListItem","position":2,"name":"Alquera.com: Tienda Online de Productos Qu\u00edmicos y Material de Laboratorio","item":"https:\/\/www.alquera.com\/en\/tienda\/"},{"@type":"ListItem","position":3,"name":"Kit Escolar El\u00e9ctrico con Motor"}]},{"@type":"WebSite","@id":"https:\/\/www.alquera.com\/en\/#website","url":"https:\/\/www.alquera.com\/en\/","name":"Alquera.com","description":"Online Shop Chemische Produkte und Laborger\u00e4te","publisher":{"@id":"https:\/\/www.alquera.com\/en\/#organization"},"potentialAction":[{"@type":"SearchAction","target":{"@type":"EntryPoint","urlTemplate":"https:\/\/www.alquera.com\/en\/?s={search_term_string}"},"query-input":{"@type":"PropertyValueSpecification","valueRequired":true,"valueName":"search_term_string"}}],"inLanguage":"de"},{"@type":"Organization","@id":"https:\/\/www.alquera.com\/en\/#organization","name":"ALQUERA CIENCIA SL","url":"https:\/\/www.alquera.com\/en\/","logo":{"@type":"ImageObject","inLanguage":"de","@id":"https:\/\/www.alquera.com\/en\/#\/schema\/logo\/image\/","url":"https:\/\/www.alquera.com\/wp-content\/uploads\/2020\/11\/logo_300_ancho.png","contentUrl":"https:\/\/www.alquera.com\/wp-content\/uploads\/2020\/11\/logo_300_ancho.png","width":300,"height":86,"caption":"ALQUERA CIENCIA SL"},"image":{"@id":"https:\/\/www.alquera.com\/en\/#\/schema\/logo\/image\/"},"sameAs":["https:\/\/www.facebook.com\/alqueraciencia","https:\/\/www.instagram.com\/alquera_ciencia\/","https:\/\/www.youtube.com\/c\/alquera"]}]},"og_availability":"instock","product_availability":"instock","product_condition":"new"},"_links":{"self":[{"href":"https:\/\/www.alquera.com\/de\/wp-json\/wp\/v2\/product\/1252","targetHints":{"allow":["GET"]}}],"collection":[{"href":"https:\/\/www.alquera.com\/de\/wp-json\/wp\/v2\/product"}],"about":[{"href":"https:\/\/www.alquera.com\/de\/wp-json\/wp\/v2\/types\/product"}],"replies":[{"embeddable":true,"href":"https:\/\/www.alquera.com\/de\/wp-json\/wp\/v2\/comments?post=1252"}],"wp:featuredmedia":[{"embeddable":true,"href":"https:\/\/www.alquera.com\/de\/wp-json\/wp\/v2\/media\/9065"}],"wp:attachment":[{"href":"https:\/\/www.alquera.com\/de\/wp-json\/wp\/v2\/media?parent=1252"}],"wp:term":[{"taxonomy":"product_brand","embeddable":true,"href":"https:\/\/www.alquera.com\/de\/wp-json\/wp\/v2\/product_brand?post=1252"},{"taxonomy":"product_cat","embeddable":true,"href":"https:\/\/www.alquera.com\/de\/wp-json\/wp\/v2\/product_cat?post=1252"},{"taxonomy":"product_tag","embeddable":true,"href":"https:\/\/www.alquera.com\/de\/wp-json\/wp\/v2\/product_tag?post=1252"}],"curies":[{"name":"wp","href":"https:\/\/api.w.org\/{rel}","templated":true}]}}