{"id":1255,"date":"2020-03-06T12:18:50","date_gmt":"2020-03-06T12:18:50","guid":{"rendered":"http:\/\/localhost\/alquera\/productos\/producto\/kit-experimento-cohete-quimico\/"},"modified":"2025-12-22T12:56:42","modified_gmt":"2025-12-22T12:56:42","slug":"experimento-cohete-quimico","status":"publish","type":"product","link":"https:\/\/www.alquera.com\/de\/experimento-cohete-quimico\/","title":{"rendered":"S\u00e4ure-Base-Reaktion - Chemische Rakete - Kit f\u00fcr 10 Anwendungen. #Exp3"},"content":{"rendered":"<p>Der chemische Raketenexperimentierkasten ist ein Bausatz, mit dem du das chemische Raketenexperiment durchf\u00fchren kannst. Das Experiment besteht darin, eine kleine Rakete zu bauen, die mit CO2 angetrieben wird. CO2 entsteht bei der Reaktion zwischen Zitronens\u00e4ure und Kaliumbicarbonat.<\/p>\n<h2>INHALT DES CHEMISCHEN RAKETENBAUSATZES<\/h2>\n<p>Das Kit ist f\u00fcr 10-20 Anwendungen\/Person gedacht und enth\u00e4lt:<\/p>\n<ul>\n<li>100 Gramm <a href=\"https:\/\/www.alquera.com\/de\/acido-citrico\/\" target=\"_blank\" rel=\"noreferrer noopener\">Zitronens\u00e4ure<\/a><\/li>\n<li>100 Gramm <a href=\"https:\/\/www.alquera.com\/de\/bicarbonato-de-potasio\/\">Kaliumbicarbonat<\/a><\/li>\n<li>20 Bechergl\u00e4ser \u00e0 25 ml mit 20 Deckeln zum luftdichten Verschlie\u00dfen<\/li>\n<\/ul>\n<p>Das Set enth\u00e4lt nicht: Zellstoffpapier (Toilettenpapier) und L\u00f6ffel<\/p>\n<h2>DETAILLIERTE SCHRITT-F\u00dcR-SCHRITT-ANLEITUNG<\/h2>\n<p>Wir zeigen Ihnen ein detailliertes Schritt-f\u00fcr-Schritt-Video und Sie k\u00f6nnen auch die unten beschriebenen Schritte befolgen.<\/p>\n<div class=\"ast-oembed-container\" style=\"height: 100%;\"><iframe loading=\"lazy\" title=\"#Exp3 Reacci\u00f3n \u00c1cido- Base. (Cohete Qu\u00edmico)\" width=\"500\" height=\"281\" src=\"https:\/\/www.youtube.com\/embed\/rgmKiWiMUgA?feature=oembed\" frameborder=\"0\" allow=\"accelerometer; autoplay; clipboard-write; encrypted-media; gyroscope; picture-in-picture; web-share\" referrerpolicy=\"strict-origin-when-cross-origin\" allowfullscreen><\/iframe><\/div>\n<ol>\n<li>Nehmen Sie ein 25-ml-Glas und f\u00fcllen Sie es bis zur H\u00e4lfte mit Wasser.<\/li>\n<li>Drehen Sie das Glas, um sicherzustellen, dass das Wasser alle Seiten des Glases bedeckt.<\/li>\n<li>Legen Sie ein St\u00fcck Toilettenpapier in das Glas \u00fcber dem Wasser.<\/li>\n<li>Geben Sie einen halben Essl\u00f6ffel Zitronens\u00e4ure auf das Papier.<\/li>\n<li>Geben Sie einen halben Essl\u00f6ffel Kaliumbicarbonat auf das Papier.<\/li>\n<li>Bedecke das Becherglas fest mit einem Deckel und stelle es auf eine ebene Fl\u00e4che.<\/li>\n<li>Nehmen Sie das Glas in beide H\u00e4nde und stellen Sie es auf den Kopf.<\/li>\n<li>Beobachte, wie die Rakete durch den Druck, der durch die chemische Reaktion entsteht, nach oben getrieben wird.<\/li>\n<\/ol>\n<p>Es ist wichtig zu beachten, dass dieses Experiment nur eine Demonstration f\u00fcr zu Hause ist und nicht ohne Aufsicht von Erwachsenen durchgef\u00fchrt werden sollte. Dar\u00fcber hinaus ist beim Umgang mit Zitronens\u00e4ure und Kaliumbicarbonat Vorsicht geboten, da sie Haut und Augen reizen k\u00f6nnen.<\/p>\n<h2>WAS SIE AUS DIESEM EXPERIMENT LERNEN<\/h2>\n<ul>\n<li>Wie man eine Rakete mit gew\u00f6hnlichen Materialien selbst herstellt<\/li>\n<li>Die Grundlagen der chemischen Reaktion zwischen S\u00e4ure und Base<\/li>\n<li>Wie Druck erzeugt und zum Antrieb einer Rakete genutzt wird<\/li>\n<\/ul>\n<h2><strong>TECHNISCHE ERKL\u00c4RUNG<\/strong><\/h2>\n<p>Bei der Reaktion zwischen Zitronens\u00e4ure und Kaliumbicarbonat handelt es sich um eine Neutralisationsreaktion, bei der eine chemische Reaktion zwischen einer S\u00e4ure und einer Base stattfindet, wobei eine Verbindung namens Salze und Wasser gebildet wird. Die chemische Reaktion verl\u00e4uft wie folgt:<\/p>\n<p>C6H8O7 (aq) + KHCO3 (aq) \u2192 K3C6H5O7 (aq) + H2O (l) + CO2 (g)<\/p>\n<p>C6H8O7 ist Zitronens\u00e4ure, KHCO3 ist Kaliumbicarbonat, K3C6H5O7 ist das bei der Reaktion entstehende Zitronensalz und H2O ist Wasser. CO2 ist Kohlendioxid, das bei der Reaktion als Gas freigesetzt wird.<\/p>\n<p>Bei dieser Reaktion verbinden sich Zitronens\u00e4ure und Kaliumbicarbonat zu einem Salz, dem Kaliumcitrat, sowie zu Wasser und Kohlendioxid. Die Reaktion ist exotherm, d. h. bei der chemischen Reaktion wird W\u00e4rme freigesetzt.<\/p>\n<p>Die Reaktion zwischen Zitronens\u00e4ure und Kaliumbicarbonat ist eine g\u00e4ngige Reaktion in der Haushaltschemie und wird zur Herstellung einer Vielzahl von Produkten wie Minzbonbons, Reinigungstabletten und Haushaltsreinigungsmitteln verwendet.<\/p>\n<h2>ART DER REAKTION<\/h2>\n<p>Die Reaktion zwischen Zitronens\u00e4ure und Kaliumbicarbonat ist eine S\u00e4ure-Base-Reaktion. Mehr sehen <a href=\"https:\/\/www.alquera.com\/de\/experimentos-de-ciencias\/?_reaccion=reaccion-acido-base\">S\u00e4ure-Base-Reaktionen<\/a>.<\/p>\n<h2>SIEHE WEITERE EXPERIMENTIERK\u00c4STEN<\/h2>\n<div class=\"container-youtube\">Weitere Experimente k\u00f6nnen Sie in diesem Abschnitt sehen: <a href=\"https:\/\/www.alquera.com\/de\/experimentos-de-ciencias\/\" target=\"_blank\" rel=\"noopener\">Wissenschaftliche Experimente<\/a><\/div>","protected":false},"excerpt":{"rendered":"<p>Lerne, wie man mit einem Becherglas, Wasser, Zitronens\u00e4ure und Kaliumbikarbonat eine selbstgebaute Rakete herstellt! Bei diesem unterhaltsamen wissenschaftlichen Experiment lernst du die Chemie der Reaktion zwischen S\u00e4ure und Base kennen und kannst sehen, wie der Druck erzeugt wird, der die Rakete nach oben treibt. Bestellungen k\u00f6nnen \u00fcber das Internet aufgegeben werden, indem Sie das Produkt in den Warenkorb legen und die nachstehenden Schritte ausf\u00fchren.<\/p>","protected":false},"featured_media":40482,"comment_status":"open","ping_status":"closed","template":"","meta":{"_acf_changed":false,"site-sidebar-layout":"default","site-content-layout":"default","ast-site-content-layout":"default","site-content-style":"default","site-sidebar-style":"default","ast-global-header-display":"","ast-banner-title-visibility":"","ast-main-header-display":"","ast-hfb-above-header-display":"","ast-hfb-below-header-display":"","ast-hfb-mobile-header-display":"","site-post-title":"","ast-breadcrumbs-content":"","ast-featured-img":"","footer-sml-layout":"","ast-disable-related-posts":"","theme-transparent-header-meta":"default","adv-header-id-meta":"","stick-header-meta":"default","header-above-stick-meta":"","header-main-stick-meta":"","header-below-stick-meta":"","astra-migrate-meta-layouts":"default","ast-page-background-enabled":"default","ast-page-background-meta":{"desktop":{"background-color":"var(--ast-global-color-4)","background-image":"","background-repeat":"repeat","background-position":"center center","background-size":"auto","background-attachment":"scroll","background-type":"","background-media":"","overlay-type":"","overlay-color":"","overlay-opacity":"","overlay-gradient":""},"tablet":{"background-color":"","background-image":"","background-repeat":"repeat","background-position":"center center","background-size":"auto","background-attachment":"scroll","background-type":"","background-media":"","overlay-type":"","overlay-color":"","overlay-opacity":"","overlay-gradient":""},"mobile":{"background-color":"","background-image":"","background-repeat":"repeat","background-position":"center center","background-size":"auto","background-attachment":"scroll","background-type":"","background-media":"","overlay-type":"","overlay-color":"","overlay-opacity":"","overlay-gradient":""}},"ast-content-background-meta":{"desktop":{"background-color":"var(--ast-global-color-5)","background-image":"","background-repeat":"repeat","background-position":"center center","background-size":"auto","background-attachment":"scroll","background-type":"","background-media":"","overlay-type":"","overlay-color":"","overlay-opacity":"","overlay-gradient":""},"tablet":{"background-color":"var(--ast-global-color-5)","background-image":"","background-repeat":"repeat","background-position":"center center","background-size":"auto","background-attachment":"scroll","background-type":"","background-media":"","overlay-type":"","overlay-color":"","overlay-opacity":"","overlay-gradient":""},"mobile":{"background-color":"var(--ast-global-color-5)","background-image":"","background-repeat":"repeat","background-position":"center center","background-size":"auto","background-attachment":"scroll","background-type":"","background-media":"","overlay-type":"","overlay-color":"","overlay-opacity":"","overlay-gradient":""}}},"product_brand":[],"product_cat":[329,21],"product_tag":[],"class_list":{"0":"post-1255","1":"product","2":"type-product","3":"status-publish","4":"has-post-thumbnail","6":"product_cat-experimentos-ciencias","7":"product_cat-productos","8":"desktop-align-left","9":"tablet-align-left","10":"mobile-align-left","11":"ast-product-gallery-layout-horizontal-slider","12":"ast-product-gallery-with-no-image","13":"ast-magnify-disabled","14":"ast-product-tabs-layout-horizontal","15":"ast-qv-on-image","17":"first","18":"instock","19":"sold-individually","20":"taxable","21":"shipping-taxable","22":"purchasable","23":"product-type-simple"},"acf":[],"yoast_head":"<!-- This site is optimized with the Yoast SEO Premium plugin v27.1 (Yoast SEO v27.1.1) - https:\/\/yoast.com\/product\/yoast-seo-premium-wordpress\/ -->\n<title>Reacci\u00f3n \u00c1cido-Base - Cohete Qu\u00edmico - Kit para 10 usos. #Exp3: Comprar Online - Alquera.com<\/title>\n<meta name=\"robots\" content=\"noindex, nofollow\" \/>\n<meta property=\"og:locale\" content=\"de_DE\" \/>\n<meta property=\"og:type\" content=\"article\" \/>\n<meta property=\"og:title\" content=\"Reacci\u00f3n \u00c1cido-Base - Cohete Qu\u00edmico - Kit para 10 usos. #Exp3: Comprar Online - Alquera.com\" \/>\n<meta property=\"og:description\" content=\"\u00a1Ense\u00f1a a hacer un cohete casero utilizando un vaso, agua, \u00e1cido c\u00edtrico y bicarbonato de potasio! Este divertido experimento cient\u00edfico ense\u00f1ar\u00e1 sobre la qu\u00edmica de la reacci\u00f3n entre \u00e1cido y base y permitir\u00e1 ver c\u00f3mo se genera una presi\u00f3n que impulsa el cohete hacia arriba. Los pedidos se hacen via Web, a\u00f1adiendo el producto al carrito y siguiendo los pasos que se indican m\u00e1s abajo.\" \/>\n<meta property=\"og:url\" content=\"https:\/\/www.alquera.com\/de\/experimento-cohete-quimico\/\" \/>\n<meta property=\"og:site_name\" content=\"Alquera.com\" \/>\n<meta property=\"article:publisher\" content=\"https:\/\/www.facebook.com\/alqueraciencia\" \/>\n<meta property=\"article:modified_time\" content=\"2025-12-22T12:56:42+00:00\" \/>\n<meta property=\"og:image\" content=\"https:\/\/www.alquera.com\/wp-content\/uploads\/2023\/01\/kit-componentes-1.png\" \/>\n\t<meta property=\"og:image:width\" content=\"900\" \/>\n\t<meta property=\"og:image:height\" content=\"900\" \/>\n\t<meta property=\"og:image:type\" content=\"image\/png\" \/>\n<meta name=\"twitter:card\" content=\"summary_large_image\" \/>\n<meta name=\"twitter:label1\" content=\"Preis\" \/>\n\t<meta name=\"twitter:data1\" content=\"12,90&euro;\" \/>\n\t<meta name=\"twitter:label2\" content=\"Verf\u00fcgbarkeit\" \/>\n\t<meta name=\"twitter:data2\" content=\"Auf Lager\" \/>\n<script type=\"application\/ld+json\" class=\"yoast-schema-graph\">{\"@context\":\"https:\/\/schema.org\",\"@graph\":[{\"@type\":[\"WebPage\",\"ItemPage\"],\"@id\":\"https:\/\/www.alquera.com\/experimento-cohete-quimico\/\",\"url\":\"https:\/\/www.alquera.com\/experimento-cohete-quimico\/\",\"name\":\"Reacci\u00f3n \u00c1cido-Base - Cohete Qu\u00edmico - Kit para 10 usos. #Exp3: Comprar Online - Alquera.com\",\"isPartOf\":{\"@id\":\"https:\/\/www.alquera.com\/en\/#website\"},\"primaryImageOfPage\":{\"@id\":\"https:\/\/www.alquera.com\/experimento-cohete-quimico\/#primaryimage\"},\"image\":{\"@id\":\"https:\/\/www.alquera.com\/experimento-cohete-quimico\/#primaryimage\"},\"thumbnailUrl\":\"https:\/\/www.alquera.com\/wp-content\/uploads\/2023\/01\/kit-componentes-1.png\",\"datePublished\":\"2020-03-06T12:18:50+00:00\",\"dateModified\":\"2025-12-22T12:56:42+00:00\",\"breadcrumb\":{\"@id\":\"https:\/\/www.alquera.com\/experimento-cohete-quimico\/#breadcrumb\"},\"inLanguage\":\"de\",\"potentialAction\":[{\"@type\":\"ReadAction\",\"target\":[\"https:\/\/www.alquera.com\/experimento-cohete-quimico\/\"]}]},{\"@type\":\"ImageObject\",\"inLanguage\":\"de\",\"@id\":\"https:\/\/www.alquera.com\/experimento-cohete-quimico\/#primaryimage\",\"url\":\"https:\/\/www.alquera.com\/wp-content\/uploads\/2023\/01\/kit-componentes-1.png\",\"contentUrl\":\"https:\/\/www.alquera.com\/wp-content\/uploads\/2023\/01\/kit-componentes-1.png\",\"width\":900,\"height\":900,\"caption\":\"kit experimento cohete quimico\"},{\"@type\":\"BreadcrumbList\",\"@id\":\"https:\/\/www.alquera.com\/experimento-cohete-quimico\/#breadcrumb\",\"itemListElement\":[{\"@type\":\"ListItem\",\"position\":1,\"name\":\"Inicio\",\"item\":\"https:\/\/www.alquera.com\/\"},{\"@type\":\"ListItem\",\"position\":2,\"name\":\"Alquera.com: Tienda Online de Productos Qu\u00edmicos y Material de Laboratorio\",\"item\":\"https:\/\/www.alquera.com\/en\/tienda\/\"},{\"@type\":\"ListItem\",\"position\":3,\"name\":\"Reacci\u00f3n \u00c1cido-Base &#8211; Cohete Qu\u00edmico &#8211; Kit para 10 usos. #Exp3\"}]},{\"@type\":\"WebSite\",\"@id\":\"https:\/\/www.alquera.com\/en\/#website\",\"url\":\"https:\/\/www.alquera.com\/en\/\",\"name\":\"Alquera.com\",\"description\":\"Tienda Online Productos Qu\u00edmicos y Material de Laboratorio\",\"publisher\":{\"@id\":\"https:\/\/www.alquera.com\/en\/#organization\"},\"potentialAction\":[{\"@type\":\"SearchAction\",\"target\":{\"@type\":\"EntryPoint\",\"urlTemplate\":\"https:\/\/www.alquera.com\/en\/?s={search_term_string}\"},\"query-input\":{\"@type\":\"PropertyValueSpecification\",\"valueRequired\":true,\"valueName\":\"search_term_string\"}}],\"inLanguage\":\"de\"},{\"@type\":\"Organization\",\"@id\":\"https:\/\/www.alquera.com\/en\/#organization\",\"name\":\"ALQUERA CIENCIA SL\",\"url\":\"https:\/\/www.alquera.com\/en\/\",\"logo\":{\"@type\":\"ImageObject\",\"inLanguage\":\"de\",\"@id\":\"https:\/\/www.alquera.com\/en\/#\/schema\/logo\/image\/\",\"url\":\"https:\/\/www.alquera.com\/wp-content\/uploads\/2020\/11\/logo_300_ancho.png\",\"contentUrl\":\"https:\/\/www.alquera.com\/wp-content\/uploads\/2020\/11\/logo_300_ancho.png\",\"width\":300,\"height\":86,\"caption\":\"ALQUERA CIENCIA SL\"},\"image\":{\"@id\":\"https:\/\/www.alquera.com\/en\/#\/schema\/logo\/image\/\"},\"sameAs\":[\"https:\/\/www.facebook.com\/alqueraciencia\",\"https:\/\/www.instagram.com\/alquera_ciencia\/\",\"https:\/\/www.youtube.com\/c\/alquera\"]}]}<\/script>\n<meta property=\"product:price:amount\" content=\"12.90\" \/>\n<meta property=\"product:price:currency\" content=\"EUR\" \/>\n<meta property=\"og:availability\" content=\"instock\" \/>\n<meta property=\"product:availability\" content=\"instock\" \/>\n<meta property=\"product:condition\" content=\"new\" \/>\n<!-- \/ Yoast SEO Premium plugin. -->","yoast_head_json":{"title":"S\u00e4ure-Base-Reaktion - Chemische Rakete - Kit f\u00fcr 10 Anwendungen. #Exp3: Online kaufen - Alquera.com","robots":{"index":"noindex","follow":"nofollow"},"og_locale":"de_DE","og_type":"article","og_title":"Reacci\u00f3n \u00c1cido-Base - Cohete Qu\u00edmico - Kit para 10 usos. #Exp3: Comprar Online - Alquera.com","og_description":"\u00a1Ense\u00f1a a hacer un cohete casero utilizando un vaso, agua, \u00e1cido c\u00edtrico y bicarbonato de potasio! Este divertido experimento cient\u00edfico ense\u00f1ar\u00e1 sobre la qu\u00edmica de la reacci\u00f3n entre \u00e1cido y base y permitir\u00e1 ver c\u00f3mo se genera una presi\u00f3n que impulsa el cohete hacia arriba. Los pedidos se hacen via Web, a\u00f1adiendo el producto al carrito y siguiendo los pasos que se indican m\u00e1s abajo.","og_url":"https:\/\/www.alquera.com\/de\/experimento-cohete-quimico\/","og_site_name":"Alquera.com","article_publisher":"https:\/\/www.facebook.com\/alqueraciencia","article_modified_time":"2025-12-22T12:56:42+00:00","og_image":[{"width":900,"height":900,"url":"https:\/\/www.alquera.com\/wp-content\/uploads\/2023\/01\/kit-componentes-1.png","type":"image\/png"}],"twitter_card":"summary_large_image","twitter_misc":{"Preis":"12,90&euro;","Verf\u00fcgbarkeit":"Auf Lager"},"schema":{"@context":"https:\/\/schema.org","@graph":[{"@type":["WebPage","ItemPage"],"@id":"https:\/\/www.alquera.com\/experimento-cohete-quimico\/","url":"https:\/\/www.alquera.com\/experimento-cohete-quimico\/","name":"S\u00e4ure-Base-Reaktion - Chemische Rakete - Kit f\u00fcr 10 Anwendungen. #Exp3: Online kaufen - Alquera.com","isPartOf":{"@id":"https:\/\/www.alquera.com\/en\/#website"},"primaryImageOfPage":{"@id":"https:\/\/www.alquera.com\/experimento-cohete-quimico\/#primaryimage"},"image":{"@id":"https:\/\/www.alquera.com\/experimento-cohete-quimico\/#primaryimage"},"thumbnailUrl":"https:\/\/www.alquera.com\/wp-content\/uploads\/2023\/01\/kit-componentes-1.png","datePublished":"2020-03-06T12:18:50+00:00","dateModified":"2025-12-22T12:56:42+00:00","breadcrumb":{"@id":"https:\/\/www.alquera.com\/experimento-cohete-quimico\/#breadcrumb"},"inLanguage":"de","potentialAction":[{"@type":"ReadAction","target":["https:\/\/www.alquera.com\/experimento-cohete-quimico\/"]}]},{"@type":"ImageObject","inLanguage":"de","@id":"https:\/\/www.alquera.com\/experimento-cohete-quimico\/#primaryimage","url":"https:\/\/www.alquera.com\/wp-content\/uploads\/2023\/01\/kit-componentes-1.png","contentUrl":"https:\/\/www.alquera.com\/wp-content\/uploads\/2023\/01\/kit-componentes-1.png","width":900,"height":900,"caption":"kit experimento cohete quimico"},{"@type":"BreadcrumbList","@id":"https:\/\/www.alquera.com\/experimento-cohete-quimico\/#breadcrumb","itemListElement":[{"@type":"ListItem","position":1,"name":"Inicio","item":"https:\/\/www.alquera.com\/"},{"@type":"ListItem","position":2,"name":"Alquera.com: Tienda Online de Productos Qu\u00edmicos y Material de Laboratorio","item":"https:\/\/www.alquera.com\/en\/tienda\/"},{"@type":"ListItem","position":3,"name":"Reacci\u00f3n \u00c1cido-Base &#8211; Cohete Qu\u00edmico &#8211; Kit para 10 usos. #Exp3"}]},{"@type":"WebSite","@id":"https:\/\/www.alquera.com\/en\/#website","url":"https:\/\/www.alquera.com\/en\/","name":"Alquera.com","description":"Online Shop Chemische Produkte und Laborger\u00e4te","publisher":{"@id":"https:\/\/www.alquera.com\/en\/#organization"},"potentialAction":[{"@type":"SearchAction","target":{"@type":"EntryPoint","urlTemplate":"https:\/\/www.alquera.com\/en\/?s={search_term_string}"},"query-input":{"@type":"PropertyValueSpecification","valueRequired":true,"valueName":"search_term_string"}}],"inLanguage":"de"},{"@type":"Organization","@id":"https:\/\/www.alquera.com\/en\/#organization","name":"ALQUERA CIENCIA SL","url":"https:\/\/www.alquera.com\/en\/","logo":{"@type":"ImageObject","inLanguage":"de","@id":"https:\/\/www.alquera.com\/en\/#\/schema\/logo\/image\/","url":"https:\/\/www.alquera.com\/wp-content\/uploads\/2020\/11\/logo_300_ancho.png","contentUrl":"https:\/\/www.alquera.com\/wp-content\/uploads\/2020\/11\/logo_300_ancho.png","width":300,"height":86,"caption":"ALQUERA CIENCIA SL"},"image":{"@id":"https:\/\/www.alquera.com\/en\/#\/schema\/logo\/image\/"},"sameAs":["https:\/\/www.facebook.com\/alqueraciencia","https:\/\/www.instagram.com\/alquera_ciencia\/","https:\/\/www.youtube.com\/c\/alquera"]}]},"product_price_amount":"12.90","product_price_currency":"EUR","og_availability":"instock","product_availability":"instock","product_condition":"new"},"_links":{"self":[{"href":"https:\/\/www.alquera.com\/de\/wp-json\/wp\/v2\/product\/1255","targetHints":{"allow":["GET"]}}],"collection":[{"href":"https:\/\/www.alquera.com\/de\/wp-json\/wp\/v2\/product"}],"about":[{"href":"https:\/\/www.alquera.com\/de\/wp-json\/wp\/v2\/types\/product"}],"replies":[{"embeddable":true,"href":"https:\/\/www.alquera.com\/de\/wp-json\/wp\/v2\/comments?post=1255"}],"wp:featuredmedia":[{"embeddable":true,"href":"https:\/\/www.alquera.com\/de\/wp-json\/wp\/v2\/media\/40482"}],"wp:attachment":[{"href":"https:\/\/www.alquera.com\/de\/wp-json\/wp\/v2\/media?parent=1255"}],"wp:term":[{"taxonomy":"product_brand","embeddable":true,"href":"https:\/\/www.alquera.com\/de\/wp-json\/wp\/v2\/product_brand?post=1255"},{"taxonomy":"product_cat","embeddable":true,"href":"https:\/\/www.alquera.com\/de\/wp-json\/wp\/v2\/product_cat?post=1255"},{"taxonomy":"product_tag","embeddable":true,"href":"https:\/\/www.alquera.com\/de\/wp-json\/wp\/v2\/product_tag?post=1255"}],"curies":[{"name":"wp","href":"https:\/\/api.w.org\/{rel}","templated":true}]}}