{"id":1258,"date":"2020-06-19T17:54:42","date_gmt":"2020-06-19T17:54:42","guid":{"rendered":"http:\/\/localhost\/alquera\/productos\/producto\/vaso-de-precipitados-forma-baja-1000ml-2\/"},"modified":"2026-02-23T16:12:13","modified_gmt":"2026-02-23T16:12:13","slug":"vaso-de-precipitados","status":"publish","type":"product","link":"https:\/\/www.alquera.com\/de\/vaso-de-precipitados\/","title":{"rendered":"Becher aus gef\u00e4lltem Glas Niedrige Form"},"content":{"rendered":"<ul>\n<li>Becher mit niedriger Form<\/li>\n<li>Hergestellt aus Borosilikatglas LBG 3.3. Entspricht der DIN 12331.<\/li>\n<li>Abgestuft und aufgespie\u00dft<\/li>\n<\/ul>\n<p>A\u00a0<b>Becherglas<\/b> ist ein d\u00fcnnes Gef\u00e4\u00df, das h\u00e4ufig im Labor verwendet wird, um Substanzen zuzubereiten oder zu erhitzen, um Fl\u00fcssigkeiten zu messen oder zu handhaben.<\/p>\n<p>Die Bechergl\u00e4ser, die Sie bei Alquera finden, bestehen aus Borosilikatglas und sind graduiert. Die Skala ist ungenau, obwohl sie f\u00fcr sehr grobe Messungen von Volumina geeignet ist, sollte sie nicht f\u00fcr Volumenmessungen verwendet werden, bei denen eine hohe Genauigkeit erforderlich ist.<\/p>\n<h2>BOROSILIKATBECHER<\/h2>\n<p>Alquera-Becher werden aus Borosilikatglas hergestellt. Borosilikatglas hat einen geringeren Ausdehnungskoeffizienten als gew\u00f6hnliches Glas (ca. 1\/3). Dadurch ist es widerstandsf\u00e4higer gegen Temperaturschwankungen als gew\u00f6hnliches Glas.<\/p>\n<p>Borosilikatglas beginnt bei etwa 821 \u00b0C zu erweichen.<\/p>","protected":false},"excerpt":{"rendered":"<p class=\"ai-optimize-47\">Kaufen Sie Borosilikatglas Ausscheidungen Becher Low Shape 3.3. In verschiedenen Gr\u00f6\u00dfen, 100ml, 250ml, 500ml und 1000ml.  Die Bestellung erfolgt direkt \u00fcber das Internet in den angegebenen Schritten. Sie k\u00f6nnen den Preis der Becher sehen, indem Sie das Format\/die Menge der Becher ausw\u00e4hlen. Versand in 24\/48h.<\/p>","protected":false},"featured_media":35895,"comment_status":"open","ping_status":"closed","template":"","meta":{"_acf_changed":false,"site-sidebar-layout":"default","site-content-layout":"default","ast-site-content-layout":"default","site-content-style":"default","site-sidebar-style":"default","ast-global-header-display":"","ast-banner-title-visibility":"","ast-main-header-display":"","ast-hfb-above-header-display":"","ast-hfb-below-header-display":"","ast-hfb-mobile-header-display":"","site-post-title":"","ast-breadcrumbs-content":"","ast-featured-img":"","footer-sml-layout":"","ast-disable-related-posts":"","theme-transparent-header-meta":"default","adv-header-id-meta":"","stick-header-meta":"default","header-above-stick-meta":"","header-main-stick-meta":"","header-below-stick-meta":"","astra-migrate-meta-layouts":"set","ast-page-background-enabled":"default","ast-page-background-meta":{"desktop":{"background-color":"var(--ast-global-color-4)","background-image":"","background-repeat":"repeat","background-position":"center center","background-size":"auto","background-attachment":"scroll","background-type":"","background-media":"","overlay-type":"","overlay-color":"","overlay-opacity":"","overlay-gradient":""},"tablet":{"background-color":"","background-image":"","background-repeat":"repeat","background-position":"center center","background-size":"auto","background-attachment":"scroll","background-type":"","background-media":"","overlay-type":"","overlay-color":"","overlay-opacity":"","overlay-gradient":""},"mobile":{"background-color":"","background-image":"","background-repeat":"repeat","background-position":"center center","background-size":"auto","background-attachment":"scroll","background-type":"","background-media":"","overlay-type":"","overlay-color":"","overlay-opacity":"","overlay-gradient":""}},"ast-content-background-meta":{"desktop":{"background-color":"var(--ast-global-color-5)","background-image":"","background-repeat":"repeat","background-position":"center center","background-size":"auto","background-attachment":"scroll","background-type":"","background-media":"","overlay-type":"","overlay-color":"","overlay-opacity":"","overlay-gradient":""},"tablet":{"background-color":"var(--ast-global-color-5)","background-image":"","background-repeat":"repeat","background-position":"center center","background-size":"auto","background-attachment":"scroll","background-type":"","background-media":"","overlay-type":"","overlay-color":"","overlay-opacity":"","overlay-gradient":""},"mobile":{"background-color":"var(--ast-global-color-5)","background-image":"","background-repeat":"repeat","background-position":"center center","background-size":"auto","background-attachment":"scroll","background-type":"","background-media":"","overlay-type":"","overlay-color":"","overlay-opacity":"","overlay-gradient":""}}},"product_brand":[],"product_cat":[389,21,26],"product_tag":[],"class_list":{"0":"post-1258","1":"product","2":"type-product","3":"status-publish","4":"has-post-thumbnail","6":"product_cat-vasos-de-precipitado","7":"product_cat-productos","8":"product_cat-material-de-laboratorio","9":"pa_cantidad-50ml","10":"pa_cantidad-100ml","11":"pa_cantidad-250ml","12":"pa_cantidad-500ml","13":"pa_cantidad-1000ml","14":"pa_cantidad-2000ml","15":"pa_cantidad-3000ml","16":"pa_cantidad-5000ml","17":"pa_unidades-247","18":"pa_unidades-388","19":"pa_unidades-249","20":"desktop-align-left","21":"tablet-align-left","22":"mobile-align-left","23":"ast-product-gallery-layout-horizontal-slider","24":"ast-product-gallery-with-no-image","25":"ast-magnify-disabled","26":"ast-product-single-variable","27":"ast-product-tabs-layout-horizontal","28":"ast-qv-on-image","30":"first","31":"instock","32":"taxable","33":"shipping-taxable","34":"purchasable","35":"product-type-variable","36":"has-default-attributes"},"acf":[],"yoast_head":"<!-- This site is optimized with the Yoast SEO Premium plugin v27.1 (Yoast SEO v27.1.1) - https:\/\/yoast.com\/product\/yoast-seo-premium-wordpress\/ -->\n<title>Vaso de Precipitados: Comprar Online - Alquera.com<\/title>\n<meta name=\"description\" content=\"ENV\u00cdOS EN 24\/48H. Comprar Vasos de Precipitados de vidrio de Borosilicato 3.3. Con pico y con graduaci\u00f3n. 100ml, 250ml, 500ml, 1000ml\" \/>\n<meta name=\"robots\" content=\"index, follow, max-snippet:-1, max-image-preview:large, max-video-preview:-1\" \/>\n<link rel=\"canonical\" href=\"https:\/\/www.alquera.com\/de\/vaso-de-precipitados\/\" \/>\n<meta property=\"og:locale\" content=\"de_DE\" \/>\n<meta property=\"og:type\" content=\"article\" \/>\n<meta property=\"og:title\" content=\"Vaso de Precipitados Vidrio Forma Baja: Comprar Online - Alquera.com\" \/>\n<meta property=\"og:description\" content=\"ENV\u00cdOS EN 24\/48H. Comprar Vasos de Precipitados de vidrio de Borosilicato 3.3. Con pico y con graduaci\u00f3n. 100ml, 250ml, 500ml, 1000ml\" \/>\n<meta property=\"og:url\" content=\"https:\/\/www.alquera.com\/de\/vaso-de-precipitados\/\" \/>\n<meta property=\"og:site_name\" content=\"Alquera.com\" \/>\n<meta property=\"article:publisher\" content=\"https:\/\/www.facebook.com\/alqueraciencia\" \/>\n<meta property=\"article:modified_time\" content=\"2026-02-23T16:12:13+00:00\" \/>\n<meta property=\"og:image\" content=\"https:\/\/www.alquera.com\/wp-content\/uploads\/2020\/06\/VASO-DE-PRECIPITADOS.png\" \/>\n\t<meta property=\"og:image:width\" content=\"400\" \/>\n\t<meta property=\"og:image:height\" content=\"400\" \/>\n\t<meta property=\"og:image:type\" content=\"image\/png\" \/>\n<meta name=\"twitter:card\" content=\"summary_large_image\" \/>\n<meta name=\"twitter:label1\" content=\"Verf\u00fcgbarkeit\" \/>\n\t<meta name=\"twitter:data1\" content=\"Auf Lager\" \/>\n<script type=\"application\/ld+json\" class=\"yoast-schema-graph\">{\"@context\":\"https:\/\/schema.org\",\"@graph\":[{\"@type\":[\"WebPage\",\"ItemPage\"],\"@id\":\"https:\/\/www.alquera.com\/vaso-de-precipitados\/\",\"url\":\"https:\/\/www.alquera.com\/vaso-de-precipitados\/\",\"name\":\"Vaso de Precipitados: Comprar Online - Alquera.com\",\"isPartOf\":{\"@id\":\"https:\/\/www.alquera.com\/en\/#website\"},\"primaryImageOfPage\":{\"@id\":\"https:\/\/www.alquera.com\/vaso-de-precipitados\/#primaryimage\"},\"image\":{\"@id\":\"https:\/\/www.alquera.com\/vaso-de-precipitados\/#primaryimage\"},\"thumbnailUrl\":\"https:\/\/www.alquera.com\/wp-content\/uploads\/2020\/06\/VASO-DE-PRECIPITADOS.png\",\"datePublished\":\"2020-06-19T17:54:42+00:00\",\"dateModified\":\"2026-02-23T16:12:13+00:00\",\"description\":\"ENV\u00cdOS EN 24\/48H. Comprar Vasos de Precipitados de vidrio de Borosilicato 3.3. Con pico y con graduaci\u00f3n. 100ml, 250ml, 500ml, 1000ml\",\"breadcrumb\":{\"@id\":\"https:\/\/www.alquera.com\/vaso-de-precipitados\/#breadcrumb\"},\"inLanguage\":\"de\",\"potentialAction\":[{\"@type\":\"ReadAction\",\"target\":[\"https:\/\/www.alquera.com\/vaso-de-precipitados\/\"]}]},{\"@type\":\"ImageObject\",\"inLanguage\":\"de\",\"@id\":\"https:\/\/www.alquera.com\/vaso-de-precipitados\/#primaryimage\",\"url\":\"https:\/\/www.alquera.com\/wp-content\/uploads\/2020\/06\/VASO-DE-PRECIPITADOS.png\",\"contentUrl\":\"https:\/\/www.alquera.com\/wp-content\/uploads\/2020\/06\/VASO-DE-PRECIPITADOS.png\",\"width\":400,\"height\":400,\"caption\":\"VASO DE PRECIPITADOS\"},{\"@type\":\"BreadcrumbList\",\"@id\":\"https:\/\/www.alquera.com\/vaso-de-precipitados\/#breadcrumb\",\"itemListElement\":[{\"@type\":\"ListItem\",\"position\":1,\"name\":\"Inicio\",\"item\":\"https:\/\/www.alquera.com\/\"},{\"@type\":\"ListItem\",\"position\":2,\"name\":\"Alquera.com: Tienda Online de Productos Qu\u00edmicos y Material de Laboratorio\",\"item\":\"https:\/\/www.alquera.com\/en\/tienda\/\"},{\"@type\":\"ListItem\",\"position\":3,\"name\":\"Vaso de Precipitados Vidrio Forma Baja\"}]},{\"@type\":\"WebSite\",\"@id\":\"https:\/\/www.alquera.com\/en\/#website\",\"url\":\"https:\/\/www.alquera.com\/en\/\",\"name\":\"Alquera.com\",\"description\":\"Tienda Online Productos Qu\u00edmicos y Material de Laboratorio\",\"publisher\":{\"@id\":\"https:\/\/www.alquera.com\/en\/#organization\"},\"potentialAction\":[{\"@type\":\"SearchAction\",\"target\":{\"@type\":\"EntryPoint\",\"urlTemplate\":\"https:\/\/www.alquera.com\/en\/?s={search_term_string}\"},\"query-input\":{\"@type\":\"PropertyValueSpecification\",\"valueRequired\":true,\"valueName\":\"search_term_string\"}}],\"inLanguage\":\"de\"},{\"@type\":\"Organization\",\"@id\":\"https:\/\/www.alquera.com\/en\/#organization\",\"name\":\"ALQUERA CIENCIA SL\",\"url\":\"https:\/\/www.alquera.com\/en\/\",\"logo\":{\"@type\":\"ImageObject\",\"inLanguage\":\"de\",\"@id\":\"https:\/\/www.alquera.com\/en\/#\/schema\/logo\/image\/\",\"url\":\"https:\/\/www.alquera.com\/wp-content\/uploads\/2020\/11\/logo_300_ancho.png\",\"contentUrl\":\"https:\/\/www.alquera.com\/wp-content\/uploads\/2020\/11\/logo_300_ancho.png\",\"width\":300,\"height\":86,\"caption\":\"ALQUERA CIENCIA SL\"},\"image\":{\"@id\":\"https:\/\/www.alquera.com\/en\/#\/schema\/logo\/image\/\"},\"sameAs\":[\"https:\/\/www.facebook.com\/alqueraciencia\",\"https:\/\/www.instagram.com\/alquera_ciencia\/\",\"https:\/\/www.youtube.com\/c\/alquera\"]}]}<\/script>\n<meta property=\"og:availability\" content=\"instock\" \/>\n<meta property=\"product:availability\" content=\"instock\" \/>\n<meta property=\"product:condition\" content=\"new\" \/>\n<!-- \/ Yoast SEO Premium plugin. -->","yoast_head_json":{"title":"Gef\u00e4llte Becher: Online kaufen - Alquera.com","description":"SENDUNGEN IN 24\/48H. Kaufen Sie Borosilikatglas F\u00e4llungsbecher 3.3. mit Ausguss und Teilung. 100ml, 250ml, 500ml, 1000ml, 1000ml.","robots":{"index":"index","follow":"follow","max-snippet":"max-snippet:-1","max-image-preview":"max-image-preview:large","max-video-preview":"max-video-preview:-1"},"canonical":"https:\/\/www.alquera.com\/de\/vaso-de-precipitados\/","og_locale":"de_DE","og_type":"article","og_title":"Vaso de Precipitados Vidrio Forma Baja: Comprar Online - Alquera.com","og_description":"ENV\u00cdOS EN 24\/48H. Comprar Vasos de Precipitados de vidrio de Borosilicato 3.3. Con pico y con graduaci\u00f3n. 100ml, 250ml, 500ml, 1000ml","og_url":"https:\/\/www.alquera.com\/de\/vaso-de-precipitados\/","og_site_name":"Alquera.com","article_publisher":"https:\/\/www.facebook.com\/alqueraciencia","article_modified_time":"2026-02-23T16:12:13+00:00","og_image":[{"width":400,"height":400,"url":"https:\/\/www.alquera.com\/wp-content\/uploads\/2020\/06\/VASO-DE-PRECIPITADOS.png","type":"image\/png"}],"twitter_card":"summary_large_image","twitter_misc":{"Verf\u00fcgbarkeit":"Auf Lager"},"schema":{"@context":"https:\/\/schema.org","@graph":[{"@type":["WebPage","ItemPage"],"@id":"https:\/\/www.alquera.com\/vaso-de-precipitados\/","url":"https:\/\/www.alquera.com\/vaso-de-precipitados\/","name":"Gef\u00e4llte Becher: Online kaufen - Alquera.com","isPartOf":{"@id":"https:\/\/www.alquera.com\/en\/#website"},"primaryImageOfPage":{"@id":"https:\/\/www.alquera.com\/vaso-de-precipitados\/#primaryimage"},"image":{"@id":"https:\/\/www.alquera.com\/vaso-de-precipitados\/#primaryimage"},"thumbnailUrl":"https:\/\/www.alquera.com\/wp-content\/uploads\/2020\/06\/VASO-DE-PRECIPITADOS.png","datePublished":"2020-06-19T17:54:42+00:00","dateModified":"2026-02-23T16:12:13+00:00","description":"SENDUNGEN IN 24\/48H. Kaufen Sie Borosilikatglas F\u00e4llungsbecher 3.3. mit Ausguss und Teilung. 100ml, 250ml, 500ml, 1000ml, 1000ml.","breadcrumb":{"@id":"https:\/\/www.alquera.com\/vaso-de-precipitados\/#breadcrumb"},"inLanguage":"de","potentialAction":[{"@type":"ReadAction","target":["https:\/\/www.alquera.com\/vaso-de-precipitados\/"]}]},{"@type":"ImageObject","inLanguage":"de","@id":"https:\/\/www.alquera.com\/vaso-de-precipitados\/#primaryimage","url":"https:\/\/www.alquera.com\/wp-content\/uploads\/2020\/06\/VASO-DE-PRECIPITADOS.png","contentUrl":"https:\/\/www.alquera.com\/wp-content\/uploads\/2020\/06\/VASO-DE-PRECIPITADOS.png","width":400,"height":400,"caption":"VASO DE PRECIPITADOS"},{"@type":"BreadcrumbList","@id":"https:\/\/www.alquera.com\/vaso-de-precipitados\/#breadcrumb","itemListElement":[{"@type":"ListItem","position":1,"name":"Inicio","item":"https:\/\/www.alquera.com\/"},{"@type":"ListItem","position":2,"name":"Alquera.com: Tienda Online de Productos Qu\u00edmicos y Material de Laboratorio","item":"https:\/\/www.alquera.com\/en\/tienda\/"},{"@type":"ListItem","position":3,"name":"Vaso de Precipitados Vidrio Forma Baja"}]},{"@type":"WebSite","@id":"https:\/\/www.alquera.com\/en\/#website","url":"https:\/\/www.alquera.com\/en\/","name":"Alquera.com","description":"Online Shop Chemische Produkte und Laborger\u00e4te","publisher":{"@id":"https:\/\/www.alquera.com\/en\/#organization"},"potentialAction":[{"@type":"SearchAction","target":{"@type":"EntryPoint","urlTemplate":"https:\/\/www.alquera.com\/en\/?s={search_term_string}"},"query-input":{"@type":"PropertyValueSpecification","valueRequired":true,"valueName":"search_term_string"}}],"inLanguage":"de"},{"@type":"Organization","@id":"https:\/\/www.alquera.com\/en\/#organization","name":"ALQUERA CIENCIA SL","url":"https:\/\/www.alquera.com\/en\/","logo":{"@type":"ImageObject","inLanguage":"de","@id":"https:\/\/www.alquera.com\/en\/#\/schema\/logo\/image\/","url":"https:\/\/www.alquera.com\/wp-content\/uploads\/2020\/11\/logo_300_ancho.png","contentUrl":"https:\/\/www.alquera.com\/wp-content\/uploads\/2020\/11\/logo_300_ancho.png","width":300,"height":86,"caption":"ALQUERA CIENCIA SL"},"image":{"@id":"https:\/\/www.alquera.com\/en\/#\/schema\/logo\/image\/"},"sameAs":["https:\/\/www.facebook.com\/alqueraciencia","https:\/\/www.instagram.com\/alquera_ciencia\/","https:\/\/www.youtube.com\/c\/alquera"]}]},"og_availability":"instock","product_availability":"instock","product_condition":"new"},"_links":{"self":[{"href":"https:\/\/www.alquera.com\/de\/wp-json\/wp\/v2\/product\/1258","targetHints":{"allow":["GET"]}}],"collection":[{"href":"https:\/\/www.alquera.com\/de\/wp-json\/wp\/v2\/product"}],"about":[{"href":"https:\/\/www.alquera.com\/de\/wp-json\/wp\/v2\/types\/product"}],"replies":[{"embeddable":true,"href":"https:\/\/www.alquera.com\/de\/wp-json\/wp\/v2\/comments?post=1258"}],"wp:featuredmedia":[{"embeddable":true,"href":"https:\/\/www.alquera.com\/de\/wp-json\/wp\/v2\/media\/35895"}],"wp:attachment":[{"href":"https:\/\/www.alquera.com\/de\/wp-json\/wp\/v2\/media?parent=1258"}],"wp:term":[{"taxonomy":"product_brand","embeddable":true,"href":"https:\/\/www.alquera.com\/de\/wp-json\/wp\/v2\/product_brand?post=1258"},{"taxonomy":"product_cat","embeddable":true,"href":"https:\/\/www.alquera.com\/de\/wp-json\/wp\/v2\/product_cat?post=1258"},{"taxonomy":"product_tag","embeddable":true,"href":"https:\/\/www.alquera.com\/de\/wp-json\/wp\/v2\/product_tag?post=1258"}],"curies":[{"name":"wp","href":"https:\/\/api.w.org\/{rel}","templated":true}]}}