{"id":1266,"date":"2020-09-10T15:54:00","date_gmt":"2020-09-10T15:54:00","guid":{"rendered":"http:\/\/localhost\/alquera\/productos\/producto\/alumbre-en-polvo-1kg-2\/"},"modified":"2026-05-03T10:16:03","modified_gmt":"2026-05-03T10:16:03","slug":"alumbre-en-polvo","status":"publish","type":"product","link":"https:\/\/www.alquera.com\/de\/alumbre-en-polvo\/","title":{"rendered":"Stein-Alaun-Pulver"},"content":{"rendered":"<p>Alaun wird wegen seiner bakterient\u00f6tenden Wirkung als Deodorant verwendet. Der Alaun, den Sie hier finden, ist der Alaun, der traditionell als Deodorant verwendet wird, und sein technischer Name ist Doppelaluminiumkaliumsulfat.<\/p>\n<h2>IDENTIFIZIERUNG UND EIGENSCHAFTEN VON KALIUMALAUN<\/h2>\n<p><strong>Name:<\/strong> Stein-Alaun. Tonerde Kaliumsulfat<br \/>\n<strong>Synonyme:<\/strong> Hydratisierter Alaun, Steinalaun, neapolitanischer Alaun, neapolitanischer Alaun<br \/>\n<strong>CAS:<\/strong> 10043-67-1<br \/>\n<strong>EC:<\/strong> 233-141-3<\/p>\n<ul>\n<li>Erscheinungsbild: kristallines Pulver<\/li>\n<li>Farbe: Wei\u00df<\/li>\n<li>Geruch: Geruchlos<\/li>\n<li>pH-Wert bei 25\u00baC: 3,5 (1%-L\u00f6sung)<\/li>\n<li>Schmelzpunkt: 93\u00baC<\/li>\n<li>Siedepunkt: 200\u00baC<\/li>\n<li>Flammpunkt: Nicht brennbar<\/li>\n<li>Dichte: 1,64 g\/cc<\/li>\n<li>L\u00f6slichkeit: Leicht l\u00f6slich in Wasser. 150gr.\/l in Wasser bei 20\u00baC.<\/li>\n<li>Zersetzungstemperatur: &gt; bis 770\u00baC<\/li>\n<li>Explosive Eigenschaften. Nicht-explosiv<\/li>\n<li>Oxidierende Eigenschaften: Nicht oxidierend<\/li>\n<\/ul>\n<h2>VERWENDUNGSZWECKE VON STEIN-ALAUN<\/h2>\n<ul>\n<li>Konservierender Zusatzstoff, adstringierend<\/li>\n<li>Beizende Textilpigmente<\/li>\n<li>Klebeverfahren Papier<\/li>\n<li>Gerinnungsmittel<\/li>\n<li>Gerbstoff-Zusatz<\/li>\n<li>Hefe<\/li>\n<li>Fotochemische Laborprodukte<\/li>\n<li>Toner und Tinte<\/li>\n<\/ul>","protected":false},"excerpt":{"rendered":"<p>Kaufen Sie Alaun de Roca in Verpackungen von 1 kg, 5 kg und bis zu 20 kg schweren S\u00e4cken. Sie k\u00f6nnen den Preis f\u00fcr die verschiedenen Formate von Alum de Roca sehen, wenn Sie das gew\u00fcnschte Format ausw\u00e4hlen. Die Bestellung erfolgt direkt \u00fcber das Internet, wobei die angegebenen Schritte befolgt werden, und die Lieferung erfolgt innerhalb von 24\/48 Stunden.<\/p>","protected":false},"featured_media":8392,"comment_status":"open","ping_status":"closed","template":"","meta":{"_acf_changed":false,"site-sidebar-layout":"default","site-content-layout":"default","ast-site-content-layout":"default","site-content-style":"default","site-sidebar-style":"default","ast-global-header-display":"","ast-banner-title-visibility":"","ast-main-header-display":"","ast-hfb-above-header-display":"","ast-hfb-below-header-display":"","ast-hfb-mobile-header-display":"","site-post-title":"","ast-breadcrumbs-content":"","ast-featured-img":"","footer-sml-layout":"","ast-disable-related-posts":"","theme-transparent-header-meta":"default","adv-header-id-meta":"","stick-header-meta":"default","header-above-stick-meta":"","header-main-stick-meta":"","header-below-stick-meta":"","astra-migrate-meta-layouts":"set","ast-page-background-enabled":"default","ast-page-background-meta":{"desktop":{"background-color":"var(--ast-global-color-4)","background-image":"","background-repeat":"repeat","background-position":"center center","background-size":"auto","background-attachment":"scroll","background-type":"","background-media":"","overlay-type":"","overlay-color":"","overlay-opacity":"","overlay-gradient":""},"tablet":{"background-color":"","background-image":"","background-repeat":"repeat","background-position":"center center","background-size":"auto","background-attachment":"scroll","background-type":"","background-media":"","overlay-type":"","overlay-color":"","overlay-opacity":"","overlay-gradient":""},"mobile":{"background-color":"","background-image":"","background-repeat":"repeat","background-position":"center center","background-size":"auto","background-attachment":"scroll","background-type":"","background-media":"","overlay-type":"","overlay-color":"","overlay-opacity":"","overlay-gradient":""}},"ast-content-background-meta":{"desktop":{"background-color":"var(--ast-global-color-5)","background-image":"","background-repeat":"repeat","background-position":"center center","background-size":"auto","background-attachment":"scroll","background-type":"","background-media":"","overlay-type":"","overlay-color":"","overlay-opacity":"","overlay-gradient":""},"tablet":{"background-color":"var(--ast-global-color-5)","background-image":"","background-repeat":"repeat","background-position":"center center","background-size":"auto","background-attachment":"scroll","background-type":"","background-media":"","overlay-type":"","overlay-color":"","overlay-opacity":"","overlay-gradient":""},"mobile":{"background-color":"var(--ast-global-color-5)","background-image":"","background-repeat":"repeat","background-position":"center center","background-size":"auto","background-attachment":"scroll","background-type":"","background-media":"","overlay-type":"","overlay-color":"","overlay-opacity":"","overlay-gradient":""}}},"product_brand":[],"product_cat":[21],"product_tag":[],"class_list":{"0":"post-1266","1":"product","2":"type-product","3":"status-publish","4":"has-post-thumbnail","6":"product_cat-productos","7":"pa_cantidad-1kg","8":"pa_cantidad-5kg","9":"pa_cantidad-20kg","10":"desktop-align-left","11":"tablet-align-left","12":"mobile-align-left","13":"ast-product-gallery-layout-horizontal-slider","14":"ast-magnify-disabled","15":"ast-product-single-variable","16":"ast-product-tabs-layout-horizontal","17":"ast-qv-on-image","19":"first","20":"instock","21":"taxable","22":"shipping-taxable","23":"purchasable","24":"product-type-variable","25":"has-default-attributes"},"acf":[],"yoast_head":"<!-- This site is optimized with the Yoast SEO Premium plugin v27.1 (Yoast SEO v27.1.1) - https:\/\/yoast.com\/product\/yoast-seo-premium-wordpress\/ -->\n<title>Alumbre de Roca en Polvo: Comprar Online - Alquera.com<\/title>\n<meta name=\"description\" content=\"ENV\u00cdOS EN 24\/48H. Comprar alumbre de roca o alumbre pot\u00e1sico en la tienda online de Alquera. Uso textil, cosm\u00e9tica, cristales.\" \/>\n<meta name=\"robots\" content=\"index, follow, max-snippet:-1, max-image-preview:large, max-video-preview:-1\" \/>\n<link rel=\"canonical\" href=\"https:\/\/www.alquera.com\/de\/alumbre-en-polvo\/\" \/>\n<meta property=\"og:locale\" content=\"de_DE\" \/>\n<meta property=\"og:type\" content=\"article\" \/>\n<meta property=\"og:title\" content=\"Alumbre de Roca en Polvo: Comprar Online - Alquera.com\" \/>\n<meta property=\"og:description\" content=\"ENV\u00cdOS EN 24\/48H. Comprar alumbre de roca o alumbre pot\u00e1sico en la tienda online de Alquera. Uso textil, cosm\u00e9tica, cristales.\" \/>\n<meta property=\"og:url\" content=\"https:\/\/www.alquera.com\/de\/alumbre-en-polvo\/\" \/>\n<meta property=\"og:site_name\" content=\"Alquera.com\" \/>\n<meta property=\"article:publisher\" content=\"https:\/\/www.facebook.com\/alqueraciencia\" \/>\n<meta property=\"article:modified_time\" content=\"2026-05-03T10:16:03+00:00\" \/>\n<meta property=\"og:image\" content=\"https:\/\/www.alquera.com\/wp-content\/uploads\/2020\/09\/ALUMBRE-DE-ROCA__.jpg\" \/>\n\t<meta property=\"og:image:width\" content=\"776\" \/>\n\t<meta property=\"og:image:height\" content=\"800\" \/>\n\t<meta property=\"og:image:type\" content=\"image\/jpeg\" \/>\n<meta name=\"twitter:card\" content=\"summary_large_image\" \/>\n<meta name=\"twitter:label1\" content=\"Verf\u00fcgbarkeit\" \/>\n\t<meta name=\"twitter:data1\" content=\"Auf Lager\" \/>\n<script type=\"application\/ld+json\" class=\"yoast-schema-graph\">{\"@context\":\"https:\/\/schema.org\",\"@graph\":[{\"@type\":[\"WebPage\",\"ItemPage\"],\"@id\":\"https:\/\/www.alquera.com\/alumbre-en-polvo\/\",\"url\":\"https:\/\/www.alquera.com\/alumbre-en-polvo\/\",\"name\":\"Alumbre de Roca en Polvo: Comprar Online - Alquera.com\",\"isPartOf\":{\"@id\":\"https:\/\/www.alquera.com\/en\/#website\"},\"primaryImageOfPage\":{\"@id\":\"https:\/\/www.alquera.com\/alumbre-en-polvo\/#primaryimage\"},\"image\":{\"@id\":\"https:\/\/www.alquera.com\/alumbre-en-polvo\/#primaryimage\"},\"thumbnailUrl\":\"https:\/\/www.alquera.com\/wp-content\/uploads\/2020\/09\/ALUMBRE-DE-ROCA__.jpg\",\"datePublished\":\"2020-09-10T15:54:00+00:00\",\"dateModified\":\"2026-05-03T10:16:03+00:00\",\"description\":\"ENV\u00cdOS EN 24\/48H. Comprar alumbre de roca o alumbre pot\u00e1sico en la tienda online de Alquera. Uso textil, cosm\u00e9tica, cristales.\",\"breadcrumb\":{\"@id\":\"https:\/\/www.alquera.com\/alumbre-en-polvo\/#breadcrumb\"},\"inLanguage\":\"de\",\"potentialAction\":[{\"@type\":\"ReadAction\",\"target\":[\"https:\/\/www.alquera.com\/alumbre-en-polvo\/\"]}]},{\"@type\":\"ImageObject\",\"inLanguage\":\"de\",\"@id\":\"https:\/\/www.alquera.com\/alumbre-en-polvo\/#primaryimage\",\"url\":\"https:\/\/www.alquera.com\/wp-content\/uploads\/2020\/09\/ALUMBRE-DE-ROCA__.jpg\",\"contentUrl\":\"https:\/\/www.alquera.com\/wp-content\/uploads\/2020\/09\/ALUMBRE-DE-ROCA__.jpg\",\"width\":776,\"height\":800,\"caption\":\"Alumbre de roca\"},{\"@type\":\"BreadcrumbList\",\"@id\":\"https:\/\/www.alquera.com\/alumbre-en-polvo\/#breadcrumb\",\"itemListElement\":[{\"@type\":\"ListItem\",\"position\":1,\"name\":\"Inicio\",\"item\":\"https:\/\/www.alquera.com\/\"},{\"@type\":\"ListItem\",\"position\":2,\"name\":\"Alquera.com: Tienda Online de Productos Qu\u00edmicos y Material de Laboratorio\",\"item\":\"https:\/\/www.alquera.com\/en\/tienda\/\"},{\"@type\":\"ListItem\",\"position\":3,\"name\":\"Alumbre de Roca en Polvo\"}]},{\"@type\":\"WebSite\",\"@id\":\"https:\/\/www.alquera.com\/en\/#website\",\"url\":\"https:\/\/www.alquera.com\/en\/\",\"name\":\"Alquera.com\",\"description\":\"Tienda Online Productos Qu\u00edmicos y Material de Laboratorio\",\"publisher\":{\"@id\":\"https:\/\/www.alquera.com\/en\/#organization\"},\"potentialAction\":[{\"@type\":\"SearchAction\",\"target\":{\"@type\":\"EntryPoint\",\"urlTemplate\":\"https:\/\/www.alquera.com\/en\/?s={search_term_string}\"},\"query-input\":{\"@type\":\"PropertyValueSpecification\",\"valueRequired\":true,\"valueName\":\"search_term_string\"}}],\"inLanguage\":\"de\"},{\"@type\":\"Organization\",\"@id\":\"https:\/\/www.alquera.com\/en\/#organization\",\"name\":\"ALQUERA CIENCIA SL\",\"url\":\"https:\/\/www.alquera.com\/en\/\",\"logo\":{\"@type\":\"ImageObject\",\"inLanguage\":\"de\",\"@id\":\"https:\/\/www.alquera.com\/en\/#\/schema\/logo\/image\/\",\"url\":\"https:\/\/www.alquera.com\/wp-content\/uploads\/2020\/11\/logo_300_ancho.png\",\"contentUrl\":\"https:\/\/www.alquera.com\/wp-content\/uploads\/2020\/11\/logo_300_ancho.png\",\"width\":300,\"height\":86,\"caption\":\"ALQUERA CIENCIA SL\"},\"image\":{\"@id\":\"https:\/\/www.alquera.com\/en\/#\/schema\/logo\/image\/\"},\"sameAs\":[\"https:\/\/www.facebook.com\/alqueraciencia\",\"https:\/\/www.instagram.com\/alquera_ciencia\/\",\"https:\/\/www.youtube.com\/c\/alquera\"]}]}<\/script>\n<meta property=\"og:availability\" content=\"instock\" \/>\n<meta property=\"product:availability\" content=\"instock\" \/>\n<meta property=\"product:retailer_item_id\" content=\"ALCS21\" \/>\n<meta property=\"product:condition\" content=\"new\" \/>\n<!-- \/ Yoast SEO Premium plugin. -->","yoast_head_json":{"title":"Stein-Alaun-Pulver: Online kaufen - Alquera.com","description":"LIEFERUNG IN 24\/48H. Kaufen Sie Stein-Alaun oder Kalium-Alaun im Online Shop von Alquera. Kosmetika, Kristalle.","robots":{"index":"index","follow":"follow","max-snippet":"max-snippet:-1","max-image-preview":"max-image-preview:large","max-video-preview":"max-video-preview:-1"},"canonical":"https:\/\/www.alquera.com\/de\/alumbre-en-polvo\/","og_locale":"de_DE","og_type":"article","og_title":"Alumbre de Roca en Polvo: Comprar Online - Alquera.com","og_description":"ENV\u00cdOS EN 24\/48H. Comprar alumbre de roca o alumbre pot\u00e1sico en la tienda online de Alquera. Uso textil, cosm\u00e9tica, cristales.","og_url":"https:\/\/www.alquera.com\/de\/alumbre-en-polvo\/","og_site_name":"Alquera.com","article_publisher":"https:\/\/www.facebook.com\/alqueraciencia","article_modified_time":"2026-05-03T10:16:03+00:00","og_image":[{"width":776,"height":800,"url":"https:\/\/www.alquera.com\/wp-content\/uploads\/2020\/09\/ALUMBRE-DE-ROCA__.jpg","type":"image\/jpeg"}],"twitter_card":"summary_large_image","twitter_misc":{"Verf\u00fcgbarkeit":"Auf Lager"},"schema":{"@context":"https:\/\/schema.org","@graph":[{"@type":["WebPage","ItemPage"],"@id":"https:\/\/www.alquera.com\/alumbre-en-polvo\/","url":"https:\/\/www.alquera.com\/alumbre-en-polvo\/","name":"Stein-Alaun-Pulver: Online kaufen - Alquera.com","isPartOf":{"@id":"https:\/\/www.alquera.com\/en\/#website"},"primaryImageOfPage":{"@id":"https:\/\/www.alquera.com\/alumbre-en-polvo\/#primaryimage"},"image":{"@id":"https:\/\/www.alquera.com\/alumbre-en-polvo\/#primaryimage"},"thumbnailUrl":"https:\/\/www.alquera.com\/wp-content\/uploads\/2020\/09\/ALUMBRE-DE-ROCA__.jpg","datePublished":"2020-09-10T15:54:00+00:00","dateModified":"2026-05-03T10:16:03+00:00","description":"LIEFERUNG IN 24\/48H. Kaufen Sie Stein-Alaun oder Kalium-Alaun im Online Shop von Alquera. Kosmetika, Kristalle.","breadcrumb":{"@id":"https:\/\/www.alquera.com\/alumbre-en-polvo\/#breadcrumb"},"inLanguage":"de","potentialAction":[{"@type":"ReadAction","target":["https:\/\/www.alquera.com\/alumbre-en-polvo\/"]}]},{"@type":"ImageObject","inLanguage":"de","@id":"https:\/\/www.alquera.com\/alumbre-en-polvo\/#primaryimage","url":"https:\/\/www.alquera.com\/wp-content\/uploads\/2020\/09\/ALUMBRE-DE-ROCA__.jpg","contentUrl":"https:\/\/www.alquera.com\/wp-content\/uploads\/2020\/09\/ALUMBRE-DE-ROCA__.jpg","width":776,"height":800,"caption":"Alumbre de roca"},{"@type":"BreadcrumbList","@id":"https:\/\/www.alquera.com\/alumbre-en-polvo\/#breadcrumb","itemListElement":[{"@type":"ListItem","position":1,"name":"Inicio","item":"https:\/\/www.alquera.com\/"},{"@type":"ListItem","position":2,"name":"Alquera.com: Tienda Online de Productos Qu\u00edmicos y Material de Laboratorio","item":"https:\/\/www.alquera.com\/en\/tienda\/"},{"@type":"ListItem","position":3,"name":"Alumbre de Roca en Polvo"}]},{"@type":"WebSite","@id":"https:\/\/www.alquera.com\/en\/#website","url":"https:\/\/www.alquera.com\/en\/","name":"Alquera.com","description":"Online Shop Chemische Produkte und Laborger\u00e4te","publisher":{"@id":"https:\/\/www.alquera.com\/en\/#organization"},"potentialAction":[{"@type":"SearchAction","target":{"@type":"EntryPoint","urlTemplate":"https:\/\/www.alquera.com\/en\/?s={search_term_string}"},"query-input":{"@type":"PropertyValueSpecification","valueRequired":true,"valueName":"search_term_string"}}],"inLanguage":"de"},{"@type":"Organization","@id":"https:\/\/www.alquera.com\/en\/#organization","name":"ALQUERA CIENCIA SL","url":"https:\/\/www.alquera.com\/en\/","logo":{"@type":"ImageObject","inLanguage":"de","@id":"https:\/\/www.alquera.com\/en\/#\/schema\/logo\/image\/","url":"https:\/\/www.alquera.com\/wp-content\/uploads\/2020\/11\/logo_300_ancho.png","contentUrl":"https:\/\/www.alquera.com\/wp-content\/uploads\/2020\/11\/logo_300_ancho.png","width":300,"height":86,"caption":"ALQUERA CIENCIA SL"},"image":{"@id":"https:\/\/www.alquera.com\/en\/#\/schema\/logo\/image\/"},"sameAs":["https:\/\/www.facebook.com\/alqueraciencia","https:\/\/www.instagram.com\/alquera_ciencia\/","https:\/\/www.youtube.com\/c\/alquera"]}]},"og_availability":"instock","product_availability":"instock","product_retailer_item_id":"ALCS21","product_condition":"new"},"_links":{"self":[{"href":"https:\/\/www.alquera.com\/de\/wp-json\/wp\/v2\/product\/1266","targetHints":{"allow":["GET"]}}],"collection":[{"href":"https:\/\/www.alquera.com\/de\/wp-json\/wp\/v2\/product"}],"about":[{"href":"https:\/\/www.alquera.com\/de\/wp-json\/wp\/v2\/types\/product"}],"replies":[{"embeddable":true,"href":"https:\/\/www.alquera.com\/de\/wp-json\/wp\/v2\/comments?post=1266"}],"wp:featuredmedia":[{"embeddable":true,"href":"https:\/\/www.alquera.com\/de\/wp-json\/wp\/v2\/media\/8392"}],"wp:attachment":[{"href":"https:\/\/www.alquera.com\/de\/wp-json\/wp\/v2\/media?parent=1266"}],"wp:term":[{"taxonomy":"product_brand","embeddable":true,"href":"https:\/\/www.alquera.com\/de\/wp-json\/wp\/v2\/product_brand?post=1266"},{"taxonomy":"product_cat","embeddable":true,"href":"https:\/\/www.alquera.com\/de\/wp-json\/wp\/v2\/product_cat?post=1266"},{"taxonomy":"product_tag","embeddable":true,"href":"https:\/\/www.alquera.com\/de\/wp-json\/wp\/v2\/product_tag?post=1266"}],"curies":[{"name":"wp","href":"https:\/\/api.w.org\/{rel}","templated":true}]}}