{"id":1267,"date":"2020-09-16T13:11:11","date_gmt":"2020-09-16T13:11:11","guid":{"rendered":"http:\/\/localhost\/alquera\/productos\/producto\/sulfato-de-potasio\/"},"modified":"2026-04-17T02:00:12","modified_gmt":"2026-04-17T02:00:12","slug":"sulfato-de-potasio","status":"publish","type":"product","link":"https:\/\/www.alquera.com\/de\/sulfato-de-potasio\/","title":{"rendered":"Kaliumsulfat"},"content":{"rendered":"<p>Die <strong>Kaliumsulfat<\/strong> oder Kaliumsulfat ist eine chemische Verbindung mit der Formel <strong>K2SO4<\/strong>das als wei\u00dfes Pulver oder in Form von Granulat aufgemacht ist. Kaliumsulfat wird haupts\u00e4chlich als D\u00fcngemittel f\u00fcr Pflanzen verwendet. Kalium (K) ist einer der wichtigsten Pflanzenn\u00e4hrstoffe, und Kaliumsulfat ist die wichtigste Form von Kaliumsulfat. Kaliumsulfat ist ein lockeres, kristallines Produkt, das sich schnell in Wasser aufl\u00f6st, ohne R\u00fcckst\u00e4nde zu hinterlassen. Es kann mit jedem Bew\u00e4sserungssystem ausgebracht werden. Es ist f\u00fcr alle Arten von Pflanzen in Entwicklungsstadien mit hohem Kalium- und geringem Stickstoffbedarf geeignet.<\/p>\n<h2>IDENTIFIZIERUNG UND EIGENSCHAFTEN<\/h2>\n<p><strong>Name:<\/strong> Kaliumsulfat<br \/>\n<strong>Synonyme:<\/strong> Arkanit, Kaliumsulfat, Dikaliumsalz der Schwefels\u00e4ure, Di-Kaliumsulfat, Kaliumsulfat<br \/>\n<strong>Chemische Formel:<\/strong> K2SO4<br \/>\n<strong>CAS :<\/strong> 7778-80-5<br \/>\n<strong>EC :<\/strong> 231-915-5<\/p>\n<ul>\n<li>Physikalischer Zustand bei 20\u00baC: fest<\/li>\n<li>Erscheinungsbild: kristallin<\/li>\n<li>Farbe: Farblos<\/li>\n<li>Geruch: Geruchlos<\/li>\n<li>Siedepunkt\/Siedebereich bei atmosph\u00e4rischem Druck: 1689\u00baC<\/li>\n<li>Schmelzpunkt: 1067\u00baC<\/li>\n<li>Relative Dichte: 2,66<\/li>\n<li>L\u00f6slichkeit: 120 g\/l bei 20\u00baC; l\u00f6slich in kaltem Wasser<\/li>\n<li>Verteilungskoeffizient (n-Octanol\/Wasser) 20\u00baC: &lt;1<\/li>\n<li>Explosive Eigenschaften: Nicht explosionsgef\u00e4hrlich.<\/li>\n<\/ul>\n<h2>VERWENDET KALIUMSULFAT<\/h2>\n<p>Informationen \u00fcber die Verwendung von Kaliumsulfat finden Sie hier: <a href=\"https:\/\/www.alquera.com\/de\/sulfato-de-potasio\/usos\/\" target=\"_blank\" rel=\"noopener noreferrer\">Verwendungen von Kaliumsulfat<\/a><\/p>","protected":false},"excerpt":{"rendered":"<p>Kaufen Sie Kaliumsulfat in Verpackungen von 250g, 1Kg, 5Kg und 25Kg. Den Preis f\u00fcr die verschiedenen Formate von Kaliumsulfat k\u00f6nnen Sie sehen, wenn Sie das gew\u00fcnschte Format ausw\u00e4hlen. Weit verbreitet als D\u00fcngemittel f\u00fcr Trockenpflanzen oder als D\u00fcngemittel f\u00fcr Aquarienpflanzen. Vielleicht interessieren Sie sich auch f\u00fcr die <a href=\"https:\/\/www.alquera.com\/de\/nitrato-de-potasio\/\">Kaliumnitrat<\/a> und die <a href=\"https:\/\/www.alquera.com\/de\/fosfato-monopotasico\/\">Monokaliumphosphat<\/a>. Im Falle der Verwendung f\u00fcr Kompostieranlagen k\u00f6nnen Sie sich f\u00fcr die <a href=\"https:\/\/www.alquera.com\/de\/pack-acuario\/\">Aquarienpackung<\/a>. Die Bestellung wird direkt auf der Website aufgegeben, wobei die angegebenen Schritte befolgt werden, und die Lieferung erfolgt innerhalb von 24\/48 Stunden.<\/p>","protected":false},"featured_media":198,"comment_status":"open","ping_status":"closed","template":"","meta":{"_acf_changed":false,"site-sidebar-layout":"default","site-content-layout":"default","ast-site-content-layout":"default","site-content-style":"default","site-sidebar-style":"default","ast-global-header-display":"","ast-banner-title-visibility":"","ast-main-header-display":"","ast-hfb-above-header-display":"","ast-hfb-below-header-display":"","ast-hfb-mobile-header-display":"","site-post-title":"","ast-breadcrumbs-content":"","ast-featured-img":"","footer-sml-layout":"","ast-disable-related-posts":"","theme-transparent-header-meta":"default","adv-header-id-meta":"","stick-header-meta":"default","header-above-stick-meta":"","header-main-stick-meta":"","header-below-stick-meta":"","astra-migrate-meta-layouts":"set","ast-page-background-enabled":"default","ast-page-background-meta":{"desktop":{"background-color":"var(--ast-global-color-4)","background-image":"","background-repeat":"repeat","background-position":"center center","background-size":"auto","background-attachment":"scroll","background-type":"","background-media":"","overlay-type":"","overlay-color":"","overlay-opacity":"","overlay-gradient":""},"tablet":{"background-color":"","background-image":"","background-repeat":"repeat","background-position":"center center","background-size":"auto","background-attachment":"scroll","background-type":"","background-media":"","overlay-type":"","overlay-color":"","overlay-opacity":"","overlay-gradient":""},"mobile":{"background-color":"","background-image":"","background-repeat":"repeat","background-position":"center center","background-size":"auto","background-attachment":"scroll","background-type":"","background-media":"","overlay-type":"","overlay-color":"","overlay-opacity":"","overlay-gradient":""}},"ast-content-background-meta":{"desktop":{"background-color":"var(--ast-global-color-5)","background-image":"","background-repeat":"repeat","background-position":"center center","background-size":"auto","background-attachment":"scroll","background-type":"","background-media":"","overlay-type":"","overlay-color":"","overlay-opacity":"","overlay-gradient":""},"tablet":{"background-color":"var(--ast-global-color-5)","background-image":"","background-repeat":"repeat","background-position":"center center","background-size":"auto","background-attachment":"scroll","background-type":"","background-media":"","overlay-type":"","overlay-color":"","overlay-opacity":"","overlay-gradient":""},"mobile":{"background-color":"var(--ast-global-color-5)","background-image":"","background-repeat":"repeat","background-position":"center center","background-size":"auto","background-attachment":"scroll","background-type":"","background-media":"","overlay-type":"","overlay-color":"","overlay-opacity":"","overlay-gradient":""}}},"product_brand":[],"product_cat":[213],"product_tag":[],"class_list":{"0":"post-1267","1":"product","2":"type-product","3":"status-publish","4":"has-post-thumbnail","6":"product_cat-agroquimicos","7":"pa_cantidad-250g","8":"pa_cantidad-1kg","9":"pa_cantidad-5kg","10":"pa_cantidad-25kg","11":"desktop-align-left","12":"tablet-align-left","13":"mobile-align-left","14":"ast-product-gallery-layout-horizontal-slider","15":"ast-magnify-disabled","16":"ast-product-single-variable","17":"ast-product-tabs-layout-horizontal","18":"ast-qv-on-image","20":"first","21":"instock","22":"taxable","23":"shipping-taxable","24":"purchasable","25":"product-type-variable","26":"has-default-attributes"},"acf":[],"yoast_head":"<!-- This site is optimized with the Yoast SEO Premium plugin v27.1 (Yoast SEO v27.1.1) - https:\/\/yoast.com\/product\/yoast-seo-premium-wordpress\/ -->\n<title>Sulfato de Potasio: Comprar - Alquera.com<\/title>\n<meta name=\"description\" content=\"ENV\u00cdOS 24\/48H Comprar Sulfato de Potasio en Alquera. El sulfato de potasio soluble da aporte de potasio que necesitan las plantas.\" \/>\n<meta name=\"robots\" content=\"index, follow, max-snippet:-1, max-image-preview:large, max-video-preview:-1\" \/>\n<link rel=\"canonical\" href=\"https:\/\/www.alquera.com\/de\/sulfato-de-potasio\/\" \/>\n<meta property=\"og:locale\" content=\"de_DE\" \/>\n<meta property=\"og:type\" content=\"article\" \/>\n<meta property=\"og:title\" content=\"Sulfato de Potasio: Comprar Online - Alquera.com\" \/>\n<meta property=\"og:description\" content=\"ENV\u00cdOS 24\/48H Comprar Sulfato de Potasio en Alquera. El sulfato de potasio soluble da aporte de potasio que necesitan las plantas.\" \/>\n<meta property=\"og:url\" content=\"https:\/\/www.alquera.com\/de\/sulfato-de-potasio\/\" \/>\n<meta property=\"og:site_name\" content=\"Alquera.com\" \/>\n<meta property=\"article:publisher\" content=\"https:\/\/www.facebook.com\/alqueraciencia\" \/>\n<meta property=\"article:modified_time\" content=\"2026-04-17T02:00:12+00:00\" \/>\n<meta property=\"og:image\" content=\"https:\/\/www.alquera.com\/wp-content\/uploads\/2020\/09\/SULFATO-DE-POTASIO-1KG.jpg\" \/>\n\t<meta property=\"og:image:width\" content=\"800\" \/>\n\t<meta property=\"og:image:height\" content=\"800\" \/>\n\t<meta property=\"og:image:type\" content=\"image\/jpeg\" \/>\n<meta name=\"twitter:card\" content=\"summary_large_image\" \/>\n<meta name=\"twitter:label1\" content=\"Verf\u00fcgbarkeit\" \/>\n\t<meta name=\"twitter:data1\" content=\"Auf Lager\" \/>\n<script type=\"application\/ld+json\" class=\"yoast-schema-graph\">{\"@context\":\"https:\/\/schema.org\",\"@graph\":[{\"@type\":[\"WebPage\",\"ItemPage\"],\"@id\":\"https:\/\/www.alquera.com\/sulfato-de-potasio\/\",\"url\":\"https:\/\/www.alquera.com\/sulfato-de-potasio\/\",\"name\":\"Sulfato de Potasio: Comprar - Alquera.com\",\"isPartOf\":{\"@id\":\"https:\/\/www.alquera.com\/en\/#website\"},\"primaryImageOfPage\":{\"@id\":\"https:\/\/www.alquera.com\/sulfato-de-potasio\/#primaryimage\"},\"image\":{\"@id\":\"https:\/\/www.alquera.com\/sulfato-de-potasio\/#primaryimage\"},\"thumbnailUrl\":\"https:\/\/www.alquera.com\/wp-content\/uploads\/2020\/09\/SULFATO-DE-POTASIO-1KG.jpg\",\"datePublished\":\"2020-09-16T13:11:11+00:00\",\"dateModified\":\"2026-04-17T02:00:12+00:00\",\"description\":\"ENV\u00cdOS 24\/48H Comprar Sulfato de Potasio en Alquera. El sulfato de potasio soluble da aporte de potasio que necesitan las plantas.\",\"breadcrumb\":{\"@id\":\"https:\/\/www.alquera.com\/sulfato-de-potasio\/#breadcrumb\"},\"inLanguage\":\"de\",\"potentialAction\":[{\"@type\":\"ReadAction\",\"target\":[\"https:\/\/www.alquera.com\/sulfato-de-potasio\/\"]}]},{\"@type\":\"ImageObject\",\"inLanguage\":\"de\",\"@id\":\"https:\/\/www.alquera.com\/sulfato-de-potasio\/#primaryimage\",\"url\":\"https:\/\/www.alquera.com\/wp-content\/uploads\/2020\/09\/SULFATO-DE-POTASIO-1KG.jpg\",\"contentUrl\":\"https:\/\/www.alquera.com\/wp-content\/uploads\/2020\/09\/SULFATO-DE-POTASIO-1KG.jpg\",\"width\":800,\"height\":800,\"caption\":\"sulfato de potasio\"},{\"@type\":\"BreadcrumbList\",\"@id\":\"https:\/\/www.alquera.com\/sulfato-de-potasio\/#breadcrumb\",\"itemListElement\":[{\"@type\":\"ListItem\",\"position\":1,\"name\":\"Inicio\",\"item\":\"https:\/\/www.alquera.com\/\"},{\"@type\":\"ListItem\",\"position\":2,\"name\":\"Alquera.com: Tienda Online de Productos Qu\u00edmicos y Material de Laboratorio\",\"item\":\"https:\/\/www.alquera.com\/en\/tienda\/\"},{\"@type\":\"ListItem\",\"position\":3,\"name\":\"Sulfato de Potasio\"}]},{\"@type\":\"WebSite\",\"@id\":\"https:\/\/www.alquera.com\/en\/#website\",\"url\":\"https:\/\/www.alquera.com\/en\/\",\"name\":\"Alquera.com\",\"description\":\"Tienda Online Productos Qu\u00edmicos y Material de Laboratorio\",\"publisher\":{\"@id\":\"https:\/\/www.alquera.com\/en\/#organization\"},\"potentialAction\":[{\"@type\":\"SearchAction\",\"target\":{\"@type\":\"EntryPoint\",\"urlTemplate\":\"https:\/\/www.alquera.com\/en\/?s={search_term_string}\"},\"query-input\":{\"@type\":\"PropertyValueSpecification\",\"valueRequired\":true,\"valueName\":\"search_term_string\"}}],\"inLanguage\":\"de\"},{\"@type\":\"Organization\",\"@id\":\"https:\/\/www.alquera.com\/en\/#organization\",\"name\":\"ALQUERA CIENCIA SL\",\"url\":\"https:\/\/www.alquera.com\/en\/\",\"logo\":{\"@type\":\"ImageObject\",\"inLanguage\":\"de\",\"@id\":\"https:\/\/www.alquera.com\/en\/#\/schema\/logo\/image\/\",\"url\":\"https:\/\/www.alquera.com\/wp-content\/uploads\/2020\/11\/logo_300_ancho.png\",\"contentUrl\":\"https:\/\/www.alquera.com\/wp-content\/uploads\/2020\/11\/logo_300_ancho.png\",\"width\":300,\"height\":86,\"caption\":\"ALQUERA CIENCIA SL\"},\"image\":{\"@id\":\"https:\/\/www.alquera.com\/en\/#\/schema\/logo\/image\/\"},\"sameAs\":[\"https:\/\/www.facebook.com\/alqueraciencia\",\"https:\/\/www.instagram.com\/alquera_ciencia\/\",\"https:\/\/www.youtube.com\/c\/alquera\"]}]}<\/script>\n<meta property=\"product:brand\" content=\"Alquera\" \/>\n<meta property=\"og:availability\" content=\"instock\" \/>\n<meta property=\"product:availability\" content=\"instock\" \/>\n<meta property=\"product:retailer_item_id\" content=\"QK-6G29-PBDS\" \/>\n<meta property=\"product:condition\" content=\"new\" \/>\n<!-- \/ Yoast SEO Premium plugin. -->","yoast_head_json":{"title":"Kaliumsulfat: Kaufen - Alquera.com","description":"24\/48H SHIPPING Kaufen Sie Kaliumsulfat in Alquera. Das l\u00f6sliche Kaliumsulfat liefert das von den Pflanzen ben\u00f6tigte Kalium.","robots":{"index":"index","follow":"follow","max-snippet":"max-snippet:-1","max-image-preview":"max-image-preview:large","max-video-preview":"max-video-preview:-1"},"canonical":"https:\/\/www.alquera.com\/de\/sulfato-de-potasio\/","og_locale":"de_DE","og_type":"article","og_title":"Sulfato de Potasio: Comprar Online - Alquera.com","og_description":"ENV\u00cdOS 24\/48H Comprar Sulfato de Potasio en Alquera. El sulfato de potasio soluble da aporte de potasio que necesitan las plantas.","og_url":"https:\/\/www.alquera.com\/de\/sulfato-de-potasio\/","og_site_name":"Alquera.com","article_publisher":"https:\/\/www.facebook.com\/alqueraciencia","article_modified_time":"2026-04-17T02:00:12+00:00","og_image":[{"width":800,"height":800,"url":"https:\/\/www.alquera.com\/wp-content\/uploads\/2020\/09\/SULFATO-DE-POTASIO-1KG.jpg","type":"image\/jpeg"}],"twitter_card":"summary_large_image","twitter_misc":{"Verf\u00fcgbarkeit":"Auf Lager"},"schema":{"@context":"https:\/\/schema.org","@graph":[{"@type":["WebPage","ItemPage"],"@id":"https:\/\/www.alquera.com\/sulfato-de-potasio\/","url":"https:\/\/www.alquera.com\/sulfato-de-potasio\/","name":"Kaliumsulfat: Kaufen - Alquera.com","isPartOf":{"@id":"https:\/\/www.alquera.com\/en\/#website"},"primaryImageOfPage":{"@id":"https:\/\/www.alquera.com\/sulfato-de-potasio\/#primaryimage"},"image":{"@id":"https:\/\/www.alquera.com\/sulfato-de-potasio\/#primaryimage"},"thumbnailUrl":"https:\/\/www.alquera.com\/wp-content\/uploads\/2020\/09\/SULFATO-DE-POTASIO-1KG.jpg","datePublished":"2020-09-16T13:11:11+00:00","dateModified":"2026-04-17T02:00:12+00:00","description":"24\/48H SHIPPING Kaufen Sie Kaliumsulfat in Alquera. Das l\u00f6sliche Kaliumsulfat liefert das von den Pflanzen ben\u00f6tigte Kalium.","breadcrumb":{"@id":"https:\/\/www.alquera.com\/sulfato-de-potasio\/#breadcrumb"},"inLanguage":"de","potentialAction":[{"@type":"ReadAction","target":["https:\/\/www.alquera.com\/sulfato-de-potasio\/"]}]},{"@type":"ImageObject","inLanguage":"de","@id":"https:\/\/www.alquera.com\/sulfato-de-potasio\/#primaryimage","url":"https:\/\/www.alquera.com\/wp-content\/uploads\/2020\/09\/SULFATO-DE-POTASIO-1KG.jpg","contentUrl":"https:\/\/www.alquera.com\/wp-content\/uploads\/2020\/09\/SULFATO-DE-POTASIO-1KG.jpg","width":800,"height":800,"caption":"sulfato de potasio"},{"@type":"BreadcrumbList","@id":"https:\/\/www.alquera.com\/sulfato-de-potasio\/#breadcrumb","itemListElement":[{"@type":"ListItem","position":1,"name":"Inicio","item":"https:\/\/www.alquera.com\/"},{"@type":"ListItem","position":2,"name":"Alquera.com: Tienda Online de Productos Qu\u00edmicos y Material de Laboratorio","item":"https:\/\/www.alquera.com\/en\/tienda\/"},{"@type":"ListItem","position":3,"name":"Sulfato de Potasio"}]},{"@type":"WebSite","@id":"https:\/\/www.alquera.com\/en\/#website","url":"https:\/\/www.alquera.com\/en\/","name":"Alquera.com","description":"Online Shop Chemische Produkte und Laborger\u00e4te","publisher":{"@id":"https:\/\/www.alquera.com\/en\/#organization"},"potentialAction":[{"@type":"SearchAction","target":{"@type":"EntryPoint","urlTemplate":"https:\/\/www.alquera.com\/en\/?s={search_term_string}"},"query-input":{"@type":"PropertyValueSpecification","valueRequired":true,"valueName":"search_term_string"}}],"inLanguage":"de"},{"@type":"Organization","@id":"https:\/\/www.alquera.com\/en\/#organization","name":"ALQUERA CIENCIA SL","url":"https:\/\/www.alquera.com\/en\/","logo":{"@type":"ImageObject","inLanguage":"de","@id":"https:\/\/www.alquera.com\/en\/#\/schema\/logo\/image\/","url":"https:\/\/www.alquera.com\/wp-content\/uploads\/2020\/11\/logo_300_ancho.png","contentUrl":"https:\/\/www.alquera.com\/wp-content\/uploads\/2020\/11\/logo_300_ancho.png","width":300,"height":86,"caption":"ALQUERA CIENCIA SL"},"image":{"@id":"https:\/\/www.alquera.com\/en\/#\/schema\/logo\/image\/"},"sameAs":["https:\/\/www.facebook.com\/alqueraciencia","https:\/\/www.instagram.com\/alquera_ciencia\/","https:\/\/www.youtube.com\/c\/alquera"]}]},"product_brand":"Alquera","og_availability":"instock","product_availability":"instock","product_retailer_item_id":"QK-6G29-PBDS","product_condition":"new"},"_links":{"self":[{"href":"https:\/\/www.alquera.com\/de\/wp-json\/wp\/v2\/product\/1267","targetHints":{"allow":["GET"]}}],"collection":[{"href":"https:\/\/www.alquera.com\/de\/wp-json\/wp\/v2\/product"}],"about":[{"href":"https:\/\/www.alquera.com\/de\/wp-json\/wp\/v2\/types\/product"}],"replies":[{"embeddable":true,"href":"https:\/\/www.alquera.com\/de\/wp-json\/wp\/v2\/comments?post=1267"}],"wp:featuredmedia":[{"embeddable":true,"href":"https:\/\/www.alquera.com\/de\/wp-json\/wp\/v2\/media\/198"}],"wp:attachment":[{"href":"https:\/\/www.alquera.com\/de\/wp-json\/wp\/v2\/media?parent=1267"}],"wp:term":[{"taxonomy":"product_brand","embeddable":true,"href":"https:\/\/www.alquera.com\/de\/wp-json\/wp\/v2\/product_brand?post=1267"},{"taxonomy":"product_cat","embeddable":true,"href":"https:\/\/www.alquera.com\/de\/wp-json\/wp\/v2\/product_cat?post=1267"},{"taxonomy":"product_tag","embeddable":true,"href":"https:\/\/www.alquera.com\/de\/wp-json\/wp\/v2\/product_tag?post=1267"}],"curies":[{"name":"wp","href":"https:\/\/api.w.org\/{rel}","templated":true}]}}