{"id":1275,"date":"2020-09-18T18:07:22","date_gmt":"2020-09-18T18:07:22","guid":{"rendered":"http:\/\/localhost\/alquera\/productos\/producto\/fosfato-monopotasico\/"},"modified":"2026-04-26T14:13:05","modified_gmt":"2026-04-26T14:13:05","slug":"fosfato-monopotasico","status":"publish","type":"product","link":"https:\/\/www.alquera.com\/de\/fosfato-monopotasico\/","title":{"rendered":"Monokaliumphosphat"},"content":{"rendered":"<p>Monokaliumphosphat, auch bekannt als MKP, ist ein D\u00fcngemittel, das zur Versorgung der Pflanzen mit Phosphor und Kalium verwendet wird. Es ist die Grundlage vieler D\u00fcngemittel und ist sehr gut wasserl\u00f6slich. Neben dem Monokaliumphosphat werden auch Kaliumsulfat und Kaliumnitrat verwendet. Phosphor ist einer der 12 essentiellen N\u00e4hrstoffe f\u00fcr das Wachstum und die Entwicklung von Pflanzen und einer der 3 wichtigsten Makron\u00e4hrstoffe.<\/p>\n<h2>IDENTIFIZIERUNG UND EIGENSCHAFTEN<\/h2>\n<p><strong>Name:<\/strong> Monokaliumphosphat<br \/>\n<strong>Synonyme:<\/strong> Kaliumdihydrogenorthophosphat<br \/>\n<strong>Chemische Formel:<\/strong> KH2PO4<br \/>\n<strong>EC:<\/strong> 231-913-4<br \/>\n<strong>CAS :<\/strong> 7778-77-0<\/p>\n<ul>\n<li>Physikalischer Zustand: Fest (kristallin)<\/li>\n<li>Farbe: Wei\u00df<\/li>\n<li>Geruch: Geruchlos<\/li>\n<li>Schmelzpunkt\/Gefrierpunkt: 253\u00baC<\/li>\n<li>Anfangssiedepunkt und Siedebereich: &gt;450\u00baC<\/li>\n<li>Entflammbarkeit (fest\/gasf\u00f6rmig): Nicht entflammbar<\/li>\n<li>L\u00f6slichkeit(en): Leicht l\u00f6slich in den folgenden Stoffen: kaltes Wasser<\/li>\n<li>L\u00f6slichkeit in Wasser: &gt;100 g\/l @ 20\u00baC<\/li>\n<li>Explosive Eigenschaften: Keine<\/li>\n<\/ul>\n<h2>ANWENDUNGEN<\/h2>\n<ul>\n<li>Industrielle Verwendung zur Herstellung chemischer Mischungen<\/li>\n<li>Professionelle Aufbereitung von D\u00fcngemittelprodukten<\/li>\n<li>Professionelle Verwendung als Wirtschaftsd\u00fcnger: Verladung und Ausbringung.<\/li>\n<li>Professionelle Verwendung als D\u00fcngemittel in Gew\u00e4chsh\u00e4usern.<\/li>\n<li>Professionelle Verwendung als Fl\u00fcssigd\u00fcnger im Freiland (z. B. Fertigation).<\/li>\n<li>Professionelle Verwendung als D\u00fcngemittel: Wartung der Ger\u00e4te.<\/li>\n<\/ul>\n<h2>SICHERHEITSDATENBLATT<\/h2>\n<p>Laden Sie das Sicherheitsdatenblatt f\u00fcr MKP-Phosphat herunter: <a href=\"https:\/\/www.alquera.com\/de\/?attachment_id=32539\" rel=\"attachment wp-att-32539\">MSDS MONOKALIUMPHOSPHAT<\/a><\/p>\n<h3>ANDERE INFORMATIONEN VON INTERESSE<\/h3>\n<p>Informationen zur Pflanzenern\u00e4hrung je nach Kulturart: <a href=\"https:\/\/www.yara.es\/nutricion-vegetal\/cultivos\/\" target=\"_blank\" rel=\"noopener noreferrer\">D\u00fcngemittel - Kulturpflanzen<\/a><\/p>\n<p>&nbsp;<\/p>","protected":false},"excerpt":{"rendered":"<p><strong>Monokaliumphosphat kaufen<\/strong>auch bekannt als MKP. Monokaliumphosphat ist ein D\u00fcngemittel, das zur Versorgung der Pflanzen mit Phosphor und Kalium verwendet wird. Es ist die Grundlage vieler D\u00fcngemittel und ist sehr gut wasserl\u00f6slich. Neben dem Monokaliumphosphat wird es auch h\u00e4ufig als D\u00fcngemittel verwendet. <a href=\"https:\/\/www.alquera.com\/de\/sulfato-de-potasio\/\">Kaliumsulfat<\/a> und die <a href=\"https:\/\/www.alquera.com\/de\/nitrato-de-potasio\/\">Kaliumnitrat<\/a>. Im Falle von Aquarien haben wir eine <a href=\"https:\/\/www.alquera.com\/de\/pack-acuario\/\">Aquarienpackung<\/a> mit den 3 Hauptkomponenten. In Alquera k\u00f6nnen Sie Monokaliumphosphat in den Formaten 1 kg, 5 kg und 25 kg kaufen. Lieferungen in 24\/48h.<\/p>","protected":false},"featured_media":35830,"comment_status":"open","ping_status":"closed","template":"","meta":{"_acf_changed":false,"site-sidebar-layout":"default","site-content-layout":"default","ast-site-content-layout":"default","site-content-style":"default","site-sidebar-style":"default","ast-global-header-display":"","ast-banner-title-visibility":"","ast-main-header-display":"","ast-hfb-above-header-display":"","ast-hfb-below-header-display":"","ast-hfb-mobile-header-display":"","site-post-title":"","ast-breadcrumbs-content":"","ast-featured-img":"","footer-sml-layout":"","ast-disable-related-posts":"","theme-transparent-header-meta":"default","adv-header-id-meta":"","stick-header-meta":"default","header-above-stick-meta":"","header-main-stick-meta":"","header-below-stick-meta":"","astra-migrate-meta-layouts":"set","ast-page-background-enabled":"default","ast-page-background-meta":{"desktop":{"background-color":"var(--ast-global-color-4)","background-image":"","background-repeat":"repeat","background-position":"center center","background-size":"auto","background-attachment":"scroll","background-type":"","background-media":"","overlay-type":"","overlay-color":"","overlay-opacity":"","overlay-gradient":""},"tablet":{"background-color":"","background-image":"","background-repeat":"repeat","background-position":"center center","background-size":"auto","background-attachment":"scroll","background-type":"","background-media":"","overlay-type":"","overlay-color":"","overlay-opacity":"","overlay-gradient":""},"mobile":{"background-color":"","background-image":"","background-repeat":"repeat","background-position":"center center","background-size":"auto","background-attachment":"scroll","background-type":"","background-media":"","overlay-type":"","overlay-color":"","overlay-opacity":"","overlay-gradient":""}},"ast-content-background-meta":{"desktop":{"background-color":"var(--ast-global-color-5)","background-image":"","background-repeat":"repeat","background-position":"center center","background-size":"auto","background-attachment":"scroll","background-type":"","background-media":"","overlay-type":"","overlay-color":"","overlay-opacity":"","overlay-gradient":""},"tablet":{"background-color":"var(--ast-global-color-5)","background-image":"","background-repeat":"repeat","background-position":"center center","background-size":"auto","background-attachment":"scroll","background-type":"","background-media":"","overlay-type":"","overlay-color":"","overlay-opacity":"","overlay-gradient":""},"mobile":{"background-color":"var(--ast-global-color-5)","background-image":"","background-repeat":"repeat","background-position":"center center","background-size":"auto","background-attachment":"scroll","background-type":"","background-media":"","overlay-type":"","overlay-color":"","overlay-opacity":"","overlay-gradient":""}}},"product_brand":[],"product_cat":[213,21],"product_tag":[],"class_list":{"0":"post-1275","1":"product","2":"type-product","3":"status-publish","4":"has-post-thumbnail","6":"product_cat-agroquimicos","7":"product_cat-productos","8":"pa_cantidad-250g","9":"pa_cantidad-1kg","10":"pa_cantidad-5kg","11":"pa_cantidad-25kg","12":"desktop-align-left","13":"tablet-align-left","14":"mobile-align-left","15":"ast-product-gallery-layout-horizontal-slider","16":"ast-magnify-disabled","17":"ast-product-single-variable","18":"ast-product-tabs-layout-horizontal","19":"ast-qv-on-image","21":"first","22":"instock","23":"taxable","24":"shipping-taxable","25":"purchasable","26":"product-type-variable","27":"has-default-attributes"},"acf":[],"yoast_head":"<!-- This site is optimized with the Yoast SEO Premium plugin v27.1 (Yoast SEO v27.1.1) - https:\/\/yoast.com\/product\/yoast-seo-premium-wordpress\/ -->\n<title>Fosfato Monopot\u00e1sico: Comprar - Alquera.com<\/title>\n<meta name=\"description\" content=\"ENV\u00cdOS EN 24\/48H Comprar fosfato monopot\u00e1sico, como abono simple para plantas. Aporte de f\u00f3sforo para el crecimiento de las plantas.\" \/>\n<meta name=\"robots\" content=\"index, follow, max-snippet:-1, max-image-preview:large, max-video-preview:-1\" \/>\n<link rel=\"canonical\" href=\"https:\/\/www.alquera.com\/de\/fosfato-monopotasico\/\" \/>\n<meta property=\"og:locale\" content=\"de_DE\" \/>\n<meta property=\"og:type\" content=\"article\" \/>\n<meta property=\"og:title\" content=\"Fosfato Monopot\u00e1sico: Comprar Online - Alquera.com\" \/>\n<meta property=\"og:description\" content=\"ENV\u00cdOS EN 24\/48H Comprar fosfato monopot\u00e1sico, como abono simple para plantas. Aporte de f\u00f3sforo para el crecimiento de las plantas.\" \/>\n<meta property=\"og:url\" content=\"https:\/\/www.alquera.com\/de\/fosfato-monopotasico\/\" \/>\n<meta property=\"og:site_name\" content=\"Alquera.com\" \/>\n<meta property=\"article:publisher\" content=\"https:\/\/www.facebook.com\/alqueraciencia\" \/>\n<meta property=\"article:modified_time\" content=\"2026-04-26T14:13:05+00:00\" \/>\n<meta property=\"og:image\" content=\"https:\/\/www.alquera.com\/wp-content\/uploads\/2020\/09\/FOSFATO-MONOPOTASICO.png\" \/>\n\t<meta property=\"og:image:width\" content=\"800\" \/>\n\t<meta property=\"og:image:height\" content=\"800\" \/>\n\t<meta property=\"og:image:type\" content=\"image\/png\" \/>\n<meta name=\"twitter:card\" content=\"summary_large_image\" \/>\n<meta name=\"twitter:label1\" content=\"Verf\u00fcgbarkeit\" \/>\n\t<meta name=\"twitter:data1\" content=\"Auf Lager\" \/>\n<script type=\"application\/ld+json\" class=\"yoast-schema-graph\">{\"@context\":\"https:\/\/schema.org\",\"@graph\":[{\"@type\":[\"WebPage\",\"ItemPage\"],\"@id\":\"https:\/\/www.alquera.com\/fosfato-monopotasico\/\",\"url\":\"https:\/\/www.alquera.com\/fosfato-monopotasico\/\",\"name\":\"Fosfato Monopot\u00e1sico: Comprar - Alquera.com\",\"isPartOf\":{\"@id\":\"https:\/\/www.alquera.com\/en\/#website\"},\"primaryImageOfPage\":{\"@id\":\"https:\/\/www.alquera.com\/fosfato-monopotasico\/#primaryimage\"},\"image\":{\"@id\":\"https:\/\/www.alquera.com\/fosfato-monopotasico\/#primaryimage\"},\"thumbnailUrl\":\"https:\/\/www.alquera.com\/wp-content\/uploads\/2020\/09\/FOSFATO-MONOPOTASICO.png\",\"datePublished\":\"2020-09-18T18:07:22+00:00\",\"dateModified\":\"2026-04-26T14:13:05+00:00\",\"description\":\"ENV\u00cdOS EN 24\/48H Comprar fosfato monopot\u00e1sico, como abono simple para plantas. Aporte de f\u00f3sforo para el crecimiento de las plantas.\",\"breadcrumb\":{\"@id\":\"https:\/\/www.alquera.com\/fosfato-monopotasico\/#breadcrumb\"},\"inLanguage\":\"de\",\"potentialAction\":[{\"@type\":\"ReadAction\",\"target\":[\"https:\/\/www.alquera.com\/fosfato-monopotasico\/\"]}]},{\"@type\":\"ImageObject\",\"inLanguage\":\"de\",\"@id\":\"https:\/\/www.alquera.com\/fosfato-monopotasico\/#primaryimage\",\"url\":\"https:\/\/www.alquera.com\/wp-content\/uploads\/2020\/09\/FOSFATO-MONOPOTASICO.png\",\"contentUrl\":\"https:\/\/www.alquera.com\/wp-content\/uploads\/2020\/09\/FOSFATO-MONOPOTASICO.png\",\"width\":800,\"height\":800,\"caption\":\"FOSFATO MONOPOTASICO\"},{\"@type\":\"BreadcrumbList\",\"@id\":\"https:\/\/www.alquera.com\/fosfato-monopotasico\/#breadcrumb\",\"itemListElement\":[{\"@type\":\"ListItem\",\"position\":1,\"name\":\"Inicio\",\"item\":\"https:\/\/www.alquera.com\/\"},{\"@type\":\"ListItem\",\"position\":2,\"name\":\"Alquera.com: Tienda Online de Productos Qu\u00edmicos y Material de Laboratorio\",\"item\":\"https:\/\/www.alquera.com\/en\/tienda\/\"},{\"@type\":\"ListItem\",\"position\":3,\"name\":\"Fosfato Monopot\u00e1sico\"}]},{\"@type\":\"WebSite\",\"@id\":\"https:\/\/www.alquera.com\/en\/#website\",\"url\":\"https:\/\/www.alquera.com\/en\/\",\"name\":\"Alquera.com\",\"description\":\"Tienda Online Productos Qu\u00edmicos y Material de Laboratorio\",\"publisher\":{\"@id\":\"https:\/\/www.alquera.com\/en\/#organization\"},\"potentialAction\":[{\"@type\":\"SearchAction\",\"target\":{\"@type\":\"EntryPoint\",\"urlTemplate\":\"https:\/\/www.alquera.com\/en\/?s={search_term_string}\"},\"query-input\":{\"@type\":\"PropertyValueSpecification\",\"valueRequired\":true,\"valueName\":\"search_term_string\"}}],\"inLanguage\":\"de\"},{\"@type\":\"Organization\",\"@id\":\"https:\/\/www.alquera.com\/en\/#organization\",\"name\":\"ALQUERA CIENCIA SL\",\"url\":\"https:\/\/www.alquera.com\/en\/\",\"logo\":{\"@type\":\"ImageObject\",\"inLanguage\":\"de\",\"@id\":\"https:\/\/www.alquera.com\/en\/#\/schema\/logo\/image\/\",\"url\":\"https:\/\/www.alquera.com\/wp-content\/uploads\/2020\/11\/logo_300_ancho.png\",\"contentUrl\":\"https:\/\/www.alquera.com\/wp-content\/uploads\/2020\/11\/logo_300_ancho.png\",\"width\":300,\"height\":86,\"caption\":\"ALQUERA CIENCIA SL\"},\"image\":{\"@id\":\"https:\/\/www.alquera.com\/en\/#\/schema\/logo\/image\/\"},\"sameAs\":[\"https:\/\/www.facebook.com\/alqueraciencia\",\"https:\/\/www.instagram.com\/alquera_ciencia\/\",\"https:\/\/www.youtube.com\/c\/alquera\"]}]}<\/script>\n<meta property=\"product:brand\" content=\"Alquera\" \/>\n<meta property=\"og:availability\" content=\"instock\" \/>\n<meta property=\"product:availability\" content=\"instock\" \/>\n<meta property=\"product:retailer_item_id\" content=\"5Q-0EFL-N90V\" \/>\n<meta property=\"product:condition\" content=\"new\" \/>\n<!-- \/ Yoast SEO Premium plugin. -->","yoast_head_json":{"title":"Monokaliumphosphat: Kaufen - Alquera.com","description":"VERSAND IN 24\/48H Kaufen Sie Monokaliumphosphat als einfachen Pflanzend\u00fcnger. Es liefert Phosphor f\u00fcr das Pflanzenwachstum.","robots":{"index":"index","follow":"follow","max-snippet":"max-snippet:-1","max-image-preview":"max-image-preview:large","max-video-preview":"max-video-preview:-1"},"canonical":"https:\/\/www.alquera.com\/de\/fosfato-monopotasico\/","og_locale":"de_DE","og_type":"article","og_title":"Fosfato Monopot\u00e1sico: Comprar Online - Alquera.com","og_description":"ENV\u00cdOS EN 24\/48H Comprar fosfato monopot\u00e1sico, como abono simple para plantas. Aporte de f\u00f3sforo para el crecimiento de las plantas.","og_url":"https:\/\/www.alquera.com\/de\/fosfato-monopotasico\/","og_site_name":"Alquera.com","article_publisher":"https:\/\/www.facebook.com\/alqueraciencia","article_modified_time":"2026-04-26T14:13:05+00:00","og_image":[{"width":800,"height":800,"url":"https:\/\/www.alquera.com\/wp-content\/uploads\/2020\/09\/FOSFATO-MONOPOTASICO.png","type":"image\/png"}],"twitter_card":"summary_large_image","twitter_misc":{"Verf\u00fcgbarkeit":"Auf Lager"},"schema":{"@context":"https:\/\/schema.org","@graph":[{"@type":["WebPage","ItemPage"],"@id":"https:\/\/www.alquera.com\/fosfato-monopotasico\/","url":"https:\/\/www.alquera.com\/fosfato-monopotasico\/","name":"Monokaliumphosphat: Kaufen - Alquera.com","isPartOf":{"@id":"https:\/\/www.alquera.com\/en\/#website"},"primaryImageOfPage":{"@id":"https:\/\/www.alquera.com\/fosfato-monopotasico\/#primaryimage"},"image":{"@id":"https:\/\/www.alquera.com\/fosfato-monopotasico\/#primaryimage"},"thumbnailUrl":"https:\/\/www.alquera.com\/wp-content\/uploads\/2020\/09\/FOSFATO-MONOPOTASICO.png","datePublished":"2020-09-18T18:07:22+00:00","dateModified":"2026-04-26T14:13:05+00:00","description":"VERSAND IN 24\/48H Kaufen Sie Monokaliumphosphat als einfachen Pflanzend\u00fcnger. Es liefert Phosphor f\u00fcr das Pflanzenwachstum.","breadcrumb":{"@id":"https:\/\/www.alquera.com\/fosfato-monopotasico\/#breadcrumb"},"inLanguage":"de","potentialAction":[{"@type":"ReadAction","target":["https:\/\/www.alquera.com\/fosfato-monopotasico\/"]}]},{"@type":"ImageObject","inLanguage":"de","@id":"https:\/\/www.alquera.com\/fosfato-monopotasico\/#primaryimage","url":"https:\/\/www.alquera.com\/wp-content\/uploads\/2020\/09\/FOSFATO-MONOPOTASICO.png","contentUrl":"https:\/\/www.alquera.com\/wp-content\/uploads\/2020\/09\/FOSFATO-MONOPOTASICO.png","width":800,"height":800,"caption":"FOSFATO MONOPOTASICO"},{"@type":"BreadcrumbList","@id":"https:\/\/www.alquera.com\/fosfato-monopotasico\/#breadcrumb","itemListElement":[{"@type":"ListItem","position":1,"name":"Inicio","item":"https:\/\/www.alquera.com\/"},{"@type":"ListItem","position":2,"name":"Alquera.com: Tienda Online de Productos Qu\u00edmicos y Material de Laboratorio","item":"https:\/\/www.alquera.com\/en\/tienda\/"},{"@type":"ListItem","position":3,"name":"Fosfato Monopot\u00e1sico"}]},{"@type":"WebSite","@id":"https:\/\/www.alquera.com\/en\/#website","url":"https:\/\/www.alquera.com\/en\/","name":"Alquera.com","description":"Online Shop Chemische Produkte und Laborger\u00e4te","publisher":{"@id":"https:\/\/www.alquera.com\/en\/#organization"},"potentialAction":[{"@type":"SearchAction","target":{"@type":"EntryPoint","urlTemplate":"https:\/\/www.alquera.com\/en\/?s={search_term_string}"},"query-input":{"@type":"PropertyValueSpecification","valueRequired":true,"valueName":"search_term_string"}}],"inLanguage":"de"},{"@type":"Organization","@id":"https:\/\/www.alquera.com\/en\/#organization","name":"ALQUERA CIENCIA SL","url":"https:\/\/www.alquera.com\/en\/","logo":{"@type":"ImageObject","inLanguage":"de","@id":"https:\/\/www.alquera.com\/en\/#\/schema\/logo\/image\/","url":"https:\/\/www.alquera.com\/wp-content\/uploads\/2020\/11\/logo_300_ancho.png","contentUrl":"https:\/\/www.alquera.com\/wp-content\/uploads\/2020\/11\/logo_300_ancho.png","width":300,"height":86,"caption":"ALQUERA CIENCIA SL"},"image":{"@id":"https:\/\/www.alquera.com\/en\/#\/schema\/logo\/image\/"},"sameAs":["https:\/\/www.facebook.com\/alqueraciencia","https:\/\/www.instagram.com\/alquera_ciencia\/","https:\/\/www.youtube.com\/c\/alquera"]}]},"product_brand":"Alquera","og_availability":"instock","product_availability":"instock","product_retailer_item_id":"5Q-0EFL-N90V","product_condition":"new"},"_links":{"self":[{"href":"https:\/\/www.alquera.com\/de\/wp-json\/wp\/v2\/product\/1275","targetHints":{"allow":["GET"]}}],"collection":[{"href":"https:\/\/www.alquera.com\/de\/wp-json\/wp\/v2\/product"}],"about":[{"href":"https:\/\/www.alquera.com\/de\/wp-json\/wp\/v2\/types\/product"}],"replies":[{"embeddable":true,"href":"https:\/\/www.alquera.com\/de\/wp-json\/wp\/v2\/comments?post=1275"}],"wp:featuredmedia":[{"embeddable":true,"href":"https:\/\/www.alquera.com\/de\/wp-json\/wp\/v2\/media\/35830"}],"wp:attachment":[{"href":"https:\/\/www.alquera.com\/de\/wp-json\/wp\/v2\/media?parent=1275"}],"wp:term":[{"taxonomy":"product_brand","embeddable":true,"href":"https:\/\/www.alquera.com\/de\/wp-json\/wp\/v2\/product_brand?post=1275"},{"taxonomy":"product_cat","embeddable":true,"href":"https:\/\/www.alquera.com\/de\/wp-json\/wp\/v2\/product_cat?post=1275"},{"taxonomy":"product_tag","embeddable":true,"href":"https:\/\/www.alquera.com\/de\/wp-json\/wp\/v2\/product_tag?post=1275"}],"curies":[{"name":"wp","href":"https:\/\/api.w.org\/{rel}","templated":true}]}}