{"id":33043,"date":"2021-02-23T12:05:29","date_gmt":"2021-02-23T12:05:29","guid":{"rendered":"https:\/\/www.alquera.com\/?post_type=product&#038;p=33043"},"modified":"2026-04-01T18:25:47","modified_gmt":"2026-04-01T18:25:47","slug":"fluoresceina-sodica-al-1","status":"publish","type":"product","link":"https:\/\/www.alquera.com\/de\/fluoresceina-sodica-al-1\/","title":{"rendered":"Natrium-Fluorescein 1%"},"content":{"rendered":"<p>Fluorescein-Natrium in 1%-Wasserl\u00f6sung. Dieses Format erm\u00f6glicht eine bessere Handhabung des Fluoresceins, da es praktisch gebrauchsfertig ist, da es bereits aufgel\u00f6st ist.<\/p>\n<p>Wenn Sie Natriumfluorescein in Pulverform bevorzugen, finden Sie es hier: <a href=\"https:\/\/www.alquera.com\/de\/fluoresceina-sodica\/\">Fluorescein-Natrium-Pulver kaufen<\/a>.<\/p>\n<h2>IDENTIFIZIERUNG UND EIGENSCHAFTEN<\/h2>\n<p><strong>1.1 Produktidentifikator.<\/strong><\/p>\n<p>Name des Produkts: <strong>FLUORESCEIN-NATRIUM 1%<br \/>\n<\/strong><span style=\"font-size: 16px;\">Produktbezeichnung: ALQ0056<br \/>\n<\/span>Produkttyp: Gemisch. Kategorie: Fluoreszierende Tracer.<\/p>\n<p><strong>Aspekt:<br \/>\n<\/strong>Physikalischer Zustand (20\u00baC): fl\u00fcssig.<br \/>\nFarbe: ges\u00e4ttigtes Braun (in verd\u00fcnnter Form wird es zu dem f\u00fcr verd\u00fcnntes Natriumfluorescein charakteristischen tiefen Gelb)<br \/>\nGeruch: geruchlos.<br \/>\nGeruchsschwelle: Aufgrund der Beschaffenheit des Produkts nicht relevant, da es keine Informationen \u00fcber seine Gef\u00e4hrlichkeit liefert.<\/p>\n<p><strong>Volatilit\u00e4t:<br \/>\n<\/strong>Anfangspunkt\/Siedepunkt\/Siedebereich: \u2265100 \u00baC, w\u00e4ssrige L\u00f6sung (Sch\u00e4tzung auf Grundlage der Verordnung (EG) Nr. 1272\/2008 Angaben und Bestandteile).<\/p>\n<p><strong>Entflammbarkeit:<\/strong><\/p>\n<p>Entflammbarkeit: Dieses Material ist brennbar, aber nicht leicht entflammbar.<br \/>\nFlammpunkt: &gt;200 \u00b0C (Absch\u00e4tzungs-\/Berechnungsmethode (2.6.4.3)); Fluorescein 217,6 \u00b0C bei 967,3 hPa (ECHA, Methode mit geschlossenem Tiegel, Pensky-Martens).<br \/>\nSelbstentflammbarkeitstemperatur: N.A. Fluorescein ist nicht selbstentflammbar, zersetzt sich bei &gt;300\u00b0C (ECHA).<\/p>\n<p><strong>Produktmerkmale:<\/strong><\/p>\n<p>Schmelz-\/Gefrierpunkt: N.B. Als w\u00e4ssrige L\u00f6sung ist ein Gefrierpunkt von \u22640\u00baC zu erwarten.<br \/>\nWasserl\u00f6slichkeit: l\u00f6slich in Wasser (Fluoresceinl\u00f6slichkeit in Wasser &gt; 100 g\/l, 20 \u00b0C).<br \/>\nLipidl\u00f6slichkeit:N.D.<br \/>\nVerteilungskoeffizient (n-Oktanol\/Wasser) (logarithmischer Wert): N.A.; Fluorescein 0,34 (pH 7) (ECHA).<br \/>\nSch\u00fcttdichte: N.D.<br \/>\nRelative Dichte (Wasser=1): 0,8-1,0 (Sch\u00e4tzung auf der Grundlage der Bestandteile).<\/p>\n<h2>1% NATRIUM-FLUORESCEIN-DOSIS<\/h2>\n<p>Die Fluoreszeindosis ist je nach Anwendung des Fluoreszeins sehr unterschiedlich.<\/p>\n<p>Wenn Sie eine Wassermenge f\u00e4rben wollen, reichen 2 ml 1% Natriumfluorescein pro Liter Wasser aus. Wenn Sie einzelne Tropfen erkennen und von ungef\u00e4rbten Wassertropfen unterscheiden wollen, empfehlen wir mindestens 10 ml der L\u00f6sung pro Liter Wasser. Die Verwendung einer Taschenlampe oder eines UV-Lichts wird Ihnen helfen, das Leck zu finden.<\/p>\n<p>&nbsp;<\/p>","protected":false},"excerpt":{"rendered":"<p>Kaufen Sie Fluorescein-Natrium verd\u00fcnnt mit 1%. Das mit 1% verd\u00fcnnte 1%-Natrium-Fluorescein hat eine sehr hohe Konzentration und muss daher verd\u00fcnnt werden, um verwendet zu werden. Wie Sie auf dem Bild sehen k\u00f6nnen, reichen 2 ml 1%-Fluorescein aus, um 1 l Wasser zu f\u00e4rben. Wenn Sie m\u00f6chten, k\u00f6nnen Sie auch kaufen <a href=\"https:\/\/www.alquera.com\/de\/fluoresceina-sodica\/\">Fluorescein-Natrium-Pulver<\/a> und nehmen Sie die Vorabl\u00f6sung selbst vor. Die Bestellung wird direkt im Internet aufgegeben, wobei die angegebenen Schritte befolgt werden, und die Lieferung erfolgt innerhalb von 24\/48 Stunden.<\/p>","protected":false},"featured_media":33047,"comment_status":"open","ping_status":"closed","template":"","meta":{"_acf_changed":false,"site-sidebar-layout":"default","site-content-layout":"default","ast-site-content-layout":"default","site-content-style":"default","site-sidebar-style":"default","ast-global-header-display":"","ast-banner-title-visibility":"","ast-main-header-display":"","ast-hfb-above-header-display":"","ast-hfb-below-header-display":"","ast-hfb-mobile-header-display":"","site-post-title":"","ast-breadcrumbs-content":"","ast-featured-img":"","footer-sml-layout":"","ast-disable-related-posts":"","theme-transparent-header-meta":"default","adv-header-id-meta":"","stick-header-meta":"default","header-above-stick-meta":"","header-main-stick-meta":"","header-below-stick-meta":"","astra-migrate-meta-layouts":"set","ast-page-background-enabled":"default","ast-page-background-meta":{"desktop":{"background-color":"var(--ast-global-color-4)","background-image":"","background-repeat":"repeat","background-position":"center center","background-size":"auto","background-attachment":"scroll","background-type":"","background-media":"","overlay-type":"","overlay-color":"","overlay-opacity":"","overlay-gradient":""},"tablet":{"background-color":"","background-image":"","background-repeat":"repeat","background-position":"center center","background-size":"auto","background-attachment":"scroll","background-type":"","background-media":"","overlay-type":"","overlay-color":"","overlay-opacity":"","overlay-gradient":""},"mobile":{"background-color":"","background-image":"","background-repeat":"repeat","background-position":"center center","background-size":"auto","background-attachment":"scroll","background-type":"","background-media":"","overlay-type":"","overlay-color":"","overlay-opacity":"","overlay-gradient":""}},"ast-content-background-meta":{"desktop":{"background-color":"var(--ast-global-color-5)","background-image":"","background-repeat":"repeat","background-position":"center center","background-size":"auto","background-attachment":"scroll","background-type":"","background-media":"","overlay-type":"","overlay-color":"","overlay-opacity":"","overlay-gradient":""},"tablet":{"background-color":"var(--ast-global-color-5)","background-image":"","background-repeat":"repeat","background-position":"center center","background-size":"auto","background-attachment":"scroll","background-type":"","background-media":"","overlay-type":"","overlay-color":"","overlay-opacity":"","overlay-gradient":""},"mobile":{"background-color":"var(--ast-global-color-5)","background-image":"","background-repeat":"repeat","background-position":"center center","background-size":"auto","background-attachment":"scroll","background-type":"","background-media":"","overlay-type":"","overlay-color":"","overlay-opacity":"","overlay-gradient":""}}},"product_brand":[],"product_cat":[215],"product_tag":[],"class_list":{"0":"post-33043","1":"product","2":"type-product","3":"status-publish","4":"has-post-thumbnail","6":"product_cat-trazadores-fluorescentes","7":"pa_cantidad-125ml","8":"pa_cantidad-500ml","9":"desktop-align-left","10":"tablet-align-left","11":"mobile-align-left","12":"ast-product-gallery-layout-horizontal-slider","13":"ast-magnify-disabled","14":"ast-product-single-variable","15":"ast-product-tabs-layout-horizontal","16":"ast-qv-on-image","18":"first","19":"instock","20":"taxable","21":"shipping-taxable","22":"purchasable","23":"product-type-variable","24":"has-default-attributes"},"acf":[],"yoast_head":"<!-- This site is optimized with the Yoast SEO Premium plugin v27.1 (Yoast SEO v27.1.1) - https:\/\/yoast.com\/product\/yoast-seo-premium-wordpress\/ -->\n<title>Fluoresce\u00edna S\u00f3dica al 1%: Comprar Online - Alquera.com<\/title>\n<meta name=\"robots\" content=\"index, follow, max-snippet:-1, max-image-preview:large, max-video-preview:-1\" \/>\n<link rel=\"canonical\" href=\"https:\/\/www.alquera.com\/de\/fluoresceina-sodica-al-1\/\" \/>\n<meta property=\"og:locale\" content=\"de_DE\" \/>\n<meta property=\"og:type\" content=\"article\" \/>\n<meta property=\"og:title\" content=\"Fluoresce\u00edna S\u00f3dica al 1%: Comprar Online - Alquera.com\" \/>\n<meta property=\"og:description\" content=\"Comprar fluoresce\u00edna s\u00f3dica dilu\u00edda al 1%. La fluoresce\u00edna s\u00f3dica dilu\u00edda al 1% tiene una concentraci\u00f3n muy alta, de tal forma que debe ser as\u00ed mismo dilu\u00edda para utilizarse. Tal y como puedes ver en la imagen, 2ml de fluoresce\u00edna al 1% es suficiente para dar color a 1L de agua. Si lo deseas tambi\u00e9n puedes comprar fluoresce\u00edna s\u00f3dica en polvo y realizar tu mismo la predisoluci\u00f3n. El pedido se realiza directamente por la Web siguiendo los pasos que se indican, haci\u00e9ndose la entrega en 24\/48 horas.\" \/>\n<meta property=\"og:url\" content=\"https:\/\/www.alquera.com\/de\/fluoresceina-sodica-al-1\/\" \/>\n<meta property=\"og:site_name\" content=\"Alquera.com\" \/>\n<meta property=\"article:publisher\" content=\"https:\/\/www.facebook.com\/alqueraciencia\" \/>\n<meta property=\"article:modified_time\" content=\"2026-04-01T18:25:47+00:00\" \/>\n<meta property=\"og:image\" content=\"https:\/\/www.alquera.com\/wp-content\/uploads\/2021\/02\/Fluoresceina-sodica-1_diluido-scaled.jpg\" \/>\n\t<meta property=\"og:image:width\" content=\"800\" \/>\n\t<meta property=\"og:image:height\" content=\"800\" \/>\n\t<meta property=\"og:image:type\" content=\"image\/jpeg\" \/>\n<meta name=\"twitter:card\" content=\"summary_large_image\" \/>\n<meta name=\"twitter:label1\" content=\"Verf\u00fcgbarkeit\" \/>\n\t<meta name=\"twitter:data1\" content=\"Auf Lager\" \/>\n<script type=\"application\/ld+json\" class=\"yoast-schema-graph\">{\"@context\":\"https:\/\/schema.org\",\"@graph\":[{\"@type\":[\"WebPage\",\"ItemPage\"],\"@id\":\"https:\/\/www.alquera.com\/fluoresceina-sodica-al-1\/\",\"url\":\"https:\/\/www.alquera.com\/fluoresceina-sodica-al-1\/\",\"name\":\"Fluoresce\u00edna S\u00f3dica al 1%: Comprar Online - Alquera.com\",\"isPartOf\":{\"@id\":\"https:\/\/www.alquera.com\/en\/#website\"},\"primaryImageOfPage\":{\"@id\":\"https:\/\/www.alquera.com\/fluoresceina-sodica-al-1\/#primaryimage\"},\"image\":{\"@id\":\"https:\/\/www.alquera.com\/fluoresceina-sodica-al-1\/#primaryimage\"},\"thumbnailUrl\":\"https:\/\/www.alquera.com\/wp-content\/uploads\/2021\/02\/Fluoresceina-sodica-1_diluido-scaled.jpg\",\"datePublished\":\"2021-02-23T12:05:29+00:00\",\"dateModified\":\"2026-04-01T18:25:47+00:00\",\"breadcrumb\":{\"@id\":\"https:\/\/www.alquera.com\/fluoresceina-sodica-al-1\/#breadcrumb\"},\"inLanguage\":\"de\",\"potentialAction\":[{\"@type\":\"ReadAction\",\"target\":[\"https:\/\/www.alquera.com\/fluoresceina-sodica-al-1\/\"]}]},{\"@type\":\"ImageObject\",\"inLanguage\":\"de\",\"@id\":\"https:\/\/www.alquera.com\/fluoresceina-sodica-al-1\/#primaryimage\",\"url\":\"https:\/\/www.alquera.com\/wp-content\/uploads\/2021\/02\/Fluoresceina-sodica-1_diluido-scaled.jpg\",\"contentUrl\":\"https:\/\/www.alquera.com\/wp-content\/uploads\/2021\/02\/Fluoresceina-sodica-1_diluido-scaled.jpg\",\"width\":800,\"height\":800,\"caption\":\"Fluoresceina sodica 1%_diluido\"},{\"@type\":\"BreadcrumbList\",\"@id\":\"https:\/\/www.alquera.com\/fluoresceina-sodica-al-1\/#breadcrumb\",\"itemListElement\":[{\"@type\":\"ListItem\",\"position\":1,\"name\":\"Inicio\",\"item\":\"https:\/\/www.alquera.com\/\"},{\"@type\":\"ListItem\",\"position\":2,\"name\":\"Alquera.com: Tienda Online de Productos Qu\u00edmicos y Material de Laboratorio\",\"item\":\"https:\/\/www.alquera.com\/en\/tienda\/\"},{\"@type\":\"ListItem\",\"position\":3,\"name\":\"Fluoresce\u00edna S\u00f3dica al 1%\"}]},{\"@type\":\"WebSite\",\"@id\":\"https:\/\/www.alquera.com\/en\/#website\",\"url\":\"https:\/\/www.alquera.com\/en\/\",\"name\":\"Alquera.com\",\"description\":\"Tienda Online Productos Qu\u00edmicos y Material de Laboratorio\",\"publisher\":{\"@id\":\"https:\/\/www.alquera.com\/en\/#organization\"},\"potentialAction\":[{\"@type\":\"SearchAction\",\"target\":{\"@type\":\"EntryPoint\",\"urlTemplate\":\"https:\/\/www.alquera.com\/en\/?s={search_term_string}\"},\"query-input\":{\"@type\":\"PropertyValueSpecification\",\"valueRequired\":true,\"valueName\":\"search_term_string\"}}],\"inLanguage\":\"de\"},{\"@type\":\"Organization\",\"@id\":\"https:\/\/www.alquera.com\/en\/#organization\",\"name\":\"ALQUERA CIENCIA SL\",\"url\":\"https:\/\/www.alquera.com\/en\/\",\"logo\":{\"@type\":\"ImageObject\",\"inLanguage\":\"de\",\"@id\":\"https:\/\/www.alquera.com\/en\/#\/schema\/logo\/image\/\",\"url\":\"https:\/\/www.alquera.com\/wp-content\/uploads\/2020\/11\/logo_300_ancho.png\",\"contentUrl\":\"https:\/\/www.alquera.com\/wp-content\/uploads\/2020\/11\/logo_300_ancho.png\",\"width\":300,\"height\":86,\"caption\":\"ALQUERA CIENCIA SL\"},\"image\":{\"@id\":\"https:\/\/www.alquera.com\/en\/#\/schema\/logo\/image\/\"},\"sameAs\":[\"https:\/\/www.facebook.com\/alqueraciencia\",\"https:\/\/www.instagram.com\/alquera_ciencia\/\",\"https:\/\/www.youtube.com\/c\/alquera\"]}]}<\/script>\n<meta property=\"og:availability\" content=\"instock\" \/>\n<meta property=\"product:availability\" content=\"instock\" \/>\n<meta property=\"product:condition\" content=\"new\" \/>\n<!-- \/ Yoast SEO Premium plugin. -->","yoast_head_json":{"title":"Fluorescein-Natrium 1%: Online kaufen - Alquera.de","robots":{"index":"index","follow":"follow","max-snippet":"max-snippet:-1","max-image-preview":"max-image-preview:large","max-video-preview":"max-video-preview:-1"},"canonical":"https:\/\/www.alquera.com\/de\/fluoresceina-sodica-al-1\/","og_locale":"de_DE","og_type":"article","og_title":"Fluoresce\u00edna S\u00f3dica al 1%: Comprar Online - Alquera.com","og_description":"Comprar fluoresce\u00edna s\u00f3dica dilu\u00edda al 1%. La fluoresce\u00edna s\u00f3dica dilu\u00edda al 1% tiene una concentraci\u00f3n muy alta, de tal forma que debe ser as\u00ed mismo dilu\u00edda para utilizarse. Tal y como puedes ver en la imagen, 2ml de fluoresce\u00edna al 1% es suficiente para dar color a 1L de agua. Si lo deseas tambi\u00e9n puedes comprar fluoresce\u00edna s\u00f3dica en polvo y realizar tu mismo la predisoluci\u00f3n. El pedido se realiza directamente por la Web siguiendo los pasos que se indican, haci\u00e9ndose la entrega en 24\/48 horas.","og_url":"https:\/\/www.alquera.com\/de\/fluoresceina-sodica-al-1\/","og_site_name":"Alquera.com","article_publisher":"https:\/\/www.facebook.com\/alqueraciencia","article_modified_time":"2026-04-01T18:25:47+00:00","og_image":[{"width":800,"height":800,"url":"https:\/\/www.alquera.com\/wp-content\/uploads\/2021\/02\/Fluoresceina-sodica-1_diluido-scaled.jpg","type":"image\/jpeg"}],"twitter_card":"summary_large_image","twitter_misc":{"Verf\u00fcgbarkeit":"Auf Lager"},"schema":{"@context":"https:\/\/schema.org","@graph":[{"@type":["WebPage","ItemPage"],"@id":"https:\/\/www.alquera.com\/fluoresceina-sodica-al-1\/","url":"https:\/\/www.alquera.com\/fluoresceina-sodica-al-1\/","name":"Fluorescein-Natrium 1%: Online kaufen - Alquera.de","isPartOf":{"@id":"https:\/\/www.alquera.com\/en\/#website"},"primaryImageOfPage":{"@id":"https:\/\/www.alquera.com\/fluoresceina-sodica-al-1\/#primaryimage"},"image":{"@id":"https:\/\/www.alquera.com\/fluoresceina-sodica-al-1\/#primaryimage"},"thumbnailUrl":"https:\/\/www.alquera.com\/wp-content\/uploads\/2021\/02\/Fluoresceina-sodica-1_diluido-scaled.jpg","datePublished":"2021-02-23T12:05:29+00:00","dateModified":"2026-04-01T18:25:47+00:00","breadcrumb":{"@id":"https:\/\/www.alquera.com\/fluoresceina-sodica-al-1\/#breadcrumb"},"inLanguage":"de","potentialAction":[{"@type":"ReadAction","target":["https:\/\/www.alquera.com\/fluoresceina-sodica-al-1\/"]}]},{"@type":"ImageObject","inLanguage":"de","@id":"https:\/\/www.alquera.com\/fluoresceina-sodica-al-1\/#primaryimage","url":"https:\/\/www.alquera.com\/wp-content\/uploads\/2021\/02\/Fluoresceina-sodica-1_diluido-scaled.jpg","contentUrl":"https:\/\/www.alquera.com\/wp-content\/uploads\/2021\/02\/Fluoresceina-sodica-1_diluido-scaled.jpg","width":800,"height":800,"caption":"Fluoresceina sodica 1%_diluido"},{"@type":"BreadcrumbList","@id":"https:\/\/www.alquera.com\/fluoresceina-sodica-al-1\/#breadcrumb","itemListElement":[{"@type":"ListItem","position":1,"name":"Inicio","item":"https:\/\/www.alquera.com\/"},{"@type":"ListItem","position":2,"name":"Alquera.com: Tienda Online de Productos Qu\u00edmicos y Material de Laboratorio","item":"https:\/\/www.alquera.com\/en\/tienda\/"},{"@type":"ListItem","position":3,"name":"Fluoresce\u00edna S\u00f3dica al 1%"}]},{"@type":"WebSite","@id":"https:\/\/www.alquera.com\/en\/#website","url":"https:\/\/www.alquera.com\/en\/","name":"Alquera.com","description":"Online Shop Chemische Produkte und Laborger\u00e4te","publisher":{"@id":"https:\/\/www.alquera.com\/en\/#organization"},"potentialAction":[{"@type":"SearchAction","target":{"@type":"EntryPoint","urlTemplate":"https:\/\/www.alquera.com\/en\/?s={search_term_string}"},"query-input":{"@type":"PropertyValueSpecification","valueRequired":true,"valueName":"search_term_string"}}],"inLanguage":"de"},{"@type":"Organization","@id":"https:\/\/www.alquera.com\/en\/#organization","name":"ALQUERA CIENCIA SL","url":"https:\/\/www.alquera.com\/en\/","logo":{"@type":"ImageObject","inLanguage":"de","@id":"https:\/\/www.alquera.com\/en\/#\/schema\/logo\/image\/","url":"https:\/\/www.alquera.com\/wp-content\/uploads\/2020\/11\/logo_300_ancho.png","contentUrl":"https:\/\/www.alquera.com\/wp-content\/uploads\/2020\/11\/logo_300_ancho.png","width":300,"height":86,"caption":"ALQUERA CIENCIA SL"},"image":{"@id":"https:\/\/www.alquera.com\/en\/#\/schema\/logo\/image\/"},"sameAs":["https:\/\/www.facebook.com\/alqueraciencia","https:\/\/www.instagram.com\/alquera_ciencia\/","https:\/\/www.youtube.com\/c\/alquera"]}]},"og_availability":"instock","product_availability":"instock","product_condition":"new"},"_links":{"self":[{"href":"https:\/\/www.alquera.com\/de\/wp-json\/wp\/v2\/product\/33043","targetHints":{"allow":["GET"]}}],"collection":[{"href":"https:\/\/www.alquera.com\/de\/wp-json\/wp\/v2\/product"}],"about":[{"href":"https:\/\/www.alquera.com\/de\/wp-json\/wp\/v2\/types\/product"}],"replies":[{"embeddable":true,"href":"https:\/\/www.alquera.com\/de\/wp-json\/wp\/v2\/comments?post=33043"}],"wp:featuredmedia":[{"embeddable":true,"href":"https:\/\/www.alquera.com\/de\/wp-json\/wp\/v2\/media\/33047"}],"wp:attachment":[{"href":"https:\/\/www.alquera.com\/de\/wp-json\/wp\/v2\/media?parent=33043"}],"wp:term":[{"taxonomy":"product_brand","embeddable":true,"href":"https:\/\/www.alquera.com\/de\/wp-json\/wp\/v2\/product_brand?post=33043"},{"taxonomy":"product_cat","embeddable":true,"href":"https:\/\/www.alquera.com\/de\/wp-json\/wp\/v2\/product_cat?post=33043"},{"taxonomy":"product_tag","embeddable":true,"href":"https:\/\/www.alquera.com\/de\/wp-json\/wp\/v2\/product_tag?post=33043"}],"curies":[{"name":"wp","href":"https:\/\/api.w.org\/{rel}","templated":true}]}}