{"id":33441,"date":"2021-03-25T13:33:02","date_gmt":"2021-03-25T13:33:02","guid":{"rendered":"https:\/\/www.alquera.com\/?post_type=product&#038;p=33441"},"modified":"2026-04-16T08:16:14","modified_gmt":"2026-04-16T08:16:14","slug":"fosfato-diamonico","status":"publish","type":"product","link":"https:\/\/www.alquera.com\/de\/fosfato-diamonico\/","title":{"rendered":"Diammonium-Phosphat DAP"},"content":{"rendered":"<p>Diammoniumphosphat DAP NP 18-46-0 f\u00fcr D\u00fcngemittel ist ein ideales Produkt, wenn die Pflanzen einen hohen Phosphorbedarf haben, aber kein Kalium ben\u00f6tigen. Es ist f\u00fcr neutrale und basische B\u00f6den geeignet, da es eine Rests\u00e4urewirkung auf B\u00f6den hat.<br \/>\nDer Stickstoffgehalt erleichtert die Aufnahme von Phosphor.<br \/>\nPhosphor ist von den Pflanzen vollst\u00e4ndig assimilierbar und 95 % ist wasserl\u00f6slich, was ein ausgezeichnetes agronomisches Ergebnis garantiert.<\/p>\n<h2>IDENTIFIZIERUNG UND EIGENSCHAFTEN<\/h2>\n<p>Andere Namen: Diammoniumsalz der Phosphors\u00e4ure, bibasisches Ammoniumphosphat.<br \/>\nCAS: 7783-28-0<br \/>\nEC: 231-987-8<br \/>\nErkl\u00e4rter Inhalt:<\/p>\n<p>18% Gesamtstickstoff (N) -&gt; 18% Ammoniak-Stickstoff (N)<\/p>\n<p>46% Phosphorpentoxid (P2O5) l\u00f6slich in neutralem Ammoniumcitrat und in Wasser - &gt; 44% Phosphorpentoxid (P2O5) l\u00f6slich in Wasser.<\/p>\n<h2>VERWENDET DIAMMONIUMPHOSPHAT<\/h2>\n<p>Es wird als D\u00fcngemittel, als Rohstoff in Mischungen, in der chemischen Synthese, als Futtermittelzusatz und als Feuerl\u00f6schmittel verwendet.<\/p>\n<p>&nbsp;<\/p>","protected":false},"excerpt":{"rendered":"<p>Kaufen Sie Diammoniumphosphat in den Formaten 1kg und 5Kg. Der Preis f\u00fcr die verschiedenen Formate von Diammoniumphosphat ist ersichtlich, wenn Sie das gew\u00fcnschte Format ausw\u00e4hlen. Die Bestellung erfolgt direkt \u00fcber das Internet nach den angegebenen Schritten und wird innerhalb von 24\/48 Stunden geliefert.<\/p>","protected":false},"featured_media":57328,"comment_status":"open","ping_status":"closed","template":"","meta":{"_acf_changed":false,"site-sidebar-layout":"default","site-content-layout":"default","ast-site-content-layout":"default","site-content-style":"default","site-sidebar-style":"default","ast-global-header-display":"","ast-banner-title-visibility":"","ast-main-header-display":"","ast-hfb-above-header-display":"","ast-hfb-below-header-display":"","ast-hfb-mobile-header-display":"","site-post-title":"","ast-breadcrumbs-content":"","ast-featured-img":"","footer-sml-layout":"","ast-disable-related-posts":"","theme-transparent-header-meta":"default","adv-header-id-meta":"","stick-header-meta":"default","header-above-stick-meta":"","header-main-stick-meta":"","header-below-stick-meta":"","astra-migrate-meta-layouts":"set","ast-page-background-enabled":"default","ast-page-background-meta":{"desktop":{"background-color":"var(--ast-global-color-4)","background-image":"","background-repeat":"repeat","background-position":"center center","background-size":"auto","background-attachment":"scroll","background-type":"","background-media":"","overlay-type":"","overlay-color":"","overlay-opacity":"","overlay-gradient":""},"tablet":{"background-color":"","background-image":"","background-repeat":"repeat","background-position":"center center","background-size":"auto","background-attachment":"scroll","background-type":"","background-media":"","overlay-type":"","overlay-color":"","overlay-opacity":"","overlay-gradient":""},"mobile":{"background-color":"","background-image":"","background-repeat":"repeat","background-position":"center center","background-size":"auto","background-attachment":"scroll","background-type":"","background-media":"","overlay-type":"","overlay-color":"","overlay-opacity":"","overlay-gradient":""}},"ast-content-background-meta":{"desktop":{"background-color":"var(--ast-global-color-5)","background-image":"","background-repeat":"repeat","background-position":"center center","background-size":"auto","background-attachment":"scroll","background-type":"","background-media":"","overlay-type":"","overlay-color":"","overlay-opacity":"","overlay-gradient":""},"tablet":{"background-color":"var(--ast-global-color-5)","background-image":"","background-repeat":"repeat","background-position":"center center","background-size":"auto","background-attachment":"scroll","background-type":"","background-media":"","overlay-type":"","overlay-color":"","overlay-opacity":"","overlay-gradient":""},"mobile":{"background-color":"var(--ast-global-color-5)","background-image":"","background-repeat":"repeat","background-position":"center center","background-size":"auto","background-attachment":"scroll","background-type":"","background-media":"","overlay-type":"","overlay-color":"","overlay-opacity":"","overlay-gradient":""}}},"product_brand":[],"product_cat":[213,21],"product_tag":[],"class_list":{"0":"post-33441","1":"product","2":"type-product","3":"status-publish","4":"has-post-thumbnail","6":"product_cat-agroquimicos","7":"product_cat-productos","8":"pa_cantidad-1kg","9":"pa_cantidad-5kg","10":"desktop-align-left","11":"tablet-align-left","12":"mobile-align-left","13":"ast-product-gallery-layout-horizontal-slider","14":"ast-product-gallery-with-no-image","15":"ast-magnify-disabled","16":"ast-product-single-variable","17":"ast-product-tabs-layout-horizontal","18":"ast-qv-on-image","20":"first","21":"instock","22":"taxable","23":"shipping-taxable","24":"purchasable","25":"product-type-variable","26":"has-default-attributes"},"acf":[],"yoast_head":"<!-- This site is optimized with the Yoast SEO Premium plugin v27.1 (Yoast SEO v27.1.1) - https:\/\/yoast.com\/product\/yoast-seo-premium-wordpress\/ -->\n<title>Fosfato Diam\u00f3nico DAP : Comprar - Alquera.com<\/title>\n<meta name=\"description\" content=\"ENV\u00cdOS EN 24\/48H. Comprar fosfato diam\u00f3nico DAP, 18-46-0 para abono. Ideal cuando el cultivo es exigente en f\u00f3sforo pero no necesita potasio\" \/>\n<meta name=\"robots\" content=\"index, follow, max-snippet:-1, max-image-preview:large, max-video-preview:-1\" \/>\n<link rel=\"canonical\" href=\"https:\/\/www.alquera.com\/de\/fosfato-diamonico\/\" \/>\n<meta property=\"og:locale\" content=\"de_DE\" \/>\n<meta property=\"og:type\" content=\"article\" \/>\n<meta property=\"og:title\" content=\"Fosfato Diam\u00f3nico DAP: Comprar Online - Alquera.com\" \/>\n<meta property=\"og:description\" content=\"ENV\u00cdOS EN 24\/48H. Comprar fosfato diam\u00f3nico DAP, 18-46-0 para abono. Ideal cuando el cultivo es exigente en f\u00f3sforo pero no necesita potasio\" \/>\n<meta property=\"og:url\" content=\"https:\/\/www.alquera.com\/de\/fosfato-diamonico\/\" \/>\n<meta property=\"og:site_name\" content=\"Alquera.com\" \/>\n<meta property=\"article:publisher\" content=\"https:\/\/www.facebook.com\/alqueraciencia\" \/>\n<meta property=\"article:modified_time\" content=\"2026-04-16T08:16:14+00:00\" \/>\n<meta property=\"og:image\" content=\"https:\/\/www.alquera.com\/wp-content\/uploads\/2021\/03\/Fosfato-Diamonico-1kg-1012x1024.png\" \/>\n\t<meta property=\"og:image:width\" content=\"1012\" \/>\n\t<meta property=\"og:image:height\" content=\"1024\" \/>\n\t<meta property=\"og:image:type\" content=\"image\/png\" \/>\n<meta name=\"twitter:card\" content=\"summary_large_image\" \/>\n<meta name=\"twitter:label1\" content=\"Verf\u00fcgbarkeit\" \/>\n\t<meta name=\"twitter:data1\" content=\"Auf Lager\" \/>\n<script type=\"application\/ld+json\" class=\"yoast-schema-graph\">{\"@context\":\"https:\/\/schema.org\",\"@graph\":[{\"@type\":[\"WebPage\",\"ItemPage\"],\"@id\":\"https:\/\/www.alquera.com\/fosfato-diamonico\/\",\"url\":\"https:\/\/www.alquera.com\/fosfato-diamonico\/\",\"name\":\"Fosfato Diam\u00f3nico DAP : Comprar - Alquera.com\",\"isPartOf\":{\"@id\":\"https:\/\/www.alquera.com\/en\/#website\"},\"primaryImageOfPage\":{\"@id\":\"https:\/\/www.alquera.com\/fosfato-diamonico\/#primaryimage\"},\"image\":{\"@id\":\"https:\/\/www.alquera.com\/fosfato-diamonico\/#primaryimage\"},\"thumbnailUrl\":\"https:\/\/www.alquera.com\/wp-content\/uploads\/2021\/03\/Fosfato-Diamonico-1kg-scaled.png\",\"datePublished\":\"2021-03-25T13:33:02+00:00\",\"dateModified\":\"2026-04-16T08:16:14+00:00\",\"description\":\"ENV\u00cdOS EN 24\/48H. Comprar fosfato diam\u00f3nico DAP, 18-46-0 para abono. Ideal cuando el cultivo es exigente en f\u00f3sforo pero no necesita potasio\",\"breadcrumb\":{\"@id\":\"https:\/\/www.alquera.com\/fosfato-diamonico\/#breadcrumb\"},\"inLanguage\":\"de\",\"potentialAction\":[{\"@type\":\"ReadAction\",\"target\":[\"https:\/\/www.alquera.com\/fosfato-diamonico\/\"]}]},{\"@type\":\"ImageObject\",\"inLanguage\":\"de\",\"@id\":\"https:\/\/www.alquera.com\/fosfato-diamonico\/#primaryimage\",\"url\":\"https:\/\/www.alquera.com\/wp-content\/uploads\/2021\/03\/Fosfato-Diamonico-1kg-scaled.png\",\"contentUrl\":\"https:\/\/www.alquera.com\/wp-content\/uploads\/2021\/03\/Fosfato-Diamonico-1kg-scaled.png\",\"width\":2531,\"height\":2560,\"caption\":\"Fosfato Diam\u00f3nico 1kg\"},{\"@type\":\"BreadcrumbList\",\"@id\":\"https:\/\/www.alquera.com\/fosfato-diamonico\/#breadcrumb\",\"itemListElement\":[{\"@type\":\"ListItem\",\"position\":1,\"name\":\"Inicio\",\"item\":\"https:\/\/www.alquera.com\/\"},{\"@type\":\"ListItem\",\"position\":2,\"name\":\"Alquera.com: Tienda Online de Productos Qu\u00edmicos y Material de Laboratorio\",\"item\":\"https:\/\/www.alquera.com\/en\/tienda\/\"},{\"@type\":\"ListItem\",\"position\":3,\"name\":\"Fosfato Diam\u00f3nico DAP\"}]},{\"@type\":\"WebSite\",\"@id\":\"https:\/\/www.alquera.com\/en\/#website\",\"url\":\"https:\/\/www.alquera.com\/en\/\",\"name\":\"Alquera.com\",\"description\":\"Tienda Online Productos Qu\u00edmicos y Material de Laboratorio\",\"publisher\":{\"@id\":\"https:\/\/www.alquera.com\/en\/#organization\"},\"potentialAction\":[{\"@type\":\"SearchAction\",\"target\":{\"@type\":\"EntryPoint\",\"urlTemplate\":\"https:\/\/www.alquera.com\/en\/?s={search_term_string}\"},\"query-input\":{\"@type\":\"PropertyValueSpecification\",\"valueRequired\":true,\"valueName\":\"search_term_string\"}}],\"inLanguage\":\"de\"},{\"@type\":\"Organization\",\"@id\":\"https:\/\/www.alquera.com\/en\/#organization\",\"name\":\"ALQUERA CIENCIA SL\",\"url\":\"https:\/\/www.alquera.com\/en\/\",\"logo\":{\"@type\":\"ImageObject\",\"inLanguage\":\"de\",\"@id\":\"https:\/\/www.alquera.com\/en\/#\/schema\/logo\/image\/\",\"url\":\"https:\/\/www.alquera.com\/wp-content\/uploads\/2020\/11\/logo_300_ancho.png\",\"contentUrl\":\"https:\/\/www.alquera.com\/wp-content\/uploads\/2020\/11\/logo_300_ancho.png\",\"width\":300,\"height\":86,\"caption\":\"ALQUERA CIENCIA SL\"},\"image\":{\"@id\":\"https:\/\/www.alquera.com\/en\/#\/schema\/logo\/image\/\"},\"sameAs\":[\"https:\/\/www.facebook.com\/alqueraciencia\",\"https:\/\/www.instagram.com\/alquera_ciencia\/\",\"https:\/\/www.youtube.com\/c\/alquera\"]}]}<\/script>\n<meta property=\"og:availability\" content=\"instock\" \/>\n<meta property=\"product:availability\" content=\"instock\" \/>\n<meta property=\"product:condition\" content=\"new\" \/>\n<!-- \/ Yoast SEO Premium plugin. -->","yoast_head_json":{"title":"Diammoniumphosphat DAP : Kaufen - Alquera.com","description":"24\/48H LIEFERUNG. Kaufen Sie Diammoniumphosphat DAP, 18-46-0 als D\u00fcngemittel. Ideal, wenn die Kultur einen hohen Phosphor-, aber keinen Kaliumbedarf hat.","robots":{"index":"index","follow":"follow","max-snippet":"max-snippet:-1","max-image-preview":"max-image-preview:large","max-video-preview":"max-video-preview:-1"},"canonical":"https:\/\/www.alquera.com\/de\/fosfato-diamonico\/","og_locale":"de_DE","og_type":"article","og_title":"Fosfato Diam\u00f3nico DAP: Comprar Online - Alquera.com","og_description":"ENV\u00cdOS EN 24\/48H. Comprar fosfato diam\u00f3nico DAP, 18-46-0 para abono. Ideal cuando el cultivo es exigente en f\u00f3sforo pero no necesita potasio","og_url":"https:\/\/www.alquera.com\/de\/fosfato-diamonico\/","og_site_name":"Alquera.com","article_publisher":"https:\/\/www.facebook.com\/alqueraciencia","article_modified_time":"2026-04-16T08:16:14+00:00","og_image":[{"width":1012,"height":1024,"url":"https:\/\/www.alquera.com\/wp-content\/uploads\/2021\/03\/Fosfato-Diamonico-1kg-1012x1024.png","type":"image\/png"}],"twitter_card":"summary_large_image","twitter_misc":{"Verf\u00fcgbarkeit":"Auf Lager"},"schema":{"@context":"https:\/\/schema.org","@graph":[{"@type":["WebPage","ItemPage"],"@id":"https:\/\/www.alquera.com\/fosfato-diamonico\/","url":"https:\/\/www.alquera.com\/fosfato-diamonico\/","name":"Diammoniumphosphat DAP : Kaufen - Alquera.com","isPartOf":{"@id":"https:\/\/www.alquera.com\/en\/#website"},"primaryImageOfPage":{"@id":"https:\/\/www.alquera.com\/fosfato-diamonico\/#primaryimage"},"image":{"@id":"https:\/\/www.alquera.com\/fosfato-diamonico\/#primaryimage"},"thumbnailUrl":"https:\/\/www.alquera.com\/wp-content\/uploads\/2021\/03\/Fosfato-Diamonico-1kg-scaled.png","datePublished":"2021-03-25T13:33:02+00:00","dateModified":"2026-04-16T08:16:14+00:00","description":"24\/48H LIEFERUNG. Kaufen Sie Diammoniumphosphat DAP, 18-46-0 als D\u00fcngemittel. Ideal, wenn die Kultur einen hohen Phosphor-, aber keinen Kaliumbedarf hat.","breadcrumb":{"@id":"https:\/\/www.alquera.com\/fosfato-diamonico\/#breadcrumb"},"inLanguage":"de","potentialAction":[{"@type":"ReadAction","target":["https:\/\/www.alquera.com\/fosfato-diamonico\/"]}]},{"@type":"ImageObject","inLanguage":"de","@id":"https:\/\/www.alquera.com\/fosfato-diamonico\/#primaryimage","url":"https:\/\/www.alquera.com\/wp-content\/uploads\/2021\/03\/Fosfato-Diamonico-1kg-scaled.png","contentUrl":"https:\/\/www.alquera.com\/wp-content\/uploads\/2021\/03\/Fosfato-Diamonico-1kg-scaled.png","width":2531,"height":2560,"caption":"Fosfato Diam\u00f3nico 1kg"},{"@type":"BreadcrumbList","@id":"https:\/\/www.alquera.com\/fosfato-diamonico\/#breadcrumb","itemListElement":[{"@type":"ListItem","position":1,"name":"Inicio","item":"https:\/\/www.alquera.com\/"},{"@type":"ListItem","position":2,"name":"Alquera.com: Tienda Online de Productos Qu\u00edmicos y Material de Laboratorio","item":"https:\/\/www.alquera.com\/en\/tienda\/"},{"@type":"ListItem","position":3,"name":"Fosfato Diam\u00f3nico DAP"}]},{"@type":"WebSite","@id":"https:\/\/www.alquera.com\/en\/#website","url":"https:\/\/www.alquera.com\/en\/","name":"Alquera.com","description":"Online Shop Chemische Produkte und Laborger\u00e4te","publisher":{"@id":"https:\/\/www.alquera.com\/en\/#organization"},"potentialAction":[{"@type":"SearchAction","target":{"@type":"EntryPoint","urlTemplate":"https:\/\/www.alquera.com\/en\/?s={search_term_string}"},"query-input":{"@type":"PropertyValueSpecification","valueRequired":true,"valueName":"search_term_string"}}],"inLanguage":"de"},{"@type":"Organization","@id":"https:\/\/www.alquera.com\/en\/#organization","name":"ALQUERA CIENCIA SL","url":"https:\/\/www.alquera.com\/en\/","logo":{"@type":"ImageObject","inLanguage":"de","@id":"https:\/\/www.alquera.com\/en\/#\/schema\/logo\/image\/","url":"https:\/\/www.alquera.com\/wp-content\/uploads\/2020\/11\/logo_300_ancho.png","contentUrl":"https:\/\/www.alquera.com\/wp-content\/uploads\/2020\/11\/logo_300_ancho.png","width":300,"height":86,"caption":"ALQUERA CIENCIA SL"},"image":{"@id":"https:\/\/www.alquera.com\/en\/#\/schema\/logo\/image\/"},"sameAs":["https:\/\/www.facebook.com\/alqueraciencia","https:\/\/www.instagram.com\/alquera_ciencia\/","https:\/\/www.youtube.com\/c\/alquera"]}]},"og_availability":"instock","product_availability":"instock","product_condition":"new"},"_links":{"self":[{"href":"https:\/\/www.alquera.com\/de\/wp-json\/wp\/v2\/product\/33441","targetHints":{"allow":["GET"]}}],"collection":[{"href":"https:\/\/www.alquera.com\/de\/wp-json\/wp\/v2\/product"}],"about":[{"href":"https:\/\/www.alquera.com\/de\/wp-json\/wp\/v2\/types\/product"}],"replies":[{"embeddable":true,"href":"https:\/\/www.alquera.com\/de\/wp-json\/wp\/v2\/comments?post=33441"}],"wp:featuredmedia":[{"embeddable":true,"href":"https:\/\/www.alquera.com\/de\/wp-json\/wp\/v2\/media\/57328"}],"wp:attachment":[{"href":"https:\/\/www.alquera.com\/de\/wp-json\/wp\/v2\/media?parent=33441"}],"wp:term":[{"taxonomy":"product_brand","embeddable":true,"href":"https:\/\/www.alquera.com\/de\/wp-json\/wp\/v2\/product_brand?post=33441"},{"taxonomy":"product_cat","embeddable":true,"href":"https:\/\/www.alquera.com\/de\/wp-json\/wp\/v2\/product_cat?post=33441"},{"taxonomy":"product_tag","embeddable":true,"href":"https:\/\/www.alquera.com\/de\/wp-json\/wp\/v2\/product_tag?post=33441"}],"curies":[{"name":"wp","href":"https:\/\/api.w.org\/{rel}","templated":true}]}}