{"id":33449,"date":"2021-03-29T10:48:54","date_gmt":"2021-03-29T10:48:54","guid":{"rendered":"https:\/\/www.alquera.com\/?post_type=product&#038;p=33449"},"modified":"2026-03-02T15:13:07","modified_gmt":"2026-03-02T15:13:07","slug":"zeolita-natural","status":"publish","type":"product","link":"https:\/\/www.alquera.com\/de\/zeolita-natural\/","title":{"rendered":"Nat\u00fcrlicher Zeolith"},"content":{"rendered":"<p>Nat\u00fcrliches Zeolith ist ein Mineral vulkanischen Ursprungs mit einer sehr hohen Kationenaustauschkapazit\u00e4t (260 meq\/gr), der h\u00f6chsten auf dem Markt. Es ist in der Lage, Ammonium- NH4+- und Kalium- K+-Ionen selektiv in seiner kristallinen Struktur zur\u00fcckzuhalten und sie dann nach und nach an die Wurzeln der Pflanzen abzugeben. <span style=\"font-weight: 400;\">Als Substrat ist es hervorragend geeignet, da es die Wasser- und N\u00e4hrstoffspeicherung im Boden erh\u00f6ht, den Wasser- und D\u00fcngerverbrauch senkt und den Boden unter idealen Bedingungen f\u00fcr ein gutes Pflanzenwachstum h\u00e4lt.\u00a0<\/span><\/p>\n<p><span style=\"font-weight: 400;\">In Schwimmb\u00e4dern kann es als Filtermedium mit hoher Kapazit\u00e4t verwendet werden, da es Feststoffpartikel bis zu 5 Mikron entfernt. Es ist das einzige Filtermedium, das auch Ammoniak und Schwermetalle entfernt.\u00a0<\/span><\/p>\n<p><span style=\"font-weight: 400;\">Im Haushalt kann es dazu verwendet werden, Feuchtigkeit und Ger\u00fcche in geschlossenen R\u00e4umen wie Schr\u00e4nken, K\u00fchlschr\u00e4nken, Autos, Booten und Kellern zu absorbieren.<\/span><\/p>\n<p>Was die Haustiere betrifft, so ist es ideal, wenn <span style=\"font-weight: 400;\">\u00a0zur Verwendung als Katzenstreu und eignet sich hervorragend f\u00fcr Vogel- und Hamsterk\u00e4fige. Es wird auch in Aquarien verwendet, um den Ammoniumgehalt zu kontrollieren.<\/span><\/p>\n<p><strong>KATIONENAUSTAUSCHKAPAZIT\u00c4T (KAK)<\/strong> : 250 meq<br \/>\n- <strong>Spezifisches Gewicht :<\/strong> 0,88 kg\/Liter<br \/>\n- <strong>Relative Luftfeuchtigkeit :<\/strong>\u00a0 0 bis 1 %.<br \/>\n- <strong>Granulometrie :<\/strong> 98 % zwischen 0,7 und 1,7 mm Durchmesser.<\/p>\n<p>Im Ofen bei hohen Temperaturen getrocknetes Produkt, um eine konstante Dichte und einen konstanten Feuchtigkeitsgehalt zu gew\u00e4hrleisten.<\/p>","protected":false},"excerpt":{"rendered":"<p>Kaufen Sie nat\u00fcrliches Zeolith von kleinen Packungen mit 1 kg bis zu S\u00e4cken mit 25 kg. Sie k\u00f6nnen den Preis f\u00fcr die verschiedenen Formate von Natural Zeolite sehen, wenn Sie das gew\u00fcnschte Format ausw\u00e4hlen. Die Bestellung erfolgt direkt \u00fcber das Internet nach den angegebenen Schritten und wird innerhalb von 24\/48 Stunden geliefert.<\/p>","protected":false},"featured_media":35790,"comment_status":"open","ping_status":"closed","template":"","meta":{"_acf_changed":false,"site-sidebar-layout":"default","site-content-layout":"default","ast-site-content-layout":"default","site-content-style":"default","site-sidebar-style":"default","ast-global-header-display":"","ast-banner-title-visibility":"","ast-main-header-display":"","ast-hfb-above-header-display":"","ast-hfb-below-header-display":"","ast-hfb-mobile-header-display":"","site-post-title":"","ast-breadcrumbs-content":"","ast-featured-img":"","footer-sml-layout":"","ast-disable-related-posts":"","theme-transparent-header-meta":"default","adv-header-id-meta":"","stick-header-meta":"default","header-above-stick-meta":"","header-main-stick-meta":"","header-below-stick-meta":"","astra-migrate-meta-layouts":"set","ast-page-background-enabled":"default","ast-page-background-meta":{"desktop":{"background-color":"var(--ast-global-color-4)","background-image":"","background-repeat":"repeat","background-position":"center center","background-size":"auto","background-attachment":"scroll","background-type":"","background-media":"","overlay-type":"","overlay-color":"","overlay-opacity":"","overlay-gradient":""},"tablet":{"background-color":"","background-image":"","background-repeat":"repeat","background-position":"center center","background-size":"auto","background-attachment":"scroll","background-type":"","background-media":"","overlay-type":"","overlay-color":"","overlay-opacity":"","overlay-gradient":""},"mobile":{"background-color":"","background-image":"","background-repeat":"repeat","background-position":"center center","background-size":"auto","background-attachment":"scroll","background-type":"","background-media":"","overlay-type":"","overlay-color":"","overlay-opacity":"","overlay-gradient":""}},"ast-content-background-meta":{"desktop":{"background-color":"var(--ast-global-color-5)","background-image":"","background-repeat":"repeat","background-position":"center center","background-size":"auto","background-attachment":"scroll","background-type":"","background-media":"","overlay-type":"","overlay-color":"","overlay-opacity":"","overlay-gradient":""},"tablet":{"background-color":"var(--ast-global-color-5)","background-image":"","background-repeat":"repeat","background-position":"center center","background-size":"auto","background-attachment":"scroll","background-type":"","background-media":"","overlay-type":"","overlay-color":"","overlay-opacity":"","overlay-gradient":""},"mobile":{"background-color":"var(--ast-global-color-5)","background-image":"","background-repeat":"repeat","background-position":"center center","background-size":"auto","background-attachment":"scroll","background-type":"","background-media":"","overlay-type":"","overlay-color":"","overlay-opacity":"","overlay-gradient":""}}},"product_brand":[],"product_cat":[213],"product_tag":[],"class_list":{"0":"post-33449","1":"product","2":"type-product","3":"status-publish","4":"has-post-thumbnail","6":"product_cat-agroquimicos","7":"pa_cantidad-1kg","8":"pa_cantidad-5kg","9":"pa_cantidad-20kg","10":"desktop-align-left","11":"tablet-align-left","12":"mobile-align-left","13":"ast-product-gallery-layout-horizontal-slider","14":"ast-magnify-disabled","15":"ast-product-single-variable","16":"ast-product-tabs-layout-horizontal","17":"ast-qv-on-image","19":"first","20":"instock","21":"taxable","22":"shipping-taxable","23":"purchasable","24":"product-type-variable","25":"has-default-attributes"},"acf":[],"yoast_head":"<!-- This site is optimized with the Yoast SEO Premium plugin v27.1 (Yoast SEO v27.1.1) - https:\/\/yoast.com\/product\/yoast-seo-premium-wordpress\/ -->\n<title>Zeolita Natural: Comprar Online - Alquera.com<\/title>\n<meta name=\"description\" content=\"ENV\u00cdOS EN 24\/48H. Comprar Zeolita Natural en Alquera. Utilizado para mejorar las caracter\u00edsticas f\u00edsicas del suelo en retenci\u00f3n de agua...\" \/>\n<meta name=\"robots\" content=\"index, follow, max-snippet:-1, max-image-preview:large, max-video-preview:-1\" \/>\n<link rel=\"canonical\" href=\"https:\/\/www.alquera.com\/de\/zeolita-natural\/\" \/>\n<meta property=\"og:locale\" content=\"de_DE\" \/>\n<meta property=\"og:type\" content=\"article\" \/>\n<meta property=\"og:title\" content=\"Zeolita Natural: Comprar Online - Alquera.com\" \/>\n<meta property=\"og:description\" content=\"ENV\u00cdOS EN 24\/48H. Comprar Zeolita Natural en Alquera. Utilizado para mejorar las caracter\u00edsticas f\u00edsicas del suelo en retenci\u00f3n de agua...\" \/>\n<meta property=\"og:url\" content=\"https:\/\/www.alquera.com\/de\/zeolita-natural\/\" \/>\n<meta property=\"og:site_name\" content=\"Alquera.com\" \/>\n<meta property=\"article:publisher\" content=\"https:\/\/www.facebook.com\/alqueraciencia\" \/>\n<meta property=\"article:modified_time\" content=\"2026-03-02T15:13:07+00:00\" \/>\n<meta property=\"og:image\" content=\"https:\/\/www.alquera.com\/wp-content\/uploads\/2021\/03\/ZEOLITA-1KG_27_10.png\" \/>\n\t<meta property=\"og:image:width\" content=\"800\" \/>\n\t<meta property=\"og:image:height\" content=\"800\" \/>\n\t<meta property=\"og:image:type\" content=\"image\/png\" \/>\n<meta name=\"twitter:card\" content=\"summary_large_image\" \/>\n<meta name=\"twitter:label1\" content=\"Verf\u00fcgbarkeit\" \/>\n\t<meta name=\"twitter:data1\" content=\"Auf Lager\" \/>\n<script type=\"application\/ld+json\" class=\"yoast-schema-graph\">{\"@context\":\"https:\/\/schema.org\",\"@graph\":[{\"@type\":[\"WebPage\",\"ItemPage\"],\"@id\":\"https:\/\/www.alquera.com\/zeolita-natural\/\",\"url\":\"https:\/\/www.alquera.com\/zeolita-natural\/\",\"name\":\"Zeolita Natural: Comprar Online - Alquera.com\",\"isPartOf\":{\"@id\":\"https:\/\/www.alquera.com\/en\/#website\"},\"primaryImageOfPage\":{\"@id\":\"https:\/\/www.alquera.com\/zeolita-natural\/#primaryimage\"},\"image\":{\"@id\":\"https:\/\/www.alquera.com\/zeolita-natural\/#primaryimage\"},\"thumbnailUrl\":\"https:\/\/www.alquera.com\/wp-content\/uploads\/2021\/03\/ZEOLITA-1KG_27_10.png\",\"datePublished\":\"2021-03-29T10:48:54+00:00\",\"dateModified\":\"2026-03-02T15:13:07+00:00\",\"description\":\"ENV\u00cdOS EN 24\/48H. Comprar Zeolita Natural en Alquera. Utilizado para mejorar las caracter\u00edsticas f\u00edsicas del suelo en retenci\u00f3n de agua...\",\"breadcrumb\":{\"@id\":\"https:\/\/www.alquera.com\/zeolita-natural\/#breadcrumb\"},\"inLanguage\":\"de\",\"potentialAction\":[{\"@type\":\"ReadAction\",\"target\":[\"https:\/\/www.alquera.com\/zeolita-natural\/\"]}]},{\"@type\":\"ImageObject\",\"inLanguage\":\"de\",\"@id\":\"https:\/\/www.alquera.com\/zeolita-natural\/#primaryimage\",\"url\":\"https:\/\/www.alquera.com\/wp-content\/uploads\/2021\/03\/ZEOLITA-1KG_27_10.png\",\"contentUrl\":\"https:\/\/www.alquera.com\/wp-content\/uploads\/2021\/03\/ZEOLITA-1KG_27_10.png\",\"width\":800,\"height\":800,\"caption\":\"ZEOLITA NATURAL\"},{\"@type\":\"BreadcrumbList\",\"@id\":\"https:\/\/www.alquera.com\/zeolita-natural\/#breadcrumb\",\"itemListElement\":[{\"@type\":\"ListItem\",\"position\":1,\"name\":\"Inicio\",\"item\":\"https:\/\/www.alquera.com\/\"},{\"@type\":\"ListItem\",\"position\":2,\"name\":\"Alquera.com: Tienda Online de Productos Qu\u00edmicos y Material de Laboratorio\",\"item\":\"https:\/\/www.alquera.com\/en\/tienda\/\"},{\"@type\":\"ListItem\",\"position\":3,\"name\":\"Zeolita Natural\"}]},{\"@type\":\"WebSite\",\"@id\":\"https:\/\/www.alquera.com\/en\/#website\",\"url\":\"https:\/\/www.alquera.com\/en\/\",\"name\":\"Alquera.com\",\"description\":\"Tienda Online Productos Qu\u00edmicos y Material de Laboratorio\",\"publisher\":{\"@id\":\"https:\/\/www.alquera.com\/en\/#organization\"},\"potentialAction\":[{\"@type\":\"SearchAction\",\"target\":{\"@type\":\"EntryPoint\",\"urlTemplate\":\"https:\/\/www.alquera.com\/en\/?s={search_term_string}\"},\"query-input\":{\"@type\":\"PropertyValueSpecification\",\"valueRequired\":true,\"valueName\":\"search_term_string\"}}],\"inLanguage\":\"de\"},{\"@type\":\"Organization\",\"@id\":\"https:\/\/www.alquera.com\/en\/#organization\",\"name\":\"ALQUERA CIENCIA SL\",\"url\":\"https:\/\/www.alquera.com\/en\/\",\"logo\":{\"@type\":\"ImageObject\",\"inLanguage\":\"de\",\"@id\":\"https:\/\/www.alquera.com\/en\/#\/schema\/logo\/image\/\",\"url\":\"https:\/\/www.alquera.com\/wp-content\/uploads\/2020\/11\/logo_300_ancho.png\",\"contentUrl\":\"https:\/\/www.alquera.com\/wp-content\/uploads\/2020\/11\/logo_300_ancho.png\",\"width\":300,\"height\":86,\"caption\":\"ALQUERA CIENCIA SL\"},\"image\":{\"@id\":\"https:\/\/www.alquera.com\/en\/#\/schema\/logo\/image\/\"},\"sameAs\":[\"https:\/\/www.facebook.com\/alqueraciencia\",\"https:\/\/www.instagram.com\/alquera_ciencia\/\",\"https:\/\/www.youtube.com\/c\/alquera\"]}]}<\/script>\n<meta property=\"product:brand\" content=\"Alquera\" \/>\n<meta property=\"og:availability\" content=\"instock\" \/>\n<meta property=\"product:availability\" content=\"instock\" \/>\n<meta property=\"product:condition\" content=\"new\" \/>\n<!-- \/ Yoast SEO Premium plugin. -->","yoast_head_json":{"title":"Nat\u00fcrliches Zeolith: Online kaufen - Alquera.com","description":"24\/48H LIEFERUNG. Nat\u00fcrliches Zeolith in Alquera kaufen. Wird zur Verbesserung der physikalischen Eigenschaften des Bodens bei der Wasserr\u00fcckhaltung und...","robots":{"index":"index","follow":"follow","max-snippet":"max-snippet:-1","max-image-preview":"max-image-preview:large","max-video-preview":"max-video-preview:-1"},"canonical":"https:\/\/www.alquera.com\/de\/zeolita-natural\/","og_locale":"de_DE","og_type":"article","og_title":"Zeolita Natural: Comprar Online - Alquera.com","og_description":"ENV\u00cdOS EN 24\/48H. Comprar Zeolita Natural en Alquera. Utilizado para mejorar las caracter\u00edsticas f\u00edsicas del suelo en retenci\u00f3n de agua...","og_url":"https:\/\/www.alquera.com\/de\/zeolita-natural\/","og_site_name":"Alquera.com","article_publisher":"https:\/\/www.facebook.com\/alqueraciencia","article_modified_time":"2026-03-02T15:13:07+00:00","og_image":[{"width":800,"height":800,"url":"https:\/\/www.alquera.com\/wp-content\/uploads\/2021\/03\/ZEOLITA-1KG_27_10.png","type":"image\/png"}],"twitter_card":"summary_large_image","twitter_misc":{"Verf\u00fcgbarkeit":"Auf Lager"},"schema":{"@context":"https:\/\/schema.org","@graph":[{"@type":["WebPage","ItemPage"],"@id":"https:\/\/www.alquera.com\/zeolita-natural\/","url":"https:\/\/www.alquera.com\/zeolita-natural\/","name":"Nat\u00fcrliches Zeolith: Online kaufen - Alquera.com","isPartOf":{"@id":"https:\/\/www.alquera.com\/en\/#website"},"primaryImageOfPage":{"@id":"https:\/\/www.alquera.com\/zeolita-natural\/#primaryimage"},"image":{"@id":"https:\/\/www.alquera.com\/zeolita-natural\/#primaryimage"},"thumbnailUrl":"https:\/\/www.alquera.com\/wp-content\/uploads\/2021\/03\/ZEOLITA-1KG_27_10.png","datePublished":"2021-03-29T10:48:54+00:00","dateModified":"2026-03-02T15:13:07+00:00","description":"24\/48H LIEFERUNG. Nat\u00fcrliches Zeolith in Alquera kaufen. Wird zur Verbesserung der physikalischen Eigenschaften des Bodens bei der Wasserr\u00fcckhaltung und...","breadcrumb":{"@id":"https:\/\/www.alquera.com\/zeolita-natural\/#breadcrumb"},"inLanguage":"de","potentialAction":[{"@type":"ReadAction","target":["https:\/\/www.alquera.com\/zeolita-natural\/"]}]},{"@type":"ImageObject","inLanguage":"de","@id":"https:\/\/www.alquera.com\/zeolita-natural\/#primaryimage","url":"https:\/\/www.alquera.com\/wp-content\/uploads\/2021\/03\/ZEOLITA-1KG_27_10.png","contentUrl":"https:\/\/www.alquera.com\/wp-content\/uploads\/2021\/03\/ZEOLITA-1KG_27_10.png","width":800,"height":800,"caption":"ZEOLITA NATURAL"},{"@type":"BreadcrumbList","@id":"https:\/\/www.alquera.com\/zeolita-natural\/#breadcrumb","itemListElement":[{"@type":"ListItem","position":1,"name":"Inicio","item":"https:\/\/www.alquera.com\/"},{"@type":"ListItem","position":2,"name":"Alquera.com: Tienda Online de Productos Qu\u00edmicos y Material de Laboratorio","item":"https:\/\/www.alquera.com\/en\/tienda\/"},{"@type":"ListItem","position":3,"name":"Zeolita Natural"}]},{"@type":"WebSite","@id":"https:\/\/www.alquera.com\/en\/#website","url":"https:\/\/www.alquera.com\/en\/","name":"Alquera.com","description":"Online Shop Chemische Produkte und Laborger\u00e4te","publisher":{"@id":"https:\/\/www.alquera.com\/en\/#organization"},"potentialAction":[{"@type":"SearchAction","target":{"@type":"EntryPoint","urlTemplate":"https:\/\/www.alquera.com\/en\/?s={search_term_string}"},"query-input":{"@type":"PropertyValueSpecification","valueRequired":true,"valueName":"search_term_string"}}],"inLanguage":"de"},{"@type":"Organization","@id":"https:\/\/www.alquera.com\/en\/#organization","name":"ALQUERA CIENCIA SL","url":"https:\/\/www.alquera.com\/en\/","logo":{"@type":"ImageObject","inLanguage":"de","@id":"https:\/\/www.alquera.com\/en\/#\/schema\/logo\/image\/","url":"https:\/\/www.alquera.com\/wp-content\/uploads\/2020\/11\/logo_300_ancho.png","contentUrl":"https:\/\/www.alquera.com\/wp-content\/uploads\/2020\/11\/logo_300_ancho.png","width":300,"height":86,"caption":"ALQUERA CIENCIA SL"},"image":{"@id":"https:\/\/www.alquera.com\/en\/#\/schema\/logo\/image\/"},"sameAs":["https:\/\/www.facebook.com\/alqueraciencia","https:\/\/www.instagram.com\/alquera_ciencia\/","https:\/\/www.youtube.com\/c\/alquera"]}]},"product_brand":"Alquera","og_availability":"instock","product_availability":"instock","product_condition":"new"},"_links":{"self":[{"href":"https:\/\/www.alquera.com\/de\/wp-json\/wp\/v2\/product\/33449","targetHints":{"allow":["GET"]}}],"collection":[{"href":"https:\/\/www.alquera.com\/de\/wp-json\/wp\/v2\/product"}],"about":[{"href":"https:\/\/www.alquera.com\/de\/wp-json\/wp\/v2\/types\/product"}],"replies":[{"embeddable":true,"href":"https:\/\/www.alquera.com\/de\/wp-json\/wp\/v2\/comments?post=33449"}],"wp:featuredmedia":[{"embeddable":true,"href":"https:\/\/www.alquera.com\/de\/wp-json\/wp\/v2\/media\/35790"}],"wp:attachment":[{"href":"https:\/\/www.alquera.com\/de\/wp-json\/wp\/v2\/media?parent=33449"}],"wp:term":[{"taxonomy":"product_brand","embeddable":true,"href":"https:\/\/www.alquera.com\/de\/wp-json\/wp\/v2\/product_brand?post=33449"},{"taxonomy":"product_cat","embeddable":true,"href":"https:\/\/www.alquera.com\/de\/wp-json\/wp\/v2\/product_cat?post=33449"},{"taxonomy":"product_tag","embeddable":true,"href":"https:\/\/www.alquera.com\/de\/wp-json\/wp\/v2\/product_tag?post=33449"}],"curies":[{"name":"wp","href":"https:\/\/api.w.org\/{rel}","templated":true}]}}