{"id":33708,"date":"2021-04-28T10:45:19","date_gmt":"2021-04-28T10:45:19","guid":{"rendered":"https:\/\/www.alquera.com\/?post_type=product&#038;p=33708"},"modified":"2026-03-02T15:25:59","modified_gmt":"2026-03-02T15:25:59","slug":"tierra-de-diatomeas","status":"publish","type":"product","link":"https:\/\/www.alquera.com\/de\/tierra-de-diatomeas\/","title":{"rendered":"Kieselgur"},"content":{"rendered":"<p><strong>Kieselgur<\/strong>Pulver, das zum Bestreuen und Einmischen in die Anzuchterde oder das Substrat verwendet wird. Wird auch als Einstreu f\u00fcr Tiere oder als Futterzusatz verwendet.<\/p>\n<h2>KIESELGUR ZUSAMMENSETZUNG<\/h2>\n<p>Der Reichtum und die chemische Zusammensetzung der <strong>wichtigste Elemente<\/strong> sind:<\/p>\n<p>Silizium (SiO2)............................................62,00%<br \/>\nKalziumkarbonat (CaCO4)....................34,50%<br \/>\nKalzium (CaO)....................................................19,30%<br \/>\nKalksulfat (CaSO4).........................0,22%<br \/>\nMagnesium (MgO).................................................0,45%<br \/>\nPhosphor (P2O5)...................................................0,13%<br \/>\nKalium (K2O)......................................................0,18%<br \/>\nEisen (Fe2O3)...................................................0,72%<br \/>\nAluminium (Al2O3).............................................1,40%<br \/>\nChlor (Cl)...............................................................0,05%<\/p>\n<p>Kieselgur enth\u00e4lt bis zu 40 mineralische N\u00e4hrstoffe. Dazu geh\u00f6ren Prim\u00e4rn\u00e4hrstoffe wie Stickstoff, Phosphor und Kalium sowie Sekund\u00e4rn\u00e4hrstoffe wie Calcium, Magnesium und Schwefel. Dar\u00fcber hinaus gibt es 13 weitere Haupt- und Spurenelemente, die zwar in geringen Mengen vorhanden, aber f\u00fcr die Entwicklung und das Leben der Pflanzen unentbehrlich sind.<\/p>\n<ul>\n<li>3 Hauptn\u00e4hrstoffe: Stickstoff (N), Phosphor (P), Kalium (K)<\/li>\n<li>3 Sekund\u00e4rn\u00e4hrstoffe: Kalzium (Ca), Magnesium (Mg) und Schwefel (S).<\/li>\n<li>6 Wichtige Spurenelemente: Eisen (Fe), Mangan (Mn), Kupfer (Cu), Zink (Zn), Bor (B) und Molybd\u00e4n (Mo).<\/li>\n<li>7 Sekund\u00e4re Spurenelemente: Silizium (Si), Kobalt (Co), Fluor (F), Nickel (Ni), Selen (Se), Zinn (Sn), Jod (I) und Vanadium (V).<\/li>\n<\/ul>\n<p>&nbsp;<\/p>\n<h2>VERWENDUNG VON KIESELGUR<\/h2>\n<h3>MULTI-KORREKTURMASSNAHMEN-ANLAGEN<\/h3>\n<p>Die hohe Kationenaustauschkapazit\u00e4t (C.I.C.) erm\u00f6glicht es, dass alle Makro- und Mikroelemente, die es liefert, von den Pflanzen assimiliert werden, was es zu einem gro\u00dfartigen Multikorrektor f\u00fcr die Defizite macht, unter denen die Pflanzen w\u00e4hrend ihrer Wachstumszyklen leiden k\u00f6nnen.<\/p>\n<p><strong>DOSIERUNG<\/strong><\/p>\n<ul>\n<li>PFLANZENDOSIERUNG: Zwischen 200 und 300 g\/m2 ausstreuen.<\/li>\n<li>UNTERGRUND: 10\/15 g\/Liter Substrat ausstreuen.<\/li>\n<\/ul>\n<h3><strong>BEK\u00c4MPFUNG VON PARASITEN BEI TIEREN UND MENSCHEN.<\/strong><\/h3>\n<p>Kieselgur eignet sich f\u00fcr die Bek\u00e4mpfung von Parasiten bei Tieren und Menschen. Insekten wie L\u00e4use, Zecken, Fl\u00f6he und Bettwanzen k\u00f6nnen mit Kieselgur behandelt werden.<\/p>\n<p>Die<strong> Anmeldung<\/strong> w\u00e4re, das Pulver mit einem Talkumpuder oder durch Bespr\u00fchen mit der Hand direkt auf das Tier aufzubringen. Die Dosierung w\u00fcrde in diesem Fall 1 g pro kg Tier betragen (0 g pro kg Tier). Es kann auch in einer Menge von 20% - 30% in Shampoos f\u00fcr Haustiere angewendet werden.<\/p>\n<p>Es wird auch empfohlen, die Einstreu von Tieren leicht zu bestreuen, und in der menschlichen Umgebung kann es sowohl in H\u00e4usern auf dem Land als auch in der Stadt angewendet werden, indem das Produkt in Schr\u00e4nke, Vorratskammern, Abstellr\u00e4ume oder jeden anderen Ort gestreut wird, den man vor Insekten wie Spinnen, Motten, M\u00fccken, Schaben, Milben usw. sch\u00fctzen m\u00f6chte.<\/p>\n<p>100% ist f\u00fcr Tiere und Menschen unsch\u00e4dlich.<\/p>\n<h3><strong>SAMENSCHUTZ.<\/strong><\/h3>\n<p>Organische Behandlungen sind sehr wirksam bei der Bek\u00e4mpfung von Insekten, Bakterien und Pilzen w\u00e4hrend der Lagerung von Weizen, Gerste, Sojabohnen, Mais usw. und insbesondere gegen R\u00fcsselk\u00e4fer.<\/p>\n<p>Neben dem Schutz des Saatguts steigert Kieselgur die Keimkraft erheblich, reduziert die Feuchtigkeit und erh\u00f6ht das spezifische Gewicht.<\/p>\n<h3>SAATGUTSCHUTZDOSIS:<\/h3>\n<p>Mit 2 bis 3 kg pro MT Getreidesaatgut k\u00f6nnen Sie bei mittlerer Lagerdauer, d. h. bis zu etwa 12 Monaten, Ihr Saatgut grunds\u00e4tzlich von einer Ernte zur n\u00e4chsten lagern.<\/p>\n<h2><strong>DIATOMEENERDE ALS FUNGIZID<\/strong><\/h2>\n<p>Kieselgur besteht aus amorphem organischem Silizium, d. h. es handelt sich nicht um das herk\u00f6mmliche Silizium, das wir kennen und das in verschiedenen Industriezweigen verwendet wird. Diese amorphe Eigenschaft macht es zu einem Phytoalexin-Induktor.<\/p>\n<p>Es handelt sich um ein nat\u00fcrliches System, \u00e4hnlich wie bei Impfstoffen, die mit abgeschw\u00e4chten Viren der gleichen Krankheiten hergestellt werden, gegen die Tiere und Menschen immunisiert werden.  Indem sie die notwendigen Antik\u00f6rper produzieren und besitzen, die die durch den Impfstoff hervorgerufene leichte Infektion neutralisieren, sch\u00fctzen sie sich vor einer Infektion, die nicht fortschreiten kann, weil sie \u00fcber Abwehrkr\u00e4fte verf\u00fcgen.<\/p>\n<ul>\n<li>PFLANZENDOSIERUNG: Zwischen 200 und 300 g\/m2 ausstreuen.<\/li>\n<li>UNTERGRUND: 10\/15 g\/Liter Substrat ausstreuen.<\/li>\n<\/ul>\n<h2><strong>SCH\u00c4DLINGSBEK\u00c4MPFUNG IN BODENKULTUREN<\/strong><\/h2>\n<p>Kieselgur wirkt als Trockenmittel f\u00fcr kaltbl\u00fctige Insekten. Die Insekten beginnen auszutrocknen und zu sterben, so dass es ein gro\u00dfartiger Verb\u00fcndeter ist, der in unsere Anbauerde oder unser Substrat gemischt wird und Bodeninsekten wie Ameisen, Schnecken, Bodenw\u00fcrmer usw. bek\u00e4mpft.<\/p>\n<ul>\n<li>Milben, Zecken, Fliegen, Blattl\u00e4use, Spinnen, R\u00fcsselk\u00e4fer, M\u00fccken, Bremsen, Nacktschnecken, Grillen, Raupen, Termiten, Schnecken, Ameisen, L\u00e4use, Fliegen, Bettwanzen, M\u00fccken, Motten, Schmierl\u00e4use, Schaben, Heuschrecken, Fl\u00f6he, Maden, Maden, W\u00fcrmer<\/li>\n<li>DOSIERUNG AUF PLYWOOD: 100gr\/m2.<\/li>\n<li>ORCHARD DOSIERUNG: 250gr\/m2<\/li>\n<\/ul>\n<p>&nbsp;<\/p>","protected":false},"excerpt":{"rendered":"<p>Kaufen Sie Kieselgur in Packungen von 1 kg und 5 kg. Der Preis f\u00fcr die verschiedenen Formate von Kieselgur ist ersichtlich, wenn Sie das gew\u00fcnschte Format ausw\u00e4hlen. Die Bestellung erfolgt direkt \u00fcber das Internet nach den angegebenen Schritten und wird innerhalb von 24\/48 Stunden geliefert.<\/p>","protected":false},"featured_media":35760,"comment_status":"open","ping_status":"closed","template":"","meta":{"_acf_changed":false,"site-sidebar-layout":"default","site-content-layout":"default","ast-site-content-layout":"default","site-content-style":"default","site-sidebar-style":"default","ast-global-header-display":"","ast-banner-title-visibility":"","ast-main-header-display":"","ast-hfb-above-header-display":"","ast-hfb-below-header-display":"","ast-hfb-mobile-header-display":"","site-post-title":"","ast-breadcrumbs-content":"","ast-featured-img":"","footer-sml-layout":"","ast-disable-related-posts":"","theme-transparent-header-meta":"default","adv-header-id-meta":"","stick-header-meta":"default","header-above-stick-meta":"","header-main-stick-meta":"","header-below-stick-meta":"","astra-migrate-meta-layouts":"set","ast-page-background-enabled":"default","ast-page-background-meta":{"desktop":{"background-color":"var(--ast-global-color-4)","background-image":"","background-repeat":"repeat","background-position":"center center","background-size":"auto","background-attachment":"scroll","background-type":"","background-media":"","overlay-type":"","overlay-color":"","overlay-opacity":"","overlay-gradient":""},"tablet":{"background-color":"","background-image":"","background-repeat":"repeat","background-position":"center center","background-size":"auto","background-attachment":"scroll","background-type":"","background-media":"","overlay-type":"","overlay-color":"","overlay-opacity":"","overlay-gradient":""},"mobile":{"background-color":"","background-image":"","background-repeat":"repeat","background-position":"center center","background-size":"auto","background-attachment":"scroll","background-type":"","background-media":"","overlay-type":"","overlay-color":"","overlay-opacity":"","overlay-gradient":""}},"ast-content-background-meta":{"desktop":{"background-color":"var(--ast-global-color-5)","background-image":"","background-repeat":"repeat","background-position":"center center","background-size":"auto","background-attachment":"scroll","background-type":"","background-media":"","overlay-type":"","overlay-color":"","overlay-opacity":"","overlay-gradient":""},"tablet":{"background-color":"var(--ast-global-color-5)","background-image":"","background-repeat":"repeat","background-position":"center center","background-size":"auto","background-attachment":"scroll","background-type":"","background-media":"","overlay-type":"","overlay-color":"","overlay-opacity":"","overlay-gradient":""},"mobile":{"background-color":"var(--ast-global-color-5)","background-image":"","background-repeat":"repeat","background-position":"center center","background-size":"auto","background-attachment":"scroll","background-type":"","background-media":"","overlay-type":"","overlay-color":"","overlay-opacity":"","overlay-gradient":""}}},"product_brand":[],"product_cat":[213,21],"product_tag":[],"class_list":{"0":"post-33708","1":"product","2":"type-product","3":"status-publish","4":"has-post-thumbnail","6":"product_cat-agroquimicos","7":"product_cat-productos","8":"pa_cantidad-3kg","9":"pa_cantidad-1kg","10":"desktop-align-left","11":"tablet-align-left","12":"mobile-align-left","13":"ast-product-gallery-layout-horizontal-slider","14":"ast-magnify-disabled","15":"ast-product-single-variable","16":"ast-product-tabs-layout-horizontal","17":"ast-qv-on-image","19":"first","20":"instock","21":"taxable","22":"shipping-taxable","23":"purchasable","24":"product-type-variable","25":"has-default-attributes"},"acf":[],"yoast_head":"<!-- This site is optimized with the Yoast SEO Premium plugin v27.1 (Yoast SEO v27.1.1) - https:\/\/yoast.com\/product\/yoast-seo-premium-wordpress\/ -->\n<title>Tierra de Diatomeas: Comprar Online - Alquera.com<\/title>\n<meta name=\"description\" content=\"ENVIOS EN 24\/48H. Comprar Tierra de Diatomeas. Utilizada para espolvorear y mezclar en el suelo de cultivo, como multinutriente y fungicida.\" \/>\n<meta name=\"robots\" content=\"index, follow, max-snippet:-1, max-image-preview:large, max-video-preview:-1\" \/>\n<link rel=\"canonical\" href=\"https:\/\/www.alquera.com\/de\/tierra-de-diatomeas\/\" \/>\n<meta property=\"og:locale\" content=\"de_DE\" \/>\n<meta property=\"og:type\" content=\"article\" \/>\n<meta property=\"og:title\" content=\"Tierra de Diatomeas: Comprar Online - Alquera.com\" \/>\n<meta property=\"og:description\" content=\"ENVIOS EN 24\/48H. Comprar Tierra de Diatomeas. Utilizada para espolvorear y mezclar en el suelo de cultivo, como multinutriente y fungicida.\" \/>\n<meta property=\"og:url\" content=\"https:\/\/www.alquera.com\/de\/tierra-de-diatomeas\/\" \/>\n<meta property=\"og:site_name\" content=\"Alquera.com\" \/>\n<meta property=\"article:publisher\" content=\"https:\/\/www.facebook.com\/alqueraciencia\" \/>\n<meta property=\"article:modified_time\" content=\"2026-03-02T15:25:59+00:00\" \/>\n<meta property=\"og:image\" content=\"https:\/\/www.alquera.com\/wp-content\/uploads\/2021\/04\/TIERRA-DE-DIATOMEAS_22_10.png\" \/>\n\t<meta property=\"og:image:width\" content=\"800\" \/>\n\t<meta property=\"og:image:height\" content=\"800\" \/>\n\t<meta property=\"og:image:type\" content=\"image\/png\" \/>\n<meta name=\"twitter:card\" content=\"summary_large_image\" \/>\n<meta name=\"twitter:label1\" content=\"Verf\u00fcgbarkeit\" \/>\n\t<meta name=\"twitter:data1\" content=\"Auf Lager\" \/>\n<script type=\"application\/ld+json\" class=\"yoast-schema-graph\">{\"@context\":\"https:\/\/schema.org\",\"@graph\":[{\"@type\":[\"WebPage\",\"ItemPage\"],\"@id\":\"https:\/\/www.alquera.com\/tierra-de-diatomeas\/\",\"url\":\"https:\/\/www.alquera.com\/tierra-de-diatomeas\/\",\"name\":\"Tierra de Diatomeas: Comprar Online - Alquera.com\",\"isPartOf\":{\"@id\":\"https:\/\/www.alquera.com\/en\/#website\"},\"primaryImageOfPage\":{\"@id\":\"https:\/\/www.alquera.com\/tierra-de-diatomeas\/#primaryimage\"},\"image\":{\"@id\":\"https:\/\/www.alquera.com\/tierra-de-diatomeas\/#primaryimage\"},\"thumbnailUrl\":\"https:\/\/www.alquera.com\/wp-content\/uploads\/2021\/04\/TIERRA-DE-DIATOMEAS_22_10.png\",\"datePublished\":\"2021-04-28T10:45:19+00:00\",\"dateModified\":\"2026-03-02T15:25:59+00:00\",\"description\":\"ENVIOS EN 24\/48H. Comprar Tierra de Diatomeas. Utilizada para espolvorear y mezclar en el suelo de cultivo, como multinutriente y fungicida.\",\"breadcrumb\":{\"@id\":\"https:\/\/www.alquera.com\/tierra-de-diatomeas\/#breadcrumb\"},\"inLanguage\":\"de\",\"potentialAction\":[{\"@type\":\"ReadAction\",\"target\":[\"https:\/\/www.alquera.com\/tierra-de-diatomeas\/\"]}]},{\"@type\":\"ImageObject\",\"inLanguage\":\"de\",\"@id\":\"https:\/\/www.alquera.com\/tierra-de-diatomeas\/#primaryimage\",\"url\":\"https:\/\/www.alquera.com\/wp-content\/uploads\/2021\/04\/TIERRA-DE-DIATOMEAS_22_10.png\",\"contentUrl\":\"https:\/\/www.alquera.com\/wp-content\/uploads\/2021\/04\/TIERRA-DE-DIATOMEAS_22_10.png\",\"width\":800,\"height\":800,\"caption\":\"TIERRA DE DIATOMEAS\"},{\"@type\":\"BreadcrumbList\",\"@id\":\"https:\/\/www.alquera.com\/tierra-de-diatomeas\/#breadcrumb\",\"itemListElement\":[{\"@type\":\"ListItem\",\"position\":1,\"name\":\"Inicio\",\"item\":\"https:\/\/www.alquera.com\/\"},{\"@type\":\"ListItem\",\"position\":2,\"name\":\"Alquera.com: Tienda Online de Productos Qu\u00edmicos y Material de Laboratorio\",\"item\":\"https:\/\/www.alquera.com\/en\/tienda\/\"},{\"@type\":\"ListItem\",\"position\":3,\"name\":\"Tierra de Diatomeas\"}]},{\"@type\":\"WebSite\",\"@id\":\"https:\/\/www.alquera.com\/en\/#website\",\"url\":\"https:\/\/www.alquera.com\/en\/\",\"name\":\"Alquera.com\",\"description\":\"Tienda Online Productos Qu\u00edmicos y Material de Laboratorio\",\"publisher\":{\"@id\":\"https:\/\/www.alquera.com\/en\/#organization\"},\"potentialAction\":[{\"@type\":\"SearchAction\",\"target\":{\"@type\":\"EntryPoint\",\"urlTemplate\":\"https:\/\/www.alquera.com\/en\/?s={search_term_string}\"},\"query-input\":{\"@type\":\"PropertyValueSpecification\",\"valueRequired\":true,\"valueName\":\"search_term_string\"}}],\"inLanguage\":\"de\"},{\"@type\":\"Organization\",\"@id\":\"https:\/\/www.alquera.com\/en\/#organization\",\"name\":\"ALQUERA CIENCIA SL\",\"url\":\"https:\/\/www.alquera.com\/en\/\",\"logo\":{\"@type\":\"ImageObject\",\"inLanguage\":\"de\",\"@id\":\"https:\/\/www.alquera.com\/en\/#\/schema\/logo\/image\/\",\"url\":\"https:\/\/www.alquera.com\/wp-content\/uploads\/2020\/11\/logo_300_ancho.png\",\"contentUrl\":\"https:\/\/www.alquera.com\/wp-content\/uploads\/2020\/11\/logo_300_ancho.png\",\"width\":300,\"height\":86,\"caption\":\"ALQUERA CIENCIA SL\"},\"image\":{\"@id\":\"https:\/\/www.alquera.com\/en\/#\/schema\/logo\/image\/\"},\"sameAs\":[\"https:\/\/www.facebook.com\/alqueraciencia\",\"https:\/\/www.instagram.com\/alquera_ciencia\/\",\"https:\/\/www.youtube.com\/c\/alquera\"]}]}<\/script>\n<meta property=\"og:availability\" content=\"instock\" \/>\n<meta property=\"product:availability\" content=\"instock\" \/>\n<meta property=\"product:condition\" content=\"new\" \/>\n<!-- \/ Yoast SEO Premium plugin. -->","yoast_head_json":{"title":"Kieselgur: Online kaufen - Alquera.com","description":"24\/48H VERSAND. Diatomeenerde kaufen. Wird zum Bespr\u00fchen und Einmischen in den Boden verwendet, als Multin\u00e4hrstoff und Fungizid.","robots":{"index":"index","follow":"follow","max-snippet":"max-snippet:-1","max-image-preview":"max-image-preview:large","max-video-preview":"max-video-preview:-1"},"canonical":"https:\/\/www.alquera.com\/de\/tierra-de-diatomeas\/","og_locale":"de_DE","og_type":"article","og_title":"Tierra de Diatomeas: Comprar Online - Alquera.com","og_description":"ENVIOS EN 24\/48H. Comprar Tierra de Diatomeas. Utilizada para espolvorear y mezclar en el suelo de cultivo, como multinutriente y fungicida.","og_url":"https:\/\/www.alquera.com\/de\/tierra-de-diatomeas\/","og_site_name":"Alquera.com","article_publisher":"https:\/\/www.facebook.com\/alqueraciencia","article_modified_time":"2026-03-02T15:25:59+00:00","og_image":[{"width":800,"height":800,"url":"https:\/\/www.alquera.com\/wp-content\/uploads\/2021\/04\/TIERRA-DE-DIATOMEAS_22_10.png","type":"image\/png"}],"twitter_card":"summary_large_image","twitter_misc":{"Verf\u00fcgbarkeit":"Auf Lager"},"schema":{"@context":"https:\/\/schema.org","@graph":[{"@type":["WebPage","ItemPage"],"@id":"https:\/\/www.alquera.com\/tierra-de-diatomeas\/","url":"https:\/\/www.alquera.com\/tierra-de-diatomeas\/","name":"Kieselgur: Online kaufen - Alquera.com","isPartOf":{"@id":"https:\/\/www.alquera.com\/en\/#website"},"primaryImageOfPage":{"@id":"https:\/\/www.alquera.com\/tierra-de-diatomeas\/#primaryimage"},"image":{"@id":"https:\/\/www.alquera.com\/tierra-de-diatomeas\/#primaryimage"},"thumbnailUrl":"https:\/\/www.alquera.com\/wp-content\/uploads\/2021\/04\/TIERRA-DE-DIATOMEAS_22_10.png","datePublished":"2021-04-28T10:45:19+00:00","dateModified":"2026-03-02T15:25:59+00:00","description":"24\/48H VERSAND. Diatomeenerde kaufen. Wird zum Bespr\u00fchen und Einmischen in den Boden verwendet, als Multin\u00e4hrstoff und Fungizid.","breadcrumb":{"@id":"https:\/\/www.alquera.com\/tierra-de-diatomeas\/#breadcrumb"},"inLanguage":"de","potentialAction":[{"@type":"ReadAction","target":["https:\/\/www.alquera.com\/tierra-de-diatomeas\/"]}]},{"@type":"ImageObject","inLanguage":"de","@id":"https:\/\/www.alquera.com\/tierra-de-diatomeas\/#primaryimage","url":"https:\/\/www.alquera.com\/wp-content\/uploads\/2021\/04\/TIERRA-DE-DIATOMEAS_22_10.png","contentUrl":"https:\/\/www.alquera.com\/wp-content\/uploads\/2021\/04\/TIERRA-DE-DIATOMEAS_22_10.png","width":800,"height":800,"caption":"TIERRA DE DIATOMEAS"},{"@type":"BreadcrumbList","@id":"https:\/\/www.alquera.com\/tierra-de-diatomeas\/#breadcrumb","itemListElement":[{"@type":"ListItem","position":1,"name":"Inicio","item":"https:\/\/www.alquera.com\/"},{"@type":"ListItem","position":2,"name":"Alquera.com: Tienda Online de Productos Qu\u00edmicos y Material de Laboratorio","item":"https:\/\/www.alquera.com\/en\/tienda\/"},{"@type":"ListItem","position":3,"name":"Tierra de Diatomeas"}]},{"@type":"WebSite","@id":"https:\/\/www.alquera.com\/en\/#website","url":"https:\/\/www.alquera.com\/en\/","name":"Alquera.com","description":"Online Shop Chemische Produkte und Laborger\u00e4te","publisher":{"@id":"https:\/\/www.alquera.com\/en\/#organization"},"potentialAction":[{"@type":"SearchAction","target":{"@type":"EntryPoint","urlTemplate":"https:\/\/www.alquera.com\/en\/?s={search_term_string}"},"query-input":{"@type":"PropertyValueSpecification","valueRequired":true,"valueName":"search_term_string"}}],"inLanguage":"de"},{"@type":"Organization","@id":"https:\/\/www.alquera.com\/en\/#organization","name":"ALQUERA CIENCIA SL","url":"https:\/\/www.alquera.com\/en\/","logo":{"@type":"ImageObject","inLanguage":"de","@id":"https:\/\/www.alquera.com\/en\/#\/schema\/logo\/image\/","url":"https:\/\/www.alquera.com\/wp-content\/uploads\/2020\/11\/logo_300_ancho.png","contentUrl":"https:\/\/www.alquera.com\/wp-content\/uploads\/2020\/11\/logo_300_ancho.png","width":300,"height":86,"caption":"ALQUERA CIENCIA SL"},"image":{"@id":"https:\/\/www.alquera.com\/en\/#\/schema\/logo\/image\/"},"sameAs":["https:\/\/www.facebook.com\/alqueraciencia","https:\/\/www.instagram.com\/alquera_ciencia\/","https:\/\/www.youtube.com\/c\/alquera"]}]},"og_availability":"instock","product_availability":"instock","product_condition":"new"},"_links":{"self":[{"href":"https:\/\/www.alquera.com\/de\/wp-json\/wp\/v2\/product\/33708","targetHints":{"allow":["GET"]}}],"collection":[{"href":"https:\/\/www.alquera.com\/de\/wp-json\/wp\/v2\/product"}],"about":[{"href":"https:\/\/www.alquera.com\/de\/wp-json\/wp\/v2\/types\/product"}],"replies":[{"embeddable":true,"href":"https:\/\/www.alquera.com\/de\/wp-json\/wp\/v2\/comments?post=33708"}],"wp:featuredmedia":[{"embeddable":true,"href":"https:\/\/www.alquera.com\/de\/wp-json\/wp\/v2\/media\/35760"}],"wp:attachment":[{"href":"https:\/\/www.alquera.com\/de\/wp-json\/wp\/v2\/media?parent=33708"}],"wp:term":[{"taxonomy":"product_brand","embeddable":true,"href":"https:\/\/www.alquera.com\/de\/wp-json\/wp\/v2\/product_brand?post=33708"},{"taxonomy":"product_cat","embeddable":true,"href":"https:\/\/www.alquera.com\/de\/wp-json\/wp\/v2\/product_cat?post=33708"},{"taxonomy":"product_tag","embeddable":true,"href":"https:\/\/www.alquera.com\/de\/wp-json\/wp\/v2\/product_tag?post=33708"}],"curies":[{"name":"wp","href":"https:\/\/api.w.org\/{rel}","templated":true}]}}