{"id":33714,"date":"2021-04-28T11:51:28","date_gmt":"2021-04-28T11:51:28","guid":{"rendered":"https:\/\/www.alquera.com\/?post_type=product&#038;p=33714"},"modified":"2026-03-02T15:29:25","modified_gmt":"2026-03-02T15:29:25","slug":"quelato-de-hierro-eddha","status":"publish","type":"product","link":"https:\/\/www.alquera.com\/de\/quelato-de-hierro-eddha\/","title":{"rendered":"Eisenchelat EDDHA 6%"},"content":{"rendered":"<p>EISENCHELAT. 6% EDDHA 4,8% o-o. Heilt und verhindert Eisenchlorose oder gelbe Bl\u00e4tter mit gr\u00fcnen Adern. Wirkt auch als Farbverst\u00e4rker bei Blumen.<\/p>\n<p>Bis heute ist das mit EDDHA chelatisierte Eisen dasjenige, das die gr\u00f6\u00dfte Effizienz bei der Eisenaufnahme durch die Pflanze erreicht hat. 6% EDDHA 4,8% ist das beste Eisen, das wir auf dem Markt finden k\u00f6nnen. Es ist in einem breiten pH-Bereich stabil, so dass wir in dieser Hinsicht keine Probleme haben werden. Die Wirkung ist schnell sichtbar.<\/p>\n<h2>GEBRAUCHSANWEISUNG F\u00dcR CHELATIERTES EISEN<\/h2>\n<p>EDDHA-Eisenchelat kann durch Injektionsverfahren mit einer Lanze oder einem Lokalisierungsschar ausgebracht werden, wobei sicherzustellen ist, dass sich das Produkt in der Wurzelzone befindet. Es kann auch in L\u00f6cher, Furchen oder mit dem Bew\u00e4sserungswasser ausgebracht werden. Es wird empfohlen, das Eisenchelat in der Wurzelzone zu platzieren, insbesondere bei jungen und\/oder weitr\u00e4umigen Anpflanzungen. Nach der Anwendung des Produkts wird eine Bew\u00e4sserung empfohlen.<br \/>\nDURCH BEW\u00c4SSERUNG: Es wird empfohlen, es im D\u00fcngemitteltank aufgel\u00f6st \u00fcber das Bew\u00e4sserungssystem auszubringen. Es ist vorzuziehen, zu fraktionieren<br \/>\nDosierung in 2-4 Anwendungen alle 10-15 Tage<\/p>\n<h2>EDDHA EISENCHELAT DOSIERUNG<\/h2>\n<p>Hohe Dosen von EDDHA-Eisenchelat w\u00fcrden bei empfindlicheren Kulturen und in alkalischen B\u00f6den mit hohem Aktivkalkgehalt eingesetzt.<br \/>\nDie Anwendung wird empfohlen, damit die Pflanzen das Produkt zum Zeitpunkt des Austriebs im Fr\u00fchjahr und Sommer zur Verf\u00fcgung haben, mit dem Ziel, dass sie<br \/>\ndas beste Ergebnis<\/p>\n<table>\n<thead>\n<tr>\n<th style=\"text-align: left;\">PFLANZEN<\/th>\n<th>EINARBEITUNG IN DEN BODEN<\/th>\n<th>FERTIGATION<\/th>\n<\/tr>\n<\/thead>\n<tbody>\n<tr>\n<th style=\"text-align: left;\" colspan=\"3\">OBST-, ZITRUSFRUCHT- UND HASELNUSSB\u00c4UME<\/th>\n<\/tr>\n<tr>\n<td>Kinderzimmer<\/td>\n<td>3-5g\/Baum<\/td>\n<td>&#8212;<\/td>\n<\/tr>\n<tr>\n<td>Setzlinge<\/td>\n<td>5-15g\/Baum<\/td>\n<td>3-10g\/Baum<\/td>\n<\/tr>\n<tr>\n<td>Junge B\u00e4ume oder Spalierb\u00e4ume<\/td>\n<td>15-25g\/Baum<\/td>\n<td>10-15g\/Baum<\/td>\n<\/tr>\n<tr>\n<td>B\u00e4ume in der Produktion<\/td>\n<td>30-50g\/Baum<\/td>\n<td>20-35g\/Baum<\/td>\n<\/tr>\n<tr>\n<td>Stark von Chlorose befallene B\u00e4ume oder sehr entwickelte B\u00e4ume<\/td>\n<td>60-100g\/Baum<\/td>\n<td>50-70g\/Baum<\/td>\n<\/tr>\n<tr>\n<th style=\"text-align: left;\" colspan=\"3\">WEINBERG, WEINBERG UND BANANENPLANTAGE<\/th>\n<\/tr>\n<tr>\n<td>Junge Reben<\/td>\n<td>3-5g\/ft<\/td>\n<td>2-4g\/ft<\/td>\n<\/tr>\n<tr>\n<td>Entwickelte St\u00e4mme<\/td>\n<td>5-10g\/ft<\/td>\n<td>3-7g\/ft<\/td>\n<\/tr>\n<tr>\n<td>Weinreben und Bananenstauden<\/td>\n<td>15-25g\/ft<\/td>\n<td>10-15g\/ft<\/td>\n<\/tr>\n<tr>\n<th style=\"text-align: left;\" colspan=\"3\">GARTENBAUPFLANZEN UND ZIERPFLANZEN<\/th>\n<\/tr>\n<tr>\n<td>Entwicklung des Hauses<\/td>\n<td>1-2g\/m2<\/td>\n<td>0,5-1g\/ft<\/td>\n<\/tr>\n<tr>\n<td>Vollst\u00e4ndige Entwicklung<\/td>\n<td>2-4g\/m2<\/td>\n<td>1-2g\/ft<\/td>\n<\/tr>\n<\/tbody>\n<\/table>","protected":false},"excerpt":{"rendered":"<p>Kaufen Sie Eisenchelat EDDHA 6% von kleinen Paketen von 250 Gramm bis zu 5Kg S\u00e4cken. Der Preis f\u00fcr die verschiedenen Formate von Eisenchelat ist ersichtlich, wenn Sie das gew\u00fcnschte Format ausw\u00e4hlen. Die Bestellung erfolgt direkt \u00fcber das Web nach den angegebenen Schritten, wobei die Lieferung in 24\/48 Stunden.<\/p>","protected":false},"featured_media":33860,"comment_status":"open","ping_status":"closed","template":"","meta":{"_acf_changed":false,"site-sidebar-layout":"default","site-content-layout":"default","ast-site-content-layout":"default","site-content-style":"default","site-sidebar-style":"default","ast-global-header-display":"","ast-banner-title-visibility":"","ast-main-header-display":"","ast-hfb-above-header-display":"","ast-hfb-below-header-display":"","ast-hfb-mobile-header-display":"","site-post-title":"","ast-breadcrumbs-content":"","ast-featured-img":"","footer-sml-layout":"","ast-disable-related-posts":"","theme-transparent-header-meta":"default","adv-header-id-meta":"","stick-header-meta":"default","header-above-stick-meta":"","header-main-stick-meta":"","header-below-stick-meta":"","astra-migrate-meta-layouts":"default","ast-page-background-enabled":"default","ast-page-background-meta":{"desktop":{"background-color":"var(--ast-global-color-4)","background-image":"","background-repeat":"repeat","background-position":"center center","background-size":"auto","background-attachment":"scroll","background-type":"","background-media":"","overlay-type":"","overlay-color":"","overlay-opacity":"","overlay-gradient":""},"tablet":{"background-color":"","background-image":"","background-repeat":"repeat","background-position":"center center","background-size":"auto","background-attachment":"scroll","background-type":"","background-media":"","overlay-type":"","overlay-color":"","overlay-opacity":"","overlay-gradient":""},"mobile":{"background-color":"","background-image":"","background-repeat":"repeat","background-position":"center center","background-size":"auto","background-attachment":"scroll","background-type":"","background-media":"","overlay-type":"","overlay-color":"","overlay-opacity":"","overlay-gradient":""}},"ast-content-background-meta":{"desktop":{"background-color":"var(--ast-global-color-5)","background-image":"","background-repeat":"repeat","background-position":"center center","background-size":"auto","background-attachment":"scroll","background-type":"","background-media":"","overlay-type":"","overlay-color":"","overlay-opacity":"","overlay-gradient":""},"tablet":{"background-color":"var(--ast-global-color-5)","background-image":"","background-repeat":"repeat","background-position":"center center","background-size":"auto","background-attachment":"scroll","background-type":"","background-media":"","overlay-type":"","overlay-color":"","overlay-opacity":"","overlay-gradient":""},"mobile":{"background-color":"var(--ast-global-color-5)","background-image":"","background-repeat":"repeat","background-position":"center center","background-size":"auto","background-attachment":"scroll","background-type":"","background-media":"","overlay-type":"","overlay-color":"","overlay-opacity":"","overlay-gradient":""}}},"product_brand":[],"product_cat":[213,21],"product_tag":[],"class_list":{"0":"post-33714","1":"product","2":"type-product","3":"status-publish","4":"has-post-thumbnail","6":"product_cat-agroquimicos","7":"product_cat-productos","8":"pa_cantidad-250g","9":"pa_cantidad-1kg","10":"pa_cantidad-5kg","11":"desktop-align-left","12":"tablet-align-left","13":"mobile-align-left","14":"ast-product-gallery-layout-horizontal-slider","15":"ast-magnify-disabled","16":"ast-product-single-variable","17":"ast-product-tabs-layout-horizontal","18":"ast-qv-on-image","20":"first","21":"instock","22":"taxable","23":"shipping-taxable","24":"purchasable","25":"product-type-variable","26":"has-default-attributes"},"acf":[],"yoast_head":"<!-- This site is optimized with the Yoast SEO Premium plugin v27.1 (Yoast SEO v27.1.1) - https:\/\/yoast.com\/product\/yoast-seo-premium-wordpress\/ -->\n<title>Quelato de Hierro EDDHA 6%: Comprar Online - Alquera.com<\/title>\n<meta name=\"description\" content=\"ENV\u00cdOS EN 24\/48H. Prevenir clorosis f\u00e9rrica en las plantas con quelato de hierro, EDDHA 6%. Tambi\u00e9n mejorar color flores.\" \/>\n<meta name=\"robots\" content=\"index, follow, max-snippet:-1, max-image-preview:large, max-video-preview:-1\" \/>\n<link rel=\"canonical\" href=\"https:\/\/www.alquera.com\/de\/quelato-de-hierro-eddha\/\" \/>\n<meta property=\"og:locale\" content=\"de_DE\" \/>\n<meta property=\"og:type\" content=\"article\" \/>\n<meta property=\"og:title\" content=\"Quelato de Hierro EDDHA 6%: Comprar Online - Alquera.com\" \/>\n<meta property=\"og:description\" content=\"ENV\u00cdOS EN 24\/48H. Prevenir clorosis f\u00e9rrica en las plantas con quelato de hierro, EDDHA 6%. Tambi\u00e9n mejorar color flores.\" \/>\n<meta property=\"og:url\" content=\"https:\/\/www.alquera.com\/de\/quelato-de-hierro-eddha\/\" \/>\n<meta property=\"og:site_name\" content=\"Alquera.com\" \/>\n<meta property=\"article:publisher\" content=\"https:\/\/www.facebook.com\/alqueraciencia\" \/>\n<meta property=\"article:modified_time\" content=\"2026-03-02T15:29:25+00:00\" \/>\n<meta property=\"og:image\" content=\"https:\/\/www.alquera.com\/wp-content\/uploads\/2021\/04\/QUELATO-DE-HIERRO-EDDHA-scaled.jpg\" \/>\n\t<meta property=\"og:image:width\" content=\"800\" \/>\n\t<meta property=\"og:image:height\" content=\"800\" \/>\n\t<meta property=\"og:image:type\" content=\"image\/jpeg\" \/>\n<meta name=\"twitter:card\" content=\"summary_large_image\" \/>\n<meta name=\"twitter:label1\" content=\"Verf\u00fcgbarkeit\" \/>\n\t<meta name=\"twitter:data1\" content=\"Auf Lager\" \/>\n<script type=\"application\/ld+json\" class=\"yoast-schema-graph\">{\"@context\":\"https:\/\/schema.org\",\"@graph\":[{\"@type\":[\"WebPage\",\"ItemPage\"],\"@id\":\"https:\/\/www.alquera.com\/quelato-de-hierro-eddha\/\",\"url\":\"https:\/\/www.alquera.com\/quelato-de-hierro-eddha\/\",\"name\":\"Quelato de Hierro EDDHA 6%: Comprar Online - Alquera.com\",\"isPartOf\":{\"@id\":\"https:\/\/www.alquera.com\/en\/#website\"},\"primaryImageOfPage\":{\"@id\":\"https:\/\/www.alquera.com\/quelato-de-hierro-eddha\/#primaryimage\"},\"image\":{\"@id\":\"https:\/\/www.alquera.com\/quelato-de-hierro-eddha\/#primaryimage\"},\"thumbnailUrl\":\"https:\/\/www.alquera.com\/wp-content\/uploads\/2021\/04\/QUELATO-DE-HIERRO-EDDHA-scaled.jpg\",\"datePublished\":\"2021-04-28T11:51:28+00:00\",\"dateModified\":\"2026-03-02T15:29:25+00:00\",\"description\":\"ENV\u00cdOS EN 24\/48H. Prevenir clorosis f\u00e9rrica en las plantas con quelato de hierro, EDDHA 6%. Tambi\u00e9n mejorar color flores.\",\"breadcrumb\":{\"@id\":\"https:\/\/www.alquera.com\/quelato-de-hierro-eddha\/#breadcrumb\"},\"inLanguage\":\"de\",\"potentialAction\":[{\"@type\":\"ReadAction\",\"target\":[\"https:\/\/www.alquera.com\/quelato-de-hierro-eddha\/\"]}]},{\"@type\":\"ImageObject\",\"inLanguage\":\"de\",\"@id\":\"https:\/\/www.alquera.com\/quelato-de-hierro-eddha\/#primaryimage\",\"url\":\"https:\/\/www.alquera.com\/wp-content\/uploads\/2021\/04\/QUELATO-DE-HIERRO-EDDHA-scaled.jpg\",\"contentUrl\":\"https:\/\/www.alquera.com\/wp-content\/uploads\/2021\/04\/QUELATO-DE-HIERRO-EDDHA-scaled.jpg\",\"width\":800,\"height\":800,\"caption\":\"QUELATO DE HIERRO EDDHA\"},{\"@type\":\"BreadcrumbList\",\"@id\":\"https:\/\/www.alquera.com\/quelato-de-hierro-eddha\/#breadcrumb\",\"itemListElement\":[{\"@type\":\"ListItem\",\"position\":1,\"name\":\"Inicio\",\"item\":\"https:\/\/www.alquera.com\/\"},{\"@type\":\"ListItem\",\"position\":2,\"name\":\"Alquera.com: Tienda Online de Productos Qu\u00edmicos y Material de Laboratorio\",\"item\":\"https:\/\/www.alquera.com\/en\/tienda\/\"},{\"@type\":\"ListItem\",\"position\":3,\"name\":\"Quelato de Hierro EDDHA 6%\"}]},{\"@type\":\"WebSite\",\"@id\":\"https:\/\/www.alquera.com\/en\/#website\",\"url\":\"https:\/\/www.alquera.com\/en\/\",\"name\":\"Alquera.com\",\"description\":\"Tienda Online Productos Qu\u00edmicos y Material de Laboratorio\",\"publisher\":{\"@id\":\"https:\/\/www.alquera.com\/en\/#organization\"},\"potentialAction\":[{\"@type\":\"SearchAction\",\"target\":{\"@type\":\"EntryPoint\",\"urlTemplate\":\"https:\/\/www.alquera.com\/en\/?s={search_term_string}\"},\"query-input\":{\"@type\":\"PropertyValueSpecification\",\"valueRequired\":true,\"valueName\":\"search_term_string\"}}],\"inLanguage\":\"de\"},{\"@type\":\"Organization\",\"@id\":\"https:\/\/www.alquera.com\/en\/#organization\",\"name\":\"ALQUERA CIENCIA SL\",\"url\":\"https:\/\/www.alquera.com\/en\/\",\"logo\":{\"@type\":\"ImageObject\",\"inLanguage\":\"de\",\"@id\":\"https:\/\/www.alquera.com\/en\/#\/schema\/logo\/image\/\",\"url\":\"https:\/\/www.alquera.com\/wp-content\/uploads\/2020\/11\/logo_300_ancho.png\",\"contentUrl\":\"https:\/\/www.alquera.com\/wp-content\/uploads\/2020\/11\/logo_300_ancho.png\",\"width\":300,\"height\":86,\"caption\":\"ALQUERA CIENCIA SL\"},\"image\":{\"@id\":\"https:\/\/www.alquera.com\/en\/#\/schema\/logo\/image\/\"},\"sameAs\":[\"https:\/\/www.facebook.com\/alqueraciencia\",\"https:\/\/www.instagram.com\/alquera_ciencia\/\",\"https:\/\/www.youtube.com\/c\/alquera\"]}]}<\/script>\n<meta property=\"og:availability\" content=\"instock\" \/>\n<meta property=\"product:availability\" content=\"instock\" \/>\n<meta property=\"product:condition\" content=\"new\" \/>\n<!-- \/ Yoast SEO Premium plugin. -->","yoast_head_json":{"title":"Eisenchelat EDDHA 6%: Online kaufen - Alquera.de","description":"SENDUNGEN IN 24\/48H. Vorbeugung von Eisenchlorose bei Pflanzen mit Eisenchelat, EDDHA 6%. Verbessert auch die Bl\u00fctenfarbe.","robots":{"index":"index","follow":"follow","max-snippet":"max-snippet:-1","max-image-preview":"max-image-preview:large","max-video-preview":"max-video-preview:-1"},"canonical":"https:\/\/www.alquera.com\/de\/quelato-de-hierro-eddha\/","og_locale":"de_DE","og_type":"article","og_title":"Quelato de Hierro EDDHA 6%: Comprar Online - Alquera.com","og_description":"ENV\u00cdOS EN 24\/48H. Prevenir clorosis f\u00e9rrica en las plantas con quelato de hierro, EDDHA 6%. Tambi\u00e9n mejorar color flores.","og_url":"https:\/\/www.alquera.com\/de\/quelato-de-hierro-eddha\/","og_site_name":"Alquera.com","article_publisher":"https:\/\/www.facebook.com\/alqueraciencia","article_modified_time":"2026-03-02T15:29:25+00:00","og_image":[{"width":800,"height":800,"url":"https:\/\/www.alquera.com\/wp-content\/uploads\/2021\/04\/QUELATO-DE-HIERRO-EDDHA-scaled.jpg","type":"image\/jpeg"}],"twitter_card":"summary_large_image","twitter_misc":{"Verf\u00fcgbarkeit":"Auf Lager"},"schema":{"@context":"https:\/\/schema.org","@graph":[{"@type":["WebPage","ItemPage"],"@id":"https:\/\/www.alquera.com\/quelato-de-hierro-eddha\/","url":"https:\/\/www.alquera.com\/quelato-de-hierro-eddha\/","name":"Eisenchelat EDDHA 6%: Online kaufen - Alquera.de","isPartOf":{"@id":"https:\/\/www.alquera.com\/en\/#website"},"primaryImageOfPage":{"@id":"https:\/\/www.alquera.com\/quelato-de-hierro-eddha\/#primaryimage"},"image":{"@id":"https:\/\/www.alquera.com\/quelato-de-hierro-eddha\/#primaryimage"},"thumbnailUrl":"https:\/\/www.alquera.com\/wp-content\/uploads\/2021\/04\/QUELATO-DE-HIERRO-EDDHA-scaled.jpg","datePublished":"2021-04-28T11:51:28+00:00","dateModified":"2026-03-02T15:29:25+00:00","description":"SENDUNGEN IN 24\/48H. Vorbeugung von Eisenchlorose bei Pflanzen mit Eisenchelat, EDDHA 6%. Verbessert auch die Bl\u00fctenfarbe.","breadcrumb":{"@id":"https:\/\/www.alquera.com\/quelato-de-hierro-eddha\/#breadcrumb"},"inLanguage":"de","potentialAction":[{"@type":"ReadAction","target":["https:\/\/www.alquera.com\/quelato-de-hierro-eddha\/"]}]},{"@type":"ImageObject","inLanguage":"de","@id":"https:\/\/www.alquera.com\/quelato-de-hierro-eddha\/#primaryimage","url":"https:\/\/www.alquera.com\/wp-content\/uploads\/2021\/04\/QUELATO-DE-HIERRO-EDDHA-scaled.jpg","contentUrl":"https:\/\/www.alquera.com\/wp-content\/uploads\/2021\/04\/QUELATO-DE-HIERRO-EDDHA-scaled.jpg","width":800,"height":800,"caption":"QUELATO DE HIERRO EDDHA"},{"@type":"BreadcrumbList","@id":"https:\/\/www.alquera.com\/quelato-de-hierro-eddha\/#breadcrumb","itemListElement":[{"@type":"ListItem","position":1,"name":"Inicio","item":"https:\/\/www.alquera.com\/"},{"@type":"ListItem","position":2,"name":"Alquera.com: Tienda Online de Productos Qu\u00edmicos y Material de Laboratorio","item":"https:\/\/www.alquera.com\/en\/tienda\/"},{"@type":"ListItem","position":3,"name":"Quelato de Hierro EDDHA 6%"}]},{"@type":"WebSite","@id":"https:\/\/www.alquera.com\/en\/#website","url":"https:\/\/www.alquera.com\/en\/","name":"Alquera.com","description":"Online Shop Chemische Produkte und Laborger\u00e4te","publisher":{"@id":"https:\/\/www.alquera.com\/en\/#organization"},"potentialAction":[{"@type":"SearchAction","target":{"@type":"EntryPoint","urlTemplate":"https:\/\/www.alquera.com\/en\/?s={search_term_string}"},"query-input":{"@type":"PropertyValueSpecification","valueRequired":true,"valueName":"search_term_string"}}],"inLanguage":"de"},{"@type":"Organization","@id":"https:\/\/www.alquera.com\/en\/#organization","name":"ALQUERA CIENCIA SL","url":"https:\/\/www.alquera.com\/en\/","logo":{"@type":"ImageObject","inLanguage":"de","@id":"https:\/\/www.alquera.com\/en\/#\/schema\/logo\/image\/","url":"https:\/\/www.alquera.com\/wp-content\/uploads\/2020\/11\/logo_300_ancho.png","contentUrl":"https:\/\/www.alquera.com\/wp-content\/uploads\/2020\/11\/logo_300_ancho.png","width":300,"height":86,"caption":"ALQUERA CIENCIA SL"},"image":{"@id":"https:\/\/www.alquera.com\/en\/#\/schema\/logo\/image\/"},"sameAs":["https:\/\/www.facebook.com\/alqueraciencia","https:\/\/www.instagram.com\/alquera_ciencia\/","https:\/\/www.youtube.com\/c\/alquera"]}]},"og_availability":"instock","product_availability":"instock","product_condition":"new"},"_links":{"self":[{"href":"https:\/\/www.alquera.com\/de\/wp-json\/wp\/v2\/product\/33714","targetHints":{"allow":["GET"]}}],"collection":[{"href":"https:\/\/www.alquera.com\/de\/wp-json\/wp\/v2\/product"}],"about":[{"href":"https:\/\/www.alquera.com\/de\/wp-json\/wp\/v2\/types\/product"}],"replies":[{"embeddable":true,"href":"https:\/\/www.alquera.com\/de\/wp-json\/wp\/v2\/comments?post=33714"}],"wp:featuredmedia":[{"embeddable":true,"href":"https:\/\/www.alquera.com\/de\/wp-json\/wp\/v2\/media\/33860"}],"wp:attachment":[{"href":"https:\/\/www.alquera.com\/de\/wp-json\/wp\/v2\/media?parent=33714"}],"wp:term":[{"taxonomy":"product_brand","embeddable":true,"href":"https:\/\/www.alquera.com\/de\/wp-json\/wp\/v2\/product_brand?post=33714"},{"taxonomy":"product_cat","embeddable":true,"href":"https:\/\/www.alquera.com\/de\/wp-json\/wp\/v2\/product_cat?post=33714"},{"taxonomy":"product_tag","embeddable":true,"href":"https:\/\/www.alquera.com\/de\/wp-json\/wp\/v2\/product_tag?post=33714"}],"curies":[{"name":"wp","href":"https:\/\/api.w.org\/{rel}","templated":true}]}}