{"id":34398,"date":"2021-07-13T14:04:17","date_gmt":"2021-07-13T14:04:17","guid":{"rendered":"https:\/\/www.alquera.com\/?post_type=product&#038;p=34398"},"modified":"2026-02-23T16:12:59","modified_gmt":"2026-02-23T16:12:59","slug":"sulfato-de-cobre-piedra","status":"publish","type":"product","link":"https:\/\/www.alquera.com\/de\/sulfato-de-cobre-piedra\/","title":{"rendered":"Stein Kupfersulfat"},"content":{"rendered":"<p>Kupfer(II)-sulfat-5-hydrat in Stein, Formel: CuSO4 - 5H2O.<\/p>\n<p>Kupfersulfat Pentahydrat\/Kupfersalz\/Blaues Vitriol.<\/p>\n<h2><strong>IDENTIFIZIERUNG UND EIGENSCHAFTEN VON KUPFERSULFAT IN GESTEIN<\/strong><\/h2>\n<p><strong>Name: <\/strong>Kupfersulfat 5H20 in Stein.<br \/>\n<strong>Synonyme:\u00a0<\/strong>Kupfersulfat Pentahydrat\/Kupfersalz\/Blaues Vitriol.<br \/>\n<strong>N. EC<\/strong>: 231-847-6<br \/>\n<strong>N. CAS<\/strong>: 7758-99-8<\/p>\n<ul>\n<li style=\"list-style-type: none;\">\n<ul>\n<li style=\"list-style-type: none;\">\n<ul>\n<li>Erscheinungsbild: Massiv in Blaustein<\/li>\n<li>Geruch: Geruchlos<\/li>\n<\/ul>\n<\/li>\n<\/ul>\n<ul>\n<li>Riechschwelle: Keine Daten verf\u00fcgbar<\/li>\n<li>pH-Wert (10% H2O-L\u00f6sung) (20 \u00b0C): 3,5 - 4,5<\/li>\n<li>Schmelzpunkt: Zersetzt sich ohne zu schmelzen bei 110 \u00b0C<\/li>\n<li>Siedepunkt: &gt; 110 \u00baC<\/li>\n<li>Flammpunkt: &gt; 61\u00baC<\/li>\n<li>Verdunstungsrate: Keine Daten verf\u00fcgbar<\/li>\n<li>Entflammbarkeit (fest \/ gasf\u00f6rmig): nicht entflammbar<\/li>\n<li>Explosionsgrenzen: Keine Daten verf\u00fcgbar<\/li>\n<li>Dampfdruck: Nicht anwendbar f\u00fcr anorganische Feststoffe bei normalen Temperaturen.<\/li>\n<li>Dampfdichte (Luft=1): Nicht anwendbar f\u00fcr anorganische Feststoffe bei normalen Temperaturen.<\/li>\n<li>Relative Dichte: 2,286 g\/cm<sup>3<\/sup><\/li>\n<li>L\u00f6slichkeit in Wasser (25 \u00baC): 22 g\/100 g<\/li>\n<li>Verteilungskoeffizient n-Oktanol\/Wasser: Nicht anwendbar f\u00fcr anorganische Feststoffe Selbstentz\u00fcndungstemperatur: Nicht anwendbar<\/li>\n<li>Zersetzungstemperatur: &gt; 110 \u00baC<\/li>\n<li>Viskosit\u00e4t:Nicht anwendbar bei anorganischen Feststoffen<\/li>\n<li>Explosive Eigenschaften: Nicht explosionsgef\u00e4hrlich<\/li>\n<li>Oxidierende Eigenschaften: Nicht brennbar<\/li>\n<\/ul>\n<h2>VERWENDET KUPFERSULFAT<\/h2>\n<p>D\u00fcngemittel, industrielle Verwendung, Futtermittelzusatzstoff.<\/p>\n<p>Nicht f\u00fcr andere als die in diesem Sicherheitsdatenblatt beschriebenen Zwecke zu verwenden.<\/li>\n<\/ul>","protected":false},"excerpt":{"rendered":"<p>Kaufen Sie Kupfersulfat in Stein von 1 kg Paketen bis zu 25 kg S\u00e4cken. Der Preis f\u00fcr die verschiedenen Formate von Steinkupfersulfat ist ersichtlich, wenn Sie das gew\u00fcnschte Format ausw\u00e4hlen. Die Bestellung erfolgt direkt \u00fcber das Internet, wobei die angegebenen Schritte befolgt werden, und die Lieferung erfolgt innerhalb von 24\/48 Stunden. Das k\u00f6nnte Sie auch interessieren <a href=\"https:\/\/www.alquera.com\/de\/sulfato-de-cobre\/\">Kupfersulfat-Pulver<\/a>.<\/p>","protected":false},"featured_media":35728,"comment_status":"open","ping_status":"closed","template":"","meta":{"_acf_changed":false,"site-sidebar-layout":"default","site-content-layout":"default","ast-site-content-layout":"default","site-content-style":"default","site-sidebar-style":"default","ast-global-header-display":"","ast-banner-title-visibility":"","ast-main-header-display":"","ast-hfb-above-header-display":"","ast-hfb-below-header-display":"","ast-hfb-mobile-header-display":"","site-post-title":"","ast-breadcrumbs-content":"","ast-featured-img":"","footer-sml-layout":"","ast-disable-related-posts":"","theme-transparent-header-meta":"default","adv-header-id-meta":"","stick-header-meta":"default","header-above-stick-meta":"","header-main-stick-meta":"","header-below-stick-meta":"","astra-migrate-meta-layouts":"set","ast-page-background-enabled":"default","ast-page-background-meta":{"desktop":{"background-color":"var(--ast-global-color-4)","background-image":"","background-repeat":"repeat","background-position":"center center","background-size":"auto","background-attachment":"scroll","background-type":"","background-media":"","overlay-type":"","overlay-color":"","overlay-opacity":"","overlay-gradient":""},"tablet":{"background-color":"","background-image":"","background-repeat":"repeat","background-position":"center center","background-size":"auto","background-attachment":"scroll","background-type":"","background-media":"","overlay-type":"","overlay-color":"","overlay-opacity":"","overlay-gradient":""},"mobile":{"background-color":"","background-image":"","background-repeat":"repeat","background-position":"center center","background-size":"auto","background-attachment":"scroll","background-type":"","background-media":"","overlay-type":"","overlay-color":"","overlay-opacity":"","overlay-gradient":""}},"ast-content-background-meta":{"desktop":{"background-color":"var(--ast-global-color-5)","background-image":"","background-repeat":"repeat","background-position":"center center","background-size":"auto","background-attachment":"scroll","background-type":"","background-media":"","overlay-type":"","overlay-color":"","overlay-opacity":"","overlay-gradient":""},"tablet":{"background-color":"var(--ast-global-color-5)","background-image":"","background-repeat":"repeat","background-position":"center center","background-size":"auto","background-attachment":"scroll","background-type":"","background-media":"","overlay-type":"","overlay-color":"","overlay-opacity":"","overlay-gradient":""},"mobile":{"background-color":"var(--ast-global-color-5)","background-image":"","background-repeat":"repeat","background-position":"center center","background-size":"auto","background-attachment":"scroll","background-type":"","background-media":"","overlay-type":"","overlay-color":"","overlay-opacity":"","overlay-gradient":""}}},"product_brand":[],"product_cat":[21],"product_tag":[],"class_list":{"0":"post-34398","1":"product","2":"type-product","3":"status-publish","4":"has-post-thumbnail","6":"product_cat-productos","7":"pa_cantidad-1kg","8":"pa_cantidad-5kg","9":"pa_cantidad-25kg","10":"desktop-align-left","11":"tablet-align-left","12":"mobile-align-left","13":"ast-product-gallery-layout-horizontal-slider","14":"ast-magnify-disabled","15":"ast-product-single-variable","16":"ast-product-tabs-layout-horizontal","17":"ast-qv-on-image","19":"first","20":"instock","21":"taxable","22":"shipping-taxable","23":"purchasable","24":"product-type-variable","25":"has-default-attributes"},"acf":[],"yoast_head":"<!-- This site is optimized with the Yoast SEO Premium plugin v27.1 (Yoast SEO v27.1.1) - https:\/\/yoast.com\/product\/yoast-seo-premium-wordpress\/ -->\n<title>Sulfato de Cobre en Piedra: Comprar Online - Alquera.com<\/title>\n<meta name=\"description\" content=\"ENV\u00cdOS EN 24\/48H. Sulfato de Cobre Pentahidratado en Piedra. Con m\u00faltiples usos en agricultura, piscinas, m\u00e1xima calidad.\" \/>\n<meta name=\"robots\" content=\"index, follow, max-snippet:-1, max-image-preview:large, max-video-preview:-1\" \/>\n<link rel=\"canonical\" href=\"https:\/\/www.alquera.com\/de\/sulfato-de-cobre-piedra\/\" \/>\n<meta property=\"og:locale\" content=\"de_DE\" \/>\n<meta property=\"og:type\" content=\"article\" \/>\n<meta property=\"og:title\" content=\"Sulfato de Cobre en Piedra: Comprar Online - Alquera.com\" \/>\n<meta property=\"og:description\" content=\"ENV\u00cdOS EN 24\/48H. Sulfato de Cobre Pentahidratado en Piedra. Con m\u00faltiples usos en agricultura, piscinas, m\u00e1xima calidad.\" \/>\n<meta property=\"og:url\" content=\"https:\/\/www.alquera.com\/de\/sulfato-de-cobre-piedra\/\" \/>\n<meta property=\"og:site_name\" content=\"Alquera.com\" \/>\n<meta property=\"article:publisher\" content=\"https:\/\/www.facebook.com\/alqueraciencia\" \/>\n<meta property=\"article:modified_time\" content=\"2026-02-23T16:12:59+00:00\" \/>\n<meta property=\"og:image\" content=\"https:\/\/www.alquera.com\/wp-content\/uploads\/2021\/07\/sulfato-de-cobre-en-piedra-editada-1kg.png\" \/>\n\t<meta property=\"og:image:width\" content=\"800\" \/>\n\t<meta property=\"og:image:height\" content=\"800\" \/>\n\t<meta property=\"og:image:type\" content=\"image\/png\" \/>\n<meta name=\"twitter:card\" content=\"summary_large_image\" \/>\n<meta name=\"twitter:label1\" content=\"Verf\u00fcgbarkeit\" \/>\n\t<meta name=\"twitter:data1\" content=\"Auf Lager\" \/>\n<script type=\"application\/ld+json\" class=\"yoast-schema-graph\">{\"@context\":\"https:\/\/schema.org\",\"@graph\":[{\"@type\":[\"WebPage\",\"ItemPage\"],\"@id\":\"https:\/\/www.alquera.com\/sulfato-de-cobre-piedra\/\",\"url\":\"https:\/\/www.alquera.com\/sulfato-de-cobre-piedra\/\",\"name\":\"Sulfato de Cobre en Piedra: Comprar Online - Alquera.com\",\"isPartOf\":{\"@id\":\"https:\/\/www.alquera.com\/en\/#website\"},\"primaryImageOfPage\":{\"@id\":\"https:\/\/www.alquera.com\/sulfato-de-cobre-piedra\/#primaryimage\"},\"image\":{\"@id\":\"https:\/\/www.alquera.com\/sulfato-de-cobre-piedra\/#primaryimage\"},\"thumbnailUrl\":\"https:\/\/www.alquera.com\/wp-content\/uploads\/2021\/07\/sulfato-de-cobre-en-piedra-editada-1kg.png\",\"datePublished\":\"2021-07-13T14:04:17+00:00\",\"dateModified\":\"2026-02-23T16:12:59+00:00\",\"description\":\"ENV\u00cdOS EN 24\/48H. Sulfato de Cobre Pentahidratado en Piedra. Con m\u00faltiples usos en agricultura, piscinas, m\u00e1xima calidad.\",\"breadcrumb\":{\"@id\":\"https:\/\/www.alquera.com\/sulfato-de-cobre-piedra\/#breadcrumb\"},\"inLanguage\":\"de\",\"potentialAction\":[{\"@type\":\"ReadAction\",\"target\":[\"https:\/\/www.alquera.com\/sulfato-de-cobre-piedra\/\"]}]},{\"@type\":\"ImageObject\",\"inLanguage\":\"de\",\"@id\":\"https:\/\/www.alquera.com\/sulfato-de-cobre-piedra\/#primaryimage\",\"url\":\"https:\/\/www.alquera.com\/wp-content\/uploads\/2021\/07\/sulfato-de-cobre-en-piedra-editada-1kg.png\",\"contentUrl\":\"https:\/\/www.alquera.com\/wp-content\/uploads\/2021\/07\/sulfato-de-cobre-en-piedra-editada-1kg.png\",\"width\":800,\"height\":800,\"caption\":\"sulfato de cobre en piedra 1kg\"},{\"@type\":\"BreadcrumbList\",\"@id\":\"https:\/\/www.alquera.com\/sulfato-de-cobre-piedra\/#breadcrumb\",\"itemListElement\":[{\"@type\":\"ListItem\",\"position\":1,\"name\":\"Inicio\",\"item\":\"https:\/\/www.alquera.com\/\"},{\"@type\":\"ListItem\",\"position\":2,\"name\":\"Alquera.com: Tienda Online de Productos Qu\u00edmicos y Material de Laboratorio\",\"item\":\"https:\/\/www.alquera.com\/en\/tienda\/\"},{\"@type\":\"ListItem\",\"position\":3,\"name\":\"Sulfato de Cobre en Piedra\"}]},{\"@type\":\"WebSite\",\"@id\":\"https:\/\/www.alquera.com\/en\/#website\",\"url\":\"https:\/\/www.alquera.com\/en\/\",\"name\":\"Alquera.com\",\"description\":\"Tienda Online Productos Qu\u00edmicos y Material de Laboratorio\",\"publisher\":{\"@id\":\"https:\/\/www.alquera.com\/en\/#organization\"},\"potentialAction\":[{\"@type\":\"SearchAction\",\"target\":{\"@type\":\"EntryPoint\",\"urlTemplate\":\"https:\/\/www.alquera.com\/en\/?s={search_term_string}\"},\"query-input\":{\"@type\":\"PropertyValueSpecification\",\"valueRequired\":true,\"valueName\":\"search_term_string\"}}],\"inLanguage\":\"de\"},{\"@type\":\"Organization\",\"@id\":\"https:\/\/www.alquera.com\/en\/#organization\",\"name\":\"ALQUERA CIENCIA SL\",\"url\":\"https:\/\/www.alquera.com\/en\/\",\"logo\":{\"@type\":\"ImageObject\",\"inLanguage\":\"de\",\"@id\":\"https:\/\/www.alquera.com\/en\/#\/schema\/logo\/image\/\",\"url\":\"https:\/\/www.alquera.com\/wp-content\/uploads\/2020\/11\/logo_300_ancho.png\",\"contentUrl\":\"https:\/\/www.alquera.com\/wp-content\/uploads\/2020\/11\/logo_300_ancho.png\",\"width\":300,\"height\":86,\"caption\":\"ALQUERA CIENCIA SL\"},\"image\":{\"@id\":\"https:\/\/www.alquera.com\/en\/#\/schema\/logo\/image\/\"},\"sameAs\":[\"https:\/\/www.facebook.com\/alqueraciencia\",\"https:\/\/www.instagram.com\/alquera_ciencia\/\",\"https:\/\/www.youtube.com\/c\/alquera\"]}]}<\/script>\n<meta property=\"og:availability\" content=\"instock\" \/>\n<meta property=\"product:availability\" content=\"instock\" \/>\n<meta property=\"product:condition\" content=\"new\" \/>\n<!-- \/ Yoast SEO Premium plugin. -->","yoast_head_json":{"title":"Kupfersulfat in Stein: Online kaufen - Alquera.com","description":"SENDUNGEN IN 24\/48H. Pentahydratisiertes Kupfersulfat aus Stein. Vielfache Verwendung in der Landwirtschaft, in Schwimmb\u00e4dern, h\u00f6chste Qualit\u00e4t.","robots":{"index":"index","follow":"follow","max-snippet":"max-snippet:-1","max-image-preview":"max-image-preview:large","max-video-preview":"max-video-preview:-1"},"canonical":"https:\/\/www.alquera.com\/de\/sulfato-de-cobre-piedra\/","og_locale":"de_DE","og_type":"article","og_title":"Sulfato de Cobre en Piedra: Comprar Online - Alquera.com","og_description":"ENV\u00cdOS EN 24\/48H. Sulfato de Cobre Pentahidratado en Piedra. Con m\u00faltiples usos en agricultura, piscinas, m\u00e1xima calidad.","og_url":"https:\/\/www.alquera.com\/de\/sulfato-de-cobre-piedra\/","og_site_name":"Alquera.com","article_publisher":"https:\/\/www.facebook.com\/alqueraciencia","article_modified_time":"2026-02-23T16:12:59+00:00","og_image":[{"width":800,"height":800,"url":"https:\/\/www.alquera.com\/wp-content\/uploads\/2021\/07\/sulfato-de-cobre-en-piedra-editada-1kg.png","type":"image\/png"}],"twitter_card":"summary_large_image","twitter_misc":{"Verf\u00fcgbarkeit":"Auf Lager"},"schema":{"@context":"https:\/\/schema.org","@graph":[{"@type":["WebPage","ItemPage"],"@id":"https:\/\/www.alquera.com\/sulfato-de-cobre-piedra\/","url":"https:\/\/www.alquera.com\/sulfato-de-cobre-piedra\/","name":"Kupfersulfat in Stein: Online kaufen - Alquera.com","isPartOf":{"@id":"https:\/\/www.alquera.com\/en\/#website"},"primaryImageOfPage":{"@id":"https:\/\/www.alquera.com\/sulfato-de-cobre-piedra\/#primaryimage"},"image":{"@id":"https:\/\/www.alquera.com\/sulfato-de-cobre-piedra\/#primaryimage"},"thumbnailUrl":"https:\/\/www.alquera.com\/wp-content\/uploads\/2021\/07\/sulfato-de-cobre-en-piedra-editada-1kg.png","datePublished":"2021-07-13T14:04:17+00:00","dateModified":"2026-02-23T16:12:59+00:00","description":"SENDUNGEN IN 24\/48H. Pentahydratisiertes Kupfersulfat aus Stein. Vielfache Verwendung in der Landwirtschaft, in Schwimmb\u00e4dern, h\u00f6chste Qualit\u00e4t.","breadcrumb":{"@id":"https:\/\/www.alquera.com\/sulfato-de-cobre-piedra\/#breadcrumb"},"inLanguage":"de","potentialAction":[{"@type":"ReadAction","target":["https:\/\/www.alquera.com\/sulfato-de-cobre-piedra\/"]}]},{"@type":"ImageObject","inLanguage":"de","@id":"https:\/\/www.alquera.com\/sulfato-de-cobre-piedra\/#primaryimage","url":"https:\/\/www.alquera.com\/wp-content\/uploads\/2021\/07\/sulfato-de-cobre-en-piedra-editada-1kg.png","contentUrl":"https:\/\/www.alquera.com\/wp-content\/uploads\/2021\/07\/sulfato-de-cobre-en-piedra-editada-1kg.png","width":800,"height":800,"caption":"sulfato de cobre en piedra 1kg"},{"@type":"BreadcrumbList","@id":"https:\/\/www.alquera.com\/sulfato-de-cobre-piedra\/#breadcrumb","itemListElement":[{"@type":"ListItem","position":1,"name":"Inicio","item":"https:\/\/www.alquera.com\/"},{"@type":"ListItem","position":2,"name":"Alquera.com: Tienda Online de Productos Qu\u00edmicos y Material de Laboratorio","item":"https:\/\/www.alquera.com\/en\/tienda\/"},{"@type":"ListItem","position":3,"name":"Sulfato de Cobre en Piedra"}]},{"@type":"WebSite","@id":"https:\/\/www.alquera.com\/en\/#website","url":"https:\/\/www.alquera.com\/en\/","name":"Alquera.com","description":"Online Shop Chemische Produkte und Laborger\u00e4te","publisher":{"@id":"https:\/\/www.alquera.com\/en\/#organization"},"potentialAction":[{"@type":"SearchAction","target":{"@type":"EntryPoint","urlTemplate":"https:\/\/www.alquera.com\/en\/?s={search_term_string}"},"query-input":{"@type":"PropertyValueSpecification","valueRequired":true,"valueName":"search_term_string"}}],"inLanguage":"de"},{"@type":"Organization","@id":"https:\/\/www.alquera.com\/en\/#organization","name":"ALQUERA CIENCIA SL","url":"https:\/\/www.alquera.com\/en\/","logo":{"@type":"ImageObject","inLanguage":"de","@id":"https:\/\/www.alquera.com\/en\/#\/schema\/logo\/image\/","url":"https:\/\/www.alquera.com\/wp-content\/uploads\/2020\/11\/logo_300_ancho.png","contentUrl":"https:\/\/www.alquera.com\/wp-content\/uploads\/2020\/11\/logo_300_ancho.png","width":300,"height":86,"caption":"ALQUERA CIENCIA SL"},"image":{"@id":"https:\/\/www.alquera.com\/en\/#\/schema\/logo\/image\/"},"sameAs":["https:\/\/www.facebook.com\/alqueraciencia","https:\/\/www.instagram.com\/alquera_ciencia\/","https:\/\/www.youtube.com\/c\/alquera"]}]},"og_availability":"instock","product_availability":"instock","product_condition":"new"},"_links":{"self":[{"href":"https:\/\/www.alquera.com\/de\/wp-json\/wp\/v2\/product\/34398","targetHints":{"allow":["GET"]}}],"collection":[{"href":"https:\/\/www.alquera.com\/de\/wp-json\/wp\/v2\/product"}],"about":[{"href":"https:\/\/www.alquera.com\/de\/wp-json\/wp\/v2\/types\/product"}],"replies":[{"embeddable":true,"href":"https:\/\/www.alquera.com\/de\/wp-json\/wp\/v2\/comments?post=34398"}],"wp:featuredmedia":[{"embeddable":true,"href":"https:\/\/www.alquera.com\/de\/wp-json\/wp\/v2\/media\/35728"}],"wp:attachment":[{"href":"https:\/\/www.alquera.com\/de\/wp-json\/wp\/v2\/media?parent=34398"}],"wp:term":[{"taxonomy":"product_brand","embeddable":true,"href":"https:\/\/www.alquera.com\/de\/wp-json\/wp\/v2\/product_brand?post=34398"},{"taxonomy":"product_cat","embeddable":true,"href":"https:\/\/www.alquera.com\/de\/wp-json\/wp\/v2\/product_cat?post=34398"},{"taxonomy":"product_tag","embeddable":true,"href":"https:\/\/www.alquera.com\/de\/wp-json\/wp\/v2\/product_tag?post=34398"}],"curies":[{"name":"wp","href":"https:\/\/api.w.org\/{rel}","templated":true}]}}