{"id":35510,"date":"2021-09-30T09:11:20","date_gmt":"2021-09-30T09:11:20","guid":{"rendered":"https:\/\/www.alquera.com\/?post_type=product&#038;p=35510"},"modified":"2026-04-26T13:11:51","modified_gmt":"2026-04-26T13:11:51","slug":"alcohol-isopropilico","status":"publish","type":"product","link":"https:\/\/www.alquera.com\/de\/alcohol-isopropilico\/","title":{"rendered":"Isopropylalkohol"},"content":{"rendered":"<p>Isopropanol ist ein hochreines L\u00f6sungsmittel mit mehr als 99,9%. Es wird auch unter anderen Namen wie Isopranol, Propanol und API gef\u00fchrt. Seine Textur ist wie die jedes anderen Alkohols, aber bei sehr niedrigen und extrem kalten Temperaturen ist er merklich dicker und dichter. Es hat verschiedene Funktionen, z. B. zur Reinigung bestimmter Gegenst\u00e4nde, wie elektronischer Ger\u00e4te, als Desinfektionsmittel, insbesondere als hydroalkoholisches Gel, das etwa % davon enth\u00e4lt, und es wird auch zur Bek\u00e4mpfung von Sch\u00e4dlingen verwendet. Dar\u00fcber hinaus wird es auch in der Automobilindustrie verwendet, da es zu den Additiven geh\u00f6rt, die dem Kraftstoff zugesetzt werden. In den Industrien dieses Sektors wird es au\u00dferdem h\u00e4ufig verwendet, um Fett und \u00d6l von Oberfl\u00e4chen, Maschinen und Werkzeugen zu entfernen. Finden Sie verschiedene Formate von Isopropylalkohol in Alquera. Wenn Sie Fragen haben, kontaktieren Sie uns bitte.<\/p>\n<h2><strong>IDENTIFIZIERUNG UND EIGENSCHAFTEN\u00a0<\/strong><\/h2>\n<p><strong>Name: <\/strong>Isopropylalkohol<br \/>\n<strong>Inhalt<\/strong> &gt;99,8%<br \/>\n<strong>Synonyme: <\/strong>IPA, Isopropanol, Sec-Propanol, Dimethylcarbinol, sekund\u00e4rer Propylalkohol, Propan-2-ol.<br \/>\n<strong>CAS: <\/strong>67-63-0<br \/>\n<strong>EC:\u00a0<\/strong>200-661-7<\/p>\n<ul>\n<li>Erscheinungsbild (20 \u00baC): Farblose Fl\u00fcssigkeit<\/li>\n<li>Geruch: charakteristisch nach Alkohol<\/li>\n<li>Geruchsschwelle: 22 - 200 ppm<\/li>\n<li>Schmelzpunkt: - 90 \u00baC<\/li>\n<li>Siedepunkt: 83 \u00baC<\/li>\n<li>Flammpunkt: 12 \u00baC<\/li>\n<li>Entflammbarkeit (fest \/ gasf\u00f6rmig): 12 \u00baC<\/li>\n<li>Explosionsgrenzen: Untere Grenze: 2 % ,Obere Grenze: 12 %<\/li>\n<li>Dampfdruck (20 \u00baC): 4,4 kPa<\/li>\n<li>Dampfdichte (Luft=1) (20 \u00baC): 2.1<\/li>\n<li>Dichte (20 C): 0,787 g\/cm3<\/li>\n<li>L\u00f6slichkeit in Wasser: l\u00f6slich<\/li>\n<li>Verteilungskoeffizient n-Octanol\/Wasser (25 \u00baC):0,05<\/li>\n<li>Selbstentz\u00fcndungstemperatur: 399 - 455,6 \u00b0C<\/li>\n<li>Viskosit\u00e4t, dynamisch (20 \u00baC): 2,3 cP<\/li>\n<li>Explosive Eigenschaften: Nicht explosionsgef\u00e4hrlich<\/li>\n<li>Oxidierende Eigenschaften: Nicht brennbar<\/li>\n<\/ul>\n<h2>ANWENDUNGEN<\/h2>\n<ul>\n<li>Herstellung von Stoffen - industriell<\/li>\n<li>Formulierung und (Re-)Konditionierung von Stoffen und Gemischen - Industrie<\/li>\n<li>Verwendung der Beschichtung - Industrie \/ Gewerbe \/ Verbraucher<\/li>\n<li>Verwendung in Reinigungsmitteln - Industrie \/ Gewerbe \/ Verbraucher<\/li>\n<li>Einsatz bei \u00d6lfeldbohrungen und -ausbeutung - Industrie<\/li>\n<li>Verwendung in Schmierstoffen - Industrie \/ Gewerbe \/ Verbraucher<\/li>\n<li>Verwendung in Metallbearbeitungsfl\u00fcssigkeiten \/ Walz\u00f6len - Industrial \/ Professional<\/li>\n<li>Verwendung als Expansionsmittel - Industrie<\/li>\n<li>Verwendung als Bindemittel und Trennmittel - Industrial \/ Professional<\/li>\n<li>Verwendung in Agrochemikalien - Professionell \/ Verbraucher<\/li>\n<li>Kraftstoffverbrauch - Industrie \/ Gewerbe \/ Verbraucher<\/li>\n<li>Verwendung als Funktionsfl\u00fcssigkeiten - Industrie \/ Gewerbe \/ Verbraucher<\/li>\n<li>Enteisungs- und Frostschutzanwendungen -Professionell\/Verbraucher<\/li>\n<li>Verwendung Bau- und Stra\u00dfenanwendungen - Professional<\/li>\n<li>Laborgebrauch - Industriell \/ Professionell<\/li>\n<li>Herstellung und Verwendung von Sprengstoffen - Professionell<\/li>\n<li>Kautschukherstellung und -verarbeitung - Industrie<\/li>\n<li>Verwendungszwecke Polymerverarbeitung - Industrial \/ Professional<\/li>\n<li>Wasseraufbereitungsmittel - Industrie \/ Gewerbe<\/li>\n<li>Chemikalien zur Wasseraufbereitung - Verbraucher<\/li>\n<li>Verwendungen Bergbauindustrie - Industrie<\/li>\n<li>Endverwendung von kosmetischen Mitteln - Kosmetische Anwendung nur f\u00fcr kosmetische\/pharmakologische Zwecke - Verbraucher<\/li>\n<\/ul>\n<p>&nbsp;<\/p>\n<p>&nbsp;<\/p>\n<p>&nbsp;<\/p>\n<p>&nbsp;<\/p>","protected":false},"excerpt":{"rendered":"<p>Isopropylalkohol kaufen. Der Preis f\u00fcr die verschiedenen Formate von Isopropylalkohol kann durch Auswahl des gew\u00fcnschten Formats eingesehen werden. Die Bestellung erfolgt direkt \u00fcber das Web nach den angegebenen Schritten und wird in 24\/48 Stunden geliefert.<\/p>","protected":false},"featured_media":35583,"comment_status":"open","ping_status":"closed","template":"","meta":{"_acf_changed":false,"site-sidebar-layout":"default","site-content-layout":"default","ast-site-content-layout":"default","site-content-style":"default","site-sidebar-style":"default","ast-global-header-display":"","ast-banner-title-visibility":"","ast-main-header-display":"","ast-hfb-above-header-display":"","ast-hfb-below-header-display":"","ast-hfb-mobile-header-display":"","site-post-title":"","ast-breadcrumbs-content":"","ast-featured-img":"","footer-sml-layout":"","ast-disable-related-posts":"","theme-transparent-header-meta":"default","adv-header-id-meta":"","stick-header-meta":"default","header-above-stick-meta":"","header-main-stick-meta":"","header-below-stick-meta":"","astra-migrate-meta-layouts":"set","ast-page-background-enabled":"default","ast-page-background-meta":{"desktop":{"background-color":"var(--ast-global-color-4)","background-image":"","background-repeat":"repeat","background-position":"center center","background-size":"auto","background-attachment":"scroll","background-type":"","background-media":"","overlay-type":"","overlay-color":"","overlay-opacity":"","overlay-gradient":""},"tablet":{"background-color":"","background-image":"","background-repeat":"repeat","background-position":"center center","background-size":"auto","background-attachment":"scroll","background-type":"","background-media":"","overlay-type":"","overlay-color":"","overlay-opacity":"","overlay-gradient":""},"mobile":{"background-color":"","background-image":"","background-repeat":"repeat","background-position":"center center","background-size":"auto","background-attachment":"scroll","background-type":"","background-media":"","overlay-type":"","overlay-color":"","overlay-opacity":"","overlay-gradient":""}},"ast-content-background-meta":{"desktop":{"background-color":"var(--ast-global-color-5)","background-image":"","background-repeat":"repeat","background-position":"center center","background-size":"auto","background-attachment":"scroll","background-type":"","background-media":"","overlay-type":"","overlay-color":"","overlay-opacity":"","overlay-gradient":""},"tablet":{"background-color":"var(--ast-global-color-5)","background-image":"","background-repeat":"repeat","background-position":"center center","background-size":"auto","background-attachment":"scroll","background-type":"","background-media":"","overlay-type":"","overlay-color":"","overlay-opacity":"","overlay-gradient":""},"mobile":{"background-color":"var(--ast-global-color-5)","background-image":"","background-repeat":"repeat","background-position":"center center","background-size":"auto","background-attachment":"scroll","background-type":"","background-media":"","overlay-type":"","overlay-color":"","overlay-opacity":"","overlay-gradient":""}}},"product_brand":[],"product_cat":[21],"product_tag":[],"class_list":{"0":"post-35510","1":"product","2":"type-product","3":"status-publish","4":"has-post-thumbnail","6":"product_cat-productos","7":"pa_cantidad-1l","8":"pa_cantidad-5l","9":"pa_cantidad-25l-2","10":"desktop-align-left","11":"tablet-align-left","12":"mobile-align-left","13":"ast-product-gallery-layout-horizontal-slider","14":"ast-product-gallery-with-no-image","15":"ast-magnify-disabled","16":"ast-product-single-variable","17":"ast-product-tabs-layout-horizontal","18":"ast-qv-on-image","20":"first","21":"instock","22":"taxable","23":"shipping-taxable","24":"purchasable","25":"product-type-variable","26":"has-default-attributes"},"acf":[],"yoast_head":"<!-- This site is optimized with the Yoast SEO Premium plugin v27.1 (Yoast SEO v27.1.1) - https:\/\/yoast.com\/product\/yoast-seo-premium-wordpress\/ -->\n<title>Alcohol Isoprop\u00edlico: Comprar Online - Alquera.com<\/title>\n<meta name=\"description\" content=\"ENV\u00cdOS EN 24\/48H. Comprar Alcohol Isoprop\u00edlico en Alquera. Composici\u00f3n al 99% tambi\u00e9n conocido como Propan-2-ol.\" \/>\n<meta name=\"robots\" content=\"index, follow, max-snippet:-1, max-image-preview:large, max-video-preview:-1\" \/>\n<link rel=\"canonical\" href=\"https:\/\/www.alquera.com\/de\/alcohol-isopropilico\/\" \/>\n<meta property=\"og:locale\" content=\"de_DE\" \/>\n<meta property=\"og:type\" content=\"article\" \/>\n<meta property=\"og:title\" content=\"Alcohol Isoprop\u00edlico: Comprar Online - Alquera.com\" \/>\n<meta property=\"og:description\" content=\"ENV\u00cdOS EN 24\/48H. Comprar Alcohol Isoprop\u00edlico en Alquera. Composici\u00f3n al 99% tambi\u00e9n conocido como Propan-2-ol.\" \/>\n<meta property=\"og:url\" content=\"https:\/\/www.alquera.com\/de\/alcohol-isopropilico\/\" \/>\n<meta property=\"og:site_name\" content=\"Alquera.com\" \/>\n<meta property=\"article:publisher\" content=\"https:\/\/www.facebook.com\/alqueraciencia\" \/>\n<meta property=\"article:modified_time\" content=\"2026-04-26T13:11:51+00:00\" \/>\n<meta property=\"og:image\" content=\"https:\/\/www.alquera.com\/wp-content\/uploads\/2021\/09\/ALCOHOL-ISOPROPILICO.png\" \/>\n\t<meta property=\"og:image:width\" content=\"777\" \/>\n\t<meta property=\"og:image:height\" content=\"800\" \/>\n\t<meta property=\"og:image:type\" content=\"image\/png\" \/>\n<meta name=\"twitter:card\" content=\"summary_large_image\" \/>\n<meta name=\"twitter:label1\" content=\"Verf\u00fcgbarkeit\" \/>\n\t<meta name=\"twitter:data1\" content=\"Auf Lager\" \/>\n<script type=\"application\/ld+json\" class=\"yoast-schema-graph\">{\"@context\":\"https:\/\/schema.org\",\"@graph\":[{\"@type\":[\"WebPage\",\"ItemPage\"],\"@id\":\"https:\/\/www.alquera.com\/alcohol-isopropilico\/\",\"url\":\"https:\/\/www.alquera.com\/alcohol-isopropilico\/\",\"name\":\"Alcohol Isoprop\u00edlico: Comprar Online - Alquera.com\",\"isPartOf\":{\"@id\":\"https:\/\/www.alquera.com\/en\/#website\"},\"primaryImageOfPage\":{\"@id\":\"https:\/\/www.alquera.com\/alcohol-isopropilico\/#primaryimage\"},\"image\":{\"@id\":\"https:\/\/www.alquera.com\/alcohol-isopropilico\/#primaryimage\"},\"thumbnailUrl\":\"https:\/\/www.alquera.com\/wp-content\/uploads\/2021\/09\/ALCOHOL-ISOPROPILICO.png\",\"datePublished\":\"2021-09-30T09:11:20+00:00\",\"dateModified\":\"2026-04-26T13:11:51+00:00\",\"description\":\"ENV\u00cdOS EN 24\/48H. Comprar Alcohol Isoprop\u00edlico en Alquera. Composici\u00f3n al 99% tambi\u00e9n conocido como Propan-2-ol.\",\"breadcrumb\":{\"@id\":\"https:\/\/www.alquera.com\/alcohol-isopropilico\/#breadcrumb\"},\"inLanguage\":\"de\",\"potentialAction\":[{\"@type\":\"ReadAction\",\"target\":[\"https:\/\/www.alquera.com\/alcohol-isopropilico\/\"]}]},{\"@type\":\"ImageObject\",\"inLanguage\":\"de\",\"@id\":\"https:\/\/www.alquera.com\/alcohol-isopropilico\/#primaryimage\",\"url\":\"https:\/\/www.alquera.com\/wp-content\/uploads\/2021\/09\/ALCOHOL-ISOPROPILICO.png\",\"contentUrl\":\"https:\/\/www.alquera.com\/wp-content\/uploads\/2021\/09\/ALCOHOL-ISOPROPILICO.png\",\"width\":777,\"height\":800,\"caption\":\"alcohol isopropilico\"},{\"@type\":\"BreadcrumbList\",\"@id\":\"https:\/\/www.alquera.com\/alcohol-isopropilico\/#breadcrumb\",\"itemListElement\":[{\"@type\":\"ListItem\",\"position\":1,\"name\":\"Inicio\",\"item\":\"https:\/\/www.alquera.com\/\"},{\"@type\":\"ListItem\",\"position\":2,\"name\":\"Alquera.com: Tienda Online de Productos Qu\u00edmicos y Material de Laboratorio\",\"item\":\"https:\/\/www.alquera.com\/en\/tienda\/\"},{\"@type\":\"ListItem\",\"position\":3,\"name\":\"Alcohol Isoprop\u00edlico\"}]},{\"@type\":\"WebSite\",\"@id\":\"https:\/\/www.alquera.com\/en\/#website\",\"url\":\"https:\/\/www.alquera.com\/en\/\",\"name\":\"Alquera.com\",\"description\":\"Tienda Online Productos Qu\u00edmicos y Material de Laboratorio\",\"publisher\":{\"@id\":\"https:\/\/www.alquera.com\/en\/#organization\"},\"potentialAction\":[{\"@type\":\"SearchAction\",\"target\":{\"@type\":\"EntryPoint\",\"urlTemplate\":\"https:\/\/www.alquera.com\/en\/?s={search_term_string}\"},\"query-input\":{\"@type\":\"PropertyValueSpecification\",\"valueRequired\":true,\"valueName\":\"search_term_string\"}}],\"inLanguage\":\"de\"},{\"@type\":\"Organization\",\"@id\":\"https:\/\/www.alquera.com\/en\/#organization\",\"name\":\"ALQUERA CIENCIA SL\",\"url\":\"https:\/\/www.alquera.com\/en\/\",\"logo\":{\"@type\":\"ImageObject\",\"inLanguage\":\"de\",\"@id\":\"https:\/\/www.alquera.com\/en\/#\/schema\/logo\/image\/\",\"url\":\"https:\/\/www.alquera.com\/wp-content\/uploads\/2020\/11\/logo_300_ancho.png\",\"contentUrl\":\"https:\/\/www.alquera.com\/wp-content\/uploads\/2020\/11\/logo_300_ancho.png\",\"width\":300,\"height\":86,\"caption\":\"ALQUERA CIENCIA SL\"},\"image\":{\"@id\":\"https:\/\/www.alquera.com\/en\/#\/schema\/logo\/image\/\"},\"sameAs\":[\"https:\/\/www.facebook.com\/alqueraciencia\",\"https:\/\/www.instagram.com\/alquera_ciencia\/\",\"https:\/\/www.youtube.com\/c\/alquera\"]}]}<\/script>\n<meta property=\"og:availability\" content=\"instock\" \/>\n<meta property=\"product:availability\" content=\"instock\" \/>\n<meta property=\"product:condition\" content=\"new\" \/>\n<!-- \/ Yoast SEO Premium plugin. -->","yoast_head_json":{"title":"Isopropylalkohol: Online kaufen - Alquera.com","description":"SENDUNGEN IN 24\/48H. Isopropylalkohol in Alquera kaufen. Zusammensetzung 99% auch bekannt als Propan-2-ol.","robots":{"index":"index","follow":"follow","max-snippet":"max-snippet:-1","max-image-preview":"max-image-preview:large","max-video-preview":"max-video-preview:-1"},"canonical":"https:\/\/www.alquera.com\/de\/alcohol-isopropilico\/","og_locale":"de_DE","og_type":"article","og_title":"Alcohol Isoprop\u00edlico: Comprar Online - Alquera.com","og_description":"ENV\u00cdOS EN 24\/48H. Comprar Alcohol Isoprop\u00edlico en Alquera. Composici\u00f3n al 99% tambi\u00e9n conocido como Propan-2-ol.","og_url":"https:\/\/www.alquera.com\/de\/alcohol-isopropilico\/","og_site_name":"Alquera.com","article_publisher":"https:\/\/www.facebook.com\/alqueraciencia","article_modified_time":"2026-04-26T13:11:51+00:00","og_image":[{"width":777,"height":800,"url":"https:\/\/www.alquera.com\/wp-content\/uploads\/2021\/09\/ALCOHOL-ISOPROPILICO.png","type":"image\/png"}],"twitter_card":"summary_large_image","twitter_misc":{"Verf\u00fcgbarkeit":"Auf Lager"},"schema":{"@context":"https:\/\/schema.org","@graph":[{"@type":["WebPage","ItemPage"],"@id":"https:\/\/www.alquera.com\/alcohol-isopropilico\/","url":"https:\/\/www.alquera.com\/alcohol-isopropilico\/","name":"Isopropylalkohol: Online kaufen - Alquera.com","isPartOf":{"@id":"https:\/\/www.alquera.com\/en\/#website"},"primaryImageOfPage":{"@id":"https:\/\/www.alquera.com\/alcohol-isopropilico\/#primaryimage"},"image":{"@id":"https:\/\/www.alquera.com\/alcohol-isopropilico\/#primaryimage"},"thumbnailUrl":"https:\/\/www.alquera.com\/wp-content\/uploads\/2021\/09\/ALCOHOL-ISOPROPILICO.png","datePublished":"2021-09-30T09:11:20+00:00","dateModified":"2026-04-26T13:11:51+00:00","description":"SENDUNGEN IN 24\/48H. Isopropylalkohol in Alquera kaufen. Zusammensetzung 99% auch bekannt als Propan-2-ol.","breadcrumb":{"@id":"https:\/\/www.alquera.com\/alcohol-isopropilico\/#breadcrumb"},"inLanguage":"de","potentialAction":[{"@type":"ReadAction","target":["https:\/\/www.alquera.com\/alcohol-isopropilico\/"]}]},{"@type":"ImageObject","inLanguage":"de","@id":"https:\/\/www.alquera.com\/alcohol-isopropilico\/#primaryimage","url":"https:\/\/www.alquera.com\/wp-content\/uploads\/2021\/09\/ALCOHOL-ISOPROPILICO.png","contentUrl":"https:\/\/www.alquera.com\/wp-content\/uploads\/2021\/09\/ALCOHOL-ISOPROPILICO.png","width":777,"height":800,"caption":"alcohol isopropilico"},{"@type":"BreadcrumbList","@id":"https:\/\/www.alquera.com\/alcohol-isopropilico\/#breadcrumb","itemListElement":[{"@type":"ListItem","position":1,"name":"Inicio","item":"https:\/\/www.alquera.com\/"},{"@type":"ListItem","position":2,"name":"Alquera.com: Tienda Online de Productos Qu\u00edmicos y Material de Laboratorio","item":"https:\/\/www.alquera.com\/en\/tienda\/"},{"@type":"ListItem","position":3,"name":"Alcohol Isoprop\u00edlico"}]},{"@type":"WebSite","@id":"https:\/\/www.alquera.com\/en\/#website","url":"https:\/\/www.alquera.com\/en\/","name":"Alquera.com","description":"Online Shop Chemische Produkte und Laborger\u00e4te","publisher":{"@id":"https:\/\/www.alquera.com\/en\/#organization"},"potentialAction":[{"@type":"SearchAction","target":{"@type":"EntryPoint","urlTemplate":"https:\/\/www.alquera.com\/en\/?s={search_term_string}"},"query-input":{"@type":"PropertyValueSpecification","valueRequired":true,"valueName":"search_term_string"}}],"inLanguage":"de"},{"@type":"Organization","@id":"https:\/\/www.alquera.com\/en\/#organization","name":"ALQUERA CIENCIA SL","url":"https:\/\/www.alquera.com\/en\/","logo":{"@type":"ImageObject","inLanguage":"de","@id":"https:\/\/www.alquera.com\/en\/#\/schema\/logo\/image\/","url":"https:\/\/www.alquera.com\/wp-content\/uploads\/2020\/11\/logo_300_ancho.png","contentUrl":"https:\/\/www.alquera.com\/wp-content\/uploads\/2020\/11\/logo_300_ancho.png","width":300,"height":86,"caption":"ALQUERA CIENCIA SL"},"image":{"@id":"https:\/\/www.alquera.com\/en\/#\/schema\/logo\/image\/"},"sameAs":["https:\/\/www.facebook.com\/alqueraciencia","https:\/\/www.instagram.com\/alquera_ciencia\/","https:\/\/www.youtube.com\/c\/alquera"]}]},"og_availability":"instock","product_availability":"instock","product_condition":"new"},"_links":{"self":[{"href":"https:\/\/www.alquera.com\/de\/wp-json\/wp\/v2\/product\/35510","targetHints":{"allow":["GET"]}}],"collection":[{"href":"https:\/\/www.alquera.com\/de\/wp-json\/wp\/v2\/product"}],"about":[{"href":"https:\/\/www.alquera.com\/de\/wp-json\/wp\/v2\/types\/product"}],"replies":[{"embeddable":true,"href":"https:\/\/www.alquera.com\/de\/wp-json\/wp\/v2\/comments?post=35510"}],"wp:featuredmedia":[{"embeddable":true,"href":"https:\/\/www.alquera.com\/de\/wp-json\/wp\/v2\/media\/35583"}],"wp:attachment":[{"href":"https:\/\/www.alquera.com\/de\/wp-json\/wp\/v2\/media?parent=35510"}],"wp:term":[{"taxonomy":"product_brand","embeddable":true,"href":"https:\/\/www.alquera.com\/de\/wp-json\/wp\/v2\/product_brand?post=35510"},{"taxonomy":"product_cat","embeddable":true,"href":"https:\/\/www.alquera.com\/de\/wp-json\/wp\/v2\/product_cat?post=35510"},{"taxonomy":"product_tag","embeddable":true,"href":"https:\/\/www.alquera.com\/de\/wp-json\/wp\/v2\/product_tag?post=35510"}],"curies":[{"name":"wp","href":"https:\/\/api.w.org\/{rel}","templated":true}]}}