{"id":356,"date":"2015-03-27T17:25:19","date_gmt":"2015-03-27T17:25:19","guid":{"rendered":"http:\/\/localhost\/alquera\/productos\/producto\/12-silicato-de-sodio\/"},"modified":"2026-05-15T10:52:06","modified_gmt":"2026-05-15T10:52:06","slug":"silicato-de-sodio","status":"publish","type":"product","link":"https:\/\/www.alquera.com\/de\/silicato-de-sodio\/","title":{"rendered":"Natriumsilikat"},"content":{"rendered":"<p>Natriumsilikat oder Natriumsilikat, auch bekannt als l\u00f6sliches Glas oder Fl\u00fcssigkristall, ist eine anorganische Substanz, die in w\u00e4ssrigen L\u00f6sungen vorkommt und auch in fester Form in vielen Verbindungen zu finden ist, darunter in Zement, Wasserabdichtungen, feuerfesten Materialien und in der Textilindustrie. Natriumsilikate haben viele n\u00fctzliche Eigenschaften, die andere Alkalisalze nicht haben. Dies und die Tatsache, dass sie kosteng\u00fcnstig sind, f\u00fchren zu einem breiten Einsatzbereich in verschiedenen Branchen.<\/p>\n<h2>IDENTIFIZIERUNG VON NATRIUMSILIKAT<\/h2>\n<p><strong>Name:\u00a0<\/strong>Natriumsilikat<br \/>\n<strong>Synonyme:\u00a0<\/strong>Natriumsalz der Kiesels\u00e4ure<br \/>\n<strong>CAS: <\/strong>1344-09-8<br \/>\n<strong>EC:\u00a0<\/strong>215-687-4<\/p>\n<h2>TECHNISCHE EIGENSCHAFTEN<\/h2>\n<p><img loading=\"lazy\" decoding=\"async\" class=\"alignnone wp-image-38411 size-full\" src=\"https:\/\/www.alquera.com\/wp-content\/uploads\/2015\/03\/silicato-de-sodio_datos-tecnicos.png\" alt=\"DATOS TECNICOS SILICATO DE SODIO\" width=\"848\" height=\"192\" srcset=\"https:\/\/www.alquera.com\/wp-content\/uploads\/2015\/03\/silicato-de-sodio_datos-tecnicos.png 848w, https:\/\/www.alquera.com\/wp-content\/uploads\/2015\/03\/silicato-de-sodio_datos-tecnicos-300x68.png 300w, https:\/\/www.alquera.com\/wp-content\/uploads\/2015\/03\/silicato-de-sodio_datos-tecnicos-768x174.png 768w, https:\/\/www.alquera.com\/wp-content\/uploads\/2015\/03\/silicato-de-sodio_datos-tecnicos-600x136.png 600w\" sizes=\"auto, (max-width: 848px) 100vw, 848px\" \/><\/p>\n<ul>\n<li>Erscheinungsbild: fl\u00fcssig<\/li>\n<li>Farbe: Farblos oder leicht grau<\/li>\n<li>Geruch: Geruchlos<\/li>\n<li>pH-Wert in w\u00e4ssriger L\u00f6sung bei 1% (20\u00baC): 10,5<\/li>\n<li>Schmelzpunkt: &gt;300\u00b0C<\/li>\n<li>Siedepunkt: &gt;100\u00baC (100,8\u00baC)<\/li>\n<li>Entflammbarkeit (fest\/gasf\u00f6rmig): Nicht entflammbar<\/li>\n<li>Dichte (20\u00baC): 1,35 g\/cm3 (37,6 Be)<\/li>\n<li>L\u00f6slichkeit in Wasser (20\u00baC): L\u00f6slich. W\u00e4ssrige L\u00f6sung ist alkalisch.<\/li>\n<li>Selbstentz\u00fcndungstemperatur: Nicht brennbar<\/li>\n<li>Viskosit\u00e4t (20\u00baC): 80+\/- 20 mPa.s<\/li>\n<li>Explosive Eigenschaften: Nicht explosionsgef\u00e4hrlich<\/li>\n<li>Oxidierende Eigenschaften: Nicht oxidierend.<\/li>\n<\/ul>\n<h2>ANWENDUNGEN<\/h2>\n<ul>\n<li>Herstellung von l\u00f6slichem Silikat<\/li>\n<li>Rohstoff f\u00fcr die Herstellung von gef\u00e4llter Kiesels\u00e4ure, Kieselgel,...<\/li>\n<li>Keramische Materialien und\/oder Katalysatoren<\/li>\n<li>Detergenzien und Reinigungsmittel<\/li>\n<li>Klebstoffe und Bindemittel.<\/li>\n<li>Oberfl\u00e4chenbeschichtung: Anstriche.<\/li>\n<li>Keramik und Baumaterialien<\/li>\n<li>Zemente, feuerfeste Mischungen, Putze und M\u00f6rtel.<\/li>\n<li>Wasseraufbereitung<\/li>\n<li>Tunnel- und Bergwerksbau<\/li>\n<li>Zellstoff- und Papierherstellung.<\/li>\n<\/ul>\n<p>&nbsp;<\/p>\n<p>&nbsp;<\/p>\n<p>&nbsp;<\/p>\n<p>&nbsp;<\/p>\n<p>&nbsp;<\/p>\n<p>&nbsp;<\/p>\n<p>&nbsp;<\/p>\n<p>&nbsp;<\/p>\n<p>&nbsp;<\/p>","protected":false},"excerpt":{"rendered":"<p>Natriumsilikat in den Formaten 1L und 5L kaufen.  Der Preis f\u00fcr die verschiedenen Formate von Natriumsilikat ist ersichtlich, wenn Sie das gew\u00fcnschte Format ausw\u00e4hlen. Die Bestellung erfolgt direkt \u00fcber das Internet nach den angegebenen Schritten und wird innerhalb von 24\/48 Stunden geliefert.<\/p>","protected":false},"featured_media":8882,"comment_status":"open","ping_status":"closed","template":"","meta":{"_acf_changed":false,"site-sidebar-layout":"default","site-content-layout":"default","ast-site-content-layout":"default","site-content-style":"default","site-sidebar-style":"default","ast-global-header-display":"","ast-banner-title-visibility":"","ast-main-header-display":"","ast-hfb-above-header-display":"","ast-hfb-below-header-display":"","ast-hfb-mobile-header-display":"","site-post-title":"","ast-breadcrumbs-content":"","ast-featured-img":"","footer-sml-layout":"","ast-disable-related-posts":"","theme-transparent-header-meta":"default","adv-header-id-meta":"","stick-header-meta":"default","header-above-stick-meta":"","header-main-stick-meta":"","header-below-stick-meta":"","astra-migrate-meta-layouts":"set","ast-page-background-enabled":"default","ast-page-background-meta":{"desktop":{"background-color":"var(--ast-global-color-4)","background-image":"","background-repeat":"repeat","background-position":"center center","background-size":"auto","background-attachment":"scroll","background-type":"","background-media":"","overlay-type":"","overlay-color":"","overlay-opacity":"","overlay-gradient":""},"tablet":{"background-color":"","background-image":"","background-repeat":"repeat","background-position":"center center","background-size":"auto","background-attachment":"scroll","background-type":"","background-media":"","overlay-type":"","overlay-color":"","overlay-opacity":"","overlay-gradient":""},"mobile":{"background-color":"","background-image":"","background-repeat":"repeat","background-position":"center center","background-size":"auto","background-attachment":"scroll","background-type":"","background-media":"","overlay-type":"","overlay-color":"","overlay-opacity":"","overlay-gradient":""}},"ast-content-background-meta":{"desktop":{"background-color":"var(--ast-global-color-5)","background-image":"","background-repeat":"repeat","background-position":"center center","background-size":"auto","background-attachment":"scroll","background-type":"","background-media":"","overlay-type":"","overlay-color":"","overlay-opacity":"","overlay-gradient":""},"tablet":{"background-color":"var(--ast-global-color-5)","background-image":"","background-repeat":"repeat","background-position":"center center","background-size":"auto","background-attachment":"scroll","background-type":"","background-media":"","overlay-type":"","overlay-color":"","overlay-opacity":"","overlay-gradient":""},"mobile":{"background-color":"var(--ast-global-color-5)","background-image":"","background-repeat":"repeat","background-position":"center center","background-size":"auto","background-attachment":"scroll","background-type":"","background-media":"","overlay-type":"","overlay-color":"","overlay-opacity":"","overlay-gradient":""}}},"product_brand":[],"product_cat":[21],"product_tag":[],"class_list":{"0":"post-356","1":"product","2":"type-product","3":"status-publish","4":"has-post-thumbnail","6":"product_cat-productos","7":"pa_cantidad-1l","8":"pa_cantidad-5l","9":"pa_cantidad-25l-2","10":"desktop-align-left","11":"tablet-align-left","12":"mobile-align-left","13":"ast-product-gallery-layout-horizontal-slider","14":"ast-product-gallery-with-no-image","15":"ast-magnify-disabled","16":"ast-product-single-variable","17":"ast-product-tabs-layout-horizontal","18":"ast-qv-on-image","20":"first","21":"instock","22":"taxable","23":"shipping-taxable","24":"purchasable","25":"product-type-variable","26":"has-default-attributes"},"acf":[],"yoast_head":"<!-- This site is optimized with the Yoast SEO Premium plugin v27.1 (Yoast SEO v27.1.1) - https:\/\/yoast.com\/product\/yoast-seo-premium-wordpress\/ -->\n<title>Silicato de Sodio: Comprar Online - Alquera.com<\/title>\n<meta name=\"description\" content=\"ENV\u00cdOS EN 24\/48H. Comprar Silicato de Sodio. Su f\u00f3rmula qu\u00edmica es Na2Si3O7. Se utiliza en diferentes tipos de industrias.\" \/>\n<meta name=\"robots\" content=\"index, follow, max-snippet:-1, max-image-preview:large, max-video-preview:-1\" \/>\n<link rel=\"canonical\" href=\"https:\/\/www.alquera.com\/de\/silicato-de-sodio\/\" \/>\n<meta property=\"og:locale\" content=\"de_DE\" \/>\n<meta property=\"og:type\" content=\"article\" \/>\n<meta property=\"og:title\" content=\"Silicato de Sodio: Comprar Online - Alquera.com\" \/>\n<meta property=\"og:description\" content=\"ENV\u00cdOS EN 24\/48H. Comprar Silicato de Sodio. Su f\u00f3rmula qu\u00edmica es Na2Si3O7. Se utiliza en diferentes tipos de industrias.\" \/>\n<meta property=\"og:url\" content=\"https:\/\/www.alquera.com\/de\/silicato-de-sodio\/\" \/>\n<meta property=\"og:site_name\" content=\"Alquera.com\" \/>\n<meta property=\"article:publisher\" content=\"https:\/\/www.facebook.com\/alqueraciencia\" \/>\n<meta property=\"article:modified_time\" content=\"2026-05-15T10:52:06+00:00\" \/>\n<meta property=\"og:image\" content=\"https:\/\/www.alquera.com\/wp-content\/uploads\/2015\/03\/SILICATO-DE-SODIO-__.jpg\" \/>\n\t<meta property=\"og:image:width\" content=\"800\" \/>\n\t<meta property=\"og:image:height\" content=\"800\" \/>\n\t<meta property=\"og:image:type\" content=\"image\/jpeg\" \/>\n<meta name=\"twitter:card\" content=\"summary_large_image\" \/>\n<meta name=\"twitter:label1\" content=\"Verf\u00fcgbarkeit\" \/>\n\t<meta name=\"twitter:data1\" content=\"Auf Lager\" \/>\n<script type=\"application\/ld+json\" class=\"yoast-schema-graph\">{\"@context\":\"https:\/\/schema.org\",\"@graph\":[{\"@type\":[\"WebPage\",\"ItemPage\"],\"@id\":\"https:\/\/www.alquera.com\/silicato-de-sodio\/\",\"url\":\"https:\/\/www.alquera.com\/silicato-de-sodio\/\",\"name\":\"Silicato de Sodio: Comprar Online - Alquera.com\",\"isPartOf\":{\"@id\":\"https:\/\/www.alquera.com\/en\/#website\"},\"primaryImageOfPage\":{\"@id\":\"https:\/\/www.alquera.com\/silicato-de-sodio\/#primaryimage\"},\"image\":{\"@id\":\"https:\/\/www.alquera.com\/silicato-de-sodio\/#primaryimage\"},\"thumbnailUrl\":\"https:\/\/www.alquera.com\/wp-content\/uploads\/2015\/03\/SILICATO-DE-SODIO-__.jpg\",\"datePublished\":\"2015-03-27T17:25:19+00:00\",\"dateModified\":\"2026-05-15T10:52:06+00:00\",\"description\":\"ENV\u00cdOS EN 24\/48H. Comprar Silicato de Sodio. Su f\u00f3rmula qu\u00edmica es Na2Si3O7. Se utiliza en diferentes tipos de industrias.\",\"breadcrumb\":{\"@id\":\"https:\/\/www.alquera.com\/silicato-de-sodio\/#breadcrumb\"},\"inLanguage\":\"de\",\"potentialAction\":[{\"@type\":\"ReadAction\",\"target\":[\"https:\/\/www.alquera.com\/silicato-de-sodio\/\"]}]},{\"@type\":\"ImageObject\",\"inLanguage\":\"de\",\"@id\":\"https:\/\/www.alquera.com\/silicato-de-sodio\/#primaryimage\",\"url\":\"https:\/\/www.alquera.com\/wp-content\/uploads\/2015\/03\/SILICATO-DE-SODIO-__.jpg\",\"contentUrl\":\"https:\/\/www.alquera.com\/wp-content\/uploads\/2015\/03\/SILICATO-DE-SODIO-__.jpg\",\"width\":800,\"height\":800,\"caption\":\"Silicato de potasio\"},{\"@type\":\"BreadcrumbList\",\"@id\":\"https:\/\/www.alquera.com\/silicato-de-sodio\/#breadcrumb\",\"itemListElement\":[{\"@type\":\"ListItem\",\"position\":1,\"name\":\"Inicio\",\"item\":\"https:\/\/www.alquera.com\/\"},{\"@type\":\"ListItem\",\"position\":2,\"name\":\"Alquera.com: Tienda Online de Productos Qu\u00edmicos y Material de Laboratorio\",\"item\":\"https:\/\/www.alquera.com\/en\/tienda\/\"},{\"@type\":\"ListItem\",\"position\":3,\"name\":\"Silicato de Sodio\"}]},{\"@type\":\"WebSite\",\"@id\":\"https:\/\/www.alquera.com\/en\/#website\",\"url\":\"https:\/\/www.alquera.com\/en\/\",\"name\":\"Alquera.com\",\"description\":\"Tienda Online Productos Qu\u00edmicos y Material de Laboratorio\",\"publisher\":{\"@id\":\"https:\/\/www.alquera.com\/en\/#organization\"},\"potentialAction\":[{\"@type\":\"SearchAction\",\"target\":{\"@type\":\"EntryPoint\",\"urlTemplate\":\"https:\/\/www.alquera.com\/en\/?s={search_term_string}\"},\"query-input\":{\"@type\":\"PropertyValueSpecification\",\"valueRequired\":true,\"valueName\":\"search_term_string\"}}],\"inLanguage\":\"de\"},{\"@type\":\"Organization\",\"@id\":\"https:\/\/www.alquera.com\/en\/#organization\",\"name\":\"ALQUERA CIENCIA SL\",\"url\":\"https:\/\/www.alquera.com\/en\/\",\"logo\":{\"@type\":\"ImageObject\",\"inLanguage\":\"de\",\"@id\":\"https:\/\/www.alquera.com\/en\/#\/schema\/logo\/image\/\",\"url\":\"https:\/\/www.alquera.com\/wp-content\/uploads\/2020\/11\/logo_300_ancho.png\",\"contentUrl\":\"https:\/\/www.alquera.com\/wp-content\/uploads\/2020\/11\/logo_300_ancho.png\",\"width\":300,\"height\":86,\"caption\":\"ALQUERA CIENCIA SL\"},\"image\":{\"@id\":\"https:\/\/www.alquera.com\/en\/#\/schema\/logo\/image\/\"},\"sameAs\":[\"https:\/\/www.facebook.com\/alqueraciencia\",\"https:\/\/www.instagram.com\/alquera_ciencia\/\",\"https:\/\/www.youtube.com\/c\/alquera\"]}]}<\/script>\n<meta property=\"og:availability\" content=\"instock\" \/>\n<meta property=\"product:availability\" content=\"instock\" \/>\n<meta property=\"product:retailer_item_id\" content=\"AL100141\" \/>\n<meta property=\"product:condition\" content=\"new\" \/>\n<!-- \/ Yoast SEO Premium plugin. -->","yoast_head_json":{"title":"Natriumsilikat: Online kaufen - Alquera.com","description":"24\/48H VERSAND. Natriumsilikat kaufen. Seine chemische Formel lautet Na2Si3O7. Es wird in verschiedenen Industriezweigen eingesetzt.","robots":{"index":"index","follow":"follow","max-snippet":"max-snippet:-1","max-image-preview":"max-image-preview:large","max-video-preview":"max-video-preview:-1"},"canonical":"https:\/\/www.alquera.com\/de\/silicato-de-sodio\/","og_locale":"de_DE","og_type":"article","og_title":"Silicato de Sodio: Comprar Online - Alquera.com","og_description":"ENV\u00cdOS EN 24\/48H. Comprar Silicato de Sodio. Su f\u00f3rmula qu\u00edmica es Na2Si3O7. Se utiliza en diferentes tipos de industrias.","og_url":"https:\/\/www.alquera.com\/de\/silicato-de-sodio\/","og_site_name":"Alquera.com","article_publisher":"https:\/\/www.facebook.com\/alqueraciencia","article_modified_time":"2026-05-15T10:52:06+00:00","og_image":[{"width":800,"height":800,"url":"https:\/\/www.alquera.com\/wp-content\/uploads\/2015\/03\/SILICATO-DE-SODIO-__.jpg","type":"image\/jpeg"}],"twitter_card":"summary_large_image","twitter_misc":{"Verf\u00fcgbarkeit":"Auf Lager"},"schema":{"@context":"https:\/\/schema.org","@graph":[{"@type":["WebPage","ItemPage"],"@id":"https:\/\/www.alquera.com\/silicato-de-sodio\/","url":"https:\/\/www.alquera.com\/silicato-de-sodio\/","name":"Natriumsilikat: Online kaufen - Alquera.com","isPartOf":{"@id":"https:\/\/www.alquera.com\/en\/#website"},"primaryImageOfPage":{"@id":"https:\/\/www.alquera.com\/silicato-de-sodio\/#primaryimage"},"image":{"@id":"https:\/\/www.alquera.com\/silicato-de-sodio\/#primaryimage"},"thumbnailUrl":"https:\/\/www.alquera.com\/wp-content\/uploads\/2015\/03\/SILICATO-DE-SODIO-__.jpg","datePublished":"2015-03-27T17:25:19+00:00","dateModified":"2026-05-15T10:52:06+00:00","description":"24\/48H VERSAND. Natriumsilikat kaufen. Seine chemische Formel lautet Na2Si3O7. Es wird in verschiedenen Industriezweigen eingesetzt.","breadcrumb":{"@id":"https:\/\/www.alquera.com\/silicato-de-sodio\/#breadcrumb"},"inLanguage":"de","potentialAction":[{"@type":"ReadAction","target":["https:\/\/www.alquera.com\/silicato-de-sodio\/"]}]},{"@type":"ImageObject","inLanguage":"de","@id":"https:\/\/www.alquera.com\/silicato-de-sodio\/#primaryimage","url":"https:\/\/www.alquera.com\/wp-content\/uploads\/2015\/03\/SILICATO-DE-SODIO-__.jpg","contentUrl":"https:\/\/www.alquera.com\/wp-content\/uploads\/2015\/03\/SILICATO-DE-SODIO-__.jpg","width":800,"height":800,"caption":"Silicato de potasio"},{"@type":"BreadcrumbList","@id":"https:\/\/www.alquera.com\/silicato-de-sodio\/#breadcrumb","itemListElement":[{"@type":"ListItem","position":1,"name":"Inicio","item":"https:\/\/www.alquera.com\/"},{"@type":"ListItem","position":2,"name":"Alquera.com: Tienda Online de Productos Qu\u00edmicos y Material de Laboratorio","item":"https:\/\/www.alquera.com\/en\/tienda\/"},{"@type":"ListItem","position":3,"name":"Silicato de Sodio"}]},{"@type":"WebSite","@id":"https:\/\/www.alquera.com\/en\/#website","url":"https:\/\/www.alquera.com\/en\/","name":"Alquera.com","description":"Online Shop Chemische Produkte und Laborger\u00e4te","publisher":{"@id":"https:\/\/www.alquera.com\/en\/#organization"},"potentialAction":[{"@type":"SearchAction","target":{"@type":"EntryPoint","urlTemplate":"https:\/\/www.alquera.com\/en\/?s={search_term_string}"},"query-input":{"@type":"PropertyValueSpecification","valueRequired":true,"valueName":"search_term_string"}}],"inLanguage":"de"},{"@type":"Organization","@id":"https:\/\/www.alquera.com\/en\/#organization","name":"ALQUERA CIENCIA SL","url":"https:\/\/www.alquera.com\/en\/","logo":{"@type":"ImageObject","inLanguage":"de","@id":"https:\/\/www.alquera.com\/en\/#\/schema\/logo\/image\/","url":"https:\/\/www.alquera.com\/wp-content\/uploads\/2020\/11\/logo_300_ancho.png","contentUrl":"https:\/\/www.alquera.com\/wp-content\/uploads\/2020\/11\/logo_300_ancho.png","width":300,"height":86,"caption":"ALQUERA CIENCIA SL"},"image":{"@id":"https:\/\/www.alquera.com\/en\/#\/schema\/logo\/image\/"},"sameAs":["https:\/\/www.facebook.com\/alqueraciencia","https:\/\/www.instagram.com\/alquera_ciencia\/","https:\/\/www.youtube.com\/c\/alquera"]}]},"og_availability":"instock","product_availability":"instock","product_retailer_item_id":"AL100141","product_condition":"new"},"_links":{"self":[{"href":"https:\/\/www.alquera.com\/de\/wp-json\/wp\/v2\/product\/356","targetHints":{"allow":["GET"]}}],"collection":[{"href":"https:\/\/www.alquera.com\/de\/wp-json\/wp\/v2\/product"}],"about":[{"href":"https:\/\/www.alquera.com\/de\/wp-json\/wp\/v2\/types\/product"}],"replies":[{"embeddable":true,"href":"https:\/\/www.alquera.com\/de\/wp-json\/wp\/v2\/comments?post=356"}],"wp:featuredmedia":[{"embeddable":true,"href":"https:\/\/www.alquera.com\/de\/wp-json\/wp\/v2\/media\/8882"}],"wp:attachment":[{"href":"https:\/\/www.alquera.com\/de\/wp-json\/wp\/v2\/media?parent=356"}],"wp:term":[{"taxonomy":"product_brand","embeddable":true,"href":"https:\/\/www.alquera.com\/de\/wp-json\/wp\/v2\/product_brand?post=356"},{"taxonomy":"product_cat","embeddable":true,"href":"https:\/\/www.alquera.com\/de\/wp-json\/wp\/v2\/product_cat?post=356"},{"taxonomy":"product_tag","embeddable":true,"href":"https:\/\/www.alquera.com\/de\/wp-json\/wp\/v2\/product_tag?post=356"}],"curies":[{"name":"wp","href":"https:\/\/api.w.org\/{rel}","templated":true}]}}