{"id":35919,"date":"2021-11-14T11:56:02","date_gmt":"2021-11-14T11:56:02","guid":{"rendered":"https:\/\/www.alquera.com\/?post_type=product&#038;p=35919"},"modified":"2024-08-21T07:48:00","modified_gmt":"2024-08-21T07:48:00","slug":"tubos-de-ensayo-vidrio","status":"publish","type":"product","link":"https:\/\/www.alquera.com\/de\/tubos-de-ensayo-vidrio\/","title":{"rendered":"Neutrale Glasreagenzgl\u00e4ser"},"content":{"rendered":"<p>Neutrale Glasreagenzgl\u00e4ser. Hergestellt aus neutralem Glas LBG N. Ohne Rand. LBG N ist ein neutrales Borosilikatglas mit hoher chemischer Best\u00e4ndigkeit. Sein durchschnittlicher linearer Ausdehnungskoeffizient betr\u00e4gt 8,0-10-6 K-1. Es wird f\u00fcr Produkte verwendet, die nicht direkt erhitzt werden sollen, aber eine hohe mechanische Festigkeit aufweisen m\u00fcssen (M\u00f6rser, Exsikkatoren, Kitasate...) und<br \/>\nin einigen volumetrischen Materialien (z. B. Pipetten, B\u00fcretten...). In verschiedenen Gr\u00f6\u00dfen.<\/p>\n<table style=\"border-collapse: collapse; width: 419px; height: 285px;\" border=\"0\" width=\"320\" cellspacing=\"0\" cellpadding=\"0\">\n<tbody>\n<tr style=\"height: 20.5pt;\">\n<td class=\"xl64\" style=\"height: 20.5pt; width: 60pt;\" width=\"80\" height=\"27\"><span style=\"box-sizing: inherit;\">Kapazit\u00e4t<\/span><\/td>\n<td class=\"xl64\" style=\"width: 60pt;\" width=\"80\"><span style=\"box-sizing: inherit;\">Au\u00dfen-\u00d8(mm)<\/span><\/td>\n<td class=\"xl64\" style=\"width: 60pt;\" width=\"80\"><span style=\"box-sizing: inherit;\">l (mm)<\/span><\/td>\n<td class=\"xl64\" style=\"width: 60pt;\" width=\"80\"><span style=\"box-sizing: inherit;\">Dicke (mm)<\/span><\/td>\n<\/tr>\n<tr style=\"height: 15.0pt;\">\n<td class=\"xl63\" style=\"height: 15.0pt; width: 60pt; box-sizing: inherit; padding-bottom: 5px; padding-top: 5px;\" width=\"80\" height=\"20\" data-sort-value=\"10 ml\" data-label=\"capacidad\">10 ml<\/td>\n<td class=\"xl63\" style=\"width: 60pt; box-sizing: inherit; padding-bottom: 5px; padding-top: 5px;\" width=\"80\" data-sort-value=\"16\" data-label=\"\u00d8exterior(mm)\">16<\/td>\n<td class=\"xl63\" style=\"width: 60pt; box-sizing: inherit; padding-bottom: 5px; padding-top: 5px;\" width=\"80\" data-sort-value=\"100\" data-label=\"l (mm)\">100<\/td>\n<td class=\"xl63\" style=\"width: 60pt; box-sizing: inherit; padding-bottom: 5px; padding-top: 5px;\" width=\"80\" data-sort-value=\"1,0 - 1,2\" data-label=\"grosor (mm)\">1,0 &#8211; 1,2<\/td>\n<\/tr>\n<tr style=\"height: 15.0pt;\">\n<td class=\"xl63\" style=\"height: 15.0pt; width: 60pt; box-sizing: inherit; padding-bottom: 5px; padding-top: 5px;\" width=\"80\" height=\"20\" data-sort-value=\"19 ml\" data-label=\"capacidad\">19 ml<\/td>\n<td class=\"xl63\" style=\"width: 60pt; box-sizing: inherit; padding-bottom: 5px; padding-top: 5px;\" width=\"80\" data-sort-value=\"16\" data-label=\"\u00d8exterior(mm)\">16<\/td>\n<td class=\"xl63\" style=\"width: 60pt; box-sizing: inherit; padding-bottom: 5px; padding-top: 5px;\" width=\"80\" data-sort-value=\"150\" data-label=\"l (mm)\">150<\/td>\n<td class=\"xl63\" style=\"width: 60pt; box-sizing: inherit; padding-bottom: 5px; padding-top: 5px;\" width=\"80\" data-sort-value=\"1,0 - 1,2\" data-label=\"grosor (mm)\">1,0 &#8211; 1,2<\/td>\n<\/tr>\n<tr style=\"height: 14.5pt;\">\n<td class=\"xl63\" style=\"height: 14.5pt; width: 60pt; box-sizing: inherit; padding-bottom: 5px; padding-top: 5px;\" width=\"80\" height=\"19\" data-sort-value=\"43 ml\" data-label=\"capacidad\">43 ml<\/td>\n<td class=\"xl63\" style=\"width: 60pt; box-sizing: inherit; padding-bottom: 5px; padding-top: 5px;\" width=\"80\" data-sort-value=\"20\" data-label=\"\u00d8exterior(mm)\">20<\/td>\n<td class=\"xl63\" style=\"width: 60pt; box-sizing: inherit; padding-bottom: 5px; padding-top: 5px;\" width=\"80\" data-sort-value=\"200\" data-label=\"l (mm)\">200<\/td>\n<td class=\"xl63\" style=\"width: 60pt; box-sizing: inherit; padding-bottom: 5px; padding-top: 5px;\" width=\"80\" data-sort-value=\"1,0 - 1,2\" data-label=\"grosor (mm)\">1,0 &#8211; 1,2<\/td>\n<\/tr>\n<\/tbody>\n<\/table>","protected":false},"excerpt":{"rendered":"<p>Kaufen Sie neutrale Glasreagenzgl\u00e4ser. Hergestellt aus neutralem Glas LBG N. Ohne Rand. LBG N ist ein neutrales Borosilikatglas mit hoher chemischer Best\u00e4ndigkeit. Sein durchschnittlicher linearer Ausdehnungskoeffizient betr\u00e4gt 8,0-10-6 K-1. Es wird f\u00fcr Produkte verwendet, die nicht direkt erhitzt werden sollen, aber eine hohe mechanische Festigkeit aufweisen m\u00fcssen. Wenn Sie das Reagenzglas der Temperatur aussetzen m\u00fcssen, siehe Reagenzgl\u00e4ser aus Borosilikatglas.<\/p>","protected":false},"featured_media":35920,"comment_status":"open","ping_status":"closed","template":"","meta":{"_acf_changed":false,"site-sidebar-layout":"default","site-content-layout":"default","ast-site-content-layout":"default","site-content-style":"default","site-sidebar-style":"default","ast-global-header-display":"","ast-banner-title-visibility":"","ast-main-header-display":"","ast-hfb-above-header-display":"","ast-hfb-below-header-display":"","ast-hfb-mobile-header-display":"","site-post-title":"","ast-breadcrumbs-content":"","ast-featured-img":"","footer-sml-layout":"","ast-disable-related-posts":"","theme-transparent-header-meta":"default","adv-header-id-meta":"","stick-header-meta":"default","header-above-stick-meta":"","header-main-stick-meta":"","header-below-stick-meta":"","astra-migrate-meta-layouts":"default","ast-page-background-enabled":"default","ast-page-background-meta":{"desktop":{"background-color":"var(--ast-global-color-4)","background-image":"","background-repeat":"repeat","background-position":"center center","background-size":"auto","background-attachment":"scroll","background-type":"","background-media":"","overlay-type":"","overlay-color":"","overlay-opacity":"","overlay-gradient":""},"tablet":{"background-color":"","background-image":"","background-repeat":"repeat","background-position":"center center","background-size":"auto","background-attachment":"scroll","background-type":"","background-media":"","overlay-type":"","overlay-color":"","overlay-opacity":"","overlay-gradient":""},"mobile":{"background-color":"","background-image":"","background-repeat":"repeat","background-position":"center center","background-size":"auto","background-attachment":"scroll","background-type":"","background-media":"","overlay-type":"","overlay-color":"","overlay-opacity":"","overlay-gradient":""}},"ast-content-background-meta":{"desktop":{"background-color":"var(--ast-global-color-5)","background-image":"","background-repeat":"repeat","background-position":"center center","background-size":"auto","background-attachment":"scroll","background-type":"","background-media":"","overlay-type":"","overlay-color":"","overlay-opacity":"","overlay-gradient":""},"tablet":{"background-color":"var(--ast-global-color-5)","background-image":"","background-repeat":"repeat","background-position":"center center","background-size":"auto","background-attachment":"scroll","background-type":"","background-media":"","overlay-type":"","overlay-color":"","overlay-opacity":"","overlay-gradient":""},"mobile":{"background-color":"var(--ast-global-color-5)","background-image":"","background-repeat":"repeat","background-position":"center center","background-size":"auto","background-attachment":"scroll","background-type":"","background-media":"","overlay-type":"","overlay-color":"","overlay-opacity":"","overlay-gradient":""}}},"product_brand":[],"product_cat":[26],"product_tag":[],"class_list":{"0":"post-35919","1":"product","2":"type-product","3":"status-publish","4":"has-post-thumbnail","6":"product_cat-material-de-laboratorio","7":"pa_unidades-297","8":"pa_unidades-295","9":"desktop-align-left","10":"tablet-align-left","11":"mobile-align-left","12":"ast-product-gallery-layout-horizontal-slider","13":"ast-product-gallery-with-no-image","14":"ast-magnify-disabled","15":"ast-product-single-variable","16":"ast-product-tabs-layout-horizontal","17":"ast-qv-on-image","19":"first","20":"instock","21":"taxable","22":"shipping-taxable","23":"purchasable","24":"product-type-variable"},"acf":[],"yoast_head":"<!-- This site is optimized with the Yoast SEO Premium plugin v27.1 (Yoast SEO v27.1.1) - https:\/\/yoast.com\/product\/yoast-seo-premium-wordpress\/ -->\n<title>Tubos de Ensayo Vidrio Neutro: Comprar Online - Alquera.com<\/title>\n<meta name=\"description\" content=\"ENV\u00cdOS EN 24\/48H - Tubos de ensayo de vidrio neutro para laboratorio. En diferentes medidas. Material de uso general en laboratorio\" \/>\n<meta name=\"robots\" content=\"index, follow, max-snippet:-1, max-image-preview:large, max-video-preview:-1\" \/>\n<link rel=\"canonical\" href=\"https:\/\/www.alquera.com\/de\/tubos-de-ensayo-vidrio\/\" \/>\n<meta property=\"og:locale\" content=\"de_DE\" \/>\n<meta property=\"og:type\" content=\"article\" \/>\n<meta property=\"og:title\" content=\"Tubos de Ensayo Vidrio Neutro: Comprar Online - Alquera.com\" \/>\n<meta property=\"og:description\" content=\"ENV\u00cdOS EN 24\/48H - Tubos de ensayo de vidrio neutro para laboratorio. En diferentes medidas. Material de uso general en laboratorio\" \/>\n<meta property=\"og:url\" content=\"https:\/\/www.alquera.com\/de\/tubos-de-ensayo-vidrio\/\" \/>\n<meta property=\"og:site_name\" content=\"Alquera.com\" \/>\n<meta property=\"article:publisher\" content=\"https:\/\/www.facebook.com\/alqueraciencia\" \/>\n<meta property=\"article:modified_time\" content=\"2024-08-21T07:48:00+00:00\" \/>\n<meta property=\"og:image\" content=\"https:\/\/www.alquera.com\/wp-content\/uploads\/2021\/11\/TUBOS-ENSAYO-VIDRIO-NEUTRO.png\" \/>\n\t<meta property=\"og:image:width\" content=\"600\" \/>\n\t<meta property=\"og:image:height\" content=\"600\" \/>\n\t<meta property=\"og:image:type\" content=\"image\/png\" \/>\n<meta name=\"twitter:card\" content=\"summary_large_image\" \/>\n<meta name=\"twitter:label1\" content=\"Verf\u00fcgbarkeit\" \/>\n\t<meta name=\"twitter:data1\" content=\"Auf Lager\" \/>\n<script type=\"application\/ld+json\" class=\"yoast-schema-graph\">{\"@context\":\"https:\/\/schema.org\",\"@graph\":[{\"@type\":[\"WebPage\",\"ItemPage\"],\"@id\":\"https:\/\/www.alquera.com\/tubos-de-ensayo-vidrio\/\",\"url\":\"https:\/\/www.alquera.com\/tubos-de-ensayo-vidrio\/\",\"name\":\"Tubos de Ensayo Vidrio Neutro: Comprar Online - Alquera.com\",\"isPartOf\":{\"@id\":\"https:\/\/www.alquera.com\/en\/#website\"},\"primaryImageOfPage\":{\"@id\":\"https:\/\/www.alquera.com\/tubos-de-ensayo-vidrio\/#primaryimage\"},\"image\":{\"@id\":\"https:\/\/www.alquera.com\/tubos-de-ensayo-vidrio\/#primaryimage\"},\"thumbnailUrl\":\"https:\/\/www.alquera.com\/wp-content\/uploads\/2021\/11\/TUBOS-ENSAYO-VIDRIO-NEUTRO.png\",\"datePublished\":\"2021-11-14T11:56:02+00:00\",\"dateModified\":\"2024-08-21T07:48:00+00:00\",\"description\":\"ENV\u00cdOS EN 24\/48H - Tubos de ensayo de vidrio neutro para laboratorio. En diferentes medidas. Material de uso general en laboratorio\",\"breadcrumb\":{\"@id\":\"https:\/\/www.alquera.com\/tubos-de-ensayo-vidrio\/#breadcrumb\"},\"inLanguage\":\"de\",\"potentialAction\":[{\"@type\":\"ReadAction\",\"target\":[\"https:\/\/www.alquera.com\/tubos-de-ensayo-vidrio\/\"]}]},{\"@type\":\"ImageObject\",\"inLanguage\":\"de\",\"@id\":\"https:\/\/www.alquera.com\/tubos-de-ensayo-vidrio\/#primaryimage\",\"url\":\"https:\/\/www.alquera.com\/wp-content\/uploads\/2021\/11\/TUBOS-ENSAYO-VIDRIO-NEUTRO.png\",\"contentUrl\":\"https:\/\/www.alquera.com\/wp-content\/uploads\/2021\/11\/TUBOS-ENSAYO-VIDRIO-NEUTRO.png\",\"width\":600,\"height\":600,\"caption\":\"TUBOS DE ENSAYO VIDRIO NEUTRO\"},{\"@type\":\"BreadcrumbList\",\"@id\":\"https:\/\/www.alquera.com\/tubos-de-ensayo-vidrio\/#breadcrumb\",\"itemListElement\":[{\"@type\":\"ListItem\",\"position\":1,\"name\":\"Inicio\",\"item\":\"https:\/\/www.alquera.com\/\"},{\"@type\":\"ListItem\",\"position\":2,\"name\":\"Alquera.com: Tienda Online de Productos Qu\u00edmicos y Material de Laboratorio\",\"item\":\"https:\/\/www.alquera.com\/en\/tienda\/\"},{\"@type\":\"ListItem\",\"position\":3,\"name\":\"Tubos de Ensayo Vidrio Neutro\"}]},{\"@type\":\"WebSite\",\"@id\":\"https:\/\/www.alquera.com\/en\/#website\",\"url\":\"https:\/\/www.alquera.com\/en\/\",\"name\":\"Alquera.com\",\"description\":\"Tienda Online Productos Qu\u00edmicos y Material de Laboratorio\",\"publisher\":{\"@id\":\"https:\/\/www.alquera.com\/en\/#organization\"},\"potentialAction\":[{\"@type\":\"SearchAction\",\"target\":{\"@type\":\"EntryPoint\",\"urlTemplate\":\"https:\/\/www.alquera.com\/en\/?s={search_term_string}\"},\"query-input\":{\"@type\":\"PropertyValueSpecification\",\"valueRequired\":true,\"valueName\":\"search_term_string\"}}],\"inLanguage\":\"de\"},{\"@type\":\"Organization\",\"@id\":\"https:\/\/www.alquera.com\/en\/#organization\",\"name\":\"ALQUERA CIENCIA SL\",\"url\":\"https:\/\/www.alquera.com\/en\/\",\"logo\":{\"@type\":\"ImageObject\",\"inLanguage\":\"de\",\"@id\":\"https:\/\/www.alquera.com\/en\/#\/schema\/logo\/image\/\",\"url\":\"https:\/\/www.alquera.com\/wp-content\/uploads\/2020\/11\/logo_300_ancho.png\",\"contentUrl\":\"https:\/\/www.alquera.com\/wp-content\/uploads\/2020\/11\/logo_300_ancho.png\",\"width\":300,\"height\":86,\"caption\":\"ALQUERA CIENCIA SL\"},\"image\":{\"@id\":\"https:\/\/www.alquera.com\/en\/#\/schema\/logo\/image\/\"},\"sameAs\":[\"https:\/\/www.facebook.com\/alqueraciencia\",\"https:\/\/www.instagram.com\/alquera_ciencia\/\",\"https:\/\/www.youtube.com\/c\/alquera\"]}]}<\/script>\n<meta property=\"og:availability\" content=\"instock\" \/>\n<meta property=\"product:availability\" content=\"instock\" \/>\n<meta property=\"product:condition\" content=\"new\" \/>\n<!-- \/ Yoast SEO Premium plugin. -->","yoast_head_json":{"title":"Neutrale Glasreagenzgl\u00e4ser: Online kaufen - Alquera.com","description":"VERSAND IN 24\/48H - Neutrale Glasreagenzgl\u00e4ser f\u00fcr den Laborgebrauch. In verschiedenen Gr\u00f6\u00dfen. Material f\u00fcr allgemeine Laborzwecke","robots":{"index":"index","follow":"follow","max-snippet":"max-snippet:-1","max-image-preview":"max-image-preview:large","max-video-preview":"max-video-preview:-1"},"canonical":"https:\/\/www.alquera.com\/de\/tubos-de-ensayo-vidrio\/","og_locale":"de_DE","og_type":"article","og_title":"Tubos de Ensayo Vidrio Neutro: Comprar Online - Alquera.com","og_description":"ENV\u00cdOS EN 24\/48H - Tubos de ensayo de vidrio neutro para laboratorio. En diferentes medidas. Material de uso general en laboratorio","og_url":"https:\/\/www.alquera.com\/de\/tubos-de-ensayo-vidrio\/","og_site_name":"Alquera.com","article_publisher":"https:\/\/www.facebook.com\/alqueraciencia","article_modified_time":"2024-08-21T07:48:00+00:00","og_image":[{"width":600,"height":600,"url":"https:\/\/www.alquera.com\/wp-content\/uploads\/2021\/11\/TUBOS-ENSAYO-VIDRIO-NEUTRO.png","type":"image\/png"}],"twitter_card":"summary_large_image","twitter_misc":{"Verf\u00fcgbarkeit":"Auf Lager"},"schema":{"@context":"https:\/\/schema.org","@graph":[{"@type":["WebPage","ItemPage"],"@id":"https:\/\/www.alquera.com\/tubos-de-ensayo-vidrio\/","url":"https:\/\/www.alquera.com\/tubos-de-ensayo-vidrio\/","name":"Neutrale Glasreagenzgl\u00e4ser: Online kaufen - Alquera.com","isPartOf":{"@id":"https:\/\/www.alquera.com\/en\/#website"},"primaryImageOfPage":{"@id":"https:\/\/www.alquera.com\/tubos-de-ensayo-vidrio\/#primaryimage"},"image":{"@id":"https:\/\/www.alquera.com\/tubos-de-ensayo-vidrio\/#primaryimage"},"thumbnailUrl":"https:\/\/www.alquera.com\/wp-content\/uploads\/2021\/11\/TUBOS-ENSAYO-VIDRIO-NEUTRO.png","datePublished":"2021-11-14T11:56:02+00:00","dateModified":"2024-08-21T07:48:00+00:00","description":"VERSAND IN 24\/48H - Neutrale Glasreagenzgl\u00e4ser f\u00fcr den Laborgebrauch. In verschiedenen Gr\u00f6\u00dfen. Material f\u00fcr allgemeine Laborzwecke","breadcrumb":{"@id":"https:\/\/www.alquera.com\/tubos-de-ensayo-vidrio\/#breadcrumb"},"inLanguage":"de","potentialAction":[{"@type":"ReadAction","target":["https:\/\/www.alquera.com\/tubos-de-ensayo-vidrio\/"]}]},{"@type":"ImageObject","inLanguage":"de","@id":"https:\/\/www.alquera.com\/tubos-de-ensayo-vidrio\/#primaryimage","url":"https:\/\/www.alquera.com\/wp-content\/uploads\/2021\/11\/TUBOS-ENSAYO-VIDRIO-NEUTRO.png","contentUrl":"https:\/\/www.alquera.com\/wp-content\/uploads\/2021\/11\/TUBOS-ENSAYO-VIDRIO-NEUTRO.png","width":600,"height":600,"caption":"TUBOS DE ENSAYO VIDRIO NEUTRO"},{"@type":"BreadcrumbList","@id":"https:\/\/www.alquera.com\/tubos-de-ensayo-vidrio\/#breadcrumb","itemListElement":[{"@type":"ListItem","position":1,"name":"Inicio","item":"https:\/\/www.alquera.com\/"},{"@type":"ListItem","position":2,"name":"Alquera.com: Tienda Online de Productos Qu\u00edmicos y Material de Laboratorio","item":"https:\/\/www.alquera.com\/en\/tienda\/"},{"@type":"ListItem","position":3,"name":"Tubos de Ensayo Vidrio Neutro"}]},{"@type":"WebSite","@id":"https:\/\/www.alquera.com\/en\/#website","url":"https:\/\/www.alquera.com\/en\/","name":"Alquera.com","description":"Online Shop Chemische Produkte und Laborger\u00e4te","publisher":{"@id":"https:\/\/www.alquera.com\/en\/#organization"},"potentialAction":[{"@type":"SearchAction","target":{"@type":"EntryPoint","urlTemplate":"https:\/\/www.alquera.com\/en\/?s={search_term_string}"},"query-input":{"@type":"PropertyValueSpecification","valueRequired":true,"valueName":"search_term_string"}}],"inLanguage":"de"},{"@type":"Organization","@id":"https:\/\/www.alquera.com\/en\/#organization","name":"ALQUERA CIENCIA SL","url":"https:\/\/www.alquera.com\/en\/","logo":{"@type":"ImageObject","inLanguage":"de","@id":"https:\/\/www.alquera.com\/en\/#\/schema\/logo\/image\/","url":"https:\/\/www.alquera.com\/wp-content\/uploads\/2020\/11\/logo_300_ancho.png","contentUrl":"https:\/\/www.alquera.com\/wp-content\/uploads\/2020\/11\/logo_300_ancho.png","width":300,"height":86,"caption":"ALQUERA CIENCIA SL"},"image":{"@id":"https:\/\/www.alquera.com\/en\/#\/schema\/logo\/image\/"},"sameAs":["https:\/\/www.facebook.com\/alqueraciencia","https:\/\/www.instagram.com\/alquera_ciencia\/","https:\/\/www.youtube.com\/c\/alquera"]}]},"og_availability":"instock","product_availability":"instock","product_condition":"new"},"_links":{"self":[{"href":"https:\/\/www.alquera.com\/de\/wp-json\/wp\/v2\/product\/35919","targetHints":{"allow":["GET"]}}],"collection":[{"href":"https:\/\/www.alquera.com\/de\/wp-json\/wp\/v2\/product"}],"about":[{"href":"https:\/\/www.alquera.com\/de\/wp-json\/wp\/v2\/types\/product"}],"replies":[{"embeddable":true,"href":"https:\/\/www.alquera.com\/de\/wp-json\/wp\/v2\/comments?post=35919"}],"wp:featuredmedia":[{"embeddable":true,"href":"https:\/\/www.alquera.com\/de\/wp-json\/wp\/v2\/media\/35920"}],"wp:attachment":[{"href":"https:\/\/www.alquera.com\/de\/wp-json\/wp\/v2\/media?parent=35919"}],"wp:term":[{"taxonomy":"product_brand","embeddable":true,"href":"https:\/\/www.alquera.com\/de\/wp-json\/wp\/v2\/product_brand?post=35919"},{"taxonomy":"product_cat","embeddable":true,"href":"https:\/\/www.alquera.com\/de\/wp-json\/wp\/v2\/product_cat?post=35919"},{"taxonomy":"product_tag","embeddable":true,"href":"https:\/\/www.alquera.com\/de\/wp-json\/wp\/v2\/product_tag?post=35919"}],"curies":[{"name":"wp","href":"https:\/\/api.w.org\/{rel}","templated":true}]}}